{"id":17826,"date":"1970-01-01T00:00:00","date_gmt":"1970-01-01T00:00:00","guid":{"rendered":"https:\/\/elfsight.com\/de\/?page_id=17826"},"modified":"2025-02-13T10:20:37","modified_gmt":"2025-02-13T10:20:37","slug":"joomla","status":"publish","type":"page","link":"https:\/\/elfsight.com\/de\/social-media-share-buttons\/joomla\/","title":{"rendered":"Social Share Buttons &#8211; Joomla"},"content":{"rendered":"\n<div class=\"application-platform-content-item-description application-platform-content-item\" id=\"description\" data-nav-section=\"description\"><h2>Beschreibung<\/h2><p>Eine praktische Share-Erweiterung f\u00fcr alle Websites, die es Ihren Benutzern erm\u00f6glicht, Artikel in allen sozialen Netzwerken erneut zu ver\u00f6ffentlichen. Beginnen Sie mit der Werbung f\u00fcr Ihre Marke in sozialen Netzwerken und erreichen Sie noch mehr Follower und Leser mit effektiven Ver\u00f6ffentlichungen auf Ihrer pers\u00f6nlichen Website.<\/p><p><b>Erhalten Sie mehr Traffic und Abonnenten aus sozialen Medien!<\/b><\/p><ul><li><b>Maximale Werbung f\u00fcr Ver\u00f6ffentlichungen und Artikel in sozialen Netzwerken<\/b>.<br>Mit einer praktischen Benutzeroberfl\u00e4che und Funktionen werden Ihre Inhalte mit nur einem Klick in allen sozialen Netzwerken ohne Grenzen wirkungsvoll beworben. <\/li><li><b>F\u00f6rdern Sie ansprechende Inhalte f\u00fcr ein breiteres Publikum<\/b>.<br>Geben Sie Ihren Nutzern die M\u00f6glichkeit, die genehmigten Inhalte einfach und sofort zu teilen, um ein gr\u00f6\u00dferes Publikum zu erreichen.<\/li><li> <b>Verbessern Sie den Traffic auf Ihrer Website<\/b>.<br>Bringen Sie neue Besucher auf Ihre Website, indem Sie in sozialen Medien aktiv sind, und erh\u00f6hen Sie Ihre Klickrate.<\/li><li><b>Erh\u00f6hen Sie die Anzahl der Abonnenten auf sozialen Plattformen<\/b>.<br>Ver\u00f6ffentlichen Sie hochwertige Inhalte? Lassen Sie die Leser selbst daf\u00fcr werben und ver\u00f6ffentlichen Sie ganz einfach Ver\u00f6ffentlichungen f\u00fcr ihre Freunde und Follower.<\/li><\/ul><\/div><div class=\"application-platform-content-item-features application-platform-content-item\" id=\"features\" data-nav-section=\"features\"><h2>Funktionen<\/h2><p>Was unsere Schaltfl\u00e4chen ausmacht die beste unter den Joomla-Share-Erweiterungen? \u00dcberpr\u00fcfen Sie die wichtigsten Punkte:<\/p><ul><li>Platzieren Sie eine unbegrenzte Anzahl von Schaltfl\u00e4chen;<\/li><li>Anpassbare Zwischenraumgr\u00f6\u00dfe;<\/li><li>Legen Sie die anzuzeigenden Schaltfl\u00e4chenelemente fest;<\/li> <li>4 vordefinierte Schaltfl\u00e4chenstile;<\/li><li>Kostenloser Installationsservice.<\/li><\/ul><p><a href=\"#demo\">Weitere Funktionen sind in einem kostenlosen Editor verf\u00fcgbar<\/a> <\/p><\/div><div class=\"application-platform-content-item-installation application-platform-content-item\" id=\"installation\" data-nav-section=\"installation\"><h2>So f\u00fcgen Sie Share-Buttons zu Joomla hinzu<\/h2><div class=\"video-container\"><iframe width=\"560\" height=\"315\" src=\"https:\/\/www.youtube.com\/embed\/Qm0jSaxlb5g?si=O70efK9pu1WDaX5M\" frameborder=\"0\" allow=\"accelerometer; autoplay; clipboard-write; encrypted-media; gyroscope; picture-in-picture; web-share\" allowfullscreen><\/iframe><\/div><p>Befolgen Sie einfach die unten beschriebenen Schritte, um das Tool zu aktivieren auf Joomla.<\/p> <ol><li><b>Starten Sie unseren kostenlosen Editor und beginnen Sie mit der Erstellung Ihrer ma\u00dfgeschneiderten Social Share Buttons-Erweiterung. <\/b><br> Finden Sie die benutzerdefinierte Schnittstelle und die Eigenschaften der Erweiterung und wenden Sie die Korrekturen an. <\/li> <li><b>Lassen Sie sich Ihren pers\u00f6nlichen Code im Fenster von Elfsight Apps anzeigen. <\/b><br> Nachdem die Erstellung Ihres Tools abgeschlossen ist, kopieren Sie den exklusiven Code im erscheinenden Fenster und speichern Sie ihn zur sp\u00e4teren Verwendung. <\/li> <li><b>Beginnen Sie mit der Nutzung der Erweiterung auf Ihrer Joomla-Site. <\/b><br> Betten Sie den Code, den Sie zuvor gespeichert haben, in Ihre Website ein und \u00fcbernehmen Sie die \u00c4nderungen. <\/li> <li><b>Das Setup ist vollst\u00e4ndig beendet. <\/b><br> Gehen Sie auf Ihre Seite, um die Funktion der Erweiterung zu \u00fcberpr\u00fcfen. <\/li><\/ol><p>Ben\u00f6tigen Sie Hilfe beim Hinzuf\u00fcgen oder Erstellen der Erweiterung? Das Team von Elfsight steht Ihnen mit Rat und Tat zur Seite und schl\u00e4gt Ihnen eine L\u00f6sung vor! Sie k\u00f6nnen auch versuchen, die Frage selbst zu beantworten, indem Sie unser vollst\u00e4ndiges Tutorial &#8222;<a href=\"https:\/\/elfsight.com\/tutorials\/how-to-add-social-share-buttons-to-joomla-website\/\" target rel=\"noopener noreferrer\">So platzieren Sie Share-Buttons auf der Joomla-Site<\/a>&#8222;.<\/p><\/div><div class=\"faq\" data-component=\"FAQ\"><div class=\"faq-item\">\r\n\t\t\t\t\t<div class=\"faq-item-question\">\r\n\t\t\t\t\t\t<h3 class=\"faq-item-question-text\">Gibt es eine Option zum Einbetten von Social Share Buttons in meine Joomla-Website ohne Programmierkenntnisse?<\/h3>\r\n\r\n\t\t\t\t\t\t<div class=\"faq-item-question-icon\"><\/div>\r\n\t\t\t\t\t<\/div>\r\n\r\n\t\t\t\t\t<div class=\"faq-item-answer\">\r\n\t\t\t\t\t\t<div class=\"faq-item-answer-text\"><p>Das Unternehmen Elfsight bietet eine Cloud-L\u00f6sung an, mit der Sie selbst ein Social Share Buttons-Widget erstellen k\u00f6nnen. Sehen Sie sich die einfachen Schritte an: <\/p> <ul><li>Arbeiten Sie in der Online-Demo daran, einen Abschnitt mit Social-Share-Buttons zu erstellen, der auf Ihrer Joomla-Website angezeigt werden soll.<\/li><li>W\u00e4hlen Sie eine der vorgefertigten Vorlagen aus und passen Sie die Einstellungen f\u00fcr Social-Share-Buttons an. Aktualisieren Sie Ihre Inhalte, \u00e4ndern Sie das Layout und die Farbe der Elemente ohne Programmierkenntnisse.<\/li><li>Klicken Sie, um die Social Share Buttons zu speichern und den Widget-Code zur Installation zu erhalten, den Sie problemlos und kostenlos in Ihre Joomla-Homepage einbetten k\u00f6nnen .<\/li><\/ul><p>Mit unserem benutzerfreundlichen Konfigurator kann jeder Webbenutzer Social-Share-Buttons online erstellen und in jede Joomla-Homepage einbinden. F\u00fcr den Zugriff auf den Elfsight-Service ist es nicht erforderlich, zu bezahlen oder Ihre Kartendaten einzureichen. Wenn Sie auf Probleme jeglicher Art sto\u00dfen, wenden Sie sich bitte an unseren Kundensupport.<\/p><\/div>\r\n\t\t\t\t\t<\/div>\r\n\t\t\t\t<\/div><\/div>\n","protected":false},"excerpt":{"rendered":"","protected":false},"author":9,"featured_media":0,"parent":983,"menu_order":0,"comment_status":"closed","ping_status":"closed","template":"templates\/template-application-platform.php","meta":{"publish_to_discourse":"","publish_post_category":"","wpdc_auto_publish_overridden":"","wpdc_topic_tags":"","wpdc_pin_topic":"","wpdc_pin_until":"","discourse_post_id":"","discourse_permalink":"","wpdc_publishing_response":"","wpdc_publishing_error":"","footnotes":""},"class_list":["post-17826","page","type-page","status-publish","hentry"],"yoast_head":"<!-- This site is optimized with the Yoast SEO plugin v25.3.1 - https:\/\/yoast.com\/wordpress\/plugins\/seo\/ -->\n<title>Social-Share-Buttons \u2013 F\u00fcgen Sie Share-Buttons zur Joomla-Website hinzu<\/title>\n<meta name=\"description\" content=\"Zeigen Sie in nur wenigen Minuten Social-Share-Buttons auf Ihrer Joomla-Site an. Schnelle und einfache Erstellung beliebiger Website-Erweiterungen durch Elfsight.\" \/>\n<meta name=\"robots\" content=\"index, follow, max-snippet:-1, max-image-preview:large, max-video-preview:-1\" \/>\n<link rel=\"canonical\" href=\"https:\/\/elfsight.com\/de\/social-media-share-buttons\/joomla\/\" \/>\n<meta property=\"og:locale\" content=\"de_DE\" \/>\n<meta property=\"og:type\" content=\"article\" \/>\n<meta property=\"og:title\" content=\"Social-Share-Buttons \u2013 F\u00fcgen Sie Share-Buttons zur Joomla-Website hinzu\" \/>\n<meta property=\"og:description\" content=\"Zeigen Sie in nur wenigen Minuten Social-Share-Buttons auf Ihrer Joomla-Site an. Schnelle und einfache Erstellung beliebiger Website-Erweiterungen durch Elfsight.\" \/>\n<meta property=\"og:url\" content=\"https:\/\/elfsight.com\/de\/social-media-share-buttons\/joomla\/\" \/>\n<meta property=\"og:site_name\" content=\"Elfsight DE\" \/>\n<meta property=\"article:modified_time\" content=\"2025-02-13T10:20:37+00:00\" \/>\n<meta name=\"twitter:card\" content=\"summary_large_image\" \/>\n<meta name=\"twitter:label1\" content=\"Gesch\u00e4tzte Lesezeit\" \/>\n\t<meta name=\"twitter:data1\" content=\"4\u00a0Minuten\" \/>\n<!-- \/ Yoast SEO plugin. -->","yoast_head_json":{"title":"Social-Share-Buttons \u2013 F\u00fcgen Sie Share-Buttons zur Joomla-Website hinzu","description":"Zeigen Sie in nur wenigen Minuten Social-Share-Buttons auf Ihrer Joomla-Site an. Schnelle und einfache Erstellung beliebiger Website-Erweiterungen durch Elfsight.","robots":{"index":"index","follow":"follow","max-snippet":"max-snippet:-1","max-image-preview":"max-image-preview:large","max-video-preview":"max-video-preview:-1"},"canonical":"https:\/\/elfsight.com\/de\/social-media-share-buttons\/joomla\/","og_locale":"de_DE","og_type":"article","og_title":"Social-Share-Buttons \u2013 F\u00fcgen Sie Share-Buttons zur Joomla-Website hinzu","og_description":"Zeigen Sie in nur wenigen Minuten Social-Share-Buttons auf Ihrer Joomla-Site an. Schnelle und einfache Erstellung beliebiger Website-Erweiterungen durch Elfsight.","og_url":"https:\/\/elfsight.com\/de\/social-media-share-buttons\/joomla\/","og_site_name":"Elfsight DE","article_modified_time":"2025-02-13T10:20:37+00:00","twitter_card":"summary_large_image","twitter_misc":{"Gesch\u00e4tzte Lesezeit":"4\u00a0Minuten"},"schema":{"@context":"https:\/\/schema.org","@graph":[{"@type":"WebPage","@id":"https:\/\/elfsight.com\/de\/social-media-share-buttons\/joomla\/","url":"https:\/\/elfsight.com\/de\/social-media-share-buttons\/joomla\/","name":"Social-Share-Buttons \u2013 F\u00fcgen Sie Share-Buttons zur Joomla-Website hinzu","isPartOf":{"@id":"https:\/\/elfsight.com\/de\/#website"},"datePublished":"1970-01-01T00:00:00+00:00","dateModified":"2025-02-13T10:20:37+00:00","description":"Zeigen Sie in nur wenigen Minuten Social-Share-Buttons auf Ihrer Joomla-Site an. Schnelle und einfache Erstellung beliebiger Website-Erweiterungen durch Elfsight.","breadcrumb":{"@id":"https:\/\/elfsight.com\/de\/social-media-share-buttons\/joomla\/#breadcrumb"},"inLanguage":"de","potentialAction":[{"@type":"ReadAction","target":["https:\/\/elfsight.com\/de\/social-media-share-buttons\/joomla\/"]}]},{"@type":"BreadcrumbList","@id":"https:\/\/elfsight.com\/de\/social-media-share-buttons\/joomla\/#breadcrumb","itemListElement":[{"@type":"ListItem","position":1,"name":"Home","item":"https:\/\/elfsight.com\/de\/"},{"@type":"ListItem","position":2,"name":"Social Share Buttons","item":"https:\/\/elfsight.com\/de\/social-media-share-buttons\/"},{"@type":"ListItem","position":3,"name":"Social Share Buttons &#8211; Joomla"}]},{"@type":"WebSite","@id":"https:\/\/elfsight.com\/de\/#website","url":"https:\/\/elfsight.com\/de\/","name":"Elfsight DE","description":"Just another Elfsight Sites site","potentialAction":[{"@type":"SearchAction","target":{"@type":"EntryPoint","urlTemplate":"https:\/\/elfsight.com\/de\/?s={search_term_string}"},"query-input":{"@type":"PropertyValueSpecification","valueRequired":true,"valueName":"search_term_string"}}],"inLanguage":"de"}]}},"meta_box":{"industry":"","seo_heading":"","heading":"","description":"","cta_heading":"","cta_description":"","application":"467","h1":"Social-Share-Buttons f\u00fcr Joomla","h1_caption":"F\u00fcgen Sie Ihrer Website Schaltfl\u00e4chen zum Teilen in sozialen Medien hinzu, damit Besucher Ihre Inhalte m\u00fchelos \u00fcber mehrere Plattformen hinweg auf Ihrer Joomla-Website teilen k\u00f6nnen.","application_category":[],"applications_title":"","applications_request_title":"","applications_request_button_text":"","hero_text":"","hero_video":"","hero_video_schema_markup":"","selling_points_title":"","selling_points_caption":"","selling_points":[],"selling_points_cta_text":"","features_title":"","features":"","ed_cta_examples_text":"","ed_cta_examples_hidden":"","ed_cta_demo_text":"","ed_cta_demo_hidden":"","why_caption":"","why_editor_title":"","why_editor_text":"","why_team_title":"","why_team_text":"","why_service_title":"","why_service_text":"","template_catalog_visible":"0","template_catalog_title":"","template_catalog_text":"","template_catalog_categories_visible":"","demo_title":"Erstellen Sie Ihr Social Share Buttons-Plugin","demo_caption":"Konfigurieren Sie Ihre Social Share Buttons und f\u00fcgen Sie sie kostenlos zu Ihrer Joomla-Website hinzu!","default_faq_hidden":"","app_template_category":[],"platform":"259","template_public_id":"","codecanyon_url":"","codecanyon_item_id":"","codecanyon_price":"","pricing_caption":"","pricing_elfsight_apps_hide_column":"","pricing_elfsight_apps_url":"","pricing_codecanyon_price_caption":"","integration_category":[],"integration_request_title":"","integration_request_cta":"","integration_platform":"","integrations":[],"platform_category":[],"video_schema_markup":"","price":"ab 0 $ \/ Monat","trial":"","benefits":[{"text":"Kostenlose Installationsunterst\u00fctzung"},{"text":"Erfahrener Kundensupport"},{"text":"14-t\u00e4gige R\u00fcckerstattungsgarantie"},{"text":"St\u00e4ndige Aktualisierung"}],"button_url":"#demo","button_target_blank":"0","button_nofollow":"0","attributes":[{"name":"Installiert","content":"10,000 - 100,000"},{"name":"Reaktionsfreudig","content":"Ja"},{"name":"Kompatible Browser","content":"Firefox, Safari, Opera, Chrome, Edge"}],"tags":[],"tags_disable_links":"0","hide_more_platforms":"0","video_object":"","demo_hide_cta":"0","demo_hide_cloud_options":"0","pricing_title":"","pricing":[{"pricing_icon":"platform","pricing_title":"Elfsight Apps","pricing_title_caption":"Plattformunabh\u00e4ngige Version, die f\u00fcr jede Website geeignet ist","pricing_price":"ab 0 $ \/ Monat","pricing_price_caption":"Beginnen Sie mit einem kostenlosen Plan","pricing_benefits":[{"text":"Unbegrenzte Websites"},{"text":"Engagierte Unternehmensunterst\u00fctzung"},{"text":"Kostenlose Installationshilfe"},{"text":"Zeitlich begrenztes Angebot f\u00fcr mehrere Apps"}],"pricing_button_text":"Zur Website hinzuf\u00fcgen","pricing_button_url":"#demo"}],"related_apps_title":"","related_apps_hidden":"0","author":"","image":[],"title":"","job":"","social_networks":[]},"_links":{"self":[{"href":"https:\/\/elfsight.com\/de\/wp-json\/wp\/v2\/pages\/17826","targetHints":{"allow":["GET"]}}],"collection":[{"href":"https:\/\/elfsight.com\/de\/wp-json\/wp\/v2\/pages"}],"about":[{"href":"https:\/\/elfsight.com\/de\/wp-json\/wp\/v2\/types\/page"}],"author":[{"embeddable":true,"href":"https:\/\/elfsight.com\/de\/wp-json\/wp\/v2\/users\/9"}],"replies":[{"embeddable":true,"href":"https:\/\/elfsight.com\/de\/wp-json\/wp\/v2\/comments?post=17826"}],"version-history":[{"count":3,"href":"https:\/\/elfsight.com\/de\/wp-json\/wp\/v2\/pages\/17826\/revisions"}],"predecessor-version":[{"id":24081,"href":"https:\/\/elfsight.com\/de\/wp-json\/wp\/v2\/pages\/17826\/revisions\/24081"}],"up":[{"embeddable":true,"href":"https:\/\/elfsight.com\/de\/wp-json\/wp\/v2\/pages\/983"}],"wp:attachment":[{"href":"https:\/\/elfsight.com\/de\/wp-json\/wp\/v2\/media?parent=17826"}],"curies":[{"name":"wp","href":"https:\/\/api.w.org\/{rel}","templated":true}]}}