{"id":17824,"date":"1970-01-01T00:00:00","date_gmt":"1970-01-01T00:00:00","guid":{"rendered":"https:\/\/elfsight.com\/de\/?page_id=17824"},"modified":"2025-02-13T10:47:41","modified_gmt":"2025-02-13T10:47:41","slug":"opencart","status":"publish","type":"page","link":"https:\/\/elfsight.com\/de\/social-media-share-buttons\/opencart\/","title":{"rendered":"Social Share Buttons &#8211; OpenCart"},"content":{"rendered":"\n<div class=\"application-platform-content-item-description application-platform-content-item\" id=\"description\" data-nav-section=\"description\"><h2>Beschreibung<\/h2><p>Eine effiziente Share-Erweiterung f\u00fcr jede Website, die es Ihren Besuchern erm\u00f6glicht, Inhalte in verschiedenen sozialen Netzwerken erneut zu ver\u00f6ffentlichen. Bewerben Sie Ihr Unternehmen auf Google+, Facebook, LinkedIn und mehr und gewinnen Sie neue Abonnenten und Fans mit Ihren wunderbaren Inhalten auf der Website.<\/p><p><b>Erhalten Sie zus\u00e4tzliche Aufrufe und Leser aus den sozialen Medien!<\/b><\/p><ul><li><b>Maximale Abdeckung von Ver\u00f6ffentlichungen und Artikeln auf sozialen Plattformen<\/b>.<br>Mit einer praktischen Benutzeroberfl\u00e4che werden Ihre Inhalte mit nur einem Klick in allen sozialen Netzwerken wirkungsvoll geteilt .<\/li><li><b>Teilen Sie ansprechende Inhalte f\u00fcr maximale Zuschauerzahl<\/b>.<br>Geben Sie Ihren Nutzern die M\u00f6glichkeit, verlockende Inhalte einfach und schnell einem neuen Publikum zug\u00e4nglich zu machen.<\/li><li><b>Erh\u00f6hen Sie den Traffic auf Ihrer Website<\/b>.<br>Locken Sie durch Ihre aktive Pr\u00e4senz in sozialen Netzwerken mehr Leser auf Ihre Website und steigern Sie den Traffic.<\/li><li><b>Steigern Sie den Traffic der Abonnenten in sozialen Diensten<\/b>.<br>Sie erstellen wirklich verlockende Beitr\u00e4ge f\u00fcr Ihre Website? Lassen Sie die Leser sie selbst verteilen und Beitr\u00e4ge ganz einfach f\u00fcr ihre Follower teilen.<\/li><\/ul><\/div><div class=\"application-platform-content-item-features application-platform-content-item\" id=\"features\" data-nav-section=\"features\"><h2>Funktionen<\/h2><p>Warum sind unsere Schaltfl\u00e4chen die besten? aller OpenCart-Share-Erweiterungen? Sehen Sie sich unsere St\u00e4rken an:<\/p><ul><li>\u00dcber 40 eingebettete soziale Netzwerke;<\/li><li>Legen Sie eine beliebige Anzahl von Spalten fest, um die Schaltfl\u00e4chen zu organisieren;<\/li><li>Bearbeitbarer Schaltfl\u00e4chentext;<\/li><li>5 Animationstypen verf\u00fcgbar;<\/li><li>Mobil optimiert mit erweiterbarem Symbol.<\/li><\/ul><p><a href=\"#demo\">Probieren Sie weitere Funktionen kostenlos aus Editor<\/a><\/p><\/div><div class=\"application-platform-content-item-installation application-platform-content-item\" id=\"installation\" data-nav-section=\"installation\"><h2>So f\u00fcgen Sie Share-Buttons zur OpenCart-Website hinzu<\/h2><p>Befolgen Sie einfach die nachstehenden Anweisungen, um das Widget in OpenCart einzubetten .<\/p> <ol><li><b>Nutzen Sie unseren kostenlosen Editor und beginnen Sie mit der Erstellung Ihres eigenen Instruments. <\/b><br> W\u00e4hlen Sie die bevorzugte Schnittstelle und Spezifikationen der Erweiterung und \u00fcbernehmen Sie die \u00c4nderungen. <\/li> <li><b>Sie erhalten den eindeutigen Code, der im Feld von Elfsight Apps angezeigt wird. <\/b><br> Sobald die Anpassung Ihrer pers\u00f6nlichen Social Share Buttons-Erweiterung abgeschlossen ist, kopieren Sie den pers\u00f6nlichen Code in das angezeigte Feld und bewahren Sie ihn f\u00fcr den sp\u00e4teren Bedarf auf. <\/li> <li><b>Initiieren Sie den Einsatz des Tools auf Ihrer OpenCart-Website. <\/b><br> Geben Sie den zuvor kopierten Code in Ihre Seite ein und speichern Sie die Verbesserungen. <\/li> <li><b>Fertig! Die Einbettung wurde erfolgreich beendet. <\/b><br> Besuchen Sie Ihre Website, um zu sehen, wie die Erweiterung ausgef\u00fchrt wird. <\/li><\/ol> <p>Ben\u00f6tigen Sie Hilfe beim Einf\u00fcgen oder Festlegen der Erweiterung? Das Elfsight-Hilfecenter-Team hilft Ihnen gerne weiter und bietet eine L\u00f6sung an! Sie k\u00f6nnen das Problem auch selbst angehen, indem Sie unser ausf\u00fchrliches Tutorial \u00ab<a href=\"https:\/\/elfsight.com\/tutorials\/how-to-add-social-share-buttons-to-opencart\/\" target=\"_blank\" rel=\"noopener\">So platzieren Sie Share-Buttons auf der OpenCart-Site<\/a>\u00bb.<\/p><\/div><div class=\"faq\" data-component=\"FAQ\"><div class=\"faq-item\">\r\n\t\t\t\t\t<div class=\"faq-item-question\">\r\n\t\t\t\t\t\t<h3 class=\"faq-item-question-text\">Auf welche Weise ist es m\u00f6glich, ohne Codierung Social-Share-Buttons zu meiner OpenCart-Website hinzuzuf\u00fcgen?<\/h3>\r\n\r\n\t\t\t\t\t\t<div class=\"faq-item-question-icon\"><\/div>\r\n\t\t\t\t\t<\/div>\r\n\r\n\t\t\t\t\t<div class=\"faq-item-answer\">\r\n\t\t\t\t\t\t<div class=\"faq-item-answer-text\"> Gehen Sie zur Online-Demo, um einen Abschnitt mit Social-Share-Buttons zu erstellen, der auf der OpenCart-Webseite angezeigt werden soll.<\/li><li>W\u00e4hlen Sie eine der vorgefertigten Vorlagen aus und \u00e4ndern Sie die Einstellungen f\u00fcr Social-Share-Buttons, f\u00fcgen Sie Ihren Inhalt hinzu, \u00e4ndern Sie das Layout und Farben ohne Programmiererfahrung.<\/li><li>Klicken Sie hier, um die Einstellungen zu speichern, die Sie an den Social Share Buttons vorgenommen haben, und den Installationscode des Widgets zu erhalten, den Sie m\u00fchelos und kostenlos in jede OpenCart-Homepage einf\u00fcgen k\u00f6nnen.<\/li><\/ul><p>Mit unserem unkomplizierten Konfigurator kann jeder Webbenutzer Social-Share-Buttons erstellen und einfach auf der OpenCart-Homepage einf\u00fcgen. Sie d\u00fcrfen nicht bezahlen oder Ihre Kartendaten offenlegen, um auf unseren Service zuzugreifen. Wenn Sie bei irgendeinem Schritt auf Hindernisse sto\u00dfen, wenden Sie sich an unseren Kundensupport.<\/p><\/div>\r\n\t\t\t\t\t<\/div>\r\n\t\t\t\t<\/div><\/div>\n","protected":false},"excerpt":{"rendered":"","protected":false},"author":9,"featured_media":0,"parent":983,"menu_order":0,"comment_status":"closed","ping_status":"closed","template":"templates\/template-application-platform.php","meta":{"publish_to_discourse":"","publish_post_category":"","wpdc_auto_publish_overridden":"","wpdc_topic_tags":"","wpdc_pin_topic":"","wpdc_pin_until":"","discourse_post_id":"","discourse_permalink":"","wpdc_publishing_response":"","wpdc_publishing_error":"","footnotes":""},"class_list":["post-17824","page","type-page","status-publish","hentry"],"yoast_head":"<!-- This site is optimized with the Yoast SEO plugin v25.3.1 - https:\/\/yoast.com\/wordpress\/plugins\/seo\/ -->\n<title>Social-Share-Buttons \u2013 F\u00fcgen Sie Share-Buttons zur OpenCart-Website hinzu<\/title>\n<meta name=\"description\" content=\"Integrieren Sie Social Share Buttons in nur wenigen Minuten in Ihre OpenCart-Site. Sofortige und einfache Erstellung verschiedener Website-Erweiterungen durch Elfsight.\" \/>\n<meta name=\"robots\" content=\"index, follow, max-snippet:-1, max-image-preview:large, max-video-preview:-1\" \/>\n<link rel=\"canonical\" href=\"https:\/\/elfsight.com\/de\/social-media-share-buttons\/opencart\/\" \/>\n<meta property=\"og:locale\" content=\"de_DE\" \/>\n<meta property=\"og:type\" content=\"article\" \/>\n<meta property=\"og:title\" content=\"Social-Share-Buttons \u2013 F\u00fcgen Sie Share-Buttons zur OpenCart-Website hinzu\" \/>\n<meta property=\"og:description\" content=\"Integrieren Sie Social Share Buttons in nur wenigen Minuten in Ihre OpenCart-Site. Sofortige und einfache Erstellung verschiedener Website-Erweiterungen durch Elfsight.\" \/>\n<meta property=\"og:url\" content=\"https:\/\/elfsight.com\/de\/social-media-share-buttons\/opencart\/\" \/>\n<meta property=\"og:site_name\" content=\"Elfsight DE\" \/>\n<meta property=\"article:modified_time\" content=\"2025-02-13T10:47:41+00:00\" \/>\n<meta name=\"twitter:card\" content=\"summary_large_image\" \/>\n<meta name=\"twitter:label1\" content=\"Gesch\u00e4tzte Lesezeit\" \/>\n\t<meta name=\"twitter:data1\" content=\"3\u00a0Minuten\" \/>\n<!-- \/ Yoast SEO plugin. -->","yoast_head_json":{"title":"Social-Share-Buttons \u2013 F\u00fcgen Sie Share-Buttons zur OpenCart-Website hinzu","description":"Integrieren Sie Social Share Buttons in nur wenigen Minuten in Ihre OpenCart-Site. Sofortige und einfache Erstellung verschiedener Website-Erweiterungen durch Elfsight.","robots":{"index":"index","follow":"follow","max-snippet":"max-snippet:-1","max-image-preview":"max-image-preview:large","max-video-preview":"max-video-preview:-1"},"canonical":"https:\/\/elfsight.com\/de\/social-media-share-buttons\/opencart\/","og_locale":"de_DE","og_type":"article","og_title":"Social-Share-Buttons \u2013 F\u00fcgen Sie Share-Buttons zur OpenCart-Website hinzu","og_description":"Integrieren Sie Social Share Buttons in nur wenigen Minuten in Ihre OpenCart-Site. Sofortige und einfache Erstellung verschiedener Website-Erweiterungen durch Elfsight.","og_url":"https:\/\/elfsight.com\/de\/social-media-share-buttons\/opencart\/","og_site_name":"Elfsight DE","article_modified_time":"2025-02-13T10:47:41+00:00","twitter_card":"summary_large_image","twitter_misc":{"Gesch\u00e4tzte Lesezeit":"3\u00a0Minuten"},"schema":{"@context":"https:\/\/schema.org","@graph":[{"@type":"WebPage","@id":"https:\/\/elfsight.com\/de\/social-media-share-buttons\/opencart\/","url":"https:\/\/elfsight.com\/de\/social-media-share-buttons\/opencart\/","name":"Social-Share-Buttons \u2013 F\u00fcgen Sie Share-Buttons zur OpenCart-Website hinzu","isPartOf":{"@id":"https:\/\/elfsight.com\/de\/#website"},"datePublished":"1970-01-01T00:00:00+00:00","dateModified":"2025-02-13T10:47:41+00:00","description":"Integrieren Sie Social Share Buttons in nur wenigen Minuten in Ihre OpenCart-Site. Sofortige und einfache Erstellung verschiedener Website-Erweiterungen durch Elfsight.","breadcrumb":{"@id":"https:\/\/elfsight.com\/de\/social-media-share-buttons\/opencart\/#breadcrumb"},"inLanguage":"de","potentialAction":[{"@type":"ReadAction","target":["https:\/\/elfsight.com\/de\/social-media-share-buttons\/opencart\/"]}]},{"@type":"BreadcrumbList","@id":"https:\/\/elfsight.com\/de\/social-media-share-buttons\/opencart\/#breadcrumb","itemListElement":[{"@type":"ListItem","position":1,"name":"Home","item":"https:\/\/elfsight.com\/de\/"},{"@type":"ListItem","position":2,"name":"Social Share Buttons","item":"https:\/\/elfsight.com\/de\/social-media-share-buttons\/"},{"@type":"ListItem","position":3,"name":"Social Share Buttons &#8211; OpenCart"}]},{"@type":"WebSite","@id":"https:\/\/elfsight.com\/de\/#website","url":"https:\/\/elfsight.com\/de\/","name":"Elfsight DE","description":"Just another Elfsight Sites site","potentialAction":[{"@type":"SearchAction","target":{"@type":"EntryPoint","urlTemplate":"https:\/\/elfsight.com\/de\/?s={search_term_string}"},"query-input":{"@type":"PropertyValueSpecification","valueRequired":true,"valueName":"search_term_string"}}],"inLanguage":"de"}]}},"meta_box":{"industry":"","seo_heading":"","heading":"","description":"","cta_heading":"","cta_description":"","application":"467","h1":"Social-Share-Buttons f\u00fcr OpenCart","h1_caption":"F\u00fcgen Sie Ihrer Website Schaltfl\u00e4chen zum Teilen in sozialen Medien hinzu, damit Besucher Ihre Inhalte m\u00fchelos \u00fcber mehrere Plattformen hinweg auf Ihrer Opencart-Website teilen k\u00f6nnen.","application_category":[],"applications_title":"","applications_request_title":"","applications_request_button_text":"","hero_text":"","hero_video":"","hero_video_schema_markup":"","selling_points_title":"","selling_points_caption":"","selling_points":[],"selling_points_cta_text":"","features_title":"","features":"","ed_cta_examples_text":"","ed_cta_examples_hidden":"","ed_cta_demo_text":"","ed_cta_demo_hidden":"","why_caption":"","why_editor_title":"","why_editor_text":"","why_team_title":"","why_team_text":"","why_service_title":"","why_service_text":"","template_catalog_visible":"0","template_catalog_title":"","template_catalog_text":"","template_catalog_categories_visible":"","demo_title":"Erstellen Sie Ihre Social Share Buttons-Erweiterung","demo_caption":"Konfigurieren Sie Ihre Social Share Buttons und f\u00fcgen Sie sie kostenlos zu Ihrer OpenCart-Website hinzu!","default_faq_hidden":"","app_template_category":[],"platform":"254","template_public_id":"","codecanyon_url":"","codecanyon_item_id":"","codecanyon_price":"","pricing_caption":"","pricing_elfsight_apps_hide_column":"","pricing_elfsight_apps_url":"","pricing_codecanyon_price_caption":"","integration_category":[],"integration_request_title":"","integration_request_cta":"","integration_platform":"","integrations":[],"platform_category":[],"video_schema_markup":"","price":"ab 0 $ \/ Monat","trial":"","benefits":[{"text":"Kostenlose Installationshilfe"},{"text":"Kompetenter Kundenservice"},{"text":"14-t\u00e4gige Geld-zur\u00fcck-Garantie"},{"text":"Lebenslange kostenlose Updates"}],"button_url":"#demo","button_target_blank":"0","button_nofollow":"0","attributes":[{"name":"Installiert","content":"10,000 - 100,000"},{"name":"Reaktionsfreudig","content":"Ja"},{"name":"Kompatible Browser","content":"Edge, Chrome, Firefox, Safari, Opera"}],"tags":[],"tags_disable_links":"0","hide_more_platforms":"0","video_object":"","demo_hide_cta":"0","demo_hide_cloud_options":"0","pricing_title":"","pricing":[{"pricing_icon":"platform","pricing_title":"Elfsight Apps","pricing_title_caption":"Plattformunabh\u00e4ngige digitale L\u00f6sung","pricing_price":"ab 0 $ \/ Monat","pricing_price_caption":"Beginnen Sie mit einem kostenlosen Plan","pricing_benefits":[{"text":"Unbegrenzte Websites"},{"text":"Premium-Kundensupport"},{"text":"Kostenloser Installationssupport"},{"text":"Sonderpreis f\u00fcr mehrere Apps"}],"pricing_button_text":"Zur Website hinzuf\u00fcgen","pricing_button_url":"#demo"}],"related_apps_title":"","related_apps_hidden":"0","author":"","image":[],"title":"","job":"","social_networks":[]},"_links":{"self":[{"href":"https:\/\/elfsight.com\/de\/wp-json\/wp\/v2\/pages\/17824","targetHints":{"allow":["GET"]}}],"collection":[{"href":"https:\/\/elfsight.com\/de\/wp-json\/wp\/v2\/pages"}],"about":[{"href":"https:\/\/elfsight.com\/de\/wp-json\/wp\/v2\/types\/page"}],"author":[{"embeddable":true,"href":"https:\/\/elfsight.com\/de\/wp-json\/wp\/v2\/users\/9"}],"replies":[{"embeddable":true,"href":"https:\/\/elfsight.com\/de\/wp-json\/wp\/v2\/comments?post=17824"}],"version-history":[{"count":3,"href":"https:\/\/elfsight.com\/de\/wp-json\/wp\/v2\/pages\/17824\/revisions"}],"predecessor-version":[{"id":24095,"href":"https:\/\/elfsight.com\/de\/wp-json\/wp\/v2\/pages\/17824\/revisions\/24095"}],"up":[{"embeddable":true,"href":"https:\/\/elfsight.com\/de\/wp-json\/wp\/v2\/pages\/983"}],"wp:attachment":[{"href":"https:\/\/elfsight.com\/de\/wp-json\/wp\/v2\/media?parent=17824"}],"curies":[{"name":"wp","href":"https:\/\/api.w.org\/{rel}","templated":true}]}}