{"id":17818,"date":"1970-01-01T00:00:00","date_gmt":"1970-01-01T00:00:00","guid":{"rendered":"https:\/\/elfsight.com\/de\/?page_id=17818"},"modified":"2025-02-13T11:28:54","modified_gmt":"2025-02-13T11:28:54","slug":"webnode","status":"publish","type":"page","link":"https:\/\/elfsight.com\/de\/social-media-share-buttons\/webnode\/","title":{"rendered":"Social Share Buttons &#8211; Webnode"},"content":{"rendered":"\n<div class=\"application-platform-content-item-description application-platform-content-item\" id=\"description\" data-nav-section=\"description\"><h2>Beschreibung<\/h2><p>Ein einfaches Teilen-Widget f\u00fcr alle Websites, das Ihren Lesern die Verbreitung von Daten und Seiten in verschiedenen sozialen Medien erm\u00f6glicht . Erweitern Sie Ihre Unternehmenspr\u00e4senz in sozialen Netzwerken und gewinnen Sie noch mehr Follower und Fans mit einzigartigen Inhalten auf Ihrer Website.<\/p><p><b>Machen Sie neue Leser aus den sozialen Medien auf Ihre Website!<\/b><\/p><ul><li><b>Gr\u00f6\u00dfere Verbreitung von Ver\u00f6ffentlichungen und Artikeln in sozialen Medien<\/b>.<br>Mit einer praktischen Benutzeroberfl\u00e4che und vielen praktischen Funktionen werden Ihre Inhalte mit nur einem Klick massiv in den sozialen Medien geteilt Medien.<\/li><li><b>Verbreiten Sie ansprechende Inhalte und vergr\u00f6\u00dfern Sie Ihr Publikum<\/b>.<br>Geben Sie Ihren Nutzern die M\u00f6glichkeit, Ihre Inhalte schnell und einfach zu teilen, um ein neues Publikum zu erreichen.<\/li><li><b>Verbessern Sie den Traffic auf Ihrer Website<\/b>.<br>Ziehen Sie mit Hilfe einer aktiven Position in sozialen Medien mehr Benutzer auf Ihre Website und erleben Sie eine Steigerung der Aufrufe.<\/li><li><b>Ein schnelles Instrument, um neue Abonnenten f\u00fcr soziale Dienste zu gewinnen<\/b>.<br>Platzieren Sie virale Inhalte und geben Sie Ihren Lesern die M\u00f6glichkeit, diese auf ihren Social-Media-Konten zu bewerben.<\/li><\/ul><\/div><div class=\"application-platform-content-item-features application-platform-content-item\" id=\"features\" data-nav-section=\"features\"><h2>Funktionen<\/h2><p>Warum sind unsere Schaltfl\u00e4chen die besten unter den Webnode-Freigabe-Widgets? \u00dcberpr\u00fcfen Sie unsere strategischen Merkmale:<\/p><ul><li>Platzieren Sie eine unbegrenzte Anzahl von Schaltfl\u00e4chen;<\/li><li>Links, rechts oder mittig ausgerichtete Schaltfl\u00e4chen;<\/li><li>Stellen Sie die Schaltfl\u00e4chenbreite ein; <\/li><li>Anpassbare Transparenz der Schaltfl\u00e4chen;<\/li><li>Live-Updates werden st\u00e4ndig ver\u00f6ffentlicht.<\/li><\/ul><p><a href=\"#demo\">Sehen Sie sich die anderen Vorteile an in einer kostenlosen Demo<\/a><\/p><\/div><div class=\"application-platform-content-item-installation application-platform-content-item\" id=\"installation\" data-nav-section=\"installation\"><h2>So f\u00fcgen Sie Share Buttons zu Webnode hinzu<\/h2><p>Eine schnelle Anleitung zum Integrieren von Buttons ohne Kenntnisse in Programmieren oder die Beauftragung eines professionellen Programmierers. Sie ben\u00f6tigen nur wenige Minuten, um den Plan umzusetzen.<\/p><ol><li><b>Richten Sie Ihre personalisierten Social Buttons ein<\/b>.<br>Formen Sie mit Hilfe unseres kostenlosen Konfigurators ein Plugin mit dem Aussehen und Kapazit\u00e4ten, die Sie ben\u00f6tigen.<\/li><li><b>Kopieren Sie einen Code zum Einrichten des Plugins<\/b>.<br>Nach der Widget-Anpassung erhalten Sie im angezeigten Fenster auf Elfsight einen Code f\u00fcr das Share Buttons-Plugin Apps.<\/li><li><b>Betten Sie das Plugin auf Ihrer Website ein<\/b>.<br>Integrieren Sie das Plugin an der ausgew\u00e4hlten Stelle der Website und ver\u00f6ffentlichen Sie die \u00c4nderungen.<\/li><li><b>Fertig!<\/b><br>Gehen Sie zu Ihrer Webnode-Website, um Ihre Arbeit zu \u00fcberpr\u00fcfen.<\/li><\/ol><p>Suchen Sie Ratschl\u00e4ge zum Hinzuf\u00fcgen oder Entwerfen des Widgets? Das Elfsight-Hilfecenter-Team hilft Ihnen gerne weiter und bietet Ihnen eine L\u00f6sung! Sie k\u00f6nnen das Problem auch selbst l\u00f6sen, indem Sie unserer ausf\u00fchrlichen Anleitung folgen: <a href=\"https:\/\/elfsight.com\/tutorials\/how-to-add-social-share-buttons-to-webnode-website\/\" target=\"_blank\" rel=\"noopener\">So f\u00fcgen Sie Share-Buttons auf der Webnode-Site hinzu<\/a>.<\/p><\/div><div class=\"faq\" data-component=\"FAQ\"><div class=\"faq-item\">\r\n\t\t\t\t\t<div class=\"faq-item-question\">\r\n\t\t\t\t\t\t<h3 class=\"faq-item-question-text\"><\/h3>\r\n\r\n\t\t\t\t\t\t<div class=\"faq-item-question-icon\"><\/div>\r\n\t\t\t\t\t<\/div>\r\n\r\n\t\t\t\t\t<div class=\"faq-item-answer\">\r\n\t\t\t\t\t\t<div class=\"faq-item-answer-text\"> <li>Arbeiten Sie direkt im Live-Editor, um eine Social-Share-Buttons-App zu erstellen, die auf Ihrer Webnode-Webseite angezeigt werden soll.<\/li><li>W\u00e4hlen Sie eine der vorgefertigten Vorlagen aus, passen Sie die Einstellungen f\u00fcr die Social-Share-Buttons an und \u00e4ndern Sie das Layout und Farbe der Elemente, aktualisieren Sie Ihre Inhalte ohne Programmiererfahrung.<\/li><li>Speichern Sie die Social Share Buttons und erhalten Sie Installationscode, der einfach in die Webnode-Webseite eingebunden werden kann, ohne einen kostenpflichtigen Plan zu kaufen.<\/li> <\/ul><p>Mit unserem benutzerfreundlichen Editor kann jeder Internetnutzer ein Social-Share-Buttons-Widget erstellen und es einfach in seine Webnode-Site einbinden. Sie m\u00fcssen weder bezahlen noch Ihre Kartendaten einreichen, um den Elfsight-Service in Anspruch zu nehmen. Wenn Sie auf Hindernisse jeglicher Art sto\u00dfen, wenden Sie sich bitte an unseren Kundensupport.<\/p><\/div>\r\n\t\t\t\t\t<\/div>\r\n\t\t\t\t<\/div><\/div>\n","protected":false},"excerpt":{"rendered":"","protected":false},"author":9,"featured_media":0,"parent":983,"menu_order":0,"comment_status":"closed","ping_status":"closed","template":"templates\/template-application-platform.php","meta":{"publish_to_discourse":"","publish_post_category":"","wpdc_auto_publish_overridden":"","wpdc_topic_tags":"","wpdc_pin_topic":"","wpdc_pin_until":"","discourse_post_id":"","discourse_permalink":"","wpdc_publishing_response":"","wpdc_publishing_error":"","footnotes":""},"class_list":["post-17818","page","type-page","status-publish","hentry"],"yoast_head":"<!-- This site is optimized with the Yoast SEO plugin v25.3.1 - https:\/\/yoast.com\/wordpress\/plugins\/seo\/ -->\n<title>Social-Share-Buttons \u2013 F\u00fcgen Sie Share-Buttons zur Webnode-Website hinzu<\/title>\n<meta name=\"description\" content=\"Platzieren Sie Social Share Buttons in nur wenigen Minuten auf Ihrer Webnode-Site. Schnelle und einfache Generierung verschiedener Website-Widgets durch Elfsight.\" \/>\n<meta name=\"robots\" content=\"index, follow, max-snippet:-1, max-image-preview:large, max-video-preview:-1\" \/>\n<link rel=\"canonical\" href=\"https:\/\/elfsight.com\/de\/social-media-share-buttons\/webnode\/\" \/>\n<meta property=\"og:locale\" content=\"de_DE\" \/>\n<meta property=\"og:type\" content=\"article\" \/>\n<meta property=\"og:title\" content=\"Social-Share-Buttons \u2013 F\u00fcgen Sie Share-Buttons zur Webnode-Website hinzu\" \/>\n<meta property=\"og:description\" content=\"Platzieren Sie Social Share Buttons in nur wenigen Minuten auf Ihrer Webnode-Site. Schnelle und einfache Generierung verschiedener Website-Widgets durch Elfsight.\" \/>\n<meta property=\"og:url\" content=\"https:\/\/elfsight.com\/de\/social-media-share-buttons\/webnode\/\" \/>\n<meta property=\"og:site_name\" content=\"Elfsight DE\" \/>\n<meta property=\"article:modified_time\" content=\"2025-02-13T11:28:54+00:00\" \/>\n<meta name=\"twitter:card\" content=\"summary_large_image\" \/>\n<meta name=\"twitter:label1\" content=\"Gesch\u00e4tzte Lesezeit\" \/>\n\t<meta name=\"twitter:data1\" content=\"3\u00a0Minuten\" \/>\n<!-- \/ Yoast SEO plugin. -->","yoast_head_json":{"title":"Social-Share-Buttons \u2013 F\u00fcgen Sie Share-Buttons zur Webnode-Website hinzu","description":"Platzieren Sie Social Share Buttons in nur wenigen Minuten auf Ihrer Webnode-Site. Schnelle und einfache Generierung verschiedener Website-Widgets durch Elfsight.","robots":{"index":"index","follow":"follow","max-snippet":"max-snippet:-1","max-image-preview":"max-image-preview:large","max-video-preview":"max-video-preview:-1"},"canonical":"https:\/\/elfsight.com\/de\/social-media-share-buttons\/webnode\/","og_locale":"de_DE","og_type":"article","og_title":"Social-Share-Buttons \u2013 F\u00fcgen Sie Share-Buttons zur Webnode-Website hinzu","og_description":"Platzieren Sie Social Share Buttons in nur wenigen Minuten auf Ihrer Webnode-Site. Schnelle und einfache Generierung verschiedener Website-Widgets durch Elfsight.","og_url":"https:\/\/elfsight.com\/de\/social-media-share-buttons\/webnode\/","og_site_name":"Elfsight DE","article_modified_time":"2025-02-13T11:28:54+00:00","twitter_card":"summary_large_image","twitter_misc":{"Gesch\u00e4tzte Lesezeit":"3\u00a0Minuten"},"schema":{"@context":"https:\/\/schema.org","@graph":[{"@type":"WebPage","@id":"https:\/\/elfsight.com\/de\/social-media-share-buttons\/webnode\/","url":"https:\/\/elfsight.com\/de\/social-media-share-buttons\/webnode\/","name":"Social-Share-Buttons \u2013 F\u00fcgen Sie Share-Buttons zur Webnode-Website hinzu","isPartOf":{"@id":"https:\/\/elfsight.com\/de\/#website"},"datePublished":"1970-01-01T00:00:00+00:00","dateModified":"2025-02-13T11:28:54+00:00","description":"Platzieren Sie Social Share Buttons in nur wenigen Minuten auf Ihrer Webnode-Site. Schnelle und einfache Generierung verschiedener Website-Widgets durch Elfsight.","breadcrumb":{"@id":"https:\/\/elfsight.com\/de\/social-media-share-buttons\/webnode\/#breadcrumb"},"inLanguage":"de","potentialAction":[{"@type":"ReadAction","target":["https:\/\/elfsight.com\/de\/social-media-share-buttons\/webnode\/"]}]},{"@type":"BreadcrumbList","@id":"https:\/\/elfsight.com\/de\/social-media-share-buttons\/webnode\/#breadcrumb","itemListElement":[{"@type":"ListItem","position":1,"name":"Home","item":"https:\/\/elfsight.com\/de\/"},{"@type":"ListItem","position":2,"name":"Social Share Buttons","item":"https:\/\/elfsight.com\/de\/social-media-share-buttons\/"},{"@type":"ListItem","position":3,"name":"Social Share Buttons &#8211; Webnode"}]},{"@type":"WebSite","@id":"https:\/\/elfsight.com\/de\/#website","url":"https:\/\/elfsight.com\/de\/","name":"Elfsight DE","description":"Just another Elfsight Sites site","potentialAction":[{"@type":"SearchAction","target":{"@type":"EntryPoint","urlTemplate":"https:\/\/elfsight.com\/de\/?s={search_term_string}"},"query-input":{"@type":"PropertyValueSpecification","valueRequired":true,"valueName":"search_term_string"}}],"inLanguage":"de"}]}},"meta_box":{"industry":"","seo_heading":"","heading":"","description":"","cta_heading":"","cta_description":"","application":"467","h1":"Social-Share-Buttons f\u00fcr Webnode","h1_caption":"F\u00fcgen Sie Ihrer Website Social-Media-Sharing-Buttons hinzu, damit Besucher Ihre Inhalte m\u00fchelos \u00fcber mehrere Plattformen hinweg auf Ihrer Webnode-Website teilen k\u00f6nnen.","application_category":[],"applications_title":"","applications_request_title":"","applications_request_button_text":"","hero_text":"","hero_video":"","hero_video_schema_markup":"","selling_points_title":"","selling_points_caption":"","selling_points":[],"selling_points_cta_text":"","features_title":"","features":"","ed_cta_examples_text":"","ed_cta_examples_hidden":"","ed_cta_demo_text":"","ed_cta_demo_hidden":"","why_caption":"","why_editor_title":"","why_editor_text":"","why_team_title":"","why_team_text":"","why_service_title":"","why_service_text":"","template_catalog_visible":"0","template_catalog_title":"","template_catalog_text":"","template_catalog_categories_visible":"","demo_title":"Erstellen Sie Ihr Social-Share-Buttons-Widget","demo_caption":"Konfigurieren Sie Ihre Social Share Buttons und f\u00fcgen Sie sie kostenlos zu Ihrer Webnode-Website hinzu!","default_faq_hidden":"","app_template_category":[],"platform":"248","template_public_id":"","codecanyon_url":"","codecanyon_item_id":"","codecanyon_price":"","pricing_caption":"","pricing_elfsight_apps_hide_column":"","pricing_elfsight_apps_url":"","pricing_codecanyon_price_caption":"","integration_category":[],"integration_request_title":"","integration_request_cta":"","integration_platform":"","integrations":[],"platform_category":[],"video_schema_markup":"","price":"ab 0 $ \/ Monat","trial":"","benefits":[{"text":"Kostenlose Installationshilfe"},{"text":"Effektiver Kundenservice"},{"text":"14-t\u00e4gige R\u00fcckerstattungsgarantie"},{"text":"Zuk\u00fcnftige Updates"}],"button_url":"#demo","button_target_blank":"0","button_nofollow":"0","attributes":[{"name":"Installiert","content":"10,000 - 100,000"},{"name":"Reaktionsfreudig","content":"Ja"},{"name":"Kompatible Browser","content":"Firefox, Safari, Opera, Chrome, Edge"}],"tags":[],"tags_disable_links":"0","hide_more_platforms":"0","video_object":"","demo_hide_cta":"0","demo_hide_cloud_options":"0","pricing_title":"","pricing":[{"pricing_icon":"platform","pricing_title":"Webnode widget","pricing_title_caption":"Plattformunabh\u00e4ngige L\u00f6sung","pricing_price":"ab 0 $ \/ Monat","pricing_price_caption":"Beginnen Sie mit einem kostenlosen Plan","pricing_benefits":[{"text":"Unbegrenzte Websites"},{"text":"Unternehmensunterst\u00fctzung rund um die Uhr"},{"text":"Kostenloser Installationsservice"},{"text":"Zeitlich begrenztes Angebot f\u00fcr mehrere Apps"}],"pricing_button_text":"Zur Website hinzuf\u00fcgen","pricing_button_url":"#demo"}],"related_apps_title":"","related_apps_hidden":"0","author":"","image":[],"title":"","job":"","social_networks":[]},"_links":{"self":[{"href":"https:\/\/elfsight.com\/de\/wp-json\/wp\/v2\/pages\/17818","targetHints":{"allow":["GET"]}}],"collection":[{"href":"https:\/\/elfsight.com\/de\/wp-json\/wp\/v2\/pages"}],"about":[{"href":"https:\/\/elfsight.com\/de\/wp-json\/wp\/v2\/types\/page"}],"author":[{"embeddable":true,"href":"https:\/\/elfsight.com\/de\/wp-json\/wp\/v2\/users\/9"}],"replies":[{"embeddable":true,"href":"https:\/\/elfsight.com\/de\/wp-json\/wp\/v2\/comments?post=17818"}],"version-history":[{"count":3,"href":"https:\/\/elfsight.com\/de\/wp-json\/wp\/v2\/pages\/17818\/revisions"}],"predecessor-version":[{"id":24104,"href":"https:\/\/elfsight.com\/de\/wp-json\/wp\/v2\/pages\/17818\/revisions\/24104"}],"up":[{"embeddable":true,"href":"https:\/\/elfsight.com\/de\/wp-json\/wp\/v2\/pages\/983"}],"wp:attachment":[{"href":"https:\/\/elfsight.com\/de\/wp-json\/wp\/v2\/media?parent=17818"}],"curies":[{"name":"wp","href":"https:\/\/api.w.org\/{rel}","templated":true}]}}