{"id":17817,"date":"1970-01-01T00:00:00","date_gmt":"1970-01-01T00:00:00","guid":{"rendered":"https:\/\/elfsight.com\/de\/?page_id=17817"},"modified":"2025-02-13T11:35:40","modified_gmt":"2025-02-13T11:35:40","slug":"wix","status":"publish","type":"page","link":"https:\/\/elfsight.com\/de\/social-media-share-buttons\/wix\/","title":{"rendered":"Social Share Buttons &#8211; Wix"},"content":{"rendered":"\n<div class=\"application-platform-content-item-description application-platform-content-item\" id=\"description\" data-nav-section=\"description\"><h2>Beschreibung<\/h2>Eine intuitive Share-App f\u00fcr jede Website, die es Ihren Benutzern erm\u00f6glicht, Inhalte in jedem sozialen Netzwerk mit einem Klick zu teilen. Beginnen Sie mit der Werbung f\u00fcr Ihr Unternehmen auf Facebook, Twitter, Medium und anderen Medien. Gewinnen Sie neue Abonnenten und Leser durch Ver\u00f6ffentlichungen auf Ihrer Website. <br><b>Erzielen Sie mehr Klicks und Follower aus sozialen Netzwerken!<\/b><ul><li><b>Maximale Werbung f\u00fcr Ver\u00f6ffentlichungen und Artikel in sozialen Netzwerken<\/b>. Mit einem praktischen Design und Funktionen werden Ihre Inhalte mit nur einem Mausklick aktiv in allen sozialen Netzwerken verbreitet.<\/li><li><b>Erreichen Sie mehr Zuschauer mit Ihren Website-Beitr\u00e4gen<\/b>. Geben Sie Ihren Kunden ein M\u00f6glichkeit, Ihre Inhalte einfach zu bewerben und ein gr\u00f6\u00dferes Publikum zu erreichen.<\/li><li><b>Verbessern Sie die SEO-Parameter Ihrer Website<\/b>. Steigern Sie die Besuche auf Ihrer Website mit sozialen Netzwerken, um die SEO-Parameter Ihrer Website zu verbessern und die zu beeinflussen Position in den Suchergebnissen von Google.<\/li><li><b>Ein einfaches Tool, um neue Leser in sozialen Netzwerken zu gewinnen<\/b>. Erstellen Sie spannende Inhalte und geben Sie Ihren Lesern die M\u00f6glichkeit, diese auf ihren eigenen sozialen Netzwerken zu verbreiten media.<\/li><\/ul><\/div><div class=\"application-platform-content-item-features application-platform-content-item\" id=\"features\" data-nav-section=\"features\"><h2>Funktionen<\/h2>Warum ist Elfsight die beste unter den Share-Apps von Wix? Sehen Sie sich unsere Hauptvorteile an:<ul><li>\u00dcber 40 eingebettete soziale Netzwerke;<\/li><li>Legen Sie eine beliebige Anzahl von Spalten fest, um die Schaltfl\u00e4chen zu organisieren;<\/li><li>Legen Sie die anzuzeigenden Schaltfl\u00e4chenelemente fest;<\/li><li>3 Farbschemata f\u00fcr Symbole, Hintergrund und Hover;<\/li><li>Mobil optimiert mit erweiterbarem Symbol.<\/li><\/ul><a href=\"#demo\">Entdecken Sie alle Eigenschaften in einem kostenloser Editor<\/a><\/div><div class=\"application-platform-content-item-installation application-platform-content-item\" id=\"installation\" data-nav-section=\"installation\"><h2>So f\u00fcgen Sie die Social Share Buttons-App zu Wix hinzu<\/h2><div class=\"video-container\"><iframe width=\"560\" height=\"315\" src=\"https:\/\/www.youtube.com\/embed\/KXKNjkjQLDQ?si=lfXrG4vV-YenEbxU\" frameborder=\"0\" allow=\"accelerometer; autoplay; clipboard-write; encrypted-media; gyroscope; picture-in-picture; web-share\" allowfullscreen><\/iframe><\/div>Eine kurze Anleitung zur Integration von Schaltfl\u00e4chen in eine Website ohne Kenntnisse in Webentwicklung oder die Einstellung eines Entwicklers. F\u00fcr die Installation ben\u00f6tigen Sie nur 3 Minuten.<ol><li><b>Generieren Sie Ihre pers\u00f6nlichen Social Buttons<\/b>. Stellen Sie mit unserem <a href=\"#demo\">kostenlosen Konfigurator<\/a> einen zusammen Widget mit dem erforderlichen Layout und den erforderlichen Funktionen.<\/li><li><b>Erhalten Sie einen Code zum Anzeigen der App<\/b>. Rufen Sie nach der Widget-Konfiguration einen Code zum Teilen des Widgets aus dem angezeigten Fenster in Elfsight Apps ab.<\/li><li><b>Zeigen Sie die App auf der Website von Wix an<\/b>. Zeigen Sie das Widget an der erforderlichen Stelle der Website an und speichern Sie die Ergebnisse.<\/li><li><b>Sie haben die Installation vollst\u00e4ndig durchgef\u00fchrt!<\/b>Gehen Sie zu Ihrer Website, um Ihre Schaltfl\u00e4chen zu sehen.<\/li><\/ol>Suchen Sie Ratschl\u00e4ge zum Platzieren oder Erstellen der App? Unser Support-Team hilft Ihnen gerne weiter und findet eine L\u00f6sung! Sie k\u00f6nnen auch versuchen, es selbst in unserem vollst\u00e4ndigen Tutorial zu finden: <a href=\"https:\/\/elfsight.com\/tutorials\/how-to-add-social-share-buttons-to-wix-website\/\" target=\"_blank\" rel=\"noopener\">So platzieren Sie Share-Buttons auf der Website von Wix<\/a>.<\/div><div class=\"faq\" data-component=\"FAQ\"><div class=\"faq-item\">\r\n\t\t\t\t\t<div class=\"faq-item-question\">\r\n\t\t\t\t\t\t<h3 class=\"faq-item-question-text\">Wie f\u00fcge ich Social-Share-Schaltfl\u00e4chen zu meiner Wix-Webseite hinzu, ohne Codierung?<\/h3>\r\n\r\n\t\t\t\t\t\t<div class=\"faq-item-question-icon\"><\/div>\r\n\t\t\t\t\t<\/div>\r\n\r\n\t\t\t\t\t<div class=\"faq-item-answer\">\r\n\t\t\t\t\t\t<div class=\"faq-item-answer-text\"> Arbeiten Sie direkt im Online-Editor, um eine Social-Share-Buttons-App zu erstellen, die Sie auf Ihrer Website von Wix integrieren m\u00f6chten.<\/li><li>W\u00e4hlen Sie eine unserer vorgefertigten Vorlagen aus, passen Sie die Social-Share-Button-Einstellungen an, aktualisieren Sie Ihre Inhalte, \u00c4ndern Sie das Layout und das Farbschema ohne Programmieraufwand.<\/li><li>Speichern Sie die Social-Share-Buttons und kopieren Sie den Plugin-Code zur Installation, der m\u00fchelos in jede Wix-Webseite eingef\u00fcgt werden kann, ohne ein kostenpflichtiges Abonnement zu kaufen.<\/li><\/ul><p>Mit unserem intuitiven Editor kann jeder Internetnutzer online ein Social-Share-Buttons-Widget erstellen und es m\u00fchelos in die Wix-Website integrieren. Es ist nicht erforderlich, zu bezahlen oder Ihre Kartendaten einzureichen, um auf unseren Editor zuzugreifen. Wenn Sie auf Probleme jeglicher Art sto\u00dfen, wenden Sie sich bitte an unsere Support-Mitarbeiter.<\/p><\/div>\r\n\t\t\t\t\t<\/div>\r\n\t\t\t\t<\/div><\/div>\n","protected":false},"excerpt":{"rendered":"","protected":false},"author":9,"featured_media":0,"parent":983,"menu_order":0,"comment_status":"closed","ping_status":"closed","template":"templates\/template-application-platform.php","meta":{"publish_to_discourse":"","publish_post_category":"","wpdc_auto_publish_overridden":"","wpdc_topic_tags":"","wpdc_pin_topic":"","wpdc_pin_until":"","discourse_post_id":"","discourse_permalink":"","wpdc_publishing_response":"","wpdc_publishing_error":"","footnotes":""},"class_list":["post-17817","page","type-page","status-publish","hentry"],"yoast_head":"<!-- This site is optimized with the Yoast SEO plugin v25.3.1 - https:\/\/yoast.com\/wordpress\/plugins\/seo\/ -->\n<title>Social Share Buttons \u2013 Share Buttons-App zur Website von Wix hinzuf\u00fcgen<\/title>\n<meta name=\"description\" content=\"Zeigen Sie in nur wenigen Minuten Social-Share-Buttons auf Ihrer Website von Wix an. Schnelle und einfache Erstellung beliebiger Website-Apps durch Elfsight.\" \/>\n<meta name=\"robots\" content=\"index, follow, max-snippet:-1, max-image-preview:large, max-video-preview:-1\" \/>\n<link rel=\"canonical\" href=\"https:\/\/elfsight.com\/de\/social-media-share-buttons\/wix\/\" \/>\n<meta property=\"og:locale\" content=\"de_DE\" \/>\n<meta property=\"og:type\" content=\"article\" \/>\n<meta property=\"og:title\" content=\"Social Share Buttons \u2013 Share Buttons-App zur Website von Wix hinzuf\u00fcgen\" \/>\n<meta property=\"og:description\" content=\"Zeigen Sie in nur wenigen Minuten Social-Share-Buttons auf Ihrer Website von Wix an. Schnelle und einfache Erstellung beliebiger Website-Apps durch Elfsight.\" \/>\n<meta property=\"og:url\" content=\"https:\/\/elfsight.com\/de\/social-media-share-buttons\/wix\/\" \/>\n<meta property=\"og:site_name\" content=\"Elfsight DE\" \/>\n<meta property=\"article:modified_time\" content=\"2025-02-13T11:35:40+00:00\" \/>\n<meta name=\"twitter:card\" content=\"summary_large_image\" \/>\n<meta name=\"twitter:label1\" content=\"Gesch\u00e4tzte Lesezeit\" \/>\n\t<meta name=\"twitter:data1\" content=\"4\u00a0Minuten\" \/>\n<!-- \/ Yoast SEO plugin. -->","yoast_head_json":{"title":"Social Share Buttons \u2013 Share Buttons-App zur Website von Wix hinzuf\u00fcgen","description":"Zeigen Sie in nur wenigen Minuten Social-Share-Buttons auf Ihrer Website von Wix an. Schnelle und einfache Erstellung beliebiger Website-Apps durch Elfsight.","robots":{"index":"index","follow":"follow","max-snippet":"max-snippet:-1","max-image-preview":"max-image-preview:large","max-video-preview":"max-video-preview:-1"},"canonical":"https:\/\/elfsight.com\/de\/social-media-share-buttons\/wix\/","og_locale":"de_DE","og_type":"article","og_title":"Social Share Buttons \u2013 Share Buttons-App zur Website von Wix hinzuf\u00fcgen","og_description":"Zeigen Sie in nur wenigen Minuten Social-Share-Buttons auf Ihrer Website von Wix an. Schnelle und einfache Erstellung beliebiger Website-Apps durch Elfsight.","og_url":"https:\/\/elfsight.com\/de\/social-media-share-buttons\/wix\/","og_site_name":"Elfsight DE","article_modified_time":"2025-02-13T11:35:40+00:00","twitter_card":"summary_large_image","twitter_misc":{"Gesch\u00e4tzte Lesezeit":"4\u00a0Minuten"},"schema":{"@context":"https:\/\/schema.org","@graph":[{"@type":"WebPage","@id":"https:\/\/elfsight.com\/de\/social-media-share-buttons\/wix\/","url":"https:\/\/elfsight.com\/de\/social-media-share-buttons\/wix\/","name":"Social Share Buttons \u2013 Share Buttons-App zur Website von Wix hinzuf\u00fcgen","isPartOf":{"@id":"https:\/\/elfsight.com\/de\/#website"},"datePublished":"1970-01-01T00:00:00+00:00","dateModified":"2025-02-13T11:35:40+00:00","description":"Zeigen Sie in nur wenigen Minuten Social-Share-Buttons auf Ihrer Website von Wix an. Schnelle und einfache Erstellung beliebiger Website-Apps durch Elfsight.","breadcrumb":{"@id":"https:\/\/elfsight.com\/de\/social-media-share-buttons\/wix\/#breadcrumb"},"inLanguage":"de","potentialAction":[{"@type":"ReadAction","target":["https:\/\/elfsight.com\/de\/social-media-share-buttons\/wix\/"]}]},{"@type":"BreadcrumbList","@id":"https:\/\/elfsight.com\/de\/social-media-share-buttons\/wix\/#breadcrumb","itemListElement":[{"@type":"ListItem","position":1,"name":"Home","item":"https:\/\/elfsight.com\/de\/"},{"@type":"ListItem","position":2,"name":"Social Share Buttons","item":"https:\/\/elfsight.com\/de\/social-media-share-buttons\/"},{"@type":"ListItem","position":3,"name":"Social Share Buttons &#8211; Wix"}]},{"@type":"WebSite","@id":"https:\/\/elfsight.com\/de\/#website","url":"https:\/\/elfsight.com\/de\/","name":"Elfsight DE","description":"Just another Elfsight Sites site","potentialAction":[{"@type":"SearchAction","target":{"@type":"EntryPoint","urlTemplate":"https:\/\/elfsight.com\/de\/?s={search_term_string}"},"query-input":{"@type":"PropertyValueSpecification","valueRequired":true,"valueName":"search_term_string"}}],"inLanguage":"de"}]}},"meta_box":{"industry":"","seo_heading":"","heading":"","description":"","cta_heading":"","cta_description":"","application":"467","h1":"Social-Share-Buttons f\u00fcr Wix","h1_caption":"F\u00fcgen Sie Ihrer Website Social-Media-Sharing-Buttons hinzu, damit Besucher Ihre Inhalte m\u00fchelos \u00fcber mehrere Plattformen hinweg auf Ihrer Wix-Website teilen k\u00f6nnen.","application_category":[],"applications_title":"","applications_request_title":"","applications_request_button_text":"","hero_text":"","hero_video":"","hero_video_schema_markup":"","selling_points_title":"","selling_points_caption":"","selling_points":[],"selling_points_cta_text":"","features_title":"","features":"","ed_cta_examples_text":"","ed_cta_examples_hidden":"","ed_cta_demo_text":"","ed_cta_demo_hidden":"","why_caption":"","why_editor_title":"","why_editor_text":"","why_team_title":"","why_team_text":"","why_service_title":"","why_service_text":"","template_catalog_visible":"0","template_catalog_title":"","template_catalog_text":"","template_catalog_categories_visible":"","demo_title":"Erstellen Sie Ihre Social Share Buttons-App","demo_caption":"Konfigurieren Sie Ihre Social Share Buttons und f\u00fcgen Sie sie kostenlos zu Ihrer Wix-Website hinzu!","default_faq_hidden":"","app_template_category":[],"platform":"265","template_public_id":"","codecanyon_url":"","codecanyon_item_id":"","codecanyon_price":"","pricing_caption":"","pricing_elfsight_apps_hide_column":"","pricing_elfsight_apps_url":"","pricing_codecanyon_price_caption":"","integration_category":[],"integration_request_title":"","integration_request_cta":"","integration_platform":"","integrations":[],"platform_category":[],"video_schema_markup":"","price":"ab 0 $ \/ Monat","trial":"","benefits":[{"text":"Kostenlose Installationsunterst\u00fctzung"},{"text":"Kompetenter Kundenservice"},{"text":"14-t\u00e4gige R\u00fcckerstattungsgarantie"},{"text":"Kontinuierliche kostenlose Updates"}],"button_url":"#demo","button_target_blank":"0","button_nofollow":"0","attributes":[{"name":"Installiert","content":"10,000 - 100,000"},{"name":"Reaktionsfreudig","content":"Ja"},{"name":"Kompatible Browser","content":"Safari, Chrome, Edge, Opera, Firefox"}],"tags":[],"tags_disable_links":"0","hide_more_platforms":"0","video_object":"","demo_hide_cta":"0","demo_hide_cloud_options":"0","pricing_title":"","pricing":[{"pricing_icon":"platform","pricing_title":"Wix app","pricing_title_caption":"Plattformunabh\u00e4ngige Version, die f\u00fcr jede Website geeignet ist (einschlie\u00dflich Wix)","pricing_price":"ab 0 $ \/ Monat","pricing_price_caption":"Beginnen Sie mit einem kostenlosen Plan","pricing_benefits":[{"text":"Unbegrenzte Anzahl an Websites"},{"text":"Schneller Kundensupport"},{"text":"Kostenlose Installationsunterst\u00fctzung"},{"text":"Sonderangebot f\u00fcr mehrere Apps"}],"pricing_button_text":"Zur Website hinzuf\u00fcgen","pricing_button_url":"#demo"}],"related_apps_title":"","related_apps_hidden":"0","author":"","image":[],"title":"","job":"","social_networks":[]},"_links":{"self":[{"href":"https:\/\/elfsight.com\/de\/wp-json\/wp\/v2\/pages\/17817","targetHints":{"allow":["GET"]}}],"collection":[{"href":"https:\/\/elfsight.com\/de\/wp-json\/wp\/v2\/pages"}],"about":[{"href":"https:\/\/elfsight.com\/de\/wp-json\/wp\/v2\/types\/page"}],"author":[{"embeddable":true,"href":"https:\/\/elfsight.com\/de\/wp-json\/wp\/v2\/users\/9"}],"replies":[{"embeddable":true,"href":"https:\/\/elfsight.com\/de\/wp-json\/wp\/v2\/comments?post=17817"}],"version-history":[{"count":3,"href":"https:\/\/elfsight.com\/de\/wp-json\/wp\/v2\/pages\/17817\/revisions"}],"predecessor-version":[{"id":24106,"href":"https:\/\/elfsight.com\/de\/wp-json\/wp\/v2\/pages\/17817\/revisions\/24106"}],"up":[{"embeddable":true,"href":"https:\/\/elfsight.com\/de\/wp-json\/wp\/v2\/pages\/983"}],"wp:attachment":[{"href":"https:\/\/elfsight.com\/de\/wp-json\/wp\/v2\/media?parent=17817"}],"curies":[{"name":"wp","href":"https:\/\/api.w.org\/{rel}","templated":true}]}}