{"id":17816,"date":"1970-01-01T00:00:00","date_gmt":"1970-01-01T00:00:00","guid":{"rendered":"https:\/\/elfsight.com\/de\/?page_id=17816"},"modified":"2024-11-08T09:20:46","modified_gmt":"2024-11-08T09:20:46","slug":"weebly","status":"publish","type":"page","link":"https:\/\/elfsight.com\/de\/social-media-share-buttons\/weebly\/","title":{"rendered":"Social Share Buttons &#8211; Weebly"},"content":{"rendered":"\n<div class=\"application-platform-content-item-description application-platform-content-item\" id=\"description\" data-nav-section=\"description\">\n<h2>Beschreibung<\/h2>\n<p>Eine einfache Share-App f\u00fcr alle Websites, die es Ihren Lesern erm\u00f6glicht, Inhalte in verschiedenen sozialen Netzwerken zu teilen. Bewerben Sie Ihre Marke in den sozialen Medien und gewinnen Sie neue Abonnenten und Fans mit Ihren attraktiven Website-Ver\u00f6ffentlichungen auf Ihrer pers\u00f6nlichen Website.<\/p>\n<p><b>Erregen Sie mehr Traffic und Follower aus sozialen Netzwerken!<\/b><\/p>\n<ul>\n    <li><b>Effektive Werbung f\u00fcr Inhalte und Produkte in sozialen Medien<\/b>.<br>Das praktische App-Design erm\u00f6glicht das uneingeschr\u00e4nkte Teilen Ihrer Inhalte in allen sozialen Netzwerken.<\/li>\n    <li><b>Verbreiten Sie Ihre Inhalte f\u00fcr eine gr\u00f6\u00dfere \u00d6ffentlichkeit<\/b>.<br>Geben Sie Ihren Benutzern die M\u00f6glichkeit, verlockende Inhalte zu verbreiten, ohne sich darum bem\u00fchen zu m\u00fcssen, Ihr Publikum zu vergr\u00f6\u00dfern.<\/li>\n    <li><b>Erh\u00f6hen Sie die Anzahl der Aufrufe auf Ihrer Website<\/b>.<br>Mit aktiver Pr\u00e4senz in sozialen Medien haben Sie mehr neue Besucher auf Ihrer Website und steigern die Aufrufe.<\/li>\n    <li><b>Erh\u00f6hen Sie die Anzahl der Abonnenten in sozialen Diensten<\/b>.<br>Sind Sie gut darin, spannende Beitr\u00e4ge f\u00fcr Ihre Website zu erstellen? Erm\u00f6glichen Sie Ihren Besuchern, sie mit einem Klick weiterzuverbreiten.<\/li>\n<\/ul>\n<\/div>\n\n<div class=\"application-platform-content-item-features application-platform-content-item\" id=\"features\" data-nav-section=\"features\">\n<h2>Funktionen<\/h2>\n<p>Was Elfsight-Buttons zu den besten unter ihnen macht Weebly-Apps teilen? Sehen Sie sich die Hauptvorteile an:<\/p>\n<ul>\n    <li>Sie k\u00f6nnen die Schaltfl\u00e4chen nach Bedarf duplizieren und neu anordnen;<\/li>\n    <li>Anpassbare Zwischenraumgr\u00f6\u00dfe;<\/li>\n    <li>3 Optionen f\u00fcr die Schaltfl\u00e4chenform;<\/li>\n    <li>3 Farbschemata f\u00fcr Symbole, Hintergrund und Hover;<\/li>\n    <li>Kostenloser Installationsservice.<\/li>\n<\/ul>\n<p><a href=\"#demo\">Entdecken Sie die anderen Eigenschaften in einem kostenlosen Editor<\/a><\/p>\n<\/div>\n\n<div class=\"application-platform-content-item-installation application-platform-content-item\" id=\"installation\" data-nav-section=\"installation\">\n<h2>So f\u00fcgen Sie Share-Buttons zu Weebly hinzu<\/h2>\n<div class=\"video-container\">\n    <iframe src=\"https:\/\/www.youtube.com\/embed\/w4dwp2UXQuI\" width=\"720\" height=\"405\" frameborder=\"0\" allowfullscreen=\"allowfullscreen\"><\/iframe>\n<\/div>\n<p>Eine kurze Beschreibung Anleitung zum Platzieren von Schaltfl\u00e4chen auf Ihrer Website, f\u00fcr die keine Kenntnisse in der Entwicklung oder die Beauftragung eines Nebenprogrammierers erforderlich sind. Sie ben\u00f6tigen lediglich eine Minute Ihrer Zeit.<\/p>\n<ol>\n    <li><b>Starten Sie unsere kostenlose Demo und beginnen Sie mit der Arbeit mit Ihrer eigenen App.<\/b><br> Geben Sie die ausgew\u00e4hlte Form und die Eigenschaften der App an und \u00fcbernehmen Sie alle \u00c4nderungen.<\/li>\n    <li><b>Holen Sie sich Ihren einzigartigen Code, der im Fenster von Elfsight Apps angezeigt wird.<\/b><br> Nachdem die Generierung Ihrer App abgeschlossen ist, kopieren Sie Ihren Code im angezeigten Popup und bewahren Sie ihn zur weiteren Verwendung auf.<\/li>\n    <li><b>Beginn der Nutzung der App auf der Weebly-Seite.<\/b><br> Betten Sie den k\u00fcrzlich gespeicherten Code in Ihre Seite ein und \u00fcbernehmen Sie die Anpassungen.<\/li>\n    <li><b>Die Installation wurde erfolgreich abgeschlossen.<\/b><br> Besuchen Sie Ihre Website, um die Funktionsweise der App anzuzeigen.<\/li>\n<\/ol>\n<p>Suchen Sie Unterst\u00fctzung bei der Installation oder dem Design der App? Die Spezialisten des Elfsight-Hilfezentrums beraten Sie gerne und bieten eine L\u00f6sung an! Sie k\u00f6nnen das Problem auch selbst l\u00f6sen, indem Sie unseren detaillierten Leitfaden \u201e<a href=\"https:\/\/elfsight.com\/tutorials\/how-to-add-social-share-buttons-to-weebly-website\/\" rel=\"noopener noreferrer\">So richten Sie Schaltfl\u00e4chen zum Teilen auf der Weebly-Website ein<\/a>\u201c verwenden.<\/p>\n<\/div>\n\n<div class=\"faq\" data-component=\"FAQ\">\n<div class=\"faq-item\">\r\n\t\t\t\t\t<div class=\"faq-item-question\">\r\n\t\t\t\t\t\t<h3 class=\"faq-item-question-text\">Wie kann ich Social-Share-Buttons ohne Programmierkenntnisse in meine Weebly-Webseite einbetten?<\/h3>\r\n\r\n\t\t\t\t\t\t<div class=\"faq-item-question-icon\"><\/div>\r\n\t\t\t\t\t<\/div>\r\n\r\n\t\t\t\t\t<div class=\"faq-item-answer\">\r\n\t\t\t\t\t\t<div class=\"faq-item-answer-text\">\n<p>Das Unternehmen Elfsight bietet eine SaaS-L\u00f6sung, mit der Benutzer selbst ein Social-Share-Button-Widget erstellen k\u00f6nnen. Entdecken Sie die einfachen Anweisungen:<\/p>\n<ul>\n    <li>Generieren Sie direkt im Live-Editor eine Social-Share-Buttons-App, die Sie gerne auf der Weebly-Website sehen m\u00f6chten.<\/li>\n    <li>W\u00e4hlen Sie eine der vorgefertigten Vorlagen aus, \u00e4ndern Sie die Social-Share-Button-Einstellungen, f\u00fcgen Sie Ihren Inhalt ein und passen Sie das Layout und die Farben ohne Programmierkenntnisse an.<\/li>\n    <li>Speichern Sie die Social-Share-Buttons und erhalten Sie den Installationscode des Plugins, der m\u00fchelos und kostenlos in Ihre Weebly-Website eingef\u00fcgt werden kann.<\/li>\n<\/ul>\n<p>Mit dem benutzerfreundlichen Editor kann jeder Webbenutzer einen Abschnitt mit Social-Share-Schaltfl\u00e4chen erstellen und problemlos auf der Weebly-Website einf\u00fcgen. Sie sollten nicht bezahlen oder Ihre Kartendaten \u00fcbermitteln, um den Service in Anspruch zu nehmen. Sollten bei irgendeinem Schritt Probleme auftreten, wenden Sie sich bitte an unser Support-Team.<\/p>\n<\/div>\r\n\t\t\t\t\t<\/div>\r\n\t\t\t\t<\/div>\n<\/div>\n\n","protected":false},"excerpt":{"rendered":"","protected":false},"author":9,"featured_media":0,"parent":983,"menu_order":0,"comment_status":"closed","ping_status":"closed","template":"templates\/template-application-platform.php","meta":{"publish_to_discourse":"","publish_post_category":"","wpdc_auto_publish_overridden":"","wpdc_topic_tags":"","wpdc_pin_topic":"","wpdc_pin_until":"","discourse_post_id":"","discourse_permalink":"","wpdc_publishing_response":"","wpdc_publishing_error":"","footnotes":""},"class_list":["post-17816","page","type-page","status-publish","hentry"],"yoast_head":"<!-- This site is optimized with the Yoast SEO plugin v25.3.1 - https:\/\/yoast.com\/wordpress\/plugins\/seo\/ -->\n<title>Social-Share-Buttons \u2013 F\u00fcgen Sie Share-Buttons zur Weebly-Website hinzu<\/title>\n<meta name=\"description\" content=\"Integrieren Sie Social Share Buttons in nur wenigen Minuten auf Ihrer Weebly-Website. Schnelle und einfache Einrichtung beliebiger Website-Apps von Elfsight.\" \/>\n<meta name=\"robots\" content=\"index, follow, max-snippet:-1, max-image-preview:large, max-video-preview:-1\" \/>\n<link rel=\"canonical\" href=\"https:\/\/elfsight.com\/de\/social-media-share-buttons\/weebly\/\" \/>\n<meta property=\"og:locale\" content=\"de_DE\" \/>\n<meta property=\"og:type\" content=\"article\" \/>\n<meta property=\"og:title\" content=\"Social-Share-Buttons \u2013 F\u00fcgen Sie Share-Buttons zur Weebly-Website hinzu\" \/>\n<meta property=\"og:description\" content=\"Integrieren Sie Social Share Buttons in nur wenigen Minuten auf Ihrer Weebly-Website. Schnelle und einfache Einrichtung beliebiger Website-Apps von Elfsight.\" \/>\n<meta property=\"og:url\" content=\"https:\/\/elfsight.com\/de\/social-media-share-buttons\/weebly\/\" \/>\n<meta property=\"og:site_name\" content=\"Elfsight DE\" \/>\n<meta property=\"article:modified_time\" content=\"2024-11-08T09:20:46+00:00\" \/>\n<meta name=\"twitter:card\" content=\"summary_large_image\" \/>\n<meta name=\"twitter:label1\" content=\"Gesch\u00e4tzte Lesezeit\" \/>\n\t<meta name=\"twitter:data1\" content=\"4\u00a0Minuten\" \/>\n<!-- \/ Yoast SEO plugin. -->","yoast_head_json":{"title":"Social-Share-Buttons \u2013 F\u00fcgen Sie Share-Buttons zur Weebly-Website hinzu","description":"Integrieren Sie Social Share Buttons in nur wenigen Minuten auf Ihrer Weebly-Website. Schnelle und einfache Einrichtung beliebiger Website-Apps von Elfsight.","robots":{"index":"index","follow":"follow","max-snippet":"max-snippet:-1","max-image-preview":"max-image-preview:large","max-video-preview":"max-video-preview:-1"},"canonical":"https:\/\/elfsight.com\/de\/social-media-share-buttons\/weebly\/","og_locale":"de_DE","og_type":"article","og_title":"Social-Share-Buttons \u2013 F\u00fcgen Sie Share-Buttons zur Weebly-Website hinzu","og_description":"Integrieren Sie Social Share Buttons in nur wenigen Minuten auf Ihrer Weebly-Website. Schnelle und einfache Einrichtung beliebiger Website-Apps von Elfsight.","og_url":"https:\/\/elfsight.com\/de\/social-media-share-buttons\/weebly\/","og_site_name":"Elfsight DE","article_modified_time":"2024-11-08T09:20:46+00:00","twitter_card":"summary_large_image","twitter_misc":{"Gesch\u00e4tzte Lesezeit":"4\u00a0Minuten"},"schema":{"@context":"https:\/\/schema.org","@graph":[{"@type":"WebPage","@id":"https:\/\/elfsight.com\/de\/social-media-share-buttons\/weebly\/","url":"https:\/\/elfsight.com\/de\/social-media-share-buttons\/weebly\/","name":"Social-Share-Buttons \u2013 F\u00fcgen Sie Share-Buttons zur Weebly-Website hinzu","isPartOf":{"@id":"https:\/\/elfsight.com\/de\/#website"},"datePublished":"1970-01-01T00:00:00+00:00","dateModified":"2024-11-08T09:20:46+00:00","description":"Integrieren Sie Social Share Buttons in nur wenigen Minuten auf Ihrer Weebly-Website. Schnelle und einfache Einrichtung beliebiger Website-Apps von Elfsight.","breadcrumb":{"@id":"https:\/\/elfsight.com\/de\/social-media-share-buttons\/weebly\/#breadcrumb"},"inLanguage":"de","potentialAction":[{"@type":"ReadAction","target":["https:\/\/elfsight.com\/de\/social-media-share-buttons\/weebly\/"]}]},{"@type":"BreadcrumbList","@id":"https:\/\/elfsight.com\/de\/social-media-share-buttons\/weebly\/#breadcrumb","itemListElement":[{"@type":"ListItem","position":1,"name":"Home","item":"https:\/\/elfsight.com\/de\/"},{"@type":"ListItem","position":2,"name":"Social Share Buttons","item":"https:\/\/elfsight.com\/de\/social-media-share-buttons\/"},{"@type":"ListItem","position":3,"name":"Social Share Buttons &#8211; Weebly"}]},{"@type":"WebSite","@id":"https:\/\/elfsight.com\/de\/#website","url":"https:\/\/elfsight.com\/de\/","name":"Elfsight DE","description":"Just another Elfsight Sites site","potentialAction":[{"@type":"SearchAction","target":{"@type":"EntryPoint","urlTemplate":"https:\/\/elfsight.com\/de\/?s={search_term_string}"},"query-input":{"@type":"PropertyValueSpecification","valueRequired":true,"valueName":"search_term_string"}}],"inLanguage":"de"}]}},"meta_box":{"industry":"","seo_heading":"","heading":"","description":"","cta_heading":"","cta_description":"","application":"467","h1":"Social-Share-Buttons f\u00fcr Weebly","h1_caption":"F\u00fcgen Sie Ihrer Website Social-Media-Sharing-Buttons hinzu, damit Besucher Ihre Inhalte m\u00fchelos \u00fcber mehrere Plattformen hinweg auf Ihrer Weebly-Website teilen k\u00f6nnen.","application_category":[],"applications_title":"","applications_request_title":"","applications_request_button_text":"","hero_text":"","hero_video":"","hero_video_schema_markup":"","selling_points_title":"","selling_points_caption":"","selling_points":[],"selling_points_cta_text":"","features_title":"","features":"","ed_cta_examples_text":"","ed_cta_examples_hidden":"","ed_cta_demo_text":"","ed_cta_demo_hidden":"","why_caption":"","why_editor_title":"","why_editor_text":"","why_team_title":"","why_team_text":"","why_service_title":"","why_service_text":"","template_catalog_visible":"0","template_catalog_title":"","template_catalog_text":"","template_catalog_categories_visible":"","demo_title":"Erstellen Sie Ihre Social Share Buttons-App","demo_caption":"Konfigurieren Sie Ihre Social Share Buttons und f\u00fcgen Sie sie kostenlos zu Ihrer Weebly-Website hinzu!","default_faq_hidden":"","app_template_category":[],"platform":"249","template_public_id":"","codecanyon_url":"","codecanyon_item_id":"","codecanyon_price":"","pricing_caption":"","pricing_elfsight_apps_hide_column":"","pricing_elfsight_apps_url":"","pricing_codecanyon_price_caption":"","integration_category":[],"integration_request_title":"","integration_request_cta":"","integration_platform":"","integrations":[],"platform_category":[],"video_schema_markup":"","price":"ab 0 $ \/ Monat","trial":"","benefits":[{"text":"Kostenloser Installationsservice"},{"text":"Premium-Support"},{"text":"14-t\u00e4gige Geld-zur\u00fcck-Garantie"},{"text":"Kontinuierliche Verbesserungen"}],"button_url":"#demo","button_target_blank":"0","button_nofollow":"0","attributes":[{"name":"Installiert","content":"10,000 - 100,000"},{"name":"Reaktionsfreudig","content":"Ja"},{"name":"Kompatible Browser","content":"Firefox, Safari, Opera, Chrome, Edge"}],"tags":[],"tags_disable_links":"0","hide_more_platforms":"","video_object":"","demo_hide_cta":"0","demo_hide_cloud_options":"0","pricing_title":"","pricing":[{"pricing_icon":"platform","pricing_title":"Elfsight Apps","pricing_title_caption":"Plattform\u00fcbergreifende Version, die auf jeder Website funktioniert (einschlie\u00dflich Weebly)","pricing_price":"ab 0 $ \/ Monat","pricing_price_caption":"Beginnen Sie mit einem kostenlosen Plan","pricing_benefits":[{"text":"Unbegrenzte Websites"},{"text":"Premium-Support"},{"text":"Kostenloser Installationsservice"},{"text":"Sonderangebot f\u00fcr mehrere Apps"}],"pricing_button_text":"Zur Website hinzuf\u00fcgen","pricing_button_url":"#demo"}],"related_apps_title":"","related_apps_hidden":"0","author":"","image":[],"title":"","job":"","social_networks":[]},"_links":{"self":[{"href":"https:\/\/elfsight.com\/de\/wp-json\/wp\/v2\/pages\/17816","targetHints":{"allow":["GET"]}}],"collection":[{"href":"https:\/\/elfsight.com\/de\/wp-json\/wp\/v2\/pages"}],"about":[{"href":"https:\/\/elfsight.com\/de\/wp-json\/wp\/v2\/types\/page"}],"author":[{"embeddable":true,"href":"https:\/\/elfsight.com\/de\/wp-json\/wp\/v2\/users\/9"}],"replies":[{"embeddable":true,"href":"https:\/\/elfsight.com\/de\/wp-json\/wp\/v2\/comments?post=17816"}],"version-history":[{"count":4,"href":"https:\/\/elfsight.com\/de\/wp-json\/wp\/v2\/pages\/17816\/revisions"}],"predecessor-version":[{"id":22691,"href":"https:\/\/elfsight.com\/de\/wp-json\/wp\/v2\/pages\/17816\/revisions\/22691"}],"up":[{"embeddable":true,"href":"https:\/\/elfsight.com\/de\/wp-json\/wp\/v2\/pages\/983"}],"wp:attachment":[{"href":"https:\/\/elfsight.com\/de\/wp-json\/wp\/v2\/media?parent=17816"}],"curies":[{"name":"wp","href":"https:\/\/api.w.org\/{rel}","templated":true}]}}