{"id":17815,"date":"1970-01-01T00:00:00","date_gmt":"1970-01-01T00:00:00","guid":{"rendered":"https:\/\/elfsight.com\/de\/?page_id=17815"},"modified":"2025-02-13T10:23:00","modified_gmt":"2025-02-13T10:23:00","slug":"jquery","status":"publish","type":"page","link":"https:\/\/elfsight.com\/de\/social-media-share-buttons\/jquery\/","title":{"rendered":"Social Share Buttons &#8211; jQuery"},"content":{"rendered":"\n<div class=\"application-platform-content-item-description application-platform-content-item\" id=\"description\" data-nav-section=\"description\"><h2>Beschreibung<\/h2><p>Ein einfaches Share-Plugin f\u00fcr alle Websites, das Ihren Besuchern erm\u00f6glicht, Inhalte in verschiedenen sozialen Medien erneut zu ver\u00f6ffentlichen. Bauen Sie die Pr\u00e4senz Ihres Unternehmens in sozialen Netzwerken aus und gewinnen Sie mehr Follower und Fans mithilfe hochwertiger Inhalte auf Ihrer Website.<\/p><p><b>Finden Sie mehr Aufrufe und Follower aus sozialen Netzwerken!<\/b><\/p><ul><li><b>Maximale Verbreitung von Inhalten und Artikeln in sozialen Medien<\/b>.<br>Dank des effektiven Designs und der Funktionen des Plugins erhalten Ihre Inhalte mit nur einem Klick eine starke Werbung in allen sozialen Medien Netzwerke ohne gro\u00dfen Aufwand.<\/li><li><b>Bewerben Sie Ihre ansprechenden Inhalte, um mehr Zuschauer zu haben<\/b>.<br>Geben Sie Ihren Kunden die M\u00f6glichkeit, hochwertige Inhalte ohne gro\u00dfen Aufwand und sofort auf ein neues Niveau zu bewerben \u00f6ffentlich.<\/li><li><b>St\u00e4rken Sie die SEO-Optimierung Ihrer Website<\/b>.<br>Erh\u00f6hen Sie die Klicks auf Ihre Website mit sozialen Netzwerken, um die soziale Akzeptanz Ihrer Website zu steigern und die Ergebnisse der Bewertung durch Suchmaschinen zu verbessern.<\/li><li><b>Die Anzahl der Leser in sozialen Medien verdoppeln<\/b>.<br>Ver\u00f6ffentlichen Sie spannende Beitr\u00e4ge auf Ihrer Website? Lassen Sie Benutzer sie jetzt selbst bewerben, indem sie die Ver\u00f6ffentlichungen f\u00fcr ihre Leser teilen.<\/li><\/ul><\/div><div class=\"application-platform-content-item-features application-platform-content-item\" id=\"features\" data-nav-section=\"features\"><h2>Funktionen<\/h2><p>Was unser Plugin ausmacht der beste unter den jQuery-Social-Media-Share-Buttons? Entdecken Sie unsere Hauptpunkte:<\/p><ul><li>\u00dcber 40 eingebettete soziale Netzwerke;<\/li><li>2 Layouts: Inline und Floating;<\/li><li>3 Optionen f\u00fcr die Schaltfl\u00e4chenform;<\/li><li>5 Animationstypen verf\u00fcgbar;<\/li><li>Premium-Support durch ein professionelles Team.<\/li><\/ul><p><a href=\"#demo\">Weitere Funktionen in einem kostenlosen Editor<\/a><\/p><\/div><div class=\"application-platform-content-item-installation application-platform-content-item\" id=\"installation\" data-nav-section=\"installation\"><h2>So f\u00fcgen Sie Social-Share-Buttons zur jQuery-Website hinzu<\/h2><p>Ein kurzer Plan zum Hinzuf\u00fcgen von Buttons ohne Programmierkenntnisse oder die Einstellung eines professioneller Entwickler. F\u00fcr die Anleitung ben\u00f6tigen Sie 3 Minuten.<\/p><ol><li><b>Erstellen Sie Ihre pers\u00f6nlichen Social Buttons<\/b>.<br> Stellen Sie mit Hilfe unseres kostenlosen Konfigurators ein Plugin im passenden Look zusammen , Kapazit\u00e4ten und Layouts (inline oder schwebend).<\/li><li><b>Besorgen Sie sich einen Code zum Anzeigen des Plugins<\/b>.<br> \u00dcberpr\u00fcfen Sie nach der Erstellung des Widgets eine Popup-Benachrichtigung auf Elfsight Apps f\u00fcr einen Installationscode f\u00fcr Ihre jQuery Social Media Buttons.<\/li><li><b>Zeigen Sie das Plugin auf Ihrer Website an<\/b>.<br> F\u00fcgen Sie das Plugin an der ben\u00f6tigten Stelle der Seite hinzu und \u00fcbernehmen Sie die \u00c4nderungen.<\/li><li><b>Du bist fertig!<\/b><br> Gehen Sie auf Ihre Website, um das Ergebnis der Arbeit zu sehen.<\/li><\/ol><p>Suche Unterst\u00fctzung bei Platzierung oder Einstellung der Share-Buttons? Das Elfsight-Supportteam hilft Ihnen gerne weiter und bietet eine L\u00f6sung an! Sie k\u00f6nnen das Problem auch selbst l\u00f6sen, indem Sie unseren Artikel \u201e<a href=\"https:\/\/elfsight.com\/tutorials\/how-to-add-social-share-buttons-to-jquery\/\" target=\"_blank\" rel=\"lesen noopener\">So f\u00fcgen Sie Share-Buttons auf einer jQuery-Site hinzu<\/a>&#8222;.<\/p><\/div><div class=\"faq\" data-component=\"FAQ\"><div class=\"faq-item\">\r\n\t\t\t\t\t<div class=\"faq-item-question\">\r\n\t\t\t\t\t\t<h3 class=\"faq-item-question-text\">Gibt es eine M\u00f6glichkeit daf\u00fcr Hinzuf\u00fcgen von Social-Share-Buttons zu meiner jQuery-Site ohne Programmiererfahrung?<\/h3>\r\n\r\n\t\t\t\t\t\t<div class=\"faq-item-question-icon\"><\/div>\r\n\t\t\t\t\t<\/div>\r\n\r\n\t\t\t\t\t<div class=\"faq-item-answer\">\r\n\t\t\t\t\t\t<div class=\"faq-item-answer-text\"> Gehen Sie zum Online-Editor, um eine Social-Share-Buttons-App zu erstellen, die Sie auf der jQuery-Website hinzuf\u00fcgen m\u00f6chten.<\/li><li>W\u00e4hlen Sie eine der vielen vorgefertigten Vorlagen aus und passen Sie die Social-Share-Button-Einstellungen an, f\u00fcgen Sie Ihre Inhalte ein, \u00c4ndern Sie das Layout und die Farben ohne Codierung.<\/li><li>Klicken Sie, um die Social Share Buttons zu speichern und den Code f\u00fcr die Installation zu erhalten, den Sie einfach kostenlos in jede jQuery-Site einf\u00fcgen k\u00f6nnen.<\/li><\/ul><p>Mit dem unkomplizierten Editor kann jeder Internetnutzer einen Abschnitt mit Social-Share-Schaltfl\u00e4chen erstellen und ihn m\u00fchelos in die jQuery-Webseite einbinden. Sie sollten keinen kostenpflichtigen Plan abschlie\u00dfen oder Ihre Kartendaten eingeben, um den Editor aufzurufen. Wenn Sie auf Probleme jeglicher Art sto\u00dfen, z\u00f6gern Sie bitte nicht, mit unserem Kundensupport zu sprechen.<\/p><\/div>\r\n\t\t\t\t\t<\/div>\r\n\t\t\t\t<\/div><\/div>\n","protected":false},"excerpt":{"rendered":"","protected":false},"author":9,"featured_media":0,"parent":983,"menu_order":0,"comment_status":"closed","ping_status":"closed","template":"templates\/template-application-platform.php","meta":{"publish_to_discourse":"","publish_post_category":"","wpdc_auto_publish_overridden":"","wpdc_topic_tags":"","wpdc_pin_topic":"","wpdc_pin_until":"","discourse_post_id":"","discourse_permalink":"","wpdc_publishing_response":"","wpdc_publishing_error":"","footnotes":""},"class_list":["post-17815","page","type-page","status-publish","hentry"],"yoast_head":"<!-- This site is optimized with the Yoast SEO plugin v25.3.1 - https:\/\/yoast.com\/wordpress\/plugins\/seo\/ -->\n<title>jQuery Social Share Buttons-Plugin f\u00fcr die Website (einfach und kostenlos)<\/title>\n<meta name=\"description\" content=\"Platzieren Sie Social Share Buttons in nur wenigen Minuten auf Ihrer JQuery-Site. Schnelle und einfache Gestaltung verschiedener Website-Plugins durch Elfsight.\" \/>\n<meta name=\"robots\" content=\"index, follow, max-snippet:-1, max-image-preview:large, max-video-preview:-1\" \/>\n<link rel=\"canonical\" href=\"https:\/\/elfsight.com\/de\/social-media-share-buttons\/jquery\/\" \/>\n<meta property=\"og:locale\" content=\"de_DE\" \/>\n<meta property=\"og:type\" content=\"article\" \/>\n<meta property=\"og:title\" content=\"jQuery Social Share Buttons-Plugin f\u00fcr die Website (einfach und kostenlos)\" \/>\n<meta property=\"og:description\" content=\"Platzieren Sie Social Share Buttons in nur wenigen Minuten auf Ihrer JQuery-Site. Schnelle und einfache Gestaltung verschiedener Website-Plugins durch Elfsight.\" \/>\n<meta property=\"og:url\" content=\"https:\/\/elfsight.com\/de\/social-media-share-buttons\/jquery\/\" \/>\n<meta property=\"og:site_name\" content=\"Elfsight DE\" \/>\n<meta property=\"article:modified_time\" content=\"2025-02-13T10:23:00+00:00\" \/>\n<meta name=\"twitter:card\" content=\"summary_large_image\" \/>\n<meta name=\"twitter:label1\" content=\"Gesch\u00e4tzte Lesezeit\" \/>\n\t<meta name=\"twitter:data1\" content=\"3\u00a0Minuten\" \/>\n<!-- \/ Yoast SEO plugin. -->","yoast_head_json":{"title":"jQuery Social Share Buttons-Plugin f\u00fcr die Website (einfach und kostenlos)","description":"Platzieren Sie Social Share Buttons in nur wenigen Minuten auf Ihrer JQuery-Site. Schnelle und einfache Gestaltung verschiedener Website-Plugins durch Elfsight.","robots":{"index":"index","follow":"follow","max-snippet":"max-snippet:-1","max-image-preview":"max-image-preview:large","max-video-preview":"max-video-preview:-1"},"canonical":"https:\/\/elfsight.com\/de\/social-media-share-buttons\/jquery\/","og_locale":"de_DE","og_type":"article","og_title":"jQuery Social Share Buttons-Plugin f\u00fcr die Website (einfach und kostenlos)","og_description":"Platzieren Sie Social Share Buttons in nur wenigen Minuten auf Ihrer JQuery-Site. Schnelle und einfache Gestaltung verschiedener Website-Plugins durch Elfsight.","og_url":"https:\/\/elfsight.com\/de\/social-media-share-buttons\/jquery\/","og_site_name":"Elfsight DE","article_modified_time":"2025-02-13T10:23:00+00:00","twitter_card":"summary_large_image","twitter_misc":{"Gesch\u00e4tzte Lesezeit":"3\u00a0Minuten"},"schema":{"@context":"https:\/\/schema.org","@graph":[{"@type":"WebPage","@id":"https:\/\/elfsight.com\/de\/social-media-share-buttons\/jquery\/","url":"https:\/\/elfsight.com\/de\/social-media-share-buttons\/jquery\/","name":"jQuery Social Share Buttons-Plugin f\u00fcr die Website (einfach und kostenlos)","isPartOf":{"@id":"https:\/\/elfsight.com\/de\/#website"},"datePublished":"1970-01-01T00:00:00+00:00","dateModified":"2025-02-13T10:23:00+00:00","description":"Platzieren Sie Social Share Buttons in nur wenigen Minuten auf Ihrer JQuery-Site. Schnelle und einfache Gestaltung verschiedener Website-Plugins durch Elfsight.","breadcrumb":{"@id":"https:\/\/elfsight.com\/de\/social-media-share-buttons\/jquery\/#breadcrumb"},"inLanguage":"de","potentialAction":[{"@type":"ReadAction","target":["https:\/\/elfsight.com\/de\/social-media-share-buttons\/jquery\/"]}]},{"@type":"BreadcrumbList","@id":"https:\/\/elfsight.com\/de\/social-media-share-buttons\/jquery\/#breadcrumb","itemListElement":[{"@type":"ListItem","position":1,"name":"Home","item":"https:\/\/elfsight.com\/de\/"},{"@type":"ListItem","position":2,"name":"Social Share Buttons","item":"https:\/\/elfsight.com\/de\/social-media-share-buttons\/"},{"@type":"ListItem","position":3,"name":"Social Share Buttons &#8211; jQuery"}]},{"@type":"WebSite","@id":"https:\/\/elfsight.com\/de\/#website","url":"https:\/\/elfsight.com\/de\/","name":"Elfsight DE","description":"Just another Elfsight Sites site","potentialAction":[{"@type":"SearchAction","target":{"@type":"EntryPoint","urlTemplate":"https:\/\/elfsight.com\/de\/?s={search_term_string}"},"query-input":{"@type":"PropertyValueSpecification","valueRequired":true,"valueName":"search_term_string"}}],"inLanguage":"de"}]}},"meta_box":{"industry":"","seo_heading":"","heading":"","description":"","cta_heading":"","cta_description":"","application":"467","h1":"jQuery Social Share Buttons-Plugin","h1_caption":"F\u00fcgen Sie Ihrer Website Schaltfl\u00e4chen zum Teilen in sozialen Medien hinzu, damit Besucher Ihre Inhalte m\u00fchelos \u00fcber mehrere Plattformen hinweg auf Ihrer jQuery-Website teilen k\u00f6nnen.","application_category":[],"applications_title":"","applications_request_title":"","applications_request_button_text":"","hero_text":"","hero_video":"","hero_video_schema_markup":"","selling_points_title":"","selling_points_caption":"","selling_points":[],"selling_points_cta_text":"","features_title":"","features":"","ed_cta_examples_text":"","ed_cta_examples_hidden":"","ed_cta_demo_text":"","ed_cta_demo_hidden":"","why_caption":"","why_editor_title":"","why_editor_text":"","why_team_title":"","why_team_text":"","why_service_title":"","why_service_text":"","template_catalog_visible":"0","template_catalog_title":"","template_catalog_text":"","template_catalog_categories_visible":"","demo_title":"Erstellen Sie Ihr Social Share Buttons-Plugin","demo_caption":"Konfigurieren Sie Ihre Social Share Buttons und f\u00fcgen Sie sie kostenlos zu Ihrer jQuery-Website hinzu!","default_faq_hidden":"","app_template_category":[],"platform":"258","template_public_id":"","codecanyon_url":"","codecanyon_item_id":"","codecanyon_price":"","pricing_caption":"","pricing_elfsight_apps_hide_column":"","pricing_elfsight_apps_url":"","pricing_codecanyon_price_caption":"","integration_category":[],"integration_request_title":"","integration_request_cta":"","integration_platform":"","integrations":[],"platform_category":[],"video_schema_markup":"","price":"ab 0 $ \/ Monat","trial":"","benefits":[{"text":"Kostenloser Installationsservice"},{"text":"Effektiver Kundenservice"},{"text":"14-t\u00e4gige R\u00fcckerstattungsgarantie"},{"text":"Regelm\u00e4\u00dfige Verbesserungen"}],"button_url":"#demo","button_target_blank":"0","button_nofollow":"0","attributes":[{"name":"Installiert","content":"10,000 - 100,000"},{"name":"Reaktionsfreudig","content":"Ja"},{"name":"Kompatible Browser","content":"Firefox, Safari, Opera, Chrome, Edge"}],"tags":[],"tags_disable_links":"0","hide_more_platforms":"0","video_object":"","demo_hide_cta":"0","demo_hide_cloud_options":"0","pricing_title":"","pricing":[{"pricing_icon":"platform","pricing_title":"jQuery plugin","pricing_title_caption":"Plattform\u00fcbergreifende digitale L\u00f6sung, die auf jedem Standort funktioniert","pricing_price":"ab 0 $ \/ Monat","pricing_price_caption":"Beginnen Sie mit einem kostenlosen Plan","pricing_benefits":[{"text":"Unbegrenzte Websites"},{"text":"Engagierter Support und gut dokumentiert"},{"text":"Kostenlose Installationsunterst\u00fctzung"},{"text":"Flexibles Design"}],"pricing_button_text":"Zur Website hinzuf\u00fcgen","pricing_button_url":"#demo"}],"related_apps_title":"","related_apps_hidden":"0","author":"","image":[],"title":"","job":"","social_networks":[]},"_links":{"self":[{"href":"https:\/\/elfsight.com\/de\/wp-json\/wp\/v2\/pages\/17815","targetHints":{"allow":["GET"]}}],"collection":[{"href":"https:\/\/elfsight.com\/de\/wp-json\/wp\/v2\/pages"}],"about":[{"href":"https:\/\/elfsight.com\/de\/wp-json\/wp\/v2\/types\/page"}],"author":[{"embeddable":true,"href":"https:\/\/elfsight.com\/de\/wp-json\/wp\/v2\/users\/9"}],"replies":[{"embeddable":true,"href":"https:\/\/elfsight.com\/de\/wp-json\/wp\/v2\/comments?post=17815"}],"version-history":[{"count":3,"href":"https:\/\/elfsight.com\/de\/wp-json\/wp\/v2\/pages\/17815\/revisions"}],"predecessor-version":[{"id":24082,"href":"https:\/\/elfsight.com\/de\/wp-json\/wp\/v2\/pages\/17815\/revisions\/24082"}],"up":[{"embeddable":true,"href":"https:\/\/elfsight.com\/de\/wp-json\/wp\/v2\/pages\/983"}],"wp:attachment":[{"href":"https:\/\/elfsight.com\/de\/wp-json\/wp\/v2\/media?parent=17815"}],"curies":[{"name":"wp","href":"https:\/\/api.w.org\/{rel}","templated":true}]}}