{"id":17810,"date":"1970-01-01T00:00:00","date_gmt":"1970-01-01T00:00:00","guid":{"rendered":"https:\/\/elfsight.com\/de\/?page_id=17810"},"modified":"2025-02-13T10:34:38","modified_gmt":"2025-02-13T10:34:38","slug":"elementor","status":"publish","type":"page","link":"https:\/\/elfsight.com\/de\/social-media-share-buttons\/elementor\/","title":{"rendered":"Social Share Buttons &#8211; Elementor"},"content":{"rendered":"\n<div class=\"application-platform-content-item-description application-platform-content-item\" id=\"description\" data-nav-section=\"description\"><h2>Embed Social Share Buttons auf Elementor mit dem Elfsight-Widget<\/h2><p>Ein effektives Share-Plugin f\u00fcr alle Websites, das Ihnen helfen wird Leser verbreiten die Inhalte, die ihnen gefallen, in allen sozialen Medien. Helfen Sie mit, Ihr Unternehmen auf Facebook, Twitter, Medium und anderen Plattformen auszubauen. Und erreichen Sie mehr Abonnenten und Fans mit Hilfe individueller Ver\u00f6ffentlichungen auf Ihrer pers\u00f6nlichen Website.<\/p><p><b>Gewinnen Sie mehr Aufrufe und Follower aus sozialen Medien!<\/b><\/p><p><b>Verbreitung Fesselnde Inhalte f\u00fcr ein breiteres Publikum<\/b><br> Bieten Sie Ihren Besuchern die M\u00f6glichkeit, verlockende Inhalte m\u00fchelos zu verbreiten und sofort ein neues Publikum anzusprechen.<\/p><p><b>Steigern Sie die Besuche auf Ihrer Website<\/b><br> Gewinnen Sie neue Nutzer auf Ihrer Website, indem Sie sich aktiv in sozialen Netzwerken positionieren und die Anzahl der Besuche steigern.<\/p><p><b>Erh\u00f6hen Sie die Anzahl der Leser in sozialen Medien<\/b> <br> Verlockende Inhalte auf Ihrer Website ver\u00f6ffentlichen? Lassen Sie die Leser jetzt selbst f\u00fcr Sie werben und Ver\u00f6ffentlichungen f\u00fcr ihre Abonnenten platzieren.<\/p><\/div><div class=\"application-platform-content-item-features application-platform-content-item\" id=\"features\" data-nav-section=\"features\"><h2>Hauptfunktionen des Social Share Buttons-Widgets<\/h2><p>Warum? Sind Elfsight-Buttons die besten Elementor-Share-Plugins? \u00dcberpr\u00fcfen Sie die wichtigsten Funktionen des Plugins:<\/p><ul><li>Platzieren Sie eine unbegrenzte Anzahl von Schaltfl\u00e4chen;<\/li><li>Links, rechts oder mittig ausgerichtete Schaltfl\u00e4chen;<\/li><li> Schaltfl\u00e4chenbreite festlegen;<\/li><li>Anpassbare Transparenz der Schaltfl\u00e4chen;<\/li><li>Live-Updates werden st\u00e4ndig ver\u00f6ffentlicht.<\/li><\/ul><p><a href=\"#demo\"> Testen Sie alle Vorteile in einem kostenlosen Konfigurator<\/a><\/p><\/div><div class=\"application-platform-content-item-installation application-platform-content-item\" id=\"installation\" data-nav-section=\"installation\"><h2>So f\u00fcgen Sie Social Share Buttons zur Elementor-Website hinzu<\/h2><div class=\"video-container\"><iframe width=\"560\" height=\"315\" src=\"https:\/\/www.youtube.com\/embed\/DzEEgArEdtA?si=KZZsoY4KkPEUlRdZ\" frameborder=\"0\" allow=\"accelerometer; autoplay; clipboard-write; encrypted-media; gyroscope; picture-in-picture; web-share\" allowfullscreen><\/iframe><\/div> <p>Hier finden Sie eine kurze Anleitung zum Einrichten der Schaltfl\u00e4chen ohne Erfahrung in der Webentwicklung oder Hilfe eines professionellen Entwicklers. Sie ben\u00f6tigen nur 3 Minuten, um die Anleitung auszuf\u00fchren.<\/p><ol><li><b>Entwerfen Sie Ihre personalisierten Social Buttons<\/b><br>Generieren Sie mit unserem kostenlosen Editor ein Plugin und w\u00e4hlen Sie eine Vorlage aus und andere Parameter.<\/li><li><b>Holen Sie sich den Installationscode zum Hinzuf\u00fcgen des Plugins zu Ihrer Website<\/b><br>Nach der Widget-Erstellung erhalten Sie Ihren eindeutigen Code f\u00fcr das Share-Plugin aus dem erscheinenden Fenster von Elfsight Apps.<\/li><li><b>Zeigen Sie das Plugin auf der Elementor-Site an<\/b><br>W\u00e4hlen Sie die Seite und den Bereich aus, in dem Sie das Plugin haben m\u00f6chten, f\u00fcgen Sie dort den Installationscode ein und ver\u00f6ffentlichen Sie die \u00c4nderungen.<\/li> <li><b>Fertig!<\/b><br>Betreten Sie Ihre Website, um Ihre Arbeit zu sehen.<\/li><\/ol><p>Ben\u00f6tigen Sie Unterst\u00fctzung bei der Installation oder Anpassung des Plugins? Das Elfsight-Team hilft Ihnen gerne weiter und bietet eine L\u00f6sung!<\/p><div class=\"faq\" data-component=\"FAQ\"><div class=\"faq-item\">\r\n\t\t\t\t\t<div class=\"faq-item-question\">\r\n\t\t\t\t\t\t<h3 class=\"faq-item-question-text\">Wie kann ich Elementor Social Share Buttons ohne Programmierkenntnisse in meine Squarespace-Website einbetten?<\/h3>\r\n\r\n\t\t\t\t\t\t<div class=\"faq-item-question-icon\"><\/div>\r\n\t\t\t\t\t<\/div>\r\n\r\n\t\t\t\t\t<div class=\"faq-item-answer\">\r\n\t\t\t\t\t\t<div class=\"faq-item-answer-text\"><p>Elfsight bietet eine Cloud- Sehen Sie sich an, wie unkompliziert der Prozess ist:<\/p><ul><li>\u00d6ffnen Sie den Online-Editor, um einen Elementor Social Share Buttons-Abschnitt zu erstellen, den Sie integrieren m\u00f6chten Ihre Squarespace-Website.<\/li><li>W\u00e4hlen Sie eine unserer vorgefertigten Vorlagen und passen Sie die Einstellungen der Elementor Social Share Buttons an, \u00e4ndern Sie das Layout und das Farbschema und f\u00fcgen Sie Ihre Inhalte ein, ohne dass eine Programmierung erforderlich ist.<\/li><li>Speichern Sie die Einstellungen, die Sie f\u00fcr die Elementor Social Share Buttons konfiguriert haben, und erhalten Sie den Code des Widgets zum Einbetten, der m\u00fchelos und kostenlos zu Ihrer Squarespace-Site hinzugef\u00fcgt werden kann.<\/li><\/ul><p>Durch die Arbeit im Mit dem benutzerfreundlichen Editor kann jeder Internetnutzer einen Elementor Social Share Buttons-Bereich erstellen und ihn in seine Squarespace-Website einbetten. F\u00fcr den Zugriff auf den Elfsight-Editor ist keine Zahlung oder Offenlegung Ihrer Karteninformationen erforderlich. Sollten Sie zu irgendeinem Zeitpunkt auf Schwierigkeiten sto\u00dfen, wenden Sie sich bitte an unseren Kundensupport.<\/p><\/div>\r\n\t\t\t\t\t<\/div>\r\n\t\t\t\t<\/div><\/div><\/div>\n","protected":false},"excerpt":{"rendered":"","protected":false},"author":9,"featured_media":0,"parent":983,"menu_order":0,"comment_status":"closed","ping_status":"closed","template":"templates\/template-application-platform.php","meta":{"publish_to_discourse":"","publish_post_category":"","wpdc_auto_publish_overridden":"","wpdc_topic_tags":"","wpdc_pin_topic":"","wpdc_pin_until":"","discourse_post_id":"","discourse_permalink":"","wpdc_publishing_response":"","wpdc_publishing_error":"","footnotes":""},"class_list":["post-17810","page","type-page","status-publish","hentry"],"yoast_head":"<!-- This site is optimized with the Yoast SEO plugin v25.3.1 - https:\/\/yoast.com\/wordpress\/plugins\/seo\/ -->\n<title>Social-Share-Buttons f\u00fcr die Elementor-Website (2025)<\/title>\n<meta name=\"description\" content=\"Integrieren Sie Social Share Buttons in nur wenigen Minuten auf Ihrer Elementor-Website. Sofortige und einfache Einrichtung verschiedener Website-Plugins durch Elfsight.\" \/>\n<meta name=\"robots\" content=\"index, follow, max-snippet:-1, max-image-preview:large, max-video-preview:-1\" \/>\n<link rel=\"canonical\" href=\"https:\/\/elfsight.com\/de\/social-media-share-buttons\/elementor\/\" \/>\n<meta property=\"og:locale\" content=\"de_DE\" \/>\n<meta property=\"og:type\" content=\"article\" \/>\n<meta property=\"og:title\" content=\"Social-Share-Buttons f\u00fcr die Elementor-Website (2025)\" \/>\n<meta property=\"og:description\" content=\"Integrieren Sie Social Share Buttons in nur wenigen Minuten auf Ihrer Elementor-Website. Sofortige und einfache Einrichtung verschiedener Website-Plugins durch Elfsight.\" \/>\n<meta property=\"og:url\" content=\"https:\/\/elfsight.com\/de\/social-media-share-buttons\/elementor\/\" \/>\n<meta property=\"og:site_name\" content=\"Elfsight DE\" \/>\n<meta property=\"article:modified_time\" content=\"2025-02-13T10:34:38+00:00\" \/>\n<meta name=\"twitter:card\" content=\"summary_large_image\" \/>\n<meta name=\"twitter:label1\" content=\"Gesch\u00e4tzte Lesezeit\" \/>\n\t<meta name=\"twitter:data1\" content=\"3\u00a0Minuten\" \/>\n<!-- \/ Yoast SEO plugin. -->","yoast_head_json":{"title":"Social-Share-Buttons f\u00fcr die Elementor-Website (2025)","description":"Integrieren Sie Social Share Buttons in nur wenigen Minuten auf Ihrer Elementor-Website. Sofortige und einfache Einrichtung verschiedener Website-Plugins durch Elfsight.","robots":{"index":"index","follow":"follow","max-snippet":"max-snippet:-1","max-image-preview":"max-image-preview:large","max-video-preview":"max-video-preview:-1"},"canonical":"https:\/\/elfsight.com\/de\/social-media-share-buttons\/elementor\/","og_locale":"de_DE","og_type":"article","og_title":"Social-Share-Buttons f\u00fcr die Elementor-Website (2025)","og_description":"Integrieren Sie Social Share Buttons in nur wenigen Minuten auf Ihrer Elementor-Website. Sofortige und einfache Einrichtung verschiedener Website-Plugins durch Elfsight.","og_url":"https:\/\/elfsight.com\/de\/social-media-share-buttons\/elementor\/","og_site_name":"Elfsight DE","article_modified_time":"2025-02-13T10:34:38+00:00","twitter_card":"summary_large_image","twitter_misc":{"Gesch\u00e4tzte Lesezeit":"3\u00a0Minuten"},"schema":{"@context":"https:\/\/schema.org","@graph":[{"@type":"WebPage","@id":"https:\/\/elfsight.com\/de\/social-media-share-buttons\/elementor\/","url":"https:\/\/elfsight.com\/de\/social-media-share-buttons\/elementor\/","name":"Social-Share-Buttons f\u00fcr die Elementor-Website (2025)","isPartOf":{"@id":"https:\/\/elfsight.com\/de\/#website"},"datePublished":"1970-01-01T00:00:00+00:00","dateModified":"2025-02-13T10:34:38+00:00","description":"Integrieren Sie Social Share Buttons in nur wenigen Minuten auf Ihrer Elementor-Website. Sofortige und einfache Einrichtung verschiedener Website-Plugins durch Elfsight.","breadcrumb":{"@id":"https:\/\/elfsight.com\/de\/social-media-share-buttons\/elementor\/#breadcrumb"},"inLanguage":"de","potentialAction":[{"@type":"ReadAction","target":["https:\/\/elfsight.com\/de\/social-media-share-buttons\/elementor\/"]}]},{"@type":"BreadcrumbList","@id":"https:\/\/elfsight.com\/de\/social-media-share-buttons\/elementor\/#breadcrumb","itemListElement":[{"@type":"ListItem","position":1,"name":"Home","item":"https:\/\/elfsight.com\/de\/"},{"@type":"ListItem","position":2,"name":"Social Share Buttons","item":"https:\/\/elfsight.com\/de\/social-media-share-buttons\/"},{"@type":"ListItem","position":3,"name":"Social Share Buttons &#8211; Elementor"}]},{"@type":"WebSite","@id":"https:\/\/elfsight.com\/de\/#website","url":"https:\/\/elfsight.com\/de\/","name":"Elfsight DE","description":"Just another Elfsight Sites site","potentialAction":[{"@type":"SearchAction","target":{"@type":"EntryPoint","urlTemplate":"https:\/\/elfsight.com\/de\/?s={search_term_string}"},"query-input":{"@type":"PropertyValueSpecification","valueRequired":true,"valueName":"search_term_string"}}],"inLanguage":"de"}]}},"meta_box":{"industry":"","seo_heading":"","heading":"","description":"","cta_heading":"","cta_description":"","application":"467","h1":"Elementor-Social-Share-Buttons","h1_caption":"F\u00fcgen Sie Ihrer Website Social-Media-Sharing-Buttons hinzu, damit Besucher Ihre Inhalte m\u00fchelos \u00fcber mehrere Plattformen hinweg auf Ihrer Elementor-Website teilen k\u00f6nnen.","application_category":[],"applications_title":"","applications_request_title":"","applications_request_button_text":"","hero_text":"","hero_video":"","hero_video_schema_markup":"","selling_points_title":"","selling_points_caption":"","selling_points":[],"selling_points_cta_text":"","features_title":"","features":"","ed_cta_examples_text":"","ed_cta_examples_hidden":"","ed_cta_demo_text":"","ed_cta_demo_hidden":"","why_caption":"","why_editor_title":"","why_editor_text":"","why_team_title":"","why_team_text":"","why_service_title":"","why_service_text":"","template_catalog_visible":"0","template_catalog_title":"","template_catalog_text":"","template_catalog_categories_visible":"","demo_title":"Erstellen Sie Ihr Social-Share-Buttons-Widget","demo_caption":"Konfigurieren Sie Ihre Social Share Buttons und f\u00fcgen Sie sie kostenlos zu Ihrer Elementor-Website hinzu!","default_faq_hidden":"","app_template_category":[],"platform":"223","template_public_id":"","codecanyon_url":"","codecanyon_item_id":"","codecanyon_price":"","pricing_caption":"","pricing_elfsight_apps_hide_column":"","pricing_elfsight_apps_url":"","pricing_codecanyon_price_caption":"","integration_category":[],"integration_request_title":"","integration_request_cta":"","integration_platform":"","integrations":[],"platform_category":[],"video_schema_markup":"","price":"ab 0 $ \/ Monat","trial":"","benefits":[{"text":"Kostenlose Installationshilfe"},{"text":"Au\u00dfergew\u00f6hnlicher Support"},{"text":"14-t\u00e4gige R\u00fcckerstattungsgarantie"},{"text":"Lebenslange Updates"}],"button_url":"#demo","button_target_blank":"0","button_nofollow":"0","attributes":[{"name":"Installiert","content":"10,000 - 100,000"},{"name":"Reaktionsfreudig","content":"Ja"},{"name":"Kompatible Browser","content":"Firefox, Safari, Opera, Chrome, Edge"}],"tags":[],"tags_disable_links":"0","hide_more_platforms":"0","video_object":"","demo_hide_cta":"0","demo_hide_cloud_options":"0","pricing_title":"","pricing":[{"pricing_icon":"platform","pricing_title":"Elfsight Apps","pricing_title_caption":"Multiplattform-L\u00f6sung, die f\u00fcr jeden Standort geeignet ist","pricing_price":"ab 0 $ \/ Monat","pricing_price_caption":"Beginnen Sie mit einem kostenlosen Plan","pricing_benefits":[{"text":"Unbegrenzte Domains"},{"text":"Schnelle Unternehmensunterst\u00fctzung"},{"text":"Kostenloser Installationssupport"},{"text":"Sonderpreis f\u00fcr mehrere Apps"}],"pricing_button_text":"Zur Website hinzuf\u00fcgen","pricing_button_url":"#demo"}],"related_apps_title":"","related_apps_hidden":"0","author":"","image":[],"title":"","job":"","social_networks":[]},"_links":{"self":[{"href":"https:\/\/elfsight.com\/de\/wp-json\/wp\/v2\/pages\/17810","targetHints":{"allow":["GET"]}}],"collection":[{"href":"https:\/\/elfsight.com\/de\/wp-json\/wp\/v2\/pages"}],"about":[{"href":"https:\/\/elfsight.com\/de\/wp-json\/wp\/v2\/types\/page"}],"author":[{"embeddable":true,"href":"https:\/\/elfsight.com\/de\/wp-json\/wp\/v2\/users\/9"}],"replies":[{"embeddable":true,"href":"https:\/\/elfsight.com\/de\/wp-json\/wp\/v2\/comments?post=17810"}],"version-history":[{"count":3,"href":"https:\/\/elfsight.com\/de\/wp-json\/wp\/v2\/pages\/17810\/revisions"}],"predecessor-version":[{"id":24088,"href":"https:\/\/elfsight.com\/de\/wp-json\/wp\/v2\/pages\/17810\/revisions\/24088"}],"up":[{"embeddable":true,"href":"https:\/\/elfsight.com\/de\/wp-json\/wp\/v2\/pages\/983"}],"wp:attachment":[{"href":"https:\/\/elfsight.com\/de\/wp-json\/wp\/v2\/media?parent=17810"}],"curies":[{"name":"wp","href":"https:\/\/api.w.org\/{rel}","templated":true}]}}