{"id":17809,"date":"1970-01-01T00:00:00","date_gmt":"1970-01-01T00:00:00","guid":{"rendered":"https:\/\/elfsight.com\/de\/?page_id=17809"},"modified":"2025-02-13T10:31:20","modified_gmt":"2025-02-13T10:31:20","slug":"iframe","status":"publish","type":"page","link":"https:\/\/elfsight.com\/de\/social-media-share-buttons\/iframe\/","title":{"rendered":"Social Share Buttons &#8211; iFrame"},"content":{"rendered":"\n<div class=\"application-platform-content-item-description application-platform-content-item\" id=\"description\" data-nav-section=\"description\"><h2>Embed Social Share Buttons auf iFrame mit dem Elfsight-Widget<\/h2><p>Ein effektives Share-Plugin f\u00fcr jede Website, das Ihren Kunden erm\u00f6glicht Inhalte in verschiedenen sozialen Medien zu verbreiten. Steigern Sie die Pr\u00e4senz Ihres Unternehmens auf Facebook, LinkedIn und anderen Medien und gewinnen Sie neue Follower und Fans mit den Inhalten Ihrer Website.<\/p> <p><b>Erhalten Sie zus\u00e4tzliche Aufrufe und Follower aus sozialen Medien!<\/b><\/p> <p><b>Maximale Verbreitung von Inhalten und Artikeln in sozialen Medien<\/b><br> Durch die Verwendung verschiedener Design- und Funktionalit\u00e4tsoptionen werden Ihre Inhalte mit nur einem Klick in allen sozialen Netzwerken wirkungsvoll geteilt.<\/p><p><b>Zeigen Sie Ihre ansprechenden Beitr\u00e4ge einem breiteren Publikum<\/b><br> Bieten Sie Ihren Nutzern die M\u00f6glichkeit, Ihre Inhalte zu verbreiten, ohne sich darum bem\u00fchen zu m\u00fcssen, ein gr\u00f6\u00dferes Publikum zu gewinnen.<\/p><p><b>Erh\u00f6hen Sie den Traffic auf Ihrer Website<\/b><br> Ziehen Sie durch aktive Pr\u00e4senz in sozialen Medien neue Benutzer auf Ihre Website und steigern Sie die Anzahl der Klicks.<\/p><p><b>Eine effektive M\u00f6glichkeit, neue Abonnenten zu gewinnen soziale Netzwerke<\/b><br> Platzieren Sie spannende Inhalte und geben Sie Ihren Lesern die M\u00f6glichkeit, diese auf ihren eigenen Profilen in sozialen Netzwerken zu bewerben.<\/p><\/div><div class=\"application-platform-content-item-features application-platform-content-item\" id=\"features\" data-nav-section=\"features\"><h2>Hauptfunktionen des Social Share Buttons-Widgets<\/h2><p>Was macht unsere Buttons zum besten aller IFrame-Share-Plugins? Entdecken Sie unsere strategischen Merkmale:<\/p><ul><li>\u00dcber 40 eingebettete soziale Netzwerke;<\/li><li>2 Layouts: Inline und Floating;<\/li><li>Platzieren Sie eine unbegrenzte Anzahl von Schaltfl\u00e4chen;<\/li><li>Legen Sie eine beliebige Anzahl von Spalten fest, um die Schaltfl\u00e4chen zu organisieren.<\/li><li>Legen Sie die Schaltfl\u00e4chenbreite fest.<\/li><\/ul><p><a href=\"#demo\">Mehr Optionen in einem kostenlose Demo<\/a><\/p><\/div><div class=\"application-platform-content-item-installation application-platform-content-item\" id=\"installation\" data-nav-section=\"installation\"><h2>So f\u00fcgen Sie Share-Buttons zu iFrame hinzu<\/h2><p>Hier finden Sie eine kurze Anleitung zur Integration von Share-Buttons in eine Website ohne Codierung. Sie ben\u00f6tigen nur 2 Minuten, um das Tutorial durchzuf\u00fchren.<\/p><ol><li><b>Erstellen Sie Ihr personalisiertes Share-Plugin<\/b><br> Richten Sie dann mit Hilfe unseres kostenlosen Editors ein Plugin ein Passen Sie das Layout und den Stil an. <\/li><li><b>Erhalten Sie den individuellen Code zum Anzeigen des Plugins<\/b><br> Nachdem Sie Ihr Plugin konfiguriert haben, erhalten Sie den eindeutigen Code aus dem angezeigten Fenster auf Elfsight Apps. Kopieren Sie den Code f\u00fcr die zuk\u00fcnftige Verwendung. <\/li> <li><b>Zeigen Sie das Plugin auf Ihrer iFrame-Website an<\/b><br> W\u00e4hlen Sie den Bereich aus, in dem Sie das Plugin anzeigen m\u00f6chten, und f\u00fcgen Sie den kopierten Code dort ein. Speichern Sie die Ergebnisse. <\/li> <li><b>Die Einrichtung ist abgeschlossen<\/b><br> Betreten Sie die Seite, um Ihre Schaltfl\u00e4chen anzuzeigen. <\/li> <\/ol><p>Ben\u00f6tigen Sie Hilfe bei der Einrichtung oder dem Design des Plugins? Unser Team steht Ihnen mit Rat und Tat zur Seite und bietet Ihnen eine L\u00f6sung! Sie k\u00f6nnen auch versuchen, die Frage selbst in Angriff zu nehmen, indem Sie unser ausf\u00fchrliches Handbuch \u201eSo platzieren Sie Share-Buttons auf einer iFrame-Website\u201c verwenden.<\/p><\/div><div class=\"faq\" data-component=\"FAQ\"><div class=\"faq-item\">\r\n\t\t\t\t\t<div class=\"faq-item-question\">\r\n\t\t\t\t\t\t<h3 class=\"faq-item-question-text\">Wie f\u00fcge ich Social Share Buttons zu meiner iFrame-Webseite hinzu, ohne zu programmieren?<\/h3>\r\n\r\n\t\t\t\t\t\t<div class=\"faq-item-question-icon\"><\/div>\r\n\t\t\t\t\t<\/div>\r\n\r\n\t\t\t\t\t<div class=\"faq-item-answer\">\r\n\t\t\t\t\t\t<div class=\"faq-item-answer-text\"><p>Das Unternehmen Elfsight bietet eine Cloud-L\u00f6sung an, mit der Sie selbst eine Social Share Buttons-App erstellen k\u00f6nnen. Sehen Sie sich die unkomplizierte Anleitung an: <\/p><ul> <li>Gehen Sie zum Live-Editor, um ein Social-Share-Buttons-Plugin einzurichten, das Sie auf der iFrame-Webseite einbinden m\u00f6chten.<\/li><li>W\u00e4hlen Sie eine unserer vorgefertigten Vorlagen aus, passen Sie die Einstellungen f\u00fcr Social-Share-Buttons an und \u00e4ndern Sie die Layout und Farbschema, f\u00fcgen Sie Ihre Inhalte ohne Programmierkenntnisse hinzu.<\/li><li>Speichern Sie die Social Share Buttons und erhalten Sie den Plugin-Code zur Installation, den Sie im Rahmen eines kostenlosen Plans m\u00fchelos in die iFrame-Website einbinden k\u00f6nnen.<\/li> <\/ul><p>Mit dem intuitiven Editor kann jeder Webbenutzer online eine Social Share Buttons-App erstellen und diese problemlos in jede iFrame-Webseite einbinden. F\u00fcr den Zugriff auf Elfsight Editor ist keine Zahlung oder Offenlegung Ihrer Kartendaten erforderlich. Sollten Sie bei irgendeinem Schritt auf Probleme sto\u00dfen, z\u00f6gern Sie nicht, mit unserem Kundensupport zu sprechen.<\/p><\/div>\r\n\t\t\t\t\t<\/div>\r\n\t\t\t\t<\/div><\/div>\n","protected":false},"excerpt":{"rendered":"","protected":false},"author":9,"featured_media":0,"parent":983,"menu_order":0,"comment_status":"closed","ping_status":"closed","template":"templates\/template-application-platform.php","meta":{"publish_to_discourse":"","publish_post_category":"","wpdc_auto_publish_overridden":"","wpdc_topic_tags":"","wpdc_pin_topic":"","wpdc_pin_until":"","discourse_post_id":"","discourse_permalink":"","wpdc_publishing_response":"","wpdc_publishing_error":"","footnotes":""},"class_list":["post-17809","page","type-page","status-publish","hentry"],"yoast_head":"<!-- This site is optimized with the Yoast SEO plugin v25.3.1 - https:\/\/yoast.com\/wordpress\/plugins\/seo\/ -->\n<title>iFrame Social Share Button f\u00fcr Ihre Website (kostenlos und schnell)<\/title>\n<meta name=\"description\" content=\"Zeigen Sie in wenigen Minuten das Widget \u201eSocial Share Buttons\u201c auf Ihrer iFrame-Website an. Sofortige und einfache Einrichtung eines beliebigen Website-Plugins von Elfsight.\" \/>\n<meta name=\"robots\" content=\"index, follow, max-snippet:-1, max-image-preview:large, max-video-preview:-1\" \/>\n<link rel=\"canonical\" href=\"https:\/\/elfsight.com\/de\/social-media-share-buttons\/iframe\/\" \/>\n<meta property=\"og:locale\" content=\"de_DE\" \/>\n<meta property=\"og:type\" content=\"article\" \/>\n<meta property=\"og:title\" content=\"iFrame Social Share Button f\u00fcr Ihre Website (kostenlos und schnell)\" \/>\n<meta property=\"og:description\" content=\"Zeigen Sie in wenigen Minuten das Widget \u201eSocial Share Buttons\u201c auf Ihrer iFrame-Website an. Sofortige und einfache Einrichtung eines beliebigen Website-Plugins von Elfsight.\" \/>\n<meta property=\"og:url\" content=\"https:\/\/elfsight.com\/de\/social-media-share-buttons\/iframe\/\" \/>\n<meta property=\"og:site_name\" content=\"Elfsight DE\" \/>\n<meta property=\"article:modified_time\" content=\"2025-02-13T10:31:20+00:00\" \/>\n<meta name=\"twitter:card\" content=\"summary_large_image\" \/>\n<meta name=\"twitter:label1\" content=\"Gesch\u00e4tzte Lesezeit\" \/>\n\t<meta name=\"twitter:data1\" content=\"4\u00a0Minuten\" \/>\n<!-- \/ Yoast SEO plugin. -->","yoast_head_json":{"title":"iFrame Social Share Button f\u00fcr Ihre Website (kostenlos und schnell)","description":"Zeigen Sie in wenigen Minuten das Widget \u201eSocial Share Buttons\u201c auf Ihrer iFrame-Website an. Sofortige und einfache Einrichtung eines beliebigen Website-Plugins von Elfsight.","robots":{"index":"index","follow":"follow","max-snippet":"max-snippet:-1","max-image-preview":"max-image-preview:large","max-video-preview":"max-video-preview:-1"},"canonical":"https:\/\/elfsight.com\/de\/social-media-share-buttons\/iframe\/","og_locale":"de_DE","og_type":"article","og_title":"iFrame Social Share Button f\u00fcr Ihre Website (kostenlos und schnell)","og_description":"Zeigen Sie in wenigen Minuten das Widget \u201eSocial Share Buttons\u201c auf Ihrer iFrame-Website an. Sofortige und einfache Einrichtung eines beliebigen Website-Plugins von Elfsight.","og_url":"https:\/\/elfsight.com\/de\/social-media-share-buttons\/iframe\/","og_site_name":"Elfsight DE","article_modified_time":"2025-02-13T10:31:20+00:00","twitter_card":"summary_large_image","twitter_misc":{"Gesch\u00e4tzte Lesezeit":"4\u00a0Minuten"},"schema":{"@context":"https:\/\/schema.org","@graph":[{"@type":"WebPage","@id":"https:\/\/elfsight.com\/de\/social-media-share-buttons\/iframe\/","url":"https:\/\/elfsight.com\/de\/social-media-share-buttons\/iframe\/","name":"iFrame Social Share Button f\u00fcr Ihre Website (kostenlos und schnell)","isPartOf":{"@id":"https:\/\/elfsight.com\/de\/#website"},"datePublished":"1970-01-01T00:00:00+00:00","dateModified":"2025-02-13T10:31:20+00:00","description":"Zeigen Sie in wenigen Minuten das Widget \u201eSocial Share Buttons\u201c auf Ihrer iFrame-Website an. Sofortige und einfache Einrichtung eines beliebigen Website-Plugins von Elfsight.","breadcrumb":{"@id":"https:\/\/elfsight.com\/de\/social-media-share-buttons\/iframe\/#breadcrumb"},"inLanguage":"de","potentialAction":[{"@type":"ReadAction","target":["https:\/\/elfsight.com\/de\/social-media-share-buttons\/iframe\/"]}]},{"@type":"BreadcrumbList","@id":"https:\/\/elfsight.com\/de\/social-media-share-buttons\/iframe\/#breadcrumb","itemListElement":[{"@type":"ListItem","position":1,"name":"Home","item":"https:\/\/elfsight.com\/de\/"},{"@type":"ListItem","position":2,"name":"Social Share Buttons","item":"https:\/\/elfsight.com\/de\/social-media-share-buttons\/"},{"@type":"ListItem","position":3,"name":"Social Share Buttons &#8211; iFrame"}]},{"@type":"WebSite","@id":"https:\/\/elfsight.com\/de\/#website","url":"https:\/\/elfsight.com\/de\/","name":"Elfsight DE","description":"Just another Elfsight Sites site","potentialAction":[{"@type":"SearchAction","target":{"@type":"EntryPoint","urlTemplate":"https:\/\/elfsight.com\/de\/?s={search_term_string}"},"query-input":{"@type":"PropertyValueSpecification","valueRequired":true,"valueName":"search_term_string"}}],"inLanguage":"de"}]}},"meta_box":{"industry":"","seo_heading":"","heading":"","description":"","cta_heading":"","cta_description":"","application":"467","h1":"iFrame-Social-Share-Schaltfl\u00e4chen","h1_caption":"F\u00fcgen Sie Ihrer Website Social-Media-Sharing-Schaltfl\u00e4chen hinzu, damit Besucher Ihre Inhalte m\u00fchelos \u00fcber mehrere Plattformen hinweg auf Ihrer iFrame-Website teilen k\u00f6nnen.","application_category":[],"applications_title":"","applications_request_title":"","applications_request_button_text":"","hero_text":"","hero_video":"","hero_video_schema_markup":"","selling_points_title":"","selling_points_caption":"","selling_points":[],"selling_points_cta_text":"","features_title":"","features":"","ed_cta_examples_text":"","ed_cta_examples_hidden":"","ed_cta_demo_text":"","ed_cta_demo_hidden":"","why_caption":"","why_editor_title":"","why_editor_text":"","why_team_title":"","why_team_text":"","why_service_title":"","why_service_text":"","template_catalog_visible":"0","template_catalog_title":"","template_catalog_text":"","template_catalog_categories_visible":"","demo_title":"Erstellen Sie Ihr Social-Share-Buttons-Widget","demo_caption":"Konfigurieren Sie Ihre Social Share Buttons und f\u00fcgen Sie sie kostenlos zu Ihrer iFrame-Website hinzu!","default_faq_hidden":"","app_template_category":[],"platform":"240","template_public_id":"","codecanyon_url":"","codecanyon_item_id":"","codecanyon_price":"","pricing_caption":"","pricing_elfsight_apps_hide_column":"","pricing_elfsight_apps_url":"","pricing_codecanyon_price_caption":"","integration_category":[],"integration_request_title":"","integration_request_cta":"","integration_platform":"","integrations":[],"platform_category":[],"video_schema_markup":"","price":"ab 0 $ \/ Monat","trial":"","benefits":[{"text":"Kostenlose Installationshilfe"},{"text":"Erfahrener Kundensupport"},{"text":"14-t\u00e4gige R\u00fcckerstattungsgarantie"},{"text":"Regelm\u00e4\u00dfige kostenlose Verbesserungen"}],"button_url":"#demo","button_target_blank":"0","button_nofollow":"0","attributes":[{"name":"Installiert","content":"10,000 - 100,000"},{"name":"Reaktionsfreudig","content":"Ja"},{"name":"Kompatible Browser","content":"Firefox, Opera, Edge, Safari, Chrome"}],"tags":[],"tags_disable_links":"0","hide_more_platforms":"0","video_object":"","demo_hide_cta":"0","demo_hide_cloud_options":"0","pricing_title":"","pricing":[{"pricing_icon":"platform","pricing_title":"Elfsight Apps","pricing_title_caption":"Plattform\u00fcbergreifende Software, die auf jeder Website funktioniert","pricing_price":"ab 0 $ \/ Monat","pricing_price_caption":"Beginnen Sie mit einem kostenlosen Plan","pricing_benefits":[{"text":"Unbegrenzte Websites"},{"text":"Schneller Kundensupport"},{"text":"Kostenlose Installationsunterst\u00fctzung"},{"text":"100 % anpassbar"}],"pricing_button_text":"Zur Website hinzuf\u00fcgen","pricing_button_url":"#demo"}],"related_apps_title":"","related_apps_hidden":"0","author":"","image":[],"title":"","job":"","social_networks":[]},"_links":{"self":[{"href":"https:\/\/elfsight.com\/de\/wp-json\/wp\/v2\/pages\/17809","targetHints":{"allow":["GET"]}}],"collection":[{"href":"https:\/\/elfsight.com\/de\/wp-json\/wp\/v2\/pages"}],"about":[{"href":"https:\/\/elfsight.com\/de\/wp-json\/wp\/v2\/types\/page"}],"author":[{"embeddable":true,"href":"https:\/\/elfsight.com\/de\/wp-json\/wp\/v2\/users\/9"}],"replies":[{"embeddable":true,"href":"https:\/\/elfsight.com\/de\/wp-json\/wp\/v2\/comments?post=17809"}],"version-history":[{"count":2,"href":"https:\/\/elfsight.com\/de\/wp-json\/wp\/v2\/pages\/17809\/revisions"}],"predecessor-version":[{"id":24086,"href":"https:\/\/elfsight.com\/de\/wp-json\/wp\/v2\/pages\/17809\/revisions\/24086"}],"up":[{"embeddable":true,"href":"https:\/\/elfsight.com\/de\/wp-json\/wp\/v2\/pages\/983"}],"wp:attachment":[{"href":"https:\/\/elfsight.com\/de\/wp-json\/wp\/v2\/media?parent=17809"}],"curies":[{"name":"wp","href":"https:\/\/api.w.org\/{rel}","templated":true}]}}