{"id":17808,"date":"1970-01-01T00:00:00","date_gmt":"1970-01-01T00:00:00","guid":{"rendered":"https:\/\/elfsight.com\/de\/?page_id=17808"},"modified":"2025-02-13T11:40:53","modified_gmt":"2025-02-13T11:40:53","slug":"woocommerce","status":"publish","type":"page","link":"https:\/\/elfsight.com\/de\/social-media-share-buttons\/woocommerce\/","title":{"rendered":"Social Share Buttons &#8211; WooCommerce"},"content":{"rendered":"\n<div class=\"application-platform-content-item-description application-platform-content-item\" id=\"description\" data-nav-section=\"description\"><h2>Beschreibung<\/h2><p>Elfsight Social Share Buttons ist ein einfaches Plugin f\u00fcr alle Websites, das Ihren Besuchern hilft, Daten und Seiten zu verbreiten in allen sozialen Netzwerken. Beginnen Sie mit der Werbung f\u00fcr Ihre Marke in den sozialen Medien und gewinnen Sie mehr Follower und Leser mit hochwertigen Inhalten auf Ihrer pers\u00f6nlichen Website.<\/p><p><b>Gewinnen Sie zus\u00e4tzliche Aufrufe und Leser aus den sozialen Medien!<\/b><\/p><\/div> <div class=\"application-platform-content-item-features application-platform-content-item\" id=\"features\" data-nav-section=\"features\"><h2>Wir bieten wertvolle und schnelle Funktionen, sehen Sie sich einige davon an:<\/h2><ul><li>Maximale Abdeckung von Inhalten und Produkten in sozialen Netzwerken;<\/li> <li>Teilen Sie ansprechende Inhalte f\u00fcr mehr \u00d6ffentlichkeit;<\/li><li>Steigern Sie die Klicks auf Ihrer Website;<\/li><li>Verdoppeln Sie die Anzahl der Follower in sozialen Netzwerken.<\/li><\/ul><p> <a href=\"#demo\">Die volle Funktionalit\u00e4t des Widgets k\u00f6nnen Sie gleich hier in der Demo erfahren<\/a><\/p><\/div><div class=\"application-platform-content-item-installation application-platform-content-item\" id=\"installation\" data-nav-section=\"installation\"><h2>Wie mache ich Social Share Buttons in meine WooCommerce-Website einbetten?<\/h2><p>F\u00fchren Sie einfach die unten beschriebenen Schritte aus, um mit der Arbeit mit dem Tool zu beginnen.<\/p><ol><li><b>Starten Sie unseren kostenlosen Konfigurator und beginnen Sie mit der Erstellung Ihres einzigartiges Widget.<\/b><br>Finden Sie das bevorzugte Design und die Eigenschaften des Tools und wenden Sie die Korrekturen an.<\/li><li><b>Lassen Sie sich den individuellen Code in der Box auf Elfsight Apps anzeigen.<\/b> <br>Sobald die Einrichtung Ihres Tools abgeschlossen ist, kopieren Sie den exklusiven Code im angezeigten Popup und speichern Sie ihn zur sp\u00e4teren Verwendung.<\/li><li><b>Beginnen Sie mit der Verwendung des Tools auf der WooCommerce-Seite. <\/b><br>Implementieren Sie den k\u00fcrzlich auf Ihrer Homepage gespeicherten Code und speichern Sie die Verbesserungen.<\/li><li><b>Fertig! Die Einrichtung wurde erfolgreich abgeschlossen.<\/b><br>Besuchen Sie Ihre Webseite, um zu sehen, wie das Plugin funktioniert.<\/li><\/ol><p>Wenn Sie auf Hindernisse sto\u00dfen, scheuen Sie sich nicht, unserem Support zu schreiben Team. Unsere Mitarbeiter helfen Ihnen gerne bei allen Problemen, die Sie mit dem Plugin haben k\u00f6nnten.<\/p><\/div><div class=\"faq\" data-component=\"FAQ\"><div class=\"faq-item\">\r\n\t\t\t\t\t<div class=\"faq-item-question\">\r\n\t\t\t\t\t\t<h3 class=\"faq-item-question-text\">Wie kann ich Social-Share-Buttons in mein WooCommerce einbetten, ohne Codierung?<\/h3>\r\n\r\n\t\t\t\t\t\t<div class=\"faq-item-question-icon\"><\/div>\r\n\t\t\t\t\t<\/div>\r\n\r\n\t\t\t\t\t<div class=\"faq-item-answer\">\r\n\t\t\t\t\t\t<div class=\"faq-item-answer-text\"> Erstellen Sie mit der Online-Demo ein Social-Share-Buttons-Plugin, das Sie gerne auf der WooCommerce-Webseite sehen m\u00f6chten.<\/li><li>Klicken Sie auf eine der vorgefertigten Vorlagen und \u00e4ndern Sie die Einstellungen f\u00fcr die Social-Share-Buttons, \u00e4ndern Sie das Layout und das Farbschema. Binden Sie Ihre Inhalte ohne jegliche Programmiererfahrung ein.<\/li><li>Klicken Sie, um die Social-Share-Buttons zu speichern und den Code zur Installation zu kopieren, den Sie m\u00fchelos und kostenlos in Ihre WooCommerce-Webseite einf\u00fcgen k\u00f6nnen.<\/li><\/ul> <p>Mit unserem unkomplizierten Konfigurator kann jeder Webbenutzer online ein Social-Share-Buttons-Plugin erstellen und es einfach zu seiner WooCommerce-Homepage hinzuf\u00fcgen. F\u00fcr den Zugriff auf den Elfsight Editor ist es nicht erforderlich, zu bezahlen oder Ihre Kartendaten offenzulegen. Sollten Sie auf Hindernisse jeglicher Art sto\u00dfen, z\u00f6gern Sie bitte nicht, sich an unsere Mitarbeiter des technischen Supports zu wenden.<\/p><\/div>\r\n\t\t\t\t\t<\/div>\r\n\t\t\t\t<\/div><\/div>\n","protected":false},"excerpt":{"rendered":"","protected":false},"author":9,"featured_media":0,"parent":983,"menu_order":0,"comment_status":"closed","ping_status":"closed","template":"templates\/template-application-platform.php","meta":{"publish_to_discourse":"","publish_post_category":"","wpdc_auto_publish_overridden":"","wpdc_topic_tags":"","wpdc_pin_topic":"","wpdc_pin_until":"","discourse_post_id":"","discourse_permalink":"","wpdc_publishing_response":"","wpdc_publishing_error":"","footnotes":""},"class_list":["post-17808","page","type-page","status-publish","hentry"],"yoast_head":"<!-- This site is optimized with the Yoast SEO plugin v25.3.1 - https:\/\/yoast.com\/wordpress\/plugins\/seo\/ -->\n<title>WooCommerce Social Share Buttons-Plugin f\u00fcr Ihre Website (2026)<\/title>\n<meta name=\"description\" content=\"Integrieren Sie Social Share Buttons in nur wenigen Minuten auf Ihrer WooCommerce-Website. Sofortige und einfache Einrichtung aller Website-Plugins durch Elfsight.\" \/>\n<meta name=\"robots\" content=\"index, follow, max-snippet:-1, max-image-preview:large, max-video-preview:-1\" \/>\n<link rel=\"canonical\" href=\"https:\/\/elfsight.com\/de\/social-media-share-buttons\/woocommerce\/\" \/>\n<meta property=\"og:locale\" content=\"de_DE\" \/>\n<meta property=\"og:type\" content=\"article\" \/>\n<meta property=\"og:title\" content=\"WooCommerce Social Share Buttons-Plugin f\u00fcr Ihre Website (2026)\" \/>\n<meta property=\"og:description\" content=\"Integrieren Sie Social Share Buttons in nur wenigen Minuten auf Ihrer WooCommerce-Website. Sofortige und einfache Einrichtung aller Website-Plugins durch Elfsight.\" \/>\n<meta property=\"og:url\" content=\"https:\/\/elfsight.com\/de\/social-media-share-buttons\/woocommerce\/\" \/>\n<meta property=\"og:site_name\" content=\"Elfsight DE\" \/>\n<meta property=\"article:modified_time\" content=\"2025-02-13T11:40:53+00:00\" \/>\n<meta name=\"twitter:card\" content=\"summary_large_image\" \/>\n<meta name=\"twitter:label1\" content=\"Gesch\u00e4tzte Lesezeit\" \/>\n\t<meta name=\"twitter:data1\" content=\"3\u00a0Minuten\" \/>\n<!-- \/ Yoast SEO plugin. -->","yoast_head_json":{"title":"WooCommerce Social Share Buttons-Plugin f\u00fcr Ihre Website (2026)","description":"Integrieren Sie Social Share Buttons in nur wenigen Minuten auf Ihrer WooCommerce-Website. Sofortige und einfache Einrichtung aller Website-Plugins durch Elfsight.","robots":{"index":"index","follow":"follow","max-snippet":"max-snippet:-1","max-image-preview":"max-image-preview:large","max-video-preview":"max-video-preview:-1"},"canonical":"https:\/\/elfsight.com\/de\/social-media-share-buttons\/woocommerce\/","og_locale":"de_DE","og_type":"article","og_title":"WooCommerce Social Share Buttons-Plugin f\u00fcr Ihre Website (2026)","og_description":"Integrieren Sie Social Share Buttons in nur wenigen Minuten auf Ihrer WooCommerce-Website. Sofortige und einfache Einrichtung aller Website-Plugins durch Elfsight.","og_url":"https:\/\/elfsight.com\/de\/social-media-share-buttons\/woocommerce\/","og_site_name":"Elfsight DE","article_modified_time":"2025-02-13T11:40:53+00:00","twitter_card":"summary_large_image","twitter_misc":{"Gesch\u00e4tzte Lesezeit":"3\u00a0Minuten"},"schema":{"@context":"https:\/\/schema.org","@graph":[{"@type":"WebPage","@id":"https:\/\/elfsight.com\/de\/social-media-share-buttons\/woocommerce\/","url":"https:\/\/elfsight.com\/de\/social-media-share-buttons\/woocommerce\/","name":"WooCommerce Social Share Buttons-Plugin f\u00fcr Ihre Website (2026)","isPartOf":{"@id":"https:\/\/elfsight.com\/de\/#website"},"datePublished":"1970-01-01T00:00:00+00:00","dateModified":"2025-02-13T11:40:53+00:00","description":"Integrieren Sie Social Share Buttons in nur wenigen Minuten auf Ihrer WooCommerce-Website. Sofortige und einfache Einrichtung aller Website-Plugins durch Elfsight.","breadcrumb":{"@id":"https:\/\/elfsight.com\/de\/social-media-share-buttons\/woocommerce\/#breadcrumb"},"inLanguage":"de","potentialAction":[{"@type":"ReadAction","target":["https:\/\/elfsight.com\/de\/social-media-share-buttons\/woocommerce\/"]}]},{"@type":"BreadcrumbList","@id":"https:\/\/elfsight.com\/de\/social-media-share-buttons\/woocommerce\/#breadcrumb","itemListElement":[{"@type":"ListItem","position":1,"name":"Home","item":"https:\/\/elfsight.com\/de\/"},{"@type":"ListItem","position":2,"name":"Social Share Buttons","item":"https:\/\/elfsight.com\/de\/social-media-share-buttons\/"},{"@type":"ListItem","position":3,"name":"Social Share Buttons &#8211; WooCommerce"}]},{"@type":"WebSite","@id":"https:\/\/elfsight.com\/de\/#website","url":"https:\/\/elfsight.com\/de\/","name":"Elfsight DE","description":"Just another Elfsight Sites site","potentialAction":[{"@type":"SearchAction","target":{"@type":"EntryPoint","urlTemplate":"https:\/\/elfsight.com\/de\/?s={search_term_string}"},"query-input":{"@type":"PropertyValueSpecification","valueRequired":true,"valueName":"search_term_string"}}],"inLanguage":"de"}]}},"meta_box":{"industry":"","seo_heading":"","heading":"","description":"","cta_heading":"","cta_description":"","application":"467","h1":"Social-Share-Buttons f\u00fcr WooCommerce","h1_caption":"F\u00fcgen Sie Ihrer Website Social-Media-Sharing-Buttons hinzu, damit Besucher Ihre Inhalte m\u00fchelos \u00fcber mehrere Plattformen hinweg auf Ihrer WooCommerce-Website teilen k\u00f6nnen.","application_category":[],"applications_title":"","applications_request_title":"","applications_request_button_text":"","hero_text":"","hero_video":"","hero_video_schema_markup":"","selling_points_title":"","selling_points_caption":"","selling_points":[],"selling_points_cta_text":"","features_title":"","features":"","ed_cta_examples_text":"","ed_cta_examples_hidden":"","ed_cta_demo_text":"","ed_cta_demo_hidden":"","why_caption":"","why_editor_title":"","why_editor_text":"","why_team_title":"","why_team_text":"","why_service_title":"","why_service_text":"","template_catalog_visible":"0","template_catalog_title":"","template_catalog_text":"","template_catalog_categories_visible":"","demo_title":"Erstellen Sie Ihre Social Share Buttons-App","demo_caption":"Konfigurieren Sie Ihre Social Share Buttons und f\u00fcgen Sie sie kostenlos zu Ihrer WooCommerce-Website hinzu!","default_faq_hidden":"","app_template_category":[],"platform":"200","template_public_id":"","codecanyon_url":"","codecanyon_item_id":"","codecanyon_price":"","pricing_caption":"","pricing_elfsight_apps_hide_column":"","pricing_elfsight_apps_url":"","pricing_codecanyon_price_caption":"","integration_category":[],"integration_request_title":"","integration_request_cta":"","integration_platform":"","integrations":[],"platform_category":[],"video_schema_markup":"","price":"ab 0 $ \/ Monat","trial":"","benefits":[{"text":"Kostenlose Installationsunterst\u00fctzung"},{"text":"Erfahrener Kundensupport"},{"text":"14-t\u00e4gige R\u00fcckerstattungsgarantie"},{"text":"Regelm\u00e4\u00dfige Verbesserungen"}],"button_url":"#demo","button_target_blank":"0","button_nofollow":"0","attributes":[{"name":"Installiert","content":"10,000 - 100,000"},{"name":"Reaktionsfreudig","content":"Ja"},{"name":"Kompatible Browser","content":"Firefox, Safari, Opera, Chrome, Edge"}],"tags":[],"tags_disable_links":"0","hide_more_platforms":"0","video_object":"","demo_hide_cta":"0","demo_hide_cloud_options":"0","pricing_title":"","pricing":[{"pricing_icon":"platform","pricing_title":"Elfsight Apps","pricing_title_caption":"Elfsight Apps Plattform\u00fcbergreifende L\u00f6sung, die f\u00fcr jede Website geeignet ist","pricing_price":"ab 0 $ \/ Monat","pricing_price_caption":"Beginnen Sie mit einem kostenlosen Plan","pricing_benefits":[{"text":"Unbegrenzte Domains"},{"text":"Support rund um die Uhr und gut dokumentiert"},{"text":"Kostenlose Installationshilfe"},{"text":"Flexibles Design"}],"pricing_button_text":"Zur Website hinzuf\u00fcgen","pricing_button_url":"#demo"}],"related_apps_title":"","related_apps_hidden":"0","author":"","image":[],"title":"","job":"","social_networks":[]},"_links":{"self":[{"href":"https:\/\/elfsight.com\/de\/wp-json\/wp\/v2\/pages\/17808","targetHints":{"allow":["GET"]}}],"collection":[{"href":"https:\/\/elfsight.com\/de\/wp-json\/wp\/v2\/pages"}],"about":[{"href":"https:\/\/elfsight.com\/de\/wp-json\/wp\/v2\/types\/page"}],"author":[{"embeddable":true,"href":"https:\/\/elfsight.com\/de\/wp-json\/wp\/v2\/users\/9"}],"replies":[{"embeddable":true,"href":"https:\/\/elfsight.com\/de\/wp-json\/wp\/v2\/comments?post=17808"}],"version-history":[{"count":3,"href":"https:\/\/elfsight.com\/de\/wp-json\/wp\/v2\/pages\/17808\/revisions"}],"predecessor-version":[{"id":24108,"href":"https:\/\/elfsight.com\/de\/wp-json\/wp\/v2\/pages\/17808\/revisions\/24108"}],"up":[{"embeddable":true,"href":"https:\/\/elfsight.com\/de\/wp-json\/wp\/v2\/pages\/983"}],"wp:attachment":[{"href":"https:\/\/elfsight.com\/de\/wp-json\/wp\/v2\/media?parent=17808"}],"curies":[{"name":"wp","href":"https:\/\/api.w.org\/{rel}","templated":true}]}}