{"id":17801,"date":"1970-01-01T00:00:00","date_gmt":"1970-01-01T00:00:00","guid":{"rendered":"https:\/\/elfsight.com\/de\/?page_id=17801"},"modified":"2025-07-10T08:24:21","modified_gmt":"2025-07-10T08:24:21","slug":"godaddy","status":"publish","type":"page","link":"https:\/\/elfsight.com\/de\/social-media-share-buttons\/godaddy\/","title":{"rendered":"Social Share buttons &#8211; GoDaddy"},"content":{"rendered":"<div class=\"application-platform-content-item-description application-platform-content-item\" id=\"description\" data-nav-section=\"description\"> <h2>Social Share-Buttons auf GoDaddy mit dem Elfsight-Widget einbetten<\/h2> <p>Schnelles und einfaches Einf\u00fcgen von Share-Buttons verschiedener sozialer Medien, Messenger und viele andere Medienressourcen auf einer Website zum einfachen Teilen von Inhalten. Sie m\u00fcssen keine Zeit damit verschwenden, Logos vorzubereiten und Ihre Website-Vorlage anzupassen \u2013 nutzen Sie ein fertiges Plugin f\u00fcr GoDaddy, das von Elfsight erstellt wurde.<\/p> <p><b>Verbessern Sie die Website-SEO, indem Sie neue Website-Besucher \u00fcber soziale Medien anziehen!<\/b> <\/p> <\/div> <div class=\"application-platform-content-item-features application-platform-content-item\" id=\"features\" data-nav-section=\"features\"> <h2>Hier finden Sie die grundlegenden Funktionen des Plugins: <\/h2> <ul><li>\u00dcber 40 eingebettete soziale Netzwerke<\/li><li>Ort Unbegrenzte Anzahl an Schaltfl\u00e4chen<\/li><li>Duplizieren Sie die Schaltfl\u00e4chen und ordnen Sie sie nach Bedarf neu an<\/li><li>Anpassbare Bundsteggr\u00f6\u00dfe<\/li><li>Legen Sie eine beliebige Anzahl von Spalten fest, um die Schaltfl\u00e4chen zu organisieren<\/li> <\/ul><p><a href=\"#demo\">Entdecken Sie alle Personalisierungsfunktionen in einer 100 % funktionsf\u00e4higen Demo<\/a><\/p> <\/div> <div class=\"application-platform-content-item-installation application-platform-content-item\" id=\"installation\" data-nav-section=\"installation\"> <h2>Anleitung Kann ich meiner GoDaddy-Website Social-Share-Buttons hinzuf\u00fcgen? <\/h2> <p>Befolgen Sie einfach die nachstehenden Anweisungen, um das Tool zu integrieren. <\/p> <ol><li><b>\u00d6ffnen Sie unseren kostenlosen Editor und beginnen Sie mit der Erstellung Ihres ma\u00dfgeschneiderten Plugins. <\/b><br> Finden Sie das benutzerdefinierte Layout und die Spezifikationen des Plugins und speichern Sie die \u00c4nderungen. <\/li> <li><b>Erhalten Sie den einzelnen Code, der im Fenster von Elfsight Apps angezeigt wird. <\/b><br> Wenn die Einrichtung Ihres pers\u00f6nlichen Tools abgeschlossen ist, kopieren Sie den exklusiven Code aus dem angezeigten Popup und speichern Sie ihn zur sp\u00e4teren Verwendung. <\/li> <li><b>Beginnen Sie mit der Verwendung des Plugins auf Ihrer GoDaddy-Webseite. <\/b><br> Geben Sie den zuvor kopierten Code in Ihre Webseite ein und speichern Sie die Korrekturen. <\/li> <li><b>Das Setup ist vollst\u00e4ndig beendet. <\/b><br> Besuchen Sie Ihre Webseite, um die Leistung des Plugins in Aktion zu sehen. <\/li><\/ol> <div class=\"tip-yellow tip\"><b>Aufgrund der Besonderheiten bei der Anzeige benutzerdefinierter Einf\u00fcgungen mit Code k\u00f6nnen schwebende Vorlagen anders aussehen als die Online-Demo. Bitte nehmen Sie sich die Zeit, Ihre Widgets zu testen.<\/b><\/div><p>Wenn Sie Fragen haben oder auf Hindernisse sto\u00dfen, schreiben Sie bitte an unser Support-Team. Unsere Spezialisten sind bestrebt, alle Probleme zu l\u00f6sen, die Sie m\u00f6glicherweise mit dem Plugin haben. <\/p> <\/div><div class=\"faq\" data-component=\"FAQ\"><div class=\"faq-item\">\r\n\t\t\t\t\t<div class=\"faq-item-question\">\r\n\t\t\t\t\t\t<h3 class=\"faq-item-question-text\">Wie kann ich Social Share Buttons ohne Codierung zu meiner GoDaddy-Homepage hinzuf\u00fcgen?<\/h3>\r\n\r\n\t\t\t\t\t\t<div class=\"faq-item-question-icon\"><\/div>\r\n\t\t\t\t\t<\/div>\r\n\r\n\t\t\t\t\t<div class=\"faq-item-answer\">\r\n\t\t\t\t\t\t<div class=\"faq-item-answer-text\"><p>Elfsight Unternehmen bietet eine SaaS-L\u00f6sung, mit der Benutzer selbst ein Social Share Buttons-Widget erstellen k\u00f6nnen. Sehen Sie sich die einfachen Anweisungen an: <\/p><ul><li>Gehen Sie zur Online-Demo, um ein Social Share Buttons-Plugin zu erstellen, das auf der GoDaddy-Website angezeigt werden soll .<\/li><li>W\u00e4hlen Sie eine der vorgefertigten Vorlagen aus und passen Sie die Einstellungen der Social Share Buttons an, f\u00fcgen Sie Ihre Inhalte ein, \u00e4ndern Sie das Layout und die Farben ohne Codierung.<\/li><li>Speichern Sie die Social Share Buttons und holen Sie sich den Installationscode des Widgets , die Sie mit einem kostenlosen Plan problemlos in die GoDaddy-Homepage integrieren k\u00f6nnen.<\/li><\/ul><p>Mit dem benutzerfreundlichen Konfigurator kann jeder Webbenutzer ein Social-Share-Buttons-Widget erstellen und es einfach in seine GoDaddy-Site einf\u00fcgen. Sie d\u00fcrfen kein kostenpflichtiges Abonnement abschlie\u00dfen oder Ihre Kartendaten offenlegen, um auf unseren Editor zuzugreifen. Wenn Sie auf Hindernisse jeglicher Art sto\u00dfen, wenden Sie sich bitte an unser technisches Support-Team.<\/p><\/div>\r\n\t\t\t\t\t<\/div>\r\n\t\t\t\t<\/div><\/div>","protected":false},"excerpt":{"rendered":"","protected":false},"author":9,"featured_media":0,"parent":983,"menu_order":0,"comment_status":"closed","ping_status":"closed","template":"templates\/template-application-platform.php","meta":{"publish_to_discourse":"","publish_post_category":"","wpdc_auto_publish_overridden":"","wpdc_topic_tags":"","wpdc_pin_topic":"","wpdc_pin_until":"","discourse_post_id":"","discourse_permalink":"","wpdc_publishing_response":"","wpdc_publishing_error":"","footnotes":""},"class_list":["post-17801","page","type-page","status-publish","hentry"],"yoast_head":"<!-- This site is optimized with the Yoast SEO plugin v25.3.1 - https:\/\/yoast.com\/wordpress\/plugins\/seo\/ -->\n<title>Social Share Buttons \u2013 F\u00fcgen Sie das Share-Buttons-Plugin zur GoDaddy-Website hinzu!<\/title>\n<meta name=\"description\" content=\"Erreichen Sie mehr potenzielle Kunden durch nahtloses Teilen auf Ihrer Website. Verwenden Sie das Elfsight Social Share Buttons-Plugin f\u00fcr GoDaddy!\" \/>\n<meta name=\"robots\" content=\"index, follow, max-snippet:-1, max-image-preview:large, max-video-preview:-1\" \/>\n<link rel=\"canonical\" href=\"https:\/\/elfsight.com\/de\/social-media-share-buttons\/godaddy\/\" \/>\n<meta property=\"og:locale\" content=\"de_DE\" \/>\n<meta property=\"og:type\" content=\"article\" \/>\n<meta property=\"og:title\" content=\"Social Share Buttons \u2013 F\u00fcgen Sie das Share-Buttons-Plugin zur GoDaddy-Website hinzu!\" \/>\n<meta property=\"og:description\" content=\"Erreichen Sie mehr potenzielle Kunden durch nahtloses Teilen auf Ihrer Website. Verwenden Sie das Elfsight Social Share Buttons-Plugin f\u00fcr GoDaddy!\" \/>\n<meta property=\"og:url\" content=\"https:\/\/elfsight.com\/de\/social-media-share-buttons\/godaddy\/\" \/>\n<meta property=\"og:site_name\" content=\"Elfsight DE\" \/>\n<meta property=\"article:modified_time\" content=\"2025-07-10T08:24:21+00:00\" \/>\n<meta name=\"twitter:card\" content=\"summary_large_image\" \/>\n<meta name=\"twitter:label1\" content=\"Gesch\u00e4tzte Lesezeit\" \/>\n\t<meta name=\"twitter:data1\" content=\"3\u00a0Minuten\" \/>\n<!-- \/ Yoast SEO plugin. -->","yoast_head_json":{"title":"Social Share Buttons \u2013 F\u00fcgen Sie das Share-Buttons-Plugin zur GoDaddy-Website hinzu!","description":"Erreichen Sie mehr potenzielle Kunden durch nahtloses Teilen auf Ihrer Website. Verwenden Sie das Elfsight Social Share Buttons-Plugin f\u00fcr GoDaddy!","robots":{"index":"index","follow":"follow","max-snippet":"max-snippet:-1","max-image-preview":"max-image-preview:large","max-video-preview":"max-video-preview:-1"},"canonical":"https:\/\/elfsight.com\/de\/social-media-share-buttons\/godaddy\/","og_locale":"de_DE","og_type":"article","og_title":"Social Share Buttons \u2013 F\u00fcgen Sie das Share-Buttons-Plugin zur GoDaddy-Website hinzu!","og_description":"Erreichen Sie mehr potenzielle Kunden durch nahtloses Teilen auf Ihrer Website. Verwenden Sie das Elfsight Social Share Buttons-Plugin f\u00fcr GoDaddy!","og_url":"https:\/\/elfsight.com\/de\/social-media-share-buttons\/godaddy\/","og_site_name":"Elfsight DE","article_modified_time":"2025-07-10T08:24:21+00:00","twitter_card":"summary_large_image","twitter_misc":{"Gesch\u00e4tzte Lesezeit":"3\u00a0Minuten"},"schema":{"@context":"https:\/\/schema.org","@graph":[{"@type":"WebPage","@id":"https:\/\/elfsight.com\/de\/social-media-share-buttons\/godaddy\/","url":"https:\/\/elfsight.com\/de\/social-media-share-buttons\/godaddy\/","name":"Social Share Buttons \u2013 F\u00fcgen Sie das Share-Buttons-Plugin zur GoDaddy-Website hinzu!","isPartOf":{"@id":"https:\/\/elfsight.com\/de\/#website"},"datePublished":"1970-01-01T00:00:00+00:00","dateModified":"2025-07-10T08:24:21+00:00","description":"Erreichen Sie mehr potenzielle Kunden durch nahtloses Teilen auf Ihrer Website. Verwenden Sie das Elfsight Social Share Buttons-Plugin f\u00fcr GoDaddy!","breadcrumb":{"@id":"https:\/\/elfsight.com\/de\/social-media-share-buttons\/godaddy\/#breadcrumb"},"inLanguage":"de","potentialAction":[{"@type":"ReadAction","target":["https:\/\/elfsight.com\/de\/social-media-share-buttons\/godaddy\/"]}]},{"@type":"BreadcrumbList","@id":"https:\/\/elfsight.com\/de\/social-media-share-buttons\/godaddy\/#breadcrumb","itemListElement":[{"@type":"ListItem","position":1,"name":"Home","item":"https:\/\/elfsight.com\/de\/"},{"@type":"ListItem","position":2,"name":"Social Share Buttons","item":"https:\/\/elfsight.com\/de\/social-media-share-buttons\/"},{"@type":"ListItem","position":3,"name":"Social Share buttons &#8211; GoDaddy"}]},{"@type":"WebSite","@id":"https:\/\/elfsight.com\/de\/#website","url":"https:\/\/elfsight.com\/de\/","name":"Elfsight DE","description":"Just another Elfsight Sites site","potentialAction":[{"@type":"SearchAction","target":{"@type":"EntryPoint","urlTemplate":"https:\/\/elfsight.com\/de\/?s={search_term_string}"},"query-input":{"@type":"PropertyValueSpecification","valueRequired":true,"valueName":"search_term_string"}}],"inLanguage":"de"}]}},"meta_box":{"industry":"","seo_heading":"","heading":"","description":"","cta_heading":"","cta_description":"","application":"467","h1":"GoDaddy Social Share Buttons-Plugin","h1_caption":"F\u00fcgen Sie Ihrer Website Social-Media-Sharing-Schaltfl\u00e4chen hinzu, damit Besucher Ihre Inhalte m\u00fchelos \u00fcber mehrere Plattformen hinweg auf Ihrer GoDaddy-Website teilen k\u00f6nnen.","application_category":[],"applications_title":"","applications_request_title":"","applications_request_button_text":"","hero_text":"","hero_video":"","hero_video_schema_markup":"","selling_points_title":"","selling_points_caption":"","selling_points":[],"selling_points_cta_text":"","features_title":"","features":"","ed_cta_examples_text":"","ed_cta_examples_hidden":"","ed_cta_demo_text":"","ed_cta_demo_hidden":"","why_caption":"","why_editor_title":"","why_editor_text":"","why_team_title":"","why_team_text":"","why_service_title":"","why_service_text":"","template_catalog_visible":"","template_catalog_title":"","template_catalog_text":"","template_catalog_categories_visible":"","demo_title":"Erstellen Sie Ihr Social-Share-Buttons-Plugin","demo_caption":"Konfigurieren Sie Ihre Social-Share-Schaltfl\u00e4chen und f\u00fcgen Sie sie kostenlos zu Ihrer GoDaddy-Website hinzu!","default_faq_hidden":"","app_template_category":[],"platform":"241","template_public_id":"","codecanyon_url":"","codecanyon_item_id":"","codecanyon_price":"","pricing_caption":"","pricing_elfsight_apps_hide_column":"","pricing_elfsight_apps_url":"","pricing_codecanyon_price_caption":"","integration_category":[],"integration_request_title":"","integration_request_cta":"","integration_platform":"","integrations":[],"platform_category":[],"video_schema_markup":"","price":"ab 0 $ \/ Monat","trial":"","benefits":[{"text":"Kostenloser Installationsservice"},{"text":"Premium-Support"},{"text":"14-t\u00e4gige R\u00fcckerstattungsgarantie"},{"text":"Fortlaufende Entwicklung"}],"button_url":"#demo","button_target_blank":"","button_nofollow":"","attributes":[{"name":"Installiert","content":"10,000 - 100,000"},{"name":"Reaktionsfreudig","content":"Ja"},{"name":"Kompatible Browser","content":"IE11, Firefox, Safari, Opera, Chrome, Edge"}],"tags":[],"tags_disable_links":"","hide_more_platforms":"","video_object":"","demo_hide_cta":"","demo_hide_cloud_options":"","pricing_title":"","pricing":[{"pricing_icon":"platform","pricing_title":"Elfsight Apps","pricing_title_caption":"Plattform\u00fcbergreifende Software, die f\u00fcr jede Website geeignet ist","pricing_price":"ab 0 $ \/ Monat","pricing_price_caption":"Beginnen Sie mit einem kostenlosen Plan","pricing_benefits":[{"text":"Unbegrenzte Domains"},{"text":"Kostenloser Kundensupport"},{"text":"Kostenloser Installationsservice"},{"text":"Vollst\u00e4ndig anpassbar"}],"pricing_button_text":"Zur Website hinzuf\u00fcgen","pricing_button_url":"#demo"}],"related_apps_title":"","related_apps_hidden":"","author":"","image":[],"title":"","job":"","social_networks":[]},"_links":{"self":[{"href":"https:\/\/elfsight.com\/de\/wp-json\/wp\/v2\/pages\/17801","targetHints":{"allow":["GET"]}}],"collection":[{"href":"https:\/\/elfsight.com\/de\/wp-json\/wp\/v2\/pages"}],"about":[{"href":"https:\/\/elfsight.com\/de\/wp-json\/wp\/v2\/types\/page"}],"author":[{"embeddable":true,"href":"https:\/\/elfsight.com\/de\/wp-json\/wp\/v2\/users\/9"}],"replies":[{"embeddable":true,"href":"https:\/\/elfsight.com\/de\/wp-json\/wp\/v2\/comments?post=17801"}],"version-history":[{"count":2,"href":"https:\/\/elfsight.com\/de\/wp-json\/wp\/v2\/pages\/17801\/revisions"}],"predecessor-version":[{"id":21951,"href":"https:\/\/elfsight.com\/de\/wp-json\/wp\/v2\/pages\/17801\/revisions\/21951"}],"up":[{"embeddable":true,"href":"https:\/\/elfsight.com\/de\/wp-json\/wp\/v2\/pages\/983"}],"wp:attachment":[{"href":"https:\/\/elfsight.com\/de\/wp-json\/wp\/v2\/media?parent=17801"}],"curies":[{"name":"wp","href":"https:\/\/api.w.org\/{rel}","templated":true}]}}