{"id":17800,"date":"1970-01-01T00:00:00","date_gmt":"1970-01-01T00:00:00","guid":{"rendered":"https:\/\/elfsight.com\/de\/?page_id=17800"},"modified":"2025-07-10T08:24:34","modified_gmt":"2025-07-10T08:24:34","slug":"prestashop","status":"publish","type":"page","link":"https:\/\/elfsight.com\/de\/social-media-share-buttons\/prestashop\/","title":{"rendered":"Social Share Buttons &#8211; PrestaShop"},"content":{"rendered":"<div class=\"application-platform-content-item-description application-platform-content-item\" id=\"description\" data-nav-section=\"description\"> <h2>Beschreibung<\/h2> <p>Schnelle und einfache Integration von Share-Buttons aller g\u00e4ngigen sozialen Medien, Messenger und aller anderen Medienressourcen Ihre Website, um beliebige Inhalte zu verbreiten. Sie m\u00fcssen Ihre Zeit nicht mit dem Entwerfen von Logos und dem Anpassen Ihrer Website-Vorlage verschwenden \u2013 nutzen Sie eine 100 % fertige L\u00f6sung von Elfsight. <\/p> <p><b>Mit Social Share Buttons erzielen Sie eine solide Gesch\u00e4ftsentwicklung und h\u00f6here Ums\u00e4tze <\/b><\/p> <\/div> <div class=\"application-platform-content-item-features application-platform-content-item\" id=\"features\" data-nav-section=\"features\"> <h2>Das Widget bietet praktische und einfache Funktionen, hier sind einige davon: <\/h2> <ul><li>\u00dcber 40 eingebettete soziale Netzwerke<\/li><li>2 Layouts: Floating und Inline<\/li><li>Platzieren Sie eine unbegrenzte Anzahl von Schaltfl\u00e4chen<\/li><li>Duplizieren Sie die Schaltfl\u00e4chen und ordnen Sie sie nach Bedarf neu an<\/li><li>Bearbeitbarer Schaltfl\u00e4chentext<\/li><li>Legen Sie die Schaltfl\u00e4chenbreite fest<\/li><li>3 Optionen f\u00fcr die Schaltfl\u00e4chenform<\/li> <li>Legen Sie die anzuzeigenden Schaltfl\u00e4chenelemente fest<\/li><li>4 vordefinierte Schaltfl\u00e4chenstile<\/li><li>Anpassbare Transparenz der Schaltfl\u00e4chen<\/li><li>F\u00fcnf Animationstypen verf\u00fcgbar<\/li><\/ul> <p><a href=\"#demo\">Mit der Demo k\u00f6nnen Sie herausfinden, ob das Widget f\u00fcr Sie geeignet ist<\/a><\/p> <\/div> <div class=\"application-platform-content-item-installation application-platform-content-item\" id=\"installation\" data-nav-section=\"installation\"> <h2>So f\u00fcgen Sie es hinzu Social-Share-Buttons zu meiner PrestaShop-Website? <\/h2> <p>Befolgen Sie einfach die unten aufgef\u00fchrten Schritte, um das Widget zu integrieren. <\/p> <ol><li><b>Starten Sie unseren kostenlosen Konfigurator und beginnen Sie mit der Erstellung Ihres ma\u00dfgeschneiderten Add-ons. <\/b><br> Bestimmen Sie das gew\u00fcnschte Layout und die gew\u00fcnschten Eigenschaften des Widgets und nehmen Sie die \u00c4nderungen vor. <\/li> <li><b>Sie erhalten den eindeutigen Code, der im Feld von Elfsight Apps angezeigt wird. <\/b><br> Wenn die Konfiguration Ihres pers\u00f6nlichen Tools abgeschlossen ist, kopieren Sie den pers\u00f6nlichen Code aus dem angezeigten Popup und bewahren Sie ihn f\u00fcr eine sp\u00e4tere Gelegenheit auf. <\/li> <li><b>Beginnen Sie mit der Verwendung des Tools auf Ihrer PrestaShop-Website. <\/b><br> Implementieren Sie den zuvor gespeicherten Code in Ihre Homepage und \u00fcbernehmen Sie die \u00c4nderungen. <\/li> <li><b>Das Setup ist vollst\u00e4ndig durchgef\u00fchrt. <\/b><br> Besuchen Sie Ihre Seite, um zu sehen, wie das Add-on funktioniert. <\/li><\/ol> <p>Wenn Sie Anfragen bearbeiten oder auf Probleme sto\u00dfen, wenden Sie sich bitte an unseren Kundendienst. Unsere Spezialisten beantworten gerne alle Fragen, die Sie zum Add-on haben k\u00f6nnten. <\/p> <\/div><div class=\"faq\" data-component=\"FAQ\"><div class=\"faq-item\">\r\n\t\t\t\t\t<div class=\"faq-item-question\">\r\n\t\t\t\t\t\t<h3 class=\"faq-item-question-text\">Wie kann ich Social Share Buttons ohne Programmierkenntnisse in meine PrestaShop-Website einbetten?<\/h3>\r\n\r\n\t\t\t\t\t\t<div class=\"faq-item-question-icon\"><\/div>\r\n\t\t\t\t\t<\/div>\r\n\r\n\t\t\t\t\t<div class=\"faq-item-answer\">\r\n\t\t\t\t\t\t<div class=\"faq-item-answer-text\"><p>Das Unternehmen Elfsight stellt vor Entdecken Sie, wie einfach es ist: <\/p><ul><li>Beginnen Sie direkt im Online-Editor mit der Arbeit, um ein Social-Share-Button-Widget zu erstellen, das Sie einbinden m\u00f6chten auf der PrestaShop-Webseite.<\/li><li>Entscheiden Sie sich f\u00fcr eine der vorgefertigten Vorlagen und \u00e4ndern Sie die Einstellungen der Social Share Buttons, \u00e4ndern Sie das Layout und die Farben, aktualisieren Sie Ihre Inhalte ohne Codierung.<\/li><li>Speichern Sie die Social-Share-Buttons und Kopieren des Installationscodes des Plugins, die Sie einfach in die PrestaShop-Website einf\u00fcgen k\u00f6nnen, ohne einen kostenpflichtigen Plan kaufen zu m\u00fcssen.<\/li><\/ul><p>Mit unserem benutzerfreundlichen Konfigurator kann jeder Internetnutzer Social-Media erstellen Teilen Sie den Abschnitt \u201eShare Buttons\u201c online und betten Sie ihn m\u00fchelos in die PrestaShop-Website ein. Sie sollten keinen kostenpflichtigen Plan abschlie\u00dfen oder Ihre Kartendaten offenlegen, um auf unseren Editor zuzugreifen. Sollten bei irgendeinem Schritt Probleme auftreten, wenden Sie sich bitte an unsere Mitarbeiter des technischen Supports.<\/p><\/div>\r\n\t\t\t\t\t<\/div>\r\n\t\t\t\t<\/div><\/div>","protected":false},"excerpt":{"rendered":"","protected":false},"author":9,"featured_media":0,"parent":983,"menu_order":0,"comment_status":"closed","ping_status":"closed","template":"templates\/template-application-platform.php","meta":{"publish_to_discourse":"","publish_post_category":"","wpdc_auto_publish_overridden":"","wpdc_topic_tags":"","wpdc_pin_topic":"","wpdc_pin_until":"","discourse_post_id":"","discourse_permalink":"","wpdc_publishing_response":"","wpdc_publishing_error":"","footnotes":""},"class_list":["post-17800","page","type-page","status-publish","hentry"],"yoast_head":"<!-- This site is optimized with the Yoast SEO plugin v25.3.1 - https:\/\/yoast.com\/wordpress\/plugins\/seo\/ -->\n<title>Social-Share-Buttons \u2013 F\u00fcgen Sie Share-Buttons zur PrestaShop-Website hinzu<\/title>\n<meta name=\"description\" content=\"Installieren Sie Social Share Buttons in wenigen Minuten auf Ihrer PrestaShop-Website. Sofortige und einfache Konfiguration verschiedener Add-ons durch Elfsight.\" \/>\n<meta name=\"robots\" content=\"index, follow, max-snippet:-1, max-image-preview:large, max-video-preview:-1\" \/>\n<link rel=\"canonical\" href=\"https:\/\/elfsight.com\/de\/social-media-share-buttons\/prestashop\/\" \/>\n<meta property=\"og:locale\" content=\"de_DE\" \/>\n<meta property=\"og:type\" content=\"article\" \/>\n<meta property=\"og:title\" content=\"Social-Share-Buttons \u2013 F\u00fcgen Sie Share-Buttons zur PrestaShop-Website hinzu\" \/>\n<meta property=\"og:description\" content=\"Installieren Sie Social Share Buttons in wenigen Minuten auf Ihrer PrestaShop-Website. Sofortige und einfache Konfiguration verschiedener Add-ons durch Elfsight.\" \/>\n<meta property=\"og:url\" content=\"https:\/\/elfsight.com\/de\/social-media-share-buttons\/prestashop\/\" \/>\n<meta property=\"og:site_name\" content=\"Elfsight DE\" \/>\n<meta property=\"article:modified_time\" content=\"2025-07-10T08:24:34+00:00\" \/>\n<meta name=\"twitter:card\" content=\"summary_large_image\" \/>\n<meta name=\"twitter:label1\" content=\"Gesch\u00e4tzte Lesezeit\" \/>\n\t<meta name=\"twitter:data1\" content=\"3\u00a0Minuten\" \/>\n<!-- \/ Yoast SEO plugin. -->","yoast_head_json":{"title":"Social-Share-Buttons \u2013 F\u00fcgen Sie Share-Buttons zur PrestaShop-Website hinzu","description":"Installieren Sie Social Share Buttons in wenigen Minuten auf Ihrer PrestaShop-Website. Sofortige und einfache Konfiguration verschiedener Add-ons durch Elfsight.","robots":{"index":"index","follow":"follow","max-snippet":"max-snippet:-1","max-image-preview":"max-image-preview:large","max-video-preview":"max-video-preview:-1"},"canonical":"https:\/\/elfsight.com\/de\/social-media-share-buttons\/prestashop\/","og_locale":"de_DE","og_type":"article","og_title":"Social-Share-Buttons \u2013 F\u00fcgen Sie Share-Buttons zur PrestaShop-Website hinzu","og_description":"Installieren Sie Social Share Buttons in wenigen Minuten auf Ihrer PrestaShop-Website. Sofortige und einfache Konfiguration verschiedener Add-ons durch Elfsight.","og_url":"https:\/\/elfsight.com\/de\/social-media-share-buttons\/prestashop\/","og_site_name":"Elfsight DE","article_modified_time":"2025-07-10T08:24:34+00:00","twitter_card":"summary_large_image","twitter_misc":{"Gesch\u00e4tzte Lesezeit":"3\u00a0Minuten"},"schema":{"@context":"https:\/\/schema.org","@graph":[{"@type":"WebPage","@id":"https:\/\/elfsight.com\/de\/social-media-share-buttons\/prestashop\/","url":"https:\/\/elfsight.com\/de\/social-media-share-buttons\/prestashop\/","name":"Social-Share-Buttons \u2013 F\u00fcgen Sie Share-Buttons zur PrestaShop-Website hinzu","isPartOf":{"@id":"https:\/\/elfsight.com\/de\/#website"},"datePublished":"1970-01-01T00:00:00+00:00","dateModified":"2025-07-10T08:24:34+00:00","description":"Installieren Sie Social Share Buttons in wenigen Minuten auf Ihrer PrestaShop-Website. Sofortige und einfache Konfiguration verschiedener Add-ons durch Elfsight.","breadcrumb":{"@id":"https:\/\/elfsight.com\/de\/social-media-share-buttons\/prestashop\/#breadcrumb"},"inLanguage":"de","potentialAction":[{"@type":"ReadAction","target":["https:\/\/elfsight.com\/de\/social-media-share-buttons\/prestashop\/"]}]},{"@type":"BreadcrumbList","@id":"https:\/\/elfsight.com\/de\/social-media-share-buttons\/prestashop\/#breadcrumb","itemListElement":[{"@type":"ListItem","position":1,"name":"Home","item":"https:\/\/elfsight.com\/de\/"},{"@type":"ListItem","position":2,"name":"Social Share Buttons","item":"https:\/\/elfsight.com\/de\/social-media-share-buttons\/"},{"@type":"ListItem","position":3,"name":"Social Share Buttons &#8211; PrestaShop"}]},{"@type":"WebSite","@id":"https:\/\/elfsight.com\/de\/#website","url":"https:\/\/elfsight.com\/de\/","name":"Elfsight DE","description":"Just another Elfsight Sites site","potentialAction":[{"@type":"SearchAction","target":{"@type":"EntryPoint","urlTemplate":"https:\/\/elfsight.com\/de\/?s={search_term_string}"},"query-input":{"@type":"PropertyValueSpecification","valueRequired":true,"valueName":"search_term_string"}}],"inLanguage":"de"}]}},"meta_box":{"industry":"","seo_heading":"","heading":"","description":"","cta_heading":"","cta_description":"","application":"467","h1":"Social-Share-Buttons f\u00fcr PrestaShop","h1_caption":"F\u00fcgen Sie Ihrer Website Schaltfl\u00e4chen zum Teilen in sozialen Medien hinzu, damit Besucher Ihre Inhalte m\u00fchelos \u00fcber mehrere Plattformen hinweg auf Ihrer Prestashop-Website teilen k\u00f6nnen.","application_category":[],"applications_title":"","applications_request_title":"","applications_request_button_text":"","hero_text":"","hero_video":"","hero_video_schema_markup":"","selling_points_title":"","selling_points_caption":"","selling_points":[],"selling_points_cta_text":"","features_title":"","features":"","ed_cta_examples_text":"","ed_cta_examples_hidden":"","ed_cta_demo_text":"","ed_cta_demo_hidden":"","why_caption":"","why_editor_title":"","why_editor_text":"","why_team_title":"","why_team_text":"","why_service_title":"","why_service_text":"","template_catalog_visible":"","template_catalog_title":"","template_catalog_text":"","template_catalog_categories_visible":"","demo_title":"Erstellen Sie Ihr Social Share Buttons-Add-on","demo_caption":"Konfigurieren Sie Ihre Social Share Buttons und f\u00fcgen Sie sie kostenlos zu Ihrer PrestaShop-Website hinzu!","default_faq_hidden":"","app_template_category":[],"platform":"3811","template_public_id":"","codecanyon_url":"","codecanyon_item_id":"","codecanyon_price":"","pricing_caption":"","pricing_elfsight_apps_hide_column":"","pricing_elfsight_apps_url":"","pricing_codecanyon_price_caption":"","integration_category":[],"integration_request_title":"","integration_request_cta":"","integration_platform":"","integrations":[],"platform_category":[],"video_schema_markup":"","price":"ab 0 $ \/ Monat","trial":"","benefits":[{"text":"Kostenlose Installationsunterst\u00fctzung"},{"text":"Kompetenter Kundenservice"},{"text":"14-t\u00e4gige R\u00fcckerstattungsgarantie"},{"text":"Regelm\u00e4\u00dfige kostenlose Verbesserungen"}],"button_url":"#demo","button_target_blank":"","button_nofollow":"","attributes":[{"name":"Installiert","content":"10,000 - 100,000"},{"name":"Reaktionsfreudig","content":"Ja"},{"name":"Kompatible Browser","content":"Firefox, Safari, Opera, Chrome, Edge"}],"tags":[],"tags_disable_links":"","hide_more_platforms":"","video_object":"","demo_hide_cta":"","demo_hide_cloud_options":"","pricing_title":"","pricing":[{"pricing_icon":"platform","pricing_title":"Elfsight Apps","pricing_title_caption":"Plattformunabh\u00e4ngige Version, die zu jeder Site passt","pricing_price":"ab 0 $ \/ Monat","pricing_price_caption":"Beginnen Sie mit einem kostenlosen Plan","pricing_benefits":[{"text":"Unbegrenzte Domains"},{"text":"Professionelle Unterst\u00fctzung"},{"text":"Kostenlose Installationshilfe"},{"text":"Flexibles Design"}],"pricing_button_text":"Zur Website hinzuf\u00fcgen","pricing_button_url":"#demo"}],"related_apps_title":"","related_apps_hidden":"","author":"","image":[],"title":"","job":"","social_networks":[]},"_links":{"self":[{"href":"https:\/\/elfsight.com\/de\/wp-json\/wp\/v2\/pages\/17800","targetHints":{"allow":["GET"]}}],"collection":[{"href":"https:\/\/elfsight.com\/de\/wp-json\/wp\/v2\/pages"}],"about":[{"href":"https:\/\/elfsight.com\/de\/wp-json\/wp\/v2\/types\/page"}],"author":[{"embeddable":true,"href":"https:\/\/elfsight.com\/de\/wp-json\/wp\/v2\/users\/9"}],"replies":[{"embeddable":true,"href":"https:\/\/elfsight.com\/de\/wp-json\/wp\/v2\/comments?post=17800"}],"version-history":[{"count":2,"href":"https:\/\/elfsight.com\/de\/wp-json\/wp\/v2\/pages\/17800\/revisions"}],"predecessor-version":[{"id":21950,"href":"https:\/\/elfsight.com\/de\/wp-json\/wp\/v2\/pages\/17800\/revisions\/21950"}],"up":[{"embeddable":true,"href":"https:\/\/elfsight.com\/de\/wp-json\/wp\/v2\/pages\/983"}],"wp:attachment":[{"href":"https:\/\/elfsight.com\/de\/wp-json\/wp\/v2\/media?parent=17800"}],"curies":[{"name":"wp","href":"https:\/\/api.w.org\/{rel}","templated":true}]}}