{"id":17792,"date":"1970-01-01T00:00:00","date_gmt":"1970-01-01T00:00:00","guid":{"rendered":"https:\/\/elfsight.com\/de\/?page_id=17792"},"modified":"2025-07-10T08:21:55","modified_gmt":"2025-07-10T08:21:55","slug":"blogger","status":"publish","type":"page","link":"https:\/\/elfsight.com\/de\/social-feed-widget\/blogger\/","title":{"rendered":"Social Feed &#8211; Blogger"},"content":{"rendered":"<div class=\"application-platform-content-item-description application-platform-content-item\" id=\"description\" data-nav-section=\"description\"> <h2>Beschreibung<\/h2> <p>Elfsight Social Feed f\u00fcr Blogger ist ein einzigartiges Plugin zum Verkauf nicht nur von Waren, sondern auch von Emotionen und Erlebnissen. Mithilfe dieser Funktion k\u00f6nnen Sie individuelle Feeds erstellen, die aus Inhalten verschiedener sozialer Medien bestehen: Instagram, Pinterest, Facebook, Twitter, Tumblr, YouTube, Vimeo \u2013 und diese direkt auf Ihrer Webseite pr\u00e4sentieren. Erstellen Sie in 1-2-3 eine Galerie oder einen Produktkatalog! \u00dcben Sie mit vielf\u00e4ltigen Filteroptionen die absolute Kontrolle \u00fcber einen demonstrierten Inhalt aus und eliminieren Sie Spam und alle unerw\u00fcnschten Inhalte durch manuelle Moderation. Der vollst\u00e4ndig responsive Online-Konfigurator bietet Ihnen verschiedene Vorlagen zur Auswahl. <\/p> <p><b>F\u00fcgen Sie eine Social Wall ein, um Ihre Gesch\u00e4ftsziele zu erreichen! <\/b><\/p> <\/div> <div class=\"application-platform-content-item-features application-platform-content-item\" id=\"features\" data-nav-section=\"features\"> <h2>Sehen Sie sich die Liste der n\u00fctzlichsten Funktionen an: <\/h2> <ul><li>Pr\u00e4sentieren Sie Ihre Social-Media-Inhalte aus verschiedenen sozialen Netzwerken Medien. <\/li><li>Entfernen Sie Spam und unerw\u00fcnschte Inhalte mithilfe des manuellen Moderationsmodus. <\/li><li>Platzieren Sie die Schaltfl\u00e4che \u201eFolgen\u201c auf den Widget-Karten. <\/li><li>Lassen Sie Ihre Beitr\u00e4ge in einem Pop-up erscheinen. <\/li><\/ul><p><a href=\"#demo\">Sie k\u00f6nnen die vollst\u00e4ndigen Funktionen des Widgets in der Demo erkunden <\/a><\/p> <\/div> <div class=\"application-platform-content-item-installation  application-platform-content-item\" id=\"installation \" data-nav-section=\"installation \"> <h2>Wie bette ich das Social-Media-Feed-Widget in meine Blogger-Website ein? <\/h2> <p>F\u00fchren Sie einfach die unten aufgef\u00fchrten Schritte aus, um das Widget hinzuzuf\u00fcgen. <\/p> <ol><li><b>Starten Sie unseren kostenlosen Editor und beginnen Sie mit der Erstellung Ihres ma\u00dfgeschneiderten Widgets. <\/b><br> W\u00e4hlen Sie das ausgew\u00e4hlte Layout und die Eigenschaften des Widgets und speichern Sie die \u00c4nderungen. <\/li> <li><b>Erhalten Sie den individuellen Code, der in der Box auf Elfsight Apps angezeigt wird. <\/b><br> Sobald die Konfiguration Ihres Plugins abgeschlossen ist, kopieren Sie den einzelnen Code aus dem angezeigten Fenster und bewahren Sie ihn f\u00fcr eine sp\u00e4tere Gelegenheit auf. <\/li> <li><b>Beginnen Sie mit der Verwendung des Social Wall-Widgets auf der Blogger-Website. <\/b><br> F\u00fcgen Sie den Code, den Sie k\u00fcrzlich kopiert haben, in Ihre Website ein und \u00fcbernehmen Sie die \u00c4nderungen. <\/li> <li><b>Fertig! Die Integration ist erfolgreich abgeschlossen. <\/b><br> Besuchen Sie Ihre Webseite, um die Funktionsweise des Tools zu \u00fcberpr\u00fcfen. <\/li><\/ol> <p>Wenn Sie Fragen haben oder auf Schwierigkeiten sto\u00dfen, schreiben Sie bitte an unser Support-Team. Unsere Spezialisten helfen Ihnen gerne bei allen Problemen, die Sie mit dem Tool haben k\u00f6nnten. <\/p> <\/div><div class=\"faq\" data-component=\"FAQ\"><div class=\"faq-item\">\r\n\t\t\t\t\t<div class=\"faq-item-question\">\r\n\t\t\t\t\t\t<h3 class=\"faq-item-question-text\">Gibt es eine Option zum Einbetten von Social Feeds in meine Blogger-Website ohne Codierung?<\/h3>\r\n\r\n\t\t\t\t\t\t<div class=\"faq-item-question-icon\"><\/div>\r\n\t\t\t\t\t<\/div>\r\n\r\n\t\t\t\t\t<div class=\"faq-item-answer\">\r\n\t\t\t\t\t\t<div class=\"faq-item-answer-text\"><p>Das bietet das Unternehmen Elfsight an Eine L\u00f6sung, mit der ein breites Publikum selbst eine Social-Feed-App erstellen kann. Sehen Sie sich die einfachen Schritte an: <\/p><ul><li>Erstellen Sie im Online-Editor eine Social-Feed-App, die Sie Ihrer Blogger-Website hinzuf\u00fcgen m\u00f6chten.<\/li><li>W\u00e4hlen Sie eine der vielen vorgefertigten Vorlagen und passen Sie die Social-Feed-Einstellungen an, \u00e4ndern Sie das Layout und die Farbe der Elemente, aktualisieren Sie Ihre Inhalte ohne Programmierkenntnisse.<\/li><li>Speichern Sie die von Ihnen vorgenommenen Einstellungen F\u00fcgen Sie Social Feed hinzu und erhalten Sie den Plugin-Code zum Einbetten, den Sie m\u00fchelos und kostenlos in jede Blogger-Website einf\u00fcgen k\u00f6nnen.<\/li><\/ul><p>Mit dem benutzerfreundlichen Konfigurator kann jeder Webbenutzer Social Feed online einrichten und F\u00fcgen Sie es m\u00fchelos in die Blogger-Homepage ein. Sie sollten nicht bezahlen oder Ihre Kartendaten \u00fcbermitteln, um den Elfsight-Dienst zu nutzen. Wenn Sie auf Probleme jeglicher Art sto\u00dfen, z\u00f6gern Sie nicht, sich an unser technisches Support-Team zu wenden.<\/p><\/div>\r\n\t\t\t\t\t<\/div>\r\n\t\t\t\t<\/div><\/div>","protected":false},"excerpt":{"rendered":"","protected":false},"author":9,"featured_media":0,"parent":3560,"menu_order":0,"comment_status":"closed","ping_status":"closed","template":"templates\/template-application-platform.php","meta":{"publish_to_discourse":"","publish_post_category":"","wpdc_auto_publish_overridden":"","wpdc_topic_tags":"","wpdc_pin_topic":"","wpdc_pin_until":"","discourse_post_id":"","discourse_permalink":"","wpdc_publishing_response":"","wpdc_publishing_error":"","footnotes":""},"class_list":["post-17792","page","type-page","status-publish","hentry"],"yoast_head":"<!-- This site is optimized with the Yoast SEO plugin v25.3.1 - https:\/\/yoast.com\/wordpress\/plugins\/seo\/ -->\n<title>F\u00fcgen Sie das Social Wall-Widget zur Blogger-Website hinzu (schnell und kostenlos)<\/title>\n<meta name=\"description\" content=\"Implementieren Sie ein benutzerfreundliches Blogger-Social-Feed-Widget auf Ihrer Blogger-Site. Nutzen Sie die Elfsight-Demo und \u00e4ndern Sie Ihr einzigartiges Social Wall-Plugin mit nur wenigen Klicks\" \/>\n<meta name=\"robots\" content=\"index, follow, max-snippet:-1, max-image-preview:large, max-video-preview:-1\" \/>\n<link rel=\"canonical\" href=\"https:\/\/elfsight.com\/de\/social-feed-widget\/blogger\/\" \/>\n<meta property=\"og:locale\" content=\"de_DE\" \/>\n<meta property=\"og:type\" content=\"article\" \/>\n<meta property=\"og:title\" content=\"F\u00fcgen Sie das Social Wall-Widget zur Blogger-Website hinzu (schnell und kostenlos)\" \/>\n<meta property=\"og:description\" content=\"Implementieren Sie ein benutzerfreundliches Blogger-Social-Feed-Widget auf Ihrer Blogger-Site. Nutzen Sie die Elfsight-Demo und \u00e4ndern Sie Ihr einzigartiges Social Wall-Plugin mit nur wenigen Klicks\" \/>\n<meta property=\"og:url\" content=\"https:\/\/elfsight.com\/de\/social-feed-widget\/blogger\/\" \/>\n<meta property=\"og:site_name\" content=\"Elfsight DE\" \/>\n<meta property=\"article:modified_time\" content=\"2025-07-10T08:21:55+00:00\" \/>\n<meta name=\"twitter:card\" content=\"summary_large_image\" \/>\n<meta name=\"twitter:label1\" content=\"Gesch\u00e4tzte Lesezeit\" \/>\n\t<meta name=\"twitter:data1\" content=\"3\u00a0Minuten\" \/>\n<!-- \/ Yoast SEO plugin. -->","yoast_head_json":{"title":"F\u00fcgen Sie das Social Wall-Widget zur Blogger-Website hinzu (schnell und kostenlos)","description":"Implementieren Sie ein benutzerfreundliches Blogger-Social-Feed-Widget auf Ihrer Blogger-Site. Nutzen Sie die Elfsight-Demo und \u00e4ndern Sie Ihr einzigartiges Social Wall-Plugin mit nur wenigen Klicks","robots":{"index":"index","follow":"follow","max-snippet":"max-snippet:-1","max-image-preview":"max-image-preview:large","max-video-preview":"max-video-preview:-1"},"canonical":"https:\/\/elfsight.com\/de\/social-feed-widget\/blogger\/","og_locale":"de_DE","og_type":"article","og_title":"F\u00fcgen Sie das Social Wall-Widget zur Blogger-Website hinzu (schnell und kostenlos)","og_description":"Implementieren Sie ein benutzerfreundliches Blogger-Social-Feed-Widget auf Ihrer Blogger-Site. Nutzen Sie die Elfsight-Demo und \u00e4ndern Sie Ihr einzigartiges Social Wall-Plugin mit nur wenigen Klicks","og_url":"https:\/\/elfsight.com\/de\/social-feed-widget\/blogger\/","og_site_name":"Elfsight DE","article_modified_time":"2025-07-10T08:21:55+00:00","twitter_card":"summary_large_image","twitter_misc":{"Gesch\u00e4tzte Lesezeit":"3\u00a0Minuten"},"schema":{"@context":"https:\/\/schema.org","@graph":[{"@type":"WebPage","@id":"https:\/\/elfsight.com\/de\/social-feed-widget\/blogger\/","url":"https:\/\/elfsight.com\/de\/social-feed-widget\/blogger\/","name":"F\u00fcgen Sie das Social Wall-Widget zur Blogger-Website hinzu (schnell und kostenlos)","isPartOf":{"@id":"https:\/\/elfsight.com\/de\/#website"},"datePublished":"1970-01-01T00:00:00+00:00","dateModified":"2025-07-10T08:21:55+00:00","description":"Implementieren Sie ein benutzerfreundliches Blogger-Social-Feed-Widget auf Ihrer Blogger-Site. Nutzen Sie die Elfsight-Demo und \u00e4ndern Sie Ihr einzigartiges Social Wall-Plugin mit nur wenigen Klicks","breadcrumb":{"@id":"https:\/\/elfsight.com\/de\/social-feed-widget\/blogger\/#breadcrumb"},"inLanguage":"de","potentialAction":[{"@type":"ReadAction","target":["https:\/\/elfsight.com\/de\/social-feed-widget\/blogger\/"]}]},{"@type":"BreadcrumbList","@id":"https:\/\/elfsight.com\/de\/social-feed-widget\/blogger\/#breadcrumb","itemListElement":[{"@type":"ListItem","position":1,"name":"Home","item":"https:\/\/elfsight.com\/de\/"},{"@type":"ListItem","position":2,"name":"Social Feed","item":"https:\/\/elfsight.com\/de\/social-feed-widget\/"},{"@type":"ListItem","position":3,"name":"Social Feed &#8211; Blogger"}]},{"@type":"WebSite","@id":"https:\/\/elfsight.com\/de\/#website","url":"https:\/\/elfsight.com\/de\/","name":"Elfsight DE","description":"Just another Elfsight Sites site","potentialAction":[{"@type":"SearchAction","target":{"@type":"EntryPoint","urlTemplate":"https:\/\/elfsight.com\/de\/?s={search_term_string}"},"query-input":{"@type":"PropertyValueSpecification","valueRequired":true,"valueName":"search_term_string"}}],"inLanguage":"de"}]}},"meta_box":{"industry":"","seo_heading":"","heading":"","description":"","cta_heading":"","cta_description":"","application":"3559","h1":"Blogger-Social-Media-Feed-Widget","h1_caption":"Fassen Sie Inhalte von mehreren Social-Media-Plattformen in einem dynamischen Feed zusammen, um Ihren Besuchern m\u00fchelos frische und ansprechende Inhalte auf Ihrer Blogger-Website bereitzustellen.","application_category":[],"applications_title":"","applications_request_title":"","applications_request_button_text":"","hero_text":"","hero_video":"","hero_video_schema_markup":"","selling_points_title":"","selling_points_caption":"","selling_points":[],"selling_points_cta_text":"","features_title":"","features":"","ed_cta_examples_text":"","ed_cta_examples_hidden":"","ed_cta_demo_text":"","ed_cta_demo_hidden":"","why_caption":"","why_editor_title":"","why_editor_text":"","why_team_title":"","why_team_text":"","why_service_title":"","why_service_text":"","template_catalog_visible":"","template_catalog_title":"","template_catalog_text":"","template_catalog_categories_visible":"","demo_title":"Erstellen Sie Ihr Social-Feed-Widget","demo_caption":"Konfigurieren Sie Ihren Social Feed und f\u00fcgen Sie ihn kostenlos zu Ihrer Blogger-Website hinzu!","default_faq_hidden":"","app_template_category":[],"platform":"262","template_public_id":"","codecanyon_url":"","codecanyon_item_id":"","codecanyon_price":"","pricing_caption":"","pricing_elfsight_apps_hide_column":"","pricing_elfsight_apps_url":"","pricing_codecanyon_price_caption":"","integration_category":[],"integration_request_title":"","integration_request_cta":"","integration_platform":"","integrations":[],"platform_category":[],"video_schema_markup":"","price":"ab 0 $ \/ Monat","trial":"","benefits":[{"text":"Kostenlose Installationsunterst\u00fctzung"},{"text":"Effektiver Kundenservice"},{"text":"14-t\u00e4gige Geld-zur\u00fcck-Garantie"},{"text":"St\u00e4ndige Aktualisierung"}],"button_url":"#demo","button_target_blank":"","button_nofollow":"","attributes":[{"name":"Installiert","content":"100,000 - 500,000"},{"name":"Reaktionsfreudig","content":"Ja"},{"name":"Kompatible Browser","content":"Firefox, Safari, Opera, Edge"}],"tags":[],"tags_disable_links":"","hide_more_platforms":"","video_object":"","demo_hide_cta":"","demo_hide_cloud_options":"","pricing_title":"","pricing":[{"pricing_icon":"platform","pricing_title":"Elfsight Apps","pricing_title_caption":"Multiplattform-L\u00f6sung, die auf jeder Site funktioniert","pricing_price":"ab 0 $ \/ Monat","pricing_price_caption":"Beginnen Sie mit einem kostenlosen Plan","pricing_benefits":[{"text":"Unbegrenzte Domains"},{"text":"Kundensupport rund um die Uhr"},{"text":"Kostenloser Installationsservice"},{"text":"Preis f\u00fcr mehrere Apps"}],"pricing_button_text":"Zur Website hinzuf\u00fcgen","pricing_button_url":"#demo"}],"related_apps_title":"","related_apps_hidden":"","author":"","image":[],"title":"","job":"","social_networks":[]},"_links":{"self":[{"href":"https:\/\/elfsight.com\/de\/wp-json\/wp\/v2\/pages\/17792","targetHints":{"allow":["GET"]}}],"collection":[{"href":"https:\/\/elfsight.com\/de\/wp-json\/wp\/v2\/pages"}],"about":[{"href":"https:\/\/elfsight.com\/de\/wp-json\/wp\/v2\/types\/page"}],"author":[{"embeddable":true,"href":"https:\/\/elfsight.com\/de\/wp-json\/wp\/v2\/users\/9"}],"replies":[{"embeddable":true,"href":"https:\/\/elfsight.com\/de\/wp-json\/wp\/v2\/comments?post=17792"}],"version-history":[{"count":2,"href":"https:\/\/elfsight.com\/de\/wp-json\/wp\/v2\/pages\/17792\/revisions"}],"predecessor-version":[{"id":21922,"href":"https:\/\/elfsight.com\/de\/wp-json\/wp\/v2\/pages\/17792\/revisions\/21922"}],"up":[{"embeddable":true,"href":"https:\/\/elfsight.com\/de\/wp-json\/wp\/v2\/pages\/3560"}],"wp:attachment":[{"href":"https:\/\/elfsight.com\/de\/wp-json\/wp\/v2\/media?parent=17792"}],"curies":[{"name":"wp","href":"https:\/\/api.w.org\/{rel}","templated":true}]}}