{"id":17786,"date":"1970-01-01T00:00:00","date_gmt":"1970-01-01T00:00:00","guid":{"rendered":"https:\/\/elfsight.com\/de\/?page_id=17786"},"modified":"2025-07-10T08:22:01","modified_gmt":"2025-07-10T08:22:01","slug":"elementor","status":"publish","type":"page","link":"https:\/\/elfsight.com\/de\/social-feed-widget\/elementor\/","title":{"rendered":"Social Feed &#8211; Elementor"},"content":{"rendered":"<div class=\"application-platform-content-item-description application-platform-content-item\" id=\"description\" data-nav-section=\"description\"> <h2>Embed Social Feed auf Elementor mit dem Elfsight-Widget<\/h2> <p>Elfsight Social Feed f\u00fcr Elementor ist ein Widget zum Bewerben von nicht nur Dingen , sondern Emotionen und Erfahrungen. Damit k\u00f6nnen Sie individuelle Feeds erstellen, die aus Inhalten zahlreicher Quellen bestehen: Instagram, Pinterest, Facebook, Twitter, Tumblr, YouTube, Vimeo \u2013 und diese direkt auf Ihrer Webseite pr\u00e4sentieren. Entwickeln Sie in 1-2-3 eine Galerie oder einen Produktkatalog! Genie\u00dfen Sie die vollst\u00e4ndige Kontrolle \u00fcber einen demonstrierten Inhalt mit verschiedenen Filteroptionen und beseitigen Sie Spam und unerw\u00fcnschte Inhalte durch manuelle Moderation. Der vollst\u00e4ndig responsive Online-Editor bietet Ihnen verschiedene Vorlagen zur Auswahl. <\/p> <p><b>Machen Sie Ihre Website mit Hilfe von Social Wall effizienter f\u00fcr E-Commerce-Ziele<\/b><\/p> <\/div> <div class=\"application-platform-content-item-features application-platform-content-item\" id=\"features\" data-nav-section=\"features\"> <h2>Finden Sie unten in der Mitte Funktionen des Widgets: <\/h2> <ul><li>Pr\u00e4sentieren Sie Ihre Social-Media-Inhalte aus zahlreichen Netzwerken. <\/li><li>Beseitigen Sie Spam und unerw\u00fcnschte Inhalte im manuellen Moderationsmodus. <\/li><li>F\u00fcgen Sie die Schaltfl\u00e4che \u201eFolgen\u201c in die Widget-Beitr\u00e4ge ein. <\/li><li>Lassen Sie Ihre Beitr\u00e4ge in einem Popup anzeigen. <\/li><\/ul><p><a href=\"#demo\">Schauen Sie sich einfach diese Demo an, um die Funktionalit\u00e4t des Widgets zu verstehen<\/a><\/p> <\/div> <div class=\"application-platform-content-item-installation application-platform-content-item\" id=\"installation\" data-nav-section=\"installation\"> <h2>Wie kann ich das Social-Media-Feed-Widget in meine Elementor-Website einbetten? <\/h2> <p>Befolgen Sie einfach die nachstehenden Anweisungen, um das Werkzeug einzusetzen. <\/p> <ol><li><b>Nutzen Sie unseren kostenlosen Konfigurator und beginnen Sie mit der Erstellung Ihres personalisierten Widgets. <\/b><br> Geben Sie das bevorzugte Aussehen und die Spezifikationen des Plugins an und wenden Sie die Korrekturen an. <\/li> <li><b>Erwerben Sie den individuellen Code, der im speziellen Formular auf Elfsight Apps angezeigt wird. <\/b><br> Sobald die Einrichtung Ihres pers\u00f6nlichen Widgets abgeschlossen ist, kopieren Sie den exklusiven Code aus dem angezeigten Popup und speichern Sie ihn zur sp\u00e4teren Verwendung. <\/li> <li><b>Initiieren Sie die Anwendung des Social Wall-Widgets auf Ihrer Elementor-Site. <\/b><br> Geben Sie den zuvor kopierten Code in Ihre Seite ein und \u00fcbernehmen Sie die \u00c4nderungen. <\/li> <li><b>Die Installation ist vollst\u00e4ndig durchgef\u00fchrt. <\/b><br> Besuchen Sie Ihre Website, um die Funktion des Plugins zu \u00fcberpr\u00fcfen. <\/li><\/ol> <p>Wenn Sie Fragen haben oder auf Hindernisse sto\u00dfen, wenden Sie sich bitte an unser Support-Team. Unsere Spezialisten helfen Ihnen gerne bei der L\u00f6sung aller Schwierigkeiten, die Sie mit dem Widget haben k\u00f6nnten. <\/p> <\/div><div class=\"faq\" data-component=\"FAQ\"><div class=\"faq-item\">\r\n\t\t\t\t\t<div class=\"faq-item-question\">\r\n\t\t\t\t\t\t<h3 class=\"faq-item-question-text\">Wie kann ich ohne Programmiererfahrung Social Feed zu meiner Elementor-Webseite hinzuf\u00fcgen?<\/h3>\r\n\r\n\t\t\t\t\t\t<div class=\"faq-item-question-icon\"><\/div>\r\n\t\t\t\t\t<\/div>\r\n\r\n\t\t\t\t\t<div class=\"faq-item-answer\">\r\n\t\t\t\t\t\t<div class=\"faq-item-answer-text\"><p>Das Unternehmen Elfsight stellt eine vor L\u00f6sung, mit der Benutzer selbst einen Social-Feed-Bereich erstellen k\u00f6nnen, lernen Sie die einfache Anleitung kennen: <\/p><ul><li>Arbeiten Sie direkt im Online-Editor, um ein Social-Feed-Plugin zu erstellen, das Sie auf der Elementor-Website einbetten m\u00f6chten.<\/li><li>W\u00e4hlen Sie eine unserer vorgefertigten Vorlagen und passen Sie die Social-Feed-Einstellungen an, \u00e4ndern Sie das Layout und die Farben und f\u00fcgen Sie Ihre Inhalte ohne Programmierkenntnisse hinzu.<\/li><li>Klicken Sie hier, um die von Ihnen vorgenommenen Einstellungen f\u00fcr Social zu speichern Geben Sie den Code f\u00fcr die Installation ein und erhalten Sie ihn, den Sie mit einem kostenlosen Plan in die Elementor-Webseite einf\u00fcgen k\u00f6nnen.<\/li><\/ul><p>Mit unserem intuitiven Editor kann jeder Internetnutzer einen Social-Feed-Bereich erstellen und in den integrieren Elementor-Webseite. Es ist nicht erforderlich, einen kostenpflichtigen Plan abzuschlie\u00dfen oder Ihre Kartendaten offenzulegen, um auf den Elfsight-Dienst zuzugreifen. Wenn Sie auf Probleme jeglicher Art sto\u00dfen, wenden Sie sich bitte an unser Support-Team.<\/p><\/div>\r\n\t\t\t\t\t<\/div>\r\n\t\t\t\t<\/div><\/div>","protected":false},"excerpt":{"rendered":"","protected":false},"author":9,"featured_media":0,"parent":3560,"menu_order":0,"comment_status":"closed","ping_status":"closed","template":"templates\/template-application-platform.php","meta":{"publish_to_discourse":"","publish_post_category":"","wpdc_auto_publish_overridden":"","wpdc_topic_tags":"","wpdc_pin_topic":"","wpdc_pin_until":"","discourse_post_id":"","discourse_permalink":"","wpdc_publishing_response":"","wpdc_publishing_error":"","footnotes":""},"class_list":["post-17786","page","type-page","status-publish","hentry"],"yoast_head":"<!-- This site is optimized with the Yoast SEO plugin v25.3.1 - https:\/\/yoast.com\/wordpress\/plugins\/seo\/ -->\n<title>F\u00fcgen Sie das Social Wall-Plugin zur Elementor-Website hinzu (schnell und kostenlos)<\/title>\n<meta name=\"description\" content=\"F\u00fcgen Sie Ihrer Elementor-Site ein einfach zu verwaltendes Elementor Social Feed-Plugin hinzu. Probieren Sie die praktische Demo von Elfsight aus und erstellen Sie Ihr wundersch\u00f6nes Social Wall-Widget.\" \/>\n<meta name=\"robots\" content=\"index, follow, max-snippet:-1, max-image-preview:large, max-video-preview:-1\" \/>\n<link rel=\"canonical\" href=\"https:\/\/elfsight.com\/de\/social-feed-widget\/elementor\/\" \/>\n<meta property=\"og:locale\" content=\"de_DE\" \/>\n<meta property=\"og:type\" content=\"article\" \/>\n<meta property=\"og:title\" content=\"F\u00fcgen Sie das Social Wall-Plugin zur Elementor-Website hinzu (schnell und kostenlos)\" \/>\n<meta property=\"og:description\" content=\"F\u00fcgen Sie Ihrer Elementor-Site ein einfach zu verwaltendes Elementor Social Feed-Plugin hinzu. Probieren Sie die praktische Demo von Elfsight aus und erstellen Sie Ihr wundersch\u00f6nes Social Wall-Widget.\" \/>\n<meta property=\"og:url\" content=\"https:\/\/elfsight.com\/de\/social-feed-widget\/elementor\/\" \/>\n<meta property=\"og:site_name\" content=\"Elfsight DE\" \/>\n<meta property=\"article:modified_time\" content=\"2025-07-10T08:22:01+00:00\" \/>\n<meta name=\"twitter:card\" content=\"summary_large_image\" \/>\n<meta name=\"twitter:label1\" content=\"Gesch\u00e4tzte Lesezeit\" \/>\n\t<meta name=\"twitter:data1\" content=\"3\u00a0Minuten\" \/>\n<!-- \/ Yoast SEO plugin. -->","yoast_head_json":{"title":"F\u00fcgen Sie das Social Wall-Plugin zur Elementor-Website hinzu (schnell und kostenlos)","description":"F\u00fcgen Sie Ihrer Elementor-Site ein einfach zu verwaltendes Elementor Social Feed-Plugin hinzu. Probieren Sie die praktische Demo von Elfsight aus und erstellen Sie Ihr wundersch\u00f6nes Social Wall-Widget.","robots":{"index":"index","follow":"follow","max-snippet":"max-snippet:-1","max-image-preview":"max-image-preview:large","max-video-preview":"max-video-preview:-1"},"canonical":"https:\/\/elfsight.com\/de\/social-feed-widget\/elementor\/","og_locale":"de_DE","og_type":"article","og_title":"F\u00fcgen Sie das Social Wall-Plugin zur Elementor-Website hinzu (schnell und kostenlos)","og_description":"F\u00fcgen Sie Ihrer Elementor-Site ein einfach zu verwaltendes Elementor Social Feed-Plugin hinzu. Probieren Sie die praktische Demo von Elfsight aus und erstellen Sie Ihr wundersch\u00f6nes Social Wall-Widget.","og_url":"https:\/\/elfsight.com\/de\/social-feed-widget\/elementor\/","og_site_name":"Elfsight DE","article_modified_time":"2025-07-10T08:22:01+00:00","twitter_card":"summary_large_image","twitter_misc":{"Gesch\u00e4tzte Lesezeit":"3\u00a0Minuten"},"schema":{"@context":"https:\/\/schema.org","@graph":[{"@type":"WebPage","@id":"https:\/\/elfsight.com\/de\/social-feed-widget\/elementor\/","url":"https:\/\/elfsight.com\/de\/social-feed-widget\/elementor\/","name":"F\u00fcgen Sie das Social Wall-Plugin zur Elementor-Website hinzu (schnell und kostenlos)","isPartOf":{"@id":"https:\/\/elfsight.com\/de\/#website"},"datePublished":"1970-01-01T00:00:00+00:00","dateModified":"2025-07-10T08:22:01+00:00","description":"F\u00fcgen Sie Ihrer Elementor-Site ein einfach zu verwaltendes Elementor Social Feed-Plugin hinzu. Probieren Sie die praktische Demo von Elfsight aus und erstellen Sie Ihr wundersch\u00f6nes Social Wall-Widget.","breadcrumb":{"@id":"https:\/\/elfsight.com\/de\/social-feed-widget\/elementor\/#breadcrumb"},"inLanguage":"de","potentialAction":[{"@type":"ReadAction","target":["https:\/\/elfsight.com\/de\/social-feed-widget\/elementor\/"]}]},{"@type":"BreadcrumbList","@id":"https:\/\/elfsight.com\/de\/social-feed-widget\/elementor\/#breadcrumb","itemListElement":[{"@type":"ListItem","position":1,"name":"Home","item":"https:\/\/elfsight.com\/de\/"},{"@type":"ListItem","position":2,"name":"Social Feed","item":"https:\/\/elfsight.com\/de\/social-feed-widget\/"},{"@type":"ListItem","position":3,"name":"Social Feed &#8211; Elementor"}]},{"@type":"WebSite","@id":"https:\/\/elfsight.com\/de\/#website","url":"https:\/\/elfsight.com\/de\/","name":"Elfsight DE","description":"Just another Elfsight Sites site","potentialAction":[{"@type":"SearchAction","target":{"@type":"EntryPoint","urlTemplate":"https:\/\/elfsight.com\/de\/?s={search_term_string}"},"query-input":{"@type":"PropertyValueSpecification","valueRequired":true,"valueName":"search_term_string"}}],"inLanguage":"de"}]}},"meta_box":{"industry":"","seo_heading":"","heading":"","description":"","cta_heading":"","cta_description":"","application":"3559","h1":"Elementor Social Media Feed-Widget","h1_caption":"Fassen Sie Inhalte von mehreren Social-Media-Plattformen in einem dynamischen Feed zusammen und stellen Sie Ihren Besuchern m\u00fchelos frische und ansprechende Inhalte auf Ihrer Elementor-Website zur Verf\u00fcgung.","application_category":[],"applications_title":"","applications_request_title":"","applications_request_button_text":"","hero_text":"","hero_video":"","hero_video_schema_markup":"","selling_points_title":"","selling_points_caption":"","selling_points":[],"selling_points_cta_text":"","features_title":"","features":"","ed_cta_examples_text":"","ed_cta_examples_hidden":"","ed_cta_demo_text":"","ed_cta_demo_hidden":"","why_caption":"","why_editor_title":"","why_editor_text":"","why_team_title":"","why_team_text":"","why_service_title":"","why_service_text":"","template_catalog_visible":"","template_catalog_title":"","template_catalog_text":"","template_catalog_categories_visible":"","demo_title":"Erstellen Sie Ihr Social-Feed-Widget","demo_caption":"Konfigurieren Sie Ihren Social Feed und f\u00fcgen Sie ihn kostenlos zu Ihrer Elementor-Website hinzu!","default_faq_hidden":"","app_template_category":[],"platform":"223","template_public_id":"","codecanyon_url":"","codecanyon_item_id":"","codecanyon_price":"","pricing_caption":"","pricing_elfsight_apps_hide_column":"","pricing_elfsight_apps_url":"","pricing_codecanyon_price_caption":"","integration_category":[],"integration_request_title":"","integration_request_cta":"","integration_platform":"","integrations":[],"platform_category":[],"video_schema_markup":"","price":"ab 0 $ \/ Monat","trial":"","benefits":[{"text":"Kostenloser Installationsservice"},{"text":"Au\u00dfergew\u00f6hnlicher Support"},{"text":"14-t\u00e4gige R\u00fcckerstattungsgarantie"},{"text":"St\u00e4ndige Aktualisierung"}],"button_url":"#demo","button_target_blank":"","button_nofollow":"","attributes":[{"name":"Installiert","content":"100,000 - 500,000"},{"name":"Reaktionsfreudig","content":"Ja"},{"name":"Kompatible Browser","content":"Firefox, Safari, Opera, Edge"}],"tags":[],"tags_disable_links":"","hide_more_platforms":"","video_object":"","demo_hide_cta":"","demo_hide_cloud_options":"","pricing_title":"","pricing":[{"pricing_icon":"platform","pricing_title":"Elfsight Apps","pricing_title_caption":"Plattformunabh\u00e4ngige L\u00f6sung","pricing_price":"ab 0 $ \/ Monat","pricing_price_caption":"Beginnen Sie mit einem kostenlosen Plan","pricing_benefits":[{"text":"Unbegrenzte Domains"},{"text":"Schnelle Unternehmensunterst\u00fctzung"},{"text":"Kostenlose Installationshilfe"},{"text":"Preis f\u00fcr mehrere Apps"}],"pricing_button_text":"Zur Website hinzuf\u00fcgen","pricing_button_url":"#demo"}],"related_apps_title":"","related_apps_hidden":"","author":"","image":[],"title":"","job":"","social_networks":[]},"_links":{"self":[{"href":"https:\/\/elfsight.com\/de\/wp-json\/wp\/v2\/pages\/17786","targetHints":{"allow":["GET"]}}],"collection":[{"href":"https:\/\/elfsight.com\/de\/wp-json\/wp\/v2\/pages"}],"about":[{"href":"https:\/\/elfsight.com\/de\/wp-json\/wp\/v2\/types\/page"}],"author":[{"embeddable":true,"href":"https:\/\/elfsight.com\/de\/wp-json\/wp\/v2\/users\/9"}],"replies":[{"embeddable":true,"href":"https:\/\/elfsight.com\/de\/wp-json\/wp\/v2\/comments?post=17786"}],"version-history":[{"count":2,"href":"https:\/\/elfsight.com\/de\/wp-json\/wp\/v2\/pages\/17786\/revisions"}],"predecessor-version":[{"id":21920,"href":"https:\/\/elfsight.com\/de\/wp-json\/wp\/v2\/pages\/17786\/revisions\/21920"}],"up":[{"embeddable":true,"href":"https:\/\/elfsight.com\/de\/wp-json\/wp\/v2\/pages\/3560"}],"wp:attachment":[{"href":"https:\/\/elfsight.com\/de\/wp-json\/wp\/v2\/media?parent=17786"}],"curies":[{"name":"wp","href":"https:\/\/api.w.org\/{rel}","templated":true}]}}