{"id":17785,"date":"1970-01-01T00:00:00","date_gmt":"1970-01-01T00:00:00","guid":{"rendered":"https:\/\/elfsight.com\/de\/?page_id=17785"},"modified":"2025-07-10T08:22:38","modified_gmt":"2025-07-10T08:22:38","slug":"joomla","status":"publish","type":"page","link":"https:\/\/elfsight.com\/de\/social-feed-widget\/joomla\/","title":{"rendered":"Social Feed &#8211; Joomla"},"content":{"rendered":"<div class=\"application-platform-content-item-description application-platform-content-item\" id=\"description\" data-nav-section=\"description\"> <h2>Beschreibung<\/h2> <p>Elfsight Social Feed f\u00fcr Joomla ist ein einzigartiges Widget zur F\u00f6rderung nicht nur von Waren, sondern auch von Emotionen und Erlebnissen. Damit k\u00f6nnen Sie einen individuellen Feed bestehend aus Inhalten aus vielen Netzwerken erstellen: Instagram, Pinterest, Facebook, Twitter, Tumblr, YouTube, Vimeo \u2013 und diese direkt auf Ihrer Webseite pr\u00e4sentieren. Entwerfen Sie eine Galerie oder einen Produktkatalog in 1-2-3! \u00dcben Sie mit zahlreichen Filteroptionen die absolute Kontrolle \u00fcber einen demonstrierten Inhalt aus und sortieren Sie Spam und unerw\u00fcnschte Inhalte durch manuelle Moderation aus. Der vollst\u00e4ndig reaktionsf\u00e4hige Online-Editor bietet Ihnen verschiedene Vorlagen zur Auswahl. <\/p> <p><b>Machen Sie Ihre Website mit Hilfe von Social Wall effizienter f\u00fcr Gesch\u00e4ftsziele<\/b><\/p> <\/div> <div class=\"application-platform-content-item-features application-platform-content-item\" id=\"features\" data-nav-section=\"features\"> <h2>Den Schl\u00fcssel finden Sie unten Funktionen der Erweiterung: <\/h2> <ul><li>Zeigen Sie Ihre Social-Media-Inhalte aus verschiedenen Netzwerken an. <\/li><li>Entfernen Sie Spam und unerw\u00fcnschte Inhalte mithilfe des manuellen Moderationsmodus. <\/li><li>F\u00fcgen Sie die Schaltfl\u00e4che \u201eFolgen\u201c auf den Widget-Karten ein. <\/li><li>Lassen Sie Ihre Beitr\u00e4ge in einem Popup-Modus anzeigen. <\/li><\/ul><p><a href=\"#demo\">Wie die Erweiterung funktioniert, k\u00f6nnen Sie mit Hilfe der Demo testen<\/a><\/p> <\/div> <div class=\"application-platform-content-item- Installation application-platform-content-item\" id=\" Installation\" data-nav-section=\" Installation\"> <h2>Wie kann ich meiner Joomla-Website eine Social-Media-Feed-Erweiterung hinzuf\u00fcgen? <\/h2> <p>Befolgen Sie einfach die folgenden Richtlinien, um das Werkzeug einzusetzen. <\/p> <ol><li><b>Starten Sie unseren kostenlosen Konfigurator und beginnen Sie mit der Zusammenstellung Ihres ma\u00dfgeschneiderten Instruments. <\/b><br> Geben Sie die benutzerdefinierte Benutzeroberfl\u00e4che und die Eigenschaften des Widgets an und speichern Sie die \u00c4nderungen. <\/li> <li><b>Erhalten Sie Ihren pers\u00f6nlichen Code, der im Feld auf Elfsight Apps angezeigt wird. <\/b><br> Kopieren Sie direkt nach Abschluss der Einrichtung Ihres Widgets den pers\u00f6nlichen Code aus dem erscheinenden Fenster und speichern Sie ihn zur weiteren Verwendung. <\/li> <li><b>Beteiligen Sie sich an der Verwendung der Social Wall-Erweiterung auf der Joomla-Website. <\/b><br> Implementieren Sie den zuvor gespeicherten Code auf Ihrer Seite und \u00fcbernehmen Sie die \u00c4nderungen. <\/li> <li><b>Die Installation wurde erfolgreich durchgef\u00fchrt. <\/b><br> Gehen Sie zu Ihrer Webseite, um die Leistung des Tools zu sehen. <\/li><\/ol> <p>Sollten Sie auf Schwierigkeiten sto\u00dfen, z\u00f6gern Sie nicht, unserem Kundenservice-Team zu schreiben. Unsere Mitarbeiter werden sich freuen, alle Probleme zu l\u00f6sen, die Sie m\u00f6glicherweise mit dem Plugin haben. <\/p> <\/div><div class=\"faq\" data-component=\"FAQ\"><div class=\"faq-item\">\r\n\t\t\t\t\t<div class=\"faq-item-question\">\r\n\t\t\t\t\t\t<h3 class=\"faq-item-question-text\">Gibt es eine M\u00f6glichkeit, Social Feeds ohne Programmiererfahrung zu meiner Joomla-Website hinzuzuf\u00fcgen?<\/h3>\r\n\r\n\t\t\t\t\t\t<div class=\"faq-item-question-icon\"><\/div>\r\n\t\t\t\t\t<\/div>\r\n\r\n\t\t\t\t\t<div class=\"faq-item-answer\">\r\n\t\t\t\t\t\t<div class=\"faq-item-answer-text\"><p>Die Firma Elfsight bietet diese M\u00f6glichkeit Eine SaaS-L\u00f6sung, mit der ein breites Publikum selbst einen Social-Feed-Bereich erstellen kann, sehen Sie sich die einfache Anleitung an: <\/p><ul><li>Gehen Sie zur Live-Demo, um einen Social-Feed-Bereich zu erstellen, den Sie gerne auf Ihrer Joomla-Homepage einbinden m\u00f6chten. <\/li><li>Entscheiden Sie sich f\u00fcr eine der vorgefertigten Vorlagen und \u00e4ndern Sie die Social-Feed-Einstellungen, \u00e4ndern Sie das Layout und die Farben, f\u00fcgen Sie Ihre Inhalte ohne Programmiererfahrung ein.<\/li><li>Speichern Sie die Einstellungen, die Sie vorgenommen haben, in \u201eSocial\u201c. Geben Sie den Code ein und erhalten Sie ihn zum Einbetten, der mit einem kostenlosen Plan in jede Joomla-Website eingef\u00fcgt werden kann.<\/li><\/ul><p>Mit unserem unkomplizierten Konfigurator kann jeder Webbenutzer ein Social-Feed-Plugin erstellen und in seine Joomla-Homepage einbetten . Es ist nicht erforderlich, zu bezahlen oder Ihre Kartendaten einzugeben, um auf den Elfsight Editor zuzugreifen. Sollten bei irgendeinem Schritt Probleme auftreten, wenden Sie sich bitte an unseren Kundensupport.<\/p><\/div>\r\n\t\t\t\t\t<\/div>\r\n\t\t\t\t<\/div><\/div>","protected":false},"excerpt":{"rendered":"","protected":false},"author":9,"featured_media":0,"parent":3560,"menu_order":0,"comment_status":"closed","ping_status":"closed","template":"templates\/template-application-platform.php","meta":{"publish_to_discourse":"","publish_post_category":"","wpdc_auto_publish_overridden":"","wpdc_topic_tags":"","wpdc_pin_topic":"","wpdc_pin_until":"","discourse_post_id":"","discourse_permalink":"","wpdc_publishing_response":"","wpdc_publishing_error":"","footnotes":""},"class_list":["post-17785","page","type-page","status-publish","hentry"],"yoast_head":"<!-- This site is optimized with the Yoast SEO plugin v25.3.1 - https:\/\/yoast.com\/wordpress\/plugins\/seo\/ -->\n<title>Social Wall-Erweiterung zur Joomla-Website hinzuf\u00fcgen (schnell und kostenlos)<\/title>\n<meta name=\"description\" content=\"Integrieren Sie eine benutzerfreundliche Joomla Social Feed-Erweiterung auf Ihrer Joomla-Site. Nutzen Sie die praktische Elfsight-Demo und modifizieren Sie Ihre beeindruckende Social Wall-Erweiterung.\" \/>\n<meta name=\"robots\" content=\"index, follow, max-snippet:-1, max-image-preview:large, max-video-preview:-1\" \/>\n<link rel=\"canonical\" href=\"https:\/\/elfsight.com\/de\/social-feed-widget\/joomla\/\" \/>\n<meta property=\"og:locale\" content=\"de_DE\" \/>\n<meta property=\"og:type\" content=\"article\" \/>\n<meta property=\"og:title\" content=\"Social Wall-Erweiterung zur Joomla-Website hinzuf\u00fcgen (schnell und kostenlos)\" \/>\n<meta property=\"og:description\" content=\"Integrieren Sie eine benutzerfreundliche Joomla Social Feed-Erweiterung auf Ihrer Joomla-Site. Nutzen Sie die praktische Elfsight-Demo und modifizieren Sie Ihre beeindruckende Social Wall-Erweiterung.\" \/>\n<meta property=\"og:url\" content=\"https:\/\/elfsight.com\/de\/social-feed-widget\/joomla\/\" \/>\n<meta property=\"og:site_name\" content=\"Elfsight DE\" \/>\n<meta property=\"article:modified_time\" content=\"2025-07-10T08:22:38+00:00\" \/>\n<meta name=\"twitter:card\" content=\"summary_large_image\" \/>\n<meta name=\"twitter:label1\" content=\"Gesch\u00e4tzte Lesezeit\" \/>\n\t<meta name=\"twitter:data1\" content=\"3\u00a0Minuten\" \/>\n<!-- \/ Yoast SEO plugin. -->","yoast_head_json":{"title":"Social Wall-Erweiterung zur Joomla-Website hinzuf\u00fcgen (schnell und kostenlos)","description":"Integrieren Sie eine benutzerfreundliche Joomla Social Feed-Erweiterung auf Ihrer Joomla-Site. Nutzen Sie die praktische Elfsight-Demo und modifizieren Sie Ihre beeindruckende Social Wall-Erweiterung.","robots":{"index":"index","follow":"follow","max-snippet":"max-snippet:-1","max-image-preview":"max-image-preview:large","max-video-preview":"max-video-preview:-1"},"canonical":"https:\/\/elfsight.com\/de\/social-feed-widget\/joomla\/","og_locale":"de_DE","og_type":"article","og_title":"Social Wall-Erweiterung zur Joomla-Website hinzuf\u00fcgen (schnell und kostenlos)","og_description":"Integrieren Sie eine benutzerfreundliche Joomla Social Feed-Erweiterung auf Ihrer Joomla-Site. Nutzen Sie die praktische Elfsight-Demo und modifizieren Sie Ihre beeindruckende Social Wall-Erweiterung.","og_url":"https:\/\/elfsight.com\/de\/social-feed-widget\/joomla\/","og_site_name":"Elfsight DE","article_modified_time":"2025-07-10T08:22:38+00:00","twitter_card":"summary_large_image","twitter_misc":{"Gesch\u00e4tzte Lesezeit":"3\u00a0Minuten"},"schema":{"@context":"https:\/\/schema.org","@graph":[{"@type":"WebPage","@id":"https:\/\/elfsight.com\/de\/social-feed-widget\/joomla\/","url":"https:\/\/elfsight.com\/de\/social-feed-widget\/joomla\/","name":"Social Wall-Erweiterung zur Joomla-Website hinzuf\u00fcgen (schnell und kostenlos)","isPartOf":{"@id":"https:\/\/elfsight.com\/de\/#website"},"datePublished":"1970-01-01T00:00:00+00:00","dateModified":"2025-07-10T08:22:38+00:00","description":"Integrieren Sie eine benutzerfreundliche Joomla Social Feed-Erweiterung auf Ihrer Joomla-Site. Nutzen Sie die praktische Elfsight-Demo und modifizieren Sie Ihre beeindruckende Social Wall-Erweiterung.","breadcrumb":{"@id":"https:\/\/elfsight.com\/de\/social-feed-widget\/joomla\/#breadcrumb"},"inLanguage":"de","potentialAction":[{"@type":"ReadAction","target":["https:\/\/elfsight.com\/de\/social-feed-widget\/joomla\/"]}]},{"@type":"BreadcrumbList","@id":"https:\/\/elfsight.com\/de\/social-feed-widget\/joomla\/#breadcrumb","itemListElement":[{"@type":"ListItem","position":1,"name":"Home","item":"https:\/\/elfsight.com\/de\/"},{"@type":"ListItem","position":2,"name":"Social Feed","item":"https:\/\/elfsight.com\/de\/social-feed-widget\/"},{"@type":"ListItem","position":3,"name":"Social Feed &#8211; Joomla"}]},{"@type":"WebSite","@id":"https:\/\/elfsight.com\/de\/#website","url":"https:\/\/elfsight.com\/de\/","name":"Elfsight DE","description":"Just another Elfsight Sites site","potentialAction":[{"@type":"SearchAction","target":{"@type":"EntryPoint","urlTemplate":"https:\/\/elfsight.com\/de\/?s={search_term_string}"},"query-input":{"@type":"PropertyValueSpecification","valueRequired":true,"valueName":"search_term_string"}}],"inLanguage":"de"}]}},"meta_box":{"industry":"","seo_heading":"","heading":"","description":"","cta_heading":"","cta_description":"","application":"3559","h1":"Joomla Social Media Feed-Erweiterung","h1_caption":"Fassen Sie Inhalte von mehreren Social-Media-Plattformen in einem dynamischen Feed zusammen und stellen Sie Ihren Besuchern m\u00fchelos frische und ansprechende Inhalte auf Ihrer Joomla-Website zur Verf\u00fcgung.","application_category":[],"applications_title":"","applications_request_title":"","applications_request_button_text":"","hero_text":"","hero_video":"","hero_video_schema_markup":"","selling_points_title":"","selling_points_caption":"","selling_points":[],"selling_points_cta_text":"","features_title":"","features":"","ed_cta_examples_text":"","ed_cta_examples_hidden":"","ed_cta_demo_text":"","ed_cta_demo_hidden":"","why_caption":"","why_editor_title":"","why_editor_text":"","why_team_title":"","why_team_text":"","why_service_title":"","why_service_text":"","template_catalog_visible":"","template_catalog_title":"","template_catalog_text":"","template_catalog_categories_visible":"","demo_title":"Erstellen Sie Ihr Social-Feed-Plugin","demo_caption":"Konfigurieren Sie Ihren Social Feed und f\u00fcgen Sie ihn kostenlos zu Ihrer Joomla-Website hinzu!","default_faq_hidden":"","app_template_category":[],"platform":"259","template_public_id":"","codecanyon_url":"","codecanyon_item_id":"","codecanyon_price":"","pricing_caption":"","pricing_elfsight_apps_hide_column":"","pricing_elfsight_apps_url":"","pricing_codecanyon_price_caption":"","integration_category":[],"integration_request_title":"","integration_request_cta":"","integration_platform":"","integrations":[],"platform_category":[],"video_schema_markup":"","price":"ab 0 $ \/ Monat","trial":"","benefits":[{"text":"Kostenlose Installationshilfe"},{"text":"Au\u00dfergew\u00f6hnlicher Support"},{"text":"14-t\u00e4gige R\u00fcckerstattungsgarantie"},{"text":"Laufende kostenlose Verbesserungen"}],"button_url":"#demo","button_target_blank":"","button_nofollow":"","attributes":[{"name":"Installiert","content":"100,000 - 500,000"},{"name":"Reaktionsfreudig","content":"Ja"},{"name":"Kompatible Browser","content":"Firefox, Safari, Opera, Edge"}],"tags":[],"tags_disable_links":"","hide_more_platforms":"","video_object":"","demo_hide_cta":"","demo_hide_cloud_options":"","pricing_title":"","pricing":[{"pricing_icon":"platform","pricing_title":"Elfsight Apps","pricing_title_caption":"Plattform\u00fcbergreifende digitale L\u00f6sung, die auf jedem Standort funktioniert","pricing_price":"ab 0 $ \/ Monat","pricing_price_caption":"Beginnen Sie mit einem kostenlosen Plan","pricing_benefits":[{"text":"Unbegrenzte Domains"},{"text":"Kundensupport rund um die Uhr"},{"text":"Kostenloser Installationssupport"},{"text":"Zeitlich begrenztes Angebot f\u00fcr mehrere Apps"}],"pricing_button_text":"Zur Website hinzuf\u00fcgen","pricing_button_url":"#demo"}],"related_apps_title":"","related_apps_hidden":"","author":"","image":[],"title":"","job":"","social_networks":[]},"_links":{"self":[{"href":"https:\/\/elfsight.com\/de\/wp-json\/wp\/v2\/pages\/17785","targetHints":{"allow":["GET"]}}],"collection":[{"href":"https:\/\/elfsight.com\/de\/wp-json\/wp\/v2\/pages"}],"about":[{"href":"https:\/\/elfsight.com\/de\/wp-json\/wp\/v2\/types\/page"}],"author":[{"embeddable":true,"href":"https:\/\/elfsight.com\/de\/wp-json\/wp\/v2\/users\/9"}],"replies":[{"embeddable":true,"href":"https:\/\/elfsight.com\/de\/wp-json\/wp\/v2\/comments?post=17785"}],"version-history":[{"count":2,"href":"https:\/\/elfsight.com\/de\/wp-json\/wp\/v2\/pages\/17785\/revisions"}],"predecessor-version":[{"id":21919,"href":"https:\/\/elfsight.com\/de\/wp-json\/wp\/v2\/pages\/17785\/revisions\/21919"}],"up":[{"embeddable":true,"href":"https:\/\/elfsight.com\/de\/wp-json\/wp\/v2\/pages\/3560"}],"wp:attachment":[{"href":"https:\/\/elfsight.com\/de\/wp-json\/wp\/v2\/media?parent=17785"}],"curies":[{"name":"wp","href":"https:\/\/api.w.org\/{rel}","templated":true}]}}