{"id":17777,"date":"1970-01-01T00:00:00","date_gmt":"1970-01-01T00:00:00","guid":{"rendered":"https:\/\/elfsight.com\/de\/?page_id=17777"},"modified":"2025-07-10T08:22:22","modified_gmt":"2025-07-10T08:22:22","slug":"html","status":"publish","type":"page","link":"https:\/\/elfsight.com\/de\/social-feed-widget\/html\/","title":{"rendered":"Social Feed &#8211; HTML"},"content":{"rendered":"<div class=\"application-platform-content-item-description application-platform-content-item\" id=\"description\" data-nav-section=\"description\"> <h2>Beschreibung<\/h2> <p>Elfsight Social Feed f\u00fcr HTML ist ein einzigartiges Widget zur F\u00f6rderung nicht nur von Waren, sondern auch von Emotionen und Erlebnissen. Mit Social-Media-Feeds k\u00f6nnen Sie benutzerdefinierte Feeds erstellen, die aus Inhalten aus verschiedenen Quellen bestehen: Instagram, Pinterest, Facebook, Twitter, Tumblr, YouTube, Vimeo \u2013 und diese direkt auf Ihrer Website anzeigen. Entwickeln Sie mit wenigen Klicks eine Galerie oder einen Produktkatalog! Genie\u00dfen Sie mit zahlreichen Filteroptionen die absolute Kontrolle \u00fcber den in Ihrem Social-Media-Feed angezeigten Inhalt und eliminieren Sie Spam und alle unerw\u00fcnschten Inhalte durch manuelle Moderation. Der vollst\u00e4ndig reaktionsf\u00e4hige Online-Konfigurator bietet Ihnen zahlreiche Vorlagen zur Auswahl.<\/p> <p><b>Machen Sie Ihre Website mit Social Wall effektiver f\u00fcr Gesch\u00e4ftsziele<\/b><\/p> <\/div> <div class=\"application-platform-content-item- Features application-platform-content-item\" id=\" Features\" data-nav-section=\" Features\"> <h2>Hier sind die zentralen Funktionen des Widgets: <\/h2> <ul><li>Pr\u00e4sentieren Sie Ihre Social-Media-Inhalte aus vielen Quellen. <\/li><li>Entfernen Sie Spam und unerw\u00fcnschte Inhalte mithilfe des manuellen Moderationsmodus. <\/li><li>Legen Sie die Schaltfl\u00e4che \u201eFolgen\u201c auf den Widget-Karten fest. <\/li><li>Lassen Sie Ihre Beitr\u00e4ge in einem Popup-Modus anzeigen. <\/li><\/ul><p><a href=\"#demo\">Sie k\u00f6nnen jetzt die volle Funktionalit\u00e4t des Widgets in der Demo erkunden<\/a><\/p> <\/div> <div class=\"application-platform-content-item-\u201eInstallation\u201c application-platform-content-item\" id=\"\u201eInstallation\u201c\" data-nav-section=\"\u201eInstallation\u201c\"> <h2>Wie kann ich das Social-Media-Feed-Widget in meine HTML-Website einbetten? <\/h2> <p>F\u00fchren Sie einfach die unten beschriebenen Schritte aus, um das Widget in den HTML-Code Ihrer Website einzuf\u00fcgen. <\/p> <ol><li><b>\u00d6ffnen Sie unsere kostenlose Demo und beginnen Sie mit der Erstellung Ihres ma\u00dfgeschneiderten Widgets. <\/b><br> W\u00e4hlen Sie die benutzerdefinierte Form und Funktionen des Tools und wenden Sie die Korrekturen an. <\/li> <li><b>Kopieren Sie den HTML-Code des pers\u00f6nlichen Social-Media-Feeds, der in der speziellen Form auf Elfsight Apps angezeigt wird. <\/b><br> Wenn die Konfiguration Ihres Widgets abgeschlossen ist, kopieren Sie den exklusiven Code aus dem angezeigten Feld und bewahren Sie ihn f\u00fcr die zuk\u00fcnftige Verwendung auf. <\/li> <li><b>Initiieren Sie die Anwendung des Social Wall-Widgets auf Ihrer HTML-Webseite. <\/b><br> F\u00fcgen Sie den Code, den Sie k\u00fcrzlich gespeichert haben, in Ihre Webseite ein und speichern Sie die Anpassungen. <\/li> <li><b>Das Setup ist vollst\u00e4ndig durchgef\u00fchrt. <\/b><br> Gehen Sie zu Ihrer Seite, um in Aktion zu sehen, wie das Widget funktioniert. <\/li><\/ol> <p>Falls Sie auf Schwierigkeiten sto\u00dfen, scheuen Sie sich nicht, sich an unser Support-Team zu wenden. Unsere Spezialisten helfen Ihnen gerne bei allen Schwierigkeiten, die Sie mit dem Produkt haben k\u00f6nnten. <\/p> <\/div><div class=\"faq\" data-component=\"FAQ\"><div class=\"faq-item\">\r\n\t\t\t\t\t<div class=\"faq-item-question\">\r\n\t\t\t\t\t\t<h3 class=\"faq-item-question-text\">Wie kann ich ohne Programmierkenntnisse Social Feed zu meinem HTML hinzuf\u00fcgen?<\/h3>\r\n\r\n\t\t\t\t\t\t<div class=\"faq-item-question-icon\"><\/div>\r\n\t\t\t\t\t<\/div>\r\n\r\n\t\t\t\t\t<div class=\"faq-item-answer\">\r\n\t\t\t\t\t\t<div class=\"faq-item-answer-text\"><p>Das Unternehmen Elfsight stellt eine vor Cloud-L\u00f6sung, mit der Benutzer selbst eine Social-Feed-App erstellen k\u00f6nnen. Erfahren Sie die einfache Anleitung: <\/p><ul><li>Arbeiten Sie direkt im Live-Editor, um ein Social-Feed-Widget zu erstellen, das Sie gerne in HTML sehen w\u00fcrden.<\/li><li>W\u00e4hlen Sie eine unserer vorgefertigten Vorlagen aus und optimieren Sie die Social-Feed-Einstellungen, f\u00fcgen Sie Ihre Inhalte hinzu, \u00e4ndern Sie das Layout und die Farbe der Elemente ohne Programmieraufwand.<\/li><li>Speichern Sie den Social-Feed und laden Sie die Installation herunter Code, den Sie mit einem kostenlosen Plan in eine HTML-Website einbetten k\u00f6nnen.<\/li><\/ul><p>Mit unserem benutzerfreundlichen Konfigurator kann jeder Internetnutzer einen Social-Feed-Bereich erstellen und ihn einfach in jede HTML-Website einbetten. Sie d\u00fcrfen weder bezahlen noch Ihre Kartendaten preisgeben, um Zugang zu unserem Editor zu erhalten. Wenn Sie auf Probleme jeglicher Art sto\u00dfen, k\u00f6nnen Sie sich gerne an unsere Support-Mitarbeiter wenden.<\/p><\/div>\r\n\t\t\t\t\t<\/div>\r\n\t\t\t\t<\/div><\/div>","protected":false},"excerpt":{"rendered":"","protected":false},"author":9,"featured_media":0,"parent":3560,"menu_order":0,"comment_status":"closed","ping_status":"closed","template":"templates\/template-application-platform.php","meta":{"publish_to_discourse":"","publish_post_category":"","wpdc_auto_publish_overridden":"","wpdc_topic_tags":"","wpdc_pin_topic":"","wpdc_pin_until":"","discourse_post_id":"","discourse_permalink":"","wpdc_publishing_response":"","wpdc_publishing_error":"","footnotes":""},"class_list":["post-17777","page","type-page","status-publish","hentry"],"yoast_head":"<!-- This site is optimized with the Yoast SEO plugin v25.3.1 - https:\/\/yoast.com\/wordpress\/plugins\/seo\/ -->\n<title>F\u00fcgen Sie das Social Wall-Widget zur HTML-Website hinzu (schnell und kostenlos)<\/title>\n<meta name=\"description\" content=\"F\u00fcgen Sie ein mobilfreundliches HTML-Social-Feed-Widget in Ihre HTML-Site ein. Nutzen Sie die praktische Elfsight-Demo und erstellen Sie Ihr faszinierendes Social Wall-Widget.\" \/>\n<meta name=\"robots\" content=\"index, follow, max-snippet:-1, max-image-preview:large, max-video-preview:-1\" \/>\n<link rel=\"canonical\" href=\"https:\/\/elfsight.com\/de\/social-feed-widget\/html\/\" \/>\n<meta property=\"og:locale\" content=\"de_DE\" \/>\n<meta property=\"og:type\" content=\"article\" \/>\n<meta property=\"og:title\" content=\"F\u00fcgen Sie das Social Wall-Widget zur HTML-Website hinzu (schnell und kostenlos)\" \/>\n<meta property=\"og:description\" content=\"F\u00fcgen Sie ein mobilfreundliches HTML-Social-Feed-Widget in Ihre HTML-Site ein. Nutzen Sie die praktische Elfsight-Demo und erstellen Sie Ihr faszinierendes Social Wall-Widget.\" \/>\n<meta property=\"og:url\" content=\"https:\/\/elfsight.com\/de\/social-feed-widget\/html\/\" \/>\n<meta property=\"og:site_name\" content=\"Elfsight DE\" \/>\n<meta property=\"article:modified_time\" content=\"2025-07-10T08:22:22+00:00\" \/>\n<meta name=\"twitter:card\" content=\"summary_large_image\" \/>\n<meta name=\"twitter:label1\" content=\"Gesch\u00e4tzte Lesezeit\" \/>\n\t<meta name=\"twitter:data1\" content=\"3\u00a0Minuten\" \/>\n<!-- \/ Yoast SEO plugin. -->","yoast_head_json":{"title":"F\u00fcgen Sie das Social Wall-Widget zur HTML-Website hinzu (schnell und kostenlos)","description":"F\u00fcgen Sie ein mobilfreundliches HTML-Social-Feed-Widget in Ihre HTML-Site ein. Nutzen Sie die praktische Elfsight-Demo und erstellen Sie Ihr faszinierendes Social Wall-Widget.","robots":{"index":"index","follow":"follow","max-snippet":"max-snippet:-1","max-image-preview":"max-image-preview:large","max-video-preview":"max-video-preview:-1"},"canonical":"https:\/\/elfsight.com\/de\/social-feed-widget\/html\/","og_locale":"de_DE","og_type":"article","og_title":"F\u00fcgen Sie das Social Wall-Widget zur HTML-Website hinzu (schnell und kostenlos)","og_description":"F\u00fcgen Sie ein mobilfreundliches HTML-Social-Feed-Widget in Ihre HTML-Site ein. Nutzen Sie die praktische Elfsight-Demo und erstellen Sie Ihr faszinierendes Social Wall-Widget.","og_url":"https:\/\/elfsight.com\/de\/social-feed-widget\/html\/","og_site_name":"Elfsight DE","article_modified_time":"2025-07-10T08:22:22+00:00","twitter_card":"summary_large_image","twitter_misc":{"Gesch\u00e4tzte Lesezeit":"3\u00a0Minuten"},"schema":{"@context":"https:\/\/schema.org","@graph":[{"@type":"WebPage","@id":"https:\/\/elfsight.com\/de\/social-feed-widget\/html\/","url":"https:\/\/elfsight.com\/de\/social-feed-widget\/html\/","name":"F\u00fcgen Sie das Social Wall-Widget zur HTML-Website hinzu (schnell und kostenlos)","isPartOf":{"@id":"https:\/\/elfsight.com\/de\/#website"},"datePublished":"1970-01-01T00:00:00+00:00","dateModified":"2025-07-10T08:22:22+00:00","description":"F\u00fcgen Sie ein mobilfreundliches HTML-Social-Feed-Widget in Ihre HTML-Site ein. Nutzen Sie die praktische Elfsight-Demo und erstellen Sie Ihr faszinierendes Social Wall-Widget.","breadcrumb":{"@id":"https:\/\/elfsight.com\/de\/social-feed-widget\/html\/#breadcrumb"},"inLanguage":"de","potentialAction":[{"@type":"ReadAction","target":["https:\/\/elfsight.com\/de\/social-feed-widget\/html\/"]}]},{"@type":"BreadcrumbList","@id":"https:\/\/elfsight.com\/de\/social-feed-widget\/html\/#breadcrumb","itemListElement":[{"@type":"ListItem","position":1,"name":"Home","item":"https:\/\/elfsight.com\/de\/"},{"@type":"ListItem","position":2,"name":"Social Feed","item":"https:\/\/elfsight.com\/de\/social-feed-widget\/"},{"@type":"ListItem","position":3,"name":"Social Feed &#8211; HTML"}]},{"@type":"WebSite","@id":"https:\/\/elfsight.com\/de\/#website","url":"https:\/\/elfsight.com\/de\/","name":"Elfsight DE","description":"Just another Elfsight Sites site","potentialAction":[{"@type":"SearchAction","target":{"@type":"EntryPoint","urlTemplate":"https:\/\/elfsight.com\/de\/?s={search_term_string}"},"query-input":{"@type":"PropertyValueSpecification","valueRequired":true,"valueName":"search_term_string"}}],"inLanguage":"de"}]}},"meta_box":{"industry":"","seo_heading":"","heading":"","description":"","cta_heading":"","cta_description":"","application":"3559","h1":"HTML-Social-Media-Feed-Widget","h1_caption":"Fassen Sie Inhalte von mehreren Social-Media-Plattformen in einem dynamischen Feed zusammen, um Ihren Besuchern m\u00fchelos frische und ansprechende Inhalte auf Ihrer HTML-Website bereitzustellen.","application_category":[],"applications_title":"","applications_request_title":"","applications_request_button_text":"","hero_text":"","hero_video":"","hero_video_schema_markup":"","selling_points_title":"","selling_points_caption":"","selling_points":[],"selling_points_cta_text":"","features_title":"","features":"","ed_cta_examples_text":"","ed_cta_examples_hidden":"","ed_cta_demo_text":"","ed_cta_demo_hidden":"","why_caption":"","why_editor_title":"","why_editor_text":"","why_team_title":"","why_team_text":"","why_service_title":"","why_service_text":"","template_catalog_visible":"","template_catalog_title":"","template_catalog_text":"","template_catalog_categories_visible":"","demo_title":"Erstellen Sie Ihr Social-Feed-Widget","demo_caption":"Konfigurieren Sie Ihren Social Feed und f\u00fcgen Sie ihn kostenlos zu Ihrer HTML-Website hinzu!","default_faq_hidden":"","app_template_category":[],"platform":"260","template_public_id":"","codecanyon_url":"","codecanyon_item_id":"","codecanyon_price":"","pricing_caption":"","pricing_elfsight_apps_hide_column":"","pricing_elfsight_apps_url":"","pricing_codecanyon_price_caption":"","integration_category":[],"integration_request_title":"","integration_request_cta":"","integration_platform":"","integrations":[],"platform_category":[],"video_schema_markup":"","price":"ab 0 $ \/ Monat","trial":"","benefits":[{"text":"Kostenlose Installationshilfe"},{"text":"Au\u00dfergew\u00f6hnlicher Support"},{"text":"14-t\u00e4gige R\u00fcckerstattungsgarantie"},{"text":"St\u00e4ndige Aktualisierung"}],"button_url":"#demo","button_target_blank":"","button_nofollow":"","attributes":[{"name":"Installiert","content":"100,000 - 500,000"},{"name":"Reaktionsfreudig","content":"Ja"},{"name":"Kompatible Browser","content":"Firefox, Safari, Opera, Edge"}],"tags":[],"tags_disable_links":"","hide_more_platforms":"","video_object":"","demo_hide_cta":"","demo_hide_cloud_options":"","pricing_title":"","pricing":[{"pricing_icon":"platform","pricing_title":"Elfsight Apps","pricing_title_caption":"Plattformunabh\u00e4ngige L\u00f6sung","pricing_price":"ab 0 $ \/ Monat","pricing_price_caption":"Beginnen Sie mit einem kostenlosen Plan","pricing_benefits":[{"text":"Unbegrenzte Websites"},{"text":"Professionelle Kundenbetreuung und gut dokumentiert"},{"text":"Kostenlose Installationsunterst\u00fctzung"},{"text":"Zeitlich begrenztes Angebot f\u00fcr mehrere Apps"}],"pricing_button_text":"Zur Website hinzuf\u00fcgen","pricing_button_url":"#demo"}],"related_apps_title":"","related_apps_hidden":"","author":"","image":[],"title":"","job":"","social_networks":[]},"_links":{"self":[{"href":"https:\/\/elfsight.com\/de\/wp-json\/wp\/v2\/pages\/17777","targetHints":{"allow":["GET"]}}],"collection":[{"href":"https:\/\/elfsight.com\/de\/wp-json\/wp\/v2\/pages"}],"about":[{"href":"https:\/\/elfsight.com\/de\/wp-json\/wp\/v2\/types\/page"}],"author":[{"embeddable":true,"href":"https:\/\/elfsight.com\/de\/wp-json\/wp\/v2\/users\/9"}],"replies":[{"embeddable":true,"href":"https:\/\/elfsight.com\/de\/wp-json\/wp\/v2\/comments?post=17777"}],"version-history":[{"count":2,"href":"https:\/\/elfsight.com\/de\/wp-json\/wp\/v2\/pages\/17777\/revisions"}],"predecessor-version":[{"id":21914,"href":"https:\/\/elfsight.com\/de\/wp-json\/wp\/v2\/pages\/17777\/revisions\/21914"}],"up":[{"embeddable":true,"href":"https:\/\/elfsight.com\/de\/wp-json\/wp\/v2\/pages\/3560"}],"wp:attachment":[{"href":"https:\/\/elfsight.com\/de\/wp-json\/wp\/v2\/media?parent=17777"}],"curies":[{"name":"wp","href":"https:\/\/api.w.org\/{rel}","templated":true}]}}