{"id":17775,"date":"1970-01-01T00:00:00","date_gmt":"1970-01-01T00:00:00","guid":{"rendered":"https:\/\/elfsight.com\/de\/?page_id=17775"},"modified":"2025-07-10T08:23:00","modified_gmt":"2025-07-10T08:23:00","slug":"opencart","status":"publish","type":"page","link":"https:\/\/elfsight.com\/de\/social-feed-widget\/opencart\/","title":{"rendered":"Social Feed &#8211; OpenCart"},"content":{"rendered":"<div class=\"application-platform-content-item-description application-platform-content-item\" id=\"description\" data-nav-section=\"description\"> <h2>Beschreibung<\/h2> <p>Elfsight Social Feed f\u00fcr OpenCart ist eine exklusive Erweiterung, um nicht nur Artikel, sondern auch Emotionen und Erlebnisse zu bewerben. Damit k\u00f6nnen Sie einen individuellen Feed bestehend aus Inhalten verschiedener sozialer Medien erstellen: Instagram, Pinterest, Facebook, Twitter, Tumblr, YouTube, Vimeo \u2013 und ihn direkt auf Ihrer Website anzeigen. Entwickeln Sie in wenigen Minuten eine Galerie oder einen Produktkatalog! \u00dcben Sie mit verschiedenen Filteroptionen die absolute Kontrolle \u00fcber einen demonstrierten Inhalt aus und eliminieren Sie Spam und alle unerw\u00fcnschten Inhalte durch manuelle Moderation. Der vollst\u00e4ndig responsive Online-Konfigurator bietet Ihnen zahlreiche Vorlagen zur Auswahl. <\/p> <p><b>Machen Sie Ihre Website mit Hilfe von Social Wall effizienter f\u00fcr E-Commerce-Ziele<\/b><\/p> <\/div> <div class=\"application-platform-content-item-features application-platform-content-item\" id=\"features\" data-nav-section=\"features\"> <h2>Anzeigen Die Liste der leistungsst\u00e4rksten Funktionen: <\/h2> <ul><li>Zeigen Sie Ihre Social-Media-Inhalte aus mehreren Quellen. <\/li><li>Beseitigen Sie Spam und unerw\u00fcnschte Inhalte mit dem manuellen Moderationsmodus. <\/li><li>Platzieren Sie die Schaltfl\u00e4che \u201eFolgen\u201c in den Widget-Beitr\u00e4gen. <\/li><li>Lassen Sie Ihre Beitr\u00e4ge in einem Popup-Modus anzeigen. <\/li><\/ul><p><a href=\"#demo\">Probieren Sie einfach diese Demo aus, um zu sehen, was die Erweiterung wert ist<\/a><\/p> <\/div> <div class=\"application-platform-content-item-installation  application-platform-content-item\" id=\"installation \" data-nav-section=\"installation \"> <h2>Wie f\u00fcge ich meiner OpenCart-Website eine Social-Media-Feed-Erweiterung hinzu? <\/h2> <p>F\u00fchren Sie einfach die folgenden Schritte aus, um mit der Arbeit mit dem Tool zu beginnen. <\/p> <ol><li><b>Starten Sie unsere kostenlose Demo und beginnen Sie mit der Gestaltung Ihrer einzigartigen Erweiterung. <\/b><br> Bestimmen Sie das ausgew\u00e4hlte Aussehen und die Parameter des Widgets und wenden Sie die Korrekturen an. <\/li> <li><b>Erhalten Sie Ihren einzigartigen Code, der in der speziellen Form auf Elfsight Apps angezeigt wird. <\/b><br> Wenn die Konfiguration Ihres Widgets abgeschlossen ist, kopieren Sie den exklusiven Code aus dem angezeigten Feld und bewahren Sie ihn f\u00fcr die zuk\u00fcnftige Verwendung auf. <\/li> <li><b>Beginnen Sie mit der Nutzung der Social Wall-Erweiterung auf Ihrer OpenCart-Site. <\/b><br> F\u00fcgen Sie den zuvor kopierten Code in Ihre Website ein und speichern Sie die Korrekturen. <\/li> <li><b>Die Installation wurde erfolgreich durchgef\u00fchrt. <\/b><br> Besuchen Sie Ihre Seite, um die Leistung des Plugins zu \u00fcberpr\u00fcfen. <\/li><\/ol> <p>Wenn Sie Fragen haben oder auf Schwierigkeiten sto\u00dfen, wenden Sie sich bitte an unser Support-Team. Unsere Mitarbeiter beantworten gerne alle Fragen, die Sie zum Produkt haben. <\/p> <\/div><div class=\"faq\" data-component=\"FAQ\"><div class=\"faq-item\">\r\n\t\t\t\t\t<div class=\"faq-item-question\">\r\n\t\t\t\t\t\t<h3 class=\"faq-item-question-text\">Gibt es eine Methode zum Hinzuf\u00fcgen von Social Feed zu meiner OpenCart-Webseite ohne Codierung?<\/h3>\r\n\r\n\t\t\t\t\t\t<div class=\"faq-item-question-icon\"><\/div>\r\n\t\t\t\t\t<\/div>\r\n\r\n\t\t\t\t\t<div class=\"faq-item-answer\">\r\n\t\t\t\t\t\t<div class=\"faq-item-answer-text\"><p>Die Firma Elfsight bietet diese an Finden Sie heraus, wie einfach der Vorgang ist: <\/p><ul><li>Gehen Sie zum Online-Editor, um ein Social-Feed-Plugin zu erstellen, das Sie gerne auf der OpenCart-Website sehen m\u00f6chten .<\/li><li>Klicken Sie auf eine der vorgefertigten Vorlagen und passen Sie die Social-Feed-Einstellungen an, \u00e4ndern Sie das Layout und das Farbschema, f\u00fcgen Sie Ihre Inhalte ohne Programmierkenntnisse ein.<\/li><li>Klicken Sie zum Speichern Social Feed und erhalten Sie den Plugin-Code f\u00fcr die Installation, der kostenlos zur OpenCart-Webseite hinzugef\u00fcgt werden kann.<\/li><\/ul><p>Mit dem unkomplizierten Konfigurator kann jeder Internetnutzer ein Social Feed-Plugin erstellen und problemlos hinzuf\u00fcgen ihre OpenCart-Site. Sie sollten kein kostenpflichtiges Abonnement abschlie\u00dfen oder Ihre Kartendaten angeben, um an unserem Editor teilzunehmen. Sollten Sie bei irgendeinem Schritt auf Hindernisse sto\u00dfen, wenden Sie sich bitte an unseren Kundensupport.<\/p><\/div>\r\n\t\t\t\t\t<\/div>\r\n\t\t\t\t<\/div><\/div>","protected":false},"excerpt":{"rendered":"","protected":false},"author":9,"featured_media":0,"parent":3560,"menu_order":0,"comment_status":"closed","ping_status":"closed","template":"templates\/template-application-platform.php","meta":{"publish_to_discourse":"","publish_post_category":"","wpdc_auto_publish_overridden":"","wpdc_topic_tags":"","wpdc_pin_topic":"","wpdc_pin_until":"","discourse_post_id":"","discourse_permalink":"","wpdc_publishing_response":"","wpdc_publishing_error":"","footnotes":""},"class_list":["post-17775","page","type-page","status-publish","hentry"],"yoast_head":"<!-- This site is optimized with the Yoast SEO plugin v25.3.1 - https:\/\/yoast.com\/wordpress\/plugins\/seo\/ -->\n<title>F\u00fcgen Sie der OpenCart-Website die Social Wall-Erweiterung hinzu (schnell und kostenlos)<\/title>\n<meta name=\"description\" content=\"Implementieren Sie eine mobilfreundliche OpenCart Social Feed-Erweiterung auf Ihrer OpenCart-Seite. Probieren Sie die praktische Demo von Elfsight aus und erstellen Sie Ihre wundersch\u00f6ne Social Wall-Erweiterung.\" \/>\n<meta name=\"robots\" content=\"index, follow, max-snippet:-1, max-image-preview:large, max-video-preview:-1\" \/>\n<link rel=\"canonical\" href=\"https:\/\/elfsight.com\/de\/social-feed-widget\/opencart\/\" \/>\n<meta property=\"og:locale\" content=\"de_DE\" \/>\n<meta property=\"og:type\" content=\"article\" \/>\n<meta property=\"og:title\" content=\"F\u00fcgen Sie der OpenCart-Website die Social Wall-Erweiterung hinzu (schnell und kostenlos)\" \/>\n<meta property=\"og:description\" content=\"Implementieren Sie eine mobilfreundliche OpenCart Social Feed-Erweiterung auf Ihrer OpenCart-Seite. Probieren Sie die praktische Demo von Elfsight aus und erstellen Sie Ihre wundersch\u00f6ne Social Wall-Erweiterung.\" \/>\n<meta property=\"og:url\" content=\"https:\/\/elfsight.com\/de\/social-feed-widget\/opencart\/\" \/>\n<meta property=\"og:site_name\" content=\"Elfsight DE\" \/>\n<meta property=\"article:modified_time\" content=\"2025-07-10T08:23:00+00:00\" \/>\n<meta name=\"twitter:card\" content=\"summary_large_image\" \/>\n<meta name=\"twitter:label1\" content=\"Gesch\u00e4tzte Lesezeit\" \/>\n\t<meta name=\"twitter:data1\" content=\"3\u00a0Minuten\" \/>\n<!-- \/ Yoast SEO plugin. -->","yoast_head_json":{"title":"F\u00fcgen Sie der OpenCart-Website die Social Wall-Erweiterung hinzu (schnell und kostenlos)","description":"Implementieren Sie eine mobilfreundliche OpenCart Social Feed-Erweiterung auf Ihrer OpenCart-Seite. Probieren Sie die praktische Demo von Elfsight aus und erstellen Sie Ihre wundersch\u00f6ne Social Wall-Erweiterung.","robots":{"index":"index","follow":"follow","max-snippet":"max-snippet:-1","max-image-preview":"max-image-preview:large","max-video-preview":"max-video-preview:-1"},"canonical":"https:\/\/elfsight.com\/de\/social-feed-widget\/opencart\/","og_locale":"de_DE","og_type":"article","og_title":"F\u00fcgen Sie der OpenCart-Website die Social Wall-Erweiterung hinzu (schnell und kostenlos)","og_description":"Implementieren Sie eine mobilfreundliche OpenCart Social Feed-Erweiterung auf Ihrer OpenCart-Seite. Probieren Sie die praktische Demo von Elfsight aus und erstellen Sie Ihre wundersch\u00f6ne Social Wall-Erweiterung.","og_url":"https:\/\/elfsight.com\/de\/social-feed-widget\/opencart\/","og_site_name":"Elfsight DE","article_modified_time":"2025-07-10T08:23:00+00:00","twitter_card":"summary_large_image","twitter_misc":{"Gesch\u00e4tzte Lesezeit":"3\u00a0Minuten"},"schema":{"@context":"https:\/\/schema.org","@graph":[{"@type":"WebPage","@id":"https:\/\/elfsight.com\/de\/social-feed-widget\/opencart\/","url":"https:\/\/elfsight.com\/de\/social-feed-widget\/opencart\/","name":"F\u00fcgen Sie der OpenCart-Website die Social Wall-Erweiterung hinzu (schnell und kostenlos)","isPartOf":{"@id":"https:\/\/elfsight.com\/de\/#website"},"datePublished":"1970-01-01T00:00:00+00:00","dateModified":"2025-07-10T08:23:00+00:00","description":"Implementieren Sie eine mobilfreundliche OpenCart Social Feed-Erweiterung auf Ihrer OpenCart-Seite. Probieren Sie die praktische Demo von Elfsight aus und erstellen Sie Ihre wundersch\u00f6ne Social Wall-Erweiterung.","breadcrumb":{"@id":"https:\/\/elfsight.com\/de\/social-feed-widget\/opencart\/#breadcrumb"},"inLanguage":"de","potentialAction":[{"@type":"ReadAction","target":["https:\/\/elfsight.com\/de\/social-feed-widget\/opencart\/"]}]},{"@type":"BreadcrumbList","@id":"https:\/\/elfsight.com\/de\/social-feed-widget\/opencart\/#breadcrumb","itemListElement":[{"@type":"ListItem","position":1,"name":"Home","item":"https:\/\/elfsight.com\/de\/"},{"@type":"ListItem","position":2,"name":"Social Feed","item":"https:\/\/elfsight.com\/de\/social-feed-widget\/"},{"@type":"ListItem","position":3,"name":"Social Feed &#8211; OpenCart"}]},{"@type":"WebSite","@id":"https:\/\/elfsight.com\/de\/#website","url":"https:\/\/elfsight.com\/de\/","name":"Elfsight DE","description":"Just another Elfsight Sites site","potentialAction":[{"@type":"SearchAction","target":{"@type":"EntryPoint","urlTemplate":"https:\/\/elfsight.com\/de\/?s={search_term_string}"},"query-input":{"@type":"PropertyValueSpecification","valueRequired":true,"valueName":"search_term_string"}}],"inLanguage":"de"}]}},"meta_box":{"industry":"","seo_heading":"","heading":"","description":"","cta_heading":"","cta_description":"","application":"3559","h1":"OpenCart Social Media Feed-Erweiterung","h1_caption":"Fassen Sie Inhalte von mehreren Social-Media-Plattformen in einem dynamischen Feed zusammen und stellen Sie Ihren Besuchern m\u00fchelos frische und ansprechende Inhalte auf Ihrer Opencart-Website zur Verf\u00fcgung.","application_category":[],"applications_title":"","applications_request_title":"","applications_request_button_text":"","hero_text":"","hero_video":"","hero_video_schema_markup":"","selling_points_title":"","selling_points_caption":"","selling_points":[],"selling_points_cta_text":"","features_title":"","features":"","ed_cta_examples_text":"","ed_cta_examples_hidden":"","ed_cta_demo_text":"","ed_cta_demo_hidden":"","why_caption":"","why_editor_title":"","why_editor_text":"","why_team_title":"","why_team_text":"","why_service_title":"","why_service_text":"","template_catalog_visible":"","template_catalog_title":"","template_catalog_text":"","template_catalog_categories_visible":"","demo_title":"Erstellen Sie Ihre Social-Feed-Erweiterung","demo_caption":"Konfigurieren Sie Ihren Social Feed und f\u00fcgen Sie ihn kostenlos zu Ihrer OpenCart-Website hinzu!","default_faq_hidden":"","app_template_category":[],"platform":"254","template_public_id":"","codecanyon_url":"","codecanyon_item_id":"","codecanyon_price":"","pricing_caption":"","pricing_elfsight_apps_hide_column":"","pricing_elfsight_apps_url":"","pricing_codecanyon_price_caption":"","integration_category":[],"integration_request_title":"","integration_request_cta":"","integration_platform":"","integrations":[],"platform_category":[],"video_schema_markup":"","price":"ab 0 $ \/ Monat","trial":"","benefits":[{"text":"Kostenlose Installationsunterst\u00fctzung"},{"text":"Effektiver Kundenservice"},{"text":"14-t\u00e4gige R\u00fcckerstattungsgarantie"},{"text":"Regelm\u00e4\u00dfige Verbesserungen"}],"button_url":"#demo","button_target_blank":"","button_nofollow":"","attributes":[{"name":"Installiert","content":"100,000 - 500,000"},{"name":"Reaktionsfreudig","content":"Ja"},{"name":"Kompatible Browser","content":"Firefox, Safari, Opera, Edge"}],"tags":[],"tags_disable_links":"","hide_more_platforms":"","video_object":"","demo_hide_cta":"","demo_hide_cloud_options":"","pricing_title":"","pricing":[{"pricing_icon":"platform","pricing_title":"Elfsight Apps","pricing_title_caption":"Plattformunabh\u00e4ngige Software","pricing_price":"ab 0 $ \/ Monat","pricing_price_caption":"Beginnen Sie mit einem kostenlosen Plan","pricing_benefits":[{"text":"Unbegrenzte Domains"},{"text":"Engagierte Unternehmensunterst\u00fctzung"},{"text":"Kostenloser Installationssupport"},{"text":"Sonderpreis f\u00fcr mehrere Apps"}],"pricing_button_text":"Zur Website hinzuf\u00fcgen","pricing_button_url":"#demo"}],"related_apps_title":"","related_apps_hidden":"","author":"","image":[],"title":"","job":"","social_networks":[]},"_links":{"self":[{"href":"https:\/\/elfsight.com\/de\/wp-json\/wp\/v2\/pages\/17775","targetHints":{"allow":["GET"]}}],"collection":[{"href":"https:\/\/elfsight.com\/de\/wp-json\/wp\/v2\/pages"}],"about":[{"href":"https:\/\/elfsight.com\/de\/wp-json\/wp\/v2\/types\/page"}],"author":[{"embeddable":true,"href":"https:\/\/elfsight.com\/de\/wp-json\/wp\/v2\/users\/9"}],"replies":[{"embeddable":true,"href":"https:\/\/elfsight.com\/de\/wp-json\/wp\/v2\/comments?post=17775"}],"version-history":[{"count":2,"href":"https:\/\/elfsight.com\/de\/wp-json\/wp\/v2\/pages\/17775\/revisions"}],"predecessor-version":[{"id":21912,"href":"https:\/\/elfsight.com\/de\/wp-json\/wp\/v2\/pages\/17775\/revisions\/21912"}],"up":[{"embeddable":true,"href":"https:\/\/elfsight.com\/de\/wp-json\/wp\/v2\/pages\/3560"}],"wp:attachment":[{"href":"https:\/\/elfsight.com\/de\/wp-json\/wp\/v2\/media?parent=17775"}],"curies":[{"name":"wp","href":"https:\/\/api.w.org\/{rel}","templated":true}]}}