{"id":17769,"date":"1970-01-01T00:00:00","date_gmt":"1970-01-01T00:00:00","guid":{"rendered":"https:\/\/elfsight.com\/de\/?page_id=17769"},"modified":"2025-07-10T08:23:16","modified_gmt":"2025-07-10T08:23:16","slug":"squarespace","status":"publish","type":"page","link":"https:\/\/elfsight.com\/de\/social-feed-widget\/squarespace\/","title":{"rendered":"Social Feed &#8211; Squarespace"},"content":{"rendered":"<div class=\"application-platform-content-item-description application-platform-content-item\" id=\"description\" data-nav-section=\"description\"> <h2>Embed Social Feed auf Squarespace mit dem Elfsight-Widget<\/h2> <p>Elfsight Social Feed f\u00fcr Squarespace ist ein Tool zum Verkaufen nicht nur von Dingen , sondern Emotionen und Erfahrungen. Mithilfe dieser Funktion k\u00f6nnen Sie einen benutzerdefinierten Feed mit Inhalten aus verschiedenen Netzwerken erstellen: Instagram, Pinterest, Facebook, Twitter, Tumblr, YouTube, Vimeo \u2013 und ihn direkt auf Ihrer Website anzeigen. Erstellen Sie in wenigen Minuten eine Galerie oder einen Produktkatalog! Genie\u00dfen Sie die vollst\u00e4ndige Kontrolle \u00fcber einen demonstrierten Inhalt mit zahlreichen Filteroptionen und filtern Sie Spam und alle unerw\u00fcnschten Inhalte mithilfe der manuellen Moderation heraus. Der vollst\u00e4ndig responsive Online-Konfigurator bietet Ihnen verschiedene Vorlagen zur Auswahl. <\/p> <p><b>Sehen Sie mit Social Wall eine aktive Gesch\u00e4ftsentwicklung und h\u00f6here Ums\u00e4tze <\/b><\/p> <\/div> <div class=\"application-platform-content-item-features application-platform-content-item\" id=\"features\" data-nav-section=\"features\"> <h2>Hier sind grundlegende Funktionen der Widget: <\/h2> <ul><li>Zeigen Sie Ihre Social-Media-Inhalte aus mehreren sozialen Medien an. <\/li><li>Entfernen Sie Spam und unerw\u00fcnschte Inhalte im manuellen Moderationsmodus. <\/li><li>F\u00fcgen Sie die Schaltfl\u00e4che \u201eFolgen\u201c auf den Widget-Karten ein. <\/li><li>Lassen Sie Ihre Beitr\u00e4ge in einem Pop-up erscheinen. <\/li><\/ul><p><a href=\"#demo\">Sie k\u00f6nnen sehen, was das Plugin bietet, indem Sie die Demo ausprobieren<\/a><\/p> <\/div> <div class=\"application-platform-content-item-installation application-platform-content-item\" id=\"installation\" data-nav-section=\"installation\"> <h2>Wie bette ich das Social-Media-Feed-Plugin in meine Squarespace-Website ein? <\/h2> <p>F\u00fchren Sie einfach die folgenden Schritte aus, um das Tool hinzuzuf\u00fcgen. <\/p> <ol><li><b>Nutzen Sie unseren kostenlosen Editor und beginnen Sie mit der Gestaltung Ihres benutzerdefinierten Plugins. <\/b><br> Geben Sie die ausgew\u00e4hlte Form und Funktionalit\u00e4t des Plugins an und speichern Sie die \u00c4nderungen. <\/li> <li><b>Kopieren Sie Ihren pers\u00f6nlichen Code, der im Feld auf Elfsight Apps angezeigt wird. <\/b><br> Kopieren Sie unmittelbar nach der Einrichtung Ihres pers\u00f6nlichen Widgets den exklusiven Code in das angezeigte Feld und bewahren Sie ihn f\u00fcr die zuk\u00fcnftige Verwendung auf. <\/li> <li><b>Beginnen Sie mit der Nutzung des Social Wall-Plugins auf der Squarespace-Homepage. <\/b><br> Implementieren Sie den k\u00fcrzlich kopierten Code in Ihre Webseite und speichern Sie die \u00c4nderungen. <\/li> <li><b>Die Installation wurde erfolgreich beendet. <\/b><br> Besuchen Sie Ihre Seite, um zu sehen, wie das Plugin funktioniert. <\/li><\/ol> <p>Bei Fragen oder Problemen k\u00f6nnen Sie sich gerne an unser Kundenservice-Team wenden. Unsere Spezialisten l\u00f6sen gerne alle Probleme, die Sie mit dem Produkt haben k\u00f6nnten. <\/p> <\/div><div class=\"faq\" data-component=\"FAQ\"><div class=\"faq-item\">\r\n\t\t\t\t\t<div class=\"faq-item-question\">\r\n\t\t\t\t\t\t<h3 class=\"faq-item-question-text\">Wie kann ich Social Feed ohne Programmierkenntnisse in meinen Squarespace einbetten?<\/h3>\r\n\r\n\t\t\t\t\t\t<div class=\"faq-item-question-icon\"><\/div>\r\n\t\t\t\t\t<\/div>\r\n\r\n\t\t\t\t\t<div class=\"faq-item-answer\">\r\n\t\t\t\t\t\t<div class=\"faq-item-answer-text\"><p>Das Unternehmen Elfsight stellt vor Eine Cloud-L\u00f6sung, mit der Benutzer selbst eine Social-Feed-App erstellen k\u00f6nnen. Erfahren Sie, wie unkompliziert der Prozess ist: <\/p><ul><li>Gehen Sie zum Live-Editor, um einen Social-Feed-Bereich zu erstellen, den Sie auf Squarespace integrieren m\u00f6chten.<\/li><li>W\u00e4hlen Sie eine unserer vorgefertigten Vorlagen und passen Sie die Social-Feed-Einstellungen an, \u00e4ndern Sie das Layout und das Farbschema, f\u00fcgen Sie Ihre Inhalte ohne Codierung ein.<\/li><li>Speichern Sie die von Ihnen vorgenommenen Einstellungen Social Feed und erhalten Sie den Code des Widgets f\u00fcr die Installation, der einfach kostenlos in die Squarespace-Website eingef\u00fcgt werden kann.<\/li><\/ul><p>Mit dem intuitiven Editor kann jeder Webbenutzer einen Social Feed-Bereich erstellen und in ihn einbetten Squarespace-Website. F\u00fcr den Zugang zum Elfsight Editor ist keine Zahlung oder Offenlegung Ihrer Kartendaten erforderlich. Sollten bei irgendeinem Schritt Probleme auftreten, wenden Sie sich bitte an unseren Kundensupport.<\/p><\/div>\r\n\t\t\t\t\t<\/div>\r\n\t\t\t\t<\/div><\/div>","protected":false},"excerpt":{"rendered":"","protected":false},"author":9,"featured_media":0,"parent":3560,"menu_order":0,"comment_status":"closed","ping_status":"closed","template":"templates\/template-application-platform.php","meta":{"publish_to_discourse":"","publish_post_category":"","wpdc_auto_publish_overridden":"","wpdc_topic_tags":"","wpdc_pin_topic":"","wpdc_pin_until":"","discourse_post_id":"","discourse_permalink":"","wpdc_publishing_response":"","wpdc_publishing_error":"","footnotes":""},"class_list":["post-17769","page","type-page","status-publish","hentry"],"yoast_head":"<!-- This site is optimized with the Yoast SEO plugin v25.3.1 - https:\/\/yoast.com\/wordpress\/plugins\/seo\/ -->\n<title>F\u00fcgen Sie das Social Wall-Plugin zur Squarespace-Website hinzu (schnell und kostenlos)<\/title>\n<meta name=\"description\" content=\"Implementieren Sie ein responsives Squarespace Social Feed-Plugin auf Ihrer Squarespace-Site. Probieren Sie die praktische Elfsight-Demo aus und erstellen Sie Ihr beeindruckendes Social Wall-Plugin.\" \/>\n<meta name=\"robots\" content=\"index, follow, max-snippet:-1, max-image-preview:large, max-video-preview:-1\" \/>\n<link rel=\"canonical\" href=\"https:\/\/elfsight.com\/de\/social-feed-widget\/squarespace\/\" \/>\n<meta property=\"og:locale\" content=\"de_DE\" \/>\n<meta property=\"og:type\" content=\"article\" \/>\n<meta property=\"og:title\" content=\"F\u00fcgen Sie das Social Wall-Plugin zur Squarespace-Website hinzu (schnell und kostenlos)\" \/>\n<meta property=\"og:description\" content=\"Implementieren Sie ein responsives Squarespace Social Feed-Plugin auf Ihrer Squarespace-Site. Probieren Sie die praktische Elfsight-Demo aus und erstellen Sie Ihr beeindruckendes Social Wall-Plugin.\" \/>\n<meta property=\"og:url\" content=\"https:\/\/elfsight.com\/de\/social-feed-widget\/squarespace\/\" \/>\n<meta property=\"og:site_name\" content=\"Elfsight DE\" \/>\n<meta property=\"article:modified_time\" content=\"2025-07-10T08:23:16+00:00\" \/>\n<meta name=\"twitter:card\" content=\"summary_large_image\" \/>\n<meta name=\"twitter:label1\" content=\"Gesch\u00e4tzte Lesezeit\" \/>\n\t<meta name=\"twitter:data1\" content=\"3\u00a0Minuten\" \/>\n<!-- \/ Yoast SEO plugin. -->","yoast_head_json":{"title":"F\u00fcgen Sie das Social Wall-Plugin zur Squarespace-Website hinzu (schnell und kostenlos)","description":"Implementieren Sie ein responsives Squarespace Social Feed-Plugin auf Ihrer Squarespace-Site. Probieren Sie die praktische Elfsight-Demo aus und erstellen Sie Ihr beeindruckendes Social Wall-Plugin.","robots":{"index":"index","follow":"follow","max-snippet":"max-snippet:-1","max-image-preview":"max-image-preview:large","max-video-preview":"max-video-preview:-1"},"canonical":"https:\/\/elfsight.com\/de\/social-feed-widget\/squarespace\/","og_locale":"de_DE","og_type":"article","og_title":"F\u00fcgen Sie das Social Wall-Plugin zur Squarespace-Website hinzu (schnell und kostenlos)","og_description":"Implementieren Sie ein responsives Squarespace Social Feed-Plugin auf Ihrer Squarespace-Site. Probieren Sie die praktische Elfsight-Demo aus und erstellen Sie Ihr beeindruckendes Social Wall-Plugin.","og_url":"https:\/\/elfsight.com\/de\/social-feed-widget\/squarespace\/","og_site_name":"Elfsight DE","article_modified_time":"2025-07-10T08:23:16+00:00","twitter_card":"summary_large_image","twitter_misc":{"Gesch\u00e4tzte Lesezeit":"3\u00a0Minuten"},"schema":{"@context":"https:\/\/schema.org","@graph":[{"@type":"WebPage","@id":"https:\/\/elfsight.com\/de\/social-feed-widget\/squarespace\/","url":"https:\/\/elfsight.com\/de\/social-feed-widget\/squarespace\/","name":"F\u00fcgen Sie das Social Wall-Plugin zur Squarespace-Website hinzu (schnell und kostenlos)","isPartOf":{"@id":"https:\/\/elfsight.com\/de\/#website"},"datePublished":"1970-01-01T00:00:00+00:00","dateModified":"2025-07-10T08:23:16+00:00","description":"Implementieren Sie ein responsives Squarespace Social Feed-Plugin auf Ihrer Squarespace-Site. Probieren Sie die praktische Elfsight-Demo aus und erstellen Sie Ihr beeindruckendes Social Wall-Plugin.","breadcrumb":{"@id":"https:\/\/elfsight.com\/de\/social-feed-widget\/squarespace\/#breadcrumb"},"inLanguage":"de","potentialAction":[{"@type":"ReadAction","target":["https:\/\/elfsight.com\/de\/social-feed-widget\/squarespace\/"]}]},{"@type":"BreadcrumbList","@id":"https:\/\/elfsight.com\/de\/social-feed-widget\/squarespace\/#breadcrumb","itemListElement":[{"@type":"ListItem","position":1,"name":"Home","item":"https:\/\/elfsight.com\/de\/"},{"@type":"ListItem","position":2,"name":"Social Feed","item":"https:\/\/elfsight.com\/de\/social-feed-widget\/"},{"@type":"ListItem","position":3,"name":"Social Feed &#8211; Squarespace"}]},{"@type":"WebSite","@id":"https:\/\/elfsight.com\/de\/#website","url":"https:\/\/elfsight.com\/de\/","name":"Elfsight DE","description":"Just another Elfsight Sites site","potentialAction":[{"@type":"SearchAction","target":{"@type":"EntryPoint","urlTemplate":"https:\/\/elfsight.com\/de\/?s={search_term_string}"},"query-input":{"@type":"PropertyValueSpecification","valueRequired":true,"valueName":"search_term_string"}}],"inLanguage":"de"}]}},"meta_box":{"industry":"","seo_heading":"","heading":"","description":"","cta_heading":"","cta_description":"","application":"3559","h1":"Squarespace Social Media Feed-Plugin","h1_caption":"Fassen Sie Inhalte von mehreren Social-Media-Plattformen in einem dynamischen Feed zusammen und stellen Sie Ihren Besuchern m\u00fchelos frische und ansprechende Inhalte auf Ihrer Squarespace-Website zur Verf\u00fcgung.","application_category":[],"applications_title":"","applications_request_title":"","applications_request_button_text":"","hero_text":"","hero_video":"","hero_video_schema_markup":"","selling_points_title":"","selling_points_caption":"","selling_points":[],"selling_points_cta_text":"","features_title":"","features":"","ed_cta_examples_text":"","ed_cta_examples_hidden":"","ed_cta_demo_text":"","ed_cta_demo_hidden":"","why_caption":"","why_editor_title":"","why_editor_text":"","why_team_title":"","why_team_text":"","why_service_title":"","why_service_text":"","template_catalog_visible":"","template_catalog_title":"","template_catalog_text":"","template_catalog_categories_visible":"","demo_title":"Erstellen Sie Ihr Social-Feed-Plugin","demo_caption":"Konfigurieren Sie Ihren Social Feed und f\u00fcgen Sie ihn kostenlos zu Ihrer Squarespace-Website hinzu!","default_faq_hidden":"","app_template_category":[],"platform":"252","template_public_id":"","codecanyon_url":"","codecanyon_item_id":"","codecanyon_price":"","pricing_caption":"","pricing_elfsight_apps_hide_column":"","pricing_elfsight_apps_url":"","pricing_codecanyon_price_caption":"","integration_category":[],"integration_request_title":"","integration_request_cta":"","integration_platform":"","integrations":[],"platform_category":[],"video_schema_markup":"","price":"ab 0 $ \/ Monat","trial":"","benefits":[{"text":"Kostenlose Installationsunterst\u00fctzung"},{"text":"Effektiver Kundenservice"},{"text":"14-t\u00e4gige R\u00fcckerstattungsgarantie"},{"text":"Laufende kostenlose Verbesserungen"}],"button_url":"#demo","button_target_blank":"","button_nofollow":"","attributes":[{"name":"Installiert","content":"100,000 - 500,000"},{"name":"Reaktionsfreudig","content":"Ja"},{"name":"Kompatible Browser","content":"Firefox, Safari, Opera, Edge"}],"tags":[],"tags_disable_links":"","hide_more_platforms":"","video_object":"","demo_hide_cta":"","demo_hide_cloud_options":"","pricing_title":"","pricing":[{"pricing_icon":"platform","pricing_title":"Elfsight Apps","pricing_title_caption":"Plattform\u00fcbergreifende Version","pricing_price":"ab 0 $ \/ Monat","pricing_price_caption":"Beginnen Sie mit einem kostenlosen Plan","pricing_benefits":[{"text":"Unbegrenzte Websites"},{"text":"Schnelle Unterst\u00fctzung"},{"text":"Kostenlose Installationshilfe"},{"text":"Sonderangebot f\u00fcr mehrere Apps"}],"pricing_button_text":"Zur Website hinzuf\u00fcgen","pricing_button_url":"#demo"}],"related_apps_title":"","related_apps_hidden":"","author":"","image":[],"title":"","job":"","social_networks":[]},"_links":{"self":[{"href":"https:\/\/elfsight.com\/de\/wp-json\/wp\/v2\/pages\/17769","targetHints":{"allow":["GET"]}}],"collection":[{"href":"https:\/\/elfsight.com\/de\/wp-json\/wp\/v2\/pages"}],"about":[{"href":"https:\/\/elfsight.com\/de\/wp-json\/wp\/v2\/types\/page"}],"author":[{"embeddable":true,"href":"https:\/\/elfsight.com\/de\/wp-json\/wp\/v2\/users\/9"}],"replies":[{"embeddable":true,"href":"https:\/\/elfsight.com\/de\/wp-json\/wp\/v2\/comments?post=17769"}],"version-history":[{"count":2,"href":"https:\/\/elfsight.com\/de\/wp-json\/wp\/v2\/pages\/17769\/revisions"}],"predecessor-version":[{"id":21910,"href":"https:\/\/elfsight.com\/de\/wp-json\/wp\/v2\/pages\/17769\/revisions\/21910"}],"up":[{"embeddable":true,"href":"https:\/\/elfsight.com\/de\/wp-json\/wp\/v2\/pages\/3560"}],"wp:attachment":[{"href":"https:\/\/elfsight.com\/de\/wp-json\/wp\/v2\/media?parent=17769"}],"curies":[{"name":"wp","href":"https:\/\/api.w.org\/{rel}","templated":true}]}}