{"id":17753,"date":"1970-01-01T00:00:00","date_gmt":"1970-01-01T00:00:00","guid":{"rendered":"https:\/\/elfsight.com\/de\/?page_id=17753"},"modified":"2025-07-10T08:22:33","modified_gmt":"2025-07-10T08:22:33","slug":"jimdo","status":"publish","type":"page","link":"https:\/\/elfsight.com\/de\/social-feed-widget\/jimdo\/","title":{"rendered":"Social Feed &#8211; Jimdo"},"content":{"rendered":"<div class=\"application-platform-content-item-description application-platform-content-item\" id=\"description\" data-nav-section=\"description\"><h2>Beschreibung<\/h2> <p>Elfsight Social Feed f\u00fcr Jimdo ist ein Widget, das Sie bei allen aktuellen Anforderungen beim Sammeln von Eindr\u00fccken und Anfragen unterst\u00fctzen soll von Besuchern Ihrer Website. Pr\u00e4sentieren Sie die entscheidenden Aspekte zum Ausf\u00fcllen, w\u00e4hlen Sie die gew\u00fcnschte Vorlage aus und personalisieren Sie die Benutzeroberfl\u00e4che, um Ihre Kunden dazu zu motivieren, Fragen zu den von Ihrem Unternehmen angebotenen Dienstleistungen zu hinterlassen. Der Social Feed ist so zusammengestellt, dass er alle Ihre Bed\u00fcrfnisse erf\u00fcllt, um Feedback zu erhalten und mit Ihren Kunden in Kontakt zu bleiben. <\/p><p><b>Mit Social Feed k\u00f6nnen Sie Ihr Gesch\u00e4ft aktiv weiterentwickeln und den Umsatz steigern. <\/b><\/p> <\/div> <div class=\"application-platform-content-item-features application-platform-content-item\" id=\"features\" data-nav-section=\"features\"> <h2>Im Folgenden sind die wesentlichen Funktionen aufgef\u00fchrt Widget: <\/h2> <ul><li>Betten Sie Ihre Social-Media-Inhalte aus mehreren Netzwerken ein<\/li><li>Automatischer Moderationsmodus f\u00fcr kontinuierliches Hochladen von Inhalten<\/li><li>Platzieren Sie die Schaltfl\u00e4che \u201eFolgen\u201c in den Widget-Beitr\u00e4gen <\/li><li>F\u00fcnf vorgefertigte Beitragsvorlagen mit verschiedenen Text-, Autorenbild- und Fotopositionen<\/li><li>Videos werden automatisch in einem Popup-Modus abgespielt<\/li><li>Sorgen Sie daf\u00fcr, dass Ihre Beitr\u00e4ge angezeigt werden ein Popup-Modus<\/li><li>2 Varianten der Darstellung von Popup-Beitr\u00e4gen: Slider und Feed<\/li><\/ul><p><a href=\"#demo\">Schauen Sie sich einfach diese Demo an, um es zu erhalten die vollst\u00e4ndige Idee<\/a><\/p> <\/div> <div class=\"application-platform-content-item-installation application-platform-content-item\" id=\"installation\" data-nav-section=\"installation\"> <h2>Wie f\u00fcge ich einen Social Feed zu einer Jimdo-Webseite hinzu? <\/h2> <p>Befolgen Sie einfach die nachstehenden Anweisungen, um das Tool hinzuzuf\u00fcgen. <\/p> <ol><li><b>Verwalten Sie unsere kostenlose Demo und beginnen Sie mit der Erstellung Ihres ma\u00dfgeschneiderten Widgets. <\/b><br> Geben Sie die benutzerdefinierte Form und die Parameter des Tools an und wenden Sie die Korrekturen an. <\/li> <li><b>Sie erhalten den individuellen Code, der in der Box von Elfsight Apps angezeigt wird. <\/b><br> Kopieren Sie direkt nach Abschluss der Konfiguration Ihres Widgets den exklusiven Code im Popup und bewahren Sie ihn f\u00fcr den weiteren Bedarf auf. <\/li> <li><b>Erste Schritte mit der Verwendung des Widgets auf der Jimdo-Startseite. <\/b><br> Platzieren Sie den Code, den Sie k\u00fcrzlich gespeichert haben, auf Ihrer Seite und speichern Sie die Anpassungen. <\/li> <li><b>Du bist fertig! Das Setup ist vollst\u00e4ndig beendet. <\/b><br> Gehen Sie zu Ihrer Webseite, um zu \u00fcberpr\u00fcfen, wie das Widget ausgef\u00fchrt wird. <\/li><\/ol> <p>Falls Sie einige Hindernisse \u00fcberwinden, scheuen Sie sich nicht, sich an unser Support-Personal zu wenden. Unsere Mitarbeiter helfen Ihnen gerne bei allen Fragen, die Sie zum Widget haben. <\/p> <\/div><div class=\"faq\" data-component=\"FAQ\"><div class=\"faq-item\">\r\n\t\t\t\t\t<div class=\"faq-item-question\">\r\n\t\t\t\t\t\t<h3 class=\"faq-item-question-text\">Gibt es eine Methode zum Einbetten von Social Feed in meine Jimdo-Homepage ohne Codierung?<\/h3>\r\n\r\n\t\t\t\t\t\t<div class=\"faq-item-question-icon\"><\/div>\r\n\t\t\t\t\t<\/div>\r\n\r\n\t\t\t\t\t<div class=\"faq-item-answer\">\r\n\t\t\t\t\t\t<div class=\"faq-item-answer-text\"><p>Das Unternehmen Elfsight liefert eine L\u00f6sung, mit der Websitebesitzer selbst eine Social-Feed-App erstellen k\u00f6nnen, pr\u00fcfen Sie, wie einfach der Vorgang ist: <\/p><ul><li>Beginnen Sie mit der Arbeit im Live-Editor, um einen Social-Feed-Bereich zu erstellen, den Sie auf der Jimdo-Website einbetten m\u00f6chten. <\/li><li>W\u00e4hlen Sie eine der vorgefertigten Vorlagen und \u00e4ndern Sie die Social-Feed-Einstellungen, \u00e4ndern Sie das Layout und Farbschema, aktualisieren Sie Ihre Inhalte ohne Programmierkenntnisse.<\/li><li>Klicken Sie, um den Social-Feed zu speichern und zu kopieren Widget-Code zur Installation, der kostenlos in die Jimdo-Website eingef\u00fcgt werden kann.<\/li><\/ul><p>Mit Hilfe des benutzerfreundlichen Editors kann jeder Webbenutzer ein Social-Feed-Plugin erstellen und in die Jimdo-Homepage einbetten. Sie m\u00fcssen keinen kostenpflichtigen Plan abschlie\u00dfen oder Ihre Kartendaten eingeben, um den Editor aufzurufen. Sollten bei irgendeinem Schritt Probleme auftreten, z\u00f6gern Sie bitte nicht, sich an unsere Support-Mitarbeiter zu wenden.<\/p><\/div>\r\n\t\t\t\t\t<\/div>\r\n\t\t\t\t<\/div><\/div>","protected":false},"excerpt":{"rendered":"","protected":false},"author":9,"featured_media":0,"parent":3560,"menu_order":0,"comment_status":"closed","ping_status":"closed","template":"templates\/template-application-platform.php","meta":{"publish_to_discourse":"","publish_post_category":"","wpdc_auto_publish_overridden":"","wpdc_topic_tags":"","wpdc_pin_topic":"","wpdc_pin_until":"","discourse_post_id":"","discourse_permalink":"","wpdc_publishing_response":"","wpdc_publishing_error":"","footnotes":""},"class_list":["post-17753","page","type-page","status-publish","hentry"],"yoast_head":"<!-- This site is optimized with the Yoast SEO plugin v25.3.1 - https:\/\/yoast.com\/wordpress\/plugins\/seo\/ -->\n<title>F\u00fcgen Sie das Social Wall-Widget zur Jimdo-Website hinzu (schnell und kostenlos)<\/title>\n<meta name=\"description\" content=\"Implementieren Sie ein responsives Jimdo Social Feed-Widget auf Ihrer Squarespace-Website. Probieren Sie die Elfsight-Demo aus und erstellen Sie Ihr beeindruckendes Social Wall-Widget.\" \/>\n<meta name=\"robots\" content=\"index, follow, max-snippet:-1, max-image-preview:large, max-video-preview:-1\" \/>\n<link rel=\"canonical\" href=\"https:\/\/elfsight.com\/de\/social-feed-widget\/jimdo\/\" \/>\n<meta property=\"og:locale\" content=\"de_DE\" \/>\n<meta property=\"og:type\" content=\"article\" \/>\n<meta property=\"og:title\" content=\"F\u00fcgen Sie das Social Wall-Widget zur Jimdo-Website hinzu (schnell und kostenlos)\" \/>\n<meta property=\"og:description\" content=\"Implementieren Sie ein responsives Jimdo Social Feed-Widget auf Ihrer Squarespace-Website. Probieren Sie die Elfsight-Demo aus und erstellen Sie Ihr beeindruckendes Social Wall-Widget.\" \/>\n<meta property=\"og:url\" content=\"https:\/\/elfsight.com\/de\/social-feed-widget\/jimdo\/\" \/>\n<meta property=\"og:site_name\" content=\"Elfsight DE\" \/>\n<meta property=\"article:modified_time\" content=\"2025-07-10T08:22:33+00:00\" \/>\n<meta name=\"twitter:card\" content=\"summary_large_image\" \/>\n<meta name=\"twitter:label1\" content=\"Gesch\u00e4tzte Lesezeit\" \/>\n\t<meta name=\"twitter:data1\" content=\"3\u00a0Minuten\" \/>\n<!-- \/ Yoast SEO plugin. -->","yoast_head_json":{"title":"F\u00fcgen Sie das Social Wall-Widget zur Jimdo-Website hinzu (schnell und kostenlos)","description":"Implementieren Sie ein responsives Jimdo Social Feed-Widget auf Ihrer Squarespace-Website. Probieren Sie die Elfsight-Demo aus und erstellen Sie Ihr beeindruckendes Social Wall-Widget.","robots":{"index":"index","follow":"follow","max-snippet":"max-snippet:-1","max-image-preview":"max-image-preview:large","max-video-preview":"max-video-preview:-1"},"canonical":"https:\/\/elfsight.com\/de\/social-feed-widget\/jimdo\/","og_locale":"de_DE","og_type":"article","og_title":"F\u00fcgen Sie das Social Wall-Widget zur Jimdo-Website hinzu (schnell und kostenlos)","og_description":"Implementieren Sie ein responsives Jimdo Social Feed-Widget auf Ihrer Squarespace-Website. Probieren Sie die Elfsight-Demo aus und erstellen Sie Ihr beeindruckendes Social Wall-Widget.","og_url":"https:\/\/elfsight.com\/de\/social-feed-widget\/jimdo\/","og_site_name":"Elfsight DE","article_modified_time":"2025-07-10T08:22:33+00:00","twitter_card":"summary_large_image","twitter_misc":{"Gesch\u00e4tzte Lesezeit":"3\u00a0Minuten"},"schema":{"@context":"https:\/\/schema.org","@graph":[{"@type":"WebPage","@id":"https:\/\/elfsight.com\/de\/social-feed-widget\/jimdo\/","url":"https:\/\/elfsight.com\/de\/social-feed-widget\/jimdo\/","name":"F\u00fcgen Sie das Social Wall-Widget zur Jimdo-Website hinzu (schnell und kostenlos)","isPartOf":{"@id":"https:\/\/elfsight.com\/de\/#website"},"datePublished":"1970-01-01T00:00:00+00:00","dateModified":"2025-07-10T08:22:33+00:00","description":"Implementieren Sie ein responsives Jimdo Social Feed-Widget auf Ihrer Squarespace-Website. Probieren Sie die Elfsight-Demo aus und erstellen Sie Ihr beeindruckendes Social Wall-Widget.","breadcrumb":{"@id":"https:\/\/elfsight.com\/de\/social-feed-widget\/jimdo\/#breadcrumb"},"inLanguage":"de","potentialAction":[{"@type":"ReadAction","target":["https:\/\/elfsight.com\/de\/social-feed-widget\/jimdo\/"]}]},{"@type":"BreadcrumbList","@id":"https:\/\/elfsight.com\/de\/social-feed-widget\/jimdo\/#breadcrumb","itemListElement":[{"@type":"ListItem","position":1,"name":"Home","item":"https:\/\/elfsight.com\/de\/"},{"@type":"ListItem","position":2,"name":"Social Feed","item":"https:\/\/elfsight.com\/de\/social-feed-widget\/"},{"@type":"ListItem","position":3,"name":"Social Feed &#8211; Jimdo"}]},{"@type":"WebSite","@id":"https:\/\/elfsight.com\/de\/#website","url":"https:\/\/elfsight.com\/de\/","name":"Elfsight DE","description":"Just another Elfsight Sites site","potentialAction":[{"@type":"SearchAction","target":{"@type":"EntryPoint","urlTemplate":"https:\/\/elfsight.com\/de\/?s={search_term_string}"},"query-input":{"@type":"PropertyValueSpecification","valueRequired":true,"valueName":"search_term_string"}}],"inLanguage":"de"}]}},"meta_box":{"industry":"","seo_heading":"","heading":"","description":"","cta_heading":"","cta_description":"","application":"3559","h1":"Jimdo Social Media Feed-Widget","h1_caption":"Fassen Sie Inhalte von mehreren Social-Media-Plattformen in einem dynamischen Feed zusammen und stellen Sie Ihren Besuchern m\u00fchelos frische und ansprechende Inhalte auf Ihrer Jimdo-Website zur Verf\u00fcgung.","application_category":[],"applications_title":"","applications_request_title":"","applications_request_button_text":"","hero_text":"","hero_video":"","hero_video_schema_markup":"","selling_points_title":"","selling_points_caption":"","selling_points":[],"selling_points_cta_text":"","features_title":"","features":"","ed_cta_examples_text":"","ed_cta_examples_hidden":"","ed_cta_demo_text":"","ed_cta_demo_hidden":"","why_caption":"","why_editor_title":"","why_editor_text":"","why_team_title":"","why_team_text":"","why_service_title":"","why_service_text":"","template_catalog_visible":"","template_catalog_title":"","template_catalog_text":"","template_catalog_categories_visible":"","demo_title":"Erstellen Sie Ihr Social-Feed-Widget","demo_caption":"Konfigurieren Sie Ihren Social Feed und f\u00fcgen Sie ihn kostenlos zu Ihrer Jimdo-Website hinzu!","default_faq_hidden":"","app_template_category":[],"platform":"239","template_public_id":"","codecanyon_url":"","codecanyon_item_id":"","codecanyon_price":"","pricing_caption":"","pricing_elfsight_apps_hide_column":"","pricing_elfsight_apps_url":"","pricing_codecanyon_price_caption":"","integration_category":[],"integration_request_title":"","integration_request_cta":"","integration_platform":"","integrations":[],"platform_category":[],"video_schema_markup":"","price":"ab 0 $ \/ Monat","trial":"","benefits":[{"text":"Kostenlose Installationshilfe"},{"text":"Au\u00dfergew\u00f6hnliche Unterst\u00fctzung"},{"text":"14-t\u00e4gige Geld-zur\u00fcck-Garantie"},{"text":"Lebenslange Updates"}],"button_url":"#demo","button_target_blank":"","button_nofollow":"","attributes":[{"name":"Installiert","content":"100,000 - 500,000"},{"name":"Reaktionsfreudig","content":"Ja"},{"name":"Kompatible Browser","content":"Firefox, Safari, Opera, Edge"}],"tags":[],"tags_disable_links":"","hide_more_platforms":"","video_object":"","demo_hide_cta":"","demo_hide_cloud_options":"","pricing_title":"","pricing":[{"pricing_icon":"platform","pricing_title":"Elfsight Apps","pricing_title_caption":"Plattform\u00fcbergreifende digitale L\u00f6sung","pricing_price":"ab 0 $ \/ Monat","pricing_price_caption":"Beginnen Sie mit einem kostenlosen Plan","pricing_benefits":[{"text":"Unbegrenzte Websites"},{"text":"Engagierter Kundensupport"},{"text":"Kostenlose Installationshilfe"},{"text":"Sonderangebot f\u00fcr mehrere Apps"}],"pricing_button_text":"Zur Website hinzuf\u00fcgen","pricing_button_url":"#demo"}],"related_apps_title":"","related_apps_hidden":"","author":"","image":[],"title":"","job":"","social_networks":[]},"_links":{"self":[{"href":"https:\/\/elfsight.com\/de\/wp-json\/wp\/v2\/pages\/17753","targetHints":{"allow":["GET"]}}],"collection":[{"href":"https:\/\/elfsight.com\/de\/wp-json\/wp\/v2\/pages"}],"about":[{"href":"https:\/\/elfsight.com\/de\/wp-json\/wp\/v2\/types\/page"}],"author":[{"embeddable":true,"href":"https:\/\/elfsight.com\/de\/wp-json\/wp\/v2\/users\/9"}],"replies":[{"embeddable":true,"href":"https:\/\/elfsight.com\/de\/wp-json\/wp\/v2\/comments?post=17753"}],"version-history":[{"count":2,"href":"https:\/\/elfsight.com\/de\/wp-json\/wp\/v2\/pages\/17753\/revisions"}],"predecessor-version":[{"id":21902,"href":"https:\/\/elfsight.com\/de\/wp-json\/wp\/v2\/pages\/17753\/revisions\/21902"}],"up":[{"embeddable":true,"href":"https:\/\/elfsight.com\/de\/wp-json\/wp\/v2\/pages\/3560"}],"wp:attachment":[{"href":"https:\/\/elfsight.com\/de\/wp-json\/wp\/v2\/media?parent=17753"}],"curies":[{"name":"wp","href":"https:\/\/api.w.org\/{rel}","templated":true}]}}