{"id":17751,"date":"1970-01-01T00:00:00","date_gmt":"1970-01-01T00:00:00","guid":{"rendered":"https:\/\/elfsight.com\/de\/?page_id=17751"},"modified":"2025-07-10T08:21:04","modified_gmt":"2025-07-10T08:21:04","slug":"joomla","status":"publish","type":"page","link":"https:\/\/elfsight.com\/de\/slider-widget\/joomla\/","title":{"rendered":"Slider &#8211; Joomla"},"content":{"rendered":"<div class=\"application-platform-content-item-description application-platform-content-item\" id=\"description\" data-nav-section=\"description\"><h2>Beschreibung<\/h2> <p>Elfsight Photo &amp; Image Slider ist ein einfaches und reaktionsschnelles Instrument, mit dem Sie die Aufmerksamkeit der Website-Besucher auf sich ziehen k\u00f6nnen, indem Sie verschiedene Bilder, Videos oder die besten Angebote auf Ihrer Website pr\u00e4sentieren. Nutzen Sie beliebig viele Folien, um Ihre Waren zu pr\u00e4sentieren und Sonderangebote zu kennzeichnen. F\u00fcgen Sie visuelle Effekte hinzu und \u00e4ndern Sie die Bild-\/Videogr\u00f6\u00dfe nach Ihren W\u00fcnschen. Mit unserem Tool k\u00f6nnen Sie bemerkenswerte Slider erstellen, die die Aufmerksamkeit der Website-Besucher auf sich ziehen und sie nicht dazu bringen, Ihre Webseite zu fr\u00fch zu verlassen.<\/p><p><b>Sorgen Sie daf\u00fcr, dass Ihre Angebote verlockend und attraktiv aussehen Erreichen Sie Ihre Gesch\u00e4ftsziele mithilfe der Slider-Erweiterung!<\/b><\/p><p><b>Gr\u00f6\u00dfere Benutzereinbindung<\/b><br>Unser Bild-Slider-Plugin bietet Ihnen bezaubernde visuelle Effekte, die Ihre Inhalte versch\u00f6nern Ein f\u00fcr Benutzer nicht zu \u00fcbersehendes Erlebnis, das sie dazu bringt, es zu verwenden und die gew\u00fcnschten Aktionen auszuf\u00fchren.<\/p><p><b>Entwickeln Sie das Benutzererlebnis<\/b><br>Verf\u00fcgen Sie \u00fcber die verlockendsten visuellen Elemente an einem attraktiven Ort, an dem Sie sie verwenden k\u00f6nnen Erstellen Sie Ihre Website m\u00fchelos und einfach und gewinnen Sie so neue Zielgruppen.<\/p><p><b>Steigern Sie Ihre Verk\u00e4ufe<\/b><br>Machen Sie Ihre Projekte, die besten Arbeiten oder vorgestellten Themen mit einer Slider-Erweiterung, die sich bewegt, hervorzuheben Benutzer direkt zum Kauf.<\/p><\/div><div class=\"faq\" data-component=\"FAQ\"><div class=\"faq-item\">\r\n\t\t\t\t\t<div class=\"faq-item-question\">\r\n\t\t\t\t\t\t<h3 class=\"faq-item-question-text\">Wie bette ich einen Slider in die Joomla-Site ein? <\/h3>\r\n\r\n\t\t\t\t\t\t<div class=\"faq-item-question-icon\"><\/div>\r\n\t\t\t\t\t<\/div>\r\n\r\n\t\t\t\t\t<div class=\"faq-item-answer\">\r\n\t\t\t\t\t\t<div class=\"faq-item-answer-text\"><p>Die Die Erstellung des Widgets erfolgt innerhalb der Elfsight-Website und Sie m\u00fcssen nicht lernen, wie man programmiert. Gehen Sie zur aktiven Demo, um Ihre App zu entwerfen, den Code abzurufen und ihn in Ihre Website einzubetten. <\/p><\/div>\r\n\t\t\t\t\t<\/div>\r\n\t\t\t\t<\/div><div class=\"faq-item\">\r\n\t\t\t\t\t<div class=\"faq-item-question\">\r\n\t\t\t\t\t\t<h3 class=\"faq-item-question-text\">Die besten M\u00f6glichkeiten, die Image Gallery Slider-Integration zu nutzen<\/h3>\r\n\r\n\t\t\t\t\t\t<div class=\"faq-item-question-icon\"><\/div>\r\n\t\t\t\t\t<\/div>\r\n\r\n\t\t\t\t\t<div class=\"faq-item-answer\">\r\n\t\t\t\t\t\t<div class=\"faq-item-answer-text\"><p>Wir gew\u00e4hren Ihnen eine F\u00fclle von Anpassungsm\u00f6glichkeiten: Widgets in voller L\u00e4nge zum Einbetten in den Inhaltsbereich , schwebende Widgets mit Scrolloptionen, Miniaturansichten f\u00fcr die Fu\u00dfzeile, den Kopfbereich und alle Variationen vertikaler M\u00f6glichkeiten f\u00fcr Website-Seitenleisten und Men\u00fcs. <\/p><\/div>\r\n\t\t\t\t\t<\/div>\r\n\t\t\t\t<\/div><div class=\"faq-item\">\r\n\t\t\t\t\t<div class=\"faq-item-question\">\r\n\t\t\t\t\t\t<h3 class=\"faq-item-question-text\">Gibt es eine Option zum Erstellen eines Produkt- oder Angebots-Sliders mit dem Editor? <\/h3>\r\n\r\n\t\t\t\t\t\t<div class=\"faq-item-question-icon\"><\/div>\r\n\t\t\t\t\t<\/div>\r\n\r\n\t\t\t\t\t<div class=\"faq-item-answer\">\r\n\t\t\t\t\t\t<div class=\"faq-item-answer-text\"><p>Sie k\u00f6nnen gerne \u00c4nderungen an allen Widgets vornehmen. Im Editor steht eine gro\u00dfe Auswahl an Layouts zur Verf\u00fcgung, die alle ganz einfach an Ihre Bed\u00fcrfnisse angepasst werden k\u00f6nnen. <\/p><\/div>\r\n\t\t\t\t\t<\/div>\r\n\t\t\t\t<\/div><\/div><div class=\"application-platform-content-item-features application-platform-content-item\" id=\"features\" data-nav-section=\"features\"><h2>Funktionen<\/h2><p>Hier ist eine Liste aller Funktionen des Produkts. Sie k\u00f6nnen sie direkt im Editor anpassen und sie helfen Ihnen dabei, das Modul speziell f\u00fcr Ihre Bed\u00fcrfnisse zu erstellen.<\/p><ul><li>Verwenden Sie CTAs, um Benutzer zu Ihrem Ziel zu f\u00fchren.<\/li><li>Passen Sie den Folienwechsel an Dauer.<\/li><li>W\u00e4hlen Sie zwischen mehreren Varianten.<\/li><li>Platzieren Sie Ihren Text mithilfe der erweiterten Position an einer beliebigen Stelle auf der Seite.<\/li><li>Passen Sie f\u00fcnf Inhaltselemente an.<\/li><\/ul><p><a href=\"#demo\">Testen Sie alle anderen Funktionen in der Demo<\/a><\/p><\/div><div class=\"application-platform-content-item-installation application-platform-content-item\" id=\"installation\" data-nav-section=\"installation\"><h2>So f\u00fcgen Sie hinzu Slider zu Joomla<\/h2><p>F\u00fchren Sie einfach die folgenden Schritte aus, um das Widget in Joomla zu integrieren.<\/p> <ol><li><b>F\u00fchren Sie unseren kostenlosen Konfigurator aus und beginnen Sie mit der Erstellung Ihres ma\u00dfgeschneiderten Plugins. <\/b><br> W\u00e4hlen Sie das bevorzugte Layout und die bevorzugten Funktionen der Slider-Erweiterung und wenden Sie die Korrekturen an. <\/li> <li><b>Erhalten Sie den eindeutigen Code, der im Fenster von Elfsight Apps angezeigt wird. <\/b><br> Wenn die Einrichtung Ihres Plugins abgeschlossen ist, kopieren Sie den exklusiven Code aus dem angezeigten Feld und bewahren Sie ihn zur weiteren Verwendung auf. <\/li> <li><b>Beginnen Sie mit der Nutzung des Moduls auf der Joomla-Website. <\/b><br> F\u00fcgen Sie den k\u00fcrzlich gespeicherten Code in Ihre Website ein und \u00fcbernehmen Sie die \u00c4nderungen. <\/li> <li><b>Das Setup wurde erfolgreich beendet. <\/b><br> Besuchen Sie Ihre Website, um einen Blick auf die Funktionsweise des Plugins zu werfen. <\/li><\/ol><p>Wenn Sie Hilfe ben\u00f6tigen oder Fragen haben, k\u00f6nnen Sie sich gerne an den Kundensupport von Elfsight wenden. Unsere Spezialisten helfen Ihnen gerne bei jeder Anfrage weiter.<\/p><\/div>","protected":false},"excerpt":{"rendered":"","protected":false},"author":9,"featured_media":0,"parent":1195,"menu_order":0,"comment_status":"closed","ping_status":"closed","template":"templates\/template-application-platform.php","meta":{"publish_to_discourse":"","publish_post_category":"","wpdc_auto_publish_overridden":"","wpdc_topic_tags":"","wpdc_pin_topic":"","wpdc_pin_until":"","discourse_post_id":"","discourse_permalink":"","wpdc_publishing_response":"","wpdc_publishing_error":"","footnotes":""},"class_list":["post-17751","page","type-page","status-publish","hentry"],"yoast_head":"<!-- This site is optimized with the Yoast SEO plugin v25.3.1 - https:\/\/yoast.com\/wordpress\/plugins\/seo\/ -->\n<title>Joomla Slider \u2013 Bild-Slider-Widget zur Website hinzuf\u00fcgen [2026]<\/title>\n<meta name=\"description\" content=\"F\u00fcgen Sie Ihrer Joomla-Website ein Bild-Slider-Modul hinzu. Nutzen Sie unsere praktische Demo und erstellen Sie m\u00fchelos Ihr Joomla-Widget!\" \/>\n<meta name=\"robots\" content=\"index, follow, max-snippet:-1, max-image-preview:large, max-video-preview:-1\" \/>\n<link rel=\"canonical\" href=\"https:\/\/elfsight.com\/de\/slider-widget\/joomla\/\" \/>\n<meta property=\"og:locale\" content=\"de_DE\" \/>\n<meta property=\"og:type\" content=\"article\" \/>\n<meta property=\"og:title\" content=\"Joomla Slider \u2013 Bild-Slider-Widget zur Website hinzuf\u00fcgen [2026]\" \/>\n<meta property=\"og:description\" content=\"F\u00fcgen Sie Ihrer Joomla-Website ein Bild-Slider-Modul hinzu. Nutzen Sie unsere praktische Demo und erstellen Sie m\u00fchelos Ihr Joomla-Widget!\" \/>\n<meta property=\"og:url\" content=\"https:\/\/elfsight.com\/de\/slider-widget\/joomla\/\" \/>\n<meta property=\"og:site_name\" content=\"Elfsight DE\" \/>\n<meta property=\"article:modified_time\" content=\"2025-07-10T08:21:04+00:00\" \/>\n<meta name=\"twitter:card\" content=\"summary_large_image\" \/>\n<meta name=\"twitter:label1\" content=\"Gesch\u00e4tzte Lesezeit\" \/>\n\t<meta name=\"twitter:data1\" content=\"3\u00a0Minuten\" \/>\n<!-- \/ Yoast SEO plugin. -->","yoast_head_json":{"title":"Joomla Slider \u2013 Bild-Slider-Widget zur Website hinzuf\u00fcgen [2026]","description":"F\u00fcgen Sie Ihrer Joomla-Website ein Bild-Slider-Modul hinzu. Nutzen Sie unsere praktische Demo und erstellen Sie m\u00fchelos Ihr Joomla-Widget!","robots":{"index":"index","follow":"follow","max-snippet":"max-snippet:-1","max-image-preview":"max-image-preview:large","max-video-preview":"max-video-preview:-1"},"canonical":"https:\/\/elfsight.com\/de\/slider-widget\/joomla\/","og_locale":"de_DE","og_type":"article","og_title":"Joomla Slider \u2013 Bild-Slider-Widget zur Website hinzuf\u00fcgen [2026]","og_description":"F\u00fcgen Sie Ihrer Joomla-Website ein Bild-Slider-Modul hinzu. Nutzen Sie unsere praktische Demo und erstellen Sie m\u00fchelos Ihr Joomla-Widget!","og_url":"https:\/\/elfsight.com\/de\/slider-widget\/joomla\/","og_site_name":"Elfsight DE","article_modified_time":"2025-07-10T08:21:04+00:00","twitter_card":"summary_large_image","twitter_misc":{"Gesch\u00e4tzte Lesezeit":"3\u00a0Minuten"},"schema":{"@context":"https:\/\/schema.org","@graph":[{"@type":"WebPage","@id":"https:\/\/elfsight.com\/de\/slider-widget\/joomla\/","url":"https:\/\/elfsight.com\/de\/slider-widget\/joomla\/","name":"Joomla Slider \u2013 Bild-Slider-Widget zur Website hinzuf\u00fcgen [2026]","isPartOf":{"@id":"https:\/\/elfsight.com\/de\/#website"},"datePublished":"1970-01-01T00:00:00+00:00","dateModified":"2025-07-10T08:21:04+00:00","description":"F\u00fcgen Sie Ihrer Joomla-Website ein Bild-Slider-Modul hinzu. Nutzen Sie unsere praktische Demo und erstellen Sie m\u00fchelos Ihr Joomla-Widget!","breadcrumb":{"@id":"https:\/\/elfsight.com\/de\/slider-widget\/joomla\/#breadcrumb"},"inLanguage":"de","potentialAction":[{"@type":"ReadAction","target":["https:\/\/elfsight.com\/de\/slider-widget\/joomla\/"]}]},{"@type":"BreadcrumbList","@id":"https:\/\/elfsight.com\/de\/slider-widget\/joomla\/#breadcrumb","itemListElement":[{"@type":"ListItem","position":1,"name":"Home","item":"https:\/\/elfsight.com\/de\/"},{"@type":"ListItem","position":2,"name":"Slider","item":"https:\/\/elfsight.com\/de\/slider-widget\/"},{"@type":"ListItem","position":3,"name":"Slider &#8211; Joomla"}]},{"@type":"WebSite","@id":"https:\/\/elfsight.com\/de\/#website","url":"https:\/\/elfsight.com\/de\/","name":"Elfsight DE","description":"Just another Elfsight Sites site","potentialAction":[{"@type":"SearchAction","target":{"@type":"EntryPoint","urlTemplate":"https:\/\/elfsight.com\/de\/?s={search_term_string}"},"query-input":{"@type":"PropertyValueSpecification","valueRequired":true,"valueName":"search_term_string"}}],"inLanguage":"de"}]}},"meta_box":{"industry":"","seo_heading":"","heading":"","description":"","cta_heading":"","cta_description":"","application":"494","h1":"Joomla Image Slider-Erweiterung","h1_caption":"F\u00fcgen Sie Ihrer Website einen Bild- oder Inhaltsschieberegler hinzu, um visuelle Elemente, Werbeaktionen oder wichtige Inhalte m\u00fchelos dynamisch auf Ihrer Joomla-Website zu pr\u00e4sentieren.","application_category":[],"applications_title":"","applications_request_title":"","applications_request_button_text":"","hero_text":"","hero_video":"","hero_video_schema_markup":"","selling_points_title":"","selling_points_caption":"","selling_points":[],"selling_points_cta_text":"","features_title":"","features":"","ed_cta_examples_text":"","ed_cta_examples_hidden":"","ed_cta_demo_text":"","ed_cta_demo_hidden":"","why_caption":"","why_editor_title":"","why_editor_text":"","why_team_title":"","why_team_text":"","why_service_title":"","why_service_text":"","template_catalog_visible":"","template_catalog_title":"","template_catalog_text":"","template_catalog_categories_visible":"","demo_title":"Erstellen Sie Ihr Slider-Plugin","demo_caption":"Konfigurieren Sie Ihren Slider und f\u00fcgen Sie ihn kostenlos zu Ihrer Joomla-Website hinzu!","default_faq_hidden":"","app_template_category":[],"platform":"259","template_public_id":"","codecanyon_url":"","codecanyon_item_id":"","codecanyon_price":"","pricing_caption":"","pricing_elfsight_apps_hide_column":"","pricing_elfsight_apps_url":"","pricing_codecanyon_price_caption":"","integration_category":[],"integration_request_title":"","integration_request_cta":"","integration_platform":"","integrations":[],"platform_category":[],"video_schema_markup":"","price":"ab 0 $ \/ Monat","trial":"","benefits":[{"text":"Kostenlose Installationshilfe"},{"text":"Professioneller Kundenservice"},{"text":"14-t\u00e4gige R\u00fcckerstattungsgarantie"},{"text":"Regelm\u00e4\u00dfige Verbesserungen"}],"button_url":"#demo","button_target_blank":"","button_nofollow":"","attributes":[{"name":"Installiert","content":"10,000 - 100,000"},{"name":"Reaktionsfreudig","content":"Ja"},{"name":"Kompatible Browser","content":"IE11, Firefox, Safari, Opera, Chrome, Edge"}],"tags":[],"tags_disable_links":"","hide_more_platforms":"","video_object":"","demo_hide_cta":"","demo_hide_cloud_options":"","pricing_title":"","pricing":[{"pricing_icon":"platform","pricing_title":"Elfsight Apps","pricing_title_caption":"Plattformunabh\u00e4ngige L\u00f6sung, die auf jeder Site funktioniert","pricing_price":"ab 0 $ \/ Monat","pricing_price_caption":"Beginnen Sie mit einem kostenlosen Plan","pricing_benefits":[{"text":"Unbegrenzte Websites"},{"text":"Engagierte Unternehmensunterst\u00fctzung"},{"text":"Kostenlose Installationsunterst\u00fctzung"},{"text":"Sonderangebot f\u00fcr mehrere Apps"}],"pricing_button_text":"Zur Website hinzuf\u00fcgen","pricing_button_url":"#demo"}],"related_apps_title":"","related_apps_hidden":"","author":"","image":[],"title":"","job":"","social_networks":[]},"_links":{"self":[{"href":"https:\/\/elfsight.com\/de\/wp-json\/wp\/v2\/pages\/17751","targetHints":{"allow":["GET"]}}],"collection":[{"href":"https:\/\/elfsight.com\/de\/wp-json\/wp\/v2\/pages"}],"about":[{"href":"https:\/\/elfsight.com\/de\/wp-json\/wp\/v2\/types\/page"}],"author":[{"embeddable":true,"href":"https:\/\/elfsight.com\/de\/wp-json\/wp\/v2\/users\/9"}],"replies":[{"embeddable":true,"href":"https:\/\/elfsight.com\/de\/wp-json\/wp\/v2\/comments?post=17751"}],"version-history":[{"count":2,"href":"https:\/\/elfsight.com\/de\/wp-json\/wp\/v2\/pages\/17751\/revisions"}],"predecessor-version":[{"id":21900,"href":"https:\/\/elfsight.com\/de\/wp-json\/wp\/v2\/pages\/17751\/revisions\/21900"}],"up":[{"embeddable":true,"href":"https:\/\/elfsight.com\/de\/wp-json\/wp\/v2\/pages\/1195"}],"wp:attachment":[{"href":"https:\/\/elfsight.com\/de\/wp-json\/wp\/v2\/media?parent=17751"}],"curies":[{"name":"wp","href":"https:\/\/api.w.org\/{rel}","templated":true}]}}