{"id":17743,"date":"1970-01-01T00:00:00","date_gmt":"1970-01-01T00:00:00","guid":{"rendered":"https:\/\/elfsight.com\/de\/?page_id=17743"},"modified":"2025-11-13T11:09:30","modified_gmt":"2025-11-13T11:09:30","slug":"shopify","status":"publish","type":"page","link":"https:\/\/elfsight.com\/de\/slider-widget\/shopify\/","title":{"rendered":"Slider &#8211; Shopify"},"content":{"rendered":"\n<div class=\"application-platform-content-item-description application-platform-content-item\" id=\"description\" data-nav-section=\"description\"><h2>Slider auf Shopify mit dem Elfsight-Widget einbetten<\/h2> <p>Elfsight Photo &amp; Image Slider ist eine einfache und reaktionsschnelle App, mit der Sie die Aufmerksamkeit der Website-Besucher erregen k\u00f6nnen, indem Sie ihnen verschiedene Bilder, Videos oder die besten Angebote auf Ihrer Website anzeigen. Nutzen Sie beliebig viele Folien, um Ihre Marke zu pr\u00e4sentieren und Sonderangebote hervorzuheben. F\u00fcgen Sie visuelle Effekte hinzu und \u00e4ndern Sie die Bild-\/Videogr\u00f6\u00dfe nach Ihren W\u00fcnschen. Mit unserem Tool k\u00f6nnen Sie einen sichtbaren Slider erstellen, der die Aufmerksamkeit der Website-Besucher auf sich zieht und sie nicht dazu bringt, Ihre Webseite zu fr\u00fch zu verlassen.<\/p><\/div><div class=\"application-platform-content-item-features application-platform-content-item\" id=\"features\" data-nav-section=\"features\"><h2>Hauptfunktionen des Slider-Widgets<\/h2><p>\u00dcberpr\u00fcfen Sie alle Funktionen des Produkts. Sie k\u00f6nnen sie direkt im Editor festlegen und sie helfen Ihnen dabei, die f\u00fcr Ihren Fall passende App zu erstellen.<\/p><ul><li>Nutzen Sie CTAs, um Ihr Publikum zum Ziel zu f\u00fchren.<\/li><li>Passen Sie die Folie an Wechseldauer.<\/li><li>W\u00e4hlen Sie zwischen zahlreichen Optionen.<\/li><li>Platzieren Sie den Text mithilfe der erweiterten Position an einer beliebigen Stelle auf der Seite.<\/li><li>\u00c4ndern Sie f\u00fcnf Inhaltselemente.<\/li><\/ul><p><a href=\"#demo\">\u00dcberpr\u00fcfen Sie in unserer Demo, wie alle Funktionen funktionieren<\/a><\/p><\/div><div class=\"application-platform-content-item-installation application-platform-content-item\" id=\"installation\" data-nav-section=\"installation\"><h2>Wie f\u00fcge ich die Image Slider-App zur Shopify-Website hinzu?<\/h2><div class=\"video-container\">\n<iframe width=\"720\" height=\"405\" src=\"https:\/\/www.youtube.com\/embed\/d3S1Vb6a2h8?si=054rQqNoCQIOFKmP\" frameborder=\"0\" allowfullscreen=\"\"><\/iframe>\n<\/div><p>Um das Produkt zu verwenden, f\u00fchren Sie ein paar schnelle Schritte aus.<\/p><ol><li><b>Richten Sie die App ein<\/b><br> \u00d6ffnen Shopify Store und rufen Sie die App-Seite auf. Klicken Sie auf die Schaltfl\u00e4che \u201eGet\u201c, um die App auf Ihrer Website einzuf\u00fcgen. <\/li> <li><b>Passen Sie die App an<\/b><br> F\u00fcgen Sie die App-Daten ein: Slider-Text und Anpassungen des Designs. Nach der Anpassung erhalten Sie einen individuellen Installationscode. Bewahren Sie den Code zur weiteren Verwendung auf. <\/li> <li><b>F\u00fcgen Sie die App in die Seite ein<\/b><br> Gehen Sie zum Abschnitt \u201eSeiten\u201c und suchen Sie die Seite zum Einbetten der App. Betten Sie dann den Code im HTML-Format ein und ver\u00f6ffentlichen Sie die \u00c4nderungen.<\/li> <li><b>Fertig! <\/b><br> \u00d6ffnen Sie den Shop, um Ihre Ergebnisse anzuzeigen! <\/li><\/ol><p>Z\u00f6gern Sie nicht, sich an den Kundensupport zu wenden, wenn Sie Hilfe ben\u00f6tigen oder Probleme haben. Unsere Spezialisten helfen Ihnen gerne bei jeder Anfrage weiter.<\/p><div class=\"faq\" data-component=\"FAQ\"><div class=\"faq-item\">\r\n\t\t\t\t\t<div class=\"faq-item-question\">\r\n\t\t\t\t\t\t<h3 class=\"faq-item-question-text\">Wie ist es m\u00f6glich, Slider ohne Codierung zu meiner Shopify-Homepage hinzuzuf\u00fcgen?<\/h3>\r\n\r\n\t\t\t\t\t\t<div class=\"faq-item-question-icon\"><\/div>\r\n\t\t\t\t\t<\/div>\r\n\r\n\t\t\t\t\t<div class=\"faq-item-answer\">\r\n\t\t\t\t\t\t<div class=\"faq-item-answer-text\"> <p>Elfsight bietet eine SaaS-L\u00f6sung daf\u00fcr erm\u00f6glicht es Ihnen, selbst ein Slider-Plugin zu erstellen. Entdecken Sie die einfachen Schritte: Gehen Sie zur Online-Demo, um ein Slider-Widget zu erstellen, das Sie auf Shopify hinzuf\u00fcgen m\u00f6chten. Klicken Sie auf eine der vorgefertigten Vorlagen und \u00e4ndern Sie die Slider-Einstellungen, f\u00fcgen Sie Ihre Inhalte hinzu, \u00e4ndern Sie das Layout und die Farbe der Elemente \u2013 ganz ohne Programmiererfahrung. Speichern Sie die von Ihnen vorgenommenen Einstellungen in Slider und erhalten Sie den Installationscode des Plugins, den Sie einfach kostenlos auf der Shopify-Webseite hinzuf\u00fcgen k\u00f6nnen. Mit unserem benutzerfreundlichen Konfigurator kann jeder Internetnutzer online ein Slider-Plugin erstellen und einfach auf der Shopify-Site einf\u00fcgen. F\u00fcr den Zugriff auf unseren Editor ist keine Zahlung oder Eingabe Ihrer Kartendaten erforderlich. Sollten bei irgendeinem Schritt Probleme auftreten, z\u00f6gern Sie bitte nicht, mit unserem technischen Support-Team zu sprechen.<\/p> <\/div>\r\n\t\t\t\t\t<\/div>\r\n\t\t\t\t<\/div> <\/div><\/div>\n","protected":false},"excerpt":{"rendered":"","protected":false},"author":9,"featured_media":0,"parent":1195,"menu_order":0,"comment_status":"closed","ping_status":"closed","template":"templates\/template-application-platform.php","meta":{"publish_to_discourse":"","publish_post_category":"","wpdc_auto_publish_overridden":"","wpdc_topic_tags":"","wpdc_pin_topic":"","wpdc_pin_until":"","discourse_post_id":"","discourse_permalink":"","wpdc_publishing_response":"","wpdc_publishing_error":"","footnotes":""},"class_list":["post-17743","page","type-page","status-publish","hentry"],"yoast_head":"<!-- This site is optimized with the Yoast SEO plugin v25.3.1 - https:\/\/yoast.com\/wordpress\/plugins\/seo\/ -->\n<title>Shopify Slider \u2013 Image Slider-App zur Shopify-Website hinzuf\u00fcgen [ 2025 ]<\/title>\n<meta name=\"description\" content=\"Erfahren Sie, wie Sie Slider kostenlos in Shopify hinzuf\u00fcgen. Verwenden Sie den besten Shopify Image Slider, um Produktvisualisierungen in 2 Minuten ohne Programmieraufwand zur Website hinzuzuf\u00fcgen!\" \/>\n<meta name=\"robots\" content=\"index, follow, max-snippet:-1, max-image-preview:large, max-video-preview:-1\" \/>\n<link rel=\"canonical\" href=\"https:\/\/elfsight.com\/de\/slider-widget\/shopify\/\" \/>\n<meta property=\"og:locale\" content=\"de_DE\" \/>\n<meta property=\"og:type\" content=\"article\" \/>\n<meta property=\"og:title\" content=\"Shopify Slider \u2013 Image Slider-App zur Shopify-Website hinzuf\u00fcgen [ 2025 ]\" \/>\n<meta property=\"og:description\" content=\"Erfahren Sie, wie Sie Slider kostenlos in Shopify hinzuf\u00fcgen. Verwenden Sie den besten Shopify Image Slider, um Produktvisualisierungen in 2 Minuten ohne Programmieraufwand zur Website hinzuzuf\u00fcgen!\" \/>\n<meta property=\"og:url\" content=\"https:\/\/elfsight.com\/de\/slider-widget\/shopify\/\" \/>\n<meta property=\"og:site_name\" content=\"Elfsight DE\" \/>\n<meta property=\"article:modified_time\" content=\"2025-11-13T11:09:30+00:00\" \/>\n<meta name=\"twitter:card\" content=\"summary_large_image\" \/>\n<meta name=\"twitter:label1\" content=\"Gesch\u00e4tzte Lesezeit\" \/>\n\t<meta name=\"twitter:data1\" content=\"3\u00a0Minuten\" \/>\n<!-- \/ Yoast SEO plugin. -->","yoast_head_json":{"title":"Shopify Slider \u2013 Image Slider-App zur Shopify-Website hinzuf\u00fcgen [ 2025 ]","description":"Erfahren Sie, wie Sie Slider kostenlos in Shopify hinzuf\u00fcgen. Verwenden Sie den besten Shopify Image Slider, um Produktvisualisierungen in 2 Minuten ohne Programmieraufwand zur Website hinzuzuf\u00fcgen!","robots":{"index":"index","follow":"follow","max-snippet":"max-snippet:-1","max-image-preview":"max-image-preview:large","max-video-preview":"max-video-preview:-1"},"canonical":"https:\/\/elfsight.com\/de\/slider-widget\/shopify\/","og_locale":"de_DE","og_type":"article","og_title":"Shopify Slider \u2013 Image Slider-App zur Shopify-Website hinzuf\u00fcgen [ 2025 ]","og_description":"Erfahren Sie, wie Sie Slider kostenlos in Shopify hinzuf\u00fcgen. Verwenden Sie den besten Shopify Image Slider, um Produktvisualisierungen in 2 Minuten ohne Programmieraufwand zur Website hinzuzuf\u00fcgen!","og_url":"https:\/\/elfsight.com\/de\/slider-widget\/shopify\/","og_site_name":"Elfsight DE","article_modified_time":"2025-11-13T11:09:30+00:00","twitter_card":"summary_large_image","twitter_misc":{"Gesch\u00e4tzte Lesezeit":"3\u00a0Minuten"},"schema":{"@context":"https:\/\/schema.org","@graph":[{"@type":"WebPage","@id":"https:\/\/elfsight.com\/de\/slider-widget\/shopify\/","url":"https:\/\/elfsight.com\/de\/slider-widget\/shopify\/","name":"Shopify Slider \u2013 Image Slider-App zur Shopify-Website hinzuf\u00fcgen [ 2025 ]","isPartOf":{"@id":"https:\/\/elfsight.com\/de\/#website"},"datePublished":"1970-01-01T00:00:00+00:00","dateModified":"2025-11-13T11:09:30+00:00","description":"Erfahren Sie, wie Sie Slider kostenlos in Shopify hinzuf\u00fcgen. Verwenden Sie den besten Shopify Image Slider, um Produktvisualisierungen in 2 Minuten ohne Programmieraufwand zur Website hinzuzuf\u00fcgen!","breadcrumb":{"@id":"https:\/\/elfsight.com\/de\/slider-widget\/shopify\/#breadcrumb"},"inLanguage":"de","potentialAction":[{"@type":"ReadAction","target":["https:\/\/elfsight.com\/de\/slider-widget\/shopify\/"]}]},{"@type":"BreadcrumbList","@id":"https:\/\/elfsight.com\/de\/slider-widget\/shopify\/#breadcrumb","itemListElement":[{"@type":"ListItem","position":1,"name":"Home","item":"https:\/\/elfsight.com\/de\/"},{"@type":"ListItem","position":2,"name":"Slider","item":"https:\/\/elfsight.com\/de\/slider-widget\/"},{"@type":"ListItem","position":3,"name":"Slider &#8211; Shopify"}]},{"@type":"WebSite","@id":"https:\/\/elfsight.com\/de\/#website","url":"https:\/\/elfsight.com\/de\/","name":"Elfsight DE","description":"Just another Elfsight Sites site","potentialAction":[{"@type":"SearchAction","target":{"@type":"EntryPoint","urlTemplate":"https:\/\/elfsight.com\/de\/?s={search_term_string}"},"query-input":{"@type":"PropertyValueSpecification","valueRequired":true,"valueName":"search_term_string"}}],"inLanguage":"de"}]}},"meta_box":{"industry":"","seo_heading":"","heading":"","description":"","cta_heading":"","cta_description":"","application":"494","h1":"Shopify Image Slider-App","h1_caption":"F\u00fcgen Sie Ihrer Website einen Bild- oder Inhaltsschieberegler hinzu, um visuelle Elemente, Werbeaktionen oder wichtige Inhalte m\u00fchelos dynamisch auf Ihrer Shopify-Website zu pr\u00e4sentieren.","application_category":[],"applications_title":"","applications_request_title":"","applications_request_button_text":"","hero_text":"","hero_video":"","hero_video_schema_markup":"","selling_points_title":"","selling_points_caption":"","selling_points":[],"selling_points_cta_text":"","features_title":"","features":"","ed_cta_examples_text":"","ed_cta_examples_hidden":"","ed_cta_demo_text":"","ed_cta_demo_hidden":"","why_caption":"","why_editor_title":"","why_editor_text":"","why_team_title":"","why_team_text":"","why_service_title":"","why_service_text":"","template_catalog_visible":"0","template_catalog_title":"","template_catalog_text":"","template_catalog_categories_visible":"","demo_title":"Erstellen Sie Ihre Slider-App","demo_caption":"Konfigurieren Sie Ihren Slider und f\u00fcgen Sie ihn kostenlos zu Ihrer Shopify-Website hinzu!","default_faq_hidden":"","app_template_category":[],"platform":"253","template_public_id":"","codecanyon_url":"","codecanyon_item_id":"","codecanyon_price":"","pricing_caption":"","pricing_elfsight_apps_hide_column":"","pricing_elfsight_apps_url":"","pricing_codecanyon_price_caption":"","integration_category":[],"integration_request_title":"","integration_request_cta":"","integration_platform":"","integrations":[],"platform_category":[],"video_schema_markup":"","price":"ab 0 $ \/ Monat","trial":"","benefits":[{"text":"Kostenloser Installationsservice"},{"text":"Premium-Support"},{"text":"14-t\u00e4gige Geld-zur\u00fcck-Garantie"},{"text":"Kontinuierliche kostenlose Updates"}],"button_url":"#demo","button_target_blank":"0","button_nofollow":"0","attributes":[{"name":"Installiert","content":"10,000 - 100,000"},{"name":"Reaktionsfreudig","content":"Ja"},{"name":"Kompatible Browser","content":"Firefox, Safari, Opera, Chrome, Edge"}],"tags":[],"tags_disable_links":"0","hide_more_platforms":"0","video_object":"","demo_hide_cta":"0","demo_hide_cloud_options":"0","pricing_title":"","pricing":[{"pricing_icon":"platform","pricing_title":"Elfsight Apps","pricing_title_caption":"Plattform\u00fcbergreifende Version, die auf jeder Website funktioniert","pricing_price":"ab 0 $ \/ Monat","pricing_price_caption":"Beginnen Sie mit einem kostenlosen Plan","pricing_benefits":[{"text":"Unbegrenzte Websites"},{"text":"Premium-Support"},{"text":"Kostenloser Installationsservice"},{"text":"Sonderangebot f\u00fcr mehrere Apps"}],"pricing_button_text":"Zur Website hinzuf\u00fcgen","pricing_button_url":"#demo"}],"related_apps_title":"","related_apps_hidden":"0","author":"","image":[],"title":"","job":"","social_networks":[]},"_links":{"self":[{"href":"https:\/\/elfsight.com\/de\/wp-json\/wp\/v2\/pages\/17743","targetHints":{"allow":["GET"]}}],"collection":[{"href":"https:\/\/elfsight.com\/de\/wp-json\/wp\/v2\/pages"}],"about":[{"href":"https:\/\/elfsight.com\/de\/wp-json\/wp\/v2\/types\/page"}],"author":[{"embeddable":true,"href":"https:\/\/elfsight.com\/de\/wp-json\/wp\/v2\/users\/9"}],"replies":[{"embeddable":true,"href":"https:\/\/elfsight.com\/de\/wp-json\/wp\/v2\/comments?post=17743"}],"version-history":[{"count":4,"href":"https:\/\/elfsight.com\/de\/wp-json\/wp\/v2\/pages\/17743\/revisions"}],"predecessor-version":[{"id":25557,"href":"https:\/\/elfsight.com\/de\/wp-json\/wp\/v2\/pages\/17743\/revisions\/25557"}],"up":[{"embeddable":true,"href":"https:\/\/elfsight.com\/de\/wp-json\/wp\/v2\/pages\/1195"}],"wp:attachment":[{"href":"https:\/\/elfsight.com\/de\/wp-json\/wp\/v2\/media?parent=17743"}],"curies":[{"name":"wp","href":"https:\/\/api.w.org\/{rel}","templated":true}]}}