{"id":17737,"date":"1970-01-01T00:00:00","date_gmt":"1970-01-01T00:00:00","guid":{"rendered":"https:\/\/elfsight.com\/de\/?page_id=17737"},"modified":"2025-12-01T09:47:38","modified_gmt":"2025-12-01T09:47:38","slug":"squarespace","status":"publish","type":"page","link":"https:\/\/elfsight.com\/de\/slider-widget\/squarespace\/","title":{"rendered":"Slider &#8211; Squarespace"},"content":{"rendered":"\n<div class=\"application-platform-content-item-description application-platform-content-item\" id=\"description\" data-nav-section=\"description\"><h2>Slider mit dem Elfsight-Widget in Squarespace einbetten<\/h2> <p>Elfsight Photo and Image Slider ist ein einfaches und reaktionsschnelles Instrument, mit dem Sie dies tun k\u00f6nnen Erregen Sie die Aufmerksamkeit der Website-Besucher, indem Sie verschiedene Bilder, Videos oder die besten Angebote auf Ihrer Website pr\u00e4sentieren. Nutzen Sie die erforderliche Anzahl an Folien, um Ihre Produkte vorzustellen und Sonderangebote hervorzuheben. F\u00fcgen Sie visuelle Effekte hinzu und \u00e4ndern Sie die Bild-\/Videodimension nach Ihren W\u00fcnschen. Mit unserem Tool k\u00f6nnen Sie auff\u00e4llige Slider erstellen, die die Aufmerksamkeit der Website-Besucher auf sich ziehen und sie nicht dazu bringen, Ihre Website in Eile zu verlassen.<\/p><\/div><div class=\"application-platform-content-item-features application-platform-content-item\" id=\"features\" data-nav-section=\"features\"><h2>Hauptfunktionen des Slider-Widgets<\/h2><p>Hier k\u00f6nnen Sie alle Funktionen des Produkts sehen. Sie k\u00f6nnen sie direkt im Editor festlegen und sie helfen Ihnen dabei, das Plugin genau nach Ihren Bed\u00fcrfnissen zu erstellen.<\/p><ul><li>Verwenden Sie CTAs, um Benutzer zur Konvertierung zu f\u00fchren.<\/li><li>\u00c4ndern Sie die Dauer des Folienwechsels .<\/li><li>W\u00e4hlen Sie zwischen zahlreichen Funktionen.<\/li><li>Platzieren Sie Ihre Nachricht mithilfe der erweiterten Position an einer beliebigen Stelle auf der Seite.<\/li><li>Passen Sie 5 Inhaltsfunktionen an.<\/li><\/ul><p><a href=\"#demo\">\u00dcberpr\u00fcfen Sie alle anderen Funktionen in der Demo<\/a><\/p><\/div><div class=\"application-platform-content-item-installation application-platform-content-item\" id=\"installation\" data-nav-section=\"installation\"><h2>Wie kann ich Image Slider zu meiner Squarespace-Website hinzuf\u00fcgen?<\/h2><div class=\"video-container\"><iframe allowfullscreen=\"\" frameborder=\"0\" height=\"405\" src=\"https:\/\/www.youtube.com\/embed\/JHtg6tNMNsU?si=C0p7bh6DtAkV5fJ1\" width=\"720\"> <\/iframe><\/div><p>Um das Produkt zu integrieren, befolgen Sie die nachstehenden Anweisungen.<\/p><ol><li><b>Erstellen Sie Ihr einzigartiges Photo Slider-Plugin<\/b><br> In unserem kostenlosen Editor erhalten Sie ein Plugin mit einem ausgew\u00e4hlten Layout und einer ausgew\u00e4hlten Funktionalit\u00e4t.<\/li><li><b>Holen Sie sich den pers\u00f6nlichen Code zum Ver\u00f6ffentlichen des Plugins<\/b><br> Nachdem Sie Ihr Plugin eingerichtet haben, erhalten Sie Ihre Installation Code aus der angezeigten Benachrichtigung auf Elfsight Apps. Kopieren Sie diesen Code.<\/li> <li><b>Ver\u00f6ffentlichen Sie das Plugin auf Ihrer Squarespace-Website<\/b><br> W\u00e4hlen Sie den Bereich aus, in den Sie das Plugin integrieren m\u00f6chten, und f\u00fcgen Sie den gespeicherten Code dort ein. Speichern Sie die \u00c4nderungen.<\/li> <li><b>Die Einrichtung ist erfolgreich! <\/b><br> Besuchen Sie Ihre Seite, um Ihr Plugin anzuzeigen. <\/li> <\/ol><p>Z\u00f6gern Sie nicht, sich an unseren Kundensupport zu wenden, wenn Sie Rat ben\u00f6tigen oder Fragen haben. Wir helfen Ihnen gerne bei jeder Anfrage weiter.<\/p><div class=\"faq\" data-component=\"FAQ\"><div class=\"faq-item\">\r\n\t\t\t\t\t<div class=\"faq-item-question\">\r\n\t\t\t\t\t\t<h3 class=\"faq-item-question-text\">Gibt es eine Option, Slider ohne Programmierkenntnisse in meine Squarespace-Webseite einzubetten?<\/h3>\r\n\r\n\t\t\t\t\t\t<div class=\"faq-item-question-icon\"><\/div>\r\n\t\t\t\t\t<\/div>\r\n\r\n\t\t\t\t\t<div class=\"faq-item-answer\">\r\n\t\t\t\t\t\t<div class=\"faq-item-answer-text\"> <p>Elfsight stellt eine Cloud-L\u00f6sung vor, die erm\u00f6glicht es Ihnen, selbst ein Slider-Plugin zu erstellen. Entdecken Sie, wie einfach es ist: Gehen Sie zum Online-Editor, um ein Slider-Plugin zu erstellen, das Sie auf Ihrer Squarespace-Homepage einbinden m\u00f6chten. W\u00e4hlen Sie eine der vorgefertigten Vorlagen und passen Sie die Slider-Einstellungen an, \u00e4ndern Sie das Layout und das Farbschema und f\u00fcgen Sie Ihre Inhalte hinzu \u2013 ohne Programmierkenntnisse. Speichern Sie den Slider und kopieren Sie den Plugin-Code zur Installation, der im Rahmen eines kostenlosen Plans problemlos in die Squarespace-Homepage eingef\u00fcgt werden kann. Mit dem benutzerfreundlichen Konfigurator kann jeder Internetnutzer Slider erstellen und ihn m\u00fchelos in jede Squarespace-Site integrieren. Um den Dienst nutzen zu k\u00f6nnen, ist es nicht erforderlich, ein kostenpflichtiges Abonnement abzuschlie\u00dfen oder Ihre Kartendaten anzugeben. Sollten bei irgendeinem Schritt Probleme auftreten, wenden Sie sich bitte an unseren Kundensupport.<\/p> <\/div>\r\n\t\t\t\t\t<\/div>\r\n\t\t\t\t<\/div> <\/div><\/div>\n","protected":false},"excerpt":{"rendered":"","protected":false},"author":9,"featured_media":0,"parent":1195,"menu_order":0,"comment_status":"closed","ping_status":"closed","template":"templates\/template-application-platform.php","meta":{"publish_to_discourse":"","publish_post_category":"","wpdc_auto_publish_overridden":"","wpdc_topic_tags":"","wpdc_pin_topic":"","wpdc_pin_until":"","discourse_post_id":"","discourse_permalink":"","wpdc_publishing_response":"","wpdc_publishing_error":"","footnotes":""},"class_list":["post-17737","page","type-page","status-publish","hentry"],"yoast_head":"<!-- This site is optimized with the Yoast SEO plugin v25.3.1 - https:\/\/yoast.com\/wordpress\/plugins\/seo\/ -->\n<title>Image Slider-Plugin zur Squarespace-Website hinzuf\u00fcgen [ 2025 ]<\/title>\n<meta name=\"description\" content=\"Nutzen Sie die Gelegenheit, das benutzerdefinierte Slider-Plugin jetzt anzupassen und es direkt aus der Live-Demo zu Ihrer Squarespace-Website hinzuzuf\u00fcgen.\" \/>\n<meta name=\"robots\" content=\"index, follow, max-snippet:-1, max-image-preview:large, max-video-preview:-1\" \/>\n<link rel=\"canonical\" href=\"https:\/\/elfsight.com\/de\/slider-widget\/squarespace\/\" \/>\n<meta property=\"og:locale\" content=\"de_DE\" \/>\n<meta property=\"og:type\" content=\"article\" \/>\n<meta property=\"og:title\" content=\"Image Slider-Plugin zur Squarespace-Website hinzuf\u00fcgen [ 2025 ]\" \/>\n<meta property=\"og:description\" content=\"Nutzen Sie die Gelegenheit, das benutzerdefinierte Slider-Plugin jetzt anzupassen und es direkt aus der Live-Demo zu Ihrer Squarespace-Website hinzuzuf\u00fcgen.\" \/>\n<meta property=\"og:url\" content=\"https:\/\/elfsight.com\/de\/slider-widget\/squarespace\/\" \/>\n<meta property=\"og:site_name\" content=\"Elfsight DE\" \/>\n<meta property=\"article:modified_time\" content=\"2025-12-01T09:47:38+00:00\" \/>\n<meta name=\"twitter:card\" content=\"summary_large_image\" \/>\n<meta name=\"twitter:label1\" content=\"Gesch\u00e4tzte Lesezeit\" \/>\n\t<meta name=\"twitter:data1\" content=\"3\u00a0Minuten\" \/>\n<!-- \/ Yoast SEO plugin. -->","yoast_head_json":{"title":"Image Slider-Plugin zur Squarespace-Website hinzuf\u00fcgen [ 2025 ]","description":"Nutzen Sie die Gelegenheit, das benutzerdefinierte Slider-Plugin jetzt anzupassen und es direkt aus der Live-Demo zu Ihrer Squarespace-Website hinzuzuf\u00fcgen.","robots":{"index":"index","follow":"follow","max-snippet":"max-snippet:-1","max-image-preview":"max-image-preview:large","max-video-preview":"max-video-preview:-1"},"canonical":"https:\/\/elfsight.com\/de\/slider-widget\/squarespace\/","og_locale":"de_DE","og_type":"article","og_title":"Image Slider-Plugin zur Squarespace-Website hinzuf\u00fcgen [ 2025 ]","og_description":"Nutzen Sie die Gelegenheit, das benutzerdefinierte Slider-Plugin jetzt anzupassen und es direkt aus der Live-Demo zu Ihrer Squarespace-Website hinzuzuf\u00fcgen.","og_url":"https:\/\/elfsight.com\/de\/slider-widget\/squarespace\/","og_site_name":"Elfsight DE","article_modified_time":"2025-12-01T09:47:38+00:00","twitter_card":"summary_large_image","twitter_misc":{"Gesch\u00e4tzte Lesezeit":"3\u00a0Minuten"},"schema":{"@context":"https:\/\/schema.org","@graph":[{"@type":"WebPage","@id":"https:\/\/elfsight.com\/de\/slider-widget\/squarespace\/","url":"https:\/\/elfsight.com\/de\/slider-widget\/squarespace\/","name":"Image Slider-Plugin zur Squarespace-Website hinzuf\u00fcgen [ 2025 ]","isPartOf":{"@id":"https:\/\/elfsight.com\/de\/#website"},"datePublished":"1970-01-01T00:00:00+00:00","dateModified":"2025-12-01T09:47:38+00:00","description":"Nutzen Sie die Gelegenheit, das benutzerdefinierte Slider-Plugin jetzt anzupassen und es direkt aus der Live-Demo zu Ihrer Squarespace-Website hinzuzuf\u00fcgen.","breadcrumb":{"@id":"https:\/\/elfsight.com\/de\/slider-widget\/squarespace\/#breadcrumb"},"inLanguage":"de","potentialAction":[{"@type":"ReadAction","target":["https:\/\/elfsight.com\/de\/slider-widget\/squarespace\/"]}]},{"@type":"BreadcrumbList","@id":"https:\/\/elfsight.com\/de\/slider-widget\/squarespace\/#breadcrumb","itemListElement":[{"@type":"ListItem","position":1,"name":"Home","item":"https:\/\/elfsight.com\/de\/"},{"@type":"ListItem","position":2,"name":"Slider","item":"https:\/\/elfsight.com\/de\/slider-widget\/"},{"@type":"ListItem","position":3,"name":"Slider &#8211; Squarespace"}]},{"@type":"WebSite","@id":"https:\/\/elfsight.com\/de\/#website","url":"https:\/\/elfsight.com\/de\/","name":"Elfsight DE","description":"Just another Elfsight Sites site","potentialAction":[{"@type":"SearchAction","target":{"@type":"EntryPoint","urlTemplate":"https:\/\/elfsight.com\/de\/?s={search_term_string}"},"query-input":{"@type":"PropertyValueSpecification","valueRequired":true,"valueName":"search_term_string"}}],"inLanguage":"de"}]}},"meta_box":{"industry":"","seo_heading":"","heading":"","description":"","cta_heading":"","cta_description":"","application":"494","h1":"Squarespace Image Slider-Plugin","h1_caption":"F\u00fcgen Sie Ihrer Website einen Bild- oder Inhaltsschieberegler hinzu, um visuelle Elemente, Werbeaktionen oder wichtige Inhalte m\u00fchelos dynamisch auf Ihrer Squarespace-Website zu pr\u00e4sentieren.","application_category":[],"applications_title":"","applications_request_title":"","applications_request_button_text":"","hero_text":"","hero_video":"","hero_video_schema_markup":"","selling_points_title":"","selling_points_caption":"","selling_points":[],"selling_points_cta_text":"","features_title":"","features":"","ed_cta_examples_text":"","ed_cta_examples_hidden":"","ed_cta_demo_text":"","ed_cta_demo_hidden":"","why_caption":"","why_editor_title":"","why_editor_text":"","why_team_title":"","why_team_text":"","why_service_title":"","why_service_text":"","template_catalog_visible":"0","template_catalog_title":"","template_catalog_text":"","template_catalog_categories_visible":"","demo_title":"Erstellen Sie Ihr Slider-Plugin","demo_caption":"Konfigurieren Sie Ihren Slider und f\u00fcgen Sie ihn kostenlos zu Ihrer Squarespace-Website hinzu!","default_faq_hidden":"","app_template_category":[],"platform":"252","template_public_id":"","codecanyon_url":"","codecanyon_item_id":"","codecanyon_price":"","pricing_caption":"","pricing_elfsight_apps_hide_column":"","pricing_elfsight_apps_url":"","pricing_codecanyon_price_caption":"","integration_category":[],"integration_request_title":"","integration_request_cta":"","integration_platform":"","integrations":[],"platform_category":[],"video_schema_markup":"","price":"ab 0 $ \/ Monat","trial":"","benefits":[{"text":"Kostenloser Installationsservice"},{"text":"Kompetenter Kundenservice"},{"text":"14-t\u00e4gige Geld-zur\u00fcck-Garantie"},{"text":"St\u00e4ndige Aktualisierung"}],"button_url":"#demo","button_target_blank":"0","button_nofollow":"0","attributes":[{"name":"Installiert","content":"10,000 - 100,000"},{"name":"Reaktionsfreudig","content":"Ja"},{"name":"Kompatible Browser","content":"Firefox, Safari, Opera, Chrome, Edge"}],"tags":[],"tags_disable_links":"0","hide_more_platforms":"0","video_object":"","demo_hide_cta":"0","demo_hide_cloud_options":"0","pricing_title":"","pricing":[{"pricing_icon":"platform","pricing_title":"Elfsight Apps","pricing_title_caption":"Plattform\u00fcbergreifende digitale L\u00f6sung, die auf jeder Website funktioniert","pricing_price":"ab 0 $ \/ Monat","pricing_price_caption":"Beginnen Sie mit einem kostenlosen Plan","pricing_benefits":[{"text":"Unbegrenzte Websites"},{"text":"24\/7 und p\u00fcnktlicher Support und gut dokumentiert"},{"text":"Kostenloser Installationssupport"},{"text":"Vollst\u00e4ndig anpassbar"}],"pricing_button_text":"Zur Website hinzuf\u00fcgen","pricing_button_url":"#demo"}],"related_apps_title":"","related_apps_hidden":"0","author":"","image":[],"title":"","job":"","social_networks":[]},"_links":{"self":[{"href":"https:\/\/elfsight.com\/de\/wp-json\/wp\/v2\/pages\/17737","targetHints":{"allow":["GET"]}}],"collection":[{"href":"https:\/\/elfsight.com\/de\/wp-json\/wp\/v2\/pages"}],"about":[{"href":"https:\/\/elfsight.com\/de\/wp-json\/wp\/v2\/types\/page"}],"author":[{"embeddable":true,"href":"https:\/\/elfsight.com\/de\/wp-json\/wp\/v2\/users\/9"}],"replies":[{"embeddable":true,"href":"https:\/\/elfsight.com\/de\/wp-json\/wp\/v2\/comments?post=17737"}],"version-history":[{"count":4,"href":"https:\/\/elfsight.com\/de\/wp-json\/wp\/v2\/pages\/17737\/revisions"}],"predecessor-version":[{"id":25567,"href":"https:\/\/elfsight.com\/de\/wp-json\/wp\/v2\/pages\/17737\/revisions\/25567"}],"up":[{"embeddable":true,"href":"https:\/\/elfsight.com\/de\/wp-json\/wp\/v2\/pages\/1195"}],"wp:attachment":[{"href":"https:\/\/elfsight.com\/de\/wp-json\/wp\/v2\/media?parent=17737"}],"curies":[{"name":"wp","href":"https:\/\/api.w.org\/{rel}","templated":true}]}}