{"id":17735,"date":"1970-01-01T00:00:00","date_gmt":"1970-01-01T00:00:00","guid":{"rendered":"https:\/\/elfsight.com\/de\/?page_id=17735"},"modified":"2025-02-24T17:03:21","modified_gmt":"2025-02-24T17:03:21","slug":"weebly","status":"publish","type":"page","link":"https:\/\/elfsight.com\/de\/slider-widget\/weebly\/","title":{"rendered":"Slider &#8211; Weebly"},"content":{"rendered":"\n<div class=\"application-platform-content-item-description application-platform-content-item\" id=\"description\" data-nav-section=\"description\"><h2>Beschreibung<\/h2> <p>Elfsight Photo &amp; Image Slider ist ein einfaches und reaktionsschnelles Plugin, mit dem Sie die Aufmerksamkeit der Website-Besucher auf sich ziehen k\u00f6nnen, indem Sie mehrere Bilder, Videos oder die besten Angebote auf Ihrer Website anzeigen. Nutzen Sie beliebig viele Folien, um Ihre Waren zu pr\u00e4sentieren und Sonderangebote hervorzuheben. F\u00fcgen Sie Spezialeffekte hinzu und skalieren Sie die Bild-\/Videodimension nach Ihren W\u00fcnschen. Mit unserem Tool k\u00f6nnen Sie bemerkenswerte Slider erstellen, die die Aufmerksamkeit der Website-Besucher auf sich ziehen und sie nicht dazu bringen, Ihre Seite zu fr\u00fch zu verlassen.<\/p><\/div><div class=\"application-platform-content-item-features application-platform-content-item\" id=\"features\" data-nav-section=\"features\"><h2>Funktionen <\/h2><p>\u00dcberpr\u00fcfen Sie eine Liste aller Funktionsmerkmale des Produkts. Sie sind direkt im Editor verf\u00fcgbar und helfen Ihnen dabei, das Plugin an Ihre Bed\u00fcrfnisse anzupassen.<\/p><ul><li>Verwenden Sie CTA-Schaltfl\u00e4chen, um Benutzer zur Konvertierung zu f\u00fchren.<\/li><li>\u00c4ndern Sie den Folienwechsel Dauer.<\/li><li>W\u00e4hlen Sie zwischen Paginierungsvarianten.<\/li><li>Platzieren Sie Ihre Inhalte mithilfe der erweiterten Position an einer beliebigen Stelle auf der Seite.<\/li><li>\u00c4ndern Sie 5 Inhaltselemente.<\/li><p><a href=\"#demo\">Sehen Sie sich in unserer Demo an, wie alle Funktionen funktionieren<\/a><\/p><\/div><div class=\"application-platform-content-item-installation application-platform-content-item\" id=\"installation\" data-nav-section=\"installation\"><h2>Wie integriere ich Image Slider in die Weebly-Website?<\/h2><div class=\"video-container\"><iframe width=\"560\" height=\"315\" src=\"https:\/\/www.youtube.com\/embed\/T3gJwAAAwiI?si=v851W9BhRstlft3T\" frameborder=\"0\" allow=\"accelerometer; autoplay; clipboard-write; encrypted-media; gyroscope; picture-in-picture; web-share\" allowfullscreen><\/iframe><\/div> <p>Um das Produkt vorzustellen, befolgen Sie einfach die folgenden Richtlinien.<\/p><ol><li><b>Verwalten Sie unsere kostenlose Demo und beginnen Sie mit der Entwicklung Ihrer einzigartigen App. <\/b><br> Geben Sie die ausgew\u00e4hlte Benutzeroberfl\u00e4che und Leistung der App an und \u00fcbernehmen Sie alle \u00c4nderungen. <\/li> <li><b>Erhalten Sie Ihren individuellen Code, der im Fenster von Elfsight Apps gezeigt wird. <\/b><br> Kopieren Sie gleich nach Abschluss der Generierung Ihrer pers\u00f6nlichen App den individuellen Code im erscheinenden Fenster und bewahren Sie ihn f\u00fcr die zuk\u00fcnftige Verwendung auf. <\/li> <li><b>Beginnen Sie mit der Anwendung der App auf Ihrer Weebly-Seite. <\/b><br> Platzieren Sie den zuvor gespeicherten Code auf Ihrer Website und \u00fcbernehmen Sie die \u00c4nderungen. <\/li> <li><b>Du bist fertig! Die Einbettung ist vollst\u00e4ndig beendet. <\/b><br> Besuchen Sie Ihre Website, um die Funktion der App zu \u00fcberpr\u00fcfen. <\/li><\/ol><p>Z\u00f6gern Sie nicht, den Elfsight-Kundendienst zu kontaktieren, wenn Sie Hilfe ben\u00f6tigen oder Fragen haben. Wir helfen Ihnen gerne bei jeder Anfrage weiter.<\/p><div class=\"faq\" data-component=\"FAQ\"><div class=\"faq-item\">\r\n\t\t\t\t\t<div class=\"faq-item-question\">\r\n\t\t\t\t\t\t<h3 class=\"faq-item-question-text\">Wie kann ich Slider zu meiner Weebly-Site hinzuf\u00fcgen, ohne Programmiererfahrung zu haben?<\/h3>\r\n\r\n\t\t\t\t\t\t<div class=\"faq-item-question-icon\"><\/div>\r\n\t\t\t\t\t<\/div>\r\n\r\n\t\t\t\t\t<div class=\"faq-item-answer\">\r\n\t\t\t\t\t\t<div class=\"faq-item-answer-text\"> <p>Das Unternehmen Elfsight bietet eine L\u00f6sung, mit der Websitebesitzer generieren k\u00f6nnen Wenn Sie selbst eine Slider-App erstellen m\u00f6chten, entdecken Sie die unkomplizierten Schritte: Beginnen Sie direkt im Online-Editor mit der Arbeit, um eine Slider-App zu erstellen, die Sie Ihrer Weebly-Website hinzuf\u00fcgen m\u00f6chten. Klicken Sie auf eine der vielen vorgefertigten Vorlagen und passen Sie die Slider-Einstellungen an, \u00e4ndern Sie das Layout und die Farben und f\u00fcgen Sie Ihre Inhalte hinzu \u2013 ganz ohne Codierung. Klicken Sie hier, um die Einstellungen, die Sie in Slider vorgenommen haben, zu speichern und den Installationscode zu erhalten, der in jede Weebly-Website eingef\u00fcgt werden kann, ohne eine kostenpflichtige Version zu kaufen. Mit Hilfe des unkomplizierten Editors kann jeder Internetnutzer einen Slider erstellen und ihn einfach auf jeder Weebly-Website einf\u00fcgen. Sie sollten kein kostenpflichtiges Abonnement abschlie\u00dfen oder Ihre Kartendaten angeben, um an dem Dienst teilzunehmen. Wenn Sie bei irgendeinem Schritt auf Hindernisse sto\u00dfen, z\u00f6gern Sie nicht, mit unserem technischen Support zu sprechen.<\/p> <\/div>\r\n\t\t\t\t\t<\/div>\r\n\t\t\t\t<\/div> <\/div><\/div>\n","protected":false},"excerpt":{"rendered":"","protected":false},"author":9,"featured_media":0,"parent":1195,"menu_order":0,"comment_status":"closed","ping_status":"closed","template":"templates\/template-application-platform.php","meta":{"publish_to_discourse":"","publish_post_category":"","wpdc_auto_publish_overridden":"","wpdc_topic_tags":"","wpdc_pin_topic":"","wpdc_pin_until":"","discourse_post_id":"","discourse_permalink":"","wpdc_publishing_response":"","wpdc_publishing_error":"","footnotes":""},"class_list":["post-17735","page","type-page","status-publish","hentry"],"yoast_head":"<!-- This site is optimized with the Yoast SEO plugin v25.3.1 - https:\/\/yoast.com\/wordpress\/plugins\/seo\/ -->\n<title>Weebly Slider \u2013 Bild-Slider-Widget zur Weebly-Website hinzuf\u00fcgen [2026]<\/title>\n<meta name=\"description\" content=\"Erstellen Sie mit Elfsight Ihr reaktionsf\u00e4higes Foto- und Bild-Slider-Plugin und ver\u00f6ffentlichen Sie es auf Ihrer Weebly-Website. Wir bieten kostenlosen Kundenservice und weitere Boni.\" \/>\n<meta name=\"robots\" content=\"index, follow, max-snippet:-1, max-image-preview:large, max-video-preview:-1\" \/>\n<link rel=\"canonical\" href=\"https:\/\/elfsight.com\/de\/slider-widget\/weebly\/\" \/>\n<meta property=\"og:locale\" content=\"de_DE\" \/>\n<meta property=\"og:type\" content=\"article\" \/>\n<meta property=\"og:title\" content=\"Weebly Slider \u2013 Bild-Slider-Widget zur Weebly-Website hinzuf\u00fcgen [2026]\" \/>\n<meta property=\"og:description\" content=\"Erstellen Sie mit Elfsight Ihr reaktionsf\u00e4higes Foto- und Bild-Slider-Plugin und ver\u00f6ffentlichen Sie es auf Ihrer Weebly-Website. Wir bieten kostenlosen Kundenservice und weitere Boni.\" \/>\n<meta property=\"og:url\" content=\"https:\/\/elfsight.com\/de\/slider-widget\/weebly\/\" \/>\n<meta property=\"og:site_name\" content=\"Elfsight DE\" \/>\n<meta property=\"article:modified_time\" content=\"2025-02-24T17:03:21+00:00\" \/>\n<meta name=\"twitter:card\" content=\"summary_large_image\" \/>\n<meta name=\"twitter:label1\" content=\"Gesch\u00e4tzte Lesezeit\" \/>\n\t<meta name=\"twitter:data1\" content=\"3\u00a0Minuten\" \/>\n<!-- \/ Yoast SEO plugin. -->","yoast_head_json":{"title":"Weebly Slider \u2013 Bild-Slider-Widget zur Weebly-Website hinzuf\u00fcgen [2026]","description":"Erstellen Sie mit Elfsight Ihr reaktionsf\u00e4higes Foto- und Bild-Slider-Plugin und ver\u00f6ffentlichen Sie es auf Ihrer Weebly-Website. Wir bieten kostenlosen Kundenservice und weitere Boni.","robots":{"index":"index","follow":"follow","max-snippet":"max-snippet:-1","max-image-preview":"max-image-preview:large","max-video-preview":"max-video-preview:-1"},"canonical":"https:\/\/elfsight.com\/de\/slider-widget\/weebly\/","og_locale":"de_DE","og_type":"article","og_title":"Weebly Slider \u2013 Bild-Slider-Widget zur Weebly-Website hinzuf\u00fcgen [2026]","og_description":"Erstellen Sie mit Elfsight Ihr reaktionsf\u00e4higes Foto- und Bild-Slider-Plugin und ver\u00f6ffentlichen Sie es auf Ihrer Weebly-Website. Wir bieten kostenlosen Kundenservice und weitere Boni.","og_url":"https:\/\/elfsight.com\/de\/slider-widget\/weebly\/","og_site_name":"Elfsight DE","article_modified_time":"2025-02-24T17:03:21+00:00","twitter_card":"summary_large_image","twitter_misc":{"Gesch\u00e4tzte Lesezeit":"3\u00a0Minuten"},"schema":{"@context":"https:\/\/schema.org","@graph":[{"@type":"WebPage","@id":"https:\/\/elfsight.com\/de\/slider-widget\/weebly\/","url":"https:\/\/elfsight.com\/de\/slider-widget\/weebly\/","name":"Weebly Slider \u2013 Bild-Slider-Widget zur Weebly-Website hinzuf\u00fcgen [2026]","isPartOf":{"@id":"https:\/\/elfsight.com\/de\/#website"},"datePublished":"1970-01-01T00:00:00+00:00","dateModified":"2025-02-24T17:03:21+00:00","description":"Erstellen Sie mit Elfsight Ihr reaktionsf\u00e4higes Foto- und Bild-Slider-Plugin und ver\u00f6ffentlichen Sie es auf Ihrer Weebly-Website. Wir bieten kostenlosen Kundenservice und weitere Boni.","breadcrumb":{"@id":"https:\/\/elfsight.com\/de\/slider-widget\/weebly\/#breadcrumb"},"inLanguage":"de","potentialAction":[{"@type":"ReadAction","target":["https:\/\/elfsight.com\/de\/slider-widget\/weebly\/"]}]},{"@type":"BreadcrumbList","@id":"https:\/\/elfsight.com\/de\/slider-widget\/weebly\/#breadcrumb","itemListElement":[{"@type":"ListItem","position":1,"name":"Home","item":"https:\/\/elfsight.com\/de\/"},{"@type":"ListItem","position":2,"name":"Slider","item":"https:\/\/elfsight.com\/de\/slider-widget\/"},{"@type":"ListItem","position":3,"name":"Slider &#8211; Weebly"}]},{"@type":"WebSite","@id":"https:\/\/elfsight.com\/de\/#website","url":"https:\/\/elfsight.com\/de\/","name":"Elfsight DE","description":"Just another Elfsight Sites site","potentialAction":[{"@type":"SearchAction","target":{"@type":"EntryPoint","urlTemplate":"https:\/\/elfsight.com\/de\/?s={search_term_string}"},"query-input":{"@type":"PropertyValueSpecification","valueRequired":true,"valueName":"search_term_string"}}],"inLanguage":"de"}]}},"meta_box":{"industry":"","seo_heading":"","heading":"","description":"","cta_heading":"","cta_description":"","application":"494","h1":"Weebly Image Slider-Plugin","h1_caption":"F\u00fcgen Sie Ihrer Website einen Bild- oder Inhaltsschieberegler hinzu, um visuelle Elemente, Werbeaktionen oder wichtige Inhalte m\u00fchelos dynamisch auf Ihrer Weebly-Website zu pr\u00e4sentieren.","application_category":[],"applications_title":"","applications_request_title":"","applications_request_button_text":"","hero_text":"","hero_video":"","hero_video_schema_markup":"","selling_points_title":"","selling_points_caption":"","selling_points":[],"selling_points_cta_text":"","features_title":"","features":"","ed_cta_examples_text":"","ed_cta_examples_hidden":"","ed_cta_demo_text":"","ed_cta_demo_hidden":"","why_caption":"","why_editor_title":"","why_editor_text":"","why_team_title":"","why_team_text":"","why_service_title":"","why_service_text":"","template_catalog_visible":"0","template_catalog_title":"","template_catalog_text":"","template_catalog_categories_visible":"","demo_title":"Erstellen Sie Ihre Slider-App","demo_caption":"Konfigurieren Sie Ihren Slider und f\u00fcgen Sie ihn kostenlos zu Ihrer Weebly-Website hinzu!","default_faq_hidden":"","app_template_category":[],"platform":"249","template_public_id":"","codecanyon_url":"","codecanyon_item_id":"","codecanyon_price":"","pricing_caption":"","pricing_elfsight_apps_hide_column":"","pricing_elfsight_apps_url":"","pricing_codecanyon_price_caption":"","integration_category":[],"integration_request_title":"","integration_request_cta":"","integration_platform":"","integrations":[],"platform_category":[],"video_schema_markup":"","price":"ab 0 $ \/ Monat","trial":"","benefits":[{"text":"Kostenlose Installationsunterst\u00fctzung"},{"text":"Premium-Support"},{"text":"14-t\u00e4gige R\u00fcckerstattungsgarantie"},{"text":"Zuk\u00fcnftige Verbesserungen"}],"button_url":"#demo","button_target_blank":"0","button_nofollow":"0","attributes":[{"name":"Installiert","content":"10,000 - 100,000"},{"name":"Reaktionsfreudig","content":"Ja"},{"name":"Kompatible Browser","content":"Firefox, Safari, Opera, Chrome, Edge"}],"tags":[],"tags_disable_links":"0","hide_more_platforms":"0","video_object":"","demo_hide_cta":"0","demo_hide_cloud_options":"0","pricing_title":"","pricing":[{"pricing_icon":"platform","pricing_title":"Elfsight Apps","pricing_title_caption":"Elfsight Apps Plattformunabh\u00e4ngige L\u00f6sung, die auf jeder Website funktioniert","pricing_price":"ab 0 $ \/ Monat","pricing_price_caption":"Beginnen Sie mit einem kostenlosen Plan","pricing_benefits":[{"text":"Unbegrenzte Domains"},{"text":"Professionelle Kundenbetreuung und gut dokumentiert"},{"text":"Kostenloser Installationsservice"},{"text":"100 % anpassbar"}],"pricing_button_text":"Zur Website hinzuf\u00fcgen","pricing_button_url":"#demo"}],"related_apps_title":"","related_apps_hidden":"0","author":"","image":[],"title":"","job":"","social_networks":[]},"_links":{"self":[{"href":"https:\/\/elfsight.com\/de\/wp-json\/wp\/v2\/pages\/17735","targetHints":{"allow":["GET"]}}],"collection":[{"href":"https:\/\/elfsight.com\/de\/wp-json\/wp\/v2\/pages"}],"about":[{"href":"https:\/\/elfsight.com\/de\/wp-json\/wp\/v2\/types\/page"}],"author":[{"embeddable":true,"href":"https:\/\/elfsight.com\/de\/wp-json\/wp\/v2\/users\/9"}],"replies":[{"embeddable":true,"href":"https:\/\/elfsight.com\/de\/wp-json\/wp\/v2\/comments?post=17735"}],"version-history":[{"count":3,"href":"https:\/\/elfsight.com\/de\/wp-json\/wp\/v2\/pages\/17735\/revisions"}],"predecessor-version":[{"id":24853,"href":"https:\/\/elfsight.com\/de\/wp-json\/wp\/v2\/pages\/17735\/revisions\/24853"}],"up":[{"embeddable":true,"href":"https:\/\/elfsight.com\/de\/wp-json\/wp\/v2\/pages\/1195"}],"wp:attachment":[{"href":"https:\/\/elfsight.com\/de\/wp-json\/wp\/v2\/media?parent=17735"}],"curies":[{"name":"wp","href":"https:\/\/api.w.org\/{rel}","templated":true}]}}