{"id":17730,"date":"1970-01-01T00:00:00","date_gmt":"1970-01-01T00:00:00","guid":{"rendered":"https:\/\/elfsight.com\/de\/?page_id=17730"},"modified":"2025-07-10T08:20:52","modified_gmt":"2025-07-10T08:20:52","slug":"iframe","status":"publish","type":"page","link":"https:\/\/elfsight.com\/de\/slider-widget\/iframe\/","title":{"rendered":"Slider &#8211; iFrame"},"content":{"rendered":"<div class=\"application-platform-content-item-description application-platform-content-item\" id=\"description\" data-nav-section=\"description\"><h2>Slider in iFrame mit dem Elfsight-Widget einbetten<\/h2> <p>Elfsight Photo &amp; Image Slider ist ein einfaches Tool, mit dem Sie die Aufmerksamkeit der Benutzer erregen k\u00f6nnen, indem Sie mehrere Bilder, Videos oder die besten Angebote auf Ihrer Website pr\u00e4sentieren. Nutzen Sie beliebig viele Folien, um Ihre Waren zu pr\u00e4sentieren und aktuelle Angebote hervorzuheben. F\u00fcgen Sie visuelle Effekte hinzu und skalieren Sie die Bild-\/Videogr\u00f6\u00dfe nach Bedarf. Mit unserem Tool k\u00f6nnen Sie bemerkenswerte Slider erstellen, die die Aufmerksamkeit der Benutzer fesseln und sie nicht dazu bringen, Ihre Webseite in Eile zu verlassen.<\/p><\/div><div class=\"application-platform-content-item-features application-platform-content-item\" id=\"features\" data-nav-section=\"features\"><h2>Hauptfunktionen des Slider-Widgets<\/h2><p>Sehen Sie sich alle Funktionsmerkmale des Produkts an. Sie k\u00f6nnen sie direkt im Editor anpassen und sie helfen Ihnen dabei, das richtige Widget f\u00fcr Ihren Fall zu erstellen.<\/p><ul><li>F\u00fcgen Sie CTA-Schaltfl\u00e4chen hinzu, um Ihr Publikum zur Konvertierung zu f\u00fchren.<\/li><li>Folie \u00e4ndern Wechseldauer.<\/li><li>W\u00e4hlen Sie zwischen Paginierungsoptionen.<\/li><li>Platzieren Sie Ihre Inhalte mithilfe der erweiterten Position an einer beliebigen Stelle auf der Seite.<\/li><li>Passen Sie f\u00fcnf Inhaltsoptionen an.<\/li><\/ul><p><a href=\"#demo\">Sehen Sie in unserer Demo, wie alle Funktionen funktionieren<\/a><\/p><\/div><div class=\"application-platform-content-item-installation application-platform-content-item\" id=\"installation\" data-nav-section=\"installation\"><h2>Wie bette ich Image Slider auf meiner iFrame-Website ein?<\/h2><p>Um das Produkt zu integrieren, befolgen Sie die nachstehenden Anweisungen.<\/p><ol><li><b>Erstellen Sie Ihr ma\u00dfgeschneidertes Photo Slider-Plugin<\/b><br> Richten Sie mit unserem kostenlosen Editor ein Plugin mit Ihrem bevorzugten Aussehen und Ihrer bevorzugten Funktionalit\u00e4t ein.<\/li><li><b>Holen Sie sich den individuellen HTML-Code, um das Plugin zu ver\u00f6ffentlichen<\/b><br> Nachdem Sie Ihr Widget konfiguriert haben, erhalten Sie den Installationscode aus der angezeigten Benachrichtigung auf Elfsight Apps. Kopieren Sie es zur sp\u00e4teren Verwendung.<\/li> <li><b>F\u00fcgen Sie das Plugin auf Ihrer iFrame-Site hinzu<\/b><br> W\u00e4hlen Sie den Ort aus, an dem Sie das Plugin einbetten m\u00f6chten, und f\u00fcgen Sie dort den gespeicherten HTML-Code ein. Ver\u00f6ffentlichen Sie die \u00c4nderungen.<\/li> <li><b>Fertig! <\/b><br> Geben Sie Ihre Webseite ein, um Ihr Plugin anzuzeigen. <\/li> <\/ol><p>Sie k\u00f6nnen sich gerne an den Kundensupport wenden, wenn Sie Hilfe ben\u00f6tigen oder Fragen haben. Wir helfen Ihnen gerne bei jeder Anfrage weiter.<\/p><div class=\"faq\" data-component=\"FAQ\"><div class=\"faq-item\">\r\n\t\t\t\t\t<div class=\"faq-item-question\">\r\n\t\t\t\t\t\t<h3 class=\"faq-item-question-text\">Wie kann ich Slider ohne Programmierkenntnisse in meine iFrame-Website einbetten?<\/h3>\r\n\r\n\t\t\t\t\t\t<div class=\"faq-item-question-icon\"><\/div>\r\n\t\t\t\t\t<\/div>\r\n\r\n\t\t\t\t\t<div class=\"faq-item-answer\">\r\n\t\t\t\t\t\t<div class=\"faq-item-answer-text\"> <p>Elfsight bietet eine L\u00f6sung, mit der Benutzer einen Slider erstellen k\u00f6nnen Wenn Sie das Widget selbst erstellen m\u00f6chten, sehen Sie sich die einfachen Anweisungen an: Gehen Sie zum Live-Editor, um ein Slider-Plugin zu generieren, das auf Ihrer iFrame-Website angezeigt werden soll. W\u00e4hlen Sie eine der vorgefertigten Vorlagen aus und passen Sie die Slider-Einstellungen an, aktualisieren Sie Ihre Inhalte, \u00e4ndern Sie das Layout und die Farbe der Elemente ohne Codierung. Speichern Sie die Einstellungen, die Sie in Slider vorgenommen haben, und kopieren Sie den Installationscode des Widgets, den Sie m\u00fchelos in die iFrame-Webseite einf\u00fcgen k\u00f6nnen, ohne eine kostenpflichtige Version kaufen zu m\u00fcssen. Mithilfe des benutzerfreundlichen Konfigurators kann jeder Webbenutzer eine Slider-App erstellen und diese m\u00fchelos in die iFrame-Website einf\u00fcgen. Sie m\u00fcssen weder bezahlen noch Ihre Kartendaten eingeben, um auf unseren Editor zuzugreifen. Wenn Sie auf Probleme jeglicher Art sto\u00dfen, z\u00f6gern Sie bitte nicht, mit unserem technischen Support-Team zu sprechen.<\/p> <\/div>\r\n\t\t\t\t\t<\/div>\r\n\t\t\t\t<\/div> <\/div><\/div>","protected":false},"excerpt":{"rendered":"","protected":false},"author":9,"featured_media":0,"parent":1195,"menu_order":0,"comment_status":"closed","ping_status":"closed","template":"templates\/template-application-platform.php","meta":{"publish_to_discourse":"","publish_post_category":"","wpdc_auto_publish_overridden":"","wpdc_topic_tags":"","wpdc_pin_topic":"","wpdc_pin_until":"","discourse_post_id":"","discourse_permalink":"","wpdc_publishing_response":"","wpdc_publishing_error":"","footnotes":""},"class_list":["post-17730","page","type-page","status-publish","hentry"],"yoast_head":"<!-- This site is optimized with the Yoast SEO plugin v25.3.1 - https:\/\/yoast.com\/wordpress\/plugins\/seo\/ -->\n<title>iFrame Image Slider-Widget f\u00fcr Ihre Website (kostenlos und schnell)<\/title>\n<meta name=\"description\" content=\"Es ist ganz einfach, Ihr Foto- und Bild-Slider-Widget zu gestalten und es Ihrer iFrame-Website hinzuzuf\u00fcgen. Der Kundensupport von Elfsight ist kostenlos und schnell.\" \/>\n<meta name=\"robots\" content=\"index, follow, max-snippet:-1, max-image-preview:large, max-video-preview:-1\" \/>\n<link rel=\"canonical\" href=\"https:\/\/elfsight.com\/de\/slider-widget\/iframe\/\" \/>\n<meta property=\"og:locale\" content=\"de_DE\" \/>\n<meta property=\"og:type\" content=\"article\" \/>\n<meta property=\"og:title\" content=\"iFrame Image Slider-Widget f\u00fcr Ihre Website (kostenlos und schnell)\" \/>\n<meta property=\"og:description\" content=\"Es ist ganz einfach, Ihr Foto- und Bild-Slider-Widget zu gestalten und es Ihrer iFrame-Website hinzuzuf\u00fcgen. Der Kundensupport von Elfsight ist kostenlos und schnell.\" \/>\n<meta property=\"og:url\" content=\"https:\/\/elfsight.com\/de\/slider-widget\/iframe\/\" \/>\n<meta property=\"og:site_name\" content=\"Elfsight DE\" \/>\n<meta property=\"article:modified_time\" content=\"2025-07-10T08:20:52+00:00\" \/>\n<meta name=\"twitter:card\" content=\"summary_large_image\" \/>\n<meta name=\"twitter:label1\" content=\"Gesch\u00e4tzte Lesezeit\" \/>\n\t<meta name=\"twitter:data1\" content=\"3\u00a0Minuten\" \/>\n<!-- \/ Yoast SEO plugin. -->","yoast_head_json":{"title":"iFrame Image Slider-Widget f\u00fcr Ihre Website (kostenlos und schnell)","description":"Es ist ganz einfach, Ihr Foto- und Bild-Slider-Widget zu gestalten und es Ihrer iFrame-Website hinzuzuf\u00fcgen. Der Kundensupport von Elfsight ist kostenlos und schnell.","robots":{"index":"index","follow":"follow","max-snippet":"max-snippet:-1","max-image-preview":"max-image-preview:large","max-video-preview":"max-video-preview:-1"},"canonical":"https:\/\/elfsight.com\/de\/slider-widget\/iframe\/","og_locale":"de_DE","og_type":"article","og_title":"iFrame Image Slider-Widget f\u00fcr Ihre Website (kostenlos und schnell)","og_description":"Es ist ganz einfach, Ihr Foto- und Bild-Slider-Widget zu gestalten und es Ihrer iFrame-Website hinzuzuf\u00fcgen. Der Kundensupport von Elfsight ist kostenlos und schnell.","og_url":"https:\/\/elfsight.com\/de\/slider-widget\/iframe\/","og_site_name":"Elfsight DE","article_modified_time":"2025-07-10T08:20:52+00:00","twitter_card":"summary_large_image","twitter_misc":{"Gesch\u00e4tzte Lesezeit":"3\u00a0Minuten"},"schema":{"@context":"https:\/\/schema.org","@graph":[{"@type":"WebPage","@id":"https:\/\/elfsight.com\/de\/slider-widget\/iframe\/","url":"https:\/\/elfsight.com\/de\/slider-widget\/iframe\/","name":"iFrame Image Slider-Widget f\u00fcr Ihre Website (kostenlos und schnell)","isPartOf":{"@id":"https:\/\/elfsight.com\/de\/#website"},"datePublished":"1970-01-01T00:00:00+00:00","dateModified":"2025-07-10T08:20:52+00:00","description":"Es ist ganz einfach, Ihr Foto- und Bild-Slider-Widget zu gestalten und es Ihrer iFrame-Website hinzuzuf\u00fcgen. Der Kundensupport von Elfsight ist kostenlos und schnell.","breadcrumb":{"@id":"https:\/\/elfsight.com\/de\/slider-widget\/iframe\/#breadcrumb"},"inLanguage":"de","potentialAction":[{"@type":"ReadAction","target":["https:\/\/elfsight.com\/de\/slider-widget\/iframe\/"]}]},{"@type":"BreadcrumbList","@id":"https:\/\/elfsight.com\/de\/slider-widget\/iframe\/#breadcrumb","itemListElement":[{"@type":"ListItem","position":1,"name":"Home","item":"https:\/\/elfsight.com\/de\/"},{"@type":"ListItem","position":2,"name":"Slider","item":"https:\/\/elfsight.com\/de\/slider-widget\/"},{"@type":"ListItem","position":3,"name":"Slider &#8211; iFrame"}]},{"@type":"WebSite","@id":"https:\/\/elfsight.com\/de\/#website","url":"https:\/\/elfsight.com\/de\/","name":"Elfsight DE","description":"Just another Elfsight Sites site","potentialAction":[{"@type":"SearchAction","target":{"@type":"EntryPoint","urlTemplate":"https:\/\/elfsight.com\/de\/?s={search_term_string}"},"query-input":{"@type":"PropertyValueSpecification","valueRequired":true,"valueName":"search_term_string"}}],"inLanguage":"de"}]}},"meta_box":{"industry":"","seo_heading":"","heading":"","description":"","cta_heading":"","cta_description":"","application":"494","h1":"iFrame-Bild-Slider-Widget","h1_caption":"F\u00fcgen Sie Ihrer Website einen Bild- oder Inhaltsschieberegler hinzu, um visuelle Elemente, Werbeaktionen oder wichtige Inhalte m\u00fchelos dynamisch auf Ihrer iFrame-Website zu pr\u00e4sentieren.","application_category":[],"applications_title":"","applications_request_title":"","applications_request_button_text":"","hero_text":"","hero_video":"","hero_video_schema_markup":"","selling_points_title":"","selling_points_caption":"","selling_points":[],"selling_points_cta_text":"","features_title":"","features":"","ed_cta_examples_text":"","ed_cta_examples_hidden":"","ed_cta_demo_text":"","ed_cta_demo_hidden":"","why_caption":"","why_editor_title":"","why_editor_text":"","why_team_title":"","why_team_text":"","why_service_title":"","why_service_text":"","template_catalog_visible":"","template_catalog_title":"","template_catalog_text":"","template_catalog_categories_visible":"","demo_title":"Erstellen Sie Ihr Slider-Widget","demo_caption":"Konfigurieren Sie Ihren Slider und f\u00fcgen Sie ihn kostenlos zu Ihrer iFrame-Website hinzu!","default_faq_hidden":"","app_template_category":[],"platform":"240","template_public_id":"","codecanyon_url":"","codecanyon_item_id":"","codecanyon_price":"","pricing_caption":"","pricing_elfsight_apps_hide_column":"","pricing_elfsight_apps_url":"","pricing_codecanyon_price_caption":"","integration_category":[],"integration_request_title":"","integration_request_cta":"","integration_platform":"","integrations":[],"platform_category":[],"video_schema_markup":"","price":"ab 0 $ \/ Monat","trial":"","benefits":[{"text":"Kostenlose Installationsunterst\u00fctzung"},{"text":"Professioneller Kundenservice"},{"text":"14-t\u00e4gige Geld-zur\u00fcck-Garantie"},{"text":"Kontinuierliche Verbesserungen"}],"button_url":"#demo","button_target_blank":"","button_nofollow":"","attributes":[{"name":"Installiert","content":"10,000 - 100,000"},{"name":"Reaktionsfreudig","content":"Ja"},{"name":"Kompatible Browser","content":"Firefox, Safari, Edge, Opera, Chrome"}],"tags":[],"tags_disable_links":"","hide_more_platforms":"","video_object":"","demo_hide_cta":"","demo_hide_cloud_options":"","pricing_title":"","pricing":[{"pricing_icon":"platform","pricing_title":"Elfsight Apps","pricing_title_caption":"Plattformunabh\u00e4ngige Version, die zu jeder Website passt","pricing_price":"ab 0 $ \/ Monat","pricing_price_caption":"Beginnen Sie mit einem kostenlosen Plan","pricing_benefits":[{"text":"Unbegrenzte Anzahl an Websites"},{"text":"Engagierte Unterst\u00fctzung"},{"text":"Kostenlose Installationshilfe"},{"text":"Tolles Angebot f\u00fcr mehrere Apps"}],"pricing_button_text":"Zur Website hinzuf\u00fcgen","pricing_button_url":"#demo"}],"related_apps_title":"","related_apps_hidden":"","author":"","image":[],"title":"","job":"","social_networks":[]},"_links":{"self":[{"href":"https:\/\/elfsight.com\/de\/wp-json\/wp\/v2\/pages\/17730","targetHints":{"allow":["GET"]}}],"collection":[{"href":"https:\/\/elfsight.com\/de\/wp-json\/wp\/v2\/pages"}],"about":[{"href":"https:\/\/elfsight.com\/de\/wp-json\/wp\/v2\/types\/page"}],"author":[{"embeddable":true,"href":"https:\/\/elfsight.com\/de\/wp-json\/wp\/v2\/users\/9"}],"replies":[{"embeddable":true,"href":"https:\/\/elfsight.com\/de\/wp-json\/wp\/v2\/comments?post=17730"}],"version-history":[{"count":1,"href":"https:\/\/elfsight.com\/de\/wp-json\/wp\/v2\/pages\/17730\/revisions"}],"predecessor-version":[{"id":17734,"href":"https:\/\/elfsight.com\/de\/wp-json\/wp\/v2\/pages\/17730\/revisions\/17734"}],"up":[{"embeddable":true,"href":"https:\/\/elfsight.com\/de\/wp-json\/wp\/v2\/pages\/1195"}],"wp:attachment":[{"href":"https:\/\/elfsight.com\/de\/wp-json\/wp\/v2\/media?parent=17730"}],"curies":[{"name":"wp","href":"https:\/\/api.w.org\/{rel}","templated":true}]}}