{"id":17728,"date":"1970-01-01T00:00:00","date_gmt":"1970-01-01T00:00:00","guid":{"rendered":"https:\/\/elfsight.com\/de\/?page_id=17728"},"modified":"2025-02-24T16:29:15","modified_gmt":"2025-02-24T16:29:15","slug":"bigcommerce","status":"publish","type":"page","link":"https:\/\/elfsight.com\/de\/slider-widget\/bigcommerce\/","title":{"rendered":"Slider &#8211; BigCommerce"},"content":{"rendered":"\n<div class=\"application-platform-content-item-description application-platform-content-item\" id=\"description\" data-nav-section=\"description\"><h2>Beschreibung<\/h2> <p>Elfsight Photo &amp; Image Slider ist ein reaktionsschnelles und einfaches Instrument, mit dem Sie die Aufmerksamkeit der Benutzer fesseln k\u00f6nnen, indem Sie ihnen verschiedene Bilder, Videos oder die besten Angebote auf Ihrer Website pr\u00e4sentieren. Sie k\u00f6nnen beliebig viele Folien verwenden, um Ihre Marke zu pr\u00e4sentieren und Sonderangebote hervorzuheben. F\u00fcgen Sie Spezialeffekte hinzu und \u00e4ndern Sie die Bild-\/Videogr\u00f6\u00dfe nach Ihren W\u00fcnschen. Mit Hilfe unseres Tools k\u00f6nnen Sie spektakul\u00e4re Slider erstellen, die die Aufmerksamkeit der Benutzer auf sich ziehen und sie nicht dazu bringen, Ihre Seite zu fr\u00fch zu verlassen.<\/p><\/div><div class=\"application-platform-content-item-features application-platform-content-item\" id=\"features\" data-nav-section=\"features\"><h2>Funktionen<\/h2><p>Hier k\u00f6nnen Sie alle Funktionen des Produkts sehen. Sie sind direkt im Editor verf\u00fcgbar und helfen Ihnen dabei, das Widget passend zu Ihrem Fall zu gestalten.<\/p><ul><li>Verwenden Sie CTA-Schaltfl\u00e4chen, um Benutzer zu Ihrem Ziel zu f\u00fchren.<\/li><li>Regulieren Sie den Folienwechsel Dauer.<\/li><li>W\u00e4hlen Sie zwischen Paginierungsfunktionen.<\/li><li>Platzieren Sie Ihren Text mithilfe der erweiterten Position an einer beliebigen Stelle auf der Seite.<\/li><li>Passen Sie f\u00fcnf Inhaltsfunktionen an.<\/li><\/ul><p>\u00dcberpr\u00fcfen Sie in unserer Demo, wie alle Funktionen funktionieren<\/p><\/div><div class=\"application-platform-content-item-installation application-platform-content-item\" id=\"installation\" data-nav-section=\"installation\"><h2>Wie kann ich Image Slider auf der BigCommerce-Website einbetten?<\/h2><div class=\"video-container\"><iframe width=\"560\" height=\"315\" src=\"https:\/\/www.youtube.com\/embed\/DCjFR2yqdHs?si=6Dr3qy152diNdWrq\" frameborder=\"0\" allow=\"accelerometer; autoplay; clipboard-write; encrypted-media; gyroscope; picture-in-picture; web-share\" allowfullscreen><\/iframe><\/div><p>Befolgen Sie einfach die unten beschriebenen Schritte, um das Tool bei BigCommerce hinzuzuf\u00fcgen.<\/p> <ol><li><b>\u00d6ffnen Sie unsere kostenlose Demo und beginnen Sie mit der Erstellung Ihres ma\u00dfgeschneiderten Tools App. <\/b><br> Geben Sie das bevorzugte Layout und die Funktionalit\u00e4t des Widgets an und speichern Sie die \u00c4nderungen. <\/li> <li><b>Sie erhalten Ihren individuellen Code, der in der Box auf Elfsight Apps angezeigt wird. <\/b><br> Sobald die Einrichtung Ihres Tools abgeschlossen ist, kopieren Sie den exklusiven Code aus dem erscheinenden Fenster und bewahren Sie ihn f\u00fcr die zuk\u00fcnftige Verwendung auf. <\/li> <li><b>Initiieren Sie die Anwendung des Slider-Widgets auf der BigCommerce-Website. <\/b><br> Platzieren Sie den zuvor gespeicherten Code auf Ihrer Website und \u00fcbernehmen Sie die \u00c4nderungen. <\/li> <li><b>Fertig! Die Einbettung ist vollst\u00e4ndig durchgef\u00fchrt. <\/b><br> Besuchen Sie Ihre Website, um zu sehen, wie das Tool funktioniert. <\/li><\/ol><p>Nehmen Sie sich eine Minute Zeit und wenden Sie sich an den Elfsight-Support, wenn Sie Hilfe ben\u00f6tigen oder Probleme haben. Wir helfen Ihnen gerne bei jeder Anfrage.<\/p><div class=\"faq\" data-component=\"FAQ\"><div class=\"faq-item\">\r\n\t\t\t\t\t<div class=\"faq-item-question\">\r\n\t\t\t\t\t\t<h3 class=\"faq-item-question-text\">Gibt es eine Methode zum Einbetten von Slider in meine BigCommerce-Homepage ohne Codierung?<\/h3>\r\n\r\n\t\t\t\t\t\t<div class=\"faq-item-question-icon\"><\/div>\r\n\t\t\t\t\t<\/div>\r\n\r\n\t\t\t\t\t<div class=\"faq-item-answer\">\r\n\t\t\t\t\t\t<div class=\"faq-item-answer-text\"> <p>Elfsight bietet eine SaaS-L\u00f6sung, die Benutzern die Einrichtung erm\u00f6glicht Wenn Sie selbst ein Slider-Widget erstellen m\u00f6chten, sehen Sie sich an, wie einfach es ist: Gehen Sie zur Live-Demo, um ein Slider-Widget zu erstellen, das Sie auf der BigCommerce-Website hinzuf\u00fcgen m\u00f6chten. W\u00e4hlen Sie eine der vielen vorgefertigten Vorlagen aus und \u00e4ndern Sie die Slider-Einstellungen, transformieren Sie das Layout und die Farbschemata einschlie\u00dflich Ihrer Inhalte, ohne Programmierkenntnisse. Klicken Sie, um den Slider zu speichern und den Installationscode des Widgets zu erhalten, den Sie einfach kostenlos in jede BigCommerce-Website einbetten k\u00f6nnen. Mit unserem unkomplizierten Editor kann jeder Webbenutzer ein Slider-Plugin erstellen und problemlos auf der BigCommerce-Website einf\u00fcgen. Sie d\u00fcrfen nicht bezahlen oder Ihre Kartendaten offenlegen, um auf den Elfsight Editor zuzugreifen. Wenn Sie bei irgendeinem Schritt auf Probleme sto\u00dfen, wenden Sie sich bitte an unsere Support-Mitarbeiter.<\/p> <\/div>\r\n\t\t\t\t\t<\/div>\r\n\t\t\t\t<\/div> <\/div><\/div>\n","protected":false},"excerpt":{"rendered":"","protected":false},"author":9,"featured_media":0,"parent":1195,"menu_order":0,"comment_status":"closed","ping_status":"closed","template":"templates\/template-application-platform.php","meta":{"publish_to_discourse":"","publish_post_category":"","wpdc_auto_publish_overridden":"","wpdc_topic_tags":"","wpdc_pin_topic":"","wpdc_pin_until":"","discourse_post_id":"","discourse_permalink":"","wpdc_publishing_response":"","wpdc_publishing_error":"","footnotes":""},"class_list":["post-17728","page","type-page","status-publish","hentry"],"yoast_head":"<!-- This site is optimized with the Yoast SEO plugin v25.3.1 - https:\/\/yoast.com\/wordpress\/plugins\/seo\/ -->\n<title>BigCommerce Slider \u2013 Image Slider-App zur Website hinzuf\u00fcgen [2025]<\/title>\n<meta name=\"description\" content=\"Nutzen Sie die Gelegenheit, das benutzerdefinierte Image Slider-Widget jetzt anzupassen und es direkt aus der Live-Demo zu Ihrer BigCommerce-Website hinzuzuf\u00fcgen.\" \/>\n<meta name=\"robots\" content=\"index, follow, max-snippet:-1, max-image-preview:large, max-video-preview:-1\" \/>\n<link rel=\"canonical\" href=\"https:\/\/elfsight.com\/de\/slider-widget\/bigcommerce\/\" \/>\n<meta property=\"og:locale\" content=\"de_DE\" \/>\n<meta property=\"og:type\" content=\"article\" \/>\n<meta property=\"og:title\" content=\"BigCommerce Slider \u2013 Image Slider-App zur Website hinzuf\u00fcgen [2025]\" \/>\n<meta property=\"og:description\" content=\"Nutzen Sie die Gelegenheit, das benutzerdefinierte Image Slider-Widget jetzt anzupassen und es direkt aus der Live-Demo zu Ihrer BigCommerce-Website hinzuzuf\u00fcgen.\" \/>\n<meta property=\"og:url\" content=\"https:\/\/elfsight.com\/de\/slider-widget\/bigcommerce\/\" \/>\n<meta property=\"og:site_name\" content=\"Elfsight DE\" \/>\n<meta property=\"article:modified_time\" content=\"2025-02-24T16:29:15+00:00\" \/>\n<meta name=\"twitter:card\" content=\"summary_large_image\" \/>\n<meta name=\"twitter:label1\" content=\"Gesch\u00e4tzte Lesezeit\" \/>\n\t<meta name=\"twitter:data1\" content=\"3\u00a0Minuten\" \/>\n<!-- \/ Yoast SEO plugin. -->","yoast_head_json":{"title":"BigCommerce Slider \u2013 Image Slider-App zur Website hinzuf\u00fcgen [2025]","description":"Nutzen Sie die Gelegenheit, das benutzerdefinierte Image Slider-Widget jetzt anzupassen und es direkt aus der Live-Demo zu Ihrer BigCommerce-Website hinzuzuf\u00fcgen.","robots":{"index":"index","follow":"follow","max-snippet":"max-snippet:-1","max-image-preview":"max-image-preview:large","max-video-preview":"max-video-preview:-1"},"canonical":"https:\/\/elfsight.com\/de\/slider-widget\/bigcommerce\/","og_locale":"de_DE","og_type":"article","og_title":"BigCommerce Slider \u2013 Image Slider-App zur Website hinzuf\u00fcgen [2025]","og_description":"Nutzen Sie die Gelegenheit, das benutzerdefinierte Image Slider-Widget jetzt anzupassen und es direkt aus der Live-Demo zu Ihrer BigCommerce-Website hinzuzuf\u00fcgen.","og_url":"https:\/\/elfsight.com\/de\/slider-widget\/bigcommerce\/","og_site_name":"Elfsight DE","article_modified_time":"2025-02-24T16:29:15+00:00","twitter_card":"summary_large_image","twitter_misc":{"Gesch\u00e4tzte Lesezeit":"3\u00a0Minuten"},"schema":{"@context":"https:\/\/schema.org","@graph":[{"@type":"WebPage","@id":"https:\/\/elfsight.com\/de\/slider-widget\/bigcommerce\/","url":"https:\/\/elfsight.com\/de\/slider-widget\/bigcommerce\/","name":"BigCommerce Slider \u2013 Image Slider-App zur Website hinzuf\u00fcgen [2025]","isPartOf":{"@id":"https:\/\/elfsight.com\/de\/#website"},"datePublished":"1970-01-01T00:00:00+00:00","dateModified":"2025-02-24T16:29:15+00:00","description":"Nutzen Sie die Gelegenheit, das benutzerdefinierte Image Slider-Widget jetzt anzupassen und es direkt aus der Live-Demo zu Ihrer BigCommerce-Website hinzuzuf\u00fcgen.","breadcrumb":{"@id":"https:\/\/elfsight.com\/de\/slider-widget\/bigcommerce\/#breadcrumb"},"inLanguage":"de","potentialAction":[{"@type":"ReadAction","target":["https:\/\/elfsight.com\/de\/slider-widget\/bigcommerce\/"]}]},{"@type":"BreadcrumbList","@id":"https:\/\/elfsight.com\/de\/slider-widget\/bigcommerce\/#breadcrumb","itemListElement":[{"@type":"ListItem","position":1,"name":"Home","item":"https:\/\/elfsight.com\/de\/"},{"@type":"ListItem","position":2,"name":"Slider","item":"https:\/\/elfsight.com\/de\/slider-widget\/"},{"@type":"ListItem","position":3,"name":"Slider &#8211; BigCommerce"}]},{"@type":"WebSite","@id":"https:\/\/elfsight.com\/de\/#website","url":"https:\/\/elfsight.com\/de\/","name":"Elfsight DE","description":"Just another Elfsight Sites site","potentialAction":[{"@type":"SearchAction","target":{"@type":"EntryPoint","urlTemplate":"https:\/\/elfsight.com\/de\/?s={search_term_string}"},"query-input":{"@type":"PropertyValueSpecification","valueRequired":true,"valueName":"search_term_string"}}],"inLanguage":"de"}]}},"meta_box":{"industry":"","seo_heading":"","heading":"","description":"","cta_heading":"","cta_description":"","application":"494","h1":"BigCommerce Image Slider-App","h1_caption":"F\u00fcgen Sie Ihrer Website einen Bild- oder Inhaltsschieberegler hinzu, um visuelle Elemente, Werbeaktionen oder wichtige Inhalte m\u00fchelos dynamisch auf Ihrer BigCommerce-Website zu pr\u00e4sentieren.","application_category":[],"applications_title":"","applications_request_title":"","applications_request_button_text":"","hero_text":"","hero_video":"","hero_video_schema_markup":"","selling_points_title":"","selling_points_caption":"","selling_points":[],"selling_points_cta_text":"","features_title":"","features":"","ed_cta_examples_text":"","ed_cta_examples_hidden":"","ed_cta_demo_text":"","ed_cta_demo_hidden":"","why_caption":"","why_editor_title":"","why_editor_text":"","why_team_title":"","why_team_text":"","why_service_title":"","why_service_text":"","template_catalog_visible":"0","template_catalog_title":"","template_catalog_text":"","template_catalog_categories_visible":"","demo_title":"Erstellen Sie Ihre Slider-App","demo_caption":"Konfigurieren Sie Ihren Slider und f\u00fcgen Sie ihn kostenlos zu Ihrer BigCommerce-Website hinzu!","default_faq_hidden":"","app_template_category":[],"platform":"268","template_public_id":"","codecanyon_url":"","codecanyon_item_id":"","codecanyon_price":"","pricing_caption":"","pricing_elfsight_apps_hide_column":"","pricing_elfsight_apps_url":"","pricing_codecanyon_price_caption":"","integration_category":[],"integration_request_title":"","integration_request_cta":"","integration_platform":"","integrations":[],"platform_category":[],"video_schema_markup":"","price":"ab 0 $ \/ Monat","trial":"","benefits":[{"text":"Erfahrener Kundensupport"},{"text":"Kostenlose Installationsunterst\u00fctzung"},{"text":"14-t\u00e4gige Geld-zur\u00fcck-Garantie"},{"text":"Lebenslange Updates"}],"button_url":"#demo","button_target_blank":"0","button_nofollow":"0","attributes":[{"name":"Installiert","content":"10,000 - 100,000"},{"name":"Reaktionsfreudig","content":"Ja"},{"name":"Kompatible Browser","content":"Firefox, Safari, Opera, Chrome, Edge"}],"tags":[],"tags_disable_links":"0","hide_more_platforms":"0","video_object":"","demo_hide_cta":"0","demo_hide_cloud_options":"0","pricing_title":"","pricing":[{"pricing_icon":"platform","pricing_title":"Elfsight Apps","pricing_title_caption":"Plattform\u00fcbergreifende Version, die auf jeder Website funktioniert","pricing_price":"ab 0 $ \/ Monat","pricing_price_caption":"Beginnen Sie mit einem kostenlosen Plan","pricing_benefits":[{"text":"Unbegrenzte Websites"},{"text":"Professionelle Kundenbetreuung und gut dokumentiert"},{"text":"Kostenloser Installationsservice"},{"text":"Flexibles Design"}],"pricing_button_text":"Zur Website hinzuf\u00fcgen","pricing_button_url":"#demo"}],"related_apps_title":"","related_apps_hidden":"0","author":"","image":[],"title":"","job":"","social_networks":[]},"_links":{"self":[{"href":"https:\/\/elfsight.com\/de\/wp-json\/wp\/v2\/pages\/17728","targetHints":{"allow":["GET"]}}],"collection":[{"href":"https:\/\/elfsight.com\/de\/wp-json\/wp\/v2\/pages"}],"about":[{"href":"https:\/\/elfsight.com\/de\/wp-json\/wp\/v2\/types\/page"}],"author":[{"embeddable":true,"href":"https:\/\/elfsight.com\/de\/wp-json\/wp\/v2\/users\/9"}],"replies":[{"embeddable":true,"href":"https:\/\/elfsight.com\/de\/wp-json\/wp\/v2\/comments?post=17728"}],"version-history":[{"count":3,"href":"https:\/\/elfsight.com\/de\/wp-json\/wp\/v2\/pages\/17728\/revisions"}],"predecessor-version":[{"id":24835,"href":"https:\/\/elfsight.com\/de\/wp-json\/wp\/v2\/pages\/17728\/revisions\/24835"}],"up":[{"embeddable":true,"href":"https:\/\/elfsight.com\/de\/wp-json\/wp\/v2\/pages\/1195"}],"wp:attachment":[{"href":"https:\/\/elfsight.com\/de\/wp-json\/wp\/v2\/media?parent=17728"}],"curies":[{"name":"wp","href":"https:\/\/api.w.org\/{rel}","templated":true}]}}