{"id":17721,"date":"1970-01-01T00:00:00","date_gmt":"1970-01-01T00:00:00","guid":{"rendered":"https:\/\/elfsight.com\/de\/?page_id=17721"},"modified":"2025-02-24T16:49:22","modified_gmt":"2025-02-24T16:49:22","slug":"elementor","status":"publish","type":"page","link":"https:\/\/elfsight.com\/de\/slider-widget\/elementor\/","title":{"rendered":"Slider &#8211; Elementor"},"content":{"rendered":"\n<div class=\"application-platform-content-item-description application-platform-content-item\" id=\"description\" data-nav-section=\"description\"><h2>Slider in Elementor mit dem Elfsight-Widget einbetten<\/h2> <p>Elfsight Image Slider ist ein reaktionsschnelles und einfaches Tool, mit dem Sie die Aufmerksamkeit auf sich ziehen k\u00f6nnen Erregen Sie die Aufmerksamkeit der Nutzer, indem Sie verschiedene Bilder, Videos oder die besten Angebote auf Ihrer Website anzeigen. Verwenden Sie beliebig viele Folien, um Ihre Marke zu pr\u00e4sentieren und Sonderangebote hervorzuheben. F\u00fcgen Sie visuelle Effekte hinzu und skalieren Sie die Bild-\/Videogr\u00f6\u00dfe nach Bedarf. Mit unserem Tool k\u00f6nnen Sie auff\u00e4llige Slider erstellen, die die Aufmerksamkeit der Website-Besucher auf sich ziehen und sie nicht dazu bringen, Ihre Webseite zu fr\u00fch zu verlassen.<\/p><\/div><div class=\"faq\" data-component=\"FAQ\"> <div class=\"faq-item\">\r\n\t\t\t\t\t<div class=\"faq-item-question\">\r\n\t\t\t\t\t\t<h3 class=\"faq-item-question-text\">Wie kann ich einen Slider in meine Elementor-Site einbetten?<\/h3>\r\n\r\n\t\t\t\t\t\t<div class=\"faq-item-question-icon\"><\/div>\r\n\t\t\t\t\t<\/div>\r\n\r\n\t\t\t\t\t<div class=\"faq-item-answer\">\r\n\t\t\t\t\t\t<div class=\"faq-item-answer-text\"><p>Die Erstellung des Widgets erfolgt auf den Elfsight-Seiten und Sie m\u00fcssen nicht programmieren. Nutzen Sie unsere Live-Demo, um Ihre App zu gestalten, holen Sie sich den Code und f\u00fcgen Sie ihn in Ihre Website ein. <\/p><\/div>\r\n\t\t\t\t\t<\/div>\r\n\t\t\t\t<\/div><div class=\"faq-item\">\r\n\t\t\t\t\t<div class=\"faq-item-question\">\r\n\t\t\t\t\t\t<h3 class=\"faq-item-question-text\">Die besten M\u00f6glichkeiten zur Verwendung der Image Slider-Integration<\/h3>\r\n\r\n\t\t\t\t\t\t<div class=\"faq-item-question-icon\"><\/div>\r\n\t\t\t\t\t<\/div>\r\n\r\n\t\t\t\t\t<div class=\"faq-item-answer\">\r\n\t\t\t\t\t\t<div class=\"faq-item-answer-text\"><p>Wir bieten Ihnen eine Vielzahl von Anpassungsm\u00f6glichkeiten: Widgets in voller Gr\u00f6\u00dfe zur Implementierung in der Inhaltsbereich, schwebende Plugins f\u00fcr Scrollm\u00f6glichkeiten, Layouts f\u00fcr die Fu\u00dfzeile, die Kopfzeile und alle m\u00f6glichen vertikalen M\u00f6glichkeiten f\u00fcr Seitenleisten und Men\u00fcs. <\/p><\/div>\r\n\t\t\t\t\t<\/div>\r\n\t\t\t\t<\/div><div class=\"faq-item\">\r\n\t\t\t\t\t<div class=\"faq-item-question\">\r\n\t\t\t\t\t\t<h3 class=\"faq-item-question-text\">Kann ich mit dem Editor einen Vollbild- oder Video-Slider erstellen? <\/h3>\r\n\r\n\t\t\t\t\t\t<div class=\"faq-item-question-icon\"><\/div>\r\n\t\t\t\t\t<\/div>\r\n\r\n\t\t\t\t\t<div class=\"faq-item-answer\">\r\n\t\t\t\t\t\t<div class=\"faq-item-answer-text\"><p>Sie k\u00f6nnen gerne alle Widget-Modifikationen erstellen. Im Editor steht eine gro\u00dfe Auswahl an Layouts zur Verf\u00fcgung, die alle leicht an Ihre Bed\u00fcrfnisse angepasst werden k\u00f6nnen. <\/p><\/div>\r\n\t\t\t\t\t<\/div>\r\n\t\t\t\t<\/div><\/div><div class=\"application-platform-content-item-features application-platform-content-item\" id=\"features\" data-nav-section=\"features\"><h2>Hauptfunktionen des Slider-Widgets<\/h2><p>\u00dcberpr\u00fcfen Sie eine Liste aller Funktionen des Produkts. Sie sind direkt im Editor verf\u00fcgbar und helfen Ihnen dabei, das Widget passend zu Ihrem Anwendungsfall zu gestalten.<\/p><ul><li>Verwenden Sie CTAs, um Website-Besucher zu Ihrem Ziel zu f\u00fchren.<\/li><li>\u00c4ndern Sie die Folie Umschaltdauer.<\/li><li>W\u00e4hlen Sie zwischen zahlreichen Funktionen.<\/li><li>Platzieren Sie den Text mithilfe der erweiterten Position an einer beliebigen Stelle auf der Seite.<\/li><li>\u00c4ndern Sie 5 Inhaltsoptionen.<\/li><\/ul><p><a href=\"#demo\">Sehen Sie in unserer Demo, wie alle Funktionen funktionieren<\/a><\/p><\/div><div class=\"application-platform-content-item-installation application-platform-content-item\" id=\"installation\" data-nav-section=\"installation\"><h2>Wie kann ich Image Slider zu meinem Elementor hinzuf\u00fcgen? Website?<\/h2><div class=\"video-container\"><iframe width=\"560\" height=\"315\" src=\"https:\/\/www.youtube.com\/embed\/2y59r5MbcJg?si=kmyszppta1glT2NK\" frameborder=\"0\" allow=\"accelerometer; autoplay; clipboard-write; encrypted-media; gyroscope; picture-in-picture; web-share\" allowfullscreen><\/iframe><\/div><p>Um das Produkt zu integrieren, befolgen Sie einfach die folgenden Anweisungen.<\/p><ol><li><b>Erstellen Sie Ihr eigenes Photo Slider-Plugin<\/b><br> Richten Sie mithilfe unseres kostenlosen Konfigurators ein Plugin mit gew\u00fcnschtem Aussehen und Funktionen ein. <\/li><li><b>Erhalten Sie den individuellen Code zur Installation des Plugins<\/b><br> Nachdem Sie Ihr Widget konfiguriert haben, erhalten Sie den individuellen Code aus dem Popup-Fenster von Elfsight Apps. Kopieren Sie den Code. <\/li> <li><b>Betten Sie das Plugin auf Ihrer Elementor-Website ein<\/b><br> Definieren Sie den Bereich, in dem das Plugin angezeigt werden soll, und f\u00fcgen Sie den kopierten Code dort ein. \u00dcbernehmen Sie die \u00c4nderungen. <\/li> <li><b>Fertig! <\/b><br> Gehen Sie zu Ihrer Seite, um Ihren Slider anzuzeigen. <\/li> <\/ol><p>Sie k\u00f6nnen sich gerne an den Elfsight-Support wenden, wenn Sie Hilfe ben\u00f6tigen oder eine Frage haben. Unsere Spezialisten helfen Ihnen bei jeder Anfrage weiter.<\/p><\/div>\n","protected":false},"excerpt":{"rendered":"","protected":false},"author":9,"featured_media":0,"parent":1195,"menu_order":0,"comment_status":"closed","ping_status":"closed","template":"templates\/template-application-platform.php","meta":{"publish_to_discourse":"","publish_post_category":"","wpdc_auto_publish_overridden":"","wpdc_topic_tags":"","wpdc_pin_topic":"","wpdc_pin_until":"","discourse_post_id":"","discourse_permalink":"","wpdc_publishing_response":"","wpdc_publishing_error":"","footnotes":""},"class_list":["post-17721","page","type-page","status-publish","hentry"],"yoast_head":"<!-- This site is optimized with the Yoast SEO plugin v25.3.1 - https:\/\/yoast.com\/wordpress\/plugins\/seo\/ -->\n<title>Elementor Slider \u2013 Bild-Slider-Widget zur Website hinzuf\u00fcgen [2025]<\/title>\n<meta name=\"description\" content=\"Erstellen Sie Ihr Foto- und Bild-Slider-Widget und f\u00fcgen Sie es schnell auf Ihrer Elementor-Website ein. Wir bieten kostenlosen Kundensupport und andere Boni.\" \/>\n<meta name=\"robots\" content=\"index, follow, max-snippet:-1, max-image-preview:large, max-video-preview:-1\" \/>\n<link rel=\"canonical\" href=\"https:\/\/elfsight.com\/de\/slider-widget\/elementor\/\" \/>\n<meta property=\"og:locale\" content=\"de_DE\" \/>\n<meta property=\"og:type\" content=\"article\" \/>\n<meta property=\"og:title\" content=\"Elementor Slider \u2013 Bild-Slider-Widget zur Website hinzuf\u00fcgen [2025]\" \/>\n<meta property=\"og:description\" content=\"Erstellen Sie Ihr Foto- und Bild-Slider-Widget und f\u00fcgen Sie es schnell auf Ihrer Elementor-Website ein. Wir bieten kostenlosen Kundensupport und andere Boni.\" \/>\n<meta property=\"og:url\" content=\"https:\/\/elfsight.com\/de\/slider-widget\/elementor\/\" \/>\n<meta property=\"og:site_name\" content=\"Elfsight DE\" \/>\n<meta property=\"article:modified_time\" content=\"2025-02-24T16:49:22+00:00\" \/>\n<meta name=\"twitter:card\" content=\"summary_large_image\" \/>\n<meta name=\"twitter:label1\" content=\"Gesch\u00e4tzte Lesezeit\" \/>\n\t<meta name=\"twitter:data1\" content=\"3\u00a0Minuten\" \/>\n<!-- \/ Yoast SEO plugin. -->","yoast_head_json":{"title":"Elementor Slider \u2013 Bild-Slider-Widget zur Website hinzuf\u00fcgen [2025]","description":"Erstellen Sie Ihr Foto- und Bild-Slider-Widget und f\u00fcgen Sie es schnell auf Ihrer Elementor-Website ein. Wir bieten kostenlosen Kundensupport und andere Boni.","robots":{"index":"index","follow":"follow","max-snippet":"max-snippet:-1","max-image-preview":"max-image-preview:large","max-video-preview":"max-video-preview:-1"},"canonical":"https:\/\/elfsight.com\/de\/slider-widget\/elementor\/","og_locale":"de_DE","og_type":"article","og_title":"Elementor Slider \u2013 Bild-Slider-Widget zur Website hinzuf\u00fcgen [2025]","og_description":"Erstellen Sie Ihr Foto- und Bild-Slider-Widget und f\u00fcgen Sie es schnell auf Ihrer Elementor-Website ein. Wir bieten kostenlosen Kundensupport und andere Boni.","og_url":"https:\/\/elfsight.com\/de\/slider-widget\/elementor\/","og_site_name":"Elfsight DE","article_modified_time":"2025-02-24T16:49:22+00:00","twitter_card":"summary_large_image","twitter_misc":{"Gesch\u00e4tzte Lesezeit":"3\u00a0Minuten"},"schema":{"@context":"https:\/\/schema.org","@graph":[{"@type":"WebPage","@id":"https:\/\/elfsight.com\/de\/slider-widget\/elementor\/","url":"https:\/\/elfsight.com\/de\/slider-widget\/elementor\/","name":"Elementor Slider \u2013 Bild-Slider-Widget zur Website hinzuf\u00fcgen [2025]","isPartOf":{"@id":"https:\/\/elfsight.com\/de\/#website"},"datePublished":"1970-01-01T00:00:00+00:00","dateModified":"2025-02-24T16:49:22+00:00","description":"Erstellen Sie Ihr Foto- und Bild-Slider-Widget und f\u00fcgen Sie es schnell auf Ihrer Elementor-Website ein. Wir bieten kostenlosen Kundensupport und andere Boni.","breadcrumb":{"@id":"https:\/\/elfsight.com\/de\/slider-widget\/elementor\/#breadcrumb"},"inLanguage":"de","potentialAction":[{"@type":"ReadAction","target":["https:\/\/elfsight.com\/de\/slider-widget\/elementor\/"]}]},{"@type":"BreadcrumbList","@id":"https:\/\/elfsight.com\/de\/slider-widget\/elementor\/#breadcrumb","itemListElement":[{"@type":"ListItem","position":1,"name":"Home","item":"https:\/\/elfsight.com\/de\/"},{"@type":"ListItem","position":2,"name":"Slider","item":"https:\/\/elfsight.com\/de\/slider-widget\/"},{"@type":"ListItem","position":3,"name":"Slider &#8211; Elementor"}]},{"@type":"WebSite","@id":"https:\/\/elfsight.com\/de\/#website","url":"https:\/\/elfsight.com\/de\/","name":"Elfsight DE","description":"Just another Elfsight Sites site","potentialAction":[{"@type":"SearchAction","target":{"@type":"EntryPoint","urlTemplate":"https:\/\/elfsight.com\/de\/?s={search_term_string}"},"query-input":{"@type":"PropertyValueSpecification","valueRequired":true,"valueName":"search_term_string"}}],"inLanguage":"de"}]}},"meta_box":{"industry":"","seo_heading":"","heading":"","description":"","cta_heading":"","cta_description":"","application":"494","h1":"Elementor Image Slider-Widget","h1_caption":"F\u00fcgen Sie Ihrer Website einen Bild- oder Inhaltsschieberegler hinzu, um visuelle Elemente, Werbeaktionen oder wichtige Inhalte m\u00fchelos dynamisch auf Ihrer Elementor-Website zu pr\u00e4sentieren.","application_category":[],"applications_title":"","applications_request_title":"","applications_request_button_text":"","hero_text":"","hero_video":"","hero_video_schema_markup":"","selling_points_title":"","selling_points_caption":"","selling_points":[],"selling_points_cta_text":"","features_title":"","features":"","ed_cta_examples_text":"","ed_cta_examples_hidden":"","ed_cta_demo_text":"","ed_cta_demo_hidden":"","why_caption":"","why_editor_title":"","why_editor_text":"","why_team_title":"","why_team_text":"","why_service_title":"","why_service_text":"","template_catalog_visible":"0","template_catalog_title":"","template_catalog_text":"","template_catalog_categories_visible":"","demo_title":"Erstellen Sie Ihr Slider-Widget","demo_caption":"Konfigurieren Sie Ihren Slider und f\u00fcgen Sie ihn kostenlos zu Ihrer Elementor-Website hinzu!","default_faq_hidden":"","app_template_category":[],"platform":"223","template_public_id":"","codecanyon_url":"","codecanyon_item_id":"","codecanyon_price":"","pricing_caption":"","pricing_elfsight_apps_hide_column":"","pricing_elfsight_apps_url":"","pricing_codecanyon_price_caption":"","integration_category":[],"integration_request_title":"","integration_request_cta":"","integration_platform":"","integrations":[],"platform_category":[],"video_schema_markup":"","price":"ab 0 $ \/ Monat","trial":"","benefits":[{"text":"Kostenlose Installationsunterst\u00fctzung"},{"text":"Effektiver Kundenservice"},{"text":"14-t\u00e4gige R\u00fcckerstattungsgarantie"},{"text":"Laufende Verbesserungen"}],"button_url":"#demo","button_target_blank":"0","button_nofollow":"0","attributes":[{"name":"Installiert","content":"10,000 - 100,000"},{"name":"Reaktionsfreudig","content":"Ja"},{"name":"Kompatible Browser","content":"Firefox, Safari, Opera, Chrome, Edge"}],"tags":[],"tags_disable_links":"0","hide_more_platforms":"0","video_object":"","demo_hide_cta":"0","demo_hide_cloud_options":"0","pricing_title":"","pricing":[{"pricing_icon":"platform","pricing_title":"Elfsight Apps","pricing_title_caption":"Plattformunabh\u00e4ngige Software, die f\u00fcr jede Site geeignet ist","pricing_price":"ab 0 $ \/ Monat","pricing_price_caption":"Beginnen Sie mit einem kostenlosen Plan","pricing_benefits":[{"text":"Unbegrenzte Domains"},{"text":"Engagierter und p\u00fcnktlicher Support"},{"text":"Kostenloser Installationsservice"},{"text":"Tolles Angebot f\u00fcr mehrere Apps"}],"pricing_button_text":"Zur Website hinzuf\u00fcgen","pricing_button_url":"#demo"}],"related_apps_title":"","related_apps_hidden":"0","author":"","image":[],"title":"","job":"","social_networks":[]},"_links":{"self":[{"href":"https:\/\/elfsight.com\/de\/wp-json\/wp\/v2\/pages\/17721","targetHints":{"allow":["GET"]}}],"collection":[{"href":"https:\/\/elfsight.com\/de\/wp-json\/wp\/v2\/pages"}],"about":[{"href":"https:\/\/elfsight.com\/de\/wp-json\/wp\/v2\/types\/page"}],"author":[{"embeddable":true,"href":"https:\/\/elfsight.com\/de\/wp-json\/wp\/v2\/users\/9"}],"replies":[{"embeddable":true,"href":"https:\/\/elfsight.com\/de\/wp-json\/wp\/v2\/comments?post=17721"}],"version-history":[{"count":4,"href":"https:\/\/elfsight.com\/de\/wp-json\/wp\/v2\/pages\/17721\/revisions"}],"predecessor-version":[{"id":24841,"href":"https:\/\/elfsight.com\/de\/wp-json\/wp\/v2\/pages\/17721\/revisions\/24841"}],"up":[{"embeddable":true,"href":"https:\/\/elfsight.com\/de\/wp-json\/wp\/v2\/pages\/1195"}],"wp:attachment":[{"href":"https:\/\/elfsight.com\/de\/wp-json\/wp\/v2\/media?parent=17721"}],"curies":[{"name":"wp","href":"https:\/\/api.w.org\/{rel}","templated":true}]}}