{"id":17720,"date":"1970-01-01T00:00:00","date_gmt":"1970-01-01T00:00:00","guid":{"rendered":"https:\/\/elfsight.com\/de\/?page_id=17720"},"modified":"2025-02-24T17:07:55","modified_gmt":"2025-02-24T17:07:55","slug":"woocommerce","status":"publish","type":"page","link":"https:\/\/elfsight.com\/de\/slider-widget\/woocommerce\/","title":{"rendered":"Slider &#8211; WooCommerce"},"content":{"rendered":"\n<div class=\"application-platform-content-item-description application-platform-content-item\" id=\"description\" data-nav-section=\"description\"><h2>Beschreibung<\/h2><p>Elfsight Image Slider ist ein einfaches Widget, mit dem Sie die Aufmerksamkeit der Benutzer durch die Anzeige mehrerer Bilder, Videos usw. fesseln k\u00f6nnen Die besten Angebote auf Ihrer Website. Sie k\u00f6nnen beliebig viele Folien verwenden, um Ihr Produktbild-Slider-Plugin zu pr\u00e4sentieren und Sonderangebote zu kennzeichnen. F\u00fcgen Sie visuelle Effekte hinzu und skalieren Sie die Bild-\/Videodimension nach Ihren W\u00fcnschen. Mit unserem Tool k\u00f6nnen Sie lebendige Slider erstellen, die die Aufmerksamkeit der Benutzer erregen und sie nicht dazu bringen, Ihre Seite zu fr\u00fch zu verlassen.<\/p><p><b>Wenden Sie ein Slider-Plugin mit interaktiven Inhalten an, um Ihre Aufmerksamkeit zu erregen Aufmerksamkeit der Kunden!<\/b><\/p><p><b>Gr\u00f6\u00dfere Benutzerinteraktion<\/b><br>Unser Image Slider-Widget pr\u00e4sentiert bezaubernde visuelle Effekte, die Ihre Inhalte f\u00fcr Benutzer, die sie steuern, zu einem un\u00fcbersehbaren Objekt machen um damit zu arbeiten und die gew\u00fcnschten Aktionen durchzuf\u00fchren.<\/p><p><b>\u00dcberarbeiten Sie die Benutzererfahrung<\/b><br>Betten Sie die ansprechendsten visuellen Elemente an einem ansprechenden Ort ein, um das Surfen auf Ihrer Website reibungslos und einfach zu gestalten Neue Zielgruppen.<\/p><p><b>Steigern Sie Ihre Verk\u00e4ufe<\/b><br>Unterstreichen Sie Ihre Aktivit\u00e4ten, die denkw\u00fcrdigsten Werke oder vorgestellten Probleme mithilfe eines Slider-Plugins, das Benutzer direkt zum Kauf f\u00fchrt<\/p> <\/div> <div class=\"faq\" data-component=\"FAQ\"><div class=\"faq-item\">\r\n\t\t\t\t\t<div class=\"faq-item-question\">\r\n\t\t\t\t\t\t<h3 class=\"faq-item-question-text\">Wie f\u00fcge ich einen Slider zur WooCommerce-Site hinzu? <\/h3>\r\n\r\n\t\t\t\t\t\t<div class=\"faq-item-question-icon\"><\/div>\r\n\t\t\t\t\t<\/div>\r\n\r\n\t\t\t\t\t<div class=\"faq-item-answer\">\r\n\t\t\t\t\t\t<div class=\"faq-item-answer-text\"><p>Die Grundlage des Widgets erfolgt innerhalb der Elfsight-Website und Es besteht keine Notwendigkeit, das Codieren zu lernen. Nutzen Sie unsere aktive Demo, um Ihr Tool anzupassen, den Code zu erwerben und ihn in Ihre Website einzuf\u00fcgen. <\/p><\/div>\r\n\t\t\t\t\t<\/div>\r\n\t\t\t\t<\/div><div class=\"faq-item\">\r\n\t\t\t\t\t<div class=\"faq-item-question\">\r\n\t\t\t\t\t\t<h3 class=\"faq-item-question-text\">Die besten Anwendungsbeispiele der Gallery Slider-Integration<\/h3>\r\n\r\n\t\t\t\t\t\t<div class=\"faq-item-question-icon\"><\/div>\r\n\t\t\t\t\t<\/div>\r\n\r\n\t\t\t\t\t<div class=\"faq-item-answer\">\r\n\t\t\t\t\t\t<div class=\"faq-item-answer-text\"><p>Wir gew\u00e4hren Ihnen vielf\u00e4ltige Anpassungsm\u00f6glichkeiten: Widgets in voller L\u00e4nge zum Einf\u00fcgen in den Inhaltsbereich , schwebende Widgets f\u00fcr Scrollm\u00f6glichkeiten, Layouts f\u00fcr die Fu\u00dfzeile, den Kopfbereich und alle Arten vertikaler Optionen f\u00fcr Seitenleisten und Men\u00fcs. <\/p><\/div>\r\n\t\t\t\t\t<\/div>\r\n\t\t\t\t<\/div><div class=\"faq-item\">\r\n\t\t\t\t\t<div class=\"faq-item-question\">\r\n\t\t\t\t\t\t<h3 class=\"faq-item-question-text\">Wie erstelle ich mit Hilfe Ihres Editors eine Hotelpr\u00e4sentation oder Caf\u00e9-Angebote? <\/h3>\r\n\r\n\t\t\t\t\t\t<div class=\"faq-item-question-icon\"><\/div>\r\n\t\t\t\t\t<\/div>\r\n\r\n\t\t\t\t\t<div class=\"faq-item-answer\">\r\n\t\t\t\t\t\t<div class=\"faq-item-answer-text\"><p>Sie k\u00f6nnen die \u00c4nderungen jedes Widgets gestalten. Im Editor stehen zahlreiche Layouts zur Verf\u00fcgung, die alle schnell nach Ihren W\u00fcnschen angepasst werden k\u00f6nnen. <\/p><\/div>\r\n\t\t\t\t\t<\/div>\r\n\t\t\t\t<\/div><\/div><div class=\"application-platform-content-item-features application-platform-content-item\" id=\"features\" data-nav-section=\"features\"><h2>Zu den wichtigsten Widget-Funktionen geh\u00f6rt<\/h2><ul><li>Hinzuf\u00fcgen von CTAs, um Benutzer zur Konvertierung zu f\u00fchren;<\/li> <li>Passen Sie die Dauer des Folienwechsels an;<\/li><li>W\u00e4hlen Sie zwischen zahlreichen Varianten;<\/li><li>Platzieren Sie den Text mithilfe der erweiterten Position an einer beliebigen Stelle auf der Seite;<\/li><li>\u00c4ndern Sie 5 Inhaltselemente.<\/li><\/ul><p><a href=\"#demo\">Sie k\u00f6nnen alle Funktionen des Widgets in der Demo auf dieser Seite ausprobieren<\/a><\/p><\/div><div class=\"application-platform-content-item-installation application-platform-content-item\" id=\"installation\" data-nav-section=\"installation\"><h2>Wie bette ich das Image Slider-Plugin auf meiner WooCommerce-Website ein?<\/h2><p>F\u00fchren Sie einfach die folgenden Schritte aus, um das Widget einzuf\u00fcgen.<\/p><ol><li><b>Verwalten Sie unseren kostenlosen Konfigurator und beginnen Sie mit der Erstellung Ihres individuellen Widgets.<\/b><br>Geben Sie die passende Schnittstelle und Funktionalit\u00e4t des Tools an und \u00fcbernehmen Sie die \u00c4nderungen.<\/li><li><b>Holen Sie sich Ihren pers\u00f6nlichen Code erscheint in der speziellen Form auf Elfsight Apps.<\/b><br>Sobald die Einrichtung Ihres pers\u00f6nlichen Plugins abgeschlossen ist, kopieren Sie den exklusiven Code aus dem angezeigten Fenster und bewahren Sie ihn f\u00fcr sp\u00e4tere Zwecke auf.<\/li><li> <b>Beginnen Sie mit der Verwendung des Widgets auf der WooCommerce-Website.<\/b><br>Betten Sie den Code, den Sie k\u00fcrzlich kopiert haben, in Ihre Webseite ein und \u00fcbernehmen Sie die Anpassungen.<\/li><li><b>Fertig! Die Einbettung wurde erfolgreich abgeschlossen.<\/b><br>Besuchen Sie Ihre Seite, um zu \u00fcberpr\u00fcfen, wie das Tool funktioniert.<\/li><\/ol><p>Wenn Sie auf Hindernisse sto\u00dfen, scheuen Sie sich nicht, sich an unseren Support zu wenden Personal. Unsere Berater helfen Ihnen gerne bei allen Schwierigkeiten, die Sie mit dem Plugin haben k\u00f6nnten.<\/p><\/div>\n","protected":false},"excerpt":{"rendered":"","protected":false},"author":9,"featured_media":0,"parent":1195,"menu_order":0,"comment_status":"closed","ping_status":"closed","template":"templates\/template-application-platform.php","meta":{"publish_to_discourse":"","publish_post_category":"","wpdc_auto_publish_overridden":"","wpdc_topic_tags":"","wpdc_pin_topic":"","wpdc_pin_until":"","discourse_post_id":"","discourse_permalink":"","wpdc_publishing_response":"","wpdc_publishing_error":"","footnotes":""},"class_list":["post-17720","page","type-page","status-publish","hentry"],"yoast_head":"<!-- This site is optimized with the Yoast SEO plugin v25.3.1 - https:\/\/yoast.com\/wordpress\/plugins\/seo\/ -->\n<title>WooCommerce-Slider | F\u00fcgen Sie das Image Slider-Widget zur WooCommerce-Website hinzu<\/title>\n<meta name=\"description\" content=\"Sie k\u00f6nnen das responsive Image Slider-Plugin im Editor anpassen und direkt aus der Demo in Ihre WooCommerce-Website einbetten.\" \/>\n<meta name=\"robots\" content=\"index, follow, max-snippet:-1, max-image-preview:large, max-video-preview:-1\" \/>\n<link rel=\"canonical\" href=\"https:\/\/elfsight.com\/de\/slider-widget\/woocommerce\/\" \/>\n<meta property=\"og:locale\" content=\"de_DE\" \/>\n<meta property=\"og:type\" content=\"article\" \/>\n<meta property=\"og:title\" content=\"WooCommerce-Slider | F\u00fcgen Sie das Image Slider-Widget zur WooCommerce-Website hinzu\" \/>\n<meta property=\"og:description\" content=\"Sie k\u00f6nnen das responsive Image Slider-Plugin im Editor anpassen und direkt aus der Demo in Ihre WooCommerce-Website einbetten.\" \/>\n<meta property=\"og:url\" content=\"https:\/\/elfsight.com\/de\/slider-widget\/woocommerce\/\" \/>\n<meta property=\"og:site_name\" content=\"Elfsight DE\" \/>\n<meta property=\"article:modified_time\" content=\"2025-02-24T17:07:55+00:00\" \/>\n<meta name=\"twitter:card\" content=\"summary_large_image\" \/>\n<meta name=\"twitter:label1\" content=\"Gesch\u00e4tzte Lesezeit\" \/>\n\t<meta name=\"twitter:data1\" content=\"3\u00a0Minuten\" \/>\n<!-- \/ Yoast SEO plugin. -->","yoast_head_json":{"title":"WooCommerce-Slider | F\u00fcgen Sie das Image Slider-Widget zur WooCommerce-Website hinzu","description":"Sie k\u00f6nnen das responsive Image Slider-Plugin im Editor anpassen und direkt aus der Demo in Ihre WooCommerce-Website einbetten.","robots":{"index":"index","follow":"follow","max-snippet":"max-snippet:-1","max-image-preview":"max-image-preview:large","max-video-preview":"max-video-preview:-1"},"canonical":"https:\/\/elfsight.com\/de\/slider-widget\/woocommerce\/","og_locale":"de_DE","og_type":"article","og_title":"WooCommerce-Slider | F\u00fcgen Sie das Image Slider-Widget zur WooCommerce-Website hinzu","og_description":"Sie k\u00f6nnen das responsive Image Slider-Plugin im Editor anpassen und direkt aus der Demo in Ihre WooCommerce-Website einbetten.","og_url":"https:\/\/elfsight.com\/de\/slider-widget\/woocommerce\/","og_site_name":"Elfsight DE","article_modified_time":"2025-02-24T17:07:55+00:00","twitter_card":"summary_large_image","twitter_misc":{"Gesch\u00e4tzte Lesezeit":"3\u00a0Minuten"},"schema":{"@context":"https:\/\/schema.org","@graph":[{"@type":"WebPage","@id":"https:\/\/elfsight.com\/de\/slider-widget\/woocommerce\/","url":"https:\/\/elfsight.com\/de\/slider-widget\/woocommerce\/","name":"WooCommerce-Slider | F\u00fcgen Sie das Image Slider-Widget zur WooCommerce-Website hinzu","isPartOf":{"@id":"https:\/\/elfsight.com\/de\/#website"},"datePublished":"1970-01-01T00:00:00+00:00","dateModified":"2025-02-24T17:07:55+00:00","description":"Sie k\u00f6nnen das responsive Image Slider-Plugin im Editor anpassen und direkt aus der Demo in Ihre WooCommerce-Website einbetten.","breadcrumb":{"@id":"https:\/\/elfsight.com\/de\/slider-widget\/woocommerce\/#breadcrumb"},"inLanguage":"de","potentialAction":[{"@type":"ReadAction","target":["https:\/\/elfsight.com\/de\/slider-widget\/woocommerce\/"]}]},{"@type":"BreadcrumbList","@id":"https:\/\/elfsight.com\/de\/slider-widget\/woocommerce\/#breadcrumb","itemListElement":[{"@type":"ListItem","position":1,"name":"Home","item":"https:\/\/elfsight.com\/de\/"},{"@type":"ListItem","position":2,"name":"Slider","item":"https:\/\/elfsight.com\/de\/slider-widget\/"},{"@type":"ListItem","position":3,"name":"Slider &#8211; WooCommerce"}]},{"@type":"WebSite","@id":"https:\/\/elfsight.com\/de\/#website","url":"https:\/\/elfsight.com\/de\/","name":"Elfsight DE","description":"Just another Elfsight Sites site","potentialAction":[{"@type":"SearchAction","target":{"@type":"EntryPoint","urlTemplate":"https:\/\/elfsight.com\/de\/?s={search_term_string}"},"query-input":{"@type":"PropertyValueSpecification","valueRequired":true,"valueName":"search_term_string"}}],"inLanguage":"de"}]}},"meta_box":{"industry":"","seo_heading":"","heading":"","description":"","cta_heading":"","cta_description":"","application":"494","h1":"WooCommerce Image Slider-Plugin","h1_caption":"F\u00fcgen Sie Ihrer Website einen Bild- oder Inhaltsschieberegler hinzu, um visuelle Elemente, Werbeaktionen oder wichtige Inhalte m\u00fchelos dynamisch auf Ihrer WooCommerce-Website zu pr\u00e4sentieren.","application_category":[],"applications_title":"","applications_request_title":"","applications_request_button_text":"","hero_text":"","hero_video":"","hero_video_schema_markup":"","selling_points_title":"","selling_points_caption":"","selling_points":[],"selling_points_cta_text":"","features_title":"","features":"","ed_cta_examples_text":"","ed_cta_examples_hidden":"","ed_cta_demo_text":"","ed_cta_demo_hidden":"","why_caption":"","why_editor_title":"","why_editor_text":"","why_team_title":"","why_team_text":"","why_service_title":"","why_service_text":"","template_catalog_visible":"0","template_catalog_title":"","template_catalog_text":"","template_catalog_categories_visible":"","demo_title":"Erstellen Sie Ihre Slider-App","demo_caption":"Konfigurieren Sie Ihren Slider und f\u00fcgen Sie ihn kostenlos zu Ihrer WooCommerce-Website hinzu!","default_faq_hidden":"","app_template_category":[],"platform":"200","template_public_id":"","codecanyon_url":"","codecanyon_item_id":"","codecanyon_price":"","pricing_caption":"","pricing_elfsight_apps_hide_column":"","pricing_elfsight_apps_url":"","pricing_codecanyon_price_caption":"","integration_category":[],"integration_request_title":"","integration_request_cta":"","integration_platform":"","integrations":[],"platform_category":[],"video_schema_markup":"","price":"ab 0 $ \/ Monat","trial":"","benefits":[{"text":"Kostenlose Installationshilfe"},{"text":"Kompetenter Kundenservice"},{"text":"14-t\u00e4gige R\u00fcckerstattungsgarantie"},{"text":"Regelm\u00e4\u00dfige kostenlose Updates"}],"button_url":"#demo","button_target_blank":"0","button_nofollow":"0","attributes":[{"name":"Installiert","content":"10,000 - 100,000"},{"name":"Reaktionsfreudig","content":"Ja"},{"name":"Kompatible Browser","content":"Firefox, Safari, Opera, Chrome, Edge"}],"tags":[],"tags_disable_links":"0","hide_more_platforms":"0","video_object":"","demo_hide_cta":"0","demo_hide_cloud_options":"0","pricing_title":"","pricing":[{"pricing_icon":"platform","pricing_title":"Elfsight Apps","pricing_title_caption":"Plattform\u00fcbergreifende digitale L\u00f6sung, die f\u00fcr jede Website geeignet ist","pricing_price":"ab 0 $ \/ Monat","pricing_price_caption":"Beginnen Sie mit einem kostenlosen Plan","pricing_benefits":[{"text":"Unbegrenzte Domains"},{"text":"24\/7 und p\u00fcnktlicher Support"},{"text":"Kostenloser Installationsservice"},{"text":"Flexibles Design"}],"pricing_button_text":"Zur Website hinzuf\u00fcgen","pricing_button_url":"#demo"}],"related_apps_title":"","related_apps_hidden":"0","author":"","image":[],"title":"","job":"","social_networks":[]},"_links":{"self":[{"href":"https:\/\/elfsight.com\/de\/wp-json\/wp\/v2\/pages\/17720","targetHints":{"allow":["GET"]}}],"collection":[{"href":"https:\/\/elfsight.com\/de\/wp-json\/wp\/v2\/pages"}],"about":[{"href":"https:\/\/elfsight.com\/de\/wp-json\/wp\/v2\/types\/page"}],"author":[{"embeddable":true,"href":"https:\/\/elfsight.com\/de\/wp-json\/wp\/v2\/users\/9"}],"replies":[{"embeddable":true,"href":"https:\/\/elfsight.com\/de\/wp-json\/wp\/v2\/comments?post=17720"}],"version-history":[{"count":3,"href":"https:\/\/elfsight.com\/de\/wp-json\/wp\/v2\/pages\/17720\/revisions"}],"predecessor-version":[{"id":24857,"href":"https:\/\/elfsight.com\/de\/wp-json\/wp\/v2\/pages\/17720\/revisions\/24857"}],"up":[{"embeddable":true,"href":"https:\/\/elfsight.com\/de\/wp-json\/wp\/v2\/pages\/1195"}],"wp:attachment":[{"href":"https:\/\/elfsight.com\/de\/wp-json\/wp\/v2\/media?parent=17720"}],"curies":[{"name":"wp","href":"https:\/\/api.w.org\/{rel}","templated":true}]}}