{"id":17719,"date":"1970-01-01T00:00:00","date_gmt":"1970-01-01T00:00:00","guid":{"rendered":"https:\/\/elfsight.com\/de\/?page_id=17719"},"modified":"2025-07-10T08:20:45","modified_gmt":"2025-07-10T08:20:45","slug":"google-sites","status":"publish","type":"page","link":"https:\/\/elfsight.com\/de\/slider-widget\/google-sites\/","title":{"rendered":"Slider &#8211; Google Sites"},"content":{"rendered":"<div class=\"application-platform-content-item-description application-platform-content-item\" id=\"description\" data-nav-section=\"description\"> <h2>Slider auf Google Sites mit dem Elfsight-Widget einbetten<\/h2> <p>Elfsight Slider ist ein einfaches Tool, mit dem Sie die Benutzerdaten erfassen k\u00f6nnen. Erzielen Sie Aufmerksamkeit, indem Sie ihnen mehrere Bilder, Videos oder die besten Angebote auf Ihrer Website pr\u00e4sentieren. Nutzen Sie beliebig viele Folien, um Ihre Produkte zu pr\u00e4sentieren und Sonderangebote zu kennzeichnen. F\u00fcgen Sie visuelle Effekte hinzu und skalieren Sie die Bild-\/Videogr\u00f6\u00dfe nach Bedarf. Mit Hilfe unseres Tools k\u00f6nnen Sie einen sichtbaren Slider erstellen, der die Aufmerksamkeit der Benutzer auf sich zieht und sie nicht dazu bringt, Ihre Website zu schnell zu verlassen.<\/p> <p><b>Beginnen Sie mit der Verwendung von Image Slider, um Ihre Website zu nutzen Gesch\u00e4ftliche Herausforderungen!<\/b><\/p> <\/div> <div class=\"application-platform-content-item-features application-platform-content-item\" id=\"features\" data-nav-section=\"features\"> <h2>Sehen Sie sich die Liste der besten Funktionen an: <\/h2> <ul><li>F\u00fcgen Sie Bilder\/Videos nach URL hinzu oder direkt von Ihrem Ger\u00e4t hochladen<\/li><li>Call-to-Action-Buttons<\/li><li>Badges mit mehreren Designoptionen (gef\u00fcllt\/umrandet, skalierbare Elementgr\u00f6\u00dfe) <\/li><li>Automatische Folien\u00fcberg\u00e4nge <\/li><li>Swipe-Navigation<\/li><\/ul><p><a href=\"#demo\">Entdecken Sie alle Personalisierungsfunktionen in einer voll funktionsf\u00e4higen Demo<\/a><\/p> <\/div> <div class=\"application-platform-content-item-installation application-platform-content-item\" id=\"installation\" data-nav-section=\"installation\"> <h2>Wie f\u00fcge ich Slider zu meiner Google Sites-Webseite hinzu? <\/h2> <p>Befolgen Sie einfach die nachstehenden Anweisungen, um mit der Arbeit mit dem Plugin zu beginnen. <\/p> <ol><li><b>Starten Sie unseren kostenlosen Editor und beginnen Sie mit der Gestaltung Ihres ma\u00dfgeschneiderten Plugins. <\/b><br> Geben Sie die geeignete Form und Aspekte des Tools an und \u00fcbernehmen Sie die \u00c4nderungen. <\/li> <li><b>Kopieren Sie Ihren pers\u00f6nlichen Code, der in der speziellen Form auf Elfsight Apps angezeigt wird. <\/b><br> Wenn die Anpassung Ihres pers\u00f6nlichen Werkzeugs abgeschlossen ist, kopieren Sie den pers\u00f6nlichen Code in das erscheinende Feld und speichern Sie ihn f\u00fcr einen sp\u00e4teren Anlass. <\/li> <li><b>Initiieren Sie die Nutzung des Widgets auf der Plattform-Site. <\/b><br> Implementieren Sie den zuvor gespeicherten Code auf Ihrer Homepage und wenden Sie die Verbesserungen an. <\/li> <li><b>Fertig! Die Einbettung ist vollst\u00e4ndig durchgef\u00fchrt. <\/b><br> Gehen Sie auf Ihre Webseite, um zu sehen, wie das Plugin funktioniert. <\/li><\/ol> <div class=\"tip-yellow tip\"><b>Aufgrund der Besonderheiten der Google Sites-Funktion sieht das Widget m\u00f6glicherweise anders aus als die Online-Demo. Wir entschuldigen uns f\u00fcr etwaige Unannehmlichkeiten.<\/b><\/div><p>Wenn Sie Fragen haben oder auf Schwierigkeiten sto\u00dfen, wenden Sie sich bitte an unseren Support. Unsere Spezialisten helfen Ihnen gerne bei allen Schwierigkeiten, die Sie mit dem Plugin haben k\u00f6nnten. <\/p> <div class=\"faq\" data-component=\"FAQ\"><div class=\"faq-item\">\r\n\t\t\t\t\t<div class=\"faq-item-question\">\r\n\t\t\t\t\t\t<h3 class=\"faq-item-question-text\">Wie ist es m\u00f6glich, Slider ohne Programmierkenntnisse zu meinen Google Sites hinzuzuf\u00fcgen?<\/h3>\r\n\r\n\t\t\t\t\t\t<div class=\"faq-item-question-icon\"><\/div>\r\n\t\t\t\t\t<\/div>\r\n\r\n\t\t\t\t\t<div class=\"faq-item-answer\">\r\n\t\t\t\t\t\t<div class=\"faq-item-answer-text\"> <p>Elfsight stellt eine Cloud-L\u00f6sung vor, mit der Benutzer selbst ein Slider-Widget erstellen k\u00f6nnen. Lernen Sie die einfachen Schritte kennen: Erstellen Sie direkt in der Online-Demo ein Slider-Plugin, das Sie in Ihre Google Sites-Website integrieren m\u00f6chten. W\u00e4hlen Sie eine unserer vorgefertigten Vorlagen aus und passen Sie die Slider-Einstellungen an, aktualisieren Sie Ihre Inhalte, \u00e4ndern Sie das Layout und das Farbschema ohne Codierung. Klicken Sie hier, um die Einstellungen, die Sie im Slider vorgenommen haben, zu speichern und den Code des Widgets zum Einbetten zu erhalten, der einfach und kostenlos in jede Google Sites-Startseite eingef\u00fcgt werden kann. Mit dem unkomplizierten Editor kann jeder Webnutzer online ein Slider-Widget erstellen und es problemlos in die Google Sites-Startseite einbinden. Sie sollten kein kostenpflichtiges Abonnement abschlie\u00dfen oder Ihre Kartendaten eingeben, um auf den Elfsight Editor zuzugreifen. Sollten bei irgendeinem Schritt Probleme auftreten, z\u00f6gern Sie nicht, sich an unsere Mitarbeiter des technischen Supports zu wenden.<\/p> <\/div>\r\n\t\t\t\t\t<\/div>\r\n\t\t\t\t<\/div> <\/div><\/div>","protected":false},"excerpt":{"rendered":"","protected":false},"author":9,"featured_media":0,"parent":1195,"menu_order":0,"comment_status":"closed","ping_status":"closed","template":"templates\/template-application-platform.php","meta":{"publish_to_discourse":"","publish_post_category":"","wpdc_auto_publish_overridden":"","wpdc_topic_tags":"","wpdc_pin_topic":"","wpdc_pin_until":"","discourse_post_id":"","discourse_permalink":"","wpdc_publishing_response":"","wpdc_publishing_error":"","footnotes":""},"class_list":["post-17719","page","type-page","status-publish","hentry"],"yoast_head":"<!-- This site is optimized with the Yoast SEO plugin v25.3.1 - https:\/\/yoast.com\/wordpress\/plugins\/seo\/ -->\n<title>Image Slider \u2013 Foto-Slider-Plugin zu Google Sites hinzuf\u00fcgen [2026]<\/title>\n<meta name=\"description\" content=\"Betten Sie ein responsives Slider-Widget in Ihre Google Sites-Website ein. Nutzen Sie die praktische Elfsight-Demo und generieren Sie Ihr einzigartiges Plugin in nur 2 Minuten.\" \/>\n<meta name=\"robots\" content=\"index, follow, max-snippet:-1, max-image-preview:large, max-video-preview:-1\" \/>\n<link rel=\"canonical\" href=\"https:\/\/elfsight.com\/de\/slider-widget\/google-sites\/\" \/>\n<meta property=\"og:locale\" content=\"de_DE\" \/>\n<meta property=\"og:type\" content=\"article\" \/>\n<meta property=\"og:title\" content=\"Image Slider \u2013 Foto-Slider-Plugin zu Google Sites hinzuf\u00fcgen [2026]\" \/>\n<meta property=\"og:description\" content=\"Betten Sie ein responsives Slider-Widget in Ihre Google Sites-Website ein. Nutzen Sie die praktische Elfsight-Demo und generieren Sie Ihr einzigartiges Plugin in nur 2 Minuten.\" \/>\n<meta property=\"og:url\" content=\"https:\/\/elfsight.com\/de\/slider-widget\/google-sites\/\" \/>\n<meta property=\"og:site_name\" content=\"Elfsight DE\" \/>\n<meta property=\"article:modified_time\" content=\"2025-07-10T08:20:45+00:00\" \/>\n<meta name=\"twitter:card\" content=\"summary_large_image\" \/>\n<meta name=\"twitter:label1\" content=\"Gesch\u00e4tzte Lesezeit\" \/>\n\t<meta name=\"twitter:data1\" content=\"3\u00a0Minuten\" \/>\n<!-- \/ Yoast SEO plugin. -->","yoast_head_json":{"title":"Image Slider \u2013 Foto-Slider-Plugin zu Google Sites hinzuf\u00fcgen [2026]","description":"Betten Sie ein responsives Slider-Widget in Ihre Google Sites-Website ein. Nutzen Sie die praktische Elfsight-Demo und generieren Sie Ihr einzigartiges Plugin in nur 2 Minuten.","robots":{"index":"index","follow":"follow","max-snippet":"max-snippet:-1","max-image-preview":"max-image-preview:large","max-video-preview":"max-video-preview:-1"},"canonical":"https:\/\/elfsight.com\/de\/slider-widget\/google-sites\/","og_locale":"de_DE","og_type":"article","og_title":"Image Slider \u2013 Foto-Slider-Plugin zu Google Sites hinzuf\u00fcgen [2026]","og_description":"Betten Sie ein responsives Slider-Widget in Ihre Google Sites-Website ein. Nutzen Sie die praktische Elfsight-Demo und generieren Sie Ihr einzigartiges Plugin in nur 2 Minuten.","og_url":"https:\/\/elfsight.com\/de\/slider-widget\/google-sites\/","og_site_name":"Elfsight DE","article_modified_time":"2025-07-10T08:20:45+00:00","twitter_card":"summary_large_image","twitter_misc":{"Gesch\u00e4tzte Lesezeit":"3\u00a0Minuten"},"schema":{"@context":"https:\/\/schema.org","@graph":[{"@type":"WebPage","@id":"https:\/\/elfsight.com\/de\/slider-widget\/google-sites\/","url":"https:\/\/elfsight.com\/de\/slider-widget\/google-sites\/","name":"Image Slider \u2013 Foto-Slider-Plugin zu Google Sites hinzuf\u00fcgen [2026]","isPartOf":{"@id":"https:\/\/elfsight.com\/de\/#website"},"datePublished":"1970-01-01T00:00:00+00:00","dateModified":"2025-07-10T08:20:45+00:00","description":"Betten Sie ein responsives Slider-Widget in Ihre Google Sites-Website ein. Nutzen Sie die praktische Elfsight-Demo und generieren Sie Ihr einzigartiges Plugin in nur 2 Minuten.","breadcrumb":{"@id":"https:\/\/elfsight.com\/de\/slider-widget\/google-sites\/#breadcrumb"},"inLanguage":"de","potentialAction":[{"@type":"ReadAction","target":["https:\/\/elfsight.com\/de\/slider-widget\/google-sites\/"]}]},{"@type":"BreadcrumbList","@id":"https:\/\/elfsight.com\/de\/slider-widget\/google-sites\/#breadcrumb","itemListElement":[{"@type":"ListItem","position":1,"name":"Home","item":"https:\/\/elfsight.com\/de\/"},{"@type":"ListItem","position":2,"name":"Slider","item":"https:\/\/elfsight.com\/de\/slider-widget\/"},{"@type":"ListItem","position":3,"name":"Slider &#8211; Google Sites"}]},{"@type":"WebSite","@id":"https:\/\/elfsight.com\/de\/#website","url":"https:\/\/elfsight.com\/de\/","name":"Elfsight DE","description":"Just another Elfsight Sites site","potentialAction":[{"@type":"SearchAction","target":{"@type":"EntryPoint","urlTemplate":"https:\/\/elfsight.com\/de\/?s={search_term_string}"},"query-input":{"@type":"PropertyValueSpecification","valueRequired":true,"valueName":"search_term_string"}}],"inLanguage":"de"}]}},"meta_box":{"industry":"","seo_heading":"","heading":"","description":"","cta_heading":"","cta_description":"","application":"494","h1":"Google Sites Slider-Widget","h1_caption":"F\u00fcgen Sie Ihrer Website einen Bild- oder Inhaltsschieberegler hinzu, um visuelle Elemente, Werbeaktionen oder wichtige Inhalte m\u00fchelos dynamisch auf Ihren Google Sites zu pr\u00e4sentieren.","application_category":[],"applications_title":"","applications_request_title":"","applications_request_button_text":"","hero_text":"","hero_video":"","hero_video_schema_markup":"","selling_points_title":"","selling_points_caption":"","selling_points":[],"selling_points_cta_text":"","features_title":"","features":"","ed_cta_examples_text":"","ed_cta_examples_hidden":"","ed_cta_demo_text":"","ed_cta_demo_hidden":"","why_caption":"","why_editor_title":"","why_editor_text":"","why_team_title":"","why_team_text":"","why_service_title":"","why_service_text":"","template_catalog_visible":"","template_catalog_title":"","template_catalog_text":"","template_catalog_categories_visible":"","demo_title":"Erstellen Sie Ihr Slider-Widget","demo_caption":"Konfigurieren Sie Ihren Slider und f\u00fcgen Sie ihn kostenlos zu Ihrer Google Sites-Website hinzu!","default_faq_hidden":"","app_template_category":[],"platform":"3000","template_public_id":"","codecanyon_url":"","codecanyon_item_id":"","codecanyon_price":"","pricing_caption":"","pricing_elfsight_apps_hide_column":"","pricing_elfsight_apps_url":"","pricing_codecanyon_price_caption":"","integration_category":[],"integration_request_title":"","integration_request_cta":"","integration_platform":"","integrations":[],"platform_category":[],"video_schema_markup":"","price":"ab 0 $ \/ Monat","trial":"","benefits":[{"text":"Kostenloser Installationsservice"},{"text":"Kompetenter Kundenservice"},{"text":"14-t\u00e4gige Geld-zur\u00fcck-Garantie"},{"text":"Kontinuierliche Verbesserungen"}],"button_url":"#demo","button_target_blank":"","button_nofollow":"","attributes":[{"name":"Installiert","content":"10,000 - 100,000"},{"name":"Reaktionsfreudig","content":"Mobilfreundlich"},{"name":"Kompatible Browser","content":"Opera, Safari, Edge, Firefox, Chrome"}],"tags":[],"tags_disable_links":"","hide_more_platforms":"","video_object":"","demo_hide_cta":"","demo_hide_cloud_options":"","pricing_title":"","pricing":[{"pricing_icon":"platform","pricing_title":"Elfsight Apps","pricing_title_caption":"Multiplattform-L\u00f6sung","pricing_price":"ab 0 $ \/ Monat","pricing_price_caption":"Beginnen Sie mit einem kostenlosen Plan","pricing_benefits":[{"text":"Unbegrenzte Domains"},{"text":"Kostenloser und p\u00fcnktlicher Support"},{"text":"Kostenlose Installationshilfe"},{"text":"Sonderpreis f\u00fcr mehrere Apps"}],"pricing_button_text":"Zur Website hinzuf\u00fcgen","pricing_button_url":"#demo"}],"related_apps_title":"","related_apps_hidden":"","author":"","image":[],"title":"","job":"","social_networks":[]},"_links":{"self":[{"href":"https:\/\/elfsight.com\/de\/wp-json\/wp\/v2\/pages\/17719","targetHints":{"allow":["GET"]}}],"collection":[{"href":"https:\/\/elfsight.com\/de\/wp-json\/wp\/v2\/pages"}],"about":[{"href":"https:\/\/elfsight.com\/de\/wp-json\/wp\/v2\/types\/page"}],"author":[{"embeddable":true,"href":"https:\/\/elfsight.com\/de\/wp-json\/wp\/v2\/users\/9"}],"replies":[{"embeddable":true,"href":"https:\/\/elfsight.com\/de\/wp-json\/wp\/v2\/comments?post=17719"}],"version-history":[{"count":2,"href":"https:\/\/elfsight.com\/de\/wp-json\/wp\/v2\/pages\/17719\/revisions"}],"predecessor-version":[{"id":21887,"href":"https:\/\/elfsight.com\/de\/wp-json\/wp\/v2\/pages\/17719\/revisions\/21887"}],"up":[{"embeddable":true,"href":"https:\/\/elfsight.com\/de\/wp-json\/wp\/v2\/pages\/1195"}],"wp:attachment":[{"href":"https:\/\/elfsight.com\/de\/wp-json\/wp\/v2\/media?parent=17719"}],"curies":[{"name":"wp","href":"https:\/\/api.w.org\/{rel}","templated":true}]}}