{"id":17713,"date":"1970-01-01T00:00:00","date_gmt":"1970-01-01T00:00:00","guid":{"rendered":"https:\/\/elfsight.com\/de\/?page_id=17713"},"modified":"2025-07-10T08:21:33","modified_gmt":"2025-07-10T08:21:33","slug":"prestashop","status":"publish","type":"page","link":"https:\/\/elfsight.com\/de\/slider-widget\/prestashop\/","title":{"rendered":"Slider &#8211; PrestaShop"},"content":{"rendered":"<div class=\"application-platform-content-item-description application-platform-content-item\" id=\"description\" data-nav-section=\"description\"> <h2>Beschreibung<\/h2> <p>Elfsight Slider ist ein einfaches Tool, mit dem Sie die Aufmerksamkeit der Benutzer fesseln k\u00f6nnen, indem Sie ihnen mehrere Bilder und Videos zeigen oder die besten Angebote auf Ihrer Website. Nutzen Sie beliebig viele Folien, um Ihre Produkte zu pr\u00e4sentieren und Sonderangebote zu kennzeichnen. F\u00fcgen Sie visuelle Effekte hinzu und skalieren Sie die Bild-\/Videogr\u00f6\u00dfe nach Bedarf. Mit Hilfe unseres Tools k\u00f6nnen Sie einen sichtbaren Slider erstellen, der die Aufmerksamkeit der Benutzer auf sich zieht und sie nicht dazu bringt, Ihre Website zu schnell zu verlassen. <\/p><p><b>Holen Sie sich das Beste von Slider, um Ihre E-Commerce-Herausforderungen schneller zu meistern! <\/b><\/p> <\/div> <div class=\"application-platform-content-item-features application-platform-content-item\" id=\"features\" data-nav-section=\"features\"> <h2>Dies sind nur einige der umfangreichen Widget-Funktionen: <\/h2> <ul><li>Bilder\/Videos per URL hinzuf\u00fcgen oder Direkt von Ihrem Ger\u00e4t hochladen<\/li><li>Geschleiftes Hintergrundvideo<\/li><li>Call-to-Action-Schaltfl\u00e4chen<\/li><li>Anpassbare Folienwechseldauer<\/li><li>Paginierung (Zahlen, Striche, Aufz\u00e4hlungszeichen, Miniaturansichten)<\/li><li>Swipe-Navigation<\/li><li>Inhalts\u00fcberlagerung Folie f\u00fcr Folie<\/li><li>M\u00f6glichkeit, die Folie beim Schweben anzuhalten<\/li><li>Fortschrittsbalken anzeigen <\/li><li>Zwei verschiedene Bild\u00fcbergangsoptionen: Einblenden und Schieben<\/li><li>Unbegrenzte Anzahl an Folien<\/li><\/ul><p><a href=\"#demo\">Sie k\u00f6nnen es testen Wie das Widget funktioniert, testen Sie die Demo<\/a><\/p> <\/div> <div class=\"application-platform-content-item-installation application-platform-content-item\" id=\"installation\" data-nav-section=\"installation\"> <h2>Wie bette ich Slider auf meiner PrestaShop-Site ein? <\/h2> <p>Befolgen Sie einfach die unten aufgef\u00fchrten Schritte, um das Tool zu integrieren. <\/p> <ol><li><b>\u00d6ffnen Sie unsere kostenlose Demo und beginnen Sie mit der Gestaltung Ihres individuellen Instruments. <\/b><br> Geben Sie das ausgew\u00e4hlte Formular und die Optionen des Widgets an und speichern Sie die \u00c4nderungen. <\/li> <li><b>Kopieren Sie den eindeutigen Code, der im Fenster von Elfsight Apps angezeigt wird. <\/b><br> Kopieren Sie direkt nach der Einrichtung Ihres pers\u00f6nlichen Widgets den exklusiven Code aus dem angezeigten Feld und bewahren Sie ihn f\u00fcr die sp\u00e4tere Verwendung auf. <\/li> <li><b>Beginnen Sie mit der Verwendung des Add-ons auf Ihrer PrestaShop-Website. <\/b><br> Geben Sie den Code ein, den Sie k\u00fcrzlich auf Ihrer Webseite gespeichert haben, und speichern Sie die Anpassungen. <\/li> <li><b>Die Installation ist vollst\u00e4ndig abgeschlossen. <\/b><br> Besuchen Sie Ihre Website, um einen Blick auf die Funktionsweise des Add-Ons zu werfen. <\/li><\/ol> <p>Wenn Sie Fragen haben oder Probleme auftreten, wenden Sie sich bitte an unser Support-Team. Unsere Mitarbeiter helfen Ihnen gerne bei allen Problemen, die Sie mit dem Produkt haben k\u00f6nnten. <\/p> <div class=\"faq\" data-component=\"FAQ\"><div class=\"faq-item\">\r\n\t\t\t\t\t<div class=\"faq-item-question\">\r\n\t\t\t\t\t\t<h3 class=\"faq-item-question-text\">Wie ist es m\u00f6glich, Slider ohne Codierung in meinen PrestaShop einzubetten?<\/h3>\r\n\r\n\t\t\t\t\t\t<div class=\"faq-item-question-icon\"><\/div>\r\n\t\t\t\t\t<\/div>\r\n\r\n\t\t\t\t\t<div class=\"faq-item-answer\">\r\n\t\t\t\t\t\t<div class=\"faq-item-answer-text\"> <p>Elfsight bietet eine L\u00f6sung, mit der Benutzer selbst einen Slider-Bereich erstellen k\u00f6nnen. Entdecken Sie, wie einfach das ist Der Vorgang ist: Gehen Sie zum Live-Editor, um ein Slider-Plugin zu erstellen, das Sie auf der PrestaShop-Homepage sehen m\u00f6chten. W\u00e4hlen Sie eine der vielen vorgefertigten Vorlagen aus und passen Sie die Slider-Einstellungen an, f\u00fcgen Sie Ihre Inhalte hinzu, \u00e4ndern Sie das Layout und die Farbe der Elemente \u2013 ganz ohne Programmierkenntnisse. Speichern Sie die Einstellungen, die Sie in Slider vorgenommen haben, und erhalten Sie den Installationscode des Widgets, den Sie auf der PrestaShop-Webseite hinzuf\u00fcgen k\u00f6nnen, ohne einen kostenpflichtigen Plan kaufen zu m\u00fcssen. Mithilfe des unkomplizierten Konfigurators kann jeder Webbenutzer einen Slider-Bereich erstellen und diesen m\u00fchelos in die PrestaShop-Website einbetten. Sie d\u00fcrfen weder bezahlen noch Ihre Kartendaten preisgeben, um auf den Editor zuzugreifen. Sollten Sie bei irgendeinem Schritt auf Hindernisse sto\u00dfen, z\u00f6gern Sie nicht, sich an unseren technischen Kundensupport zu wenden.<\/p> <\/div>\r\n\t\t\t\t\t<\/div>\r\n\t\t\t\t<\/div> <\/div><\/div>","protected":false},"excerpt":{"rendered":"","protected":false},"author":9,"featured_media":0,"parent":1195,"menu_order":0,"comment_status":"closed","ping_status":"closed","template":"templates\/template-application-platform.php","meta":{"publish_to_discourse":"","publish_post_category":"","wpdc_auto_publish_overridden":"","wpdc_topic_tags":"","wpdc_pin_topic":"","wpdc_pin_until":"","discourse_post_id":"","discourse_permalink":"","wpdc_publishing_response":"","wpdc_publishing_error":"","footnotes":""},"class_list":["post-17713","page","type-page","status-publish","hentry"],"yoast_head":"<!-- This site is optimized with the Yoast SEO plugin v25.3.1 - https:\/\/yoast.com\/wordpress\/plugins\/seo\/ -->\n<title>Image Slider-Addon zur PrestaShop-Website hinzuf\u00fcgen [2025]<\/title>\n<meta name=\"description\" content=\"Nutzen Sie die Gelegenheit, das benutzerdefinierte Slider-Add-on jetzt anzupassen und es direkt aus der Live-Demo zu Ihrer Squarespace-Website hinzuzuf\u00fcgen.\" \/>\n<meta name=\"robots\" content=\"index, follow, max-snippet:-1, max-image-preview:large, max-video-preview:-1\" \/>\n<link rel=\"canonical\" href=\"https:\/\/elfsight.com\/de\/slider-widget\/prestashop\/\" \/>\n<meta property=\"og:locale\" content=\"de_DE\" \/>\n<meta property=\"og:type\" content=\"article\" \/>\n<meta property=\"og:title\" content=\"Image Slider-Addon zur PrestaShop-Website hinzuf\u00fcgen [2025]\" \/>\n<meta property=\"og:description\" content=\"Nutzen Sie die Gelegenheit, das benutzerdefinierte Slider-Add-on jetzt anzupassen und es direkt aus der Live-Demo zu Ihrer Squarespace-Website hinzuzuf\u00fcgen.\" \/>\n<meta property=\"og:url\" content=\"https:\/\/elfsight.com\/de\/slider-widget\/prestashop\/\" \/>\n<meta property=\"og:site_name\" content=\"Elfsight DE\" \/>\n<meta property=\"article:modified_time\" content=\"2025-07-10T08:21:33+00:00\" \/>\n<meta name=\"twitter:card\" content=\"summary_large_image\" \/>\n<meta name=\"twitter:label1\" content=\"Gesch\u00e4tzte Lesezeit\" \/>\n\t<meta name=\"twitter:data1\" content=\"3\u00a0Minuten\" \/>\n<!-- \/ Yoast SEO plugin. -->","yoast_head_json":{"title":"Image Slider-Addon zur PrestaShop-Website hinzuf\u00fcgen [2025]","description":"Nutzen Sie die Gelegenheit, das benutzerdefinierte Slider-Add-on jetzt anzupassen und es direkt aus der Live-Demo zu Ihrer Squarespace-Website hinzuzuf\u00fcgen.","robots":{"index":"index","follow":"follow","max-snippet":"max-snippet:-1","max-image-preview":"max-image-preview:large","max-video-preview":"max-video-preview:-1"},"canonical":"https:\/\/elfsight.com\/de\/slider-widget\/prestashop\/","og_locale":"de_DE","og_type":"article","og_title":"Image Slider-Addon zur PrestaShop-Website hinzuf\u00fcgen [2025]","og_description":"Nutzen Sie die Gelegenheit, das benutzerdefinierte Slider-Add-on jetzt anzupassen und es direkt aus der Live-Demo zu Ihrer Squarespace-Website hinzuzuf\u00fcgen.","og_url":"https:\/\/elfsight.com\/de\/slider-widget\/prestashop\/","og_site_name":"Elfsight DE","article_modified_time":"2025-07-10T08:21:33+00:00","twitter_card":"summary_large_image","twitter_misc":{"Gesch\u00e4tzte Lesezeit":"3\u00a0Minuten"},"schema":{"@context":"https:\/\/schema.org","@graph":[{"@type":"WebPage","@id":"https:\/\/elfsight.com\/de\/slider-widget\/prestashop\/","url":"https:\/\/elfsight.com\/de\/slider-widget\/prestashop\/","name":"Image Slider-Addon zur PrestaShop-Website hinzuf\u00fcgen [2025]","isPartOf":{"@id":"https:\/\/elfsight.com\/de\/#website"},"datePublished":"1970-01-01T00:00:00+00:00","dateModified":"2025-07-10T08:21:33+00:00","description":"Nutzen Sie die Gelegenheit, das benutzerdefinierte Slider-Add-on jetzt anzupassen und es direkt aus der Live-Demo zu Ihrer Squarespace-Website hinzuzuf\u00fcgen.","breadcrumb":{"@id":"https:\/\/elfsight.com\/de\/slider-widget\/prestashop\/#breadcrumb"},"inLanguage":"de","potentialAction":[{"@type":"ReadAction","target":["https:\/\/elfsight.com\/de\/slider-widget\/prestashop\/"]}]},{"@type":"BreadcrumbList","@id":"https:\/\/elfsight.com\/de\/slider-widget\/prestashop\/#breadcrumb","itemListElement":[{"@type":"ListItem","position":1,"name":"Home","item":"https:\/\/elfsight.com\/de\/"},{"@type":"ListItem","position":2,"name":"Slider","item":"https:\/\/elfsight.com\/de\/slider-widget\/"},{"@type":"ListItem","position":3,"name":"Slider &#8211; PrestaShop"}]},{"@type":"WebSite","@id":"https:\/\/elfsight.com\/de\/#website","url":"https:\/\/elfsight.com\/de\/","name":"Elfsight DE","description":"Just another Elfsight Sites site","potentialAction":[{"@type":"SearchAction","target":{"@type":"EntryPoint","urlTemplate":"https:\/\/elfsight.com\/de\/?s={search_term_string}"},"query-input":{"@type":"PropertyValueSpecification","valueRequired":true,"valueName":"search_term_string"}}],"inLanguage":"de"}]}},"meta_box":{"industry":"","seo_heading":"","heading":"","description":"","cta_heading":"","cta_description":"","application":"494","h1":"PrestaShop Image Slider Add-on","h1_caption":"F\u00fcgen Sie Ihrer Website einen Bild- oder Inhaltsschieberegler hinzu, um visuelle Elemente, Werbeaktionen oder wichtige Inhalte m\u00fchelos dynamisch auf Ihrer Prestashop-Website zu pr\u00e4sentieren.","application_category":[],"applications_title":"","applications_request_title":"","applications_request_button_text":"","hero_text":"","hero_video":"","hero_video_schema_markup":"","selling_points_title":"","selling_points_caption":"","selling_points":[],"selling_points_cta_text":"","features_title":"","features":"","ed_cta_examples_text":"","ed_cta_examples_hidden":"","ed_cta_demo_text":"","ed_cta_demo_hidden":"","why_caption":"","why_editor_title":"","why_editor_text":"","why_team_title":"","why_team_text":"","why_service_title":"","why_service_text":"","template_catalog_visible":"","template_catalog_title":"","template_catalog_text":"","template_catalog_categories_visible":"","demo_title":"Erstellen Sie Ihr Slider-Addon","demo_caption":"Konfigurieren Sie Ihren Slider und f\u00fcgen Sie ihn kostenlos zu Ihrer PrestaShop-Website hinzu!","default_faq_hidden":"","app_template_category":[],"platform":"3811","template_public_id":"","codecanyon_url":"","codecanyon_item_id":"","codecanyon_price":"","pricing_caption":"","pricing_elfsight_apps_hide_column":"","pricing_elfsight_apps_url":"","pricing_codecanyon_price_caption":"","integration_category":[],"integration_request_title":"","integration_request_cta":"","integration_platform":"","integrations":[],"platform_category":[],"video_schema_markup":"","price":"ab 0 $ \/ Monat","trial":"","benefits":[{"text":"Kostenlose Installationshilfe"},{"text":"14-t\u00e4gige R\u00fcckerstattungsgarantie"},{"text":"Effektiver Kundenservice"},{"text":"St\u00e4ndige Updates"}],"button_url":"#demo","button_target_blank":"","button_nofollow":"","attributes":[{"name":"Installiert","content":"10,000 - 100,000"},{"name":"Reaktionsfreudig","content":"Ja"},{"name":"Kompatible Browser","content":"Firefox, Safari, Opera, Chrome, Edge"}],"tags":[],"tags_disable_links":"","hide_more_platforms":"","video_object":"","demo_hide_cta":"","demo_hide_cloud_options":"","pricing_title":"","pricing":[{"pricing_icon":"platform","pricing_title":"Elfsight Apps","pricing_title_caption":"Plattform\u00fcbergreifende digitale L\u00f6sung","pricing_price":"ab 0 $ \/ Monat","pricing_price_caption":"Beginnen Sie mit einem kostenlosen Plan","pricing_benefits":[{"text":"Unbegrenzte Websites"},{"text":"Engagierter Kundensupport"},{"text":"Kostenlose Installationsunterst\u00fctzung"},{"text":"Vollst\u00e4ndig anpassbar"}],"pricing_button_text":"Zur Website hinzuf\u00fcgen","pricing_button_url":"#demo"}],"related_apps_title":"","related_apps_hidden":"","author":"","image":[],"title":"","job":"","social_networks":[]},"_links":{"self":[{"href":"https:\/\/elfsight.com\/de\/wp-json\/wp\/v2\/pages\/17713","targetHints":{"allow":["GET"]}}],"collection":[{"href":"https:\/\/elfsight.com\/de\/wp-json\/wp\/v2\/pages"}],"about":[{"href":"https:\/\/elfsight.com\/de\/wp-json\/wp\/v2\/types\/page"}],"author":[{"embeddable":true,"href":"https:\/\/elfsight.com\/de\/wp-json\/wp\/v2\/users\/9"}],"replies":[{"embeddable":true,"href":"https:\/\/elfsight.com\/de\/wp-json\/wp\/v2\/comments?post=17713"}],"version-history":[{"count":2,"href":"https:\/\/elfsight.com\/de\/wp-json\/wp\/v2\/pages\/17713\/revisions"}],"predecessor-version":[{"id":21885,"href":"https:\/\/elfsight.com\/de\/wp-json\/wp\/v2\/pages\/17713\/revisions\/21885"}],"up":[{"embeddable":true,"href":"https:\/\/elfsight.com\/de\/wp-json\/wp\/v2\/pages\/1195"}],"wp:attachment":[{"href":"https:\/\/elfsight.com\/de\/wp-json\/wp\/v2\/media?parent=17713"}],"curies":[{"name":"wp","href":"https:\/\/api.w.org\/{rel}","templated":true}]}}