{"id":17712,"date":"1970-01-01T00:00:00","date_gmt":"1970-01-01T00:00:00","guid":{"rendered":"https:\/\/elfsight.com\/de\/?page_id=17712"},"modified":"2025-07-10T08:20:57","modified_gmt":"2025-07-10T08:20:57","slug":"jimdo","status":"publish","type":"page","link":"https:\/\/elfsight.com\/de\/slider-widget\/jimdo\/","title":{"rendered":"Slider &#8211; Jimdo"},"content":{"rendered":"<div class=\"application-platform-content-item-description application-platform-content-item\" id=\"description\" data-nav-section=\"description\"><h2>Beschreibung<\/h2> <p>Elfsight Slider ist ein einfaches Tool, mit dem Sie die Aufmerksamkeit der Benutzer fesseln k\u00f6nnen, indem Sie ihnen mehrere Bilder und Videos zeigen oder die besten Angebote auf Ihrer Website. Nutzen Sie beliebig viele Folien, um Ihre Produkte zu pr\u00e4sentieren und Sonderangebote zu kennzeichnen. F\u00fcgen Sie visuelle Effekte hinzu und skalieren Sie die Bild-\/Videogr\u00f6\u00dfe nach Bedarf. Mit Hilfe unseres Tools k\u00f6nnen Sie einen sichtbaren Slider erstellen, der die Aufmerksamkeit der Benutzer auf sich zieht und sie nicht dazu bringt, Ihre Website zu schnell zu verlassen. <\/p> <p><b>Starten Sie Slider, um Ihre Gesch\u00e4ftsziele effizienter zu erreichen! <\/b><\/p> <\/div> <div class=\"application-platform-content-item-features application-platform-content-item\" id=\"features\" data-nav-section=\"features\"> <h2>Dies sind nur einige der wertvollen Widget-Funktionen: <\/h2> <ul><li>Bilder\/Videos per URL hinzuf\u00fcgen oder Direkt von Ihrem Ger\u00e4t hochladen<\/li><li>Geschleiftes Hintergrundvideo<\/li><li>Call-to-Action-Schaltfl\u00e4chen<\/li><li>Anpassbare Dauer des Folienwechsels<\/li><li>Paginierung (Striche, Aufz\u00e4hlungszeichen, Miniaturansichten, Zahlen)<\/li><li>Swipe-Navigation<\/li><li>Inhalts\u00fcberlagerung Folie f\u00fcr Folie<\/li><li>M\u00f6glichkeit, die Folie beim Hover anzuhalten<\/li><li>Fortschrittsbalken anzeigen <\/li><li>Zwei verschiedene Bild\u00fcbergangsoptionen: Einblenden und Schieben<\/li><li>Unbegrenzte Anzahl an Folien<\/li><\/ul><p><a href=\"#demo\">\u00dcberpr\u00fcfen Sie dies einfach Demo, um die vollst\u00e4ndige Vorstellung zu bekommen<\/a><\/p> <\/div> <div class=\"application-platform-content-item-installation application-platform-content-item\" id=\"installation\" data-nav-section=\"installation\"> <h2>Wie f\u00fcge ich Slider zu einer Jimdo-Webseite hinzu? <\/h2> <p>Befolgen Sie einfach die nachstehenden Anweisungen, um mit der Arbeit mit dem Tool zu beginnen. <\/p> <ol><li><b>Starten Sie unsere kostenlose Demo und beginnen Sie mit der Erstellung Ihres ma\u00dfgeschneiderten Widgets. <\/b><br> Finden Sie das benutzerdefinierte Design und die Parameter des Widgets und wenden Sie die \u00c4nderungen an. <\/li> <li><b>Kopieren Sie den eindeutigen Code, der im Fenster von Elfsight Apps angezeigt wird. <\/b><br> Wenn die Erstellung Ihres pers\u00f6nlichen Tools abgeschlossen ist, kopieren Sie den exklusiven Code aus der angezeigten Box und bewahren Sie ihn f\u00fcr die zuk\u00fcnftige Verwendung auf. <\/li> <li><b>Beteiligen Sie sich an der Verwendung des Widgets auf Ihrer Jimdo-Homepage. <\/b><br> F\u00fcgen Sie den zuvor kopierten Code in Ihre Website ein und \u00fcbernehmen Sie die Anpassungen. <\/li> <li><b>Du bist fertig! Die Einbettung wurde erfolgreich durchgef\u00fchrt. <\/b><br> Besuchen Sie Ihre Seite, um die Funktionsweise des Tools zu sehen. <\/li><\/ol> <p>Wenn Sie mit Anfragen konfrontiert werden oder auf Probleme sto\u00dfen, wenden Sie sich bitte schriftlich an unser Kundendienstteam. Unsere Spezialisten helfen Ihnen gerne bei allen Problemen, die Sie mit dem Widget haben. <\/p> <div class=\"faq\" data-component=\"FAQ\"><div class=\"faq-item\">\r\n\t\t\t\t\t<div class=\"faq-item-question\">\r\n\t\t\t\t\t\t<h3 class=\"faq-item-question-text\">Wie kann ich Slider ohne Programmierkenntnisse in mein Jimdo einbetten?<\/h3>\r\n\r\n\t\t\t\t\t\t<div class=\"faq-item-question-icon\"><\/div>\r\n\t\t\t\t\t<\/div>\r\n\r\n\t\t\t\t\t<div class=\"faq-item-answer\">\r\n\t\t\t\t\t\t<div class=\"faq-item-answer-text\"> <p>Elfsight bietet eine Cloud-L\u00f6sung, die es einem breiten Publikum erm\u00f6glicht, selbst ein Slider-Widget zu erstellen, entdecken Sie Wie unkompliziert der Prozess ist: Erstellen Sie direkt im Live-Editor einen Slider-Bereich, den Sie auf der Jimdo-Homepage integrieren m\u00f6chten. W\u00e4hlen Sie eine der vorgefertigten Vorlagen und \u00e4ndern Sie die Slider-Einstellungen, \u00e4ndern Sie das Layout und die Farbe der Elemente und aktualisieren Sie Ihre Inhalte, ohne Programmiererfahrung zu haben. Speichern Sie die von Ihnen vorgenommenen Einstellungen in Slider und kopieren Sie den Installationscode des Widgets, der im Rahmen eines kostenlosen Plans problemlos zur Jimdo-Webseite hinzugef\u00fcgt werden kann. Mit unserem unkomplizierten Konfigurator kann jeder Internetnutzer online ein Slider-Widget erstellen und dieses m\u00fchelos auf jeder Jimdo-Homepage einbetten. F\u00fcr den Zugriff auf den Elfsight-Service ist es nicht erforderlich, einen kostenpflichtigen Plan abzuschlie\u00dfen oder Ihre Kartendaten offenzulegen. Wenn Sie bei irgendeinem Schritt auf Hindernisse sto\u00dfen, wenden Sie sich an unsere Supportmitarbeiter.<\/p> <\/div>\r\n\t\t\t\t\t<\/div>\r\n\t\t\t\t<\/div> <\/div><\/div><p><\/p>","protected":false},"excerpt":{"rendered":"","protected":false},"author":9,"featured_media":0,"parent":1195,"menu_order":0,"comment_status":"closed","ping_status":"closed","template":"templates\/template-application-platform.php","meta":{"publish_to_discourse":"","publish_post_category":"","wpdc_auto_publish_overridden":"","wpdc_topic_tags":"","wpdc_pin_topic":"","wpdc_pin_until":"","discourse_post_id":"","discourse_permalink":"","wpdc_publishing_response":"","wpdc_publishing_error":"","footnotes":""},"class_list":["post-17712","page","type-page","status-publish","hentry"],"yoast_head":"<!-- This site is optimized with the Yoast SEO plugin v25.3.1 - https:\/\/yoast.com\/wordpress\/plugins\/seo\/ -->\n<title>Bild-Slider-Widget zu einer Jimdo-Website hinzuf\u00fcgen [2025]<\/title>\n<meta name=\"description\" content=\"Nutzen Sie jetzt die Chance, das benutzerdefinierte Slider-Widget anzupassen und es direkt aus der Live-Demo zu Ihrer Jimdo-Website hinzuzuf\u00fcgen.\" \/>\n<meta name=\"robots\" content=\"index, follow, max-snippet:-1, max-image-preview:large, max-video-preview:-1\" \/>\n<link rel=\"canonical\" href=\"https:\/\/elfsight.com\/de\/slider-widget\/jimdo\/\" \/>\n<meta property=\"og:locale\" content=\"de_DE\" \/>\n<meta property=\"og:type\" content=\"article\" \/>\n<meta property=\"og:title\" content=\"Bild-Slider-Widget zu einer Jimdo-Website hinzuf\u00fcgen [2025]\" \/>\n<meta property=\"og:description\" content=\"Nutzen Sie jetzt die Chance, das benutzerdefinierte Slider-Widget anzupassen und es direkt aus der Live-Demo zu Ihrer Jimdo-Website hinzuzuf\u00fcgen.\" \/>\n<meta property=\"og:url\" content=\"https:\/\/elfsight.com\/de\/slider-widget\/jimdo\/\" \/>\n<meta property=\"og:site_name\" content=\"Elfsight DE\" \/>\n<meta property=\"article:modified_time\" content=\"2025-07-10T08:20:57+00:00\" \/>\n<meta name=\"twitter:card\" content=\"summary_large_image\" \/>\n<meta name=\"twitter:label1\" content=\"Gesch\u00e4tzte Lesezeit\" \/>\n\t<meta name=\"twitter:data1\" content=\"3\u00a0Minuten\" \/>\n<!-- \/ Yoast SEO plugin. -->","yoast_head_json":{"title":"Bild-Slider-Widget zu einer Jimdo-Website hinzuf\u00fcgen [2025]","description":"Nutzen Sie jetzt die Chance, das benutzerdefinierte Slider-Widget anzupassen und es direkt aus der Live-Demo zu Ihrer Jimdo-Website hinzuzuf\u00fcgen.","robots":{"index":"index","follow":"follow","max-snippet":"max-snippet:-1","max-image-preview":"max-image-preview:large","max-video-preview":"max-video-preview:-1"},"canonical":"https:\/\/elfsight.com\/de\/slider-widget\/jimdo\/","og_locale":"de_DE","og_type":"article","og_title":"Bild-Slider-Widget zu einer Jimdo-Website hinzuf\u00fcgen [2025]","og_description":"Nutzen Sie jetzt die Chance, das benutzerdefinierte Slider-Widget anzupassen und es direkt aus der Live-Demo zu Ihrer Jimdo-Website hinzuzuf\u00fcgen.","og_url":"https:\/\/elfsight.com\/de\/slider-widget\/jimdo\/","og_site_name":"Elfsight DE","article_modified_time":"2025-07-10T08:20:57+00:00","twitter_card":"summary_large_image","twitter_misc":{"Gesch\u00e4tzte Lesezeit":"3\u00a0Minuten"},"schema":{"@context":"https:\/\/schema.org","@graph":[{"@type":"WebPage","@id":"https:\/\/elfsight.com\/de\/slider-widget\/jimdo\/","url":"https:\/\/elfsight.com\/de\/slider-widget\/jimdo\/","name":"Bild-Slider-Widget zu einer Jimdo-Website hinzuf\u00fcgen [2025]","isPartOf":{"@id":"https:\/\/elfsight.com\/de\/#website"},"datePublished":"1970-01-01T00:00:00+00:00","dateModified":"2025-07-10T08:20:57+00:00","description":"Nutzen Sie jetzt die Chance, das benutzerdefinierte Slider-Widget anzupassen und es direkt aus der Live-Demo zu Ihrer Jimdo-Website hinzuzuf\u00fcgen.","breadcrumb":{"@id":"https:\/\/elfsight.com\/de\/slider-widget\/jimdo\/#breadcrumb"},"inLanguage":"de","potentialAction":[{"@type":"ReadAction","target":["https:\/\/elfsight.com\/de\/slider-widget\/jimdo\/"]}]},{"@type":"BreadcrumbList","@id":"https:\/\/elfsight.com\/de\/slider-widget\/jimdo\/#breadcrumb","itemListElement":[{"@type":"ListItem","position":1,"name":"Home","item":"https:\/\/elfsight.com\/de\/"},{"@type":"ListItem","position":2,"name":"Slider","item":"https:\/\/elfsight.com\/de\/slider-widget\/"},{"@type":"ListItem","position":3,"name":"Slider &#8211; Jimdo"}]},{"@type":"WebSite","@id":"https:\/\/elfsight.com\/de\/#website","url":"https:\/\/elfsight.com\/de\/","name":"Elfsight DE","description":"Just another Elfsight Sites site","potentialAction":[{"@type":"SearchAction","target":{"@type":"EntryPoint","urlTemplate":"https:\/\/elfsight.com\/de\/?s={search_term_string}"},"query-input":{"@type":"PropertyValueSpecification","valueRequired":true,"valueName":"search_term_string"}}],"inLanguage":"de"}]}},"meta_box":{"industry":"","seo_heading":"","heading":"","description":"","cta_heading":"","cta_description":"","application":"494","h1":"Jimdo Image Slider-Widget","h1_caption":"F\u00fcgen Sie Ihrer Website einen Bild- oder Inhalts-Slider hinzu, um visuelle Elemente, Werbeaktionen oder wichtige Inhalte m\u00fchelos dynamisch auf Ihrer Jimdo-Website zu pr\u00e4sentieren.","application_category":[],"applications_title":"","applications_request_title":"","applications_request_button_text":"","hero_text":"","hero_video":"","hero_video_schema_markup":"","selling_points_title":"","selling_points_caption":"","selling_points":[],"selling_points_cta_text":"","features_title":"","features":"","ed_cta_examples_text":"","ed_cta_examples_hidden":"","ed_cta_demo_text":"","ed_cta_demo_hidden":"","why_caption":"","why_editor_title":"","why_editor_text":"","why_team_title":"","why_team_text":"","why_service_title":"","why_service_text":"","template_catalog_visible":"","template_catalog_title":"","template_catalog_text":"","template_catalog_categories_visible":"","demo_title":"Erstellen Sie Ihr Slider-Widget","demo_caption":"Konfigurieren Sie Ihren Slider und f\u00fcgen Sie ihn kostenlos zu Ihrer Jimdo-Website hinzu!","default_faq_hidden":"","app_template_category":[],"platform":"239","template_public_id":"","codecanyon_url":"","codecanyon_item_id":"","codecanyon_price":"","pricing_caption":"","pricing_elfsight_apps_hide_column":"","pricing_elfsight_apps_url":"","pricing_codecanyon_price_caption":"","integration_category":[],"integration_request_title":"","integration_request_cta":"","integration_platform":"","integrations":[],"platform_category":[],"video_schema_markup":"","price":"ab 0 $ \/ Monat","trial":"","benefits":[{"text":"Kostenlose Installationshilfe"},{"text":"Erfahrener Kundensupport"},{"text":"14-t\u00e4gige Geld-zur\u00fcck-Garantie"},{"text":"Kontinuierliche Verbesserungen"}],"button_url":"#demo","button_target_blank":"","button_nofollow":"","attributes":[{"name":"Installiert","content":"10,000 - 100,000"},{"name":"Reaktionsfreudig","content":"Ja"},{"name":"Kompatible Browser","content":"Firefox, Safari, Opera, Chrome, Edge"}],"tags":[],"tags_disable_links":"","hide_more_platforms":"","video_object":"","demo_hide_cta":"","demo_hide_cloud_options":"","pricing_title":"","pricing":[{"pricing_icon":"platform","pricing_title":"Elfsight Apps","pricing_title_caption":"Plattform\u00fcbergreifende Version","pricing_price":"ab 0 $ \/ Monat","pricing_price_caption":"Beginnen Sie mit einem kostenlosen Plan","pricing_benefits":[{"text":"Unbegrenzte Domains"},{"text":"24\/7 und p\u00fcnktlicher Support"},{"text":"Kostenloser Installationsservice"},{"text":"V\u00f6llig anpassbar"}],"pricing_button_text":"Zur Website hinzuf\u00fcgen","pricing_button_url":"#demo"}],"related_apps_title":"","related_apps_hidden":"","author":"","image":[],"title":"","job":"","social_networks":[]},"_links":{"self":[{"href":"https:\/\/elfsight.com\/de\/wp-json\/wp\/v2\/pages\/17712","targetHints":{"allow":["GET"]}}],"collection":[{"href":"https:\/\/elfsight.com\/de\/wp-json\/wp\/v2\/pages"}],"about":[{"href":"https:\/\/elfsight.com\/de\/wp-json\/wp\/v2\/types\/page"}],"author":[{"embeddable":true,"href":"https:\/\/elfsight.com\/de\/wp-json\/wp\/v2\/users\/9"}],"replies":[{"embeddable":true,"href":"https:\/\/elfsight.com\/de\/wp-json\/wp\/v2\/comments?post=17712"}],"version-history":[{"count":2,"href":"https:\/\/elfsight.com\/de\/wp-json\/wp\/v2\/pages\/17712\/revisions"}],"predecessor-version":[{"id":21884,"href":"https:\/\/elfsight.com\/de\/wp-json\/wp\/v2\/pages\/17712\/revisions\/21884"}],"up":[{"embeddable":true,"href":"https:\/\/elfsight.com\/de\/wp-json\/wp\/v2\/pages\/1195"}],"wp:attachment":[{"href":"https:\/\/elfsight.com\/de\/wp-json\/wp\/v2\/media?parent=17712"}],"curies":[{"name":"wp","href":"https:\/\/api.w.org\/{rel}","templated":true}]}}