{"id":17711,"date":"1970-01-01T00:00:00","date_gmt":"1970-01-01T00:00:00","guid":{"rendered":"https:\/\/elfsight.com\/de\/?page_id=17711"},"modified":"2025-07-09T14:20:32","modified_gmt":"2025-07-09T14:20:32","slug":"wordpress","status":"publish","type":"page","link":"https:\/\/elfsight.com\/de\/qr-code-widget\/wordpress\/","title":{"rendered":"QR Code &#8211; WordPress"},"content":{"rendered":"<div class=\"application-platform-content-item-description application-platform-content-item\" id=\"description\" data-nav-section=\"description\"> <h2>Betten Sie QR-Code in WordPress mit dem Elfsight-Widget ein<\/h2> <p>Der QR-Code-Generator ist ein leistungsstarkes Plugin f\u00fcr WordPress, mit dem Sie schnell arbeiten k\u00f6nnen Leiten Sie Benutzer zu einer beliebigen Website weiter, teilen Sie einen Link, Ihren Standort, Ihre E-Mail-Adresse, eine Datei und mehr. Das Widget ist \u00e4u\u00dferst anpassbar: Sie k\u00f6nnen einen Titel und eine Beschriftung hinzuf\u00fcgen, das Symbol und das Logo ausw\u00e4hlen \u2013 aus unserer Bibliothek oder ein eigenes erstellen, den Text, den Hintergrund und den Rahmen neu zeichnen und die Gr\u00f6\u00dfe nach Bedarf \u00e4ndern. Jetzt m\u00fcssen Sie nur noch mit der Gestaltung Ihres personalisierten Tools beginnen \u2013 die Installation ist unkompliziert und erfordert keine Programmierkenntnisse. <\/p> <p><b>F\u00fcgen Sie den QR-Code-Generator in Ihre WordPress-Webseite ein und leiten Sie Besucher direkt dorthin weiter, wo Sie sie ben\u00f6tigen, und vereinfachen Sie den Inhaltskonsum<\/b><\/p> <\/div> <div class=\"application-platform-content-item-features application-platform-content-item\" id=\"features\" data-nav-section=\"features\"> <h2>Zu den wichtigsten Widget-Funktionen geh\u00f6ren<\/h2> <ul><li>Sofortiger Zugriff auf Ihre Inhalte<\/li><li>Beliebigen Text hinzuf\u00fcgen<\/li><li>8 austauschbare Logos<\/li><li>F\u00fcnfzehn umschaltbare Symbole verf\u00fcgbar<\/li><li>Alle Elemente neu zeichnen<\/li><\/ul><p><a href=\"#demo\">Sie k\u00f6nnen die volle Funktionalit\u00e4t des Plugins testen in der Demo hier<\/a><\/p> <\/div> <div class=\"application-platform-content-item-installation application-platform-content-item\" id=\"installation\" data-nav-section=\"installation\"> <h2>Wie kann ich das QR-Code-Plugin in meine WordPress-Website einbetten? <\/h2> <p>F\u00fchren Sie einfach die folgenden Schritte aus, um das Tool einzubetten. <\/p> <ol><li><b>Starten Sie unsere kostenlose Demo und beginnen Sie mit Ihrem eigenen Plugin zu arbeiten.<\/b><br> Bestimmen Sie die ausgew\u00e4hlte Anordnung und Optionen des Widgets und speichern Sie alle \u00c4nderungen.<\/li> <li><b>Erhalten Sie den individuellen Code, der im speziellen Formular auf Elfsight Apps angezeigt wird.<\/b><br> Sobald die Konfiguration Ihres Plugins abgeschlossen ist, kopieren Sie Ihren Code im erscheinenden Popup und speichern Sie ihn f\u00fcr eine sp\u00e4tere Gelegenheit .<\/li> <li><b>Erste Schritte mit der Verwendung des Plugins auf der WordPress-Website.<\/b><br> F\u00fcgen Sie den k\u00fcrzlich auf Ihrer Website gespeicherten Code hinzu und wenden Sie die Verbesserungen an.<\/li> <li><b>Du bist fertig! Die Einrichtung ist vollst\u00e4ndig abgeschlossen.<\/b><br> Besuchen Sie Ihre Website, um die Funktionsweise des Plugins in Aktion zu sehen.<\/li><\/ol><p>Wenn Sie sich Fragen stellen oder Hindernisse \u00fcberwinden, f\u00fchlen Sie sich wohl Sie k\u00f6nnen sich gerne an unsere Kundendienstmitarbeiter wenden. Unsere Berater werden sich freuen, alle Probleme zu l\u00f6sen, die Sie m\u00f6glicherweise mit dem Produkt haben.<\/p> <div class=\"faq\" data-component=\"FAQ\"><div class=\"faq-item\">\r\n\t\t\t\t\t<div class=\"faq-item-question\">\r\n\t\t\t\t\t\t<h3 class=\"faq-item-question-text\">Gibt es eine Methode zum Einbetten von QR-Code in meine WordPress-Website ohne Codierung?<\/h3>\r\n\r\n\t\t\t\t\t\t<div class=\"faq-item-question-icon\"><\/div>\r\n\t\t\t\t\t<\/div>\r\n\r\n\t\t\t\t\t<div class=\"faq-item-answer\">\r\n\t\t\t\t\t\t<div class=\"faq-item-answer-text\"> <p> Das Unternehmen Elfsight bietet eine Cloud-L\u00f6sung an, mit der Sie selbst einen QR-Code-Bereich erstellen k\u00f6nnen. Lesen Sie die einfache Anleitung: Beginnen Sie mit der Arbeit im Live-Editor, um ein QR-Code-Plugin zu erstellen, das Sie auf Ihrer WordPress-Website sehen m\u00f6chten. Klicken Sie auf eine der vorgefertigten Vorlagen und passen Sie die QR-Code-Einstellungen an, \u00e4ndern Sie das Layout und die Farben und aktualisieren Sie Ihre Inhalte, ohne zu programmieren. Klicken Sie, um den QR-Code zu speichern und den Installationscode des Widgets abzurufen, der problemlos in Ihre WordPress-Startseite eingef\u00fcgt werden kann, ohne eine kostenpflichtige Version kaufen zu m\u00fcssen. Mit dem benutzerfreundlichen Konfigurator kann jeder Internetnutzer online ein QR-Code-Widget erstellen und es einfach in die WordPress-Website einf\u00fcgen. F\u00fcr die Inanspruchnahme des Dienstes ist keine Zahlung oder Offenlegung Ihrer Kartendaten erforderlich. Wenn Sie auf Probleme jeglicher Art sto\u00dfen, wenden Sie sich bitte an unser technisches Support-Team.<\/p> <\/div>\r\n\t\t\t\t\t<\/div>\r\n\t\t\t\t<\/div> <\/div><\/div>","protected":false},"excerpt":{"rendered":"","protected":false},"author":9,"featured_media":0,"parent":2499,"menu_order":0,"comment_status":"closed","ping_status":"closed","template":"templates\/template-application-platform.php","meta":{"publish_to_discourse":"","publish_post_category":"","wpdc_auto_publish_overridden":"","wpdc_topic_tags":"","wpdc_pin_topic":"","wpdc_pin_until":"","discourse_post_id":"","discourse_permalink":"","wpdc_publishing_response":"","wpdc_publishing_error":"","footnotes":""},"class_list":["post-17711","page","type-page","status-publish","hentry"],"yoast_head":"<!-- This site is optimized with the Yoast SEO plugin v25.3.1 - https:\/\/yoast.com\/wordpress\/plugins\/seo\/ -->\n<title>QR-Code-Generator \u2013 QR-Code-Plugin zu WordPress hinzuf\u00fcgen [2025]<\/title>\n<meta name=\"description\" content=\"Erstellen Sie ganz einfach Ihren einzigartigen QR-Code-Generator f\u00fcr die WordPress-Website. Nutzen Sie einfach unsere Demo und Ihr Plugin ist in weniger als 2 Minuten erstellt.\" \/>\n<meta name=\"robots\" content=\"index, follow, max-snippet:-1, max-image-preview:large, max-video-preview:-1\" \/>\n<link rel=\"canonical\" href=\"https:\/\/elfsight.com\/de\/qr-code-widget\/wordpress\/\" \/>\n<meta property=\"og:locale\" content=\"de_DE\" \/>\n<meta property=\"og:type\" content=\"article\" \/>\n<meta property=\"og:title\" content=\"QR-Code-Generator \u2013 QR-Code-Plugin zu WordPress hinzuf\u00fcgen [2025]\" \/>\n<meta property=\"og:description\" content=\"Erstellen Sie ganz einfach Ihren einzigartigen QR-Code-Generator f\u00fcr die WordPress-Website. Nutzen Sie einfach unsere Demo und Ihr Plugin ist in weniger als 2 Minuten erstellt.\" \/>\n<meta property=\"og:url\" content=\"https:\/\/elfsight.com\/de\/qr-code-widget\/wordpress\/\" \/>\n<meta property=\"og:site_name\" content=\"Elfsight DE\" \/>\n<meta property=\"article:modified_time\" content=\"2025-07-09T14:20:32+00:00\" \/>\n<meta name=\"twitter:card\" content=\"summary_large_image\" \/>\n<meta name=\"twitter:label1\" content=\"Gesch\u00e4tzte Lesezeit\" \/>\n\t<meta name=\"twitter:data1\" content=\"3\u00a0Minuten\" \/>\n<!-- \/ Yoast SEO plugin. -->","yoast_head_json":{"title":"QR-Code-Generator \u2013 QR-Code-Plugin zu WordPress hinzuf\u00fcgen [2025]","description":"Erstellen Sie ganz einfach Ihren einzigartigen QR-Code-Generator f\u00fcr die WordPress-Website. Nutzen Sie einfach unsere Demo und Ihr Plugin ist in weniger als 2 Minuten erstellt.","robots":{"index":"index","follow":"follow","max-snippet":"max-snippet:-1","max-image-preview":"max-image-preview:large","max-video-preview":"max-video-preview:-1"},"canonical":"https:\/\/elfsight.com\/de\/qr-code-widget\/wordpress\/","og_locale":"de_DE","og_type":"article","og_title":"QR-Code-Generator \u2013 QR-Code-Plugin zu WordPress hinzuf\u00fcgen [2025]","og_description":"Erstellen Sie ganz einfach Ihren einzigartigen QR-Code-Generator f\u00fcr die WordPress-Website. Nutzen Sie einfach unsere Demo und Ihr Plugin ist in weniger als 2 Minuten erstellt.","og_url":"https:\/\/elfsight.com\/de\/qr-code-widget\/wordpress\/","og_site_name":"Elfsight DE","article_modified_time":"2025-07-09T14:20:32+00:00","twitter_card":"summary_large_image","twitter_misc":{"Gesch\u00e4tzte Lesezeit":"3\u00a0Minuten"},"schema":{"@context":"https:\/\/schema.org","@graph":[{"@type":"WebPage","@id":"https:\/\/elfsight.com\/de\/qr-code-widget\/wordpress\/","url":"https:\/\/elfsight.com\/de\/qr-code-widget\/wordpress\/","name":"QR-Code-Generator \u2013 QR-Code-Plugin zu WordPress hinzuf\u00fcgen [2025]","isPartOf":{"@id":"https:\/\/elfsight.com\/de\/#website"},"datePublished":"1970-01-01T00:00:00+00:00","dateModified":"2025-07-09T14:20:32+00:00","description":"Erstellen Sie ganz einfach Ihren einzigartigen QR-Code-Generator f\u00fcr die WordPress-Website. Nutzen Sie einfach unsere Demo und Ihr Plugin ist in weniger als 2 Minuten erstellt.","breadcrumb":{"@id":"https:\/\/elfsight.com\/de\/qr-code-widget\/wordpress\/#breadcrumb"},"inLanguage":"de","potentialAction":[{"@type":"ReadAction","target":["https:\/\/elfsight.com\/de\/qr-code-widget\/wordpress\/"]}]},{"@type":"BreadcrumbList","@id":"https:\/\/elfsight.com\/de\/qr-code-widget\/wordpress\/#breadcrumb","itemListElement":[{"@type":"ListItem","position":1,"name":"Home","item":"https:\/\/elfsight.com\/de\/"},{"@type":"ListItem","position":2,"name":"QR Code","item":"https:\/\/elfsight.com\/de\/qr-code-widget\/"},{"@type":"ListItem","position":3,"name":"QR Code &#8211; WordPress"}]},{"@type":"WebSite","@id":"https:\/\/elfsight.com\/de\/#website","url":"https:\/\/elfsight.com\/de\/","name":"Elfsight DE","description":"Just another Elfsight Sites site","potentialAction":[{"@type":"SearchAction","target":{"@type":"EntryPoint","urlTemplate":"https:\/\/elfsight.com\/de\/?s={search_term_string}"},"query-input":{"@type":"PropertyValueSpecification","valueRequired":true,"valueName":"search_term_string"}}],"inLanguage":"de"}]}},"meta_box":{"industry":"","seo_heading":"","heading":"","description":"","cta_heading":"","cta_description":"","application":"512","h1":"WordPress-QR-Code-Generator-Plugin","h1_caption":"Generieren und zeigen Sie m\u00fchelos einen QR-Code f\u00fcr den einfachen Zugriff auf URLs, WLAN, Visitenkarten und mehr auf Ihrer WordPress-Website an.","application_category":[],"applications_title":"","applications_request_title":"","applications_request_button_text":"","hero_text":"","hero_video":"","hero_video_schema_markup":"","selling_points_title":"","selling_points_caption":"","selling_points":[],"selling_points_cta_text":"","features_title":"","features":"","ed_cta_examples_text":"","ed_cta_examples_hidden":"","ed_cta_demo_text":"","ed_cta_demo_hidden":"","why_caption":"","why_editor_title":"","why_editor_text":"","why_team_title":"","why_team_text":"","why_service_title":"","why_service_text":"","template_catalog_visible":"","template_catalog_title":"","template_catalog_text":"","template_catalog_categories_visible":"","demo_title":"Erstellen Sie Ihr QR-Code-Plugin","demo_caption":"Konfigurieren Sie Ihren QR-Code und f\u00fcgen Sie ihn kostenlos zu Ihrer WordPress-Website hinzu!","default_faq_hidden":"","app_template_category":[],"platform":"266","template_public_id":"","codecanyon_url":"","codecanyon_item_id":"","codecanyon_price":"","pricing_caption":"","pricing_elfsight_apps_hide_column":"","pricing_elfsight_apps_url":"","pricing_codecanyon_price_caption":"","integration_category":[],"integration_request_title":"","integration_request_cta":"","integration_platform":"","integrations":[],"platform_category":[],"video_schema_markup":"","price":"ab 0 $ \/ Monat","trial":"","benefits":[{"text":"Kostenloser Installationsservice"},{"text":"Premium-Support"},{"text":"14-t\u00e4gige R\u00fcckerstattungsgarantie"},{"text":"St\u00e4ndige Aktualisierung"}],"button_url":"#demo","button_target_blank":"","button_nofollow":"","attributes":[{"name":"Installiert","content":"10,000 - 100,000"},{"name":"Reaktionsfreudig","content":"Ja"},{"name":"Kompatible Browser","content":"Firefox, Safari, Opera, Chrome, Edge"}],"tags":[],"tags_disable_links":"","hide_more_platforms":"","video_object":"","demo_hide_cta":"","demo_hide_cloud_options":"","pricing_title":"","pricing":[{"pricing_icon":"platform","pricing_title":"Elfsight Apps","pricing_title_caption":"Plattformunabh\u00e4ngige L\u00f6sung, die f\u00fcr jede Website geeignet ist","pricing_price":"ab 0 $ \/ Monat","pricing_price_caption":"Beginnen Sie mit einem kostenlosen Plan","pricing_benefits":[{"text":"Unbegrenzte Websites"},{"text":"Unternehmensunterst\u00fctzung rund um die Uhr"},{"text":"Kostenlose Installationsunterst\u00fctzung"},{"text":"Sonderpreis f\u00fcr mehrere Apps"}],"pricing_button_text":"Zur Website hinzuf\u00fcgen","pricing_button_url":"#demo"}],"related_apps_title":"","related_apps_hidden":"","author":"","image":[],"title":"","job":"","social_networks":[]},"_links":{"self":[{"href":"https:\/\/elfsight.com\/de\/wp-json\/wp\/v2\/pages\/17711","targetHints":{"allow":["GET"]}}],"collection":[{"href":"https:\/\/elfsight.com\/de\/wp-json\/wp\/v2\/pages"}],"about":[{"href":"https:\/\/elfsight.com\/de\/wp-json\/wp\/v2\/types\/page"}],"author":[{"embeddable":true,"href":"https:\/\/elfsight.com\/de\/wp-json\/wp\/v2\/users\/9"}],"replies":[{"embeddable":true,"href":"https:\/\/elfsight.com\/de\/wp-json\/wp\/v2\/comments?post=17711"}],"version-history":[{"count":1,"href":"https:\/\/elfsight.com\/de\/wp-json\/wp\/v2\/pages\/17711\/revisions"}],"predecessor-version":[{"id":17715,"href":"https:\/\/elfsight.com\/de\/wp-json\/wp\/v2\/pages\/17711\/revisions\/17715"}],"up":[{"embeddable":true,"href":"https:\/\/elfsight.com\/de\/wp-json\/wp\/v2\/pages\/2499"}],"wp:attachment":[{"href":"https:\/\/elfsight.com\/de\/wp-json\/wp\/v2\/media?parent=17711"}],"curies":[{"name":"wp","href":"https:\/\/api.w.org\/{rel}","templated":true}]}}