{"id":17706,"date":"1970-01-01T00:00:00","date_gmt":"1970-01-01T00:00:00","guid":{"rendered":"https:\/\/elfsight.com\/de\/?page_id=17706"},"modified":"2025-02-20T09:52:37","modified_gmt":"2025-02-20T09:52:37","slug":"shopify","status":"publish","type":"page","link":"https:\/\/elfsight.com\/de\/pricing-table-plugin\/shopify\/","title":{"rendered":"Pricing Table &#8211; Shopify"},"content":{"rendered":"\n<div class=\"application-platform-content-item-description application-platform-content-item\" id=\"description\" data-nav-section=\"description\"><h2>Preistabelle auf Shopify mit dem Elfsight-Widget einbetten<\/h2><p>Die Preisgestaltung spielt eine der Hauptrollen, wenn es darum geht, Besucher zum Kauf zu bewegen oder etwas bestellen. Mit der App von Elfsight k\u00f6nnen Kunden der Website nicht nur sehr schnell mehrere Preisoptionen pr\u00fcfen und analysieren. Dank der neuesten Schnittstellen- und Modellierungstrends tr\u00e4gt es auch zur Steigerung der Konvertierung bei.<\/p><p><b>Erh\u00f6hen Sie den Umsatz Ihrer Website mit Hilfe einer effektiven Preisgestaltung.<\/b><\/p><p>&nbsp;<\/p><ul><li><b>Finden Sie mehr Kunden<\/b>.<br>Nutzen Sie alle leistungsstarken Tools des Designs, um alle Missverst\u00e4ndnisse und Zweifel zu beseitigen, die Ihr Kunde bei der Entstehung hegt ihre Schritte, um auf Ihrer Website einzukaufen \u2013 und die maximale Conversion zu erzielen.<\/li><li><b>Sofortige und effektive Anpassung<\/b>.<br>Aufgrund einer gro\u00dfen Anzahl von Optionen, die es erm\u00f6glichen, unterschiedliche Preise in einem zu erstellen In wenigen Minuten erhalten Sie das, was f\u00fcr Ihre Website am effektivsten ist.<\/li><li><b>Schreiben Sie mehr \u00fcber Ihre Angebote<\/b>.<br>Erz\u00e4hlen Sie mehr \u00fcber jeden Ihrer Preispl\u00e4ne und zeigen Sie ihn an Sie \u00fcber eine ma\u00dfgeschneiderte App, sodass Benutzer Ihre Pl\u00e4ne schnell pr\u00fcfen und analysieren k\u00f6nnen.<\/li><\/ul><\/div><div class=\"application-platform-content-item-features application-platform-content-item\" id=\"features\" data-nav-section=\"features\"><h2>Hauptfunktionen des Preistabellen-Widgets<\/h2><p>Die Vorteile, die unsere App zur besten Preistabelle f\u00fcr Shopify-Websites machen.<\/p><ul><li>2 vordefinierte Arten von Rahmenradien und 4 vordefinierte Arten von Rahmenbreiten;<\/li><li>Liste der anpassbaren Funktionen, komplett mit Funktionssymbolen, Hinweisen und einer unbegrenzten Anzahl von Funktionen;<\/li><li>Die Farbelemente jeder Spalte k\u00f6nnen individuell angepasst werden;<\/li><li>Anpassbarer Radius und Breite des Schaltfl\u00e4chenrahmens;<\/li><li>F\u00fcr Mobilger\u00e4te optimiertes Layout.<\/li><\/ul><p><a href=\"#demo\">Sie k\u00f6nnen alle Vorteile mithilfe einer Live-Demo testen<\/a><\/p><\/div> <div class=\"application-platform-content-item-installation application-platform-content-item\" id=\"installation\" data-nav-section=\"installation\"><h2>So f\u00fcgen Sie eine Preistabelle zur Shopify-Website hinzu<\/h2><div class=\"video-container\"><iframe width=\"560\" height=\"315\" src=\"https:\/\/www.youtube.com\/embed\/4RUBRdMHAc8?si=nAc0FQEYyDbNQxMM\" frameborder=\"0\" allow=\"accelerometer; autoplay; clipboard-write; encrypted-media; gyroscope; picture-in-picture; web-share\" allowfullscreen><\/iframe><\/div><p>Ein Tutorial zum Einrichten der App. Um es zu erf\u00fcllen, ben\u00f6tigen Sie weder Programmiererfahrung noch viel Zeit. Machen Sie 3 einfache Schritte, die 1 Minute Ihrer Zeit in Anspruch nehmen.<\/p><ol><li><b>Verwalten Sie unseren kostenlosen Konfigurator und beginnen Sie mit der Arbeit mit Ihrer personalisierten App. <\/b><br> W\u00e4hlen Sie die bevorzugte Benutzeroberfl\u00e4che und Optionen der App und speichern Sie alle \u00c4nderungen. <\/li> <li><b>Holen Sie sich Ihren einzigartigen Code, der im Feld von Elfsight Apps angezeigt wird. <\/b><br> Kopieren Sie unmittelbar nach Abschluss der Generierung Ihrer pers\u00f6nlichen App den individuellen Code aus dem angezeigten Popup und speichern Sie ihn f\u00fcr die weitere Verwendung. <\/li> <li><b>Initiieren Sie die Nutzung der App auf der Shopify-Website. <\/b><br> Geben Sie den Code ein, den Sie k\u00fcrzlich auf Ihrer Website gespeichert haben, und speichern Sie die \u00c4nderungen. <\/li> <li><b>Die Installation ist vollst\u00e4ndig beendet. <\/b><br> Besuchen Sie Ihre Website, um zu sehen, wie die App funktioniert. <\/li><\/ol><p>Haben Sie bei der Installation der App Fragen? Lesen Sie unser ausf\u00fchrliches Handbuch \u201e<a href=\"https:\/\/elfsight.com\/tutorials\/how-to-add-pricing-table-to-shopify\/\" target=\"_blank\" rel=\"noopener noreferrer\">Wie man einf\u00fcgt Preistabelle in ein Shopify integrieren<\/a>\u00bb oder wenden Sie sich an unser Support-Team, das alle Probleme schnell l\u00f6sen wird.<\/p><div class=\"faq\" data-component=\"FAQ\"> <div class=\"faq-item\">\r\n\t\t\t\t\t<div class=\"faq-item-question\">\r\n\t\t\t\t\t\t<h3 class=\"faq-item-question-text\">Wie kann ich eine Preistabelle ohne Programmierkenntnisse zu meiner Shopify-Website hinzuf\u00fcgen?<\/h3>\r\n\r\n\t\t\t\t\t\t<div class=\"faq-item-question-icon\"><\/div>\r\n\t\t\t\t\t<\/div>\r\n\r\n\t\t\t\t\t<div class=\"faq-item-answer\">\r\n\t\t\t\t\t\t<div class=\"faq-item-answer-text\"> <p>Elfsight bietet eine SaaS-L\u00f6sung, mit der Sie selbst ein Preistabellen-Widget erstellen k\u00f6nnen. Sehen Sie, wie einfach der Vorgang ist: Arbeiten Sie direkt im Online-Editor, um ein Preistabellen-Widget zu erstellen, auf dem Sie es gerne sehen w\u00fcrden Ihre Shopify-Website. W\u00e4hlen Sie eine der vorgefertigten Vorlagen aus und passen Sie die Einstellungen der Preistabelle an, f\u00fcgen Sie Ihre Inhalte hinzu, \u00e4ndern Sie das Layout und die Farben ohne Programmierkenntnisse. Speichern Sie die Preistabelle und kopieren Sie den Installationscode, den Sie problemlos in Ihre Shopify-Website einbetten k\u00f6nnen, ohne einen kostenpflichtigen Plan kaufen zu m\u00fcssen. Mit unserem intuitiven Editor kann jeder Internetnutzer online ein Preistabellen-Widget erstellen und es einfach in seine Shopify-Website einbetten. Sie m\u00fcssen weder bezahlen noch Ihre Kartendaten eingeben, um auf den Service zuzugreifen. Sollten bei irgendeinem Schritt Probleme auftreten, wenden Sie sich bitte an unser technisches Support-Team.<\/p> <\/div>\r\n\t\t\t\t\t<\/div>\r\n\t\t\t\t<\/div> <\/div> <\/div>\n","protected":false},"excerpt":{"rendered":"","protected":false},"author":9,"featured_media":0,"parent":798,"menu_order":0,"comment_status":"closed","ping_status":"closed","template":"templates\/template-application-platform.php","meta":{"publish_to_discourse":"","publish_post_category":"","wpdc_auto_publish_overridden":"","wpdc_topic_tags":"","wpdc_pin_topic":"","wpdc_pin_until":"","discourse_post_id":"","discourse_permalink":"","wpdc_publishing_response":"","wpdc_publishing_error":"","footnotes":""},"class_list":["post-17706","page","type-page","status-publish","hentry"],"yoast_head":"<!-- This site is optimized with the Yoast SEO plugin v25.3.1 - https:\/\/yoast.com\/wordpress\/plugins\/seo\/ -->\n<title>Preistabelle \u2013 Preis-App zum Shopify-Shop hinzuf\u00fcgen (in 2 Minuten)<\/title>\n<meta name=\"description\" content=\"Holen Sie sich die Preistabellen-App f\u00fcr Shopify in nur 1 Minute. Sehen Sie sich alle wichtigen Vorteile des Widgets mit den besten Preisen im kostenlosen Panel an.\" \/>\n<meta name=\"robots\" content=\"index, follow, max-snippet:-1, max-image-preview:large, max-video-preview:-1\" \/>\n<link rel=\"canonical\" href=\"https:\/\/elfsight.com\/de\/pricing-table-plugin\/shopify\/\" \/>\n<meta property=\"og:locale\" content=\"de_DE\" \/>\n<meta property=\"og:type\" content=\"article\" \/>\n<meta property=\"og:title\" content=\"Preistabelle \u2013 Preis-App zum Shopify-Shop hinzuf\u00fcgen (in 2 Minuten)\" \/>\n<meta property=\"og:description\" content=\"Holen Sie sich die Preistabellen-App f\u00fcr Shopify in nur 1 Minute. Sehen Sie sich alle wichtigen Vorteile des Widgets mit den besten Preisen im kostenlosen Panel an.\" \/>\n<meta property=\"og:url\" content=\"https:\/\/elfsight.com\/de\/pricing-table-plugin\/shopify\/\" \/>\n<meta property=\"og:site_name\" content=\"Elfsight DE\" \/>\n<meta property=\"article:modified_time\" content=\"2025-02-20T09:52:37+00:00\" \/>\n<meta name=\"twitter:card\" content=\"summary_large_image\" \/>\n<meta name=\"twitter:label1\" content=\"Gesch\u00e4tzte Lesezeit\" \/>\n\t<meta name=\"twitter:data1\" content=\"4\u00a0Minuten\" \/>\n<!-- \/ Yoast SEO plugin. -->","yoast_head_json":{"title":"Preistabelle \u2013 Preis-App zum Shopify-Shop hinzuf\u00fcgen (in 2 Minuten)","description":"Holen Sie sich die Preistabellen-App f\u00fcr Shopify in nur 1 Minute. Sehen Sie sich alle wichtigen Vorteile des Widgets mit den besten Preisen im kostenlosen Panel an.","robots":{"index":"index","follow":"follow","max-snippet":"max-snippet:-1","max-image-preview":"max-image-preview:large","max-video-preview":"max-video-preview:-1"},"canonical":"https:\/\/elfsight.com\/de\/pricing-table-plugin\/shopify\/","og_locale":"de_DE","og_type":"article","og_title":"Preistabelle \u2013 Preis-App zum Shopify-Shop hinzuf\u00fcgen (in 2 Minuten)","og_description":"Holen Sie sich die Preistabellen-App f\u00fcr Shopify in nur 1 Minute. Sehen Sie sich alle wichtigen Vorteile des Widgets mit den besten Preisen im kostenlosen Panel an.","og_url":"https:\/\/elfsight.com\/de\/pricing-table-plugin\/shopify\/","og_site_name":"Elfsight DE","article_modified_time":"2025-02-20T09:52:37+00:00","twitter_card":"summary_large_image","twitter_misc":{"Gesch\u00e4tzte Lesezeit":"4\u00a0Minuten"},"schema":{"@context":"https:\/\/schema.org","@graph":[{"@type":"WebPage","@id":"https:\/\/elfsight.com\/de\/pricing-table-plugin\/shopify\/","url":"https:\/\/elfsight.com\/de\/pricing-table-plugin\/shopify\/","name":"Preistabelle \u2013 Preis-App zum Shopify-Shop hinzuf\u00fcgen (in 2 Minuten)","isPartOf":{"@id":"https:\/\/elfsight.com\/de\/#website"},"datePublished":"1970-01-01T00:00:00+00:00","dateModified":"2025-02-20T09:52:37+00:00","description":"Holen Sie sich die Preistabellen-App f\u00fcr Shopify in nur 1 Minute. Sehen Sie sich alle wichtigen Vorteile des Widgets mit den besten Preisen im kostenlosen Panel an.","breadcrumb":{"@id":"https:\/\/elfsight.com\/de\/pricing-table-plugin\/shopify\/#breadcrumb"},"inLanguage":"de","potentialAction":[{"@type":"ReadAction","target":["https:\/\/elfsight.com\/de\/pricing-table-plugin\/shopify\/"]}]},{"@type":"BreadcrumbList","@id":"https:\/\/elfsight.com\/de\/pricing-table-plugin\/shopify\/#breadcrumb","itemListElement":[{"@type":"ListItem","position":1,"name":"Home","item":"https:\/\/elfsight.com\/de\/"},{"@type":"ListItem","position":2,"name":"Pricing Table","item":"https:\/\/elfsight.com\/de\/pricing-table-plugin\/"},{"@type":"ListItem","position":3,"name":"Pricing Table &#8211; Shopify"}]},{"@type":"WebSite","@id":"https:\/\/elfsight.com\/de\/#website","url":"https:\/\/elfsight.com\/de\/","name":"Elfsight DE","description":"Just another Elfsight Sites site","potentialAction":[{"@type":"SearchAction","target":{"@type":"EntryPoint","urlTemplate":"https:\/\/elfsight.com\/de\/?s={search_term_string}"},"query-input":{"@type":"PropertyValueSpecification","valueRequired":true,"valueName":"search_term_string"}}],"inLanguage":"de"}]}},"meta_box":{"industry":"","seo_heading":"","heading":"","description":"","cta_heading":"","cta_description":"","application":"468","h1":"Preistabellen-App f\u00fcr Shopify","h1_caption":"Pr\u00e4sentieren Sie Ihre Preisoptionen klar und attraktiv und helfen Sie Kunden, m\u00fchelos den richtigen Plan f\u00fcr ihre Bed\u00fcrfnisse auf Ihrer Shopify-Website auszuw\u00e4hlen.","application_category":[],"applications_title":"","applications_request_title":"","applications_request_button_text":"","hero_text":"","hero_video":"","hero_video_schema_markup":"","selling_points_title":"","selling_points_caption":"","selling_points":[],"selling_points_cta_text":"","features_title":"","features":"","ed_cta_examples_text":"","ed_cta_examples_hidden":"","ed_cta_demo_text":"","ed_cta_demo_hidden":"","why_caption":"","why_editor_title":"","why_editor_text":"","why_team_title":"","why_team_text":"","why_service_title":"","why_service_text":"","template_catalog_visible":"0","template_catalog_title":"","template_catalog_text":"","template_catalog_categories_visible":"","demo_title":"Erstellen Sie Ihre Preistabellen-App","demo_caption":"Konfigurieren Sie Ihre Preistabelle und f\u00fcgen Sie sie kostenlos zu Ihrer Shopify-Website hinzu!","default_faq_hidden":"","app_template_category":[],"platform":"253","template_public_id":"","codecanyon_url":"","codecanyon_item_id":"","codecanyon_price":"","pricing_caption":"","pricing_elfsight_apps_hide_column":"","pricing_elfsight_apps_url":"","pricing_codecanyon_price_caption":"","integration_category":[],"integration_request_title":"","integration_request_cta":"","integration_platform":"","integrations":[],"platform_category":[],"video_schema_markup":"","price":"ab 0 $ \/ Monat","trial":"","benefits":[{"text":"Kostenloser Installationsservice"},{"text":"Premium-Support"},{"text":"14-t\u00e4gige Geld-zur\u00fcck-Garantie"},{"text":"Kontinuierliche kostenlose Updates"}],"button_url":"#demo","button_target_blank":"0","button_nofollow":"0","attributes":[{"name":"Installiert","content":"10,000 - 100,000"},{"name":"Reaktionsfreudig","content":"Ja"},{"name":"Kompatible Browser","content":"Firefox, Safari, Opera, Chrome, Edge"}],"tags":[],"tags_disable_links":"0","hide_more_platforms":"0","video_object":"","demo_hide_cta":"0","demo_hide_cloud_options":"0","pricing_title":"","pricing":[{"pricing_icon":"platform","pricing_title":"Elfsight Apps","pricing_title_caption":"Plattform\u00fcbergreifende Version, die auf jeder Website funktioniert (einschlie\u00dflich Shopify)","pricing_price":"ab 0 $ \/ Monat","pricing_price_caption":"Beginnen Sie mit dem kostenlosen Plan","pricing_benefits":[{"text":"Unbegrenzte Websites"},{"text":"Sonderangebot f\u00fcr mehrere Apps"},{"text":"Premium-Support"},{"text":"Kostenloser Installationsservice"}],"pricing_button_text":"Zur Website hinzuf\u00fcgen","pricing_button_url":"#demo"}],"related_apps_title":"","related_apps_hidden":"0","author":"","image":[],"title":"","job":"","social_networks":[]},"_links":{"self":[{"href":"https:\/\/elfsight.com\/de\/wp-json\/wp\/v2\/pages\/17706","targetHints":{"allow":["GET"]}}],"collection":[{"href":"https:\/\/elfsight.com\/de\/wp-json\/wp\/v2\/pages"}],"about":[{"href":"https:\/\/elfsight.com\/de\/wp-json\/wp\/v2\/types\/page"}],"author":[{"embeddable":true,"href":"https:\/\/elfsight.com\/de\/wp-json\/wp\/v2\/users\/9"}],"replies":[{"embeddable":true,"href":"https:\/\/elfsight.com\/de\/wp-json\/wp\/v2\/comments?post=17706"}],"version-history":[{"count":4,"href":"https:\/\/elfsight.com\/de\/wp-json\/wp\/v2\/pages\/17706\/revisions"}],"predecessor-version":[{"id":24509,"href":"https:\/\/elfsight.com\/de\/wp-json\/wp\/v2\/pages\/17706\/revisions\/24509"}],"up":[{"embeddable":true,"href":"https:\/\/elfsight.com\/de\/wp-json\/wp\/v2\/pages\/798"}],"wp:attachment":[{"href":"https:\/\/elfsight.com\/de\/wp-json\/wp\/v2\/media?parent=17706"}],"curies":[{"name":"wp","href":"https:\/\/api.w.org\/{rel}","templated":true}]}}