{"id":17705,"date":"1970-01-01T00:00:00","date_gmt":"1970-01-01T00:00:00","guid":{"rendered":"https:\/\/elfsight.com\/de\/?page_id=17705"},"modified":"2025-12-25T12:53:33","modified_gmt":"2025-12-25T12:53:33","slug":"wix","status":"publish","type":"page","link":"https:\/\/elfsight.com\/de\/pricing-table-plugin\/wix\/","title":{"rendered":"Pricing Table &#8211; Wix"},"content":{"rendered":"\n<div class=\"application-platform-content-item-description application-platform-content-item\" id=\"description\" data-nav-section=\"description\"><h2>Beschreibung<\/h2><p>Die Preisgestaltung spielt eine der grundlegenden Rollen, wenn es darum geht, Benutzer dazu zu bewegen, auf Ihrer Website zu bestellen. Die App unseres Teams hilft den Kunden der Website nicht nur, schnell und einfach mehrere Preisangebote zu visualisieren und zu vergleichen. Durch die Verwendung der neuesten Design- und Layouttrends tr\u00e4gt es au\u00dferdem zu einer h\u00f6heren Konversionsrate bei.<\/p><p><b>Erh\u00f6hen Sie den Umsatz Ihrer Website mithilfe intelligenter Preisgestaltung.<\/b><\/p><ul> <li><b>Mehr Kunden gewinnen<\/b>.<br>Verwenden Sie verschiedene effiziente Tricks der Preisgestaltung, um alle \u00c4ngste und Zweifel Ihrer Kunden, die auf dem Weg zum Kauf auftauchen k\u00f6nnten, zu zerschlagen und die bestm\u00f6gliche Conversion zu erzielen. <\/li><li><b>App in nur 90 Sekunden einrichten<\/b>.<br>Nehmen Sie sich ein paar Minuten Zeit, um eine ideale App zu erstellen. W\u00e4hlen Sie alle erforderlichen Schnittstellenparameter und detaillierten Informationen aus, um sie mit nur einem Klick anzuzeigen.<\/li><li><b>Machen Sie Ihre Preise f\u00fcr Kunden attraktiv<\/b>.<br>\u00c4ndern Sie verschiedene Farben, platzieren Sie Einheiten und f\u00fcgen Sie Bilder hinzu , um Ihre Preise f\u00fcr Kunden attraktiv zu gestalten und die Kaufentscheidung positiv zu beeinflussen.<\/li><\/ul><\/div><div class=\"application-platform-content-item-features application-platform-content-item\" id=\"features\" data-nav-section=\"features\"><h2>Funktionen<\/h2><p>Die Vorteile Das macht unsere App zur besten Preistabelle f\u00fcr Wix-Websites.<\/p><ul><li>6 vordefinierte Spaltenelemente, die angeordnet und angepasst werden k\u00f6nnen, um das perfekte Aussehen zu erhalten;<\/li><li>5 vordefinierte Skins, mit verschiedenen Farbschemata;<\/li><li>3 vordefinierte Funktionsstile;<\/li><li>Verkn\u00fcpfung des Buttons mit der gew\u00fcnschten Seite;<\/li><li>F\u00fcr Mobilger\u00e4te optimiertes Layout.<\/li><\/ul><p><a href=\"#demo\">Sie k\u00f6nnen alle Vorteile in einer Live-Demo ausprobieren<\/a><\/p><\/div><div class=\"application-platform-content-item-installation application-platform-content-item\" id=\"installation\" data-nav-section=\"installation\"><h2>So f\u00fcgen Sie eine Preistabelle hinzu zur Website von Wix<\/h2><div class=\"video-container\">\n  <iframe allowfullscreen=\"\" frameborder=\"0\" height=\"405\" src=\"https:\/\/www.youtube.com\/embed\/paL5984Ivz4?si=ZUJcllHAiDuUMXlr\" width=\"720\"><\/iframe>\n<\/div><p>Eine Anleitung zur Integration unserer App. Um dies durchzuf\u00fchren, ben\u00f6tigen Sie weder Programmierkenntnisse noch viel Zeit. Nur ein paar schnelle Aktionen und 3 Minuten.<\/p><ol><li><b>Erstellen Sie Ihre einzigartige Preistabelle<\/b>.<br> Mit unserem <a href=\"#demo\">kostenlosen Editor<\/a> Erstellen Sie ein Widget mit dem erforderlichen Aussehen und den erforderlichen Funktionen.<\/li><li><b>Kopieren Sie einen Code zum Hinzuf\u00fcgen der App<\/b>.<br> Rufen Sie nach der Widget-Erstellung im angezeigten Fenster einen Code f\u00fcr das Preis-Widget ab Elfsight Apps.<\/li><li><b>Platzieren Sie die App auf der Website von Wix<\/b>.<br> Zeigen Sie das Widget an der gew\u00fcnschten Stelle der Website an und ver\u00f6ffentlichen Sie die \u00c4nderungen.<\/li><li><b>Sie haben die Installation vollst\u00e4ndig abgeschlossen!<\/b><br> Besuchen Sie Ihre Website, um Ihre Arbeit zu sehen.<\/li><\/ol><p>Haben Sie Fragen zur Einrichtung der App? Schauen Sie sich unsere ausf\u00fchrliche Anleitung an: Preistabelle in ein Wix integrieren<\/a>\u00bb oder wenden Sie sich an unseren Kundensupport, der alle Probleme schnell l\u00f6sen wird.<\/p><div class=\"faq\" data-component=\"FAQ\"> <div class=\"faq-item\">\r\n\t\t\t\t\t<div class=\"faq-item-question\">\r\n\t\t\t\t\t\t<h3 class=\"faq-item-question-text\">Wie kann ich ohne Programmieraufwand eine Preistabelle zu meiner Wix-Website hinzuf\u00fcgen?<\/h3>\r\n\r\n\t\t\t\t\t\t<div class=\"faq-item-question-icon\"><\/div>\r\n\t\t\t\t\t<\/div>\r\n\r\n\t\t\t\t\t<div class=\"faq-item-answer\">\r\n\t\t\t\t\t\t<div class=\"faq-item-answer-text\"> <p>Elfsight bietet eine SaaS-L\u00f6sung, mit der Sie selbst ein Preistabellen-Widget erstellen k\u00f6nnen. Sehen Sie, wie einfach der Vorgang ist: Arbeiten Sie direkt im Online-Editor, um ein Preistabellen-Widget zu erstellen, das Sie gerne auf Ihrer Wix-Website sehen w\u00fcrden . W\u00e4hlen Sie eine der vorgefertigten Vorlagen aus und passen Sie die Einstellungen der Preistabelle an, f\u00fcgen Sie Ihre Inhalte hinzu, \u00e4ndern Sie das Layout und die Farben ohne Programmierkenntnisse. Speichern Sie die Preistabelle und kopieren Sie den Installationscode, den Sie in Ihre Wix-Website einbetten k\u00f6nnen, ohne eine kostenpflichtige Version zu kaufen. Mit unserem intuitiven Editor kann jeder Internetnutzer online ein Preistabellen-Widget erstellen und es einfach in seine Wix-Website einbetten. Sie m\u00fcssen weder bezahlen noch Ihre Kartendaten eingeben, um auf den Service zuzugreifen. Sollten bei irgendeinem Schritt Probleme auftreten, wenden Sie sich bitte an unser technisches Support-Team.<\/p> <\/div>\r\n\t\t\t\t\t<\/div>\r\n\t\t\t\t<\/div> <\/div> <\/div>\n","protected":false},"excerpt":{"rendered":"","protected":false},"author":9,"featured_media":0,"parent":798,"menu_order":0,"comment_status":"closed","ping_status":"closed","template":"templates\/template-application-platform.php","meta":{"publish_to_discourse":"","publish_post_category":"","wpdc_auto_publish_overridden":"","wpdc_topic_tags":"","wpdc_pin_topic":"","wpdc_pin_until":"","discourse_post_id":"","discourse_permalink":"","wpdc_publishing_response":"","wpdc_publishing_error":"","footnotes":""},"class_list":["post-17705","page","type-page","status-publish","hentry"],"yoast_head":"<!-- This site is optimized with the Yoast SEO plugin v25.3.1 - https:\/\/yoast.com\/wordpress\/plugins\/seo\/ -->\n<title>Preistabelle \u2013 Preis-App zur Website von Wix hinzuf\u00fcgen (einfach und schnell)<\/title>\n<meta name=\"description\" content=\"F\u00fcgen Sie die Pricing Table-App f\u00fcr Wix in nur 2 Minuten hinzu. Probieren Sie alle herausragenden Funktionen des Best-Pricing-Widgets in der kostenlosen Demo aus.\" \/>\n<meta name=\"robots\" content=\"index, follow, max-snippet:-1, max-image-preview:large, max-video-preview:-1\" \/>\n<link rel=\"canonical\" href=\"https:\/\/elfsight.com\/de\/pricing-table-plugin\/wix\/\" \/>\n<meta property=\"og:locale\" content=\"de_DE\" \/>\n<meta property=\"og:type\" content=\"article\" \/>\n<meta property=\"og:title\" content=\"Preistabelle \u2013 Preis-App zur Website von Wix hinzuf\u00fcgen (einfach und schnell)\" \/>\n<meta property=\"og:description\" content=\"F\u00fcgen Sie die Pricing Table-App f\u00fcr Wix in nur 2 Minuten hinzu. Probieren Sie alle herausragenden Funktionen des Best-Pricing-Widgets in der kostenlosen Demo aus.\" \/>\n<meta property=\"og:url\" content=\"https:\/\/elfsight.com\/de\/pricing-table-plugin\/wix\/\" \/>\n<meta property=\"og:site_name\" content=\"Elfsight DE\" \/>\n<meta property=\"article:modified_time\" content=\"2025-12-25T12:53:33+00:00\" \/>\n<meta name=\"twitter:card\" content=\"summary_large_image\" \/>\n<meta name=\"twitter:label1\" content=\"Gesch\u00e4tzte Lesezeit\" \/>\n\t<meta name=\"twitter:data1\" content=\"3\u00a0Minuten\" \/>\n<!-- \/ Yoast SEO plugin. -->","yoast_head_json":{"title":"Preistabelle \u2013 Preis-App zur Website von Wix hinzuf\u00fcgen (einfach und schnell)","description":"F\u00fcgen Sie die Pricing Table-App f\u00fcr Wix in nur 2 Minuten hinzu. Probieren Sie alle herausragenden Funktionen des Best-Pricing-Widgets in der kostenlosen Demo aus.","robots":{"index":"index","follow":"follow","max-snippet":"max-snippet:-1","max-image-preview":"max-image-preview:large","max-video-preview":"max-video-preview:-1"},"canonical":"https:\/\/elfsight.com\/de\/pricing-table-plugin\/wix\/","og_locale":"de_DE","og_type":"article","og_title":"Preistabelle \u2013 Preis-App zur Website von Wix hinzuf\u00fcgen (einfach und schnell)","og_description":"F\u00fcgen Sie die Pricing Table-App f\u00fcr Wix in nur 2 Minuten hinzu. Probieren Sie alle herausragenden Funktionen des Best-Pricing-Widgets in der kostenlosen Demo aus.","og_url":"https:\/\/elfsight.com\/de\/pricing-table-plugin\/wix\/","og_site_name":"Elfsight DE","article_modified_time":"2025-12-25T12:53:33+00:00","twitter_card":"summary_large_image","twitter_misc":{"Gesch\u00e4tzte Lesezeit":"3\u00a0Minuten"},"schema":{"@context":"https:\/\/schema.org","@graph":[{"@type":"WebPage","@id":"https:\/\/elfsight.com\/de\/pricing-table-plugin\/wix\/","url":"https:\/\/elfsight.com\/de\/pricing-table-plugin\/wix\/","name":"Preistabelle \u2013 Preis-App zur Website von Wix hinzuf\u00fcgen (einfach und schnell)","isPartOf":{"@id":"https:\/\/elfsight.com\/de\/#website"},"datePublished":"1970-01-01T00:00:00+00:00","dateModified":"2025-12-25T12:53:33+00:00","description":"F\u00fcgen Sie die Pricing Table-App f\u00fcr Wix in nur 2 Minuten hinzu. Probieren Sie alle herausragenden Funktionen des Best-Pricing-Widgets in der kostenlosen Demo aus.","breadcrumb":{"@id":"https:\/\/elfsight.com\/de\/pricing-table-plugin\/wix\/#breadcrumb"},"inLanguage":"de","potentialAction":[{"@type":"ReadAction","target":["https:\/\/elfsight.com\/de\/pricing-table-plugin\/wix\/"]}]},{"@type":"BreadcrumbList","@id":"https:\/\/elfsight.com\/de\/pricing-table-plugin\/wix\/#breadcrumb","itemListElement":[{"@type":"ListItem","position":1,"name":"Home","item":"https:\/\/elfsight.com\/de\/"},{"@type":"ListItem","position":2,"name":"Pricing Table","item":"https:\/\/elfsight.com\/de\/pricing-table-plugin\/"},{"@type":"ListItem","position":3,"name":"Pricing Table &#8211; Wix"}]},{"@type":"WebSite","@id":"https:\/\/elfsight.com\/de\/#website","url":"https:\/\/elfsight.com\/de\/","name":"Elfsight DE","description":"Just another Elfsight Sites site","potentialAction":[{"@type":"SearchAction","target":{"@type":"EntryPoint","urlTemplate":"https:\/\/elfsight.com\/de\/?s={search_term_string}"},"query-input":{"@type":"PropertyValueSpecification","valueRequired":true,"valueName":"search_term_string"}}],"inLanguage":"de"}]}},"meta_box":{"industry":"","seo_heading":"","heading":"","description":"","cta_heading":"","cta_description":"","application":"468","h1":"Preistabellen-App f\u00fcr Wix","h1_caption":"Pr\u00e4sentieren Sie Ihre Preisoptionen klar und attraktiv und helfen Sie Kunden, m\u00fchelos den richtigen Plan f\u00fcr ihre Bed\u00fcrfnisse auf Ihrer Wix-Website auszuw\u00e4hlen.","application_category":[],"applications_title":"","applications_request_title":"","applications_request_button_text":"","hero_text":"","hero_video":"","hero_video_schema_markup":"","selling_points_title":"","selling_points_caption":"","selling_points":[],"selling_points_cta_text":"","features_title":"","features":"","ed_cta_examples_text":"","ed_cta_examples_hidden":"","ed_cta_demo_text":"","ed_cta_demo_hidden":"","why_caption":"","why_editor_title":"","why_editor_text":"","why_team_title":"","why_team_text":"","why_service_title":"","why_service_text":"","template_catalog_visible":"0","template_catalog_title":"","template_catalog_text":"","template_catalog_categories_visible":"","demo_title":"Erstellen Sie Ihre Preistabellen-App","demo_caption":"Konfigurieren Sie Ihre Preistabelle und f\u00fcgen Sie sie kostenlos zu Ihrer Wix-Website hinzu!","default_faq_hidden":"","app_template_category":[],"platform":"265","template_public_id":"","codecanyon_url":"","codecanyon_item_id":"","codecanyon_price":"","pricing_caption":"","pricing_elfsight_apps_hide_column":"","pricing_elfsight_apps_url":"","pricing_codecanyon_price_caption":"","integration_category":[],"integration_request_title":"","integration_request_cta":"","integration_platform":"","integrations":[],"platform_category":[],"video_schema_markup":"","price":"ab 0 $ \/ Monat","trial":"","benefits":[{"text":"Kostenlose Installationshilfe"},{"text":"Professioneller Kundenservice"},{"text":"14-t\u00e4gige R\u00fcckerstattungsgarantie"},{"text":"Lebenslange Updates"}],"button_url":"#demo","button_target_blank":"0","button_nofollow":"0","attributes":[{"name":"Installiert","content":"10,000 - 100,000"},{"name":"Reaktionsfreudig","content":"Ja"},{"name":"Kompatible Browser","content":"Chrome, Opera, Safari, Edge, Firefox"}],"tags":[],"tags_disable_links":"0","hide_more_platforms":"0","video_object":"","demo_hide_cta":"0","demo_hide_cloud_options":"0","pricing_title":"","pricing":[{"pricing_icon":"platform","pricing_title":"Elfsight app","pricing_title_caption":"Plattform\u00fcbergreifende Version, die zu jeder Website passt","pricing_price":"ab 0 $ \/ Monat","pricing_price_caption":"Beginnen Sie mit einem kostenlosen Plan","pricing_benefits":[{"text":"Unbegrenzte Domains"},{"text":"Kostenloser Kundensupport"},{"text":"Kostenloser Installationsservice"},{"text":"Sonderpreis f\u00fcr mehrere Apps"}],"pricing_button_text":"Zur Website hinzuf\u00fcgen","pricing_button_url":"#demo"}],"related_apps_title":"","related_apps_hidden":"0","author":"","image":[],"title":"","job":"","social_networks":[]},"_links":{"self":[{"href":"https:\/\/elfsight.com\/de\/wp-json\/wp\/v2\/pages\/17705","targetHints":{"allow":["GET"]}}],"collection":[{"href":"https:\/\/elfsight.com\/de\/wp-json\/wp\/v2\/pages"}],"about":[{"href":"https:\/\/elfsight.com\/de\/wp-json\/wp\/v2\/types\/page"}],"author":[{"embeddable":true,"href":"https:\/\/elfsight.com\/de\/wp-json\/wp\/v2\/users\/9"}],"replies":[{"embeddable":true,"href":"https:\/\/elfsight.com\/de\/wp-json\/wp\/v2\/comments?post=17705"}],"version-history":[{"count":4,"href":"https:\/\/elfsight.com\/de\/wp-json\/wp\/v2\/pages\/17705\/revisions"}],"predecessor-version":[{"id":25589,"href":"https:\/\/elfsight.com\/de\/wp-json\/wp\/v2\/pages\/17705\/revisions\/25589"}],"up":[{"embeddable":true,"href":"https:\/\/elfsight.com\/de\/wp-json\/wp\/v2\/pages\/798"}],"wp:attachment":[{"href":"https:\/\/elfsight.com\/de\/wp-json\/wp\/v2\/media?parent=17705"}],"curies":[{"name":"wp","href":"https:\/\/api.w.org\/{rel}","templated":true}]}}