{"id":17704,"date":"1970-01-01T00:00:00","date_gmt":"1970-01-01T00:00:00","guid":{"rendered":"https:\/\/elfsight.com\/de\/?page_id=17704"},"modified":"2025-02-20T10:06:22","modified_gmt":"2025-02-20T10:06:22","slug":"weebly","status":"publish","type":"page","link":"https:\/\/elfsight.com\/de\/pricing-table-plugin\/weebly\/","title":{"rendered":"Pricing Table &#8211; Weebly"},"content":{"rendered":"\n<div class=\"application-platform-content-item-description application-platform-content-item\" id=\"description\" data-nav-section=\"description\"><h2>Beschreibung<\/h2><p>Der Preis ist zu einem der Schl\u00fcsselfaktoren geworden, um Besucher zum Kauf auf Ihrer Website zu motivieren. Die Elfsight-App hilft Kunden nicht nur dabei, mehrere Preisangebote einfach und schnell anzuzeigen und zu analysieren. Mithilfe der neuesten Design- und Modellierungstechniken tr\u00e4gt es auch zu einer positiven Konvertierung bei.<\/p><p><b>Erh\u00f6hen Sie den Umsatz Ihrer Website mit Hilfe einer leistungsstarken Preisgestaltung.<\/b><\/p><ul><li><b>Mehr Kunden gewinnen<\/b>.<br>Nutzen Sie alle leistungsstarken Tendenzen des Designs, um die Missverst\u00e4ndnisse der Kunden zu bek\u00e4mpfen, die m\u00f6glicherweise auftauchen, w\u00e4hrend sie Kaufschritte unternehmen, und das zu erreichen maximale Konvertierung.<\/li><li><b>Sofortige und effektive Anpassung<\/b>.<br>Dank einer Vielzahl von Optionen, die es Ihnen erm\u00f6glichen, schnell verschiedene Preiskombinationen zu gestalten, finden Sie die L\u00f6sung, die zu Ihnen passt Seien Sie absolut effektiv f\u00fcr Ihre Website.<\/li><li><b>Machen Sie Ihre Preise f\u00fcr Kunden interessant<\/b>.<br>F\u00fcgen Sie beliebige Farben hinzu, ordnen Sie Einheiten neu an, f\u00fcgen Sie Bilder ein, um Ihre Preise f\u00fcr Besucher unterhaltsam zu gestalten und zu pr\u00e4sentieren positiver Einfluss auf die Kaufentscheidung.<\/li><\/ul><\/div><div class=\"application-platform-content-item-features application-platform-content-item\" id=\"features\" data-nav-section=\"features\"><h2>Features<\/h2><p>Die herausragendsten Features, die unsere App zur besten Preistabelle machen f\u00fcr Weebly-Websites.<\/p><ul><li>2 vordefinierte Arten von Rahmenradien und 4 vordefinierte Arten von Rahmenbreiten;<\/li><li>Anpassbare Funktionsliste, komplett mit Funktionssymbolen, Hinweisen und einer unbegrenzten Anzahl von Funktionen ;<\/li><li>2 vordefinierte Feature-Ausrichtungstypen;<\/li><li>Anpassbarer Radius und Breite des Schaltfl\u00e4chenrandes;<\/li><li>Anpassbare Schriftgr\u00f6\u00dfe und -st\u00e4rke.<\/li><\/ul><p><a href=\"#demo\">Sie k\u00f6nnen alle Funktionen in einer Live-Demo ausprobieren<\/a><\/p><\/div><div class=\"application-platform-content-item-installation application-platform-content-item\" id=\"installation\" data-nav-section=\"installation\"><h2>So f\u00fcgen Sie die Preistabelle zu Weebly hinzu Website<\/h2><div class=\"video-container\"><iframe src=\"https:\/\/www.youtube.com\/embed\/z6aE2Yphf8E\" width=\"720\" height=\"405\" frameborder=\"0\" allowfullscreen=\"allowfullscreen\"><\/iframe><\/div><p>Ein Tutorial zur Integration der Elfsight-App in eine Website. Sie m\u00fcssen keine Kenntnisse in der Webentwicklung haben oder viel Zeit f\u00fcr die Installation aufwenden. Es dauert nur 4 einfache Schritte und 1 Minute Zeit.<\/p><ol><li><b>Verwalten Sie unseren kostenlosen Konfigurator und beginnen Sie mit der Erstellung Ihrer individuellen App. <\/b><br> Finden Sie das passende Aussehen und die passenden Parameter der App und speichern Sie alle Korrekturen. <\/li> <li><b>Erhalten Sie den individuellen Code, der im Fenster von Elfsight Apps angezeigt wird. <\/b><br> Wenn die Einrichtung Ihrer pers\u00f6nlichen App abgeschlossen ist, kopieren Sie den pers\u00f6nlichen Code im angezeigten Fenster und speichern Sie ihn zur sp\u00e4teren Verwendung. <\/li> <li><b>Initiieren Sie die Nutzung der App auf Ihrer Weebly-Website. <\/b><br> Integrieren Sie den zuvor gespeicherten Code in Ihre Webseite und \u00fcbernehmen Sie die \u00c4nderungen. <\/li> <li><b>Das Setup wurde erfolgreich beendet. <\/b><br> Gehen Sie zu Ihrer Webseite, um zu sehen, wie die App funktioniert. <\/li><\/ol><p>Haben Sie Probleme bei der Einrichtung der App? Sehen Sie sich unser vollst\u00e4ndiges Handbuch \u201e<a href=\"https:\/\/elfsight.com\/tutorials\/how-to-add-pricing-table-to-weebly\/\" target=\"_blank\" rel=\"noopener noreferrer\">Einf\u00fcgung an Preistabelle in ein Weebly integrieren<\/a>\u00bb oder wenden Sie sich an unseren Kundenservice, der alle Ihre Probleme im Handumdrehen l\u00f6sen wird.<\/p><div class=\"faq\" data-component=\"FAQ\"> <div class=\"faq-item\">\r\n\t\t\t\t\t<div class=\"faq-item-question\">\r\n\t\t\t\t\t\t<h3 class=\"faq-item-question-text\">Wie f\u00fcge ich ohne Programmierkenntnisse eine Preistabelle zu meiner Weebly-Website hinzu?<\/h3>\r\n\r\n\t\t\t\t\t\t<div class=\"faq-item-question-icon\"><\/div>\r\n\t\t\t\t\t<\/div>\r\n\r\n\t\t\t\t\t<div class=\"faq-item-answer\">\r\n\t\t\t\t\t\t<div class=\"faq-item-answer-text\"> <p>Elfsight bietet eine SaaS-L\u00f6sung, mit der Sie selbst ein Preistabellen-Widget erstellen k\u00f6nnen. Sehen Sie, wie einfach der Vorgang ist: Arbeiten Sie direkt im Online-Editor, um ein Preistabellen-Widget zu erstellen, das Sie gerne auf Ihrem Weebly sehen w\u00fcrden Webseite. W\u00e4hlen Sie eine der vorgefertigten Vorlagen aus und passen Sie die Einstellungen der Preistabelle an, f\u00fcgen Sie Ihre Inhalte hinzu, \u00e4ndern Sie das Layout und die Farben ohne Programmierkenntnisse. Speichern Sie die Preistabelle und kopieren Sie den Installationscode, den Sie problemlos in Ihre Weebly-Website einf\u00fcgen k\u00f6nnen, ohne ein kostenpflichtiges Abonnement kaufen zu m\u00fcssen. Mit unserem intuitiven Editor kann jeder Internetnutzer online ein Preistabellen-Widget erstellen und es einfach in seine Weebly-Website einbetten. Sie m\u00fcssen weder bezahlen noch Ihre Kartendaten eingeben, um auf den Service zuzugreifen. Sollten bei irgendeinem Schritt Probleme auftreten, wenden Sie sich bitte an unser technisches Support-Team.<\/p> <\/div>\r\n\t\t\t\t\t<\/div>\r\n\t\t\t\t<\/div> <\/div> <\/div>\n","protected":false},"excerpt":{"rendered":"","protected":false},"author":9,"featured_media":0,"parent":798,"menu_order":0,"comment_status":"closed","ping_status":"closed","template":"templates\/template-application-platform.php","meta":{"publish_to_discourse":"","publish_post_category":"","wpdc_auto_publish_overridden":"","wpdc_topic_tags":"","wpdc_pin_topic":"","wpdc_pin_until":"","discourse_post_id":"","discourse_permalink":"","wpdc_publishing_response":"","wpdc_publishing_error":"","footnotes":""},"class_list":["post-17704","page","type-page","status-publish","hentry"],"yoast_head":"<!-- This site is optimized with the Yoast SEO plugin v25.3.1 - https:\/\/yoast.com\/wordpress\/plugins\/seo\/ -->\n<title>Preistabelle \u2013 Preis-App zur Weebly-Website hinzuf\u00fcgen<\/title>\n<meta name=\"description\" content=\"Richten Sie die Preistabellen-App f\u00fcr Weebly in nur 1 Minute ein. Testen Sie alle wichtigen Funktionen des Best-Pricing-Widgets im kostenlosen Editor.\" \/>\n<meta name=\"robots\" content=\"index, follow, max-snippet:-1, max-image-preview:large, max-video-preview:-1\" \/>\n<link rel=\"canonical\" href=\"https:\/\/elfsight.com\/de\/pricing-table-plugin\/weebly\/\" \/>\n<meta property=\"og:locale\" content=\"de_DE\" \/>\n<meta property=\"og:type\" content=\"article\" \/>\n<meta property=\"og:title\" content=\"Preistabelle \u2013 Preis-App zur Weebly-Website hinzuf\u00fcgen\" \/>\n<meta property=\"og:description\" content=\"Richten Sie die Preistabellen-App f\u00fcr Weebly in nur 1 Minute ein. Testen Sie alle wichtigen Funktionen des Best-Pricing-Widgets im kostenlosen Editor.\" \/>\n<meta property=\"og:url\" content=\"https:\/\/elfsight.com\/de\/pricing-table-plugin\/weebly\/\" \/>\n<meta property=\"og:site_name\" content=\"Elfsight DE\" \/>\n<meta property=\"article:modified_time\" content=\"2025-02-20T10:06:22+00:00\" \/>\n<meta name=\"twitter:card\" content=\"summary_large_image\" \/>\n<meta name=\"twitter:label1\" content=\"Gesch\u00e4tzte Lesezeit\" \/>\n\t<meta name=\"twitter:data1\" content=\"4\u00a0Minuten\" \/>\n<!-- \/ Yoast SEO plugin. -->","yoast_head_json":{"title":"Preistabelle \u2013 Preis-App zur Weebly-Website hinzuf\u00fcgen","description":"Richten Sie die Preistabellen-App f\u00fcr Weebly in nur 1 Minute ein. Testen Sie alle wichtigen Funktionen des Best-Pricing-Widgets im kostenlosen Editor.","robots":{"index":"index","follow":"follow","max-snippet":"max-snippet:-1","max-image-preview":"max-image-preview:large","max-video-preview":"max-video-preview:-1"},"canonical":"https:\/\/elfsight.com\/de\/pricing-table-plugin\/weebly\/","og_locale":"de_DE","og_type":"article","og_title":"Preistabelle \u2013 Preis-App zur Weebly-Website hinzuf\u00fcgen","og_description":"Richten Sie die Preistabellen-App f\u00fcr Weebly in nur 1 Minute ein. Testen Sie alle wichtigen Funktionen des Best-Pricing-Widgets im kostenlosen Editor.","og_url":"https:\/\/elfsight.com\/de\/pricing-table-plugin\/weebly\/","og_site_name":"Elfsight DE","article_modified_time":"2025-02-20T10:06:22+00:00","twitter_card":"summary_large_image","twitter_misc":{"Gesch\u00e4tzte Lesezeit":"4\u00a0Minuten"},"schema":{"@context":"https:\/\/schema.org","@graph":[{"@type":"WebPage","@id":"https:\/\/elfsight.com\/de\/pricing-table-plugin\/weebly\/","url":"https:\/\/elfsight.com\/de\/pricing-table-plugin\/weebly\/","name":"Preistabelle \u2013 Preis-App zur Weebly-Website hinzuf\u00fcgen","isPartOf":{"@id":"https:\/\/elfsight.com\/de\/#website"},"datePublished":"1970-01-01T00:00:00+00:00","dateModified":"2025-02-20T10:06:22+00:00","description":"Richten Sie die Preistabellen-App f\u00fcr Weebly in nur 1 Minute ein. Testen Sie alle wichtigen Funktionen des Best-Pricing-Widgets im kostenlosen Editor.","breadcrumb":{"@id":"https:\/\/elfsight.com\/de\/pricing-table-plugin\/weebly\/#breadcrumb"},"inLanguage":"de","potentialAction":[{"@type":"ReadAction","target":["https:\/\/elfsight.com\/de\/pricing-table-plugin\/weebly\/"]}]},{"@type":"BreadcrumbList","@id":"https:\/\/elfsight.com\/de\/pricing-table-plugin\/weebly\/#breadcrumb","itemListElement":[{"@type":"ListItem","position":1,"name":"Home","item":"https:\/\/elfsight.com\/de\/"},{"@type":"ListItem","position":2,"name":"Pricing Table","item":"https:\/\/elfsight.com\/de\/pricing-table-plugin\/"},{"@type":"ListItem","position":3,"name":"Pricing Table &#8211; Weebly"}]},{"@type":"WebSite","@id":"https:\/\/elfsight.com\/de\/#website","url":"https:\/\/elfsight.com\/de\/","name":"Elfsight DE","description":"Just another Elfsight Sites site","potentialAction":[{"@type":"SearchAction","target":{"@type":"EntryPoint","urlTemplate":"https:\/\/elfsight.com\/de\/?s={search_term_string}"},"query-input":{"@type":"PropertyValueSpecification","valueRequired":true,"valueName":"search_term_string"}}],"inLanguage":"de"}]}},"meta_box":{"industry":"","seo_heading":"","heading":"","description":"","cta_heading":"","cta_description":"","application":"468","h1":"Preistabellen-App f\u00fcr Weebly","h1_caption":"Pr\u00e4sentieren Sie Ihre Preisoptionen klar und attraktiv und helfen Sie Kunden, m\u00fchelos den richtigen Plan f\u00fcr ihre Bed\u00fcrfnisse auf Ihrer Weebly-Website auszuw\u00e4hlen.","application_category":[],"applications_title":"","applications_request_title":"","applications_request_button_text":"","hero_text":"","hero_video":"","hero_video_schema_markup":"","selling_points_title":"","selling_points_caption":"","selling_points":[],"selling_points_cta_text":"","features_title":"","features":"","ed_cta_examples_text":"","ed_cta_examples_hidden":"","ed_cta_demo_text":"","ed_cta_demo_hidden":"","why_caption":"","why_editor_title":"","why_editor_text":"","why_team_title":"","why_team_text":"","why_service_title":"","why_service_text":"","template_catalog_visible":"0","template_catalog_title":"","template_catalog_text":"","template_catalog_categories_visible":"","demo_title":"Erstellen Sie Ihre Preistabellen-App","demo_caption":"Konfigurieren Sie Ihre Preistabelle und f\u00fcgen Sie sie kostenlos Ihrer Weebly-Website hinzu!","default_faq_hidden":"","app_template_category":[],"platform":"249","template_public_id":"","codecanyon_url":"","codecanyon_item_id":"","codecanyon_price":"","pricing_caption":"","pricing_elfsight_apps_hide_column":"","pricing_elfsight_apps_url":"","pricing_codecanyon_price_caption":"","integration_category":[],"integration_request_title":"","integration_request_cta":"","integration_platform":"","integrations":[],"platform_category":[],"video_schema_markup":"","price":"ab 0 $ \/ Monat","trial":"","benefits":[{"text":"Kostenlose Installationsunterst\u00fctzung"},{"text":"Premium-Support"},{"text":"14-t\u00e4gige R\u00fcckerstattungsgarantie"},{"text":"Fortlaufende Entwicklung"}],"button_url":"#demo","button_target_blank":"0","button_nofollow":"0","attributes":[{"name":"Installiert","content":"10,000 - 100,000"},{"name":"Reaktionsfreudig","content":"Ja"},{"name":"Kompatible Browser","content":"Firefox, Safari, Opera, Chrome, Edge"}],"tags":[],"tags_disable_links":"0","hide_more_platforms":"0","video_object":"","demo_hide_cta":"0","demo_hide_cloud_options":"0","pricing_title":"","pricing":[{"pricing_icon":"platform","pricing_title":"Elfsight Apps","pricing_title_caption":"Plattformunabh\u00e4ngige digitale L\u00f6sung","pricing_price":"ab 0 $ \/ Monat","pricing_price_caption":"Beginnen Sie mit dem kostenlosen Plan","pricing_benefits":[{"text":"Unbegrenzte Websites"},{"text":"Kundensupport rund um die Uhr"},{"text":"Kostenloser Installationssupport"},{"text":"Sonderangebot f\u00fcr mehrere Apps"}],"pricing_button_text":"Zur Website hinzuf\u00fcgen","pricing_button_url":"#demo"}],"related_apps_title":"","related_apps_hidden":"0","author":"","image":[],"title":"","job":"","social_networks":[]},"_links":{"self":[{"href":"https:\/\/elfsight.com\/de\/wp-json\/wp\/v2\/pages\/17704","targetHints":{"allow":["GET"]}}],"collection":[{"href":"https:\/\/elfsight.com\/de\/wp-json\/wp\/v2\/pages"}],"about":[{"href":"https:\/\/elfsight.com\/de\/wp-json\/wp\/v2\/types\/page"}],"author":[{"embeddable":true,"href":"https:\/\/elfsight.com\/de\/wp-json\/wp\/v2\/users\/9"}],"replies":[{"embeddable":true,"href":"https:\/\/elfsight.com\/de\/wp-json\/wp\/v2\/comments?post=17704"}],"version-history":[{"count":4,"href":"https:\/\/elfsight.com\/de\/wp-json\/wp\/v2\/pages\/17704\/revisions"}],"predecessor-version":[{"id":24514,"href":"https:\/\/elfsight.com\/de\/wp-json\/wp\/v2\/pages\/17704\/revisions\/24514"}],"up":[{"embeddable":true,"href":"https:\/\/elfsight.com\/de\/wp-json\/wp\/v2\/pages\/798"}],"wp:attachment":[{"href":"https:\/\/elfsight.com\/de\/wp-json\/wp\/v2\/media?parent=17704"}],"curies":[{"name":"wp","href":"https:\/\/api.w.org\/{rel}","templated":true}]}}