{"id":17703,"date":"1970-01-01T00:00:00","date_gmt":"1970-01-01T00:00:00","guid":{"rendered":"https:\/\/elfsight.com\/de\/?page_id=17703"},"modified":"2025-07-09T14:18:16","modified_gmt":"2025-07-09T14:18:16","slug":"webnode","status":"publish","type":"page","link":"https:\/\/elfsight.com\/de\/pricing-table-plugin\/webnode\/","title":{"rendered":"Pricing Table &#8211; Webnode"},"content":{"rendered":"<div class=\"application-platform-content-item-description application-platform-content-item\" id=\"description\" data-nav-section=\"description\"><h2>Beschreibung<\/h2><p>Der Preis spielt eine der wichtigsten Rollen, um Besucher davon zu \u00fcberzeugen, einen Kauf oder eine Bestellung zu t\u00e4tigen. Unser Plugin erm\u00f6glicht es K\u00e4ufern der Website nicht nur, schnell und einfach mehrere Preisoptionen anzuzeigen und zu vergleichen. Es tr\u00e4gt auch dazu bei, die Konvertierung zu verbessern, indem die neuesten Trends in die Design- und Vorlagenoptionen integriert werden.<\/p><p><b>Steigern Sie den Umsatz Ihrer Website enorm, indem Sie erweiterte Preise nutzen.<\/b><\/p><ul><li><b>Lassen Sie Kunden eine Kaufreise bis zum Ende unternehmen.<\/b>.<br>Zeigen Sie auf einfachste und effizienteste Weise die Daten an, die Ihre zuk\u00fcnftigen Kunden ben\u00f6tigen, und helfen Sie ihnen, die richtige Entscheidung zu treffen.<\/li><li><b>Schnelle und effektive Anpassung<\/b>.<br>Dank einer Vielzahl von Einstellungen, mit denen Sie verschiedene Preisarten in mehreren Schritten konfigurieren k\u00f6nnen, finden Sie diejenige, die f\u00fcr Ihre Website am effektivsten ist. <\/li><li><b>Machen Sie weitere Details zu Ihren Angeboten<\/b>.<br>Beschreiben Sie alle Ihre Preiskonditionen und zeigen Sie die Pl\u00e4ne \u00fcber ein personalisiertes Plugin an, damit Kunden m\u00f6gliche Konditionen schnell sehen und analysieren k\u00f6nnen.<\/li><\/ul><\/div><div class=\"application-platform-content-item-features application-platform-content-item\" id=\"features\" data-nav-section=\"features\"><h2>Funktionen<\/h2><p>Die Vorteile, die unser Plugin zur besten Preistabelle f\u00fcr Webnode-Websites machen.<\/p><ul><li>6 vordefinierte Spaltenelemente, die angeordnet und angepasst werden k\u00f6nnen, um das perfekte Aussehen zu erhalten;<\/li><li>Liste der anpassbaren Funktionen, komplett mit Funktionssymbolen, Hinweisen und einer unbegrenzten Anzahl von Funktionen;<\/li><li> Die Farbelemente jeder Spalte k\u00f6nnen individuell angepasst werden.<\/li><li>Anpassbarer Radius und Breite des Schaltfl\u00e4chenrahmens.<\/li><li>F\u00fcr Mobilger\u00e4te optimiertes Layout.<\/li><\/ul><p><a href=\" #demo\">Sie k\u00f6nnen alle Vorteile in der Live-Demo entdecken<\/a><\/p><\/div><div class=\"application-platform-content-item-installation application-platform-content-item\" id=\"installation\" data-nav-section=\"installation\"><h2>So f\u00fcgen Sie die Preistabelle zur Webnode-Website hinzu<\/h2><p>Eine Anleitung zum Einrichten unseres Plugins. Um es zu erf\u00fcllen, ben\u00f6tigen Sie keine Programmierkenntnisse und es wird nicht viel Zeit in Anspruch nehmen. Nur ein paar einfache Schritte und 2 Minuten.<\/p><ol><li><b>Erstellen Sie Ihre individuelle Preistabelle<\/b>.<br> Stellen Sie mit unserem kostenlosen Editor ein Plugin mit dem bevorzugten Layout und den bevorzugten Funktionen zusammen.<\/li><li><b>Erhalten Sie den Code zur Integration des Plugins<\/b>.<br> Nach der Widget-Konfiguration erhalten Sie den Code f\u00fcr das Preis-Plugin aus der erscheinenden Benachrichtigung auf Elfsight Apps.<\/li><li><b>Einbetten des Plugins auf der Webnode-Site<\/b>.<br> Integrieren Sie das Plugin an der erforderlichen Stelle der Seite und ver\u00f6ffentlichen Sie die \u00c4nderungen.<\/li><li><b>Fertig!<\/b><br> Geben Sie ein Ihre Website, um Ihre Preise zu sehen.<\/li><\/ol><p>Haben Sie Fragen zur Integration des Plugins? Sehen Sie sich unser vollst\u00e4ndiges Tutorial an oder wenden Sie sich an unser Hilfecenter. Wir helfen Ihnen gerne weiter.<\/p><div class=\"faq\" data-component=\"FAQ\"> <div class=\"faq-item\">\r\n\t\t\t\t\t<div class=\"faq-item-question\">\r\n\t\t\t\t\t\t<h3 class=\"faq-item-question-text\">Wie kann ich ohne Programmierkenntnisse eine Preistabelle zu meiner Webnode-Website hinzuf\u00fcgen?<\/h3>\r\n\r\n\t\t\t\t\t\t<div class=\"faq-item-question-icon\"><\/div>\r\n\t\t\t\t\t<\/div>\r\n\r\n\t\t\t\t\t<div class=\"faq-item-answer\">\r\n\t\t\t\t\t\t<div class=\"faq-item-answer-text\"> <p>Elfsight bietet eine SaaS-L\u00f6sung, mit der Sie selbst ein Preistabellen-Widget erstellen k\u00f6nnen. Sehen Sie, wie einfach der Vorgang ist: Arbeiten Sie direkt im Online-Editor, um ein Preistabellen-Widget zu erstellen, das Sie gerne auf Ihrer Webnode-Website sehen w\u00fcrden. W\u00e4hlen Sie eine der vorgefertigten Vorlagen aus und passen Sie die Einstellungen der Preistabelle an, f\u00fcgen Sie Ihre Inhalte hinzu, \u00e4ndern Sie das Layout und die Farben ohne Programmierkenntnisse. Speichern Sie die Preistabelle und kopieren Sie den Installationscode, den Sie m\u00fchelos zu Ihrer Webnode-Website hinzuf\u00fcgen k\u00f6nnen, ohne einen kostenpflichtigen Plan kaufen zu m\u00fcssen. Mit unserem intuitiven Editor kann jeder Internetnutzer online ein Preistabellen-Widget erstellen und es einfach in seine Webnode-Website einbetten. Sie m\u00fcssen weder bezahlen noch Ihre Kartendaten eingeben, um auf den Service zuzugreifen. Sollten bei irgendeinem Schritt Probleme auftreten, wenden Sie sich bitte an unser technisches Support-Team.<\/p> <\/div>\r\n\t\t\t\t\t<\/div>\r\n\t\t\t\t<\/div> <\/div> <\/div>","protected":false},"excerpt":{"rendered":"","protected":false},"author":9,"featured_media":0,"parent":798,"menu_order":0,"comment_status":"closed","ping_status":"closed","template":"templates\/template-application-platform.php","meta":{"publish_to_discourse":"","publish_post_category":"","wpdc_auto_publish_overridden":"","wpdc_topic_tags":"","wpdc_pin_topic":"","wpdc_pin_until":"","discourse_post_id":"","discourse_permalink":"","wpdc_publishing_response":"","wpdc_publishing_error":"","footnotes":""},"class_list":["post-17703","page","type-page","status-publish","hentry"],"yoast_head":"<!-- This site is optimized with the Yoast SEO plugin v25.3.1 - https:\/\/yoast.com\/wordpress\/plugins\/seo\/ -->\n<title>Preistabelle \u2013 Preis-Widget zur Webnode-Website hinzuf\u00fcgen<\/title>\n<meta name=\"description\" content=\"Richten Sie das Preistabellen-Plugin f\u00fcr Webnode in nur 1 Minute ein. Entdecken Sie alle wichtigen Vorteile des Best-Pricing-Widgets in der kostenlosen Demo.\" \/>\n<meta name=\"robots\" content=\"index, follow, max-snippet:-1, max-image-preview:large, max-video-preview:-1\" \/>\n<link rel=\"canonical\" href=\"https:\/\/elfsight.com\/de\/pricing-table-plugin\/webnode\/\" \/>\n<meta property=\"og:locale\" content=\"de_DE\" \/>\n<meta property=\"og:type\" content=\"article\" \/>\n<meta property=\"og:title\" content=\"Preistabelle \u2013 Preis-Widget zur Webnode-Website hinzuf\u00fcgen\" \/>\n<meta property=\"og:description\" content=\"Richten Sie das Preistabellen-Plugin f\u00fcr Webnode in nur 1 Minute ein. Entdecken Sie alle wichtigen Vorteile des Best-Pricing-Widgets in der kostenlosen Demo.\" \/>\n<meta property=\"og:url\" content=\"https:\/\/elfsight.com\/de\/pricing-table-plugin\/webnode\/\" \/>\n<meta property=\"og:site_name\" content=\"Elfsight DE\" \/>\n<meta property=\"article:modified_time\" content=\"2025-07-09T14:18:16+00:00\" \/>\n<meta name=\"twitter:card\" content=\"summary_large_image\" \/>\n<meta name=\"twitter:label1\" content=\"Gesch\u00e4tzte Lesezeit\" \/>\n\t<meta name=\"twitter:data1\" content=\"3\u00a0Minuten\" \/>\n<!-- \/ Yoast SEO plugin. -->","yoast_head_json":{"title":"Preistabelle \u2013 Preis-Widget zur Webnode-Website hinzuf\u00fcgen","description":"Richten Sie das Preistabellen-Plugin f\u00fcr Webnode in nur 1 Minute ein. Entdecken Sie alle wichtigen Vorteile des Best-Pricing-Widgets in der kostenlosen Demo.","robots":{"index":"index","follow":"follow","max-snippet":"max-snippet:-1","max-image-preview":"max-image-preview:large","max-video-preview":"max-video-preview:-1"},"canonical":"https:\/\/elfsight.com\/de\/pricing-table-plugin\/webnode\/","og_locale":"de_DE","og_type":"article","og_title":"Preistabelle \u2013 Preis-Widget zur Webnode-Website hinzuf\u00fcgen","og_description":"Richten Sie das Preistabellen-Plugin f\u00fcr Webnode in nur 1 Minute ein. Entdecken Sie alle wichtigen Vorteile des Best-Pricing-Widgets in der kostenlosen Demo.","og_url":"https:\/\/elfsight.com\/de\/pricing-table-plugin\/webnode\/","og_site_name":"Elfsight DE","article_modified_time":"2025-07-09T14:18:16+00:00","twitter_card":"summary_large_image","twitter_misc":{"Gesch\u00e4tzte Lesezeit":"3\u00a0Minuten"},"schema":{"@context":"https:\/\/schema.org","@graph":[{"@type":"WebPage","@id":"https:\/\/elfsight.com\/de\/pricing-table-plugin\/webnode\/","url":"https:\/\/elfsight.com\/de\/pricing-table-plugin\/webnode\/","name":"Preistabelle \u2013 Preis-Widget zur Webnode-Website hinzuf\u00fcgen","isPartOf":{"@id":"https:\/\/elfsight.com\/de\/#website"},"datePublished":"1970-01-01T00:00:00+00:00","dateModified":"2025-07-09T14:18:16+00:00","description":"Richten Sie das Preistabellen-Plugin f\u00fcr Webnode in nur 1 Minute ein. Entdecken Sie alle wichtigen Vorteile des Best-Pricing-Widgets in der kostenlosen Demo.","breadcrumb":{"@id":"https:\/\/elfsight.com\/de\/pricing-table-plugin\/webnode\/#breadcrumb"},"inLanguage":"de","potentialAction":[{"@type":"ReadAction","target":["https:\/\/elfsight.com\/de\/pricing-table-plugin\/webnode\/"]}]},{"@type":"BreadcrumbList","@id":"https:\/\/elfsight.com\/de\/pricing-table-plugin\/webnode\/#breadcrumb","itemListElement":[{"@type":"ListItem","position":1,"name":"Home","item":"https:\/\/elfsight.com\/de\/"},{"@type":"ListItem","position":2,"name":"Pricing Table","item":"https:\/\/elfsight.com\/de\/pricing-table-plugin\/"},{"@type":"ListItem","position":3,"name":"Pricing Table &#8211; Webnode"}]},{"@type":"WebSite","@id":"https:\/\/elfsight.com\/de\/#website","url":"https:\/\/elfsight.com\/de\/","name":"Elfsight DE","description":"Just another Elfsight Sites site","potentialAction":[{"@type":"SearchAction","target":{"@type":"EntryPoint","urlTemplate":"https:\/\/elfsight.com\/de\/?s={search_term_string}"},"query-input":{"@type":"PropertyValueSpecification","valueRequired":true,"valueName":"search_term_string"}}],"inLanguage":"de"}]}},"meta_box":{"industry":"","seo_heading":"","heading":"","description":"","cta_heading":"","cta_description":"","application":"468","h1":"Preistabellen-Plugin f\u00fcr Webnode","h1_caption":"Pr\u00e4sentieren Sie Ihre Preisoptionen klar und ansprechend und helfen Sie Kunden, m\u00fchelos den richtigen Plan f\u00fcr ihre Bed\u00fcrfnisse auf Ihrer Webnode-Website auszuw\u00e4hlen.","application_category":[],"applications_title":"","applications_request_title":"","applications_request_button_text":"","hero_text":"","hero_video":"","hero_video_schema_markup":"","selling_points_title":"","selling_points_caption":"","selling_points":[],"selling_points_cta_text":"","features_title":"","features":"","ed_cta_examples_text":"","ed_cta_examples_hidden":"","ed_cta_demo_text":"","ed_cta_demo_hidden":"","why_caption":"","why_editor_title":"","why_editor_text":"","why_team_title":"","why_team_text":"","why_service_title":"","why_service_text":"","template_catalog_visible":"","template_catalog_title":"","template_catalog_text":"","template_catalog_categories_visible":"","demo_title":"Erstellen Sie Ihr Preistabellen-Widget","demo_caption":"Konfigurieren Sie Ihre Preistabelle und f\u00fcgen Sie sie kostenlos zu Ihrer Webnode-Website hinzu!","default_faq_hidden":"","app_template_category":[],"platform":"248","template_public_id":"","codecanyon_url":"","codecanyon_item_id":"","codecanyon_price":"","pricing_caption":"","pricing_elfsight_apps_hide_column":"","pricing_elfsight_apps_url":"","pricing_codecanyon_price_caption":"","integration_category":[],"integration_request_title":"","integration_request_cta":"","integration_platform":"","integrations":[],"platform_category":[],"video_schema_markup":"","price":"ab 0 $ \/ Monat","trial":"","benefits":[{"text":"Kostenlose Installationsunterst\u00fctzung"},{"text":"Erfahrener Kundensupport"},{"text":"14-t\u00e4gige Geld-zur\u00fcck-Garantie"},{"text":"Zuk\u00fcnftige Updates"}],"button_url":"#demo","button_target_blank":"","button_nofollow":"","attributes":[{"name":"Installiert","content":"10,000 - 100,000"},{"name":"Reaktionsfreudig","content":"Ja"},{"name":"Kompatible Browser","content":"Firefox, Safari, Opera, Chrome, Edge"}],"tags":[],"tags_disable_links":"","hide_more_platforms":"","video_object":"","demo_hide_cta":"","demo_hide_cloud_options":"","pricing_title":"","pricing":[{"pricing_icon":"platform","pricing_title":"Elfsight Apps","pricing_title_caption":"Plattform\u00fcbergreifende L\u00f6sung","pricing_price":"ab 0 $ \/ Monat","pricing_price_caption":"Beginnen Sie mit einem kostenlosen Plan","pricing_benefits":[{"text":"Unbegrenzte Websites"},{"text":"Support rund um die Uhr"},{"text":"Kostenlose Installationsunterst\u00fctzung"},{"text":"Sonderpreis f\u00fcr mehrere Apps"}],"pricing_button_text":"Zur Website hinzuf\u00fcgen","pricing_button_url":"#demo"}],"related_apps_title":"","related_apps_hidden":"","author":"","image":[],"title":"","job":"","social_networks":[]},"_links":{"self":[{"href":"https:\/\/elfsight.com\/de\/wp-json\/wp\/v2\/pages\/17703","targetHints":{"allow":["GET"]}}],"collection":[{"href":"https:\/\/elfsight.com\/de\/wp-json\/wp\/v2\/pages"}],"about":[{"href":"https:\/\/elfsight.com\/de\/wp-json\/wp\/v2\/types\/page"}],"author":[{"embeddable":true,"href":"https:\/\/elfsight.com\/de\/wp-json\/wp\/v2\/users\/9"}],"replies":[{"embeddable":true,"href":"https:\/\/elfsight.com\/de\/wp-json\/wp\/v2\/comments?post=17703"}],"version-history":[{"count":1,"href":"https:\/\/elfsight.com\/de\/wp-json\/wp\/v2\/pages\/17703\/revisions"}],"predecessor-version":[{"id":17707,"href":"https:\/\/elfsight.com\/de\/wp-json\/wp\/v2\/pages\/17703\/revisions\/17707"}],"up":[{"embeddable":true,"href":"https:\/\/elfsight.com\/de\/wp-json\/wp\/v2\/pages\/798"}],"wp:attachment":[{"href":"https:\/\/elfsight.com\/de\/wp-json\/wp\/v2\/media?parent=17703"}],"curies":[{"name":"wp","href":"https:\/\/api.w.org\/{rel}","templated":true}]}}