{"id":17698,"date":"1970-01-01T00:00:00","date_gmt":"1970-01-01T00:00:00","guid":{"rendered":"https:\/\/elfsight.com\/de\/?page_id=17698"},"modified":"2025-02-20T09:55:43","modified_gmt":"2025-02-20T09:55:43","slug":"squarespace","status":"publish","type":"page","link":"https:\/\/elfsight.com\/de\/pricing-table-plugin\/squarespace\/","title":{"rendered":"Pricing Table &#8211; Squarespace"},"content":{"rendered":"\n<div class=\"application-platform-content-item-description application-platform-content-item\" id=\"description\" data-nav-section=\"description\"><h2>Preistabelle auf Squarespace mit dem Elfsight-Widget einbetten<\/h2><p>Die Preisgestaltung wurde zu einem der Schl\u00fcsselfaktoren, um Benutzer davon zu \u00fcberzeugen, eine zu erstellen kaufen. Das Elfsight-Widget bietet K\u00e4ufern der Website nicht nur die M\u00f6glichkeit, sich schnell \u00fcber Preisangebote zu informieren und diese zu vergleichen. Es tr\u00e4gt auch zur Verbesserung der Konvertierung bei, indem es die neuesten Tricks in der Benutzeroberfl\u00e4che und Modellierung verwendet.<\/p><p><b>Erh\u00f6hen Sie den Umsatz Ihrer Website mithilfe einer effektiven Preisgestaltung.<\/b><\/p><ul><li><b>Mehr Kunden gewinnen<\/b>.<br>Nutzen Sie die fortschrittlichsten Trends der Benutzeroberfl\u00e4che, um etwaige Missverst\u00e4ndnisse Ihrer Kunden bei der Kaufentscheidung auszuschlie\u00dfen und das Maximum zu erreichen Konvertierung.<\/li><li><b>Anpassen des Widgets in nur 1 Minute<\/b>.<br>Verbringen Sie nur wenige Minuten, um ein ideales Widget zu erstellen. W\u00e4hlen Sie alle erforderlichen Design- und Informationskonfigurationen aus, um sie mit nur wenigen Klicks anzuzeigen.<\/li><li><b>Schreiben Sie alle Details zu Ihren Preispl\u00e4nen<\/b>.<br>Erz\u00e4hlen Sie weitere Details zu Ihren Preisbedingungen und f\u00fcgen Sie Ihre Pl\u00e4ne einem pers\u00f6nlichen Widget hinzu, damit Kunden m\u00f6gliche Tarife sehen und vergleichen k\u00f6nnen.<\/li><\/ul><\/div><div class=\"application-platform-content-item-features application-platform-content-item\" id=\"features\" data-nav-section=\"features\"><h2>Hauptfunktionen des Preistabellen-Widgets<\/h2><p>Die Eigenschaften, die unser Widget in die beste Preistabelle f\u00fcr Squarespace-Websites verwandeln.<\/p><ul><li>2 vordefinierte Arten von Rahmenradien und 4 vordefinierte Arten von Rahmenbreiten;<\/li><li>Liste der anpassbaren Funktionen, komplett mit Funktionssymbolen, Hinweisen und einer unbegrenzten Anzahl von Funktionen;<\/li><li>3 vordefinierte Funktionsstile;<\/li><li>Verkn\u00fcpfung der Schaltfl\u00e4che mit der erforderlichen Seite;<\/li><li>Mobil optimiertes Layout.<\/li><\/ul><p><a href=\"#demo\">Alle Vorteile k\u00f6nnen Sie mit dem Live-Konfigurator erkunden<\/a><\/p><\/div><div class=\"application-platform-content-item-installation application-platform-content-item\" id=\"installation\" data-nav-section=\"installation\"><h2>So f\u00fcgen Sie eine Preistabelle zur Squarespace-Website hinzu<\/h2><div class=\"video-container\"><iframe width=\"560\" height=\"315\" src=\"https:\/\/www.youtube.com\/embed\/Z4wm8dOO78k?si=tn0EgY7U810X1hWS\" frameborder=\"0\" allow=\"accelerometer; autoplay; clipboard-write; encrypted-media; gyroscope; picture-in-picture; web-share\" allowfullscreen><\/iframe><\/div><p>Eine Anleitung zur Installation unseres Widgets. Um es durchzuf\u00fchren, ben\u00f6tigen Sie weder Programmierkenntnisse noch viel Zeit. Nur 4 einfache Schritte und 3 Minuten.<\/p><ol><li><b>Erstellen Sie Ihre einzigartige Preistabelle<\/b>.<br> Gestalten Sie mit unserer kostenlosen Demo ein Plugin mit dem erforderlichen Aussehen und den erforderlichen Funktionen.<\/li><li><b>Erhalten Sie den Code zum Anzeigen des Plugins<\/b>.<br> Nach der Widget-Optimierung erhalten Sie den Code f\u00fcr das Preis-Plugin aus der Popup-Benachrichtigung auf Elfsight Apps.<\/li><li><b> Platzieren Sie das Plugin auf der SquareSpace-Website<\/b>.<br> Platzieren Sie das Plugin an der gew\u00fcnschten Stelle der Seite und ver\u00f6ffentlichen Sie die \u00c4nderungen.<\/li><li><b>Sie haben die Installation erfolgreich abgeschlossen<\/b>.<br> Besuchen Sie Ihre Website, um Ihre Preise zu \u00fcberpr\u00fcfen.<\/li><\/ol><p>Haben Sie beim Erstellen Ihres Widgets Fragen? Sehen Sie sich unsere vollst\u00e4ndige Anleitung an: \u201e<a href=\"https:\/\/elfsight.com\/tutorials\/how-to-add-pricing-table-to-squarespace\/\" target=\"_blank\" rel=\"noopener noreferrer\">Wie man integriert Preistabelle in einen Squarespace<\/a>\u00bb oder kontaktieren Sie unser Support-Team. Wir helfen Ihnen gerne bei jedem Problem!<\/p><div class=\"faq\" data-component=\"FAQ\"> <div class=\"faq-item\">\r\n\t\t\t\t\t<div class=\"faq-item-question\">\r\n\t\t\t\t\t\t<h3 class=\"faq-item-question-text\">Wie kann ich ohne Programmierkenntnisse eine Preistabelle zu meiner Squarespace-Website hinzuf\u00fcgen?<\/h3>\r\n\r\n\t\t\t\t\t\t<div class=\"faq-item-question-icon\"><\/div>\r\n\t\t\t\t\t<\/div>\r\n\r\n\t\t\t\t\t<div class=\"faq-item-answer\">\r\n\t\t\t\t\t\t<div class=\"faq-item-answer-text\"> <p>Elfsight bietet eine SaaS-L\u00f6sung, mit der Sie selbst ein Preistabellen-Widget erstellen k\u00f6nnen. Sehen Sie, wie einfach der Vorgang ist: Arbeiten Sie direkt im Online-Editor, um ein Preistabellen-Widget zu erstellen, das Sie gerne auf Ihrem Squarespace sehen w\u00fcrden Webseite. W\u00e4hlen Sie eine der vorgefertigten Vorlagen aus und passen Sie die Einstellungen der Preistabelle an, f\u00fcgen Sie Ihre Inhalte hinzu, \u00e4ndern Sie das Layout und die Farben ohne Programmierkenntnisse. Speichern Sie die Preistabelle und kopieren Sie den Installationscode, den Sie problemlos in Ihre Squarespace-Website einbetten k\u00f6nnen, ohne einen kostenpflichtigen Plan kaufen zu m\u00fcssen. Mit unserem intuitiven Editor kann jeder Internetnutzer online ein Preistabellen-Widget erstellen und es einfach in seine Squarespace-Website einbetten. Sie m\u00fcssen weder bezahlen noch Ihre Kartendaten eingeben, um auf den Service zuzugreifen. Sollten bei irgendeinem Schritt Probleme auftreten, wenden Sie sich bitte an unser technisches Support-Team.<\/p> <\/div>\r\n\t\t\t\t\t<\/div>\r\n\t\t\t\t<\/div> <\/div> <\/div>\n","protected":false},"excerpt":{"rendered":"","protected":false},"author":9,"featured_media":0,"parent":798,"menu_order":0,"comment_status":"closed","ping_status":"closed","template":"templates\/template-application-platform.php","meta":{"publish_to_discourse":"","publish_post_category":"","wpdc_auto_publish_overridden":"","wpdc_topic_tags":"","wpdc_pin_topic":"","wpdc_pin_until":"","discourse_post_id":"","discourse_permalink":"","wpdc_publishing_response":"","wpdc_publishing_error":"","footnotes":""},"class_list":["post-17698","page","type-page","status-publish","hentry"],"yoast_head":"<!-- This site is optimized with the Yoast SEO plugin v25.3.1 - https:\/\/yoast.com\/wordpress\/plugins\/seo\/ -->\n<title>Preistabelle \u2013 Preis-Widget zur Squarespace-Website hinzuf\u00fcgen<\/title>\n<meta name=\"description\" content=\"Installieren Sie das Pricing Table-Plugin f\u00fcr Squarespace in nur 3 Minuten. Entdecken Sie alle wichtigen Merkmale des Best-Pricing-Plugins in der kostenlosen Demo.\" \/>\n<meta name=\"robots\" content=\"index, follow, max-snippet:-1, max-image-preview:large, max-video-preview:-1\" \/>\n<link rel=\"canonical\" href=\"https:\/\/elfsight.com\/de\/pricing-table-plugin\/squarespace\/\" \/>\n<meta property=\"og:locale\" content=\"de_DE\" \/>\n<meta property=\"og:type\" content=\"article\" \/>\n<meta property=\"og:title\" content=\"Preistabelle \u2013 Preis-Widget zur Squarespace-Website hinzuf\u00fcgen\" \/>\n<meta property=\"og:description\" content=\"Installieren Sie das Pricing Table-Plugin f\u00fcr Squarespace in nur 3 Minuten. Entdecken Sie alle wichtigen Merkmale des Best-Pricing-Plugins in der kostenlosen Demo.\" \/>\n<meta property=\"og:url\" content=\"https:\/\/elfsight.com\/de\/pricing-table-plugin\/squarespace\/\" \/>\n<meta property=\"og:site_name\" content=\"Elfsight DE\" \/>\n<meta property=\"article:modified_time\" content=\"2025-02-20T09:55:43+00:00\" \/>\n<meta name=\"twitter:card\" content=\"summary_large_image\" \/>\n<meta name=\"twitter:label1\" content=\"Gesch\u00e4tzte Lesezeit\" \/>\n\t<meta name=\"twitter:data1\" content=\"3\u00a0Minuten\" \/>\n<!-- \/ Yoast SEO plugin. -->","yoast_head_json":{"title":"Preistabelle \u2013 Preis-Widget zur Squarespace-Website hinzuf\u00fcgen","description":"Installieren Sie das Pricing Table-Plugin f\u00fcr Squarespace in nur 3 Minuten. Entdecken Sie alle wichtigen Merkmale des Best-Pricing-Plugins in der kostenlosen Demo.","robots":{"index":"index","follow":"follow","max-snippet":"max-snippet:-1","max-image-preview":"max-image-preview:large","max-video-preview":"max-video-preview:-1"},"canonical":"https:\/\/elfsight.com\/de\/pricing-table-plugin\/squarespace\/","og_locale":"de_DE","og_type":"article","og_title":"Preistabelle \u2013 Preis-Widget zur Squarespace-Website hinzuf\u00fcgen","og_description":"Installieren Sie das Pricing Table-Plugin f\u00fcr Squarespace in nur 3 Minuten. Entdecken Sie alle wichtigen Merkmale des Best-Pricing-Plugins in der kostenlosen Demo.","og_url":"https:\/\/elfsight.com\/de\/pricing-table-plugin\/squarespace\/","og_site_name":"Elfsight DE","article_modified_time":"2025-02-20T09:55:43+00:00","twitter_card":"summary_large_image","twitter_misc":{"Gesch\u00e4tzte Lesezeit":"3\u00a0Minuten"},"schema":{"@context":"https:\/\/schema.org","@graph":[{"@type":"WebPage","@id":"https:\/\/elfsight.com\/de\/pricing-table-plugin\/squarespace\/","url":"https:\/\/elfsight.com\/de\/pricing-table-plugin\/squarespace\/","name":"Preistabelle \u2013 Preis-Widget zur Squarespace-Website hinzuf\u00fcgen","isPartOf":{"@id":"https:\/\/elfsight.com\/de\/#website"},"datePublished":"1970-01-01T00:00:00+00:00","dateModified":"2025-02-20T09:55:43+00:00","description":"Installieren Sie das Pricing Table-Plugin f\u00fcr Squarespace in nur 3 Minuten. Entdecken Sie alle wichtigen Merkmale des Best-Pricing-Plugins in der kostenlosen Demo.","breadcrumb":{"@id":"https:\/\/elfsight.com\/de\/pricing-table-plugin\/squarespace\/#breadcrumb"},"inLanguage":"de","potentialAction":[{"@type":"ReadAction","target":["https:\/\/elfsight.com\/de\/pricing-table-plugin\/squarespace\/"]}]},{"@type":"BreadcrumbList","@id":"https:\/\/elfsight.com\/de\/pricing-table-plugin\/squarespace\/#breadcrumb","itemListElement":[{"@type":"ListItem","position":1,"name":"Home","item":"https:\/\/elfsight.com\/de\/"},{"@type":"ListItem","position":2,"name":"Pricing Table","item":"https:\/\/elfsight.com\/de\/pricing-table-plugin\/"},{"@type":"ListItem","position":3,"name":"Pricing Table &#8211; Squarespace"}]},{"@type":"WebSite","@id":"https:\/\/elfsight.com\/de\/#website","url":"https:\/\/elfsight.com\/de\/","name":"Elfsight DE","description":"Just another Elfsight Sites site","potentialAction":[{"@type":"SearchAction","target":{"@type":"EntryPoint","urlTemplate":"https:\/\/elfsight.com\/de\/?s={search_term_string}"},"query-input":{"@type":"PropertyValueSpecification","valueRequired":true,"valueName":"search_term_string"}}],"inLanguage":"de"}]}},"meta_box":{"industry":"","seo_heading":"","heading":"","description":"","cta_heading":"","cta_description":"","application":"468","h1":"Preistabellen-Widget f\u00fcr Squarespace","h1_caption":"Pr\u00e4sentieren Sie Ihre Preisoptionen klar und attraktiv und helfen Sie Kunden, m\u00fchelos den richtigen Plan f\u00fcr ihre Bed\u00fcrfnisse auf Ihrer Squarespace-Website auszuw\u00e4hlen.","application_category":[],"applications_title":"","applications_request_title":"","applications_request_button_text":"","hero_text":"","hero_video":"","hero_video_schema_markup":"","selling_points_title":"","selling_points_caption":"","selling_points":[],"selling_points_cta_text":"","features_title":"","features":"","ed_cta_examples_text":"","ed_cta_examples_hidden":"","ed_cta_demo_text":"","ed_cta_demo_hidden":"","why_caption":"","why_editor_title":"","why_editor_text":"","why_team_title":"","why_team_text":"","why_service_title":"","why_service_text":"","template_catalog_visible":"0","template_catalog_title":"","template_catalog_text":"","template_catalog_categories_visible":"","demo_title":"Erstellen Sie Ihr Preistabellen-Plugin","demo_caption":"Konfigurieren Sie Ihre Preistabelle und f\u00fcgen Sie sie kostenlos Ihrer Squarespace-Website hinzu!","default_faq_hidden":"","app_template_category":[],"platform":"252","template_public_id":"","codecanyon_url":"","codecanyon_item_id":"","codecanyon_price":"","pricing_caption":"","pricing_elfsight_apps_hide_column":"","pricing_elfsight_apps_url":"","pricing_codecanyon_price_caption":"","integration_category":[],"integration_request_title":"","integration_request_cta":"","integration_platform":"","integrations":[],"platform_category":[],"video_schema_markup":"","price":"ab 0 $ \/ Monat","trial":"","benefits":[{"text":"Kostenlose Installationsunterst\u00fctzung"},{"text":"Professioneller Kundenservice"},{"text":"14-t\u00e4gige R\u00fcckerstattungsgarantie"},{"text":"Laufende Verbesserungen"}],"button_url":"#demo","button_target_blank":"0","button_nofollow":"0","attributes":[{"name":"Installiert","content":"10,000 - 100,000"},{"name":"Reaktionsfreudig","content":"Ja"},{"name":"Kompatible Browser","content":"Firefox, Safari, Opera, Chrome, Edge"}],"tags":[],"tags_disable_links":"0","hide_more_platforms":"0","video_object":"","demo_hide_cta":"0","demo_hide_cloud_options":"0","pricing_title":"","pricing":[{"pricing_icon":"platform","pricing_title":"Elfsight Apps","pricing_title_caption":"Plattform\u00fcbergreifende L\u00f6sung, die f\u00fcr jede Website geeignet ist","pricing_price":"ab 0 $ \/ Monat","pricing_price_caption":"Beginnen Sie mit einem kostenlosen Plan","pricing_benefits":[{"text":"Unbegrenzte Domains"},{"text":"Kostenloser Unternehmenssupport und gut dokumentiert"},{"text":"Kostenloser Installationsservice"},{"text":"100 % anpassbar"}],"pricing_button_text":"Zur Website hinzuf\u00fcgen","pricing_button_url":"#demo"}],"related_apps_title":"","related_apps_hidden":"0","author":"","image":[],"title":"","job":"","social_networks":[]},"_links":{"self":[{"href":"https:\/\/elfsight.com\/de\/wp-json\/wp\/v2\/pages\/17698","targetHints":{"allow":["GET"]}}],"collection":[{"href":"https:\/\/elfsight.com\/de\/wp-json\/wp\/v2\/pages"}],"about":[{"href":"https:\/\/elfsight.com\/de\/wp-json\/wp\/v2\/types\/page"}],"author":[{"embeddable":true,"href":"https:\/\/elfsight.com\/de\/wp-json\/wp\/v2\/users\/9"}],"replies":[{"embeddable":true,"href":"https:\/\/elfsight.com\/de\/wp-json\/wp\/v2\/comments?post=17698"}],"version-history":[{"count":3,"href":"https:\/\/elfsight.com\/de\/wp-json\/wp\/v2\/pages\/17698\/revisions"}],"predecessor-version":[{"id":24511,"href":"https:\/\/elfsight.com\/de\/wp-json\/wp\/v2\/pages\/17698\/revisions\/24511"}],"up":[{"embeddable":true,"href":"https:\/\/elfsight.com\/de\/wp-json\/wp\/v2\/pages\/798"}],"wp:attachment":[{"href":"https:\/\/elfsight.com\/de\/wp-json\/wp\/v2\/media?parent=17698"}],"curies":[{"name":"wp","href":"https:\/\/api.w.org\/{rel}","templated":true}]}}