{"id":17695,"date":"1970-01-01T00:00:00","date_gmt":"1970-01-01T00:00:00","guid":{"rendered":"https:\/\/elfsight.com\/de\/?page_id=17695"},"modified":"2025-02-20T09:39:25","modified_gmt":"2025-02-20T09:39:25","slug":"magento","status":"publish","type":"page","link":"https:\/\/elfsight.com\/de\/pricing-table-plugin\/magento\/","title":{"rendered":"Pricing Table &#8211; Magento"},"content":{"rendered":"\n<div class=\"application-platform-content-item-description application-platform-content-item\" id=\"description\" data-nav-section=\"description\"><h2>Beschreibung<\/h2><p>Der Preis spielt eine der wichtigsten Rollen bei der Motivation von Kunden zum Kauf. Die Erweiterung durch unser Team erm\u00f6glicht es den Nutzern der Seite nicht nur, sich einfach und schnell mit den verf\u00fcgbaren Preisoptionen vertraut zu machen. Dank der neuesten Tricks in Design und Konfiguration tr\u00e4gt es auch zur Steigerung der Konvertierung bei.<\/p><p><b>Erh\u00f6hen Sie den Umsatz Ihrer Website mit einer leistungsstarken Preisgestaltung.<\/b><\/p><ul><li><b>Geben Sie Ihren Kunden alles, was sie brauchen, um einen Kauf zu t\u00e4tigen.<\/b>.<br>F\u00fcgen Sie die Informationen, nach denen Ihre zuk\u00fcnftigen Kunden suchen, in einem klaren und verf\u00fcgbaren Format hinzu und helfen Sie ihnen, die Wahl zu treffen, die ihnen gef\u00e4llt. <\/li><li><b>Verl\u00e4ngerung in nur 50 Sekunden festlegen<\/b>.<br>Nehmen Sie sich ein paar Minuten Zeit, um die beste Verl\u00e4ngerung festzulegen. W\u00e4hlen Sie alle gew\u00fcnschten Designkonfigurationen und detaillierten Informationen aus, um sie mit nur wenigen Klicks anzuzeigen.<\/li><li><b>Zeigen Sie weitere Informationen zu Ihren Angeboten<\/b>.<br>Geben Sie maximale Informationen zu allen Ihren Preisen an Bedingungen und platzieren Sie sie in Ihrer Erweiterung, damit Leser die verf\u00fcgbaren Pl\u00e4ne studieren und \u00fcberpr\u00fcfen k\u00f6nnen.<\/li><\/ul><\/div><div class=\"application-platform-content-item-features application-platform-content-item\" id=\"features\" data-nav-section=\"features\"><h2>Funktionen<\/h2><p> Die Punkte, die unsere Erweiterung zur besten Preistabelle f\u00fcr Magento-Websites machen.<\/p><ul><li>6 vordefinierte Spaltenelemente, die angeordnet und angepasst werden k\u00f6nnen, um das perfekte Aussehen zu erhalten;<\/li><li>Anpassbare Funktionen Liste, komplett mit Funktionssymbolen, Hinweisen und unbegrenzter Anzahl an Funktionen;<\/li><li>3 vordefinierte Funktionsstile;<\/li><li>Verkn\u00fcpfung der Schaltfl\u00e4che mit der erforderlichen Seite;<\/li><li>F\u00fcr Mobilger\u00e4te optimiert Layout.<\/li><\/ul><p><a href=\"#demo\">Alle Vorteile k\u00f6nnen Sie mit dem Live-Konfigurator entdecken<\/a><\/p><\/div><div class=\"application-platform-content-item-installation application-platform-content-item\" id=\"installation\" data-nav-section=\"installation\"><h2>So erstellen Sie eine Preistabelle f\u00fcr die Magento-Website<\/h2><p>Befolgen Sie einfach die unten beschriebenen Schritte, um das Tool in Magento einzubetten.<\/p> <ol><li><b>Verwalten Sie unseren kostenlosen Konfigurator und Beginnen Sie mit der Erstellung Ihres ma\u00dfgeschneiderten Widgets. <\/b><br> Geben Sie das bevorzugte Layout und die Funktionen der Erweiterung an und \u00fcbernehmen Sie die \u00c4nderungen. <\/li> <li><b>Erhalten Sie Ihren einzigartigen Code in einem speziellen Formular auf Elfsight Apps. <\/b><br> Wenn die Anpassung Ihrer pers\u00f6nlichen Preistabellenerweiterung abgeschlossen ist, kopieren Sie den einzelnen Code im angezeigten Fenster und speichern Sie ihn f\u00fcr die zuk\u00fcnftige Verwendung. <\/li> <li><b>Geben Sie Informationen zur Verwendung des Tools auf der Magento-Website ein. <\/b><br> Geben Sie den zuvor gespeicherten Code auf Ihrer Homepage ein und speichern Sie die Verbesserungen. <\/li> <li><b>Du bist fertig! Die Einbettung ist vollst\u00e4ndig durchgef\u00fchrt. <\/b><br> Besuchen Sie Ihre Webseite, um die Funktion des Tools zu \u00fcberpr\u00fcfen. <\/li><\/ol><p>Haben Sie Probleme beim Einrichten Ihrer Erweiterung? Sehen Sie sich unsere vollst\u00e4ndige Anleitung \u201e<a href=\"https:\/\/elfsight.com\/tutorials\/how-to-add-pricing-table-to-magento\/\" target=\"_blank\" rel=\"noopener noreferrer\">Einf\u00fcgung an Preistabelle in Magento<\/a>\u00bb oder wenden Sie sich an unseren Kundenservice, der alle Probleme schnell l\u00f6sen wird.<\/p><\/div><div class=\"faq\" data-component=\"FAQ\"><div class=\"faq-item\">\r\n\t\t\t\t\t<div class=\"faq-item-question\">\r\n\t\t\t\t\t\t<h3 class=\"faq-item-question-text\">Wie Kann ich meiner Magento-Website eine Preistabelle hinzuf\u00fcgen?<\/h3>\r\n\r\n\t\t\t\t\t\t<div class=\"faq-item-question-icon\"><\/div>\r\n\t\t\t\t\t<\/div>\r\n\r\n\t\t\t\t\t<div class=\"faq-item-answer\">\r\n\t\t\t\t\t\t<div class=\"faq-item-answer-text\"> \u00d6ffnen Sie die aktive Demo, um Ihre eigene App anzupassen, den Code abzurufen und ihn auf Ihrer Website zu implementieren. <\/p><\/div>\r\n\t\t\t\t\t<\/div>\r\n\t\t\t\t<\/div><div class=\"faq-item\">\r\n\t\t\t\t\t<div class=\"faq-item-question\">\r\n\t\t\t\t\t\t<h3 class=\"faq-item-question-text\">Die besten M\u00f6glichkeiten, die Preisintegration zu nutzen<\/h3>\r\n\r\n\t\t\t\t\t\t<div class=\"faq-item-question-icon\"><\/div>\r\n\t\t\t\t\t<\/div>\r\n\r\n\t\t\t\t\t<div class=\"faq-item-answer\">\r\n\t\t\t\t\t\t<div class=\"faq-item-answer-text\"><p>Wir bieten Ihnen zahlreiche Personalisierungsm\u00f6glichkeiten: Widgets in voller L\u00e4nge zum Einbetten in den Inhaltsbereich , schwebende Widgets mit Scrollfunktion, Miniaturansichten f\u00fcr die Fu\u00dfzeile Ihrer Website, Kopfzeile und alle m\u00f6glichen vertikalen M\u00f6glichkeiten f\u00fcr Seitenleisten und Men\u00fcs. <\/p><\/div>\r\n\t\t\t\t\t<\/div>\r\n\t\t\t\t<\/div><div class=\"faq-item\">\r\n\t\t\t\t\t<div class=\"faq-item-question\">\r\n\t\t\t\t\t\t<h3 class=\"faq-item-question-text\">Wie erstelle ich mit Hilfe des Editors eine Tabelle mit Servicepl\u00e4nen oder Vergleichspreisen? <\/h3>\r\n\r\n\t\t\t\t\t\t<div class=\"faq-item-question-icon\"><\/div>\r\n\t\t\t\t\t<\/div>\r\n\r\n\t\t\t\t\t<div class=\"faq-item-answer\">\r\n\t\t\t\t\t\t<div class=\"faq-item-answer-text\"><p>Sie k\u00f6nnen die Variationen jedes Widgets erstellen. Im Editor stehen zahlreiche Layouts zur Verf\u00fcgung, die alle schnell an Ihre Bed\u00fcrfnisse angepasst werden k\u00f6nnen. <\/p><\/div>\r\n\t\t\t\t\t<\/div>\r\n\t\t\t\t<\/div><\/div>\n","protected":false},"excerpt":{"rendered":"","protected":false},"author":9,"featured_media":0,"parent":798,"menu_order":0,"comment_status":"closed","ping_status":"closed","template":"templates\/template-application-platform.php","meta":{"publish_to_discourse":"","publish_post_category":"","wpdc_auto_publish_overridden":"","wpdc_topic_tags":"","wpdc_pin_topic":"","wpdc_pin_until":"","discourse_post_id":"","discourse_permalink":"","wpdc_publishing_response":"","wpdc_publishing_error":"","footnotes":""},"class_list":["post-17695","page","type-page","status-publish","hentry"],"yoast_head":"<!-- This site is optimized with the Yoast SEO plugin v25.3.1 - https:\/\/yoast.com\/wordpress\/plugins\/seo\/ -->\n<title>Preistabelle \u2013 Preiserweiterung zur Magento-Website hinzuf\u00fcgen<\/title>\n<meta name=\"description\" content=\"Erwerben Sie das Preistabellen-Plugin f\u00fcr Magento in nur 3 Minuten. \u00dcberpr\u00fcfen Sie alle herausragenden Funktionen des Plugins f\u00fcr die beste Preisgestaltung im kostenlosen Editor.\" \/>\n<meta name=\"robots\" content=\"index, follow, max-snippet:-1, max-image-preview:large, max-video-preview:-1\" \/>\n<link rel=\"canonical\" href=\"https:\/\/elfsight.com\/de\/pricing-table-plugin\/magento\/\" \/>\n<meta property=\"og:locale\" content=\"de_DE\" \/>\n<meta property=\"og:type\" content=\"article\" \/>\n<meta property=\"og:title\" content=\"Preistabelle \u2013 Preiserweiterung zur Magento-Website hinzuf\u00fcgen\" \/>\n<meta property=\"og:description\" content=\"Erwerben Sie das Preistabellen-Plugin f\u00fcr Magento in nur 3 Minuten. \u00dcberpr\u00fcfen Sie alle herausragenden Funktionen des Plugins f\u00fcr die beste Preisgestaltung im kostenlosen Editor.\" \/>\n<meta property=\"og:url\" content=\"https:\/\/elfsight.com\/de\/pricing-table-plugin\/magento\/\" \/>\n<meta property=\"og:site_name\" content=\"Elfsight DE\" \/>\n<meta property=\"article:modified_time\" content=\"2025-02-20T09:39:25+00:00\" \/>\n<meta name=\"twitter:card\" content=\"summary_large_image\" \/>\n<meta name=\"twitter:label1\" content=\"Gesch\u00e4tzte Lesezeit\" \/>\n\t<meta name=\"twitter:data1\" content=\"3\u00a0Minuten\" \/>\n<!-- \/ Yoast SEO plugin. -->","yoast_head_json":{"title":"Preistabelle \u2013 Preiserweiterung zur Magento-Website hinzuf\u00fcgen","description":"Erwerben Sie das Preistabellen-Plugin f\u00fcr Magento in nur 3 Minuten. \u00dcberpr\u00fcfen Sie alle herausragenden Funktionen des Plugins f\u00fcr die beste Preisgestaltung im kostenlosen Editor.","robots":{"index":"index","follow":"follow","max-snippet":"max-snippet:-1","max-image-preview":"max-image-preview:large","max-video-preview":"max-video-preview:-1"},"canonical":"https:\/\/elfsight.com\/de\/pricing-table-plugin\/magento\/","og_locale":"de_DE","og_type":"article","og_title":"Preistabelle \u2013 Preiserweiterung zur Magento-Website hinzuf\u00fcgen","og_description":"Erwerben Sie das Preistabellen-Plugin f\u00fcr Magento in nur 3 Minuten. \u00dcberpr\u00fcfen Sie alle herausragenden Funktionen des Plugins f\u00fcr die beste Preisgestaltung im kostenlosen Editor.","og_url":"https:\/\/elfsight.com\/de\/pricing-table-plugin\/magento\/","og_site_name":"Elfsight DE","article_modified_time":"2025-02-20T09:39:25+00:00","twitter_card":"summary_large_image","twitter_misc":{"Gesch\u00e4tzte Lesezeit":"3\u00a0Minuten"},"schema":{"@context":"https:\/\/schema.org","@graph":[{"@type":"WebPage","@id":"https:\/\/elfsight.com\/de\/pricing-table-plugin\/magento\/","url":"https:\/\/elfsight.com\/de\/pricing-table-plugin\/magento\/","name":"Preistabelle \u2013 Preiserweiterung zur Magento-Website hinzuf\u00fcgen","isPartOf":{"@id":"https:\/\/elfsight.com\/de\/#website"},"datePublished":"1970-01-01T00:00:00+00:00","dateModified":"2025-02-20T09:39:25+00:00","description":"Erwerben Sie das Preistabellen-Plugin f\u00fcr Magento in nur 3 Minuten. \u00dcberpr\u00fcfen Sie alle herausragenden Funktionen des Plugins f\u00fcr die beste Preisgestaltung im kostenlosen Editor.","breadcrumb":{"@id":"https:\/\/elfsight.com\/de\/pricing-table-plugin\/magento\/#breadcrumb"},"inLanguage":"de","potentialAction":[{"@type":"ReadAction","target":["https:\/\/elfsight.com\/de\/pricing-table-plugin\/magento\/"]}]},{"@type":"BreadcrumbList","@id":"https:\/\/elfsight.com\/de\/pricing-table-plugin\/magento\/#breadcrumb","itemListElement":[{"@type":"ListItem","position":1,"name":"Home","item":"https:\/\/elfsight.com\/de\/"},{"@type":"ListItem","position":2,"name":"Pricing Table","item":"https:\/\/elfsight.com\/de\/pricing-table-plugin\/"},{"@type":"ListItem","position":3,"name":"Pricing Table &#8211; Magento"}]},{"@type":"WebSite","@id":"https:\/\/elfsight.com\/de\/#website","url":"https:\/\/elfsight.com\/de\/","name":"Elfsight DE","description":"Just another Elfsight Sites site","potentialAction":[{"@type":"SearchAction","target":{"@type":"EntryPoint","urlTemplate":"https:\/\/elfsight.com\/de\/?s={search_term_string}"},"query-input":{"@type":"PropertyValueSpecification","valueRequired":true,"valueName":"search_term_string"}}],"inLanguage":"de"}]}},"meta_box":{"industry":"","seo_heading":"","heading":"","description":"","cta_heading":"","cta_description":"","application":"468","h1":"Preistabellenerweiterung f\u00fcr Magento","h1_caption":"Pr\u00e4sentieren Sie Ihre Preisoptionen klar und ansprechend und helfen Sie Kunden, m\u00fchelos den richtigen Plan f\u00fcr ihre Bed\u00fcrfnisse auf Ihrer Magento-Website auszuw\u00e4hlen.","application_category":[],"applications_title":"","applications_request_title":"","applications_request_button_text":"","hero_text":"","hero_video":"","hero_video_schema_markup":"","selling_points_title":"","selling_points_caption":"","selling_points":[],"selling_points_cta_text":"","features_title":"","features":"","ed_cta_examples_text":"","ed_cta_examples_hidden":"","ed_cta_demo_text":"","ed_cta_demo_hidden":"","why_caption":"","why_editor_title":"","why_editor_text":"","why_team_title":"","why_team_text":"","why_service_title":"","why_service_text":"","template_catalog_visible":"0","template_catalog_title":"","template_catalog_text":"","template_catalog_categories_visible":"","demo_title":"Erstellen Sie Ihre Preistabellenerweiterung","demo_caption":"Konfigurieren Sie Ihre Preistabelle und f\u00fcgen Sie sie kostenlos Ihrer Magento-Website hinzu!","default_faq_hidden":"","app_template_category":[],"platform":"256","template_public_id":"","codecanyon_url":"","codecanyon_item_id":"","codecanyon_price":"","pricing_caption":"","pricing_elfsight_apps_hide_column":"","pricing_elfsight_apps_url":"","pricing_codecanyon_price_caption":"","integration_category":[],"integration_request_title":"","integration_request_cta":"","integration_platform":"","integrations":[],"platform_category":[],"video_schema_markup":"","price":"ab 0 $ \/ Monat","trial":"","benefits":[{"text":"Kostenloser Installationsservice"},{"text":"Professioneller Kundenservice"},{"text":"14-t\u00e4gige R\u00fcckerstattungsgarantie"},{"text":"Lebenslange kostenlose Verbesserungen"}],"button_url":"#demo","button_target_blank":"0","button_nofollow":"0","attributes":[{"name":"Installiert","content":"10,000 - 100,000"},{"name":"Reaktionsfreudig","content":"Ja"},{"name":"Kompatible Browser","content":"Firefox, Safari, Opera, Chrome, Edge"}],"tags":[],"tags_disable_links":"0","hide_more_platforms":"0","video_object":"","demo_hide_cta":"0","demo_hide_cloud_options":"0","pricing_title":"","pricing":[{"pricing_icon":"platform","pricing_title":"Elfsight Apps","pricing_title_caption":"Multiplattform-Software, die auf jeder Website funktioniert","pricing_price":"ab 0 $ \/ Monat","pricing_price_caption":"Beginnen Sie mit einem kostenlosen Plan","pricing_benefits":[{"text":"Unbegrenzte Websites"},{"text":"Erstklassiger Unternehmenssupport und gut dokumentiert"},{"text":"Kostenlose Installationshilfe"},{"text":"Vollst\u00e4ndig anpassbar"}],"pricing_button_text":"Zur Website hinzuf\u00fcgen","pricing_button_url":"#demo"}],"related_apps_title":"","related_apps_hidden":"0","author":"","image":[],"title":"","job":"","social_networks":[]},"_links":{"self":[{"href":"https:\/\/elfsight.com\/de\/wp-json\/wp\/v2\/pages\/17695","targetHints":{"allow":["GET"]}}],"collection":[{"href":"https:\/\/elfsight.com\/de\/wp-json\/wp\/v2\/pages"}],"about":[{"href":"https:\/\/elfsight.com\/de\/wp-json\/wp\/v2\/types\/page"}],"author":[{"embeddable":true,"href":"https:\/\/elfsight.com\/de\/wp-json\/wp\/v2\/users\/9"}],"replies":[{"embeddable":true,"href":"https:\/\/elfsight.com\/de\/wp-json\/wp\/v2\/comments?post=17695"}],"version-history":[{"count":3,"href":"https:\/\/elfsight.com\/de\/wp-json\/wp\/v2\/pages\/17695\/revisions"}],"predecessor-version":[{"id":24502,"href":"https:\/\/elfsight.com\/de\/wp-json\/wp\/v2\/pages\/17695\/revisions\/24502"}],"up":[{"embeddable":true,"href":"https:\/\/elfsight.com\/de\/wp-json\/wp\/v2\/pages\/798"}],"wp:attachment":[{"href":"https:\/\/elfsight.com\/de\/wp-json\/wp\/v2\/media?parent=17695"}],"curies":[{"name":"wp","href":"https:\/\/api.w.org\/{rel}","templated":true}]}}