{"id":17689,"date":"1970-01-01T00:00:00","date_gmt":"1970-01-01T00:00:00","guid":{"rendered":"https:\/\/elfsight.com\/de\/?page_id=17689"},"modified":"2025-02-20T09:41:55","modified_gmt":"2025-02-20T09:41:55","slug":"html","status":"publish","type":"page","link":"https:\/\/elfsight.com\/de\/pricing-table-plugin\/html\/","title":{"rendered":"Pricing Table &#8211; HTML"},"content":{"rendered":"\n<div class=\"application-platform-content-item-description application-platform-content-item\" id=\"description\" data-nav-section=\"description\"><h2>Beschreibung<\/h2><p>Der Preis spielt eine der Hauptrollen, wenn es darum geht, Besucher davon zu \u00fcberzeugen, auf Ihrer Website zu bestellen oder zu kaufen. Mit dem Widget unseres Teams k\u00f6nnen Ihre K\u00e4ufer nicht nur die verf\u00fcgbaren Preispl\u00e4ne im Handumdrehen kennenlernen und vergleichen. Mithilfe der modernsten Techniken, die in der Benutzeroberfl\u00e4che und in den Vorlagen enthalten sind, tr\u00e4gt es auch dazu bei, die Konversionsrate zu steigern.<\/p><p><b>Erh\u00f6hen Sie den Umsatz Ihrer Website mithilfe intelligenter Preise.<\/b><\/p> <ul><li><b>Helfen Sie Kunden, einen Kauf zu t\u00e4tigen<\/b>.<br>Zeigen Sie die Informationen, die Ihre zuk\u00fcnftigen Kunden ben\u00f6tigen, auf klarste Weise und helfen Sie ihnen, die richtige Entscheidung zu treffen.<\/li><li> <b>Schnelle und effiziente Anpassung<\/b>.<br>Mit einer umfangreichen Sammlung von Einstellungen, die es Ihnen erm\u00f6glichen, alle m\u00f6glichen Preisarten in zwei Schritten zu konfigurieren, sind Sie in der Lage, das Plugin zu erstellen, das f\u00fcr Ihre Website vollst\u00e4ndig verkaufsf\u00f6rdernd ist .<\/li><li><b>Machen Sie Ihre Preisgestaltung f\u00fcr Benutzer spannend<\/b>.<br>Verwenden Sie verschiedene Farben, f\u00fcgen Sie Einheiten hinzu, zeigen Sie Bilder, um Ihre Preisgestaltung f\u00fcr Kunden unterhaltsam zu gestalten und eine starke positive Wirkung zu erzielen das Kaufergebnis.<\/li><\/ul><\/div><div class=\"application-platform-content-item-features application-platform-content-item\" id=\"features\" data-nav-section=\"features\"><h2>Funktionen<\/h2><p>Die Eigenschaften, die unser Widget in die beste Preistabelle f\u00fcr HTML-Websites verwandeln. <\/p><ul><li>6 vordefinierte Spaltenelemente, die angeordnet und angepasst werden k\u00f6nnen, um das perfekte Aussehen zu erhalten;<\/li><li>Anpassbare Funktionsliste, komplett mit Funktionssymbolen, Hinweisen und einer unbegrenzten Anzahl von Funktionen;<\/li><li>Die Farbelemente jeder Spalte k\u00f6nnen individuell angepasst werden;<\/li><li>Anpassbarer Radius und Breite des Schaltfl\u00e4chenrahmens<\/li><li>F\u00fcr Mobilger\u00e4te optimiertes Layout.<\/li><\/ul><p> <a href=\"#demo\">Sie k\u00f6nnen alle Vorteile im Live-Editor ausprobieren<\/a><\/p><\/div><div class=\"application-platform-content-item-installation application-platform-content-item\" id=\"installation\" data-nav-section=\"installation\"><h2>So erstellen Sie eine Preistabelle f\u00fcr eine HTML-Website<\/h2><div class=\"video-container\"><iframe width=\"560\" height=\"315\" src=\"https:\/\/www.youtube.com\/embed\/cK2T6ohZcAU?si=tC3exywwFMY2IWig\" frameborder=\"0\" allow=\"accelerometer; autoplay; clipboard-write; encrypted-media; gyroscope; picture-in-picture; web-share\" allowfullscreen><\/iframe><\/div><p>Eine Anleitung zur Installation des Elfsight-Widgets. Um diesen Prozess durchzuf\u00fchren, ben\u00f6tigen Sie weder Erfahrung in der Webentwicklung noch viel Zeit. Nur ein paar schnelle Schritte und 2 Minuten Zeit.<\/p><ol><li><b>Generieren Sie Ihr einzigartiges Preis-Widget<\/b>.<br> Generieren Sie mit unserer kostenlosen Demo ein Plugin mit dem gew\u00fcnschten Aussehen und Einstellungen.<\/li><li><b>Erhalten Sie den Code zum Einbetten des Plugins<\/b>.<br> Nach der Widget-Konfiguration erhalten Sie den Code f\u00fcr die Preistabelle aus der angezeigten Benachrichtigung auf Elfsight Apps.<\/li><li><b>F\u00fcgen Sie das Widget auf der HTML-Seite hinzu<\/b>.<br> \u00d6ffnen Sie den Seitencode im HTML-Editor, f\u00fcgen Sie das Widget an der gew\u00fcnschten Stelle ein (Inhalt, Fu\u00dfzeile, Seitenleiste usw.) und ver\u00f6ffentlichen Sie dann die \u00c4nderungen. <\/li><li><b>Die Einbettung ist erfolgreich!<\/b><br> Gehen Sie zur Website, um Ihre Arbeit zu \u00fcberpr\u00fcfen.<\/li><\/ol><p>Es gibt Probleme mit der Generierung des Widgets ? Lesen Sie unseren ausf\u00fchrlichen Leitfaden \u201e<a href=\"https:\/\/elfsight.com\/tutorials\/how-to-add-pricing-table-to-html\/\" target=\"_blank\" rel=\"noopener noreferrer\">So f\u00fcgen Sie hinzu Preistabelle in ein HTML<\/a>\u00bb oder hinterlassen Sie eine Nachricht an unser Support-Team, das alle Arten von Problemen zeitnah l\u00f6sen wird.<\/p><\/div><div class=\"faq\" data-component=\"FAQ\"><div class=\"faq-item\">\r\n\t\t\t\t\t<div class=\"faq-item-question\">\r\n\t\t\t\t\t\t<h3 class=\"faq-item-question-text\">Wie f\u00fcge ich eine Preistabelle zur HTML-Website hinzu?<\/h3>\r\n\r\n\t\t\t\t\t\t<div class=\"faq-item-question-icon\"><\/div>\r\n\t\t\t\t\t<\/div>\r\n\r\n\t\t\t\t\t<div class=\"faq-item-answer\">\r\n\t\t\t\t\t\t<div class=\"faq-item-answer-text\"><p>Der Aufbau des Tools erfolgt auf den Elfsight-Seiten und es ist kein Code erforderlich. Nutzen Sie unsere Online-Demo, um Ihre pers\u00f6nliche App anzupassen, den Code zu erwerben und ihn in Ihre Website einzubetten.<\/p><\/div>\r\n\t\t\t\t\t<\/div>\r\n\t\t\t\t<\/div><div class=\"faq-item\">\r\n\t\t\t\t\t<div class=\"faq-item-question\">\r\n\t\t\t\t\t\t<h3 class=\"faq-item-question-text\">Die besten M\u00f6glichkeiten, die Preistabellenintegration zu nutzen<\/h3>\r\n\r\n\t\t\t\t\t\t<div class=\"faq-item-question-icon\"><\/div>\r\n\t\t\t\t\t<\/div>\r\n\r\n\t\t\t\t\t<div class=\"faq-item-answer\">\r\n\t\t\t\t\t\t<div class=\"faq-item-answer-text\"><p>Wir gew\u00e4hren Ihnen jede Menge Anpassungsm\u00f6glichkeiten: vollwertige Widgets zum Einbetten in den Inhaltsbereich, schwebende Plugins mit Scrolloptionen, Layouts f\u00fcr Fu\u00dfzeile, Kopfzeile und allerlei vertikale M\u00f6glichkeiten f\u00fcr Seitenleisten und Men\u00fcs. <\/p><\/div>\r\n\t\t\t\t\t<\/div>\r\n\t\t\t\t<\/div><div class=\"faq-item\">\r\n\t\t\t\t\t<div class=\"faq-item-question\">\r\n\t\t\t\t\t\t<h3 class=\"faq-item-question-text\">Kann ich mithilfe Ihres Redakteurs eine Spalten- oder Vergleichstabelle erstellen? <\/h3>\r\n\r\n\t\t\t\t\t\t<div class=\"faq-item-question-icon\"><\/div>\r\n\t\t\t\t\t<\/div>\r\n\r\n\t\t\t\t\t<div class=\"faq-item-answer\">\r\n\t\t\t\t\t\t<div class=\"faq-item-answer-text\"><p>Sie k\u00f6nnen gerne \u00c4nderungen an allen Widgets vornehmen. Im Editor stehen zahlreiche Layouts zur Verf\u00fcgung, die alle schnell und ganz nach Ihren W\u00fcnschen personalisiert werden k\u00f6nnen. <\/p><\/div>\r\n\t\t\t\t\t<\/div>\r\n\t\t\t\t<\/div><\/div>\n","protected":false},"excerpt":{"rendered":"","protected":false},"author":9,"featured_media":0,"parent":798,"menu_order":0,"comment_status":"closed","ping_status":"closed","template":"templates\/template-application-platform.php","meta":{"publish_to_discourse":"","publish_post_category":"","wpdc_auto_publish_overridden":"","wpdc_topic_tags":"","wpdc_pin_topic":"","wpdc_pin_until":"","discourse_post_id":"","discourse_permalink":"","wpdc_publishing_response":"","wpdc_publishing_error":"","footnotes":""},"class_list":["post-17689","page","type-page","status-publish","hentry"],"yoast_head":"<!-- This site is optimized with the Yoast SEO plugin v25.3.1 - https:\/\/yoast.com\/wordpress\/plugins\/seo\/ -->\n<title>Preistabelle \u2013 Preis-Widget zur HTML-Website hinzuf\u00fcgen<\/title>\n<meta name=\"description\" content=\"F\u00fcgen Sie das Preistabellen-Widget f\u00fcr HTML in nur 2 Minuten hinzu. Testen Sie alle herausragenden Funktionen des Best-Pricing-Plugins in der kostenlosen Demo.\" \/>\n<meta name=\"robots\" content=\"index, follow, max-snippet:-1, max-image-preview:large, max-video-preview:-1\" \/>\n<link rel=\"canonical\" href=\"https:\/\/elfsight.com\/de\/pricing-table-plugin\/html\/\" \/>\n<meta property=\"og:locale\" content=\"de_DE\" \/>\n<meta property=\"og:type\" content=\"article\" \/>\n<meta property=\"og:title\" content=\"Preistabelle \u2013 Preis-Widget zur HTML-Website hinzuf\u00fcgen\" \/>\n<meta property=\"og:description\" content=\"F\u00fcgen Sie das Preistabellen-Widget f\u00fcr HTML in nur 2 Minuten hinzu. Testen Sie alle herausragenden Funktionen des Best-Pricing-Plugins in der kostenlosen Demo.\" \/>\n<meta property=\"og:url\" content=\"https:\/\/elfsight.com\/de\/pricing-table-plugin\/html\/\" \/>\n<meta property=\"og:site_name\" content=\"Elfsight DE\" \/>\n<meta property=\"article:modified_time\" content=\"2025-02-20T09:41:55+00:00\" \/>\n<meta name=\"twitter:card\" content=\"summary_large_image\" \/>\n<meta name=\"twitter:label1\" content=\"Gesch\u00e4tzte Lesezeit\" \/>\n\t<meta name=\"twitter:data1\" content=\"3\u00a0Minuten\" \/>\n<!-- \/ Yoast SEO plugin. -->","yoast_head_json":{"title":"Preistabelle \u2013 Preis-Widget zur HTML-Website hinzuf\u00fcgen","description":"F\u00fcgen Sie das Preistabellen-Widget f\u00fcr HTML in nur 2 Minuten hinzu. Testen Sie alle herausragenden Funktionen des Best-Pricing-Plugins in der kostenlosen Demo.","robots":{"index":"index","follow":"follow","max-snippet":"max-snippet:-1","max-image-preview":"max-image-preview:large","max-video-preview":"max-video-preview:-1"},"canonical":"https:\/\/elfsight.com\/de\/pricing-table-plugin\/html\/","og_locale":"de_DE","og_type":"article","og_title":"Preistabelle \u2013 Preis-Widget zur HTML-Website hinzuf\u00fcgen","og_description":"F\u00fcgen Sie das Preistabellen-Widget f\u00fcr HTML in nur 2 Minuten hinzu. Testen Sie alle herausragenden Funktionen des Best-Pricing-Plugins in der kostenlosen Demo.","og_url":"https:\/\/elfsight.com\/de\/pricing-table-plugin\/html\/","og_site_name":"Elfsight DE","article_modified_time":"2025-02-20T09:41:55+00:00","twitter_card":"summary_large_image","twitter_misc":{"Gesch\u00e4tzte Lesezeit":"3\u00a0Minuten"},"schema":{"@context":"https:\/\/schema.org","@graph":[{"@type":"WebPage","@id":"https:\/\/elfsight.com\/de\/pricing-table-plugin\/html\/","url":"https:\/\/elfsight.com\/de\/pricing-table-plugin\/html\/","name":"Preistabelle \u2013 Preis-Widget zur HTML-Website hinzuf\u00fcgen","isPartOf":{"@id":"https:\/\/elfsight.com\/de\/#website"},"datePublished":"1970-01-01T00:00:00+00:00","dateModified":"2025-02-20T09:41:55+00:00","description":"F\u00fcgen Sie das Preistabellen-Widget f\u00fcr HTML in nur 2 Minuten hinzu. Testen Sie alle herausragenden Funktionen des Best-Pricing-Plugins in der kostenlosen Demo.","breadcrumb":{"@id":"https:\/\/elfsight.com\/de\/pricing-table-plugin\/html\/#breadcrumb"},"inLanguage":"de","potentialAction":[{"@type":"ReadAction","target":["https:\/\/elfsight.com\/de\/pricing-table-plugin\/html\/"]}]},{"@type":"BreadcrumbList","@id":"https:\/\/elfsight.com\/de\/pricing-table-plugin\/html\/#breadcrumb","itemListElement":[{"@type":"ListItem","position":1,"name":"Home","item":"https:\/\/elfsight.com\/de\/"},{"@type":"ListItem","position":2,"name":"Pricing Table","item":"https:\/\/elfsight.com\/de\/pricing-table-plugin\/"},{"@type":"ListItem","position":3,"name":"Pricing Table &#8211; HTML"}]},{"@type":"WebSite","@id":"https:\/\/elfsight.com\/de\/#website","url":"https:\/\/elfsight.com\/de\/","name":"Elfsight DE","description":"Just another Elfsight Sites site","potentialAction":[{"@type":"SearchAction","target":{"@type":"EntryPoint","urlTemplate":"https:\/\/elfsight.com\/de\/?s={search_term_string}"},"query-input":{"@type":"PropertyValueSpecification","valueRequired":true,"valueName":"search_term_string"}}],"inLanguage":"de"}]}},"meta_box":{"industry":"","seo_heading":"","heading":"","description":"","cta_heading":"","cta_description":"","application":"468","h1":"Preistabellen-Widget f\u00fcr HTML","h1_caption":"Pr\u00e4sentieren Sie Ihre Preisoptionen klar und ansprechend und helfen Sie Kunden, m\u00fchelos den richtigen Plan f\u00fcr ihre Bed\u00fcrfnisse auf Ihrer HTML-Website auszuw\u00e4hlen.","application_category":[],"applications_title":"","applications_request_title":"","applications_request_button_text":"","hero_text":"","hero_video":"","hero_video_schema_markup":"","selling_points_title":"","selling_points_caption":"","selling_points":[],"selling_points_cta_text":"","features_title":"","features":"","ed_cta_examples_text":"","ed_cta_examples_hidden":"","ed_cta_demo_text":"","ed_cta_demo_hidden":"","why_caption":"","why_editor_title":"","why_editor_text":"","why_team_title":"","why_team_text":"","why_service_title":"","why_service_text":"","template_catalog_visible":"0","template_catalog_title":"","template_catalog_text":"","template_catalog_categories_visible":"","demo_title":"Erstellen Sie Ihr Preistabellen-Widget","demo_caption":"Konfigurieren Sie Ihre Preistabelle und f\u00fcgen Sie sie kostenlos Ihrer HTML-Website hinzu!","default_faq_hidden":"","app_template_category":[],"platform":"260","template_public_id":"","codecanyon_url":"","codecanyon_item_id":"","codecanyon_price":"","pricing_caption":"","pricing_elfsight_apps_hide_column":"","pricing_elfsight_apps_url":"","pricing_codecanyon_price_caption":"","integration_category":[],"integration_request_title":"","integration_request_cta":"","integration_platform":"","integrations":[],"platform_category":[],"video_schema_markup":"","price":"ab 0 $ \/ Monat","trial":"","benefits":[{"text":"Kostenlose Installationsunterst\u00fctzung"},{"text":"Effektiver Kundenservice"},{"text":"14-t\u00e4gige Geld-zur\u00fcck-Garantie"},{"text":"Zuk\u00fcnftige kostenlose Updates"}],"button_url":"#demo","button_target_blank":"0","button_nofollow":"0","attributes":[{"name":"Installiert","content":"10,000 - 100,000"},{"name":"Reaktionsfreudig","content":"Ja"},{"name":"Kompatible Browser","content":"Firefox, Safari, Opera, Chrome, Edge"}],"tags":[],"tags_disable_links":"0","hide_more_platforms":"0","video_object":"","demo_hide_cta":"0","demo_hide_cloud_options":"0","pricing_title":"","pricing":[{"pricing_icon":"platform","pricing_title":"Elfsight Apps","pricing_title_caption":"Plattformunabh\u00e4ngige Software, die auf jeder Site funktioniert","pricing_price":"ab 0 $ \/ Monat","pricing_price_caption":"Beginnen Sie mit einem kostenlosen Plan","pricing_benefits":[{"text":"Unbegrenzte Websites"},{"text":"Premium-Unternehmensunterst\u00fctzung"},{"text":"Kostenloser Installationsservice"},{"text":"Sonderangebot f\u00fcr mehrere Apps"}],"pricing_button_text":"Zur Website hinzuf\u00fcgen","pricing_button_url":"#demo"}],"related_apps_title":"","related_apps_hidden":"0","author":"","image":[],"title":"","job":"","social_networks":[]},"_links":{"self":[{"href":"https:\/\/elfsight.com\/de\/wp-json\/wp\/v2\/pages\/17689","targetHints":{"allow":["GET"]}}],"collection":[{"href":"https:\/\/elfsight.com\/de\/wp-json\/wp\/v2\/pages"}],"about":[{"href":"https:\/\/elfsight.com\/de\/wp-json\/wp\/v2\/types\/page"}],"author":[{"embeddable":true,"href":"https:\/\/elfsight.com\/de\/wp-json\/wp\/v2\/users\/9"}],"replies":[{"embeddable":true,"href":"https:\/\/elfsight.com\/de\/wp-json\/wp\/v2\/comments?post=17689"}],"version-history":[{"count":3,"href":"https:\/\/elfsight.com\/de\/wp-json\/wp\/v2\/pages\/17689\/revisions"}],"predecessor-version":[{"id":24504,"href":"https:\/\/elfsight.com\/de\/wp-json\/wp\/v2\/pages\/17689\/revisions\/24504"}],"up":[{"embeddable":true,"href":"https:\/\/elfsight.com\/de\/wp-json\/wp\/v2\/pages\/798"}],"wp:attachment":[{"href":"https:\/\/elfsight.com\/de\/wp-json\/wp\/v2\/media?parent=17689"}],"curies":[{"name":"wp","href":"https:\/\/api.w.org\/{rel}","templated":true}]}}