{"id":17688,"date":"1970-01-01T00:00:00","date_gmt":"1970-01-01T00:00:00","guid":{"rendered":"https:\/\/elfsight.com\/de\/?page_id=17688"},"modified":"2025-02-20T09:22:41","modified_gmt":"2025-02-20T09:22:41","slug":"blogger","status":"publish","type":"page","link":"https:\/\/elfsight.com\/de\/pricing-table-plugin\/blogger\/","title":{"rendered":"Pricing Table &#8211; Blogger"},"content":{"rendered":"\n<div class=\"application-platform-content-item-description application-platform-content-item\" id=\"description\" data-nav-section=\"description\"><h2>Beschreibung<\/h2><p>Der Preis spielt eine der Schl\u00fcsselrollen, wenn es darum geht, Benutzer zum Kauf zu motivieren. Das Widget unseres Teams hilft den K\u00e4ufern der Website nicht nur, verf\u00fcgbare Preisangebote sehr schnell zu pr\u00fcfen und zu analysieren. Durch die erweiterten Funktionen der Benutzeroberfl\u00e4che und der Vorlagen tr\u00e4gt es auch dazu bei, die Konvertierung zu steigern.<\/p><p><b>Erh\u00f6hen Sie den Umsatz Ihrer Website mit Hilfe einer effektiven Preisgestaltung auf die n\u00e4chste Stufe.<\/b><\/p><ul><li><b>Finden Sie mehr Kunden<\/b>.<br>Wenden Sie die wirkungsvollsten Tricks der Benutzeroberfl\u00e4che an, zerstreuen Sie alle \u00c4ngste, die Kunden beim Kauf haben, und erzielen Sie die maximale Conversion. <\/li><li><b>Widget in nur 50 Sekunden einrichten<\/b>.<br>Nehmen Sie sich nur wenige Minuten Zeit, um das beste Widget zu erstellen. Nehmen Sie alle erforderlichen Design- und Inhaltskonfigurationen vor, um sie in nur wenigen Schritten anzuzeigen.<\/li><li><b>Machen Sie Ihre Angebote f\u00fcr Kunden spannend<\/b>.<br>W\u00e4hlen Sie beliebige Farben, zeigen Sie eine Tabelle und Bilder um Ihre Preisgestaltung f\u00fcr Kunden unterhaltsam zu gestalten und einen positiven Einfluss auf das Kaufergebnis zu haben.<\/li><\/ul><\/div><div class=\"application-platform-content-item-features application-platform-content-item\" id=\"features\" data-nav-section=\"features\"><h2>Funktionen<\/h2><p>Die Eigenschaften, die Machen Sie unser Widget zur besten Preistabelle f\u00fcr Blogger-Websites.<\/p><ul><li>2 vordefinierte Arten von Rahmenradien und 4 vordefinierte Arten von Rahmenbreiten;<\/li><li>Anpassbare Funktionsliste, komplett mit Funktionssymbolen , Hinweise und eine unbegrenzte Anzahl von Funktionen;<\/li><li>Machen Sie jede Spalte hervorgehoben;<\/li><li>Anpassbarer Radius und Breite des Schaltfl\u00e4chenrahmens;<\/li><li>F\u00fcr Mobilger\u00e4te optimiertes Layout.<\/li><\/ul><p><a href=\"#demo\">Sie k\u00f6nnen alle Vorteile mithilfe einer Live-Demo testen<\/a><\/p><\/div><div class=\"application-platform-content-item-installation application-platform-content-item\" id=\"installation\" data-nav-section=\"installation\"><h2> So f\u00fcgen Sie eine Preistabelle zur Blogger-Website hinzu<\/h2><div class=\"video-container\"><iframe width=\"560\" height=\"315\" src=\"https:\/\/www.youtube.com\/embed\/Fy40pvo-epU?si=0D38XcqH5zjltaMB\" frameborder=\"0\" allow=\"accelerometer; autoplay; clipboard-write; encrypted-media; gyroscope; picture-in-picture; web-share\" allowfullscreen><\/iframe><\/div><p>Eine Anleitung zum Einbetten unseres Widgets in eine Blogger-Site. Um dies zu erreichen, ben\u00f6tigen Sie weder Kenntnisse in der Webentwicklung noch viel Zeit. Nur ein paar einfache Schritte und 2 Minuten.<\/p><ol><li><b>Generieren Sie Ihre ma\u00dfgeschneiderte Preistabelle<\/b>.<br> Erstellen Sie mit unserem kostenlosen Konfigurator ein Plugin mit der gew\u00fcnschten Vorlage und Einstellungen.<\/li><li><b>Erhalten Sie den Code f\u00fcr die Installation des Plugins<\/b>.<br> Nach der Widget-Anpassung erhalten Sie den Code f\u00fcr das Preis-Plugin im angezeigten Fenster von Elfsight Apps.<\/li><li><b>Betten Sie das Plugin auf der Blogger-Website ein<\/b>.<br> Platzieren Sie das Plugin an der erforderlichen Stelle der Website und ver\u00f6ffentlichen Sie die Ergebnisse.<\/li><li><b>Fertig!<\/b><br> Geben Sie Ihre Website ein, um Ihre Preise anzuzeigen.<\/li><\/ol><p>Haben Sie Probleme beim Einrichten des Widgets? Sehen Sie sich unsere detaillierte Anleitung an: Preistabelle in einen Blogger integrieren<\/a>\u00bb oder wenden Sie sich an unser Support-Team, das alle m\u00f6glichen Probleme gerne l\u00f6st.<\/p><div class=\"faq\" data-component=\"FAQ\"> \n<div class=\"faq-item\">\r\n\t\t\t\t\t<div class=\"faq-item-question\">\r\n\t\t\t\t\t\t<h3 class=\"faq-item-question-text\">Wie kann ich eine Preistabelle zu meiner Blogger-Website hinzuf\u00fcgen, ohne Programmierkenntnisse?<\/h3>\r\n\r\n\t\t\t\t\t\t<div class=\"faq-item-question-icon\"><\/div>\r\n\t\t\t\t\t<\/div>\r\n\r\n\t\t\t\t\t<div class=\"faq-item-answer\">\r\n\t\t\t\t\t\t<div class=\"faq-item-answer-text\"> \n<p>Elfsight bietet eine einfache SaaS-L\u00f6sung, mit der Sie problemlos ein Preistabelle-Widget erstellen k\u00f6nnen. So einfach ist der Prozess:<\/p>\n<ul>\n<li>Arbeiten Sie direkt im Online-Editor, um das Preistabelle-Widget zu erstellen, das Sie auf Ihrer Blogger-Website verwenden m\u00f6chten.<\/li> \n<li>W\u00e4hlen Sie eine der verf\u00fcgbaren Vorlagen aus, passen Sie die Einstellungen f\u00fcr die Preistabelle an, f\u00fcgen Sie Ihre Inhalte hinzu und \u00e4ndern Sie das Layout sowie die Farben \u2013 alles ohne Programmierkenntnisse.<\/li> \n<li>Speichern Sie die Preistabelle und kopieren Sie den Installationscode, den Sie problemlos in Ihre Blogger-Website einf\u00fcgen k\u00f6nnen, ohne ein kostenpflichtiges Abo abschlie\u00dfen zu m\u00fcssen.<\/li> \n<\/ul>\n<p>Mit unserem benutzerfreundlichen Editor kann jeder Nutzer ein Preistabelle-Widget erstellen und es einfach in seine Blogger-Website einf\u00fcgen. Sie m\u00fcssen nicht bezahlen oder Ihre Zahlungsinformationen eingeben, um auf den Service zuzugreifen. Wenn Sie Unterst\u00fctzung ben\u00f6tigen, steht Ihnen unser technisches Support-Team gerne zur Seite.<\/p> \n<\/div>\r\n\t\t\t\t\t<\/div>\r\n\t\t\t\t<\/div> \n<\/div>\n<\/div>\n","protected":false},"excerpt":{"rendered":"","protected":false},"author":9,"featured_media":0,"parent":798,"menu_order":0,"comment_status":"closed","ping_status":"closed","template":"templates\/template-application-platform.php","meta":{"publish_to_discourse":"","publish_post_category":"","wpdc_auto_publish_overridden":"","wpdc_topic_tags":"","wpdc_pin_topic":"","wpdc_pin_until":"","discourse_post_id":"","discourse_permalink":"","wpdc_publishing_response":"","wpdc_publishing_error":"","footnotes":""},"class_list":["post-17688","page","type-page","status-publish","hentry"],"yoast_head":"<!-- This site is optimized with the Yoast SEO plugin v25.3.1 - https:\/\/yoast.com\/wordpress\/plugins\/seo\/ -->\n<title>Preistabelle \u2013 Preis-Widget zur Blogger-Website hinzuf\u00fcgen<\/title>\n<meta name=\"description\" content=\"Installieren Sie das Preistabellen-Widget f\u00fcr Blogger in nur 2 Minuten. \u00dcberpr\u00fcfen Sie alle wichtigen Merkmale des Plugins f\u00fcr die beste Preisgestaltung im kostenlosen Editor.\" \/>\n<meta name=\"robots\" content=\"index, follow, max-snippet:-1, max-image-preview:large, max-video-preview:-1\" \/>\n<link rel=\"canonical\" href=\"https:\/\/elfsight.com\/de\/pricing-table-plugin\/blogger\/\" \/>\n<meta property=\"og:locale\" content=\"de_DE\" \/>\n<meta property=\"og:type\" content=\"article\" \/>\n<meta property=\"og:title\" content=\"Preistabelle \u2013 Preis-Widget zur Blogger-Website hinzuf\u00fcgen\" \/>\n<meta property=\"og:description\" content=\"Installieren Sie das Preistabellen-Widget f\u00fcr Blogger in nur 2 Minuten. \u00dcberpr\u00fcfen Sie alle wichtigen Merkmale des Plugins f\u00fcr die beste Preisgestaltung im kostenlosen Editor.\" \/>\n<meta property=\"og:url\" content=\"https:\/\/elfsight.com\/de\/pricing-table-plugin\/blogger\/\" \/>\n<meta property=\"og:site_name\" content=\"Elfsight DE\" \/>\n<meta property=\"article:modified_time\" content=\"2025-02-20T09:22:41+00:00\" \/>\n<meta name=\"twitter:card\" content=\"summary_large_image\" \/>\n<meta name=\"twitter:label1\" content=\"Gesch\u00e4tzte Lesezeit\" \/>\n\t<meta name=\"twitter:data1\" content=\"3\u00a0Minuten\" \/>\n<!-- \/ Yoast SEO plugin. -->","yoast_head_json":{"title":"Preistabelle \u2013 Preis-Widget zur Blogger-Website hinzuf\u00fcgen","description":"Installieren Sie das Preistabellen-Widget f\u00fcr Blogger in nur 2 Minuten. \u00dcberpr\u00fcfen Sie alle wichtigen Merkmale des Plugins f\u00fcr die beste Preisgestaltung im kostenlosen Editor.","robots":{"index":"index","follow":"follow","max-snippet":"max-snippet:-1","max-image-preview":"max-image-preview:large","max-video-preview":"max-video-preview:-1"},"canonical":"https:\/\/elfsight.com\/de\/pricing-table-plugin\/blogger\/","og_locale":"de_DE","og_type":"article","og_title":"Preistabelle \u2013 Preis-Widget zur Blogger-Website hinzuf\u00fcgen","og_description":"Installieren Sie das Preistabellen-Widget f\u00fcr Blogger in nur 2 Minuten. \u00dcberpr\u00fcfen Sie alle wichtigen Merkmale des Plugins f\u00fcr die beste Preisgestaltung im kostenlosen Editor.","og_url":"https:\/\/elfsight.com\/de\/pricing-table-plugin\/blogger\/","og_site_name":"Elfsight DE","article_modified_time":"2025-02-20T09:22:41+00:00","twitter_card":"summary_large_image","twitter_misc":{"Gesch\u00e4tzte Lesezeit":"3\u00a0Minuten"},"schema":{"@context":"https:\/\/schema.org","@graph":[{"@type":"WebPage","@id":"https:\/\/elfsight.com\/de\/pricing-table-plugin\/blogger\/","url":"https:\/\/elfsight.com\/de\/pricing-table-plugin\/blogger\/","name":"Preistabelle \u2013 Preis-Widget zur Blogger-Website hinzuf\u00fcgen","isPartOf":{"@id":"https:\/\/elfsight.com\/de\/#website"},"datePublished":"1970-01-01T00:00:00+00:00","dateModified":"2025-02-20T09:22:41+00:00","description":"Installieren Sie das Preistabellen-Widget f\u00fcr Blogger in nur 2 Minuten. \u00dcberpr\u00fcfen Sie alle wichtigen Merkmale des Plugins f\u00fcr die beste Preisgestaltung im kostenlosen Editor.","breadcrumb":{"@id":"https:\/\/elfsight.com\/de\/pricing-table-plugin\/blogger\/#breadcrumb"},"inLanguage":"de","potentialAction":[{"@type":"ReadAction","target":["https:\/\/elfsight.com\/de\/pricing-table-plugin\/blogger\/"]}]},{"@type":"BreadcrumbList","@id":"https:\/\/elfsight.com\/de\/pricing-table-plugin\/blogger\/#breadcrumb","itemListElement":[{"@type":"ListItem","position":1,"name":"Home","item":"https:\/\/elfsight.com\/de\/"},{"@type":"ListItem","position":2,"name":"Pricing Table","item":"https:\/\/elfsight.com\/de\/pricing-table-plugin\/"},{"@type":"ListItem","position":3,"name":"Pricing Table &#8211; Blogger"}]},{"@type":"WebSite","@id":"https:\/\/elfsight.com\/de\/#website","url":"https:\/\/elfsight.com\/de\/","name":"Elfsight DE","description":"Just another Elfsight Sites site","potentialAction":[{"@type":"SearchAction","target":{"@type":"EntryPoint","urlTemplate":"https:\/\/elfsight.com\/de\/?s={search_term_string}"},"query-input":{"@type":"PropertyValueSpecification","valueRequired":true,"valueName":"search_term_string"}}],"inLanguage":"de"}]}},"meta_box":{"industry":"","seo_heading":"","heading":"","description":"","cta_heading":"","cta_description":"","application":"468","h1":"Preistabellen-Widget f\u00fcr Blogger","h1_caption":"Pr\u00e4sentieren Sie Ihre Preisoptionen klar und attraktiv und helfen Sie Kunden, m\u00fchelos den richtigen Plan f\u00fcr ihre Bed\u00fcrfnisse auf Ihrer Blogger-Website auszuw\u00e4hlen.","application_category":[],"applications_title":"","applications_request_title":"","applications_request_button_text":"","hero_text":"","hero_video":"","hero_video_schema_markup":"","selling_points_title":"","selling_points_caption":"","selling_points":[],"selling_points_cta_text":"","features_title":"","features":"","ed_cta_examples_text":"","ed_cta_examples_hidden":"","ed_cta_demo_text":"","ed_cta_demo_hidden":"","why_caption":"","why_editor_title":"","why_editor_text":"","why_team_title":"","why_team_text":"","why_service_title":"","why_service_text":"","template_catalog_visible":"0","template_catalog_title":"","template_catalog_text":"","template_catalog_categories_visible":"","demo_title":"Erstellen Sie Ihr Preistabellen-Widget","demo_caption":"Konfigurieren Sie Ihre Preistabelle und f\u00fcgen Sie sie kostenlos Ihrer Blogger-Website hinzu!","default_faq_hidden":"","app_template_category":[],"platform":"262","template_public_id":"","codecanyon_url":"","codecanyon_item_id":"","codecanyon_price":"","pricing_caption":"","pricing_elfsight_apps_hide_column":"","pricing_elfsight_apps_url":"","pricing_codecanyon_price_caption":"","integration_category":[],"integration_request_title":"","integration_request_cta":"","integration_platform":"","integrations":[],"platform_category":[],"video_schema_markup":"","price":"ab 0 $ \/ Monat","trial":"","benefits":[{"text":"Kostenloser Installationsservice"},{"text":"Professioneller Kundenservice"},{"text":"14-t\u00e4gige Geld-zur\u00fcck-Garantie"},{"text":"St\u00e4ndige Aktualisierung"}],"button_url":"#demo","button_target_blank":"0","button_nofollow":"0","attributes":[{"name":"Installiert","content":"10,000 - 100,000"},{"name":"Reaktionsfreudig","content":"Ja"},{"name":"Kompatible Browser","content":"Firefox, Safari, Opera, Chrome, Edge"}],"tags":[],"tags_disable_links":"0","hide_more_platforms":"0","video_object":"","demo_hide_cta":"0","demo_hide_cloud_options":"0","pricing_title":"","pricing":[{"pricing_icon":"platform","pricing_title":"Blogger widget","pricing_title_caption":"Plattformunabh\u00e4ngige Software, die auf jeder Website funktioniert","pricing_price":"ab 0 $ \/ Monat","pricing_price_caption":"Beginnen Sie mit einem kostenlosen Plan","pricing_benefits":[{"text":"Unbegrenzte Websites"},{"text":"Kostenloser Kundensupport und gut dokumentiert"},{"text":"Kostenloser Installationssupport"},{"text":"Vollst\u00e4ndig anpassbar"}],"pricing_button_text":"Zur Website hinzuf\u00fcgen","pricing_button_url":"#demo"}],"related_apps_title":"","related_apps_hidden":"0","author":"","image":[],"title":"","job":"","social_networks":[]},"_links":{"self":[{"href":"https:\/\/elfsight.com\/de\/wp-json\/wp\/v2\/pages\/17688","targetHints":{"allow":["GET"]}}],"collection":[{"href":"https:\/\/elfsight.com\/de\/wp-json\/wp\/v2\/pages"}],"about":[{"href":"https:\/\/elfsight.com\/de\/wp-json\/wp\/v2\/types\/page"}],"author":[{"embeddable":true,"href":"https:\/\/elfsight.com\/de\/wp-json\/wp\/v2\/users\/9"}],"replies":[{"embeddable":true,"href":"https:\/\/elfsight.com\/de\/wp-json\/wp\/v2\/comments?post=17688"}],"version-history":[{"count":3,"href":"https:\/\/elfsight.com\/de\/wp-json\/wp\/v2\/pages\/17688\/revisions"}],"predecessor-version":[{"id":24496,"href":"https:\/\/elfsight.com\/de\/wp-json\/wp\/v2\/pages\/17688\/revisions\/24496"}],"up":[{"embeddable":true,"href":"https:\/\/elfsight.com\/de\/wp-json\/wp\/v2\/pages\/798"}],"wp:attachment":[{"href":"https:\/\/elfsight.com\/de\/wp-json\/wp\/v2\/media?parent=17688"}],"curies":[{"name":"wp","href":"https:\/\/api.w.org\/{rel}","templated":true}]}}