{"id":17680,"date":"1970-01-01T00:00:00","date_gmt":"1970-01-01T00:00:00","guid":{"rendered":"https:\/\/elfsight.com\/de\/?page_id=17680"},"modified":"2025-02-20T09:28:30","modified_gmt":"2025-02-20T09:28:30","slug":"elementor","status":"publish","type":"page","link":"https:\/\/elfsight.com\/de\/pricing-table-plugin\/elementor\/","title":{"rendered":"Pricing Table &#8211; Elementor"},"content":{"rendered":"\n<div class=\"application-platform-content-item-description application-platform-content-item\" id=\"description\" data-nav-section=\"description\"><h2>Preistabelle auf Elementor mit dem Elfsight-Widget einbetten<\/h2><p>Die Preisgestaltung spielt eine der grundlegenden Rollen, wenn es darum geht, Benutzer zum Kauf zu bewegen. Das Elfsight-Plugin hilft den Nutzern der Website nicht nur, die verf\u00fcgbaren Preistarife im Handumdrehen kennenzulernen und zu vergleichen. Es tr\u00e4gt auch dazu bei, die Konvertierung mithilfe der aktuellsten Designtendenzen zu steigern.<\/p><p><b>Erh\u00f6hen Sie den Umsatz Ihrer Website mithilfe einer intelligenten Preisgestaltung.<\/b><\/p> <p><b>Mehr Kunden gewinnen<\/b><br> Nutzen Sie die neuesten Trends des Interface-Designs, um alle m\u00f6glichen Missverst\u00e4ndnisse eines Benutzers zu zerst\u00f6ren und gleichzeitig Kaufschritte einzuleiten.<\/p><p><b>Helfen Sie Besuchern, einen Kauf abzuschlie\u00dfen.<\/b><br> Zeigen Sie auf einfachste und effizienteste Weise die Informationen an, nach denen Ihre potenziellen Besucher suchen, und \u00fcberzeugen Sie sie, die 100 % richtige Entscheidung zu treffen.<\/p><p><b>Sofort und effiziente Anpassung<\/b><br> Mit einer gro\u00dfen Auswahl an Optionen, mit denen Sie mit nur drei Klicks verschiedene Arten von Preisen festlegen k\u00f6nnen, finden Sie diejenige, die f\u00fcr Sie absolut effektiv ist.<\/p><\/div> <div class=\"application-platform-content-item-features application-platform-content-item\" id=\"features\" data-nav-section=\"features\"><h2>Hauptfunktionen des Preistabellen-Widgets<\/h2><p>Die wichtigsten Funktionen, die unser Plugin zur besten Preistabelle f\u00fcr Elementor-Websites machen.<\/p><ul><li>6 vordefinierte Spaltenelemente, die angeordnet und angepasst werden k\u00f6nnen, um das perfekte Aussehen zu erhalten;<\/li><li>Anpassbare Funktionsliste, komplett mit Funktionssymbolen, Hinweisen und unbegrenzter Anzahl von Funktionen;<\/li><li>Jede Spalte Farbelemente k\u00f6nnen individuell angepasst werden;<\/li><li>Anpassbarer Radius und Breite des Button-Rahmens;<\/li><li>F\u00fcr Mobilger\u00e4te optimiertes Layout.<\/li><\/ul><p><a href=\"#demo \">Sie k\u00f6nnen alle Funktionen mit unserem Live-Editor ausprobieren<\/a><\/p><\/div><div class=\"application-platform-content-item-installation application-platform-content-item\" id=\"installation\" data-nav-section=\"installation\"><h2>So f\u00fcgen Sie die Preistabelle zur Elementor-Website hinzu<\/h2> <div class=\"video-container\"><iframe width=\"560\" height=\"315\" src=\"https:\/\/www.youtube.com\/embed\/2iatWQq7jI0?si=XkH7lQ0W-wEQkNvc\" frameborder=\"0\" allow=\"accelerometer; autoplay; clipboard-write; encrypted-media; gyroscope; picture-in-picture; web-share\" allowfullscreen><\/iframe><\/div><p>Schauen Sie sich diese kurze Anleitung an, um unser Plugin auf Ihrer Website zu installieren. Um es zu erf\u00fcllen, ben\u00f6tigen Sie weder Programmierkenntnisse noch viel Zeit. Nur ein paar einfache Schritte und zwei bis drei Minuten.<\/p><ol><li><b>Erstellen Sie Ihre pers\u00f6nliche Preistabelle<\/b><br> Erstellen Sie mit unserer kostenlosen Demo ein Plugin mit ausgew\u00e4hltem Layout und ausgew\u00e4hlten Optionen .<\/li> <li><b>Erhalten Sie den eindeutigen Code zum Hinzuf\u00fcgen des Plugins.<\/b><br> Nachdem das Widget eingerichtet wurde, erhalten Sie Ihren eindeutigen Installationscode f\u00fcr das Preis-Plugin im angezeigten Fenster von Elfsight Apps. <\/li><li><b>Plugin auf der Elementor-Website anzeigen<\/b><br> W\u00e4hlen Sie aus, wo das Plugin eingef\u00fcgt werden soll, f\u00fcgen Sie dort den Installationscode ein und ver\u00f6ffentlichen Sie die \u00c4nderungen.<\/li><li><b>Die Installation ist abgeschlossen<\/b><br> Gehen Sie zu Ihrer Website, um Ihr Widget anzuzeigen.<\/li><\/ol><p>Haben Sie Probleme mit der Einrichtung des Plugins? Kontaktieren Sie unser Hilfecenter, wir helfen Ihnen bei jedem Problem!<\/p><div class=\"faq\" data-component=\"FAQ\"> <div class=\"faq-item\">\r\n\t\t\t\t\t<div class=\"faq-item-question\">\r\n\t\t\t\t\t\t<h3 class=\"faq-item-question-text\">Wie kann ich ohne Programmierkenntnisse eine Preistabelle zu meiner Elementor-Website hinzuf\u00fcgen? <\/h3>\r\n\r\n\t\t\t\t\t\t<div class=\"faq-item-question-icon\"><\/div>\r\n\t\t\t\t\t<\/div>\r\n\r\n\t\t\t\t\t<div class=\"faq-item-answer\">\r\n\t\t\t\t\t\t<div class=\"faq-item-answer-text\"> <p>Elfsight bietet eine SaaS-L\u00f6sung, mit der Sie selbst ein Preistabellen-Widget erstellen k\u00f6nnen. Sehen Sie, wie einfach der Vorgang ist: Arbeiten Sie direkt im Online-Editor, um ein Preistabellen-Widget zu erstellen, das Sie gerne auf Ihrer Elementor-Website sehen w\u00fcrden. W\u00e4hlen Sie eine der vorgefertigten Vorlagen aus und passen Sie die Einstellungen der Preistabelle an, f\u00fcgen Sie Ihre Inhalte hinzu, \u00e4ndern Sie das Layout und die Farben ohne Programmierkenntnisse. Speichern Sie die Preistabelle und kopieren Sie den Installationscode, den Sie m\u00fchelos in Ihre Elementor-Website einf\u00fcgen k\u00f6nnen, ohne einen kostenpflichtigen Plan kaufen zu m\u00fcssen. Mit unserem intuitiven Editor kann jeder Internetnutzer online ein Preistabellen-Widget erstellen und es einfach in seine Elementor-Website einbetten. Sie m\u00fcssen weder bezahlen noch Ihre Kartendaten eingeben, um auf den Service zuzugreifen. Sollten bei irgendeinem Schritt Probleme auftreten, wenden Sie sich bitte an unser technisches Support-Team.<\/p> <\/div>\r\n\t\t\t\t\t<\/div>\r\n\t\t\t\t<\/div> <\/div> <\/div>\n","protected":false},"excerpt":{"rendered":"","protected":false},"author":9,"featured_media":0,"parent":798,"menu_order":0,"comment_status":"closed","ping_status":"closed","template":"templates\/template-application-platform.php","meta":{"publish_to_discourse":"","publish_post_category":"","wpdc_auto_publish_overridden":"","wpdc_topic_tags":"","wpdc_pin_topic":"","wpdc_pin_until":"","discourse_post_id":"","discourse_permalink":"","wpdc_publishing_response":"","wpdc_publishing_error":"","footnotes":""},"class_list":["post-17680","page","type-page","status-publish","hentry"],"yoast_head":"<!-- This site is optimized with the Yoast SEO plugin v25.3.1 - https:\/\/yoast.com\/wordpress\/plugins\/seo\/ -->\n<title>Preistabellen-Widget f\u00fcr die Elementor-Website (2025)<\/title>\n<meta name=\"description\" content=\"Holen Sie sich das Preistabellen-Plugin f\u00fcr Elementor in nur 3 Minuten. Probieren Sie alle wichtigen Vorteile des Best-Pricing-Plugins im kostenlosen Panel aus.\" \/>\n<meta name=\"robots\" content=\"index, follow, max-snippet:-1, max-image-preview:large, max-video-preview:-1\" \/>\n<link rel=\"canonical\" href=\"https:\/\/elfsight.com\/de\/pricing-table-plugin\/elementor\/\" \/>\n<meta property=\"og:locale\" content=\"de_DE\" \/>\n<meta property=\"og:type\" content=\"article\" \/>\n<meta property=\"og:title\" content=\"Preistabellen-Widget f\u00fcr die Elementor-Website (2025)\" \/>\n<meta property=\"og:description\" content=\"Holen Sie sich das Preistabellen-Plugin f\u00fcr Elementor in nur 3 Minuten. Probieren Sie alle wichtigen Vorteile des Best-Pricing-Plugins im kostenlosen Panel aus.\" \/>\n<meta property=\"og:url\" content=\"https:\/\/elfsight.com\/de\/pricing-table-plugin\/elementor\/\" \/>\n<meta property=\"og:site_name\" content=\"Elfsight DE\" \/>\n<meta property=\"article:modified_time\" content=\"2025-02-20T09:28:30+00:00\" \/>\n<meta name=\"twitter:card\" content=\"summary_large_image\" \/>\n<meta name=\"twitter:label1\" content=\"Gesch\u00e4tzte Lesezeit\" \/>\n\t<meta name=\"twitter:data1\" content=\"3\u00a0Minuten\" \/>\n<!-- \/ Yoast SEO plugin. -->","yoast_head_json":{"title":"Preistabellen-Widget f\u00fcr die Elementor-Website (2025)","description":"Holen Sie sich das Preistabellen-Plugin f\u00fcr Elementor in nur 3 Minuten. Probieren Sie alle wichtigen Vorteile des Best-Pricing-Plugins im kostenlosen Panel aus.","robots":{"index":"index","follow":"follow","max-snippet":"max-snippet:-1","max-image-preview":"max-image-preview:large","max-video-preview":"max-video-preview:-1"},"canonical":"https:\/\/elfsight.com\/de\/pricing-table-plugin\/elementor\/","og_locale":"de_DE","og_type":"article","og_title":"Preistabellen-Widget f\u00fcr die Elementor-Website (2025)","og_description":"Holen Sie sich das Preistabellen-Plugin f\u00fcr Elementor in nur 3 Minuten. Probieren Sie alle wichtigen Vorteile des Best-Pricing-Plugins im kostenlosen Panel aus.","og_url":"https:\/\/elfsight.com\/de\/pricing-table-plugin\/elementor\/","og_site_name":"Elfsight DE","article_modified_time":"2025-02-20T09:28:30+00:00","twitter_card":"summary_large_image","twitter_misc":{"Gesch\u00e4tzte Lesezeit":"3\u00a0Minuten"},"schema":{"@context":"https:\/\/schema.org","@graph":[{"@type":"WebPage","@id":"https:\/\/elfsight.com\/de\/pricing-table-plugin\/elementor\/","url":"https:\/\/elfsight.com\/de\/pricing-table-plugin\/elementor\/","name":"Preistabellen-Widget f\u00fcr die Elementor-Website (2025)","isPartOf":{"@id":"https:\/\/elfsight.com\/de\/#website"},"datePublished":"1970-01-01T00:00:00+00:00","dateModified":"2025-02-20T09:28:30+00:00","description":"Holen Sie sich das Preistabellen-Plugin f\u00fcr Elementor in nur 3 Minuten. Probieren Sie alle wichtigen Vorteile des Best-Pricing-Plugins im kostenlosen Panel aus.","breadcrumb":{"@id":"https:\/\/elfsight.com\/de\/pricing-table-plugin\/elementor\/#breadcrumb"},"inLanguage":"de","potentialAction":[{"@type":"ReadAction","target":["https:\/\/elfsight.com\/de\/pricing-table-plugin\/elementor\/"]}]},{"@type":"BreadcrumbList","@id":"https:\/\/elfsight.com\/de\/pricing-table-plugin\/elementor\/#breadcrumb","itemListElement":[{"@type":"ListItem","position":1,"name":"Home","item":"https:\/\/elfsight.com\/de\/"},{"@type":"ListItem","position":2,"name":"Pricing Table","item":"https:\/\/elfsight.com\/de\/pricing-table-plugin\/"},{"@type":"ListItem","position":3,"name":"Pricing Table &#8211; Elementor"}]},{"@type":"WebSite","@id":"https:\/\/elfsight.com\/de\/#website","url":"https:\/\/elfsight.com\/de\/","name":"Elfsight DE","description":"Just another Elfsight Sites site","potentialAction":[{"@type":"SearchAction","target":{"@type":"EntryPoint","urlTemplate":"https:\/\/elfsight.com\/de\/?s={search_term_string}"},"query-input":{"@type":"PropertyValueSpecification","valueRequired":true,"valueName":"search_term_string"}}],"inLanguage":"de"}]}},"meta_box":{"industry":"","seo_heading":"","heading":"","description":"","cta_heading":"","cta_description":"","application":"468","h1":"Elementor-Preistabelle","h1_caption":"Pr\u00e4sentieren Sie Ihre Preisoptionen klar und attraktiv und helfen Sie Kunden, m\u00fchelos den richtigen Plan f\u00fcr ihre Bed\u00fcrfnisse auf Ihrer Elementor-Website auszuw\u00e4hlen.","application_category":[],"applications_title":"","applications_request_title":"","applications_request_button_text":"","hero_text":"","hero_video":"","hero_video_schema_markup":"","selling_points_title":"","selling_points_caption":"","selling_points":[],"selling_points_cta_text":"","features_title":"","features":"","ed_cta_examples_text":"","ed_cta_examples_hidden":"","ed_cta_demo_text":"","ed_cta_demo_hidden":"","why_caption":"","why_editor_title":"","why_editor_text":"","why_team_title":"","why_team_text":"","why_service_title":"","why_service_text":"","template_catalog_visible":"0","template_catalog_title":"","template_catalog_text":"","template_catalog_categories_visible":"","demo_title":"Erstellen Sie Ihr Preistabellen-Widget","demo_caption":"Konfigurieren Sie Ihre Preistabelle und f\u00fcgen Sie sie kostenlos Ihrer Elementor-Website hinzu!","default_faq_hidden":"","app_template_category":[],"platform":"223","template_public_id":"","codecanyon_url":"","codecanyon_item_id":"","codecanyon_price":"","pricing_caption":"","pricing_elfsight_apps_hide_column":"","pricing_elfsight_apps_url":"","pricing_codecanyon_price_caption":"","integration_category":[],"integration_request_title":"","integration_request_cta":"","integration_platform":"","integrations":[],"platform_category":[],"video_schema_markup":"","price":"ab 0 $ \/ Monat","trial":"","benefits":[{"text":"Kostenloser Installationsservice"},{"text":"Au\u00dfergew\u00f6hnlicher Support"},{"text":"14-t\u00e4gige R\u00fcckerstattungsgarantie"},{"text":"Kontinuierliche kostenlose Verbesserungen"}],"button_url":"#demo","button_target_blank":"0","button_nofollow":"0","attributes":[{"name":"Installiert","content":"10,000 - 100,000"},{"name":"Reaktionsfreudig","content":"Ja"},{"name":"Kompatible Browser","content":"Firefox, Safari, Opera, Chrome, Edge"}],"tags":[],"tags_disable_links":"0","hide_more_platforms":"0","video_object":"","demo_hide_cta":"0","demo_hide_cloud_options":"0","pricing_title":"","pricing":[{"pricing_icon":"platform","pricing_title":"Elfsight Apps","pricing_title_caption":"Plattform\u00fcbergreifende Software","pricing_price":"ab 0 $ \/ Monat","pricing_price_caption":"Beginnen Sie mit einem kostenlosen Plan","pricing_benefits":[{"text":"Unbegrenzte Websites"},{"text":"Professionelle Unternehmensunterst\u00fctzung"},{"text":"Kostenlose Installationshilfe"},{"text":"Sonderangebot f\u00fcr mehrere Apps"}],"pricing_button_text":"Zur Website hinzuf\u00fcgen","pricing_button_url":"#demo"}],"related_apps_title":"","related_apps_hidden":"0","author":"","image":[],"title":"","job":"","social_networks":[]},"_links":{"self":[{"href":"https:\/\/elfsight.com\/de\/wp-json\/wp\/v2\/pages\/17680","targetHints":{"allow":["GET"]}}],"collection":[{"href":"https:\/\/elfsight.com\/de\/wp-json\/wp\/v2\/pages"}],"about":[{"href":"https:\/\/elfsight.com\/de\/wp-json\/wp\/v2\/types\/page"}],"author":[{"embeddable":true,"href":"https:\/\/elfsight.com\/de\/wp-json\/wp\/v2\/users\/9"}],"replies":[{"embeddable":true,"href":"https:\/\/elfsight.com\/de\/wp-json\/wp\/v2\/comments?post=17680"}],"version-history":[{"count":3,"href":"https:\/\/elfsight.com\/de\/wp-json\/wp\/v2\/pages\/17680\/revisions"}],"predecessor-version":[{"id":24498,"href":"https:\/\/elfsight.com\/de\/wp-json\/wp\/v2\/pages\/17680\/revisions\/24498"}],"up":[{"embeddable":true,"href":"https:\/\/elfsight.com\/de\/wp-json\/wp\/v2\/pages\/798"}],"wp:attachment":[{"href":"https:\/\/elfsight.com\/de\/wp-json\/wp\/v2\/media?parent=17680"}],"curies":[{"name":"wp","href":"https:\/\/api.w.org\/{rel}","templated":true}]}}