{"id":17679,"date":"1970-01-01T00:00:00","date_gmt":"1970-01-01T00:00:00","guid":{"rendered":"https:\/\/elfsight.com\/de\/?page_id=17679"},"modified":"2025-02-20T09:38:12","modified_gmt":"2025-02-20T09:38:12","slug":"iframe","status":"publish","type":"page","link":"https:\/\/elfsight.com\/de\/pricing-table-plugin\/iframe\/","title":{"rendered":"Pricing Table &#8211; iFrame"},"content":{"rendered":"\n<div class=\"application-platform-content-item-description application-platform-content-item\" id=\"description\" data-nav-section=\"description\"><h2>Preistabelle auf iFrame mit dem Elfsight-Widget einbetten<\/h2><p>Die Preisgestaltung spielt eine der wichtigsten Rollen, wenn es darum geht, Besucher zum Bestellen anzuregen . Das Plugin unseres Teams erm\u00f6glicht es Kunden der Seite nicht nur, verf\u00fcgbare Preispl\u00e4ne anzuzeigen und zu vergleichen. Mithilfe der modernsten Schnittstellen- und Konfigurationstechniken tr\u00e4gt es auch zur Verbesserung der Konvertierung bei.<\/p><p><b>Bringen Sie den Verkauf Ihrer Website mit Hilfe einer leistungsstarken Preisgestaltung auf ein neues Niveau.<\/b><\/p><p><b>Mehr Kunden gewinnen<\/b><br>Holen Sie sich das Beste aus den neuesten Designtendenzen, um den Verdacht aller Kunden zu bek\u00e4mpfen und gleichzeitig eine Kaufentscheidung zu treffen, und erzielen Sie die h\u00f6chste Conversion.<\/p> <p><b>Helfen Sie Kunden, einen Kauf abzuschlie\u00dfen<\/b><br>Demonstrieren Sie m\u00f6glichst klar und effizient alle Informationen, nach denen Ihre potenziellen Benutzer suchen, und helfen Sie ihnen, die richtige Wahl zu treffen.<\/p> <p><b>Schnelle und effiziente Anpassung<\/b><br>Dank einer Vielzahl von Einstellungen, die es erm\u00f6glichen, alle m\u00f6glichen Preiss\u00e4tze in nur 3 Schritten zu erstellen, erhalten Sie denjenigen, der f\u00fcr Sie absolut effizient ist.<\/p><\/div><div class=\"application-platform-content-item-features application-platform-content-item\" id=\"features\" data-nav-section=\"features\"><h2>Hauptfunktionen des Preistabellen-Widgets<\/h2><p>\u00dcberpr\u00fcfen Sie die Eigenschaften, die unser Plugin zur besten Preistabelle f\u00fcr iFrame-Websites machen.<\/p><ul><li>5 vordefinierte Skins mit verschiedenen Farbschemata;<\/li><li>6 integrierte Spaltenelemente, die angeordnet und angepasst werden k\u00f6nnen, um das perfekte Aussehen zu erhalten;<\/li><li>Machen Sie jede Spalte sichtbar;<\/li><li>Die Farbelemente jeder Spalte k\u00f6nnen individuell angepasst werden.<\/li><\/ul><p><a href=\"#demo\">Sie k\u00f6nnen alle Vorteile in einer Live-Demo ausprobieren<\/a><\/p><\/div><div class=\"application-platform-content-item-installation application-platform-content-item\" id=\"installation\" data-nav-section=\"installation\"><h2>So f\u00fcgen Sie das Preistabellen-Plugin zur iFrame-Website hinzu<\/h2><p>Hier ist eine kurze Anleitung zum Einbetten unseres Plugins. Um diesen Prozess durchzuf\u00fchren, ben\u00f6tigen Sie weder Kenntnisse in der Webentwicklung noch viel Zeit. Nur 3 einfache Schritte und 3 Minuten.<\/p><ol><li><b>Erstellen Sie Ihr eigenes Preis-Plugin<\/b><br> Richten Sie mit unserem kostenlosen Konfigurator ein Plugin mit gew\u00fcnschtem Aussehen und Funktionen ein . <\/li><li><b>Kopieren Sie den pers\u00f6nlichen Code, um das Plugin anzuzeigen<\/b><br> Nachdem Sie Ihr Plugin erstellt haben, erhalten Sie Ihren pers\u00f6nlichen Code aus der angezeigten Benachrichtigung auf Elfsight Apps. Kopieren Sie es zur sp\u00e4teren Verwendung. <\/li> <li><b>Zeigen Sie das Plugin auf Ihrer iFrame-Website an<\/b><br> W\u00e4hlen Sie den Bereich aus, in dem Sie das Plugin anzeigen m\u00f6chten, und f\u00fcgen Sie dort den gespeicherten Code ein. \u00dcbernehmen Sie die \u00c4nderungen. <\/li> <li><b>Die Einrichtung ist abgeschlossen<\/b><br> Gehen Sie zur Website, um Ihre Erfahrungsberichte anzuzeigen. <\/li> <\/ol><p>Haben Sie Probleme beim Einrichten des Plugins? Sehen Sie sich unser vollst\u00e4ndiges Handbuch \u201eSo f\u00fcgen Sie eine Preistabelle zu einem iFrame hinzu\u201c an oder wenden Sie sich an unser Hilfecenter, das alle Ihre Probleme leicht l\u00f6sen wird.<\/p><div class=\"faq\" data-component=\"FAQ\"> <div class=\"faq-item\">\r\n\t\t\t\t\t<div class=\"faq-item-question\">\r\n\t\t\t\t\t\t<h3 class=\"faq-item-question-text\">So f\u00fcgen Sie eine Preistabelle zu meinem iFrame hinzu Website ohne Programmierkenntnisse?<\/h3>\r\n\r\n\t\t\t\t\t\t<div class=\"faq-item-question-icon\"><\/div>\r\n\t\t\t\t\t<\/div>\r\n\r\n\t\t\t\t\t<div class=\"faq-item-answer\">\r\n\t\t\t\t\t\t<div class=\"faq-item-answer-text\"> <p>Elfsight bietet eine SaaS-L\u00f6sung, mit der Sie selbst ein Preistabellen-Widget erstellen k\u00f6nnen. Sehen Sie, wie einfach der Vorgang ist: Arbeiten Sie direkt im Online-Editor, um ein Preistabellen-Widget zu erstellen, auf dem Sie es gerne sehen w\u00fcrden Ihre iFrame-Website. W\u00e4hlen Sie eine der vorgefertigten Vorlagen aus und passen Sie die Einstellungen der Preistabelle an, f\u00fcgen Sie Ihre Inhalte hinzu, \u00e4ndern Sie das Layout und die Farben ohne Programmierkenntnisse. Speichern Sie die Preistabelle und kopieren Sie den Installationscode, den Sie einfach in Ihre iFrame-Website einbetten k\u00f6nnen, ohne eine kostenpflichtige Version kaufen zu m\u00fcssen. Mit unserem intuitiven Editor kann jeder Internetnutzer online ein Preistabellen-Widget erstellen und es einfach in seine iFrame-Website einbetten. Sie m\u00fcssen weder bezahlen noch Ihre Kartendaten eingeben, um auf den Service zuzugreifen. Sollten bei irgendeinem Schritt Probleme auftreten, wenden Sie sich bitte an unser technisches Support-Team.<\/p> <\/div>\r\n\t\t\t\t\t<\/div>\r\n\t\t\t\t<\/div> <\/div> <\/div>\n","protected":false},"excerpt":{"rendered":"","protected":false},"author":9,"featured_media":0,"parent":798,"menu_order":0,"comment_status":"closed","ping_status":"closed","template":"templates\/template-application-platform.php","meta":{"publish_to_discourse":"","publish_post_category":"","wpdc_auto_publish_overridden":"","wpdc_topic_tags":"","wpdc_pin_topic":"","wpdc_pin_until":"","discourse_post_id":"","discourse_permalink":"","wpdc_publishing_response":"","wpdc_publishing_error":"","footnotes":""},"class_list":["post-17679","page","type-page","status-publish","hentry"],"yoast_head":"<!-- This site is optimized with the Yoast SEO plugin v25.3.1 - https:\/\/yoast.com\/wordpress\/plugins\/seo\/ -->\n<title>iFrame-Preistabellen-Plugin f\u00fcr Ihre Website (kostenlos und schnell)<\/title>\n<meta name=\"description\" content=\"Installieren Sie das Pricing Table-Plugin f\u00fcr iFrame in nur 1 Minute. Probieren Sie alle wichtigen Merkmale des Plugins f\u00fcr die beste Preisgestaltung im kostenlosen Editor aus.\" \/>\n<meta name=\"robots\" content=\"index, follow, max-snippet:-1, max-image-preview:large, max-video-preview:-1\" \/>\n<link rel=\"canonical\" href=\"https:\/\/elfsight.com\/de\/pricing-table-plugin\/iframe\/\" \/>\n<meta property=\"og:locale\" content=\"de_DE\" \/>\n<meta property=\"og:type\" content=\"article\" \/>\n<meta property=\"og:title\" content=\"iFrame-Preistabellen-Plugin f\u00fcr Ihre Website (kostenlos und schnell)\" \/>\n<meta property=\"og:description\" content=\"Installieren Sie das Pricing Table-Plugin f\u00fcr iFrame in nur 1 Minute. Probieren Sie alle wichtigen Merkmale des Plugins f\u00fcr die beste Preisgestaltung im kostenlosen Editor aus.\" \/>\n<meta property=\"og:url\" content=\"https:\/\/elfsight.com\/de\/pricing-table-plugin\/iframe\/\" \/>\n<meta property=\"og:site_name\" content=\"Elfsight DE\" \/>\n<meta property=\"article:modified_time\" content=\"2025-02-20T09:38:12+00:00\" \/>\n<meta name=\"twitter:card\" content=\"summary_large_image\" \/>\n<meta name=\"twitter:label1\" content=\"Gesch\u00e4tzte Lesezeit\" \/>\n\t<meta name=\"twitter:data1\" content=\"4\u00a0Minuten\" \/>\n<!-- \/ Yoast SEO plugin. -->","yoast_head_json":{"title":"iFrame-Preistabellen-Plugin f\u00fcr Ihre Website (kostenlos und schnell)","description":"Installieren Sie das Pricing Table-Plugin f\u00fcr iFrame in nur 1 Minute. Probieren Sie alle wichtigen Merkmale des Plugins f\u00fcr die beste Preisgestaltung im kostenlosen Editor aus.","robots":{"index":"index","follow":"follow","max-snippet":"max-snippet:-1","max-image-preview":"max-image-preview:large","max-video-preview":"max-video-preview:-1"},"canonical":"https:\/\/elfsight.com\/de\/pricing-table-plugin\/iframe\/","og_locale":"de_DE","og_type":"article","og_title":"iFrame-Preistabellen-Plugin f\u00fcr Ihre Website (kostenlos und schnell)","og_description":"Installieren Sie das Pricing Table-Plugin f\u00fcr iFrame in nur 1 Minute. Probieren Sie alle wichtigen Merkmale des Plugins f\u00fcr die beste Preisgestaltung im kostenlosen Editor aus.","og_url":"https:\/\/elfsight.com\/de\/pricing-table-plugin\/iframe\/","og_site_name":"Elfsight DE","article_modified_time":"2025-02-20T09:38:12+00:00","twitter_card":"summary_large_image","twitter_misc":{"Gesch\u00e4tzte Lesezeit":"4\u00a0Minuten"},"schema":{"@context":"https:\/\/schema.org","@graph":[{"@type":"WebPage","@id":"https:\/\/elfsight.com\/de\/pricing-table-plugin\/iframe\/","url":"https:\/\/elfsight.com\/de\/pricing-table-plugin\/iframe\/","name":"iFrame-Preistabellen-Plugin f\u00fcr Ihre Website (kostenlos und schnell)","isPartOf":{"@id":"https:\/\/elfsight.com\/de\/#website"},"datePublished":"1970-01-01T00:00:00+00:00","dateModified":"2025-02-20T09:38:12+00:00","description":"Installieren Sie das Pricing Table-Plugin f\u00fcr iFrame in nur 1 Minute. Probieren Sie alle wichtigen Merkmale des Plugins f\u00fcr die beste Preisgestaltung im kostenlosen Editor aus.","breadcrumb":{"@id":"https:\/\/elfsight.com\/de\/pricing-table-plugin\/iframe\/#breadcrumb"},"inLanguage":"de","potentialAction":[{"@type":"ReadAction","target":["https:\/\/elfsight.com\/de\/pricing-table-plugin\/iframe\/"]}]},{"@type":"BreadcrumbList","@id":"https:\/\/elfsight.com\/de\/pricing-table-plugin\/iframe\/#breadcrumb","itemListElement":[{"@type":"ListItem","position":1,"name":"Home","item":"https:\/\/elfsight.com\/de\/"},{"@type":"ListItem","position":2,"name":"Pricing Table","item":"https:\/\/elfsight.com\/de\/pricing-table-plugin\/"},{"@type":"ListItem","position":3,"name":"Pricing Table &#8211; iFrame"}]},{"@type":"WebSite","@id":"https:\/\/elfsight.com\/de\/#website","url":"https:\/\/elfsight.com\/de\/","name":"Elfsight DE","description":"Just another Elfsight Sites site","potentialAction":[{"@type":"SearchAction","target":{"@type":"EntryPoint","urlTemplate":"https:\/\/elfsight.com\/de\/?s={search_term_string}"},"query-input":{"@type":"PropertyValueSpecification","valueRequired":true,"valueName":"search_term_string"}}],"inLanguage":"de"}]}},"meta_box":{"industry":"","seo_heading":"","heading":"","description":"","cta_heading":"","cta_description":"","application":"468","h1":"iFrame-Preistabellen-Plugin","h1_caption":"Pr\u00e4sentieren Sie Ihre Preisoptionen klar und attraktiv und helfen Sie Kunden, m\u00fchelos den richtigen Plan f\u00fcr ihre Bed\u00fcrfnisse auf Ihrer iFrame-Website auszuw\u00e4hlen.","application_category":[],"applications_title":"","applications_request_title":"","applications_request_button_text":"","hero_text":"","hero_video":"","hero_video_schema_markup":"","selling_points_title":"","selling_points_caption":"","selling_points":[],"selling_points_cta_text":"","features_title":"","features":"","ed_cta_examples_text":"","ed_cta_examples_hidden":"","ed_cta_demo_text":"","ed_cta_demo_hidden":"","why_caption":"","why_editor_title":"","why_editor_text":"","why_team_title":"","why_team_text":"","why_service_title":"","why_service_text":"","template_catalog_visible":"0","template_catalog_title":"","template_catalog_text":"","template_catalog_categories_visible":"","demo_title":"Erstellen Sie Ihr Preistabellen-Widget","demo_caption":"Konfigurieren Sie Ihre Preistabelle und f\u00fcgen Sie sie kostenlos zu Ihrer iFrame-Website hinzu!","default_faq_hidden":"","app_template_category":[],"platform":"240","template_public_id":"","codecanyon_url":"","codecanyon_item_id":"","codecanyon_price":"","pricing_caption":"","pricing_elfsight_apps_hide_column":"","pricing_elfsight_apps_url":"","pricing_codecanyon_price_caption":"","integration_category":[],"integration_request_title":"","integration_request_cta":"","integration_platform":"","integrations":[],"platform_category":[],"video_schema_markup":"","price":"ab 0 $ \/ Monat","trial":"","benefits":[{"text":"Kostenloser Installationsservice"},{"text":"Kompetenter Kundenservice"},{"text":"14-t\u00e4gige Geld-zur\u00fcck-Garantie"},{"text":"Laufende kostenlose Verbesserungen"}],"button_url":"#demo","button_target_blank":"0","button_nofollow":"0","attributes":[{"name":"Installiert","content":"10,000 - 100,000"},{"name":"Reaktionsfreudig","content":"Ja"},{"name":"Kompatible Browser","content":"Firefox, Safari, Opera, Chrome, Edge"}],"tags":[],"tags_disable_links":"0","hide_more_platforms":"0","video_object":"","demo_hide_cta":"0","demo_hide_cloud_options":"0","pricing_title":"","pricing":[{"pricing_icon":"platform","pricing_title":"Elfsight Apps","pricing_title_caption":"Plattformunabh\u00e4ngige L\u00f6sung","pricing_price":"ab 0 $ \/ Monat","pricing_price_caption":"Beginnen Sie mit einem kostenlosen Plan","pricing_benefits":[{"text":"Unbegrenzte Websites"},{"text":"Kostenloser Support"},{"text":"Kostenloser Installationssupport"},{"text":"Sonderangebot f\u00fcr mehrere Apps"}],"pricing_button_text":"Zur Website hinzuf\u00fcgen","pricing_button_url":"#demo"}],"related_apps_title":"","related_apps_hidden":"0","author":"","image":[],"title":"","job":"","social_networks":[]},"_links":{"self":[{"href":"https:\/\/elfsight.com\/de\/wp-json\/wp\/v2\/pages\/17679","targetHints":{"allow":["GET"]}}],"collection":[{"href":"https:\/\/elfsight.com\/de\/wp-json\/wp\/v2\/pages"}],"about":[{"href":"https:\/\/elfsight.com\/de\/wp-json\/wp\/v2\/types\/page"}],"author":[{"embeddable":true,"href":"https:\/\/elfsight.com\/de\/wp-json\/wp\/v2\/users\/9"}],"replies":[{"embeddable":true,"href":"https:\/\/elfsight.com\/de\/wp-json\/wp\/v2\/comments?post=17679"}],"version-history":[{"count":2,"href":"https:\/\/elfsight.com\/de\/wp-json\/wp\/v2\/pages\/17679\/revisions"}],"predecessor-version":[{"id":24501,"href":"https:\/\/elfsight.com\/de\/wp-json\/wp\/v2\/pages\/17679\/revisions\/24501"}],"up":[{"embeddable":true,"href":"https:\/\/elfsight.com\/de\/wp-json\/wp\/v2\/pages\/798"}],"wp:attachment":[{"href":"https:\/\/elfsight.com\/de\/wp-json\/wp\/v2\/media?parent=17679"}],"curies":[{"name":"wp","href":"https:\/\/api.w.org\/{rel}","templated":true}]}}