{"id":17674,"date":"1970-01-01T00:00:00","date_gmt":"1970-01-01T00:00:00","guid":{"rendered":"https:\/\/elfsight.com\/de\/?page_id=17674"},"modified":"2025-07-09T14:17:48","modified_gmt":"2025-07-09T14:17:48","slug":"facebook","status":"publish","type":"page","link":"https:\/\/elfsight.com\/de\/pricing-table-plugin\/facebook\/","title":{"rendered":"Pricing Table &#8211; Facebook Page"},"content":{"rendered":"<div class=\"application-platform-content-item-description application-platform-content-item\" id=\"description\" data-nav-section=\"description\"><h2>Beschreibung<\/h2><p>Die Preisgestaltung ist eine der entscheidenden Positionen, um Kunden zu motivieren, eine Bestellung aufzugeben. Widget von Elfsight erm\u00f6glicht es Kunden nicht nur, mehrere Preisoptionen im Handumdrehen zu studieren und zu messen. Es tr\u00e4gt auch dazu bei, die Konvertierung mithilfe der angesagtesten Schnittstellentrends und Vorlagen zu verbessern.<\/p><p><b>Erh\u00f6hen Sie den Umsatz Ihrer Seite mithilfe einer effektiven Preisgestaltung auf ein neues Niveau.<\/b><\/p><\/div> <div class=\"application-platform-content-item-features application-platform-content-item\" id=\"features\" data-nav-section=\"features\"><h2>Funktionen<\/h2><p>Die Vorteile, die unser Widget zur besten Preisklasse f\u00fcr Facebook-Seiten machen.<\/p><ul><li>F\u00fcr Mobilger\u00e4te optimiertes Layout;<\/li><li>5 vordefinierte Skins mit verschiedenen Farbschemata;<\/li><li>6 vordefinierte Spaltenelemente, die angeordnet und angepasst werden k\u00f6nnen, um das perfekte Aussehen zu erhalten;<\/li><li>Machen Sie jede Spalte mit einer Funktion ausgestattet.<\/li><li>Die Farbelemente jeder Spalte k\u00f6nnen individuell angepasst werden.<\/li><\/ul> <p><a href=\"#demo\">Sie k\u00f6nnen alle Funktionen mit testen Hilfe zum Live-Editor<\/a><\/p><\/div> <div class=\"application-platform-content-item-installation application-platform-content-item\" id=\"installation\" data-nav-section=\"installation\"><h2>Wie f\u00fcge ich der Facebook-Seite einen Preis hinzu?<\/h2><p>Eine Anleitung zur Widget-Einrichtung. Die Einrichtung erfordert nur 4 einfache Schritte und 3 Minuten.<\/p><ul><li><b>Gestalten Sie Ihr einzigartiges Preis-Widget<\/b><br>Erstellen Sie mit Hilfe unserer ein Widget mit einer bevorzugten Zusammensetzung und Funktionalit\u00e4t Kostenlose Demo.<\/li><li><b>Kopieren Sie den Widget-Code, um die Preisgestaltung zu integrieren<\/b><br>Nachdem Sie Ihr Widget erstellt haben, erhalten Sie den individuellen Code aus dem angezeigten Fenster auf Elfsight Apps. Kopieren Sie es zur sp\u00e4teren Verwendung. <\/li><li><b>F\u00fcgen Sie die Preise zur Facebook-Seite hinzu<\/b><br> Erstellen Sie Ihren benutzerdefinierten Facebook-Tab. F\u00fcgen Sie den Code, den Sie bei elfsight apps erhalten haben, in die Registerkarte ein. Wenn Sie Probleme haben, lesen Sie einfach unseren Leitfaden unter <a href=\"https:\/\/elfsight.com\/blog\/how-to-add-custom-tab-to-facebook-page\/\" target=\"_blank\" rel=\"noopener noreferrer\">Benutzerdefinierten Facebook-Tab erstellen<\/a><\/li><li><b>Fertig!<\/b><br>\u00d6ffnen Sie die Facebook-Seite, um Ihr Widget zu \u00fcberpr\u00fcfen.<\/li><\/ul><p>Haben Sie Probleme mit der Widget-Erstellung? Wenden Sie sich an unseren Kundenservice, der Ihre Probleme problemlos l\u00f6sen wird.<\/p><div class=\"faq\" data-component=\"FAQ\"> <div class=\"faq-item\">\r\n\t\t\t\t\t<div class=\"faq-item-question\">\r\n\t\t\t\t\t\t<h3 class=\"faq-item-question-text\">Wie kann ich ohne Programmierkenntnisse eine Preistabelle zu meiner Facebook-Seite hinzuf\u00fcgen?<\/h3>\r\n\r\n\t\t\t\t\t\t<div class=\"faq-item-question-icon\"><\/div>\r\n\t\t\t\t\t<\/div>\r\n\r\n\t\t\t\t\t<div class=\"faq-item-answer\">\r\n\t\t\t\t\t\t<div class=\"faq-item-answer-text\"> <p>Elfsight bietet eine SaaS-L\u00f6sung, mit der Sie selbst ein Preistabellen-Widget erstellen k\u00f6nnen. Erleben Sie, wie einfach der Vorgang ist: Arbeiten Sie direkt im Online-Editor, um ein Preistabellen-Widget zu erstellen, das Sie gerne auf Ihrer Facebook-Seite sehen w\u00fcrden. W\u00e4hlen Sie eine der vorgefertigten Vorlagen aus und passen Sie die Einstellungen der Preistabelle an, f\u00fcgen Sie Ihre Inhalte hinzu, \u00e4ndern Sie das Layout und die Farben ohne Programmierkenntnisse. Speichern Sie die Preistabelle und kopieren Sie den Installationscode, den Sie ganz einfach in Ihre Facebook-Seite einf\u00fcgen k\u00f6nnen, ohne eine kostenpflichtige Version kaufen zu m\u00fcssen. Mit unserem intuitiven Editor kann jeder Internetnutzer online ein Preistabellen-Widget erstellen und es einfach in seine Facebook-Seite einbetten. Sie m\u00fcssen weder bezahlen noch Ihre Kartendaten eingeben, um auf den Service zuzugreifen. Sollten bei irgendeinem Schritt Probleme auftreten, wenden Sie sich bitte an unser technisches Support-Team.<\/p> <\/div>\r\n\t\t\t\t\t<\/div>\r\n\t\t\t\t<\/div> <\/div> <\/div>","protected":false},"excerpt":{"rendered":"","protected":false},"author":9,"featured_media":0,"parent":798,"menu_order":0,"comment_status":"closed","ping_status":"closed","template":"templates\/template-application-platform.php","meta":{"publish_to_discourse":"","publish_post_category":"","wpdc_auto_publish_overridden":"","wpdc_topic_tags":"","wpdc_pin_topic":"","wpdc_pin_until":"","discourse_post_id":"","discourse_permalink":"","wpdc_publishing_response":"","wpdc_publishing_error":"","footnotes":""},"class_list":["post-17674","page","type-page","status-publish","hentry"],"yoast_head":"<!-- This site is optimized with the Yoast SEO plugin v25.3.1 - https:\/\/yoast.com\/wordpress\/plugins\/seo\/ -->\n<title>Preislisten-Widget zur Facebook-Seite hinzuf\u00fcgen (kostenlos und einfach)<\/title>\n<meta name=\"description\" content=\"Erwerben Sie das Preislisten-Widget f\u00fcr die Facebook-Seite in nur 2 Minuten. Testen Sie alle wesentlichen Vorteile der besten Preisklasse in der kostenlosen Demo.\" \/>\n<meta name=\"robots\" content=\"index, follow, max-snippet:-1, max-image-preview:large, max-video-preview:-1\" \/>\n<link rel=\"canonical\" href=\"https:\/\/elfsight.com\/de\/pricing-table-plugin\/facebook\/\" \/>\n<meta property=\"og:locale\" content=\"de_DE\" \/>\n<meta property=\"og:type\" content=\"article\" \/>\n<meta property=\"og:title\" content=\"Preislisten-Widget zur Facebook-Seite hinzuf\u00fcgen (kostenlos und einfach)\" \/>\n<meta property=\"og:description\" content=\"Erwerben Sie das Preislisten-Widget f\u00fcr die Facebook-Seite in nur 2 Minuten. Testen Sie alle wesentlichen Vorteile der besten Preisklasse in der kostenlosen Demo.\" \/>\n<meta property=\"og:url\" content=\"https:\/\/elfsight.com\/de\/pricing-table-plugin\/facebook\/\" \/>\n<meta property=\"og:site_name\" content=\"Elfsight DE\" \/>\n<meta property=\"article:modified_time\" content=\"2025-07-09T14:17:48+00:00\" \/>\n<meta name=\"twitter:card\" content=\"summary_large_image\" \/>\n<meta name=\"twitter:label1\" content=\"Gesch\u00e4tzte Lesezeit\" \/>\n\t<meta name=\"twitter:data1\" content=\"2\u00a0Minuten\" \/>\n<!-- \/ Yoast SEO plugin. -->","yoast_head_json":{"title":"Preislisten-Widget zur Facebook-Seite hinzuf\u00fcgen (kostenlos und einfach)","description":"Erwerben Sie das Preislisten-Widget f\u00fcr die Facebook-Seite in nur 2 Minuten. Testen Sie alle wesentlichen Vorteile der besten Preisklasse in der kostenlosen Demo.","robots":{"index":"index","follow":"follow","max-snippet":"max-snippet:-1","max-image-preview":"max-image-preview:large","max-video-preview":"max-video-preview:-1"},"canonical":"https:\/\/elfsight.com\/de\/pricing-table-plugin\/facebook\/","og_locale":"de_DE","og_type":"article","og_title":"Preislisten-Widget zur Facebook-Seite hinzuf\u00fcgen (kostenlos und einfach)","og_description":"Erwerben Sie das Preislisten-Widget f\u00fcr die Facebook-Seite in nur 2 Minuten. Testen Sie alle wesentlichen Vorteile der besten Preisklasse in der kostenlosen Demo.","og_url":"https:\/\/elfsight.com\/de\/pricing-table-plugin\/facebook\/","og_site_name":"Elfsight DE","article_modified_time":"2025-07-09T14:17:48+00:00","twitter_card":"summary_large_image","twitter_misc":{"Gesch\u00e4tzte Lesezeit":"2\u00a0Minuten"},"schema":{"@context":"https:\/\/schema.org","@graph":[{"@type":"WebPage","@id":"https:\/\/elfsight.com\/de\/pricing-table-plugin\/facebook\/","url":"https:\/\/elfsight.com\/de\/pricing-table-plugin\/facebook\/","name":"Preislisten-Widget zur Facebook-Seite hinzuf\u00fcgen (kostenlos und einfach)","isPartOf":{"@id":"https:\/\/elfsight.com\/de\/#website"},"datePublished":"1970-01-01T00:00:00+00:00","dateModified":"2025-07-09T14:17:48+00:00","description":"Erwerben Sie das Preislisten-Widget f\u00fcr die Facebook-Seite in nur 2 Minuten. Testen Sie alle wesentlichen Vorteile der besten Preisklasse in der kostenlosen Demo.","breadcrumb":{"@id":"https:\/\/elfsight.com\/de\/pricing-table-plugin\/facebook\/#breadcrumb"},"inLanguage":"de","potentialAction":[{"@type":"ReadAction","target":["https:\/\/elfsight.com\/de\/pricing-table-plugin\/facebook\/"]}]},{"@type":"BreadcrumbList","@id":"https:\/\/elfsight.com\/de\/pricing-table-plugin\/facebook\/#breadcrumb","itemListElement":[{"@type":"ListItem","position":1,"name":"Home","item":"https:\/\/elfsight.com\/de\/"},{"@type":"ListItem","position":2,"name":"Pricing Table","item":"https:\/\/elfsight.com\/de\/pricing-table-plugin\/"},{"@type":"ListItem","position":3,"name":"Pricing Table &#8211; Facebook Page"}]},{"@type":"WebSite","@id":"https:\/\/elfsight.com\/de\/#website","url":"https:\/\/elfsight.com\/de\/","name":"Elfsight DE","description":"Just another Elfsight Sites site","potentialAction":[{"@type":"SearchAction","target":{"@type":"EntryPoint","urlTemplate":"https:\/\/elfsight.com\/de\/?s={search_term_string}"},"query-input":{"@type":"PropertyValueSpecification","valueRequired":true,"valueName":"search_term_string"}}],"inLanguage":"de"}]}},"meta_box":{"industry":"","seo_heading":"","heading":"","description":"","cta_heading":"","cta_description":"","application":"468","h1":"Preisliste f\u00fcr Facebook-Seite","h1_caption":"Pr\u00e4sentieren Sie Ihre Preisoptionen klar und attraktiv und helfen Sie Kunden so, m\u00fchelos den richtigen Plan f\u00fcr ihre Bed\u00fcrfnisse auf Ihrer Facebook-Seite auszuw\u00e4hlen.","application_category":[],"applications_title":"","applications_request_title":"","applications_request_button_text":"","hero_text":"","hero_video":"","hero_video_schema_markup":"","selling_points_title":"","selling_points_caption":"","selling_points":[],"selling_points_cta_text":"","features_title":"","features":"","ed_cta_examples_text":"","ed_cta_examples_hidden":"","ed_cta_demo_text":"","ed_cta_demo_hidden":"","why_caption":"","why_editor_title":"","why_editor_text":"","why_team_title":"","why_team_text":"","why_service_title":"","why_service_text":"","template_catalog_visible":"","template_catalog_title":"","template_catalog_text":"","template_catalog_categories_visible":"","demo_title":"Erstellen Sie Ihr Preistabellen-Widget","demo_caption":"Konfigurieren Sie Ihre Preistabelle und f\u00fcgen Sie sie kostenlos Ihrer Facebook-Seite hinzu!","default_faq_hidden":"","app_template_category":[],"platform":"216","template_public_id":"","codecanyon_url":"","codecanyon_item_id":"","codecanyon_price":"","pricing_caption":"","pricing_elfsight_apps_hide_column":"","pricing_elfsight_apps_url":"","pricing_codecanyon_price_caption":"","integration_category":[],"integration_request_title":"","integration_request_cta":"","integration_platform":"","integrations":[],"platform_category":[],"video_schema_markup":"","price":"ab 0 $ \/ Monat","trial":"","benefits":[{"text":"Kostenlose Installationsunterst\u00fctzung"},{"text":"Au\u00dfergew\u00f6hnlicher Support"},{"text":"14-t\u00e4gige R\u00fcckerstattungsgarantie"},{"text":"Zuk\u00fcnftige kostenlose Updates"}],"button_url":"#demo","button_target_blank":"","button_nofollow":"","attributes":[{"name":"Installiert","content":"10,000 - 100,000"},{"name":"Reaktionsfreudig","content":"Ja"},{"name":"Kompatible Browser","content":"Firefox, Safari, Opera, Edge, Chrome"}],"tags":[],"tags_disable_links":"","hide_more_platforms":"","video_object":"","demo_hide_cta":"","demo_hide_cloud_options":"","pricing_title":"","pricing":[{"pricing_icon":"platform","pricing_title":"Elfsight Apps","pricing_title_caption":"Plattformunabh\u00e4ngige L\u00f6sung","pricing_price":"ab 0 $ \/ Monat","pricing_price_caption":"Beginnen Sie mit einem kostenlosen Plan","pricing_benefits":[{"text":"Unbegrenzte Domains"},{"text":"Erstklassiger und p\u00fcnktlicher Support"},{"text":"Kostenlose Installationsunterst\u00fctzung"},{"text":"100 % anpassbar"}],"pricing_button_text":"Zur Website hinzuf\u00fcgen","pricing_button_url":"#demo"}],"related_apps_title":"","related_apps_hidden":"","author":"","image":[],"title":"","job":"","social_networks":[]},"_links":{"self":[{"href":"https:\/\/elfsight.com\/de\/wp-json\/wp\/v2\/pages\/17674","targetHints":{"allow":["GET"]}}],"collection":[{"href":"https:\/\/elfsight.com\/de\/wp-json\/wp\/v2\/pages"}],"about":[{"href":"https:\/\/elfsight.com\/de\/wp-json\/wp\/v2\/types\/page"}],"author":[{"embeddable":true,"href":"https:\/\/elfsight.com\/de\/wp-json\/wp\/v2\/users\/9"}],"replies":[{"embeddable":true,"href":"https:\/\/elfsight.com\/de\/wp-json\/wp\/v2\/comments?post=17674"}],"version-history":[{"count":1,"href":"https:\/\/elfsight.com\/de\/wp-json\/wp\/v2\/pages\/17674\/revisions"}],"predecessor-version":[{"id":17678,"href":"https:\/\/elfsight.com\/de\/wp-json\/wp\/v2\/pages\/17674\/revisions\/17678"}],"up":[{"embeddable":true,"href":"https:\/\/elfsight.com\/de\/wp-json\/wp\/v2\/pages\/798"}],"wp:attachment":[{"href":"https:\/\/elfsight.com\/de\/wp-json\/wp\/v2\/media?parent=17674"}],"curies":[{"name":"wp","href":"https:\/\/api.w.org\/{rel}","templated":true}]}}