{"id":17671,"date":"1970-01-01T00:00:00","date_gmt":"1970-01-01T00:00:00","guid":{"rendered":"https:\/\/elfsight.com\/de\/?page_id=17671"},"modified":"2025-05-14T06:53:25","modified_gmt":"2025-05-14T06:53:25","slug":"godaddy","status":"publish","type":"page","link":"https:\/\/elfsight.com\/de\/pricing-table-plugin\/godaddy\/","title":{"rendered":"Pricing Table &#8211; GoDaddy"},"content":{"rendered":"<div class=\"application-platform-content-item-description application-platform-content-item\" id=\"description\" data-nav-section=\"description\"> <h2>Preistabelle auf GoDaddy mit dem Elfsight-Widget einbetten<\/h2> <p>Das Preistabellen-Plugin f\u00fcr GoDaddy von Elfsight ist ein effektives Tool zur Darstellung Ihre Zahlungspl\u00e4ne auf der Website am \u00fcbersichtlichsten und intelligentesten. Zeigen Sie Ihre Angebote detailliert an und helfen Sie Ihren Website-Besuchern, die verschiedenen Funktionen, die Ihre Preispl\u00e4ne bieten, schnell zu visualisieren und zu vergleichen. Nutzen Sie maximale Individualisierung, um Ihrer Preisgestaltung das beste Aussehen zu verleihen \u2013 passen Sie sie an Ihr Website-Konzept an oder gestalten Sie sie hell und auff\u00e4llig. Bringen Sie Ihre K\u00e4ufer zum Handeln und steigern Sie die Conversion! <\/p> <p><b>Die Entscheidung der Kunden wird durch informative und vergleichbare Preise erleichtert!<\/b><\/p> <\/div> <div class=\"application-platform-content-item-features application-platform-content-item\" id=\"features\" data-nav-section=\"features\"> <h2>Das Plugin ist praktisch und schnell Funktionen, hier sind einige davon: <\/h2> <ul><li>6 vordefinierte Spaltenelemente, die angeordnet und angepasst werden k\u00f6nnen, um das perfekte Aussehen zu erhalten<\/li><li>Machen Sie jede Spalte zu einem Highlight<\/li><li>Die Farbelemente jeder Spalte k\u00f6nnen individuell angepasst werden<\/li><li>2 vordefinierte Arten von Rahmenradien und 4 vordefinierte Arten von Rahmenbreiten<\/li><li>Anpassbare Funktionsliste, komplett mit Funktionssymbolen, Hinweisen und einer unbegrenzten Anzahl von Funktionen<\/li><\/ul><p><a href=\"#demo\">Entdecken Sie alle Einstellungen in der Demo mit vollem Funktionsumfang<\/a><\/p> <\/div> <div class=\"application-platform-content-item-installation application-platform-content-item\" id=\"installation\" data-nav-section=\"installation\"> <h2>Wie bette ich eine Preistabelle in meine GoDaddy-Website ein? <\/h2> <p>F\u00fchren Sie einfach die unten beschriebenen Schritte aus, um das Tool einzubetten. <\/p> <ol><li><b>F\u00fchren Sie unseren kostenlosen Konfigurator aus und beginnen Sie mit der Erstellung Ihres einzigartigen Plugins. <\/b><br> Legen Sie das passende Design und die Eigenschaften des Werkzeugs fest und nehmen Sie die Korrekturen vor. <\/li> <li><b>Kopieren Sie den pers\u00f6nlichen Code, der im speziellen Formular auf Elfsight Apps erscheint. <\/b><br> Wenn die Erstellung Ihres Plugins abgeschlossen ist, kopieren Sie den exklusiven Code aus dem angezeigten Feld und bewahren Sie ihn f\u00fcr die zuk\u00fcnftige Verwendung auf. <\/li> <li><b>Initiieren Sie den Einsatz des Plugins auf Ihrer GoDaddy-Website. <\/b><br> F\u00fcgen Sie den k\u00fcrzlich auf Ihrer Website gespeicherten Code hinzu und \u00fcbernehmen Sie die \u00c4nderungen. <\/li> <li><b>Die Installation ist vollst\u00e4ndig durchgef\u00fchrt. <\/b><br> Besuchen Sie Ihre Website, um die Leistung des Tools zu sehen. <\/li><\/ol> <p>Wenn Sie Fragen oder Probleme haben, k\u00f6nnen Sie sich gerne an unser Support-Team wenden. Unsere Berater helfen Ihnen gerne bei allen Schwierigkeiten, die Sie mit dem Produkt haben k\u00f6nnten. <\/p> <div class=\"faq\" data-component=\"FAQ\"> <div class=\"faq-item\">\r\n\t\t\t\t\t<div class=\"faq-item-question\">\r\n\t\t\t\t\t\t<h3 class=\"faq-item-question-text\">Wie f\u00fcge ich ohne Programmierkenntnisse eine Preistabelle zu meiner GoDaddy-Website hinzu?<\/h3>\r\n\r\n\t\t\t\t\t\t<div class=\"faq-item-question-icon\"><\/div>\r\n\t\t\t\t\t<\/div>\r\n\r\n\t\t\t\t\t<div class=\"faq-item-answer\">\r\n\t\t\t\t\t\t<div class=\"faq-item-answer-text\"> <p>Elfsight bietet eine SaaS-L\u00f6sung, mit der Sie selbst ein Preistabellen-Widget erstellen k\u00f6nnen. Sehen Sie, wie einfach das ist Der Vorgang ist: Arbeiten Sie direkt im Online-Editor, um ein Preistabellen-Widget zu erstellen, das Sie auf Ihrer GoDaddy-Website sehen m\u00f6chten. W\u00e4hlen Sie eine der vorgefertigten Vorlagen aus und passen Sie die Einstellungen der Preistabelle an, f\u00fcgen Sie Ihre Inhalte hinzu, \u00e4ndern Sie das Layout und die Farben ohne Programmierkenntnisse. Speichern Sie die Preistabelle und kopieren Sie den Installationscode, den Sie problemlos in Ihre GoDaddy-Website einbetten k\u00f6nnen, ohne ein kostenpflichtiges Abonnement zu kaufen. Mit unserem intuitiven Editor kann jeder Internetnutzer online ein Preistabellen-Widget erstellen und es einfach in seine GoDaddy-Website einbetten. Sie m\u00fcssen weder bezahlen noch Ihre Kartendaten eingeben, um auf den Service zuzugreifen. Sollten bei irgendeinem Schritt Probleme auftreten, wenden Sie sich bitte an unser technisches Support-Team.<\/p> <\/div>\r\n\t\t\t\t\t<\/div>\r\n\t\t\t\t<\/div> <\/div> <\/div>","protected":false},"excerpt":{"rendered":"","protected":false},"author":9,"featured_media":0,"parent":798,"menu_order":0,"comment_status":"closed","ping_status":"closed","template":"templates\/template-application-platform.php","meta":{"publish_to_discourse":"","publish_post_category":"","wpdc_auto_publish_overridden":"","wpdc_topic_tags":"","wpdc_pin_topic":"","wpdc_pin_until":"","discourse_post_id":"","discourse_permalink":"","wpdc_publishing_response":"","wpdc_publishing_error":"","footnotes":""},"class_list":["post-17671","page","type-page","status-publish","hentry"],"yoast_head":"<!-- This site is optimized with the Yoast SEO plugin v25.3.1 - https:\/\/yoast.com\/wordpress\/plugins\/seo\/ -->\n<title>Preistabelle \u2013 F\u00fcgen Sie das Preistabellen-Plugin zur GoDaddy-Website hinzu!<\/title>\n<meta name=\"description\" content=\"Erwerben Sie das Preistabellen-Plugin f\u00fcr GoDaddy in nur 1 Minute. Probieren Sie alle herausragenden Vorteile des Best-Pricing-Plugins im kostenlosen Panel aus.\" \/>\n<meta name=\"robots\" content=\"index, follow, max-snippet:-1, max-image-preview:large, max-video-preview:-1\" \/>\n<link rel=\"canonical\" href=\"https:\/\/elfsight.com\/de\/pricing-table-plugin\/godaddy\/\" \/>\n<meta property=\"og:locale\" content=\"de_DE\" \/>\n<meta property=\"og:type\" content=\"article\" \/>\n<meta property=\"og:title\" content=\"Preistabelle \u2013 F\u00fcgen Sie das Preistabellen-Plugin zur GoDaddy-Website hinzu!\" \/>\n<meta property=\"og:description\" content=\"Erwerben Sie das Preistabellen-Plugin f\u00fcr GoDaddy in nur 1 Minute. Probieren Sie alle herausragenden Vorteile des Best-Pricing-Plugins im kostenlosen Panel aus.\" \/>\n<meta property=\"og:url\" content=\"https:\/\/elfsight.com\/de\/pricing-table-plugin\/godaddy\/\" \/>\n<meta property=\"og:site_name\" content=\"Elfsight DE\" \/>\n<meta property=\"article:modified_time\" content=\"2025-05-14T06:53:25+00:00\" \/>\n<meta name=\"twitter:card\" content=\"summary_large_image\" \/>\n<meta name=\"twitter:label1\" content=\"Gesch\u00e4tzte Lesezeit\" \/>\n\t<meta name=\"twitter:data1\" content=\"3\u00a0Minuten\" \/>\n<!-- \/ Yoast SEO plugin. -->","yoast_head_json":{"title":"Preistabelle \u2013 F\u00fcgen Sie das Preistabellen-Plugin zur GoDaddy-Website hinzu!","description":"Erwerben Sie das Preistabellen-Plugin f\u00fcr GoDaddy in nur 1 Minute. Probieren Sie alle herausragenden Vorteile des Best-Pricing-Plugins im kostenlosen Panel aus.","robots":{"index":"index","follow":"follow","max-snippet":"max-snippet:-1","max-image-preview":"max-image-preview:large","max-video-preview":"max-video-preview:-1"},"canonical":"https:\/\/elfsight.com\/de\/pricing-table-plugin\/godaddy\/","og_locale":"de_DE","og_type":"article","og_title":"Preistabelle \u2013 F\u00fcgen Sie das Preistabellen-Plugin zur GoDaddy-Website hinzu!","og_description":"Erwerben Sie das Preistabellen-Plugin f\u00fcr GoDaddy in nur 1 Minute. Probieren Sie alle herausragenden Vorteile des Best-Pricing-Plugins im kostenlosen Panel aus.","og_url":"https:\/\/elfsight.com\/de\/pricing-table-plugin\/godaddy\/","og_site_name":"Elfsight DE","article_modified_time":"2025-05-14T06:53:25+00:00","twitter_card":"summary_large_image","twitter_misc":{"Gesch\u00e4tzte Lesezeit":"3\u00a0Minuten"},"schema":{"@context":"https:\/\/schema.org","@graph":[{"@type":"WebPage","@id":"https:\/\/elfsight.com\/de\/pricing-table-plugin\/godaddy\/","url":"https:\/\/elfsight.com\/de\/pricing-table-plugin\/godaddy\/","name":"Preistabelle \u2013 F\u00fcgen Sie das Preistabellen-Plugin zur GoDaddy-Website hinzu!","isPartOf":{"@id":"https:\/\/elfsight.com\/de\/#website"},"datePublished":"1970-01-01T00:00:00+00:00","dateModified":"2025-05-14T06:53:25+00:00","description":"Erwerben Sie das Preistabellen-Plugin f\u00fcr GoDaddy in nur 1 Minute. Probieren Sie alle herausragenden Vorteile des Best-Pricing-Plugins im kostenlosen Panel aus.","breadcrumb":{"@id":"https:\/\/elfsight.com\/de\/pricing-table-plugin\/godaddy\/#breadcrumb"},"inLanguage":"de","potentialAction":[{"@type":"ReadAction","target":["https:\/\/elfsight.com\/de\/pricing-table-plugin\/godaddy\/"]}]},{"@type":"BreadcrumbList","@id":"https:\/\/elfsight.com\/de\/pricing-table-plugin\/godaddy\/#breadcrumb","itemListElement":[{"@type":"ListItem","position":1,"name":"Home","item":"https:\/\/elfsight.com\/de\/"},{"@type":"ListItem","position":2,"name":"Pricing Table","item":"https:\/\/elfsight.com\/de\/pricing-table-plugin\/"},{"@type":"ListItem","position":3,"name":"Pricing Table &#8211; GoDaddy"}]},{"@type":"WebSite","@id":"https:\/\/elfsight.com\/de\/#website","url":"https:\/\/elfsight.com\/de\/","name":"Elfsight DE","description":"Just another Elfsight Sites site","potentialAction":[{"@type":"SearchAction","target":{"@type":"EntryPoint","urlTemplate":"https:\/\/elfsight.com\/de\/?s={search_term_string}"},"query-input":{"@type":"PropertyValueSpecification","valueRequired":true,"valueName":"search_term_string"}}],"inLanguage":"de"}]}},"meta_box":{"industry":"","seo_heading":"","heading":"","description":"","cta_heading":"","cta_description":"","application":"468","h1":"GoDaddy-Preistabellen-Plugin","h1_caption":"Pr\u00e4sentieren Sie Ihre Preisoptionen klar und ansprechend und helfen Sie Kunden dabei, m\u00fchelos den richtigen Plan f\u00fcr ihre Bed\u00fcrfnisse auf Ihrer GoDaddy-Website auszuw\u00e4hlen.","application_category":[],"applications_title":"","applications_request_title":"","applications_request_button_text":"","hero_text":"","hero_video":"","hero_video_schema_markup":"","selling_points_title":"","selling_points_caption":"","selling_points":[],"selling_points_cta_text":"","features_title":"","features":"","ed_cta_examples_text":"","ed_cta_examples_hidden":"","ed_cta_demo_text":"","ed_cta_demo_hidden":"","why_caption":"","why_editor_title":"","why_editor_text":"","why_team_title":"","why_team_text":"","why_service_title":"","why_service_text":"","template_catalog_visible":"0","template_catalog_title":"","template_catalog_text":"","template_catalog_categories_visible":"","demo_title":"Erstellen Sie Ihr Preistabellen-Plugin","demo_caption":"Konfigurieren Sie Ihre Preistabelle und f\u00fcgen Sie sie kostenlos Ihrer GoDaddy-Website hinzu!","default_faq_hidden":"","app_template_category":[],"platform":"241","template_public_id":"","codecanyon_url":"","codecanyon_item_id":"","codecanyon_price":"","pricing_caption":"","pricing_elfsight_apps_hide_column":"","pricing_elfsight_apps_url":"","pricing_codecanyon_price_caption":"","integration_category":[],"integration_request_title":"","integration_request_cta":"","integration_platform":"","integrations":[],"platform_category":[],"video_schema_markup":"","price":"ab 0 $ \/ Monat","trial":"","benefits":[{"text":"Kostenloser Installationsservice"},{"text":"Au\u00dfergew\u00f6hnlicher Support"},{"text":"14-t\u00e4gige Geld-zur\u00fcck-Garantie"},{"text":"Lebenslange Updates"}],"button_url":"#demo","button_target_blank":"0","button_nofollow":"0","attributes":[{"name":"Installiert","content":"10,000 - 100,000"},{"name":"Reaktionsfreudig","content":"Ja"},{"name":"Kompatible Browser","content":"IE11, Firefox, Safari, Opera, Chrome, Edge"}],"tags":[],"tags_disable_links":"0","hide_more_platforms":"0","video_object":"","demo_hide_cta":"0","demo_hide_cloud_options":"0","pricing_title":"","pricing":[{"pricing_icon":"platform","pricing_title":"Elfsight Apps","pricing_title_caption":"Plattform\u00fcbergreifende digitale L\u00f6sung, die f\u00fcr jede Website geeignet ist","pricing_price":"ab 0 $ \/ Monat","pricing_price_caption":"Beginnen Sie mit einem kostenlosen Plan","pricing_benefits":[{"text":"Unbegrenzte Websites"},{"text":"Professionelle Unternehmensunterst\u00fctzung"},{"text":"Kostenlose Installationshilfe"},{"text":"Vollst\u00e4ndig anpassbar"}],"pricing_button_text":"Zur Website hinzuf\u00fcgen","pricing_button_url":"#demo"}],"related_apps_title":"","related_apps_hidden":"0","author":"","image":[],"title":"","job":"","social_networks":[]},"_links":{"self":[{"href":"https:\/\/elfsight.com\/de\/wp-json\/wp\/v2\/pages\/17671","targetHints":{"allow":["GET"]}}],"collection":[{"href":"https:\/\/elfsight.com\/de\/wp-json\/wp\/v2\/pages"}],"about":[{"href":"https:\/\/elfsight.com\/de\/wp-json\/wp\/v2\/types\/page"}],"author":[{"embeddable":true,"href":"https:\/\/elfsight.com\/de\/wp-json\/wp\/v2\/users\/9"}],"replies":[{"embeddable":true,"href":"https:\/\/elfsight.com\/de\/wp-json\/wp\/v2\/comments?post=17671"}],"version-history":[{"count":2,"href":"https:\/\/elfsight.com\/de\/wp-json\/wp\/v2\/pages\/17671\/revisions"}],"predecessor-version":[{"id":21782,"href":"https:\/\/elfsight.com\/de\/wp-json\/wp\/v2\/pages\/17671\/revisions\/21782"}],"up":[{"embeddable":true,"href":"https:\/\/elfsight.com\/de\/wp-json\/wp\/v2\/pages\/798"}],"wp:attachment":[{"href":"https:\/\/elfsight.com\/de\/wp-json\/wp\/v2\/media?parent=17671"}],"curies":[{"name":"wp","href":"https:\/\/api.w.org\/{rel}","templated":true}]}}