{"id":17664,"date":"1970-01-01T00:00:00","date_gmt":"1970-01-01T00:00:00","guid":{"rendered":"https:\/\/elfsight.com\/de\/?page_id=17664"},"modified":"2025-01-13T01:22:06","modified_gmt":"2025-01-13T01:22:06","slug":"bigcommerce","status":"publish","type":"page","link":"https:\/\/elfsight.com\/de\/popup-widget\/bigcommerce\/","title":{"rendered":"Popup &#8211; BigCommerce"},"content":{"rendered":"\n<div class=\"application-platform-content-item-description application-platform-content-item\" id=\"description\" data-nav-section=\"description\"> \n<h2>Beschreibung<\/h2> \n<p>Mit der Elfsight BigCommerce-App k\u00f6nnen Nutzer personalisierte Popups aller Art erstellen und auf einer Website platzieren. <br>\n<br>\nErstellen Sie eine gro\u00dfartige BigCommerce-Popup-App kostenlos, indem Sie eine der vorgefertigten Vorlagen ausw\u00e4hlen. Passen Sie den Stil und die Anordnung an, w\u00e4hlen Sie Aktivierungs-Trigger und legen Sie das Timing fest, um eine bessere Effizienz zu erzielen. <br>\n<br>\nPopups verschiedener Typen erm\u00f6glichen es den Besuchern, sich f\u00fcr einen Newsletter anzumelden, sich \u00fcber Ihre neuesten Produkte und Dienstleistungen zu informieren, Gutscheine zu erhalten, \u00fcber Sonderangebote und zeitlich begrenzte Aktionen zu erfahren, \u00fcber wichtige Ereignisse informiert zu bleiben usw.<\/p> \n<p><b>Unser BigCommerce-Popup-App-Ersteller hilft Ihnen, Einnahmen zu steigern, Ihre bevorstehenden Updates anzuk\u00fcndigen, um Einblicke zu bitten und vieles mehr.<\/b><\/p> \n<\/div>\n<div class=\"application-platform-content-item-features application-platform-content-item\" id=\"features\" data-nav-section=\"features\"> \n<h2>Hauptfunktionen der Popup-App<\/h2> \n<p>Mit dem Popup-Ersteller f\u00fcr BigCommerce haben Sie Zugriff auf eine Vielzahl von anpassbaren Elementen, die so gestaltet werden k\u00f6nnen, dass sie den Zielen Ihrer Website entsprechen. Im Folgenden finden Sie die wichtigsten Funktionen, die es Ihnen erm\u00f6glichen, ein perfektes Erlebnis f\u00fcr Ihre Besucher zu schaffen.<\/p> \n<ul>\n<li>14 verschiedene Bl\u00f6cke zum Erstellen eines Popups;<\/li> \n<li>7 enthaltene Popup-Layouts f\u00fcr unterschiedliche Anwendungsf\u00e4lle;<\/li> \n<li>Platzieren Sie Schaltfl\u00e4chen, um auf eine beliebige Adresse weiterzuleiten;<\/li> \n<li>Hintergrundbilder hochladen;<\/li> \n<li>Das Popup kann nach einer festgelegten Zeit oder einem bestimmten Scroll-Prozentsatz angezeigt werden;<\/li> \n<li>Popup-Trigger: Klick auf ein bestimmtes Element oder Scrollen bis zu diesem.<\/li> \n<\/ul> \n<p><a href=\"#demo\">Entdecken Sie, wie der BigCommerce-Popup-Ersteller in der kostenlosen Demo funktioniert<\/a><\/p> \n<\/div>\n<div class=\"application-platform-content-item-installation application-platform-content-item\" id=\"installation\" data-nav-section=\"installation\">\n<h2>Wie f\u00fcge ich die Popup-App zu einer BigCommerce-Website hinzu?<\/h2> \n<div class=\"video-container\"><iframe width=\"720\" height=\"405\" src=\"https:\/\/www.youtube.com\/embed\/szhSWHuYstw\" frameborder=\"0\" allowfullscreen=\"\"><\/iframe>\n<\/div> \n<p>Folgen Sie den unten beschriebenen Schritten, um die App in BigCommerce einzubetten:<\/p> \n<ol>\n<li><b>W\u00e4hlen Sie eine Popup-Vorlage<\/b><br> \nStarten Sie unseren kostenlosen Popup-Ersteller und w\u00e4hlen Sie eine der vorgefertigten Designs aus oder erstellen Sie Ihre App von Grund auf neu.<\/li> \n<li><b>Passen Sie das Popup an<\/b><br> \nKonfigurieren Sie Ihre BigCommerce-App, indem Sie Bl\u00f6cke wie Fotos, Text, \u00dcberschriften und Links hinzuf\u00fcgen oder entfernen. Stellen Sie den Stil, das Farbschema, die Schriftart und das Layout so ein, dass sie zum Design Ihrer Website passen.<\/li> \n <li><b>Betten Sie die App in BigCommerce ein<\/b><br> \nNachdem Sie Ihre BigCommerce-Popup-App erstellt haben, kopieren Sie den generierten HTML-Snippet. F\u00fcgen Sie den Code in das CMS Ihrer Seite ein und wenden Sie die \u00c4nderungen an.<\/li> \n<\/ol> \n<p>F\u00fcr detailliertere Anleitungen lesen Sie unseren umfassenden Artikel dar\u00fcber, <a href=\"https:\/\/elfsight.com\/blog\/how-to-embed-popup-on-any-website\/\" target=\"_blank\" rel=\"noopener\">wie man ein Popup<\/a> auf Ihrer Website hinzuf\u00fcgt.<\/p>\n<p>Bitte wenden Sie sich an unseren Support, falls Sie Hilfe bei der Einrichtung ben\u00f6tigen. Wir helfen Ihnen gerne bei allen Anfragen weiter.<\/p> \n<\/div>\n\n<h2>FAQ<\/h2>\n<div class=\"faq\" data-component=\"FAQ\">\n<div class=\"faq-item\">\r\n\t\t\t\t\t<div class=\"faq-item-question\">\r\n\t\t\t\t\t\t<h3 class=\"faq-item-question-text\">Wie kann ich ein Popup auf meiner BigCommerce-Website hinzuf\u00fcgen?<\/h3>\r\n\r\n\t\t\t\t\t\t<div class=\"faq-item-question-icon\"><\/div>\r\n\t\t\t\t\t<\/div>\r\n\r\n\t\t\t\t\t<div class=\"faq-item-answer\">\r\n\t\t\t\t\t\t<div class=\"faq-item-answer-text\">\n<p>Um ein Popup auf Ihrer BigCommerce-Seite einzubetten, verwenden Sie den Elfsight-Editor, um Ihre App zu gestalten. Es sind keine Programmierkenntnisse erforderlich, da der Popup-Ersteller eine benutzerfreundliche Oberfl\u00e4che hat, sodass jeder die Benachrichtigung erstellen und anpassen kann. Kopieren Sie einfach den generierten HTML-Einbettungscode und f\u00fcgen Sie ihn in Ihr BigCommerce-CMS ein.<\/p> \n<\/div>\r\n\t\t\t\t\t<\/div>\r\n\t\t\t\t<\/div>\n\n<div class=\"faq-item\">\r\n\t\t\t\t\t<div class=\"faq-item-question\">\r\n\t\t\t\t\t\t<h3 class=\"faq-item-question-text\">Ist der Popup-Ersteller kostenlos?<\/h3>\r\n\r\n\t\t\t\t\t\t<div class=\"faq-item-question-icon\"><\/div>\r\n\t\t\t\t\t<\/div>\r\n\r\n\t\t\t\t\t<div class=\"faq-item-answer\">\r\n\t\t\t\t\t\t<div class=\"faq-item-answer-text\">\n<p>Ja, der Popup-Ersteller f\u00fcr BigCommerce ist kostenlos zug\u00e4nglich, sodass auch Nutzer mit begrenztem Budget von diesem hilfreichen Tool profitieren k\u00f6nnen. Es gibt auch kostenpflichtige Pl\u00e4ne, die Premium-Funktionen bieten.<\/p>\n<\/div>\r\n\t\t\t\t\t<\/div>\r\n\t\t\t\t<\/div>\n\n<div class=\"faq-item\">\r\n\t\t\t\t\t<div class=\"faq-item-question\">\r\n\t\t\t\t\t\t<h3 class=\"faq-item-question-text\">Was ist der beste Platz, um das Banner-Popup auf meiner Website hinzuzuf\u00fcgen?<\/h3>\r\n\r\n\t\t\t\t\t\t<div class=\"faq-item-question-icon\"><\/div>\r\n\t\t\t\t\t<\/div>\r\n\r\n\t\t\t\t\t<div class=\"faq-item-answer\">\r\n\t\t\t\t\t\t<div class=\"faq-item-answer-text\">\n<p>Mit unserem Popup-Tool k\u00f6nnen Sie folgende Arten von Popups erstellen:\n<ul>\n <li>Vollbild-Popup-App, um sofort die Aufmerksamkeit Ihrer Besucher zu erregen;<\/li>\n <li>Schwebendes Popup, um Besucher zu engagieren, w\u00e4hrend sie Ihre Seite durchsuchen;<\/li> \n<li>Footer-, Header- und Sidebar-App, um Ihre Nachricht anzuzeigen, ohne den Navigationsfluss zu unterbrechen.<\/li> \n<\/ul>\n <p>Diese flexiblen Platzierungen erm\u00f6glichen eine optimale Positionierung, sodass Ihre Banner-Popups die Aufmerksamkeit erregen und das Engagement f\u00f6rdern.<\/p>\n<\/p>\n<\/div>\r\n\t\t\t\t\t<\/div>\r\n\t\t\t\t<\/div>\n\n<div class=\"faq-item\">\r\n\t\t\t\t\t<div class=\"faq-item-question\">\r\n\t\t\t\t\t\t<h3 class=\"faq-item-question-text\">Welche Arten von BigCommerce-Popup-Apps kann ich mit Elfsight erstellen?<\/h3>\r\n\r\n\t\t\t\t\t\t<div class=\"faq-item-question-icon\"><\/div>\r\n\t\t\t\t\t<\/div>\r\n\r\n\t\t\t\t\t<div class=\"faq-item-answer\">\r\n\t\t\t\t\t\t<div class=\"faq-item-answer-text\">\n<p>Sie k\u00f6nnen eine Vielzahl von Popups erstellen, die auf verschiedene Zwecke zugeschnitten sind.<\/p>\n<p>Zum Beispiel k\u00f6nnen Sie ein Popup f\u00fcr die Newsletter-Anmeldung erstellen, um Benutzer zur Anmeldung auf Ihrer E-Mail-Liste zu ermutigen, ein Promo-Popup, um den Umsatz mit zeitlich begrenzten Angeboten zu steigern, oder ein Rabatt-Popup, um Flash-Angebote hervorzuheben und K\u00e4ufe zu f\u00f6rdern.<\/p>\n<p>Insgesamt stehen mehr als <a href=\"https:\/\/elfsight.com\/popup-widget\/templates\/\" target=\"_blank\" rel=\"noopener\">100+ Popup-Vorlagen<\/a> zur Verf\u00fcgung, sodass Sie das perfekte Design f\u00fcr Ihre Bed\u00fcrfnisse finden k\u00f6nnen.<\/p>\n\n<\/div>\r\n\t\t\t\t\t<\/div>\r\n\t\t\t\t<\/div>\n\n<div class=\"faq-item\">\r\n\t\t\t\t\t<div class=\"faq-item-question\">\r\n\t\t\t\t\t\t<h3 class=\"faq-item-question-text\">Welche Trigger stehen zum \u00d6ffnen des Popups zur Verf\u00fcgung?<\/h3>\r\n\r\n\t\t\t\t\t\t<div class=\"faq-item-question-icon\"><\/div>\r\n\t\t\t\t\t<\/div>\r\n\r\n\t\t\t\t\t<div class=\"faq-item-answer\">\r\n\t\t\t\t\t\t<div class=\"faq-item-answer-text\">\n<p>Mit der Popup-App von Elfsight haben Sie mehrere Trigger, um zu steuern, wann Ihre Benachrichtigung ge\u00f6ffnet wird. Sie k\u00f6nnen es so einstellen, dass es beim Seitenaufruf, nach einer bestimmten Zeit auf der Seite oder wenn ein Besucher einen bestimmten Prozentsatz der Seite nach unten scrollt, angezeigt wird.<\/p>\n<p>Zus\u00e4tzlich k\u00f6nnen Popups bei einem Klick, wenn der Benutzer die Website verlassen m\u00f6chte, oder durch eine Call-to-Action-Schaltfl\u00e4che ge\u00f6ffnet werden, um das Popup manuell zu starten. Diese adaptiven Trigger helfen Ihnen, den Start der App zu steuern und das Engagement zu steigern.<\/p>\n\n<\/div>\r\n\t\t\t\t\t<\/div>\r\n\t\t\t\t<\/div>\n<\/div> \n","protected":false},"excerpt":{"rendered":"FAQ","protected":false},"author":9,"featured_media":0,"parent":557,"menu_order":0,"comment_status":"closed","ping_status":"closed","template":"templates\/template-application-platform.php","meta":{"publish_to_discourse":"","publish_post_category":"","wpdc_auto_publish_overridden":"","wpdc_topic_tags":"","wpdc_pin_topic":"","wpdc_pin_until":"","discourse_post_id":"","discourse_permalink":"","wpdc_publishing_response":"","wpdc_publishing_error":"","footnotes":""},"class_list":["post-17664","page","type-page","status-publish","hentry"],"yoast_head":"<!-- This site is optimized with the Yoast SEO plugin v25.3.1 - https:\/\/yoast.com\/wordpress\/plugins\/seo\/ -->\n<title>Popup-Widget | Popup-App zur BigCommerce-Website hinzuf\u00fcgen (kostenlos und schnell)<\/title>\n<meta name=\"description\" content=\"Gestalten Sie mit Elfsight Ihre Pop-up-App und zeigen Sie sie schnell im BigCommerce-Shop. Wir bieten kostenlosen Kundensupport und weitere Boni.\" \/>\n<meta name=\"robots\" content=\"index, follow, max-snippet:-1, max-image-preview:large, max-video-preview:-1\" \/>\n<link rel=\"canonical\" href=\"https:\/\/elfsight.com\/de\/popup-widget\/bigcommerce\/\" \/>\n<meta property=\"og:locale\" content=\"de_DE\" \/>\n<meta property=\"og:type\" content=\"article\" \/>\n<meta property=\"og:title\" content=\"Popup-Widget | Popup-App zur BigCommerce-Website hinzuf\u00fcgen (kostenlos und schnell)\" \/>\n<meta property=\"og:description\" content=\"Gestalten Sie mit Elfsight Ihre Pop-up-App und zeigen Sie sie schnell im BigCommerce-Shop. Wir bieten kostenlosen Kundensupport und weitere Boni.\" \/>\n<meta property=\"og:url\" content=\"https:\/\/elfsight.com\/de\/popup-widget\/bigcommerce\/\" \/>\n<meta property=\"og:site_name\" content=\"Elfsight DE\" \/>\n<meta property=\"article:modified_time\" content=\"2025-01-13T01:22:06+00:00\" \/>\n<meta name=\"twitter:card\" content=\"summary_large_image\" \/>\n<meta name=\"twitter:label1\" content=\"Gesch\u00e4tzte Lesezeit\" \/>\n\t<meta name=\"twitter:data1\" content=\"5\u00a0Minuten\" \/>\n<!-- \/ Yoast SEO plugin. -->","yoast_head_json":{"title":"Popup-Widget | Popup-App zur BigCommerce-Website hinzuf\u00fcgen (kostenlos und schnell)","description":"Gestalten Sie mit Elfsight Ihre Pop-up-App und zeigen Sie sie schnell im BigCommerce-Shop. Wir bieten kostenlosen Kundensupport und weitere Boni.","robots":{"index":"index","follow":"follow","max-snippet":"max-snippet:-1","max-image-preview":"max-image-preview:large","max-video-preview":"max-video-preview:-1"},"canonical":"https:\/\/elfsight.com\/de\/popup-widget\/bigcommerce\/","og_locale":"de_DE","og_type":"article","og_title":"Popup-Widget | Popup-App zur BigCommerce-Website hinzuf\u00fcgen (kostenlos und schnell)","og_description":"Gestalten Sie mit Elfsight Ihre Pop-up-App und zeigen Sie sie schnell im BigCommerce-Shop. Wir bieten kostenlosen Kundensupport und weitere Boni.","og_url":"https:\/\/elfsight.com\/de\/popup-widget\/bigcommerce\/","og_site_name":"Elfsight DE","article_modified_time":"2025-01-13T01:22:06+00:00","twitter_card":"summary_large_image","twitter_misc":{"Gesch\u00e4tzte Lesezeit":"5\u00a0Minuten"},"schema":{"@context":"https:\/\/schema.org","@graph":[{"@type":"WebPage","@id":"https:\/\/elfsight.com\/de\/popup-widget\/bigcommerce\/","url":"https:\/\/elfsight.com\/de\/popup-widget\/bigcommerce\/","name":"Popup-Widget | Popup-App zur BigCommerce-Website hinzuf\u00fcgen (kostenlos und schnell)","isPartOf":{"@id":"https:\/\/elfsight.com\/de\/#website"},"datePublished":"1970-01-01T00:00:00+00:00","dateModified":"2025-01-13T01:22:06+00:00","description":"Gestalten Sie mit Elfsight Ihre Pop-up-App und zeigen Sie sie schnell im BigCommerce-Shop. Wir bieten kostenlosen Kundensupport und weitere Boni.","breadcrumb":{"@id":"https:\/\/elfsight.com\/de\/popup-widget\/bigcommerce\/#breadcrumb"},"inLanguage":"de","potentialAction":[{"@type":"ReadAction","target":["https:\/\/elfsight.com\/de\/popup-widget\/bigcommerce\/"]}]},{"@type":"BreadcrumbList","@id":"https:\/\/elfsight.com\/de\/popup-widget\/bigcommerce\/#breadcrumb","itemListElement":[{"@type":"ListItem","position":1,"name":"Home","item":"https:\/\/elfsight.com\/de\/"},{"@type":"ListItem","position":2,"name":"Popup","item":"https:\/\/elfsight.com\/de\/popup-widget\/"},{"@type":"ListItem","position":3,"name":"Popup &#8211; BigCommerce"}]},{"@type":"WebSite","@id":"https:\/\/elfsight.com\/de\/#website","url":"https:\/\/elfsight.com\/de\/","name":"Elfsight DE","description":"Just another Elfsight Sites site","potentialAction":[{"@type":"SearchAction","target":{"@type":"EntryPoint","urlTemplate":"https:\/\/elfsight.com\/de\/?s={search_term_string}"},"query-input":{"@type":"PropertyValueSpecification","valueRequired":true,"valueName":"search_term_string"}}],"inLanguage":"de"}]}},"meta_box":{"industry":"","seo_heading":"","heading":"","description":"","cta_heading":"","cta_description":"","application":"493","h1":"BigCommerce Popup-App","h1_caption":"Zeigen Sie m\u00fchelos Popups an, um die Aufmerksamkeit der Besucher zu erregen, Angebote zu bewerben oder Leads zu sammeln, ohne das Website-Erlebnis auf Ihrer BigCommerce-Website zu unterbrechen.","application_category":[],"applications_title":"","applications_request_title":"","applications_request_button_text":"","hero_text":"","hero_video":"","hero_video_schema_markup":"","selling_points_title":"","selling_points_caption":"","selling_points":[],"selling_points_cta_text":"","features_title":"","features":"","ed_cta_examples_text":"","ed_cta_examples_hidden":"","ed_cta_demo_text":"","ed_cta_demo_hidden":"","why_caption":"","why_editor_title":"","why_editor_text":"","why_team_title":"","why_team_text":"","why_service_title":"","why_service_text":"","template_catalog_visible":"0","template_catalog_title":"","template_catalog_text":"","template_catalog_categories_visible":"","demo_title":"Erstellen Sie Ihre Popup-App","demo_caption":"Konfigurieren Sie Ihr Popup und f\u00fcgen Sie es kostenlos zu Ihrer BigCommerce-Website hinzu!","default_faq_hidden":"","app_template_category":[],"platform":"268","template_public_id":"","codecanyon_url":"","codecanyon_item_id":"","codecanyon_price":"","pricing_caption":"","pricing_elfsight_apps_hide_column":"","pricing_elfsight_apps_url":"","pricing_codecanyon_price_caption":"","integration_category":[],"integration_request_title":"","integration_request_cta":"","integration_platform":"","integrations":[],"platform_category":[],"video_schema_markup":"","price":"ab 0 $ \/ Monat","trial":"","benefits":[{"text":"Kostenlose Installationsunterst\u00fctzung"},{"text":"Premium-Support"},{"text":"14-t\u00e4gige Geld-zur\u00fcck-Garantie"},{"text":"St\u00e4ndige Aktualisierung"}],"button_url":"#demo","button_target_blank":"0","button_nofollow":"0","attributes":[{"name":"Installiert","content":"100,000 - 500,000"},{"name":"Reaktionsfreudig","content":"Ja"},{"name":"Kompatible Browser","content":"Firefox, Safari, Opera, Chrome, Edge"}],"tags":[],"tags_disable_links":"0","hide_more_platforms":"","video_object":"","demo_hide_cta":"0","demo_hide_cloud_options":"0","pricing_title":"","pricing":[{"pricing_icon":"platform","pricing_title":"Elfsight Apps","pricing_title_caption":"Plattformunabh\u00e4ngige Software, die auf jeder Site funktioniert","pricing_price":"ab 0 $ \/ Monat","pricing_price_caption":"Beginnen Sie mit einem kostenlosen Plan","pricing_benefits":[{"text":"Unbegrenzte Domains"},{"text":"Kundensupport rund um die Uhr und gut dokumentiert"},{"text":"Kostenlose Installationsunterst\u00fctzung"},{"text":"100 % anpassbar"}],"pricing_button_text":"Zur Website hinzuf\u00fcgen","pricing_button_url":"#demo"}],"related_apps_title":"","related_apps_hidden":"0","author":"","image":[],"title":"","job":"","social_networks":[]},"_links":{"self":[{"href":"https:\/\/elfsight.com\/de\/wp-json\/wp\/v2\/pages\/17664","targetHints":{"allow":["GET"]}}],"collection":[{"href":"https:\/\/elfsight.com\/de\/wp-json\/wp\/v2\/pages"}],"about":[{"href":"https:\/\/elfsight.com\/de\/wp-json\/wp\/v2\/types\/page"}],"author":[{"embeddable":true,"href":"https:\/\/elfsight.com\/de\/wp-json\/wp\/v2\/users\/9"}],"replies":[{"embeddable":true,"href":"https:\/\/elfsight.com\/de\/wp-json\/wp\/v2\/comments?post=17664"}],"version-history":[{"count":3,"href":"https:\/\/elfsight.com\/de\/wp-json\/wp\/v2\/pages\/17664\/revisions"}],"predecessor-version":[{"id":23468,"href":"https:\/\/elfsight.com\/de\/wp-json\/wp\/v2\/pages\/17664\/revisions\/23468"}],"up":[{"embeddable":true,"href":"https:\/\/elfsight.com\/de\/wp-json\/wp\/v2\/pages\/557"}],"wp:attachment":[{"href":"https:\/\/elfsight.com\/de\/wp-json\/wp\/v2\/media?parent=17664"}],"curies":[{"name":"wp","href":"https:\/\/api.w.org\/{rel}","templated":true}]}}