{"id":17663,"date":"1970-01-01T00:00:00","date_gmt":"1970-01-01T00:00:00","guid":{"rendered":"https:\/\/elfsight.com\/de\/?page_id=17663"},"modified":"2025-07-09T14:15:03","modified_gmt":"2025-07-09T14:15:03","slug":"blogger","status":"publish","type":"page","link":"https:\/\/elfsight.com\/de\/popup-widget\/blogger\/","title":{"rendered":"Popup &#8211; Blogger"},"content":{"rendered":"<div class=\"application-platform-content-item-description application-platform-content-item\" id=\"description\" data-nav-section=\"description\"> <h2>Beschreibung<\/h2> <p>Mit dem Elfsight-Popup-Tool hat jeder die M\u00f6glichkeit, seine individuellen Popups aller Art zu erstellen und sie vorzustellen auf Ihrer Website. Konfigurieren Sie Ihr Popup, indem Sie verschiedene enthaltene Komponenten hinzuf\u00fcgen. Variieren Sie das Layout und die Zusammensetzung. Weisen Sie Popup-Ausl\u00f6ser zu und bestimmen Sie den Zeitpunkt, um die Popup-Wirksamkeit zu maximieren. Mit Popups k\u00f6nnen Benutzer ein Abonnement f\u00fcr Blogger erstellen, Ihre Waren und Dienstleistungen erkunden, ihre Gutscheine kopieren, an Ausverk\u00e4ufen und Sonderangeboten teilnehmen, \u00fcber wichtige Anl\u00e4sse auf Ihrer Website benachrichtigt werden und vieles mehr. <\/p> <p><b>Popups erm\u00f6glichen es Ihnen, schneller zu verkaufen, f\u00fcr Ihre geplanten Veranstaltungen zu werben, Impressionen und Leads zu erhalten und vieles mehr.<\/b><\/p> <\/div><div class=\"application-platform-content-item- Features application-platform-content-item\" id=\" Features\" data-nav-section=\" Features\"> <h2>Hauptfunktionen des Popup-Widgets<\/h2> <p>Hier ist eine Liste aller Funktionen unseres Widgets. Sie sind direkt im Editor verf\u00fcgbar und helfen Ihnen bei der Erstellung des Widgets, das f\u00fcr Ihren Anwendungsfall geeignet ist.<\/p> <ul><li>12 verschiedene Elemente zum Erstellen eines Popups<\/li> <li>F\u00fcnf fertige Popup-Layouts f\u00fcr verschiedene F\u00e4lle<\/li> <li>F\u00fcgen Sie Schaltfl\u00e4chen hinzu, um Benutzer zu einer beliebigen Seite weiterzuleiten<\/li> <li>Laden Sie ein Bild f\u00fcr den Hintergrund hoch<\/li> <li>Ein Popup kann nach einer bestimmten Zeit, die der Benutzer verbracht hat, oder nach einem bestimmten Scroll-Prozentsatz auftreten auf der Blogger-Seite<\/li> <li>Ausl\u00f6sen eines Pop-ups, indem Sie auf das ausgew\u00e4hlte Element klicken oder nach unten scrollen<\/li> <\/ul> <p><a href=\"#demo\">Sie k\u00f6nnen alle Widgets testen Funktionsmerkmale direkt in der Demo<\/a><\/p> <\/div><div class=\"application-platform-content-item-installation application-platform-content-item\" id=\"installation\" data-nav-section=\"installation\"><h2>Wie f\u00fcge ich ein Popup-Widget zu einer Blogger-Website hinzu?<\/h2> <div class=\"video -container\"><\/div><p>Um das Widget einzuf\u00fchren, befolgen Sie die folgenden Richtlinien:<\/p> <ol><li><b>Generieren Sie Ihr personalisiertes Popup-Plugin<\/b><br> Gestalten Sie in unserem kostenlosen Konfigurator ein Blogger-Plugin mit einem bevorzugte Zusammensetzung und Funktionen.<\/li><li><b>Erhalten Sie den pers\u00f6nlichen Code zum Einbetten des Plugins<\/b><br> Nachdem Sie Ihr Widget generiert haben, erhalten Sie den individuellen Code \u00fcber die Popup-Benachrichtigung auf Elfsight Apps. Kopieren Sie den Code des Popup-Felds, damit Blogger ihn weiter verwenden kann. <\/li> <li><b>F\u00fcgen Sie das Plugin auf Ihrer Blogger-Website hinzu<\/b><br> W\u00e4hlen Sie den Bereich aus, in dem Sie das Plugin anzeigen m\u00f6chten, und f\u00fcgen Sie dort den gespeicherten Code hinzu. Speichern Sie die Ergebnisse. <\/li> <li><b>Herzlichen Gl\u00fcckwunsch! Sie haben gerade das Widget eingebettet!<\/b><br> Gehen Sie zu Ihrer Blogger-Website, um Ihr Popup zu \u00fcberpr\u00fcfen.<\/li> <\/ol><p>Z\u00f6gern Sie nicht, sich bei Bedarf an unser Kundensupport-Team zu wenden Sie ben\u00f6tigen Hilfe oder haben Probleme bei der Installation des Widgets auf Blogger. Wir helfen Ihnen gerne bei jeder Anfrage.<\/p> <div class=\"faq\" data-component=\"FAQ\"> <div class=\"faq-item\">\r\n\t\t\t\t\t<div class=\"faq-item-question\">\r\n\t\t\t\t\t\t<h3 class=\"faq-item-question-text\">Wie f\u00fcge ich ohne Programmierkenntnisse eine PayPal-Schaltfl\u00e4che zu meiner Blogger-Website hinzu?<\/h3>\r\n\r\n\t\t\t\t\t\t<div class=\"faq-item-question-icon\"><\/div>\r\n\t\t\t\t\t<\/div>\r\n\r\n\t\t\t\t\t<div class=\"faq-item-answer\">\r\n\t\t\t\t\t\t<div class=\"faq-item-answer-text\"> <p>Elfsight bietet eine SaaS-L\u00f6sung, mit der Sie erstellen k\u00f6nnen Wenn Sie selbst ein PayPal-Schaltfl\u00e4chen-Widget erstellen m\u00f6chten, sehen Sie, wie einfach der Vorgang ist: Arbeiten Sie direkt im Online-Editor, um ein PayPal-Schaltfl\u00e4chen-Widget zu erstellen, das Sie gerne auf Ihrer Blogger-Website sehen w\u00fcrden. W\u00e4hlen Sie eine der vorgefertigten Vorlagen aus und passen Sie die Einstellungen der PayPal-Schaltfl\u00e4che an, f\u00fcgen Sie Ihre Inhalte hinzu, \u00e4ndern Sie das Layout und die Farben ohne Programmierkenntnisse. Speichern Sie die PayPal-Schaltfl\u00e4che und kopieren Sie den Installationscode, den Sie einfach in Ihre Blogger-Website einf\u00fcgen k\u00f6nnen, ohne eine kostenpflichtige Version kaufen zu m\u00fcssen. Mit unserem intuitiven Editor kann jeder Internetnutzer online ein PayPal-Button-Widget erstellen und es einfach in seine Blogger-Website einbetten. Sie m\u00fcssen weder bezahlen noch Ihre Kartendaten eingeben, um auf den Service zuzugreifen. Sollten bei irgendeinem Schritt Probleme auftreten, wenden Sie sich bitte an unser technisches Support-Team.<\/p> <\/div>\r\n\t\t\t\t\t<\/div>\r\n\t\t\t\t<\/div> <\/div> <\/div>\n<iframe width=\"720\" height=\"405\" src=\"https:\/\/www.youtube.com\/embed\/0_KjGHzXocI\" frameborder=\"0\" allowfullscreen=\"\"><\/iframe>","protected":false},"excerpt":{"rendered":"","protected":false},"author":9,"featured_media":0,"parent":557,"menu_order":0,"comment_status":"closed","ping_status":"closed","template":"templates\/template-application-platform.php","meta":{"publish_to_discourse":"","publish_post_category":"","wpdc_auto_publish_overridden":"","wpdc_topic_tags":"","wpdc_pin_topic":"","wpdc_pin_until":"","discourse_post_id":"","discourse_permalink":"","wpdc_publishing_response":"","wpdc_publishing_error":"","footnotes":""},"class_list":["post-17663","page","type-page","status-publish","hentry"],"yoast_head":"<!-- This site is optimized with the Yoast SEO plugin v25.3.1 - https:\/\/yoast.com\/wordpress\/plugins\/seo\/ -->\n<title>F\u00fcgen Sie einer Blogger-Website ein Popup-Widget hinzu<\/title>\n<meta name=\"description\" content=\"Erstellen Sie ein Popup auf Blogger ohne Codierung!\" \/>\n<meta name=\"robots\" content=\"index, follow, max-snippet:-1, max-image-preview:large, max-video-preview:-1\" \/>\n<link rel=\"canonical\" href=\"https:\/\/elfsight.com\/de\/popup-widget\/blogger\/\" \/>\n<meta property=\"og:locale\" content=\"de_DE\" \/>\n<meta property=\"og:type\" content=\"article\" \/>\n<meta property=\"og:title\" content=\"F\u00fcgen Sie einer Blogger-Website ein Popup-Widget hinzu\" \/>\n<meta property=\"og:description\" content=\"Erstellen Sie ein Popup auf Blogger ohne Codierung!\" \/>\n<meta property=\"og:url\" content=\"https:\/\/elfsight.com\/de\/popup-widget\/blogger\/\" \/>\n<meta property=\"og:site_name\" content=\"Elfsight DE\" \/>\n<meta property=\"article:modified_time\" content=\"2025-07-09T14:15:03+00:00\" \/>\n<meta name=\"twitter:card\" content=\"summary_large_image\" \/>\n<meta name=\"twitter:label1\" content=\"Gesch\u00e4tzte Lesezeit\" \/>\n\t<meta name=\"twitter:data1\" content=\"3\u00a0Minuten\" \/>\n<!-- \/ Yoast SEO plugin. -->","yoast_head_json":{"title":"F\u00fcgen Sie einer Blogger-Website ein Popup-Widget hinzu","description":"Erstellen Sie ein Popup auf Blogger ohne Codierung!","robots":{"index":"index","follow":"follow","max-snippet":"max-snippet:-1","max-image-preview":"max-image-preview:large","max-video-preview":"max-video-preview:-1"},"canonical":"https:\/\/elfsight.com\/de\/popup-widget\/blogger\/","og_locale":"de_DE","og_type":"article","og_title":"F\u00fcgen Sie einer Blogger-Website ein Popup-Widget hinzu","og_description":"Erstellen Sie ein Popup auf Blogger ohne Codierung!","og_url":"https:\/\/elfsight.com\/de\/popup-widget\/blogger\/","og_site_name":"Elfsight DE","article_modified_time":"2025-07-09T14:15:03+00:00","twitter_card":"summary_large_image","twitter_misc":{"Gesch\u00e4tzte Lesezeit":"3\u00a0Minuten"},"schema":{"@context":"https:\/\/schema.org","@graph":[{"@type":"WebPage","@id":"https:\/\/elfsight.com\/de\/popup-widget\/blogger\/","url":"https:\/\/elfsight.com\/de\/popup-widget\/blogger\/","name":"F\u00fcgen Sie einer Blogger-Website ein Popup-Widget hinzu","isPartOf":{"@id":"https:\/\/elfsight.com\/de\/#website"},"datePublished":"1970-01-01T00:00:00+00:00","dateModified":"2025-07-09T14:15:03+00:00","description":"Erstellen Sie ein Popup auf Blogger ohne Codierung!","breadcrumb":{"@id":"https:\/\/elfsight.com\/de\/popup-widget\/blogger\/#breadcrumb"},"inLanguage":"de","potentialAction":[{"@type":"ReadAction","target":["https:\/\/elfsight.com\/de\/popup-widget\/blogger\/"]}]},{"@type":"BreadcrumbList","@id":"https:\/\/elfsight.com\/de\/popup-widget\/blogger\/#breadcrumb","itemListElement":[{"@type":"ListItem","position":1,"name":"Home","item":"https:\/\/elfsight.com\/de\/"},{"@type":"ListItem","position":2,"name":"Popup","item":"https:\/\/elfsight.com\/de\/popup-widget\/"},{"@type":"ListItem","position":3,"name":"Popup &#8211; Blogger"}]},{"@type":"WebSite","@id":"https:\/\/elfsight.com\/de\/#website","url":"https:\/\/elfsight.com\/de\/","name":"Elfsight DE","description":"Just another Elfsight Sites site","potentialAction":[{"@type":"SearchAction","target":{"@type":"EntryPoint","urlTemplate":"https:\/\/elfsight.com\/de\/?s={search_term_string}"},"query-input":{"@type":"PropertyValueSpecification","valueRequired":true,"valueName":"search_term_string"}}],"inLanguage":"de"}]}},"meta_box":{"industry":"","seo_heading":"","heading":"","description":"","cta_heading":"","cta_description":"","application":"493","h1":"Blogger-Popup-Widget","h1_caption":"Zeigen Sie m\u00fchelos Popups an, um die Aufmerksamkeit der Besucher zu erregen, Angebote zu bewerben oder Leads zu sammeln, ohne das Website-Erlebnis auf Ihrer Blogger-Website zu unterbrechen.","application_category":[],"applications_title":"","applications_request_title":"","applications_request_button_text":"","hero_text":"","hero_video":"","hero_video_schema_markup":"","selling_points_title":"","selling_points_caption":"","selling_points":[],"selling_points_cta_text":"","features_title":"","features":"","ed_cta_examples_text":"","ed_cta_examples_hidden":"","ed_cta_demo_text":"","ed_cta_demo_hidden":"","why_caption":"","why_editor_title":"","why_editor_text":"","why_team_title":"","why_team_text":"","why_service_title":"","why_service_text":"","template_catalog_visible":"","template_catalog_title":"","template_catalog_text":"","template_catalog_categories_visible":"","demo_title":"Erstellen Sie Ihr Popup-Widget","demo_caption":"Konfigurieren Sie Ihr Popup und f\u00fcgen Sie es kostenlos zu Ihrer Blogger-Website hinzu!","default_faq_hidden":"","app_template_category":[],"platform":"262","template_public_id":"","codecanyon_url":"","codecanyon_item_id":"","codecanyon_price":"","pricing_caption":"","pricing_elfsight_apps_hide_column":"","pricing_elfsight_apps_url":"","pricing_codecanyon_price_caption":"","integration_category":[],"integration_request_title":"","integration_request_cta":"","integration_platform":"","integrations":[],"platform_category":[],"video_schema_markup":"","price":"ab 0 $ \/ Monat","trial":"","benefits":[{"text":"Kostenloser Installationsservice"},{"text":"Kompetenter Kundenservice"},{"text":"14-t\u00e4gige Geld-zur\u00fcck-Garantie"},{"text":"Zuk\u00fcnftige Updates"}],"button_url":"#demo","button_target_blank":"","button_nofollow":"","attributes":[{"name":"Installiert","content":"100,000 - 500,000"},{"name":"Reaktionsfreudig","content":"Ja"},{"name":"Kompatible Browser","content":"Firefox, Safari, Opera, Chrome, Edge"}],"tags":[],"tags_disable_links":"","hide_more_platforms":"","video_object":"","demo_hide_cta":"","demo_hide_cloud_options":"","pricing_title":"","pricing":[{"pricing_icon":"platform","pricing_title":"Elfsight Apps","pricing_title_caption":"Plattform\u00fcbergreifende digitale L\u00f6sung, die zu jeder Website passt","pricing_price":"ab 0 $ \/ Monat","pricing_price_caption":"Beginnen Sie mit einem kostenlosen Plan","pricing_benefits":[{"text":"Unbegrenzte Websites"},{"text":"Support rund um die Uhr"},{"text":"Kostenlose Installationshilfe"},{"text":"Flexibles Design"}],"pricing_button_text":"Zur Website hinzuf\u00fcgen","pricing_button_url":"#demo"}],"related_apps_title":"","related_apps_hidden":"","author":"","image":[],"title":"","job":"","social_networks":[]},"_links":{"self":[{"href":"https:\/\/elfsight.com\/de\/wp-json\/wp\/v2\/pages\/17663","targetHints":{"allow":["GET"]}}],"collection":[{"href":"https:\/\/elfsight.com\/de\/wp-json\/wp\/v2\/pages"}],"about":[{"href":"https:\/\/elfsight.com\/de\/wp-json\/wp\/v2\/types\/page"}],"author":[{"embeddable":true,"href":"https:\/\/elfsight.com\/de\/wp-json\/wp\/v2\/users\/9"}],"replies":[{"embeddable":true,"href":"https:\/\/elfsight.com\/de\/wp-json\/wp\/v2\/comments?post=17663"}],"version-history":[{"count":2,"href":"https:\/\/elfsight.com\/de\/wp-json\/wp\/v2\/pages\/17663\/revisions"}],"predecessor-version":[{"id":21762,"href":"https:\/\/elfsight.com\/de\/wp-json\/wp\/v2\/pages\/17663\/revisions\/21762"}],"up":[{"embeddable":true,"href":"https:\/\/elfsight.com\/de\/wp-json\/wp\/v2\/pages\/557"}],"wp:attachment":[{"href":"https:\/\/elfsight.com\/de\/wp-json\/wp\/v2\/media?parent=17663"}],"curies":[{"name":"wp","href":"https:\/\/api.w.org\/{rel}","templated":true}]}}