{"id":17658,"date":"1970-01-01T00:00:00","date_gmt":"1970-01-01T00:00:00","guid":{"rendered":"https:\/\/elfsight.com\/de\/?page_id=17658"},"modified":"2025-01-13T01:27:28","modified_gmt":"2025-01-13T01:27:28","slug":"drupal","status":"publish","type":"page","link":"https:\/\/elfsight.com\/de\/popup-widget\/drupal\/","title":{"rendered":"Popup &#8211; Drupal"},"content":{"rendered":"\n<div class=\"application-platform-content-item-description application-platform-content-item\" id=\"description\" data-nav-section=\"description\"> \n<h2>Beschreibung<\/h2> \n<p>Mit dem Elfsight Drupal-Modul k\u00f6nnen Benutzer personalisierte Popups aller Art erstellen und auf einer Website hinzuf\u00fcgen. <br>\n<br>\nErstellen Sie ein gro\u00dfartiges Drupal-Popup-Modul kostenlos, indem Sie eine der vorgefertigten Vorlagen ausw\u00e4hlen. Passen Sie Stil und Anordnung an, w\u00e4hlen Sie ausl\u00f6sende Trigger und setzen Sie das Timing, um eine h\u00f6here Effizienz zu erreichen.<br> \n<br>\nPopups verschiedener Arten erm\u00f6glichen es Webbesuchern, sich f\u00fcr einen Newsletter anzumelden, mehr \u00fcber Ihre neuen Produkte und Dienstleistungen zu erfahren, auf Gutscheine zuzugreifen, von Rabatten und Sonderangeboten zu erfahren, \u00fcber wichtige Ereignisse informiert zu bleiben usw. <\/p> \n<p><b>Unser Drupal-Popup-Modul-Builder hilft Ihnen dabei, den Umsatz zu steigern, Ihre kommenden Updates zu bewerben, Einblicke zu sammeln und vieles mehr.<\/b><\/p> \n<\/div>\n<div class=\"application-platform-content-item-features application-platform-content-item\" id=\"features\" data-nav-section=\"features\"> \n<h2>Hauptmerkmale des Popup-Moduls<\/h2> \n<p>Mit dem Popup-Builder f\u00fcr Drupal haben Sie Zugriff auf eine Vielzahl konfigurierbarer Elemente, die auf die Ziele Ihrer Website zugeschnitten werden k\u00f6nnen. Im Folgenden finden Sie die Hauptmerkmale, mit denen Sie das perfekte Erlebnis f\u00fcr Ihre Besucher gestalten k\u00f6nnen:<\/p> \n<ul>\n<li>14 enthaltene Elemente, um ein Popup zu erstellen;<\/li> \n<li>7 enthaltene Popup-Layouts f\u00fcr verschiedene Anwendungsf\u00e4lle;<\/li> \n<li>Hinzuf\u00fcgen von Schaltfl\u00e4chen f\u00fcr die Umleitung auf jede Adresse;<\/li> \n<li>Hochladen eines Bildes als Popup-Hintergrund;<\/li> \n<li>Das Popup kann nach einer bestimmten Zeit auf der Webseite oder einem Scroll-Prozentsatz aktiviert werden;<\/li> \n<li>Popup-Trigger: Klicken auf ein bestimmtes Seitenelement oder Scrollen bis zu diesem Element.<\/li> \n<li>Sie k\u00f6nnen in wenigen Sekunden ein Webformular-Popup zu Drupal hinzuf\u00fcgen.<\/li> \n<\/ul> \n<p><a href=\"#demo\">Entdecken Sie, wie der Drupal Popup-Builder mit der kostenlosen Demo funktioniert<\/a><\/p> \n<\/div>\n<div class=\"application-platform-content-item-installation application-platform-content-item\" id=\"installation\" data-nav-section=\"installation\">\n<h2>Wie f\u00fcge ich das Popup-Modul zu einer Drupal-Website hinzu?<\/h2> \n<div class=\"video-container\">\n<iframe width=\"720\" height=\"405\" src=\"https:\/\/www.youtube.com\/embed\/Itm9A8V1q3s\" frameborder=\"0\" allowfullscreen=\"\"><\/iframe>\n<\/div>\n<p>Folgen Sie den unten beschriebenen Schritten, um das Modul in Drupal einzubetten:<\/p> \n<ol>\n<li><b>W\u00e4hlen Sie eine Popup-Vorlage<\/b><br> \n\u00d6ffnen Sie unseren kostenlosen Popup-Builder und w\u00e4hlen Sie ein vorgefertigtes Design aus oder erstellen Sie Ihr Modul von Grund auf.<\/li> \n<li><b>Passen Sie das Popup an<\/b><br> \nPassen Sie Ihr Drupal-Modul an, indem Sie Bl\u00f6cke wie Bilder, Texte, \u00dcberschriften und Schaltfl\u00e4chen hinzuf\u00fcgen oder entfernen. Stellen Sie das Aussehen, die Farben, die Schriftarten und das Layout so ein, dass es dem Design Ihrer Website entspricht.<\/li> \n <li><b>F\u00fcgen Sie das Modul in Drupal ein<\/b><br> \nNachdem Sie Ihr Drupal-Popup-Modul erstellt haben, kopieren Sie den generierten HTML-Code. F\u00fcgen Sie den Code in das CMS Ihrer Seite ein und wenden Sie die \u00c4nderungen an.<\/li> \n<\/ol> \n<p>F\u00fcr eine detailliertere Anleitung lesen Sie unseren umfassenden Artikel dar\u00fcber, <a href=\"https:\/\/elfsight.com\/blog\/how-to-embed-popup-on-any-website\/\" target=\"_blank\" rel=\"noopener\">wie Sie ein Popup<\/a> auf Ihrer Website hinzuf\u00fcgen.<\/p>\n<p>Wenden Sie sich gerne an unseren Kundensupport, wenn Sie Hilfe bei der Einrichtung ben\u00f6tigen. Wir helfen Ihnen gerne bei allen Fragen weiter.<\/p> \n<\/div>\n\n<h2>FAQ<\/h2>\n<div class=\"faq\" data-component=\"FAQ\">\n<div class=\"faq-item\">\r\n\t\t\t\t\t<div class=\"faq-item-question\">\r\n\t\t\t\t\t\t<h3 class=\"faq-item-question-text\">Wie kann ich ein Popup zu meiner Drupal-Website hinzuf\u00fcgen?<\/h3>\r\n\r\n\t\t\t\t\t\t<div class=\"faq-item-question-icon\"><\/div>\r\n\t\t\t\t\t<\/div>\r\n\r\n\t\t\t\t\t<div class=\"faq-item-answer\">\r\n\t\t\t\t\t\t<div class=\"faq-item-answer-text\">\n<p>Um ein Popup zu Ihrer Drupal-Seite hinzuzuf\u00fcgen, verwenden Sie den Elfsight-Editor, um Ihr Modul zu gestalten. Es sind keine Programmierkenntnisse erforderlich, da der Popup-Builder eine benutzerfreundliche Oberfl\u00e4che hat, sodass jeder das Popup erstellen und anpassen kann. Kopieren Sie einfach den generierten HTML-Embed-Code und f\u00fcgen Sie ihn in das CMS von Drupal ein.<\/p> \n<\/div>\r\n\t\t\t\t\t<\/div>\r\n\t\t\t\t<\/div>\n\n<div class=\"faq-item\">\r\n\t\t\t\t\t<div class=\"faq-item-question\">\r\n\t\t\t\t\t\t<h3 class=\"faq-item-question-text\">Ist der Popup-Builder kostenlos?<\/h3>\r\n\r\n\t\t\t\t\t\t<div class=\"faq-item-question-icon\"><\/div>\r\n\t\t\t\t\t<\/div>\r\n\r\n\t\t\t\t\t<div class=\"faq-item-answer\">\r\n\t\t\t\t\t\t<div class=\"faq-item-answer-text\">\n<p>Ja, das Popup-Tool f\u00fcr Drupal ist kostenlos verf\u00fcgbar und erm\u00f6glicht es Benutzern mit begrenztem Budget, von diesem hilfreichen Tool zu profitieren. Es gibt auch kostenpflichtige Optionen, die erweiterte Funktionen bieten.<\/p>\n<\/div>\r\n\t\t\t\t\t<\/div>\r\n\t\t\t\t<\/div>\n\n<div class=\"faq-item\">\r\n\t\t\t\t\t<div class=\"faq-item-question\">\r\n\t\t\t\t\t\t<h3 class=\"faq-item-question-text\">Was ist der beste Platz, um das Banner-Popup auf meiner Website hinzuzuf\u00fcgen?<\/h3>\r\n\r\n\t\t\t\t\t\t<div class=\"faq-item-question-icon\"><\/div>\r\n\t\t\t\t\t<\/div>\r\n\r\n\t\t\t\t\t<div class=\"faq-item-answer\">\r\n\t\t\t\t\t\t<div class=\"faq-item-answer-text\">\n<p>Mit unserem Popup-Builder k\u00f6nnen Sie erstellen:\n<ul>\n <li>Ein Vollbild-Popup-Modul, um sofort die Aufmerksamkeit Ihrer Besucher zu erregen;<\/li>\n <li>Ein schwebendes Popup, das die Besucher anzieht, w\u00e4hrend sie auf Ihrer Seite surfen;<\/li> \n<li>Ein Footer-, Header- und Sidebar-Modul, um Ihre Nachricht anzuzeigen, ohne den Navigationsfluss zu st\u00f6ren.<\/li> \n<\/ul>\n <p>Diese vielseitigen Platzierungen erm\u00f6glichen eine optimale Positionierung, sodass Ihre Banner-Popups Aufmerksamkeit erregen und Engagement f\u00f6rdern.<\/p>\n<\/div>\r\n\t\t\t\t\t<\/div>\r\n\t\t\t\t<\/div>\n\n<div class=\"faq-item\">\r\n\t\t\t\t\t<div class=\"faq-item-question\">\r\n\t\t\t\t\t\t<h3 class=\"faq-item-question-text\">Welche Arten von Drupal-Popup-Modulen kann ich mit Elfsight erstellen?<\/h3>\r\n\r\n\t\t\t\t\t\t<div class=\"faq-item-question-icon\"><\/div>\r\n\t\t\t\t\t<\/div>\r\n\r\n\t\t\t\t\t<div class=\"faq-item-answer\">\r\n\t\t\t\t\t\t<div class=\"faq-item-answer-text\">\n<p>Sie k\u00f6nnen verschiedene Popups erstellen, die auf unterschiedliche Zwecke zugeschnitten sind.<\/p>\n<p>Zum Beispiel k\u00f6nnen Sie ein Newsletter-Anmelde-Popup erstellen, um Besucher zur Anmeldung auf Ihrer Mailingliste zu ermutigen, ein Aktions-Popup, um den Umsatz durch VIP-Angebote zu steigern, oder ein Rabatt-Popup, um zeitlich begrenzte Angebote hervorzuheben und K\u00e4ufe zu f\u00f6rdern.<\/p>\n<p>Insgesamt stehen mehr als <a href=\"https:\/\/elfsight.com\/popup-widget\/templates\/\" target=\"_blank\" rel=\"noopener\">100+ Popup-Vorlagen<\/a> zur Verf\u00fcgung, sodass Sie ganz einfach das beste Design f\u00fcr Ihre Ziele ausw\u00e4hlen k\u00f6nnen.<\/p>\n\n<\/div>\r\n\t\t\t\t\t<\/div>\r\n\t\t\t\t<\/div>\n\n<div class=\"faq-item\">\r\n\t\t\t\t\t<div class=\"faq-item-question\">\r\n\t\t\t\t\t\t<h3 class=\"faq-item-question-text\">Welche Trigger stehen zum \u00d6ffnen des Popups zur Verf\u00fcgung?<\/h3>\r\n\r\n\t\t\t\t\t\t<div class=\"faq-item-question-icon\"><\/div>\r\n\t\t\t\t\t<\/div>\r\n\r\n\t\t\t\t\t<div class=\"faq-item-answer\">\r\n\t\t\t\t\t\t<div class=\"faq-item-answer-text\">\n<p>Mit dem Elfsight-Popup-Modul haben Sie mehrere Trigger, um zu steuern, wann Ihre Benachrichtigung ge\u00f6ffnet wird. Sie k\u00f6nnen es so einstellen, dass es beim Betreten der Seite, nach einer bestimmten Zeit auf der Website oder wenn der Benutzer einen bestimmten Prozentsatz der Seite nach unten gescrollt hat, angezeigt wird.<\/p>\n<p>Zus\u00e4tzlich k\u00f6nnen Popups bei einem Klick, wenn der Besucher die Website verlassen m\u00f6chte, oder durch eine CTA-Schaltfl\u00e4che zum manuellen \u00d6ffnen des Popups ausgel\u00f6st werden. Diese flexiblen Trigger helfen Ihnen dabei, den Zeitplan des Moduls anzupassen, um das Engagement zu optimieren.<\/p>\n\n<\/div>\r\n\t\t\t\t\t<\/div>\r\n\t\t\t\t<\/div>\n<\/div>\n","protected":false},"excerpt":{"rendered":"FAQ","protected":false},"author":9,"featured_media":0,"parent":557,"menu_order":0,"comment_status":"closed","ping_status":"closed","template":"templates\/template-application-platform.php","meta":{"publish_to_discourse":"","publish_post_category":"","wpdc_auto_publish_overridden":"","wpdc_topic_tags":"","wpdc_pin_topic":"","wpdc_pin_until":"","discourse_post_id":"","discourse_permalink":"","wpdc_publishing_response":"","wpdc_publishing_error":"","footnotes":""},"class_list":["post-17658","page","type-page","status-publish","hentry"],"yoast_head":"<!-- This site is optimized with the Yoast SEO plugin v25.3.1 - https:\/\/yoast.com\/wordpress\/plugins\/seo\/ -->\n<title>F\u00fcgen Sie einer Drupal-Website ein Popup-Modul hinzu<\/title>\n<meta name=\"description\" content=\"Erstellen Sie ein Popup auf Drupal ohne Codierung!\" \/>\n<meta name=\"robots\" content=\"index, follow, max-snippet:-1, max-image-preview:large, max-video-preview:-1\" \/>\n<link rel=\"canonical\" href=\"https:\/\/elfsight.com\/de\/popup-widget\/drupal\/\" \/>\n<meta property=\"og:locale\" content=\"de_DE\" \/>\n<meta property=\"og:type\" content=\"article\" \/>\n<meta property=\"og:title\" content=\"F\u00fcgen Sie einer Drupal-Website ein Popup-Modul hinzu\" \/>\n<meta property=\"og:description\" content=\"Erstellen Sie ein Popup auf Drupal ohne Codierung!\" \/>\n<meta property=\"og:url\" content=\"https:\/\/elfsight.com\/de\/popup-widget\/drupal\/\" \/>\n<meta property=\"og:site_name\" content=\"Elfsight DE\" \/>\n<meta property=\"article:modified_time\" content=\"2025-01-13T01:27:28+00:00\" \/>\n<meta name=\"twitter:card\" content=\"summary_large_image\" \/>\n<meta name=\"twitter:label1\" content=\"Gesch\u00e4tzte Lesezeit\" \/>\n\t<meta name=\"twitter:data1\" content=\"5\u00a0Minuten\" \/>\n<!-- \/ Yoast SEO plugin. -->","yoast_head_json":{"title":"F\u00fcgen Sie einer Drupal-Website ein Popup-Modul hinzu","description":"Erstellen Sie ein Popup auf Drupal ohne Codierung!","robots":{"index":"index","follow":"follow","max-snippet":"max-snippet:-1","max-image-preview":"max-image-preview:large","max-video-preview":"max-video-preview:-1"},"canonical":"https:\/\/elfsight.com\/de\/popup-widget\/drupal\/","og_locale":"de_DE","og_type":"article","og_title":"F\u00fcgen Sie einer Drupal-Website ein Popup-Modul hinzu","og_description":"Erstellen Sie ein Popup auf Drupal ohne Codierung!","og_url":"https:\/\/elfsight.com\/de\/popup-widget\/drupal\/","og_site_name":"Elfsight DE","article_modified_time":"2025-01-13T01:27:28+00:00","twitter_card":"summary_large_image","twitter_misc":{"Gesch\u00e4tzte Lesezeit":"5\u00a0Minuten"},"schema":{"@context":"https:\/\/schema.org","@graph":[{"@type":"WebPage","@id":"https:\/\/elfsight.com\/de\/popup-widget\/drupal\/","url":"https:\/\/elfsight.com\/de\/popup-widget\/drupal\/","name":"F\u00fcgen Sie einer Drupal-Website ein Popup-Modul hinzu","isPartOf":{"@id":"https:\/\/elfsight.com\/de\/#website"},"datePublished":"1970-01-01T00:00:00+00:00","dateModified":"2025-01-13T01:27:28+00:00","description":"Erstellen Sie ein Popup auf Drupal ohne Codierung!","breadcrumb":{"@id":"https:\/\/elfsight.com\/de\/popup-widget\/drupal\/#breadcrumb"},"inLanguage":"de","potentialAction":[{"@type":"ReadAction","target":["https:\/\/elfsight.com\/de\/popup-widget\/drupal\/"]}]},{"@type":"BreadcrumbList","@id":"https:\/\/elfsight.com\/de\/popup-widget\/drupal\/#breadcrumb","itemListElement":[{"@type":"ListItem","position":1,"name":"Home","item":"https:\/\/elfsight.com\/de\/"},{"@type":"ListItem","position":2,"name":"Popup","item":"https:\/\/elfsight.com\/de\/popup-widget\/"},{"@type":"ListItem","position":3,"name":"Popup &#8211; Drupal"}]},{"@type":"WebSite","@id":"https:\/\/elfsight.com\/de\/#website","url":"https:\/\/elfsight.com\/de\/","name":"Elfsight DE","description":"Just another Elfsight Sites site","potentialAction":[{"@type":"SearchAction","target":{"@type":"EntryPoint","urlTemplate":"https:\/\/elfsight.com\/de\/?s={search_term_string}"},"query-input":{"@type":"PropertyValueSpecification","valueRequired":true,"valueName":"search_term_string"}}],"inLanguage":"de"}]}},"meta_box":{"industry":"","seo_heading":"","heading":"","description":"","cta_heading":"","cta_description":"","application":"493","h1":"Drupal-Popup-Modul","h1_caption":"Zeigen Sie Popups an, um die Aufmerksamkeit der Besucher zu erregen, Angebote zu bewerben oder Leads zu sammeln, ohne das Website-Erlebnis auf Ihrer Drupal-Website zu unterbrechen.","application_category":[],"applications_title":"","applications_request_title":"","applications_request_button_text":"","hero_text":"","hero_video":"","hero_video_schema_markup":"","selling_points_title":"","selling_points_caption":"","selling_points":[],"selling_points_cta_text":"","features_title":"","features":"","ed_cta_examples_text":"","ed_cta_examples_hidden":"","ed_cta_demo_text":"","ed_cta_demo_hidden":"","why_caption":"","why_editor_title":"","why_editor_text":"","why_team_title":"","why_team_text":"","why_service_title":"","why_service_text":"","template_catalog_visible":"0","template_catalog_title":"","template_catalog_text":"","template_catalog_categories_visible":"","demo_title":"Erstellen Sie Ihr Popup-Modul","demo_caption":"Konfigurieren Sie Ihr Popup und f\u00fcgen Sie es kostenlos zu Ihrer Drupal-Website hinzu!","default_faq_hidden":"","app_template_category":[],"platform":"261","template_public_id":"","codecanyon_url":"","codecanyon_item_id":"","codecanyon_price":"","pricing_caption":"","pricing_elfsight_apps_hide_column":"","pricing_elfsight_apps_url":"","pricing_codecanyon_price_caption":"","integration_category":[],"integration_request_title":"","integration_request_cta":"","integration_platform":"","integrations":[],"platform_category":[],"video_schema_markup":"","price":"ab 0 $ \/ Monat","trial":"","benefits":[{"text":"Kostenlose Installationshilfe"},{"text":"Kompetenter Kundenservice"},{"text":"14-t\u00e4gige Geld-zur\u00fcck-Garantie"},{"text":"Zuk\u00fcnftige kostenlose Updates"}],"button_url":"#demo","button_target_blank":"0","button_nofollow":"0","attributes":[{"name":"Installiert","content":"100,000 - 500,000"},{"name":"Reaktionsfreudig","content":"Ja"},{"name":"Kompatible Browser","content":"Firefox, Safari, Opera, Chrome, Edge"}],"tags":[],"tags_disable_links":"0","hide_more_platforms":"","video_object":"","demo_hide_cta":"0","demo_hide_cloud_options":"0","pricing_title":"","pricing":[{"pricing_icon":"platform","pricing_title":"Elfsight Apps","pricing_title_caption":"Plattform\u00fcbergreifende digitale L\u00f6sung, die f\u00fcr jeden Standort geeignet ist","pricing_price":"ab 0 $ \/ Monat","pricing_price_caption":"Beginnen Sie mit einem kostenlosen Plan","pricing_benefits":[{"text":"Unbegrenzte Websites"},{"text":"Professionelle Unternehmensunterst\u00fctzung"},{"text":"Kostenlose Installationshilfe"},{"text":"Tolles Angebot f\u00fcr mehrere Apps"}],"pricing_button_text":"Zur Website hinzuf\u00fcgen","pricing_button_url":"#demo"}],"related_apps_title":"","related_apps_hidden":"0","author":"","image":[],"title":"","job":"","social_networks":[]},"_links":{"self":[{"href":"https:\/\/elfsight.com\/de\/wp-json\/wp\/v2\/pages\/17658","targetHints":{"allow":["GET"]}}],"collection":[{"href":"https:\/\/elfsight.com\/de\/wp-json\/wp\/v2\/pages"}],"about":[{"href":"https:\/\/elfsight.com\/de\/wp-json\/wp\/v2\/types\/page"}],"author":[{"embeddable":true,"href":"https:\/\/elfsight.com\/de\/wp-json\/wp\/v2\/users\/9"}],"replies":[{"embeddable":true,"href":"https:\/\/elfsight.com\/de\/wp-json\/wp\/v2\/comments?post=17658"}],"version-history":[{"count":3,"href":"https:\/\/elfsight.com\/de\/wp-json\/wp\/v2\/pages\/17658\/revisions"}],"predecessor-version":[{"id":23469,"href":"https:\/\/elfsight.com\/de\/wp-json\/wp\/v2\/pages\/17658\/revisions\/23469"}],"up":[{"embeddable":true,"href":"https:\/\/elfsight.com\/de\/wp-json\/wp\/v2\/pages\/557"}],"wp:attachment":[{"href":"https:\/\/elfsight.com\/de\/wp-json\/wp\/v2\/media?parent=17658"}],"curies":[{"name":"wp","href":"https:\/\/api.w.org\/{rel}","templated":true}]}}