{"id":17657,"date":"1970-01-01T00:00:00","date_gmt":"1970-01-01T00:00:00","guid":{"rendered":"https:\/\/elfsight.com\/de\/?page_id=17657"},"modified":"2024-11-08T08:54:47","modified_gmt":"2024-11-08T08:54:47","slug":"elementor","status":"publish","type":"page","link":"https:\/\/elfsight.com\/de\/popup-widget\/elementor\/","title":{"rendered":"Popup &#8211; Elementor"},"content":{"rendered":"<div class=\"application-platform-content-item-description application-platform-content-item\" id=\"description\" data-nav-section=\"description\"> <h2>Popup auf Elementor mit dem Elfsight-Widget einbetten<\/h2> <p>Mit dem Elfsight-Popup-Widget ist jeder in der Lage, seinen eigenen personalisierten Pop zu gestalten -Ups aller Art und deren Einbindung auf der Webseite. Gestalten Sie mit Hilfe der verschiedenen mitgelieferten Komponenten ein richtiges Pop-up. \u00c4ndern Sie die Benutzeroberfl\u00e4che und Zusammensetzung des Elementor-Add-Ons. W\u00e4hlen Sie aktivierende Ausl\u00f6ser und passen Sie die H\u00e4ufigkeit an, um die Wirksamkeit zu steigern. Popups verschiedener Art erm\u00f6glichen es Benutzern, Ihre E-Mails zu abonnieren, Ihre Waren und Dienstleistungen zu entdecken und Gutscheine zu kopieren. Dar\u00fcber hinaus bietet das Add-on Kunden die M\u00f6glichkeit, sich \u00fcber Sonderangebote und Sonderangebote zu informieren, \u00fcber zuk\u00fcnftige Ereignisse auf Ihrer Website informiert zu sein und vieles mehr.<\/p> <p><b>Pop-ups helfen Ihnen, besser zu verkaufen und Werbung zu machen Geplante Anl\u00e4sse, sammeln Sie Impressionen und Leads im Elementor-Builder.<\/b><\/p> <\/div><div class=\"faq\" data-component=\"FAQ\"><div class=\"faq-item\">\r\n\t\t\t\t\t<div class=\"faq-item-question\">\r\n\t\t\t\t\t\t<h3 class=\"faq-item-question-text\">Wie kann ich ein Popup in meine einbetten?<\/h3>\r\n\r\n\t\t\t\t\t\t<div class=\"faq-item-question-icon\"><\/div>\r\n\t\t\t\t\t<\/div>\r\n\r\n\t\t\t\t\t<div class=\"faq-item-answer\">\r\n\t\t\t\t\t\t<div class=\"faq-item-answer-text\"> \u00d6ffnen Sie die aktive Demo, um Ihre eigene Elementor-Popup-Vorlage zu erstellen, holen Sie sich den Code und integrieren Sie ihn in Ihre Website.<\/p><\/div>\r\n\t\t\t\t\t<\/div>\r\n\t\t\t\t<\/div><div class=\"faq-item\">\r\n\t\t\t\t\t<div class=\"faq-item-question\">\r\n\t\t\t\t\t\t<h3 class=\"faq-item-question-text\">Wie l\u00e4sst sich das Popup-Fenster am besten nutzen? ?<\/h3>\r\n\r\n\t\t\t\t\t\t<div class=\"faq-item-question-icon\"><\/div>\r\n\t\t\t\t\t<\/div>\r\n\r\n\t\t\t\t\t<div class=\"faq-item-answer\">\r\n\t\t\t\t\t\t<div class=\"faq-item-answer-text\"><p>Wir haben unz\u00e4hlige Personalisierungsoptionen: Popup-Formular in voller Gr\u00f6\u00dfe zum Einbetten in den Inhaltsbereich, schwebende Widgets mit Scrollm\u00f6glichkeiten, Layouts f\u00fcr die Fu\u00dfzeile, den Kopfbereich und alle Variationen einer vertikalen Popup-Box f\u00fcr Website-Seitenleisten usw Men\u00fcs. Sie k\u00f6nnen das Verhalten Ihrer Elementor-Popup-Box mit einer Exit-Absicht und anderen Anpassungen einrichten.<\/p><\/div>\r\n\t\t\t\t\t<\/div>\r\n\t\t\t\t<\/div><div class=\"faq-item\">\r\n\t\t\t\t\t<div class=\"faq-item-question\">\r\n\t\t\t\t\t\t<h3 class=\"faq-item-question-text\">Gibt es eine Option zum Erstellen einer Exit-Absicht oder eines Verkaufs-Popups durch Der Editor? <\/h3>\r\n\r\n\t\t\t\t\t\t<div class=\"faq-item-question-icon\"><\/div>\r\n\t\t\t\t\t<\/div>\r\n\r\n\t\t\t\t\t<div class=\"faq-item-answer\">\r\n\t\t\t\t\t\t<div class=\"faq-item-answer-text\"><p>Sie k\u00f6nnen gerne beliebige Widget-Variationen erstellen. Es gibt zahlreiche Elementor-Formularlayouts im Editor, die alle schnell nach Ihren W\u00fcnschen angepasst werden k\u00f6nnen. Dar\u00fcber hinaus k\u00f6nnen Sie das Elementor-Popup per Knopfdruck \u00f6ffnen.<\/p><\/div>\r\n\t\t\t\t\t<\/div>\r\n\t\t\t\t<\/div><div class=\"faq-item\">\r\n\t\t\t\t\t<div class=\"faq-item-question\">\r\n\t\t\t\t\t\t<h3 class=\"faq-item-question-text\">Wie erstelle ich ein Elementor-Video-Popup?<\/h3>\r\n\r\n\t\t\t\t\t\t<div class=\"faq-item-question-icon\"><\/div>\r\n\t\t\t\t\t<\/div>\r\n\r\n\t\t\t\t\t<div class=\"faq-item-answer\">\r\n\t\t\t\t\t\t<div class=\"faq-item-answer-text\"><p>Sie k\u00f6nnen ganz einfach ein Video erstellen Popup mit Hilfe eines Elfsight-Widgets. So geht&#8217;s:<\/p><ol><li>Melden Sie sich bei Elfsight Apps an und finden Sie ein Popup-Widget in einer Liste.<\/li><li>W\u00e4hlen Sie Ihre Lieblingsvorlage aus.<\/li><li>F\u00fcgen Sie einen Videoblock hinzu einen Builder-Abschnitt.<\/li><li>Speichern Sie die \u00c4nderungen und kopieren Sie den Installationscode.<\/li><li>F\u00fcgen Sie diesen Code in die Fu\u00df- oder Kopfzeile der Website ein.<\/li><\/ol><p>Das ist Es! Jetzt haben Sie ein Video zu Elementor hinzugef\u00fcgt.<\/p><\/div>\r\n\t\t\t\t\t<\/div>\r\n\t\t\t\t<\/div><div class=\"faq-item\">\r\n\t\t\t\t\t<div class=\"faq-item-question\">\r\n\t\t\t\t\t\t<h3 class=\"faq-item-question-text\">Wie erstelle ich ein Elementor-Bild-Popup?<\/h3>\r\n\r\n\t\t\t\t\t\t<div class=\"faq-item-question-icon\"><\/div>\r\n\t\t\t\t\t<\/div>\r\n\r\n\t\t\t\t\t<div class=\"faq-item-answer\">\r\n\t\t\t\t\t\t<div class=\"faq-item-answer-text\"><p>Sie k\u00f6nnen ganz einfach ein Bild-Popup mit erstellen die Hilfe eines Elfsight-Widgets. So geht&#8217;s:<\/p><ol><li>Melden Sie sich bei Elfsight Apps an und suchen Sie ein Popup-Widget in einer Liste.<\/li><li>W\u00e4hlen Sie eine Vorlage.<\/li><li>F\u00fcgen Sie einen Bildblock hinzu Builder-Bereich.<\/li><li>Speichern Sie die \u00c4nderungen und kopieren Sie den Installationscode.<\/li><li>F\u00fcgen Sie den Code des Elementor-Bild-Popups in die Fu\u00dfzeile oder Kopfzeile der Website ein.<\/li><\/ol><p>Das ist es! Jetzt haben Sie dem Elementor-Add-on ein Bild hinzugef\u00fcgt.<\/p><\/div>\r\n\t\t\t\t\t<\/div>\r\n\t\t\t\t<\/div><\/div><div class=\"application-platform-content-item-features application-platform-content-item\" id=\"features\" data-nav-section=\"features\"> <h2>Hauptfunktionen des Popup-Plugins<\/h2> <p>\u00dcberpr\u00fcfen alle Funktionen des Elementor-Box-Widgets. Sie sind direkt im Editor verf\u00fcgbar und helfen Ihnen, das Widget f\u00fcr Ihren Fall richtig zu konfigurieren.<\/p> <ul><li>12 verf\u00fcgbare Komponenten zum Erstellen eines Popups<\/li> <li>5 gebrauchsfertig Popup-Layouts f\u00fcr verschiedene F\u00e4lle<\/li> <li>Platzieren Sie Schaltfl\u00e4chen, um Besucher zu einer beliebigen Adresse zu leiten<\/li> <li>Laden Sie ein Bild f\u00fcr den Hintergrund der Elementor-Box hoch<\/li> <li>Popup kann nach einer bestimmten Zeit erscheinen Zeit, die der Benutzer aufgewendet hat, oder Scroll-Prozentsatz einer Seite<\/li> <li>Popup-Ausl\u00f6ser: \u00d6ffnen Sie das Popup, wenn Sie auf die Schaltfl\u00e4che klicken oder nach unten scrollen<\/li> <\/ul> <p><a href=\"#demo\"> Probieren Sie alle anderen Funktionen in der Demo aus<\/a><\/p> <\/div><div class=\"application-platform-content-item-installation application-platform-content-item\" id=\"installation\" data-nav-section=\"installation\"><h2>Wie f\u00fcge ich einen Popup-Marker zu meiner Elementor-Website hinzu?<\/h2> <div class=\"video -container\"><\/div><p>Um das Widget einzubetten, befolgen Sie einfach die folgenden Richtlinien<\/p> <ol><li><b>Erstellen Sie Ihr individuelles Pop-up-Widget<\/b><br> Erstellen Sie mit unserem kostenlosen Konfigurator ein Plugin mit einem bevorzugtes Design und Funktionen. <\/li><li><b>Holen Sie sich den individuellen Code zum Einbetten des Widgets<\/b><br> Nachdem Sie Ihr Plugin erstellt haben, erhalten Sie den eindeutigen Code aus dem angezeigten Fenster auf Elfsight Apps. Kopieren Sie den Code zur weiteren Verwendung.<\/li> <li><b>Zeigen Sie das Widget auf Ihrer Elementor-Site an<\/b><br> Gehen Sie zu der Stelle, an der Sie das Plugin einbetten m\u00f6chten, und f\u00fcgen Sie dort den kopierten Code ein. Ver\u00f6ffentlichen Sie die Ergebnisse.<\/li> <li><b>Fertig! Das modale Elementor-Popup ist jetzt live!<\/b><br> Geben Sie den Namen der Website ein, um Ihr Popup anzuzeigen. Anschlie\u00dfend k\u00f6nnen Sie das Widget in Elfsight-Apps jederzeit bearbeiten: Die \u00c4nderungen werden automatisch auf einer Website angezeigt.<\/li> <\/ol><p>Sie k\u00f6nnen sich jederzeit an unseren Kundenservice wenden, wenn Sie Hilfe mit Ihrem Elementor-Popup ben\u00f6tigen bilden. Unsere Spezialisten helfen Ihnen bei allen Vorlagenfragen weiter. <\/p> <\/div>\n<iframe width=\"720\" height=\"405\" src=\"https:\/\/www.youtube.com\/embed\/1Ti0LkMwpNQ\" frameborder=\"0\" allowfullscreen=\"\"><\/iframe>","protected":false},"excerpt":{"rendered":"","protected":false},"author":9,"featured_media":0,"parent":557,"menu_order":0,"comment_status":"closed","ping_status":"closed","template":"templates\/template-application-platform.php","meta":{"publish_to_discourse":"","publish_post_category":"","wpdc_auto_publish_overridden":"","wpdc_topic_tags":"","wpdc_pin_topic":"","wpdc_pin_until":"","discourse_post_id":"","discourse_permalink":"","wpdc_publishing_response":"","wpdc_publishing_error":"","footnotes":""},"class_list":["post-17657","page","type-page","status-publish","hentry"],"yoast_head":"<!-- This site is optimized with the Yoast SEO plugin v25.3.1 - https:\/\/yoast.com\/wordpress\/plugins\/seo\/ -->\n<title>F\u00fcgen Sie einer Elementor-Website kostenlos ein Popup-Plugin hinzu<\/title>\n<meta name=\"description\" content=\"Erstellen Sie ein Popup auf Elementor ohne Codierung!\" \/>\n<meta name=\"robots\" content=\"index, follow, max-snippet:-1, max-image-preview:large, max-video-preview:-1\" \/>\n<link rel=\"canonical\" href=\"https:\/\/elfsight.com\/de\/popup-widget\/elementor\/\" \/>\n<meta property=\"og:locale\" content=\"de_DE\" \/>\n<meta property=\"og:type\" content=\"article\" \/>\n<meta property=\"og:title\" content=\"F\u00fcgen Sie einer Elementor-Website kostenlos ein Popup-Plugin hinzu\" \/>\n<meta property=\"og:description\" content=\"Erstellen Sie ein Popup auf Elementor ohne Codierung!\" \/>\n<meta property=\"og:url\" content=\"https:\/\/elfsight.com\/de\/popup-widget\/elementor\/\" \/>\n<meta property=\"og:site_name\" content=\"Elfsight DE\" \/>\n<meta property=\"article:modified_time\" content=\"2024-11-08T08:54:47+00:00\" \/>\n<meta name=\"twitter:card\" content=\"summary_large_image\" \/>\n<meta name=\"twitter:label1\" content=\"Gesch\u00e4tzte Lesezeit\" \/>\n\t<meta name=\"twitter:data1\" content=\"4\u00a0Minuten\" \/>\n<!-- \/ Yoast SEO plugin. -->","yoast_head_json":{"title":"F\u00fcgen Sie einer Elementor-Website kostenlos ein Popup-Plugin hinzu","description":"Erstellen Sie ein Popup auf Elementor ohne Codierung!","robots":{"index":"index","follow":"follow","max-snippet":"max-snippet:-1","max-image-preview":"max-image-preview:large","max-video-preview":"max-video-preview:-1"},"canonical":"https:\/\/elfsight.com\/de\/popup-widget\/elementor\/","og_locale":"de_DE","og_type":"article","og_title":"F\u00fcgen Sie einer Elementor-Website kostenlos ein Popup-Plugin hinzu","og_description":"Erstellen Sie ein Popup auf Elementor ohne Codierung!","og_url":"https:\/\/elfsight.com\/de\/popup-widget\/elementor\/","og_site_name":"Elfsight DE","article_modified_time":"2024-11-08T08:54:47+00:00","twitter_card":"summary_large_image","twitter_misc":{"Gesch\u00e4tzte Lesezeit":"4\u00a0Minuten"},"schema":{"@context":"https:\/\/schema.org","@graph":[{"@type":"WebPage","@id":"https:\/\/elfsight.com\/de\/popup-widget\/elementor\/","url":"https:\/\/elfsight.com\/de\/popup-widget\/elementor\/","name":"F\u00fcgen Sie einer Elementor-Website kostenlos ein Popup-Plugin hinzu","isPartOf":{"@id":"https:\/\/elfsight.com\/de\/#website"},"datePublished":"1970-01-01T00:00:00+00:00","dateModified":"2024-11-08T08:54:47+00:00","description":"Erstellen Sie ein Popup auf Elementor ohne Codierung!","breadcrumb":{"@id":"https:\/\/elfsight.com\/de\/popup-widget\/elementor\/#breadcrumb"},"inLanguage":"de","potentialAction":[{"@type":"ReadAction","target":["https:\/\/elfsight.com\/de\/popup-widget\/elementor\/"]}]},{"@type":"BreadcrumbList","@id":"https:\/\/elfsight.com\/de\/popup-widget\/elementor\/#breadcrumb","itemListElement":[{"@type":"ListItem","position":1,"name":"Home","item":"https:\/\/elfsight.com\/de\/"},{"@type":"ListItem","position":2,"name":"Popup","item":"https:\/\/elfsight.com\/de\/popup-widget\/"},{"@type":"ListItem","position":3,"name":"Popup &#8211; Elementor"}]},{"@type":"WebSite","@id":"https:\/\/elfsight.com\/de\/#website","url":"https:\/\/elfsight.com\/de\/","name":"Elfsight DE","description":"Just another Elfsight Sites site","potentialAction":[{"@type":"SearchAction","target":{"@type":"EntryPoint","urlTemplate":"https:\/\/elfsight.com\/de\/?s={search_term_string}"},"query-input":{"@type":"PropertyValueSpecification","valueRequired":true,"valueName":"search_term_string"}}],"inLanguage":"de"}]}},"meta_box":{"industry":"","seo_heading":"","heading":"","description":"","cta_heading":"","cta_description":"","application":"493","h1":"Elementor-Popup-Widget","h1_caption":"Zeigen Sie Popups an, um die Aufmerksamkeit der Besucher zu erregen, Angebote zu bewerben oder Leads zu sammeln, ohne das Website-Erlebnis auf Ihrer Elementor-Website zu unterbrechen.","application_category":[],"applications_title":"","applications_request_title":"","applications_request_button_text":"","hero_text":"","hero_video":"","hero_video_schema_markup":"","selling_points_title":"","selling_points_caption":"","selling_points":[],"selling_points_cta_text":"","features_title":"","features":"","ed_cta_examples_text":"","ed_cta_examples_hidden":"","ed_cta_demo_text":"","ed_cta_demo_hidden":"","why_caption":"","why_editor_title":"","why_editor_text":"","why_team_title":"","why_team_text":"","why_service_title":"","why_service_text":"","template_catalog_visible":"0","template_catalog_title":"","template_catalog_text":"","template_catalog_categories_visible":"","demo_title":"Erstellen Sie Ihr Popup-Widget","demo_caption":"Konfigurieren Sie Ihr Popup und f\u00fcgen Sie es kostenlos zu Ihrer Elementor-Website hinzu!","default_faq_hidden":"","app_template_category":[],"platform":"223","template_public_id":"","codecanyon_url":"","codecanyon_item_id":"","codecanyon_price":"","pricing_caption":"","pricing_elfsight_apps_hide_column":"","pricing_elfsight_apps_url":"","pricing_codecanyon_price_caption":"","integration_category":[],"integration_request_title":"","integration_request_cta":"","integration_platform":"","integrations":[],"platform_category":[],"video_schema_markup":"","price":"ab 0 $ \/ Monat","trial":"","benefits":[{"text":"Kostenloser Installationsservice"},{"text":"Erfahrener Kundensupport"},{"text":"14-t\u00e4gige R\u00fcckerstattungsgarantie"},{"text":"Fortlaufende Entwicklung"}],"button_url":"#demo","button_target_blank":"0","button_nofollow":"0","attributes":[{"name":"Installiert","content":"100,000 - 500,000"},{"name":"Reaktionsfreudig","content":"Ja"},{"name":"Kompatible Browser","content":"Firefox, Safari, Opera, Chrome, Edge"}],"tags":[],"tags_disable_links":"0","hide_more_platforms":"","video_object":"","demo_hide_cta":"0","demo_hide_cloud_options":"0","pricing_title":"","pricing":[{"pricing_icon":"platform","pricing_title":"Elfsight Apps","pricing_title_caption":"Plattform\u00fcbergreifende digitale L\u00f6sung","pricing_price":"ab 0 $ \/ Monat","pricing_price_caption":"Beginnen Sie mit einem kostenlosen Plan","pricing_benefits":[{"text":"Unbegrenzte Domains"},{"text":"Erstklassiger und p\u00fcnktlicher Support"},{"text":"Kostenlose Installationsunterst\u00fctzung"},{"text":"Sonderangebot f\u00fcr mehrere Apps"}],"pricing_button_text":"Zur Website hinzuf\u00fcgen","pricing_button_url":"#demo"}],"related_apps_title":"","related_apps_hidden":"0","author":"","image":[],"title":"","job":"","social_networks":[]},"_links":{"self":[{"href":"https:\/\/elfsight.com\/de\/wp-json\/wp\/v2\/pages\/17657","targetHints":{"allow":["GET"]}}],"collection":[{"href":"https:\/\/elfsight.com\/de\/wp-json\/wp\/v2\/pages"}],"about":[{"href":"https:\/\/elfsight.com\/de\/wp-json\/wp\/v2\/types\/page"}],"author":[{"embeddable":true,"href":"https:\/\/elfsight.com\/de\/wp-json\/wp\/v2\/users\/9"}],"replies":[{"embeddable":true,"href":"https:\/\/elfsight.com\/de\/wp-json\/wp\/v2\/comments?post=17657"}],"version-history":[{"count":3,"href":"https:\/\/elfsight.com\/de\/wp-json\/wp\/v2\/pages\/17657\/revisions"}],"predecessor-version":[{"id":22436,"href":"https:\/\/elfsight.com\/de\/wp-json\/wp\/v2\/pages\/17657\/revisions\/22436"}],"up":[{"embeddable":true,"href":"https:\/\/elfsight.com\/de\/wp-json\/wp\/v2\/pages\/557"}],"wp:attachment":[{"href":"https:\/\/elfsight.com\/de\/wp-json\/wp\/v2\/media?parent=17657"}],"curies":[{"name":"wp","href":"https:\/\/api.w.org\/{rel}","templated":true}]}}