{"id":17656,"date":"1970-01-01T00:00:00","date_gmt":"1970-01-01T00:00:00","guid":{"rendered":"https:\/\/elfsight.com\/de\/?page_id=17656"},"modified":"2024-11-08T08:54:39","modified_gmt":"2024-11-08T08:54:39","slug":"joomla","status":"publish","type":"page","link":"https:\/\/elfsight.com\/de\/popup-widget\/joomla\/","title":{"rendered":"Popup &#8211; Joomla"},"content":{"rendered":"<div class=\"application-platform-content-item-description application-platform-content-item\" id=\"description\" data-nav-section=\"description\"> <h2>Beschreibung<\/h2> <p>Mit der Elfsight-Popup-Erweiterung k\u00f6nnen Sie Ihre eigenen Popups jeglicher Art erstellen und auf Ihrem Ger\u00e4t anzeigen Webseite. Erstellen Sie ein authentisches Popup aus verschiedenen Arten integrierter Komponenten. Finden Sie das beste Aussehen und Arrangement; W\u00e4hlen Sie den aktivierenden Ausl\u00f6ser und bestimmen Sie den Zeitpunkt, um eine bessere Popup-Wirksamkeit zu erzielen. Pop-ups erm\u00f6glichen es Benutzern, ein Abonnement zu erstellen, sich \u00fcber Ihre Angebote zu informieren, ihre Gutscheine zu verwenden, Ihre Verk\u00e4ufe und Sonderangebote zu sehen, \u00fcber wichtige Ereignisse auf Ihrer Website auf dem Laufenden zu bleiben und vieles mehr.<\/p> <p><b>Pop-ups werden helfen Ihnen, besser zu verkaufen, Ihre geplanten Veranstaltungen zu bewerben, Meinungen und Abonnenten zu sammeln und vieles mehr. <\/b><\/p> <\/div><div class=\"faq\" data-component=\"FAQ\"><div class=\"faq-item\">\r\n\t\t\t\t\t<div class=\"faq-item-question\">\r\n\t\t\t\t\t\t<h3 class=\"faq-item-question-text\">Wie bette ich ein Popup in mein Joomla ein?<\/h3>\r\n\r\n\t\t\t\t\t\t<div class=\"faq-item-question-icon\"><\/div>\r\n\t\t\t\t\t<\/div>\r\n\r\n\t\t\t\t\t<div class=\"faq-item-answer\">\r\n\t\t\t\t\t\t<div class=\"faq-item-answer-text\"><p>Die Erstellung des Das Joomla-Popup-Kontaktformular ist in den Elfsight-Apps enthalten und Sie m\u00fcssen nicht programmieren. Nutzen Sie unsere aktive Demo, um Ihr pers\u00f6nliches Widget zu erstellen, den Code zu erhalten und ihn in Ihre Website zu integrieren. <\/p><\/div>\r\n\t\t\t\t\t<\/div>\r\n\t\t\t\t<\/div><div class=\"faq-item\">\r\n\t\t\t\t\t<div class=\"faq-item-question\">\r\n\t\t\t\t\t\t<h3 class=\"faq-item-question-text\">Die besten Anwendungsbeispiele f\u00fcr responsive Popup-Integration<\/h3>\r\n\r\n\t\t\t\t\t\t<div class=\"faq-item-question-icon\"><\/div>\r\n\t\t\t\t\t<\/div>\r\n\r\n\t\t\t\t\t<div class=\"faq-item-answer\">\r\n\t\t\t\t\t\t<div class=\"faq-item-answer-text\"><p>Wir bieten viele Anpassungsm\u00f6glichkeiten f\u00fcr ein Joomla-Kontaktformular: Widgets in voller Gr\u00f6\u00dfe f\u00fcr Einf\u00fcgen im Inhaltsbereich, schwebende Widgets mit Scrollm\u00f6glichkeiten, Layouts f\u00fcr die Fu\u00dfzeile, den Kopfbereich und alle m\u00f6glichen vertikalen M\u00f6glichkeiten f\u00fcr Seitenleisten und Men\u00fcs der Website.<\/p><\/div>\r\n\t\t\t\t\t<\/div>\r\n\t\t\t\t<\/div><div class=\"faq-item\">\r\n\t\t\t\t\t<div class=\"faq-item-question\">\r\n\t\t\t\t\t\t<h3 class=\"faq-item-question-text\">Kann Ich erstelle mit Hilfe Ihres Editors ein Black Friday- oder Exit-Intent-Popup?<\/h3>\r\n\r\n\t\t\t\t\t\t<div class=\"faq-item-question-icon\"><\/div>\r\n\t\t\t\t\t<\/div>\r\n\r\n\t\t\t\t\t<div class=\"faq-item-answer\">\r\n\t\t\t\t\t\t<div class=\"faq-item-answer-text\"> Es gibt unz\u00e4hlige Layouts f\u00fcr Kontaktformulare, und alle k\u00f6nnen bei Bedarf problemlos angepasst werden. Dar\u00fcber hinaus k\u00f6nnen Sie ein Video-Popup f\u00fcr Joomla erstellen, indem Sie einfach einen Link zum YouTube-Video in ein bestimmtes Feld einf\u00fcgen.<\/p><\/div>\r\n\t\t\t\t\t<\/div>\r\n\t\t\t\t<\/div><\/div><div class=\"application-platform-content-item-features application-platform-content-item\" id=\"features\" data-nav-section=\"features\"> <h2>Hauptfunktionen des Popup-Moduls<\/h2> <p>Sehen Sie sich alle Funktionen der Erweiterung an. Sie k\u00f6nnen sie direkt im Editor anpassen und sie helfen Ihnen dabei, das Modul genau nach Ihren Bed\u00fcrfnissen zu erstellen.<\/p> <ul><li>12 verschiedene Elemente zum Konfigurieren eines Popups<\/li> <li>F\u00fcnf enthaltene Popup-Layouts f\u00fcr verschiedene F\u00e4lle<\/li> <li>Schaltfl\u00e4chen einbetten, um Benutzer zu einer beliebigen Seite weiterzuleiten<\/li><li>M\u00f6glichkeit, ein Kontaktformular-Popup zu erstellen<\/li><li>Laden Sie ein Bild als Hintergrund und ein Video hoch Joomla-Popup<\/li> <li>Popup kann nach einer bestimmten Zeit auf der Seite oder nach einer bestimmten Scrollmenge auftreten<\/li> <li>Popup-Ausl\u00f6ser: Klicken Sie auf ein Element oder scrollen Sie nach unten zu ihm<\/li> <\/ul> <p><a href=\"#demo\">Sie k\u00f6nnen alle Funktionsmerkmale des Widgets direkt in der Demo ausprobieren<\/a><\/p> <\/div><div class=\"application-platform-content-item-installation application-platform-content-item\" id=\"installation\" data-nav-section=\"installation\"><\/div><h2>Wie kann ich hinzuf\u00fcgen Popup-Erweiterung f\u00fcr die Joomla-Website?<\/h2><div class=\"video-container\"><iframe width=\"720\" height=\"405\" src=\"https:\/\/www.youtube.com\/embed\/K8lRf1BJjqg\" frameborder=\"0\" allowfullscreen=\"\"><\/iframe><\/div><p>Befolgen Sie einfach die folgenden Schritte, um das Tool auf Joomla hinzuzuf\u00fcgen.<\/p> <ol><li><b>Nutzen Sie unser kostenloses Machen Sie eine Demo und beginnen Sie mit der Erstellung Ihres einzigartigen Plugins.<\/b><br> Finden Sie das ausgew\u00e4hlte Layout und die Aspekte des Tools und speichern Sie die \u00c4nderungen.<\/li> <li><b>Erhalten Sie Ihren individuellen Code, der im Feld auf Elfsight Apps angezeigt wird .<\/b><br> Nachdem die Einrichtung Ihrer Popup-Erweiterung abgeschlossen ist, kopieren Sie den pers\u00f6nlichen Code aus dem angezeigten Feld und speichern Sie ihn zur sp\u00e4teren Verwendung.<\/li> <li><b>Beginnen Sie mit der Verwendung des Tools auf Joomla Website.<\/b><br> Implementieren Sie den Code, den Sie zuvor in Ihrer Website gespeichert haben, und \u00fcbernehmen Sie die \u00c4nderungen.<\/li> <li><b>Sie sind fertig! Die Einbettung ist vollst\u00e4ndig abgeschlossen.<\/b><br> Gehen Sie zu Ihrer Joomla-Site, um zu sehen, wie die Erweiterung funktioniert.<\/li><\/ol><p>Z\u00f6gern Sie nicht, sich an den Support zu wenden, wenn Sie Hilfe ben\u00f6tigen Joomla-Installation. Wir helfen Ihnen gerne bei allen Anliegen weiter.<\/p>","protected":false},"excerpt":{"rendered":"Wie kann ich hinzuf\u00fcgen Popup-Erweiterung f\u00fcr die Joomla-Website?Befolgen Sie einfach die folgenden Schritte, um das Tool auf Joomla hinzuzuf\u00fcgen. Nutzen Sie unser kostenloses Machen Sie eine Demo und beginnen Sie mit der Erstellung Ihres einzigartigen Plugins. Finden Sie das ausgew\u00e4hlte Layout und die Aspekte des Tools und speichern Sie die&#8230;","protected":false},"author":9,"featured_media":0,"parent":557,"menu_order":0,"comment_status":"closed","ping_status":"closed","template":"templates\/template-application-platform.php","meta":{"publish_to_discourse":"","publish_post_category":"","wpdc_auto_publish_overridden":"","wpdc_topic_tags":"","wpdc_pin_topic":"","wpdc_pin_until":"","discourse_post_id":"","discourse_permalink":"","wpdc_publishing_response":"","wpdc_publishing_error":"","footnotes":""},"class_list":["post-17656","page","type-page","status-publish","hentry"],"yoast_head":"<!-- This site is optimized with the Yoast SEO plugin v25.3.1 - https:\/\/yoast.com\/wordpress\/plugins\/seo\/ -->\n<title>F\u00fcgen Sie einer Joomla-Website kostenlos ein Popup-Modul hinzu<\/title>\n<meta name=\"description\" content=\"Erstellen Sie ein Popup auf Joomla ohne Codierung!\" \/>\n<meta name=\"robots\" content=\"index, follow, max-snippet:-1, max-image-preview:large, max-video-preview:-1\" \/>\n<link rel=\"canonical\" href=\"https:\/\/elfsight.com\/de\/popup-widget\/joomla\/\" \/>\n<meta property=\"og:locale\" content=\"de_DE\" \/>\n<meta property=\"og:type\" content=\"article\" \/>\n<meta property=\"og:title\" content=\"F\u00fcgen Sie einer Joomla-Website kostenlos ein Popup-Modul hinzu\" \/>\n<meta property=\"og:description\" content=\"Erstellen Sie ein Popup auf Joomla ohne Codierung!\" \/>\n<meta property=\"og:url\" content=\"https:\/\/elfsight.com\/de\/popup-widget\/joomla\/\" \/>\n<meta property=\"og:site_name\" content=\"Elfsight DE\" \/>\n<meta property=\"article:modified_time\" content=\"2024-11-08T08:54:39+00:00\" \/>\n<meta name=\"twitter:card\" content=\"summary_large_image\" \/>\n<meta name=\"twitter:label1\" content=\"Gesch\u00e4tzte Lesezeit\" \/>\n\t<meta name=\"twitter:data1\" content=\"3\u00a0Minuten\" \/>\n<!-- \/ Yoast SEO plugin. -->","yoast_head_json":{"title":"F\u00fcgen Sie einer Joomla-Website kostenlos ein Popup-Modul hinzu","description":"Erstellen Sie ein Popup auf Joomla ohne Codierung!","robots":{"index":"index","follow":"follow","max-snippet":"max-snippet:-1","max-image-preview":"max-image-preview:large","max-video-preview":"max-video-preview:-1"},"canonical":"https:\/\/elfsight.com\/de\/popup-widget\/joomla\/","og_locale":"de_DE","og_type":"article","og_title":"F\u00fcgen Sie einer Joomla-Website kostenlos ein Popup-Modul hinzu","og_description":"Erstellen Sie ein Popup auf Joomla ohne Codierung!","og_url":"https:\/\/elfsight.com\/de\/popup-widget\/joomla\/","og_site_name":"Elfsight DE","article_modified_time":"2024-11-08T08:54:39+00:00","twitter_card":"summary_large_image","twitter_misc":{"Gesch\u00e4tzte Lesezeit":"3\u00a0Minuten"},"schema":{"@context":"https:\/\/schema.org","@graph":[{"@type":"WebPage","@id":"https:\/\/elfsight.com\/de\/popup-widget\/joomla\/","url":"https:\/\/elfsight.com\/de\/popup-widget\/joomla\/","name":"F\u00fcgen Sie einer Joomla-Website kostenlos ein Popup-Modul hinzu","isPartOf":{"@id":"https:\/\/elfsight.com\/de\/#website"},"datePublished":"1970-01-01T00:00:00+00:00","dateModified":"2024-11-08T08:54:39+00:00","description":"Erstellen Sie ein Popup auf Joomla ohne Codierung!","breadcrumb":{"@id":"https:\/\/elfsight.com\/de\/popup-widget\/joomla\/#breadcrumb"},"inLanguage":"de","potentialAction":[{"@type":"ReadAction","target":["https:\/\/elfsight.com\/de\/popup-widget\/joomla\/"]}]},{"@type":"BreadcrumbList","@id":"https:\/\/elfsight.com\/de\/popup-widget\/joomla\/#breadcrumb","itemListElement":[{"@type":"ListItem","position":1,"name":"Home","item":"https:\/\/elfsight.com\/de\/"},{"@type":"ListItem","position":2,"name":"Popup","item":"https:\/\/elfsight.com\/de\/popup-widget\/"},{"@type":"ListItem","position":3,"name":"Popup &#8211; Joomla"}]},{"@type":"WebSite","@id":"https:\/\/elfsight.com\/de\/#website","url":"https:\/\/elfsight.com\/de\/","name":"Elfsight DE","description":"Just another Elfsight Sites site","potentialAction":[{"@type":"SearchAction","target":{"@type":"EntryPoint","urlTemplate":"https:\/\/elfsight.com\/de\/?s={search_term_string}"},"query-input":{"@type":"PropertyValueSpecification","valueRequired":true,"valueName":"search_term_string"}}],"inLanguage":"de"}]}},"meta_box":{"industry":"","seo_heading":"","heading":"","description":"","cta_heading":"","cta_description":"","application":"493","h1":"Joomla-Popup-Modul","h1_caption":"Zeigen Sie m\u00fchelos Popups an, um die Aufmerksamkeit der Besucher zu erregen, Angebote zu bewerben oder Leads zu sammeln, ohne das Website-Erlebnis auf Ihrer Joomla-Website zu unterbrechen.","application_category":[],"applications_title":"","applications_request_title":"","applications_request_button_text":"","hero_text":"","hero_video":"","hero_video_schema_markup":"","selling_points_title":"","selling_points_caption":"","selling_points":[],"selling_points_cta_text":"","features_title":"","features":"","ed_cta_examples_text":"","ed_cta_examples_hidden":"","ed_cta_demo_text":"","ed_cta_demo_hidden":"","why_caption":"","why_editor_title":"","why_editor_text":"","why_team_title":"","why_team_text":"","why_service_title":"","why_service_text":"","template_catalog_visible":"0","template_catalog_title":"","template_catalog_text":"","template_catalog_categories_visible":"","demo_title":"Erstellen Sie Ihr Popup-Plugin","demo_caption":"Konfigurieren Sie Ihr Popup und f\u00fcgen Sie es kostenlos zu Ihrer Joomla-Website hinzu!","default_faq_hidden":"","app_template_category":[],"platform":"259","template_public_id":"","codecanyon_url":"","codecanyon_item_id":"","codecanyon_price":"","pricing_caption":"","pricing_elfsight_apps_hide_column":"","pricing_elfsight_apps_url":"","pricing_codecanyon_price_caption":"","integration_category":[],"integration_request_title":"","integration_request_cta":"","integration_platform":"","integrations":[],"platform_category":[],"video_schema_markup":"","price":"ab 0 $ \/ Monat","trial":"","benefits":[{"text":"Kostenlose Installationsunterst\u00fctzung"},{"text":"Au\u00dfergew\u00f6hnlicher Support"},{"text":"14-t\u00e4gige R\u00fcckerstattungsgarantie"},{"text":"St\u00e4ndige Aktualisierung"}],"button_url":"#demo","button_target_blank":"0","button_nofollow":"0","attributes":[{"name":"Installiert","content":"100,000 - 500,000"},{"name":"Reaktionsfreudig","content":"Ja"},{"name":"Kompatible Browser","content":"Firefox, Safari, Opera, Chrome, Edge"}],"tags":[],"tags_disable_links":"0","hide_more_platforms":"","video_object":"","demo_hide_cta":"0","demo_hide_cloud_options":"0","pricing_title":"","pricing":[{"pricing_icon":"platform","pricing_title":"Elfsight Apps","pricing_title_caption":"Plattform\u00fcbergreifende Version, die f\u00fcr jede Website geeignet ist","pricing_price":"ab 0 $ \/ Monat","pricing_price_caption":"Beginnen Sie mit einem kostenlosen Plan","pricing_benefits":[{"text":"Unbegrenzte Websites"},{"text":"Kundensupport rund um die Uhr"},{"text":"Kostenlose Installationsunterst\u00fctzung"},{"text":"Sonderangebot f\u00fcr mehrere Apps"}],"pricing_button_text":"Zur Website hinzuf\u00fcgen","pricing_button_url":"#demo"}],"related_apps_title":"","related_apps_hidden":"0","author":"","image":[],"title":"","job":"","social_networks":[]},"_links":{"self":[{"href":"https:\/\/elfsight.com\/de\/wp-json\/wp\/v2\/pages\/17656","targetHints":{"allow":["GET"]}}],"collection":[{"href":"https:\/\/elfsight.com\/de\/wp-json\/wp\/v2\/pages"}],"about":[{"href":"https:\/\/elfsight.com\/de\/wp-json\/wp\/v2\/types\/page"}],"author":[{"embeddable":true,"href":"https:\/\/elfsight.com\/de\/wp-json\/wp\/v2\/users\/9"}],"replies":[{"embeddable":true,"href":"https:\/\/elfsight.com\/de\/wp-json\/wp\/v2\/comments?post=17656"}],"version-history":[{"count":4,"href":"https:\/\/elfsight.com\/de\/wp-json\/wp\/v2\/pages\/17656\/revisions"}],"predecessor-version":[{"id":22438,"href":"https:\/\/elfsight.com\/de\/wp-json\/wp\/v2\/pages\/17656\/revisions\/22438"}],"up":[{"embeddable":true,"href":"https:\/\/elfsight.com\/de\/wp-json\/wp\/v2\/pages\/557"}],"wp:attachment":[{"href":"https:\/\/elfsight.com\/de\/wp-json\/wp\/v2\/media?parent=17656"}],"curies":[{"name":"wp","href":"https:\/\/api.w.org\/{rel}","templated":true}]}}