{"id":17655,"date":"1970-01-01T00:00:00","date_gmt":"1970-01-01T00:00:00","guid":{"rendered":"https:\/\/elfsight.com\/de\/?page_id=17655"},"modified":"2025-01-13T01:39:40","modified_gmt":"2025-01-13T01:39:40","slug":"jquery","status":"publish","type":"page","link":"https:\/\/elfsight.com\/de\/popup-widget\/jquery\/","title":{"rendered":"Popup &#8211; jQuery"},"content":{"rendered":"\n<div class=\"application-platform-content-item-description application-platform-content-item\" id=\"description\" data-nav-section=\"description\">\n\n<h2>Beschreibung<\/h2>\n\n<p>Mit dem Elfsight jQuery Popup-Plugin k\u00f6nnen Benutzer personalisierte Benachrichtigungen aller Art erstellen und auf einer Webseite hinzuf\u00fcgen. <br>\n<br>\nErstellen Sie ein gro\u00dfartiges jQuery Popup kostenlos, indem Sie eine der vorgefertigten Vorlagen ausw\u00e4hlen. Passen Sie den Stil und das Layout an, w\u00e4hlen Sie Ausl\u00f6setriggers und stellen Sie das Timing ein, um eine h\u00f6here Effizienz zu erzielen.<br>\n<br>\nPopups verschiedener Art erm\u00f6glichen es Kunden, sich f\u00fcr einen Newsletter anzumelden, Ihre neuesten Produkte und Dienstleistungen zu entdecken, Gutscheine einzul\u00f6sen, von Sonderangeboten und exklusiven Angeboten zu erfahren, \u00fcber wichtige Ereignisse informiert zu bleiben und vieles mehr.<\/p>\n<p><b>Unser jQuery Popup-Plugin-Builder hilft Ihnen dabei, den Umsatz zu steigern, bevorstehende Updates zu bewerben, Einblicke zu sammeln und vieles mehr.<\/b><\/p>\n<\/div>\n\n<div class=\"application-platform-content-item-features application-platform-content-item\" id=\"features\" data-nav-section=\"features\">\n\n<h2>Hauptfunktionen des Popup-Plugins<\/h2>\n\n<p>Mit dem Popup-Builder f\u00fcr jQuery haben Sie Zugriff auf eine Vielzahl konfigurierbarer Elemente, die an die Ziele Ihrer Webseite angepasst werden k\u00f6nnen. Nachfolgend finden Sie die Hauptfunktionen, die es Ihnen erm\u00f6glichen, das perfekte Erlebnis f\u00fcr Ihre Webseitenbesucher zu gestalten.<\/p>\n<ul>\n<li>14 Inhaltsbl\u00f6cke zum Erstellen eines Popups<\/li>\n<li>7 enthaltene Popup-Layouts f\u00fcr unterschiedliche F\u00e4lle<\/li>\n<li>Schaltfl\u00e4chen hinzuf\u00fcgen, um Besucher zu jeder beliebigen Adresse aus dem Popup-Fenster weiterzuleiten<\/li>\n<li>Option zum Hochladen eines Bildes f\u00fcr den Hintergrund des Plugins<\/li>\n<li>Popup kann nach einer bestimmten Zeit auf der Webseite oder einem bestimmten Scroll-Prozentsatz angezeigt werden<\/li>\n<li>Popup-Ausl\u00f6ser: Klicken auf ein bestimmtes Element oder Scrollen bis zu diesem Element<\/li>\n<\/ul>\n\n<p><a href=\"#demo\">Erforschen Sie, wie der jQuery Popup-Builder mit der kostenlosen Demo funktioniert<\/a><\/p>\n\n<\/div>\n\n<div class=\"application-platform-content-item-installation application-platform-content-item\" id=\"installation\" data-nav-section=\"installation\">\n\n<h2>Wie f\u00fcge ich das Popup-Plugin zu einer jQuery-Webseite hinzu?<\/h2>\n\n<p>Folgen Sie den unten beschriebenen Schritten, um das Plugin zu jQuery hinzuzuf\u00fcgen:<\/p>\n<ol>\n<li><b>Popup-Vorlage ausw\u00e4hlen<\/b><br>\nStarten Sie unseren kostenlosen Popup-Builder und w\u00e4hlen Sie eine der einsatzbereiten Designs aus oder erstellen Sie Ihr Plugin von Grund auf neu.<\/li>\n<li><b>Popup anpassen<\/b><br>\nPassen Sie Ihr jQuery-Plugin an, indem Sie Bl\u00f6cke wie Bilder, Textinhalte, \u00dcberschriften und Schaltfl\u00e4chen hinzuf\u00fcgen oder entfernen. \u00c4ndern Sie den Stil, die Farben, die Schriftart und das Layout, um das Design Ihrer Webseite zu integrieren.<\/li>\n<li><b>Plugin in jQuery einbetten<\/b><br>\nNachdem Sie Ihr jQuery Popup-Plugin konfiguriert haben, kopieren Sie den generierten HTML-Code. F\u00fcgen Sie den Code in das CMS Ihrer Seite ein und wenden Sie die \u00c4nderungen an.<\/li>\n<\/ol>\n<p>F\u00fcr detailliertere Anweisungen lesen Sie unseren umfassenden Artikel \u00fcber <a href=\"https:\/\/elfsight.com\/blog\/how-to-add-popup-to-jquery-for-free-jquery-popup-plugin-widget\/\" target=\"_blank\" rel=\"noopener\">wie man ein jQuery Popup hinzuf\u00fcgt<\/a> zu Ihrer Webseite.<\/p>\n\n<p>Bitte wenden Sie sich an unseren Support, wenn Sie Hilfe bei der Installation ben\u00f6tigen. Wir helfen Ihnen gerne bei allen Fragen weiter.<\/p>\n\n<\/div>\n\n<h2>FAQ<\/h2>\n\n<div class=\"faq\" data-component=\"FAQ\">\n<div class=\"faq-item\">\r\n\t\t\t\t\t<div class=\"faq-item-question\">\r\n\t\t\t\t\t\t<h3 class=\"faq-item-question-text\">Wie kann ich ein Popup zu meiner jQuery-Webseite hinzuf\u00fcgen?<\/h3>\r\n\r\n\t\t\t\t\t\t<div class=\"faq-item-question-icon\"><\/div>\r\n\t\t\t\t\t<\/div>\r\n\r\n\t\t\t\t\t<div class=\"faq-item-answer\">\r\n\t\t\t\t\t\t<div class=\"faq-item-answer-text\">\n<p>Um ein Popup zu Ihrer jQuery-Seite hinzuzuf\u00fcgen, verwenden Sie den Elfsight-Editor, um Ihr Plugin zu gestalten. Es sind keine Programmierkenntnisse erforderlich, da der Popup-Designer eine benutzerfreundliche Oberfl\u00e4che hat, sodass jeder die Benachrichtigung erstellen und anpassen kann. Kopieren Sie einfach das generierte HTML-Embed-Skript und f\u00fcgen Sie es in Ihr jQuery-CMS ein.<\/p>\n<\/div>\r\n\t\t\t\t\t<\/div>\r\n\t\t\t\t<\/div>\n\n<div class=\"faq-item\">\r\n\t\t\t\t\t<div class=\"faq-item-question\">\r\n\t\t\t\t\t\t<h3 class=\"faq-item-question-text\">Ist der Popup-Builder kostenlos?<\/h3>\r\n\r\n\t\t\t\t\t\t<div class=\"faq-item-question-icon\"><\/div>\r\n\t\t\t\t\t<\/div>\r\n\r\n\t\t\t\t\t<div class=\"faq-item-answer\">\r\n\t\t\t\t\t\t<div class=\"faq-item-answer-text\">\n<p>Ja, der Popup-Builder f\u00fcr jQuery ist kostenlos verf\u00fcgbar, sodass auch Kunden mit begrenzten Ressourcen von diesem n\u00fctzlichen Tool profitieren k\u00f6nnen. Es gibt auch kostenpflichtige Tarife, die erweiterte Funktionen bieten.<\/p>\n<\/div>\r\n\t\t\t\t\t<\/div>\r\n\t\t\t\t<\/div>\n\n<div class=\"faq-item\">\r\n\t\t\t\t\t<div class=\"faq-item-question\">\r\n\t\t\t\t\t\t<h3 class=\"faq-item-question-text\">Wo ist der beste Platz, um das Banner-Popup auf meiner Webseite hinzuzuf\u00fcgen?<\/h3>\r\n\r\n\t\t\t\t\t\t<div class=\"faq-item-question-icon\"><\/div>\r\n\t\t\t\t\t<\/div>\r\n\r\n\t\t\t\t\t<div class=\"faq-item-answer\">\r\n\t\t\t\t\t\t<div class=\"faq-item-answer-text\">\n<p>Mit unserem Popup-Tool k\u00f6nnen Sie erstellen:\n<ul>\n <li>Ein Popup im Vollbildmodus, um sofort die Aufmerksamkeit Ihrer Besucher zu erlangen;<\/li>\n <li>Ein schwebendes Popup, um Nutzer w\u00e4hrend des Surfens auf Ihrer Seite zu engagieren;<\/li>\n<li>Ein Footer-, Header- und Sidebar-Plugin, um Ihre Nachricht sichtbar zu halten, ohne den Navigationsfluss zu unterbrechen.<\/li>\n<\/ul>\n<p>Diese vielseitigen Platzierungen erm\u00f6glichen eine effektive Positionierung, sodass Ihre Banner-Popups die Aufmerksamkeit auf sich ziehen und das Engagement steigern.<\/p>\n<\/div>\r\n\t\t\t\t\t<\/div>\r\n\t\t\t\t<\/div>\n\n<div class=\"faq-item\">\r\n\t\t\t\t\t<div class=\"faq-item-question\">\r\n\t\t\t\t\t\t<h3 class=\"faq-item-question-text\">Welche Arten von jQuery Popup-Plugins kann ich mit Elfsight erstellen?<\/h3>\r\n\r\n\t\t\t\t\t\t<div class=\"faq-item-question-icon\"><\/div>\r\n\t\t\t\t\t<\/div>\r\n\r\n\t\t\t\t\t<div class=\"faq-item-answer\">\r\n\t\t\t\t\t\t<div class=\"faq-item-answer-text\">\n<p>Sie k\u00f6nnen eine Vielzahl von Popups erstellen, die f\u00fcr spezifische Zwecke zugeschnitten sind.<\/p>\n<p>Zum Beispiel k\u00f6nnen Sie ein Newsletter-Anmelde-Popup erstellen, um Nutzer dazu zu ermutigen, Ihrer Mailingliste beizutreten, ein Promotion-Popup, um durch VIP-Angebote Konversionen zu steigern, oder ein Rabatt-Popup, um zeitlich begrenzte Angebote hervorzuheben und Besucher zu K\u00e4ufen zu motivieren.<\/p>\n<p>Insgesamt stehen \u00fcber <a href=\"https:\/\/elfsight.com\/popup-widget\/templates\/\" target=\"_blank\" rel=\"noopener\">100+ Popup-Vorlagen<\/a> zur Verf\u00fcgung, sodass Sie einfach das perfekte Design f\u00fcr Ihre Ziele finden k\u00f6nnen.<\/p>\n\n<\/div>\r\n\t\t\t\t\t<\/div>\r\n\t\t\t\t<\/div>\n\n<div class=\"faq-item\">\r\n\t\t\t\t\t<div class=\"faq-item-question\">\r\n\t\t\t\t\t\t<h3 class=\"faq-item-question-text\">Welche Ausl\u00f6ser gibt es f\u00fcr das \u00d6ffnen eines Popups?<\/h3>\r\n\r\n\t\t\t\t\t\t<div class=\"faq-item-question-icon\"><\/div>\r\n\t\t\t\t\t<\/div>\r\n\r\n\t\t\t\t\t<div class=\"faq-item-answer\">\r\n\t\t\t\t\t\t<div class=\"faq-item-answer-text\">\n<p>Mit dem Popup-Plugin von Elfsight haben Sie mehrere Ausl\u00f6ser zur Verf\u00fcgung, um zu steuern, wann Ihre Benachrichtigung angezeigt wird. Sie k\u00f6nnen es so einstellen, dass es beim Einstieg auf der Seite, nach einer bestimmten Zeit auf der Seite oder wenn ein Nutzer einen bestimmten Prozentsatz der Seite heruntergescrollt hat, erscheint.<\/p>\n<p>Zus\u00e4tzlich k\u00f6nnen Popups durch einen Klick aktiviert werden, wenn der Besucher die Seite verlassen m\u00f6chte, oder durch das Platzieren eines CTA-Buttons, um das Popup manuell zu aktivieren. Diese flexiblen Ausl\u00f6ser helfen Ihnen, die Zeitplanung des Plugins anzupassen und das Engagement zu steigern.<\/p>\n\n<\/div>\r\n\t\t\t\t\t<\/div>\r\n\t\t\t\t<\/div>\n<\/div>\n","protected":false},"excerpt":{"rendered":"FAQ","protected":false},"author":9,"featured_media":0,"parent":557,"menu_order":0,"comment_status":"closed","ping_status":"closed","template":"templates\/template-application-platform.php","meta":{"publish_to_discourse":"","publish_post_category":"","wpdc_auto_publish_overridden":"","wpdc_topic_tags":"","wpdc_pin_topic":"","wpdc_pin_until":"","discourse_post_id":"","discourse_permalink":"","wpdc_publishing_response":"","wpdc_publishing_error":"","footnotes":""},"class_list":["post-17655","page","type-page","status-publish","hentry"],"yoast_head":"<!-- This site is optimized with the Yoast SEO plugin v25.3.1 - https:\/\/yoast.com\/wordpress\/plugins\/seo\/ -->\n<title>F\u00fcgen Sie einer jQuery-Website ein Popup-Widget hinzu<\/title>\n<meta name=\"description\" content=\"Erstellen Sie ein Popup auf jQuery ohne Codierung!\" \/>\n<meta name=\"robots\" content=\"index, follow, max-snippet:-1, max-image-preview:large, max-video-preview:-1\" \/>\n<link rel=\"canonical\" href=\"https:\/\/elfsight.com\/de\/popup-widget\/jquery\/\" \/>\n<meta property=\"og:locale\" content=\"de_DE\" \/>\n<meta property=\"og:type\" content=\"article\" \/>\n<meta property=\"og:title\" content=\"F\u00fcgen Sie einer jQuery-Website ein Popup-Widget hinzu\" \/>\n<meta property=\"og:description\" content=\"Erstellen Sie ein Popup auf jQuery ohne Codierung!\" \/>\n<meta property=\"og:url\" content=\"https:\/\/elfsight.com\/de\/popup-widget\/jquery\/\" \/>\n<meta property=\"og:site_name\" content=\"Elfsight DE\" \/>\n<meta property=\"article:modified_time\" content=\"2025-01-13T01:39:40+00:00\" \/>\n<meta name=\"twitter:card\" content=\"summary_large_image\" \/>\n<meta name=\"twitter:label1\" content=\"Gesch\u00e4tzte Lesezeit\" \/>\n\t<meta name=\"twitter:data1\" content=\"5\u00a0Minuten\" \/>\n<!-- \/ Yoast SEO plugin. -->","yoast_head_json":{"title":"F\u00fcgen Sie einer jQuery-Website ein Popup-Widget hinzu","description":"Erstellen Sie ein Popup auf jQuery ohne Codierung!","robots":{"index":"index","follow":"follow","max-snippet":"max-snippet:-1","max-image-preview":"max-image-preview:large","max-video-preview":"max-video-preview:-1"},"canonical":"https:\/\/elfsight.com\/de\/popup-widget\/jquery\/","og_locale":"de_DE","og_type":"article","og_title":"F\u00fcgen Sie einer jQuery-Website ein Popup-Widget hinzu","og_description":"Erstellen Sie ein Popup auf jQuery ohne Codierung!","og_url":"https:\/\/elfsight.com\/de\/popup-widget\/jquery\/","og_site_name":"Elfsight DE","article_modified_time":"2025-01-13T01:39:40+00:00","twitter_card":"summary_large_image","twitter_misc":{"Gesch\u00e4tzte Lesezeit":"5\u00a0Minuten"},"schema":{"@context":"https:\/\/schema.org","@graph":[{"@type":"WebPage","@id":"https:\/\/elfsight.com\/de\/popup-widget\/jquery\/","url":"https:\/\/elfsight.com\/de\/popup-widget\/jquery\/","name":"F\u00fcgen Sie einer jQuery-Website ein Popup-Widget hinzu","isPartOf":{"@id":"https:\/\/elfsight.com\/de\/#website"},"datePublished":"1970-01-01T00:00:00+00:00","dateModified":"2025-01-13T01:39:40+00:00","description":"Erstellen Sie ein Popup auf jQuery ohne Codierung!","breadcrumb":{"@id":"https:\/\/elfsight.com\/de\/popup-widget\/jquery\/#breadcrumb"},"inLanguage":"de","potentialAction":[{"@type":"ReadAction","target":["https:\/\/elfsight.com\/de\/popup-widget\/jquery\/"]}]},{"@type":"BreadcrumbList","@id":"https:\/\/elfsight.com\/de\/popup-widget\/jquery\/#breadcrumb","itemListElement":[{"@type":"ListItem","position":1,"name":"Home","item":"https:\/\/elfsight.com\/de\/"},{"@type":"ListItem","position":2,"name":"Popup","item":"https:\/\/elfsight.com\/de\/popup-widget\/"},{"@type":"ListItem","position":3,"name":"Popup &#8211; jQuery"}]},{"@type":"WebSite","@id":"https:\/\/elfsight.com\/de\/#website","url":"https:\/\/elfsight.com\/de\/","name":"Elfsight DE","description":"Just another Elfsight Sites site","potentialAction":[{"@type":"SearchAction","target":{"@type":"EntryPoint","urlTemplate":"https:\/\/elfsight.com\/de\/?s={search_term_string}"},"query-input":{"@type":"PropertyValueSpecification","valueRequired":true,"valueName":"search_term_string"}}],"inLanguage":"de"}]}},"meta_box":{"industry":"","seo_heading":"","heading":"","description":"","cta_heading":"","cta_description":"","application":"493","h1":"jQuery-Popup-Plugin","h1_caption":"Zeigen Sie Popups an, um die Aufmerksamkeit der Besucher zu erregen, Angebote zu bewerben oder Leads zu sammeln, ohne das Website-Erlebnis auf Ihrer jQuery-Website zu unterbrechen.","application_category":[],"applications_title":"","applications_request_title":"","applications_request_button_text":"","hero_text":"","hero_video":"","hero_video_schema_markup":"","selling_points_title":"","selling_points_caption":"","selling_points":[],"selling_points_cta_text":"","features_title":"","features":"","ed_cta_examples_text":"","ed_cta_examples_hidden":"","ed_cta_demo_text":"","ed_cta_demo_hidden":"","why_caption":"","why_editor_title":"","why_editor_text":"","why_team_title":"","why_team_text":"","why_service_title":"","why_service_text":"","template_catalog_visible":"0","template_catalog_title":"","template_catalog_text":"","template_catalog_categories_visible":"","demo_title":"Erstellen Sie Ihr Popup-Plugin","demo_caption":"Konfigurieren Sie Ihr Popup und f\u00fcgen Sie es kostenlos zu Ihrer jQuery-Website hinzu!","default_faq_hidden":"","app_template_category":[],"platform":"258","template_public_id":"","codecanyon_url":"","codecanyon_item_id":"","codecanyon_price":"","pricing_caption":"","pricing_elfsight_apps_hide_column":"","pricing_elfsight_apps_url":"","pricing_codecanyon_price_caption":"","integration_category":[],"integration_request_title":"","integration_request_cta":"","integration_platform":"","integrations":[],"platform_category":[],"video_schema_markup":"","price":"ab 0 $ \/ Monat","trial":"","benefits":[{"text":"Kostenlose Installationshilfe"},{"text":"Au\u00dfergew\u00f6hnlicher Support"},{"text":"14-t\u00e4gige Geld-zur\u00fcck-Garantie"},{"text":"Laufende Updates"}],"button_url":"#demo","button_target_blank":"0","button_nofollow":"0","attributes":[{"name":"Installiert","content":"100,000 - 500,000"},{"name":"Reaktionsfreudig","content":"Ja"},{"name":"Kompatible Browser","content":"Firefox, Safari, Opera, Chrome, Edge"}],"tags":[],"tags_disable_links":"0","hide_more_platforms":"","video_object":"","demo_hide_cta":"0","demo_hide_cloud_options":"0","pricing_title":"","pricing":[{"pricing_icon":"platform","pricing_title":"Elfsight Apps","pricing_title_caption":"Plattformunabh\u00e4ngige Version, die f\u00fcr jede Site geeignet ist","pricing_price":"ab 0 $ \/ Monat","pricing_price_caption":"Beginnen Sie mit einem kostenlosen Plan","pricing_benefits":[{"text":"Unbegrenzte Websites"},{"text":"Engagierte Unternehmensunterst\u00fctzung und gut dokumentiert"},{"text":"Kostenlose Installationsunterst\u00fctzung"},{"text":"100 % anpassbar"}],"pricing_button_text":"Zur Website hinzuf\u00fcgen","pricing_button_url":"#demo"}],"related_apps_title":"","related_apps_hidden":"0","author":"","image":[],"title":"","job":"","social_networks":[]},"_links":{"self":[{"href":"https:\/\/elfsight.com\/de\/wp-json\/wp\/v2\/pages\/17655","targetHints":{"allow":["GET"]}}],"collection":[{"href":"https:\/\/elfsight.com\/de\/wp-json\/wp\/v2\/pages"}],"about":[{"href":"https:\/\/elfsight.com\/de\/wp-json\/wp\/v2\/types\/page"}],"author":[{"embeddable":true,"href":"https:\/\/elfsight.com\/de\/wp-json\/wp\/v2\/users\/9"}],"replies":[{"embeddable":true,"href":"https:\/\/elfsight.com\/de\/wp-json\/wp\/v2\/comments?post=17655"}],"version-history":[{"count":3,"href":"https:\/\/elfsight.com\/de\/wp-json\/wp\/v2\/pages\/17655\/revisions"}],"predecessor-version":[{"id":23471,"href":"https:\/\/elfsight.com\/de\/wp-json\/wp\/v2\/pages\/17655\/revisions\/23471"}],"up":[{"embeddable":true,"href":"https:\/\/elfsight.com\/de\/wp-json\/wp\/v2\/pages\/557"}],"wp:attachment":[{"href":"https:\/\/elfsight.com\/de\/wp-json\/wp\/v2\/media?parent=17655"}],"curies":[{"name":"wp","href":"https:\/\/api.w.org\/{rel}","templated":true}]}}