{"id":17650,"date":"1970-01-01T00:00:00","date_gmt":"1970-01-01T00:00:00","guid":{"rendered":"https:\/\/elfsight.com\/de\/?page_id=17650"},"modified":"2025-07-09T14:15:22","modified_gmt":"2025-07-09T14:15:22","slug":"magento","status":"publish","type":"page","link":"https:\/\/elfsight.com\/de\/popup-widget\/magento\/","title":{"rendered":"Popup &#8211; Magento"},"content":{"rendered":"<div class=\"application-platform-content-item-description application-platform-content-item\" id=\"description\" data-nav-section=\"description\"> <h2>Beschreibung<\/h2> <p>Mit der Elfsight-Popup-Erweiterung hat jeder die M\u00f6glichkeit, seine benutzerdefinierten Popups jeglicher Art zu erstellen und diese zu integrieren auf Ihrer Magento-Website. Gestalten Sie ein personalisiertes Pop-up mit einer Vielzahl integrierter Elemente. \u00c4ndern Sie die Benutzeroberfl\u00e4che und die Zusammensetzung. W\u00e4hlen Sie den \u00d6ffnungsausl\u00f6ser und bestimmen Sie den Zeitpunkt, um die Wirksamkeit zu steigern. Mithilfe von Pop-ups k\u00f6nnen Besucher E-Mails abonnieren, Ihre Angebote entdecken, Rabattgutscheine kopieren, Sonderangebote und Sonderangebote nutzen, \u00fcber wichtige Ereignisse auf Ihrer Website informiert werden und vieles mehr. Sie k\u00f6nnen beispielsweise das Magento-Best\u00e4tigungs-Popup verwenden, nachdem ein Benutzer etwas auf Ihrer Website gekauft und einen Artikel gekauft hat.<\/p><p><b>Pop-ups erm\u00f6glichen einen effektiveren Verkauf, die Ank\u00fcndigung geplanter Aktivit\u00e4ten sowie das Sammeln von Impressionen und Leads , und vieles mehr. <\/b><\/p> <\/div><div class=\"faq\" data-component=\"FAQ\"><div class=\"faq-item\">\r\n\t\t\t\t\t<div class=\"faq-item-question\">\r\n\t\t\t\t\t\t<h3 class=\"faq-item-question-text\">Wie bette ich ein Popup in die Magento-Website ein? <\/h3>\r\n\r\n\t\t\t\t\t\t<div class=\"faq-item-question-icon\"><\/div>\r\n\t\t\t\t\t<\/div>\r\n\r\n\t\t\t\t\t<div class=\"faq-item-answer\">\r\n\t\t\t\t\t\t<div class=\"faq-item-answer-text\"><p>Die Erstellung von Das Widget findet auf den Elfsight-Seiten statt und es ist kein Code erforderlich. Nutzen Sie unsere Online-Demo, um Ihr pers\u00f6nliches Widget anzupassen, den Code zu erwerben und ihn in Ihre Website einzuf\u00fcgen. <\/p><\/div>\r\n\t\t\t\t\t<\/div>\r\n\t\t\t\t<\/div><div class=\"faq-item\">\r\n\t\t\t\t\t<div class=\"faq-item-question\">\r\n\t\t\t\t\t\t<h3 class=\"faq-item-question-text\">Die besten Anwendungsbeispiele f\u00fcr die Popup-Banner-Integration<\/h3>\r\n\r\n\t\t\t\t\t\t<div class=\"faq-item-question-icon\"><\/div>\r\n\t\t\t\t\t<\/div>\r\n\r\n\t\t\t\t\t<div class=\"faq-item-answer\">\r\n\t\t\t\t\t\t<div class=\"faq-item-answer-text\"><p>Wir stellen Ihnen zahlreiche Personalisierungsoptionen zur Verf\u00fcgung: Widgets in voller L\u00e4nge zum Hinzuf\u00fcgen von Inhalten Bereich, schwebende Plugins f\u00fcr die Scrollfunktion, Miniaturansichten f\u00fcr die Fu\u00dfzeile, den Kopfbereich und alle m\u00f6glichen vertikalen M\u00f6glichkeiten f\u00fcr Seitenleisten und Men\u00fcs. <\/p><\/div>\r\n\t\t\t\t\t<\/div>\r\n\t\t\t\t<\/div><div class=\"faq-item\">\r\n\t\t\t\t\t<div class=\"faq-item-question\">\r\n\t\t\t\t\t\t<h3 class=\"faq-item-question-text\">Darf ich ein Magento-Newsletter-Popup \u00fcber den Editor erstellen? <\/h3>\r\n\r\n\t\t\t\t\t\t<div class=\"faq-item-question-icon\"><\/div>\r\n\t\t\t\t\t<\/div>\r\n\r\n\t\t\t\t\t<div class=\"faq-item-answer\">\r\n\t\t\t\t\t\t<div class=\"faq-item-answer-text\"><p>Es steht Ihnen frei, \u00c4nderungen an jedem Widget vorzunehmen. Gehen Sie einfach zum Abschnitt \u201eVorlagen\u201c, suchen Sie sich dort ein Newsletter-Design aus, passen Sie es leicht an und installieren Sie es auf einer Magento-Website. Es gibt eine Vielzahl von Layouts im Editor, einschlie\u00dflich der kostenlosen Magento Newsletter Popup-Erweiterung. Alle k\u00f6nnen schnell und nach Bedarf personalisiert werden. <\/p><\/div>\r\n\t\t\t\t\t<\/div>\r\n\t\t\t\t<\/div><\/div><div class=\"application-platform-content-item-features application-platform-content-item\" id=\"features\" data-nav-section=\"features\"> <h2>Hauptfunktionen der Popup-Erweiterung<\/h2> <p>Hier sehen Sie alle Funktionen des Widgets. Sie sind direkt im Editor verf\u00fcgbar und helfen Ihnen dabei, das f\u00fcr Ihre Bed\u00fcrfnisse am besten geeignete Newsletter-Widget zu erstellen.<\/p> <ul><li>Zahlreiche vorgefertigte Vorlagen: Magento-Best\u00e4tigungs-Popup, Newsletter, Black Friday und so weiter .<\/li> <li>12 verschiedene Elemente zum Erstellen eines Popups<\/li> <li>5 fertige Popup-Layouts f\u00fcr verschiedene F\u00e4lle<\/li> <li>Einbetten von Schaltfl\u00e4chen zur Weiterleitung an eine beliebige Adresse<\/li> <li>Laden Sie ein Bild f\u00fcr den Hintergrund hoch<\/li> <li>Das Popup kann nach einer bestimmten Zeit auf der Seite oder nach der Scrolldauer aktiviert werden.<\/li> <li>Das Popup kann durch Klicken auf das ausgew\u00e4hlte Element oder Herunterscrollen ausgel\u00f6st werden it<\/li> <\/ul> <p><a href=\"#demo\">\u00dcberpr\u00fcfen Sie in unserer Demo, wie alle Funktionen funktionieren<\/a><\/p> <\/div><div class=\"application-platform-content-item-installation application-platform-content-item\" id=\"installation\" data-nav-section=\"installation\"><h2>Wie f\u00fcge ich Popup zu meiner Magento-Website hinzu?<\/h2> <p>F\u00fchren Sie einfach die unten beschriebenen Schritte aus, um das Widget in Magento einzubetten.<\/p> <ol><li><b>Starten Nutzen Sie unsere kostenlose Demo und beginnen Sie mit der Erstellung Ihrer individuellen Erweiterung. <\/b><br> Finden Sie die gew\u00fcnschte Form und Spezifikationen der Erweiterung und speichern Sie die Korrekturen. <\/li> <li><b>Kopieren Sie Ihren individuellen Code, der im Fenster von Elfsight Apps angezeigt wird. <\/b><br> Sobald die Einrichtung Ihres Tools abgeschlossen ist, kopieren Sie den exklusiven Code im erscheinenden Popup und speichern Sie ihn f\u00fcr zuk\u00fcnftige Gelegenheiten. <\/li> <li><b>Erste Schritte mit der Verwendung der Popup-Erweiterung auf Ihrer Magento-Site. <\/b><br> Platzieren Sie den Code, den Sie k\u00fcrzlich kopiert haben, auf Ihrer Seite und \u00fcbernehmen Sie die Anpassungen. <\/li> <li><b>Das Setup wurde erfolgreich abgeschlossen. <\/b><br> Besuchen Sie Ihre Magento-Site, um einen Blick auf die Leistung des Widgets zu werfen. <\/li><\/ol><p>Z\u00f6gern Sie nicht, sich an den Kundendienst von Elfsight zu wenden, wenn Sie Rat bei der Installation auf Magento ben\u00f6tigen. Wir helfen Ihnen bei jeder Anfrage weiter.<\/p> <\/div>","protected":false},"excerpt":{"rendered":"","protected":false},"author":9,"featured_media":0,"parent":557,"menu_order":0,"comment_status":"closed","ping_status":"closed","template":"templates\/template-application-platform.php","meta":{"publish_to_discourse":"","publish_post_category":"","wpdc_auto_publish_overridden":"","wpdc_topic_tags":"","wpdc_pin_topic":"","wpdc_pin_until":"","discourse_post_id":"","discourse_permalink":"","wpdc_publishing_response":"","wpdc_publishing_error":"","footnotes":""},"class_list":["post-17650","page","type-page","status-publish","hentry"],"yoast_head":"<!-- This site is optimized with the Yoast SEO plugin v25.3.1 - https:\/\/yoast.com\/wordpress\/plugins\/seo\/ -->\n<title>F\u00fcgen Sie einer Magento-Website kostenlos eine Popup-Erweiterung hinzu<\/title>\n<meta name=\"description\" content=\"Erstellen Sie ein Popup auf Magento ohne Codierung!\" \/>\n<meta name=\"robots\" content=\"index, follow, max-snippet:-1, max-image-preview:large, max-video-preview:-1\" \/>\n<link rel=\"canonical\" href=\"https:\/\/elfsight.com\/de\/popup-widget\/magento\/\" \/>\n<meta property=\"og:locale\" content=\"de_DE\" \/>\n<meta property=\"og:type\" content=\"article\" \/>\n<meta property=\"og:title\" content=\"F\u00fcgen Sie einer Magento-Website kostenlos eine Popup-Erweiterung hinzu\" \/>\n<meta property=\"og:description\" content=\"Erstellen Sie ein Popup auf Magento ohne Codierung!\" \/>\n<meta property=\"og:url\" content=\"https:\/\/elfsight.com\/de\/popup-widget\/magento\/\" \/>\n<meta property=\"og:site_name\" content=\"Elfsight DE\" \/>\n<meta property=\"article:modified_time\" content=\"2025-07-09T14:15:22+00:00\" \/>\n<meta name=\"twitter:card\" content=\"summary_large_image\" \/>\n<meta name=\"twitter:label1\" content=\"Gesch\u00e4tzte Lesezeit\" \/>\n\t<meta name=\"twitter:data1\" content=\"3\u00a0Minuten\" \/>\n<!-- \/ Yoast SEO plugin. -->","yoast_head_json":{"title":"F\u00fcgen Sie einer Magento-Website kostenlos eine Popup-Erweiterung hinzu","description":"Erstellen Sie ein Popup auf Magento ohne Codierung!","robots":{"index":"index","follow":"follow","max-snippet":"max-snippet:-1","max-image-preview":"max-image-preview:large","max-video-preview":"max-video-preview:-1"},"canonical":"https:\/\/elfsight.com\/de\/popup-widget\/magento\/","og_locale":"de_DE","og_type":"article","og_title":"F\u00fcgen Sie einer Magento-Website kostenlos eine Popup-Erweiterung hinzu","og_description":"Erstellen Sie ein Popup auf Magento ohne Codierung!","og_url":"https:\/\/elfsight.com\/de\/popup-widget\/magento\/","og_site_name":"Elfsight DE","article_modified_time":"2025-07-09T14:15:22+00:00","twitter_card":"summary_large_image","twitter_misc":{"Gesch\u00e4tzte Lesezeit":"3\u00a0Minuten"},"schema":{"@context":"https:\/\/schema.org","@graph":[{"@type":"WebPage","@id":"https:\/\/elfsight.com\/de\/popup-widget\/magento\/","url":"https:\/\/elfsight.com\/de\/popup-widget\/magento\/","name":"F\u00fcgen Sie einer Magento-Website kostenlos eine Popup-Erweiterung hinzu","isPartOf":{"@id":"https:\/\/elfsight.com\/de\/#website"},"datePublished":"1970-01-01T00:00:00+00:00","dateModified":"2025-07-09T14:15:22+00:00","description":"Erstellen Sie ein Popup auf Magento ohne Codierung!","breadcrumb":{"@id":"https:\/\/elfsight.com\/de\/popup-widget\/magento\/#breadcrumb"},"inLanguage":"de","potentialAction":[{"@type":"ReadAction","target":["https:\/\/elfsight.com\/de\/popup-widget\/magento\/"]}]},{"@type":"BreadcrumbList","@id":"https:\/\/elfsight.com\/de\/popup-widget\/magento\/#breadcrumb","itemListElement":[{"@type":"ListItem","position":1,"name":"Home","item":"https:\/\/elfsight.com\/de\/"},{"@type":"ListItem","position":2,"name":"Popup","item":"https:\/\/elfsight.com\/de\/popup-widget\/"},{"@type":"ListItem","position":3,"name":"Popup &#8211; Magento"}]},{"@type":"WebSite","@id":"https:\/\/elfsight.com\/de\/#website","url":"https:\/\/elfsight.com\/de\/","name":"Elfsight DE","description":"Just another Elfsight Sites site","potentialAction":[{"@type":"SearchAction","target":{"@type":"EntryPoint","urlTemplate":"https:\/\/elfsight.com\/de\/?s={search_term_string}"},"query-input":{"@type":"PropertyValueSpecification","valueRequired":true,"valueName":"search_term_string"}}],"inLanguage":"de"}]}},"meta_box":{"industry":"","seo_heading":"","heading":"","description":"","cta_heading":"","cta_description":"","application":"493","h1":"Magento Popup-Erweiterung","h1_caption":"Zeigen Sie Popups an, um die Aufmerksamkeit der Besucher zu erregen, Angebote zu bewerben oder Leads zu sammeln, ohne das Website-Erlebnis auf Ihrer Magento-Website zu unterbrechen.","application_category":[],"applications_title":"","applications_request_title":"","applications_request_button_text":"","hero_text":"","hero_video":"","hero_video_schema_markup":"","selling_points_title":"","selling_points_caption":"","selling_points":[],"selling_points_cta_text":"","features_title":"","features":"","ed_cta_examples_text":"","ed_cta_examples_hidden":"","ed_cta_demo_text":"","ed_cta_demo_hidden":"","why_caption":"","why_editor_title":"","why_editor_text":"","why_team_title":"","why_team_text":"","why_service_title":"","why_service_text":"","template_catalog_visible":"","template_catalog_title":"","template_catalog_text":"","template_catalog_categories_visible":"","demo_title":"Erstellen Sie Ihre Popup-Erweiterung","demo_caption":"Konfigurieren Sie Ihr Popup und f\u00fcgen Sie es kostenlos zu Ihrer Magento-Website hinzu!","default_faq_hidden":"","app_template_category":[],"platform":"256","template_public_id":"","codecanyon_url":"","codecanyon_item_id":"","codecanyon_price":"","pricing_caption":"","pricing_elfsight_apps_hide_column":"","pricing_elfsight_apps_url":"","pricing_codecanyon_price_caption":"","integration_category":[],"integration_request_title":"","integration_request_cta":"","integration_platform":"","integrations":[],"platform_category":[],"video_schema_markup":"","price":"ab 0 $ \/ Monat","trial":"","benefits":[{"text":"Kostenlose Installationshilfe"},{"text":"Erfahrener Kundensupport"},{"text":"14-t\u00e4gige R\u00fcckerstattungsgarantie"},{"text":"Laufende kostenlose Verbesserungen"}],"button_url":"#demo","button_target_blank":"","button_nofollow":"","attributes":[{"name":"Installiert","content":"100,000 - 500,000"},{"name":"Reaktionsfreudig","content":"Ja"},{"name":"Kompatible Browser","content":"Firefox, Safari, Opera, Chrome, Edge"}],"tags":[],"tags_disable_links":"","hide_more_platforms":"","video_object":"","demo_hide_cta":"","demo_hide_cloud_options":"","pricing_title":"","pricing":[{"pricing_icon":"platform","pricing_title":"Elfsight Apps","pricing_title_caption":"Plattform\u00fcbergreifende digitale L\u00f6sung, die f\u00fcr jeden Standort geeignet ist","pricing_price":"ab 0 $ \/ Monat","pricing_price_caption":"Beginnen Sie mit einem kostenlosen Plan","pricing_benefits":[{"text":"Unbegrenzte Websites"},{"text":"Professionelle und p\u00fcnktliche Unterst\u00fctzung und gut dokumentiert"},{"text":"Kostenlose Installationsunterst\u00fctzung"},{"text":"Vollst\u00e4ndig anpassbar"}],"pricing_button_text":"Zur Website hinzuf\u00fcgen","pricing_button_url":"#demo"}],"related_apps_title":"","related_apps_hidden":"","author":"","image":[],"title":"","job":"","social_networks":[]},"_links":{"self":[{"href":"https:\/\/elfsight.com\/de\/wp-json\/wp\/v2\/pages\/17650","targetHints":{"allow":["GET"]}}],"collection":[{"href":"https:\/\/elfsight.com\/de\/wp-json\/wp\/v2\/pages"}],"about":[{"href":"https:\/\/elfsight.com\/de\/wp-json\/wp\/v2\/types\/page"}],"author":[{"embeddable":true,"href":"https:\/\/elfsight.com\/de\/wp-json\/wp\/v2\/users\/9"}],"replies":[{"embeddable":true,"href":"https:\/\/elfsight.com\/de\/wp-json\/wp\/v2\/comments?post=17650"}],"version-history":[{"count":2,"href":"https:\/\/elfsight.com\/de\/wp-json\/wp\/v2\/pages\/17650\/revisions"}],"predecessor-version":[{"id":21757,"href":"https:\/\/elfsight.com\/de\/wp-json\/wp\/v2\/pages\/17650\/revisions\/21757"}],"up":[{"embeddable":true,"href":"https:\/\/elfsight.com\/de\/wp-json\/wp\/v2\/pages\/557"}],"wp:attachment":[{"href":"https:\/\/elfsight.com\/de\/wp-json\/wp\/v2\/media?parent=17650"}],"curies":[{"name":"wp","href":"https:\/\/api.w.org\/{rel}","templated":true}]}}