{"id":17649,"date":"1970-01-01T00:00:00","date_gmt":"1970-01-01T00:00:00","guid":{"rendered":"https:\/\/elfsight.com\/de\/?page_id=17649"},"modified":"2026-01-28T14:50:52","modified_gmt":"2026-01-28T14:50:52","slug":"html","status":"publish","type":"page","link":"https:\/\/elfsight.com\/de\/popup-widget\/html\/","title":{"rendered":"Popup &#8211; HTML"},"content":{"rendered":"<div class=\"application-platform-content-item-description application-platform-content-item\" id=\"description\" data-nav-section=\"description\"> <h2>Beschreibung<\/h2> <p>Mit dem Elfsight-Popup-Widget k\u00f6nnen Sie Ihre eigenen benutzerdefinierten Popups f\u00fcr jede Aufgabe entwerfen und diese anzeigen der Standort. Konfigurieren Sie ein authentisches Popup und f\u00fcgen Sie verschiedene enthaltene Komponenten hinzu. \u00c4ndern Sie das Layout und die Position. Wenden Sie einen aktivierenden Ausl\u00f6ser an und finden Sie die richtige Frequenz, um eine h\u00f6here Popup-Wirksamkeit zu erzielen. \u00dcber Popups k\u00f6nnen Besucher den Mailout abonnieren, mehr \u00fcber Ihre Angebote erfahren und ihre Gutscheine verwenden. Das Popup-Feld kann dabei helfen, an Ausverk\u00e4ufen und Sonderangeboten teilzunehmen, \u00fcber wichtige Ereignisse auf Ihrer Website informiert zu bleiben und vieles mehr.<\/p> <p><b>Popups helfen Ihnen dabei, besser zu verkaufen, geplante Anl\u00e4sse zu bewerben und Feedback zu sammeln und Leads und vieles mehr.<\/b><\/p> <\/div><div class=\"faq\" data-component=\"FAQ\"><div class=\"faq-item\">\r\n\t\t\t\t\t<div class=\"faq-item-question\">\r\n\t\t\t\t\t\t<h3 class=\"faq-item-question-text\">Wie kann ich meiner HTML-Website ein Popup hinzuf\u00fcgen? <\/h3>\r\n\r\n\t\t\t\t\t\t<div class=\"faq-item-question-icon\"><\/div>\r\n\t\t\t\t\t<\/div>\r\n\r\n\t\t\t\t\t<div class=\"faq-item-answer\">\r\n\t\t\t\t\t\t<div class=\"faq-item-answer-text\"> <p>Der Aufbau des Widgets erfolgt auf den Elfsight-Seiten und es ist nicht erforderlich, das Programmieren zu erlernen. Besuchen Sie unsere Online-Demo, um Ihr pers\u00f6nliches Popup-Fenster zu gestalten, holen Sie sich den Code und f\u00fcgen Sie ihn in Ihre Website ein. <\/p><\/div>\r\n\t\t\t\t\t<\/div>\r\n\t\t\t\t<\/div><div class=\"faq-item\">\r\n\t\t\t\t\t<div class=\"faq-item-question\">\r\n\t\t\t\t\t\t<h3 class=\"faq-item-question-text\">Die besten M\u00f6glichkeiten zur Verwendung der Pop-up-Integration<\/h3>\r\n\r\n\t\t\t\t\t\t<div class=\"faq-item-question-icon\"><\/div>\r\n\t\t\t\t\t<\/div>\r\n\r\n\t\t\t\t\t<div class=\"faq-item-answer\">\r\n\t\t\t\t\t\t<div class=\"faq-item-answer-text\"><p>Wir gew\u00e4hren Ihnen zahlreiche Anpassungsm\u00f6glichkeiten: Widgets in voller Gr\u00f6\u00dfe zum Einbetten in den Inhalt Abschnitt, schwebende Widgets mit Scrollfunktion. Au\u00dferdem finden Sie HTML-Popup-Formularlayouts f\u00fcr die Fu\u00dfzeile Ihrer Website, die Kopfzeile und alle m\u00f6glichen vertikalen Optionen f\u00fcr Seitenleisten und Men\u00fcs. <\/p><\/div>\r\n\t\t\t\t\t<\/div>\r\n\t\t\t\t<\/div><div class=\"faq-item\">\r\n\t\t\t\t\t<div class=\"faq-item-question\">\r\n\t\t\t\t\t\t<h3 class=\"faq-item-question-text\">Darf ich \u00fcber Ihren Editor einen Newsletter oder ein Sonderangebots-Popup erstellen?<\/h3>\r\n\r\n\t\t\t\t\t\t<div class=\"faq-item-question-icon\"><\/div>\r\n\t\t\t\t\t<\/div>\r\n\r\n\t\t\t\t\t<div class=\"faq-item-answer\">\r\n\t\t\t\t\t\t<div class=\"faq-item-answer-text\"><p>Sie k\u00f6nnen gerne \u00c4nderungen an allen Widgets vornehmen. Es gibt eine Vielzahl von Layouts f\u00fcr eine HTML-Popup-Nachricht im Editor, und alle k\u00f6nnen ganz einfach an Ihre Bed\u00fcrfnisse angepasst werden. <\/p><\/div>\r\n\t\t\t\t\t<\/div>\r\n\t\t\t\t<\/div><\/div><div class=\"application-platform-content-item-features application-platform-content-item\" id=\"features\" data-nav-section=\"features\"> <h2>Hauptfunktionen des Popup-Widgets<\/h2><p>\u00dcberpr\u00fcfen Sie alle Funktionsmerkmale des Widgets. Sie k\u00f6nnen sie direkt im Editor verwalten. Diese Funktionen helfen Ihnen, das HTML-Popup-Fenster genau f\u00fcr Ihren Anwendungsfall zu erstellen.<\/p> <ul><li>12 enthaltene Elemente zum Konfigurieren eines Popups<\/li> <li>5 gebrauchsfertige Popup-Layouts f\u00fcr verschiedene Popup-Nachrichten<\/li> <li>Platzieren Sie Schaltfl\u00e4chen zum Weiterleiten an eine beliebige Adresse;<\/li> <li>Laden Sie ein Bild f\u00fcr den Hintergrund hoch<\/li> <li>Erstellen Sie ein HTML-Popup mit Text und passen Sie es an<\/li><li>Pop-up kann nach einer festgelegten Verweildauer auf der Seite oder einem festgelegten Scroll-Prozentsatz aktiviert werden<\/li> <li>Pop-up-Ausl\u00f6ser: Klicken auf ein bestimmtes Element oder Herunterscrollen zu diesem Element<\/li><\/ul> <p><a href=\"#demo\">Sie k\u00f6nnen alle Funktionen des Widgets direkt in der Demo testen<\/a><\/p> <\/div><div class=\"application-platform-content-item-installation application-platform-content-item\" id=\"installation\" data-nav-section=\"installation\"><h2>Wie bette ich Popup-Code ein? HTML-Website?<\/h2> <div class=\"video-container\"><iframe width=\"720\" height=\"405\" src=\"https:\/\/www.youtube.com\/embed\/Twi9jv_okBk?si=_oH7aaR49oOBZuWH\" frameborder=\"0\" allowfullscreen>\n<\/iframe>\n<\/div><p>Um das Widget einzubetten, folgen Sie einfach den Anweisungen unten<\/p> <ol><li><b>Erstellen Sie Ihr einzigartiges Popup-Feld <\/b><br> Verwalten Sie unseren kostenlosen Konfigurator und richten Sie ein Plugin mit Ihrem bevorzugten Design und Ihren bevorzugten Funktionen ein. Sie k\u00f6nnen dem Popup jede Art von Inhalt hinzuf\u00fcgen: Bilder, Videos, Gutscheine oder Texte. <\/li><li><b>Kopieren Sie den pers\u00f6nlichen Code, um das Widget hinzuzuf\u00fcgen<\/b><br> Nachdem Sie Ihr Plugin erstellt haben, erhalten Sie den Installationscode auf Elfsight Apps. Kopieren Sie den Code zur sp\u00e4teren Verwendung.<\/li> <li><b>Integrieren Sie das Widget in Ihre HTML-Website<\/b><br> Suchen Sie die Seite, auf der Sie das Plugin anzeigen m\u00f6chten, und f\u00fcgen Sie dort den HTML-Popup-Code ein. \u00dcbernehmen Sie die \u00c4nderungen. Denken Sie daran, dass Sie das Widget so einstellen k\u00f6nnen, dass es einen HTML-Link in einem Popup \u00f6ffnet.<\/li> <li><b>Sie haben die Installation eines Popup-Formulars vollst\u00e4ndig abgeschlossen<\/b><br> Gehen Sie zur Webseite, um einen zu erstellen Schauen Sie sich Ihr Popup an.<\/li> <\/ol><p>Z\u00f6gern Sie nicht, mit einem HTML-Popup-Feld dem Support-Service mitzuteilen, wenn Sie Rat ben\u00f6tigen. Unsere Spezialisten helfen Ihnen bei jeder Anfrage weiter.<\/p> <\/div>","protected":false},"excerpt":{"rendered":"","protected":false},"author":9,"featured_media":0,"parent":557,"menu_order":0,"comment_status":"closed","ping_status":"closed","template":"templates\/template-application-platform.php","meta":{"publish_to_discourse":"","publish_post_category":"","wpdc_auto_publish_overridden":"","wpdc_topic_tags":"","wpdc_pin_topic":"","wpdc_pin_until":"","discourse_post_id":"","discourse_permalink":"","wpdc_publishing_response":"","wpdc_publishing_error":"","footnotes":""},"class_list":["post-17649","page","type-page","status-publish","hentry"],"yoast_head":"<!-- This site is optimized with the Yoast SEO plugin v25.3.1 - https:\/\/yoast.com\/wordpress\/plugins\/seo\/ -->\n<title>F\u00fcgen Sie ein Popup-Widget zum HTML einer Website hinzu<\/title>\n<meta name=\"description\" content=\"Erstellen Sie ein Popup f\u00fcr HTML ohne Codierung!\" \/>\n<meta name=\"robots\" content=\"index, follow, max-snippet:-1, max-image-preview:large, max-video-preview:-1\" \/>\n<link rel=\"canonical\" href=\"https:\/\/elfsight.com\/de\/popup-widget\/html\/\" \/>\n<meta property=\"og:locale\" content=\"de_DE\" \/>\n<meta property=\"og:type\" content=\"article\" \/>\n<meta property=\"og:title\" content=\"F\u00fcgen Sie ein Popup-Widget zum HTML einer Website hinzu\" \/>\n<meta property=\"og:description\" content=\"Erstellen Sie ein Popup f\u00fcr HTML ohne Codierung!\" \/>\n<meta property=\"og:url\" content=\"https:\/\/elfsight.com\/de\/popup-widget\/html\/\" \/>\n<meta property=\"og:site_name\" content=\"Elfsight DE\" \/>\n<meta property=\"article:modified_time\" content=\"2026-01-28T14:50:52+00:00\" \/>\n<meta name=\"twitter:card\" content=\"summary_large_image\" \/>\n<meta name=\"twitter:label1\" content=\"Gesch\u00e4tzte Lesezeit\" \/>\n\t<meta name=\"twitter:data1\" content=\"4\u00a0Minuten\" \/>\n<!-- \/ Yoast SEO plugin. -->","yoast_head_json":{"title":"F\u00fcgen Sie ein Popup-Widget zum HTML einer Website hinzu","description":"Erstellen Sie ein Popup f\u00fcr HTML ohne Codierung!","robots":{"index":"index","follow":"follow","max-snippet":"max-snippet:-1","max-image-preview":"max-image-preview:large","max-video-preview":"max-video-preview:-1"},"canonical":"https:\/\/elfsight.com\/de\/popup-widget\/html\/","og_locale":"de_DE","og_type":"article","og_title":"F\u00fcgen Sie ein Popup-Widget zum HTML einer Website hinzu","og_description":"Erstellen Sie ein Popup f\u00fcr HTML ohne Codierung!","og_url":"https:\/\/elfsight.com\/de\/popup-widget\/html\/","og_site_name":"Elfsight DE","article_modified_time":"2026-01-28T14:50:52+00:00","twitter_card":"summary_large_image","twitter_misc":{"Gesch\u00e4tzte Lesezeit":"4\u00a0Minuten"},"schema":{"@context":"https:\/\/schema.org","@graph":[{"@type":"WebPage","@id":"https:\/\/elfsight.com\/de\/popup-widget\/html\/","url":"https:\/\/elfsight.com\/de\/popup-widget\/html\/","name":"F\u00fcgen Sie ein Popup-Widget zum HTML einer Website hinzu","isPartOf":{"@id":"https:\/\/elfsight.com\/de\/#website"},"datePublished":"1970-01-01T00:00:00+00:00","dateModified":"2026-01-28T14:50:52+00:00","description":"Erstellen Sie ein Popup f\u00fcr HTML ohne Codierung!","breadcrumb":{"@id":"https:\/\/elfsight.com\/de\/popup-widget\/html\/#breadcrumb"},"inLanguage":"de","potentialAction":[{"@type":"ReadAction","target":["https:\/\/elfsight.com\/de\/popup-widget\/html\/"]}]},{"@type":"BreadcrumbList","@id":"https:\/\/elfsight.com\/de\/popup-widget\/html\/#breadcrumb","itemListElement":[{"@type":"ListItem","position":1,"name":"Home","item":"https:\/\/elfsight.com\/de\/"},{"@type":"ListItem","position":2,"name":"Popup","item":"https:\/\/elfsight.com\/de\/popup-widget\/"},{"@type":"ListItem","position":3,"name":"Popup &#8211; HTML"}]},{"@type":"WebSite","@id":"https:\/\/elfsight.com\/de\/#website","url":"https:\/\/elfsight.com\/de\/","name":"Elfsight DE","description":"Just another Elfsight Sites site","potentialAction":[{"@type":"SearchAction","target":{"@type":"EntryPoint","urlTemplate":"https:\/\/elfsight.com\/de\/?s={search_term_string}"},"query-input":{"@type":"PropertyValueSpecification","valueRequired":true,"valueName":"search_term_string"}}],"inLanguage":"de"}]}},"meta_box":{"industry":"","seo_heading":"","heading":"","description":"","cta_heading":"","cta_description":"","application":"493","h1":"HTML-Popup-Code","h1_caption":"Zeigen Sie m\u00fchelos Popups an, um die Aufmerksamkeit der Besucher zu erregen, Angebote zu bewerben oder Leads zu sammeln, ohne das Website-Erlebnis zu unterbrechen.","application_category":[],"applications_title":"","applications_request_title":"","applications_request_button_text":"","hero_text":"","hero_video":"","hero_video_schema_markup":"","selling_points_title":"","selling_points_caption":"","selling_points":[],"selling_points_cta_text":"","features_title":"","features":"","ed_cta_examples_text":"","ed_cta_examples_hidden":"","ed_cta_demo_text":"","ed_cta_demo_hidden":"","why_caption":"","why_editor_title":"","why_editor_text":"","why_team_title":"","why_team_text":"","why_service_title":"","why_service_text":"","template_catalog_visible":"0","template_catalog_title":"","template_catalog_text":"","template_catalog_categories_visible":"","demo_title":"Erstellen Sie Ihr Popup-Widget","demo_caption":"Konfigurieren Sie Ihr Popup und f\u00fcgen Sie es kostenlos zu Ihrer HTML-Website hinzu!","default_faq_hidden":"","app_template_category":[],"platform":"260","template_public_id":"","codecanyon_url":"","codecanyon_item_id":"","codecanyon_price":"","pricing_caption":"","pricing_elfsight_apps_hide_column":"","pricing_elfsight_apps_url":"","pricing_codecanyon_price_caption":"","integration_category":[],"integration_request_title":"","integration_request_cta":"","integration_platform":"","integrations":[],"platform_category":[],"video_schema_markup":"","price":"ab 0 $ \/ Monat","trial":"","benefits":[{"text":"Kostenloser Installationsservice"},{"text":"Effektiver Kundensupport"},{"text":"14-t\u00e4gige Geld-zur\u00fcck-Garantie"},{"text":"Lebenslange Updates"}],"button_url":"#demo","button_target_blank":"0","button_nofollow":"0","attributes":[{"name":"Installiert","content":"100,000 - 500,000"},{"name":"Reaktionsfreudig","content":"Ja"},{"name":"Kompatible Browser","content":"Firefox, Safari, Opera, Chrome, Edge"}],"tags":[],"tags_disable_links":"0","hide_more_platforms":"0","video_object":"","demo_hide_cta":"0","demo_hide_cloud_options":"0","pricing_title":"","pricing":[{"pricing_icon":"platform","pricing_title":"Elfsight Apps","pricing_title_caption":"Multiplattform-L\u00f6sung","pricing_price":"ab 0 $ \/ Monat","pricing_price_caption":"Beginnen Sie mit einem kostenlosen Plan","pricing_benefits":[{"text":"Unbegrenzte Domains"},{"text":"Kostenloser und p\u00fcnktlicher Support und gut dokumentiert"},{"text":"Kostenloser Installationsservice"},{"text":"Zeitlich begrenztes Angebot f\u00fcr mehrere Apps"}],"pricing_button_text":"Zur Website hinzuf\u00fcgen","pricing_button_url":"#demo"}],"related_apps_title":"","related_apps_hidden":"0","author":"","image":[],"title":"","job":"","social_networks":[]},"_links":{"self":[{"href":"https:\/\/elfsight.com\/de\/wp-json\/wp\/v2\/pages\/17649","targetHints":{"allow":["GET"]}}],"collection":[{"href":"https:\/\/elfsight.com\/de\/wp-json\/wp\/v2\/pages"}],"about":[{"href":"https:\/\/elfsight.com\/de\/wp-json\/wp\/v2\/types\/page"}],"author":[{"embeddable":true,"href":"https:\/\/elfsight.com\/de\/wp-json\/wp\/v2\/users\/9"}],"replies":[{"embeddable":true,"href":"https:\/\/elfsight.com\/de\/wp-json\/wp\/v2\/comments?post=17649"}],"version-history":[{"count":4,"href":"https:\/\/elfsight.com\/de\/wp-json\/wp\/v2\/pages\/17649\/revisions"}],"predecessor-version":[{"id":25615,"href":"https:\/\/elfsight.com\/de\/wp-json\/wp\/v2\/pages\/17649\/revisions\/25615"}],"up":[{"embeddable":true,"href":"https:\/\/elfsight.com\/de\/wp-json\/wp\/v2\/pages\/557"}],"wp:attachment":[{"href":"https:\/\/elfsight.com\/de\/wp-json\/wp\/v2\/media?parent=17649"}],"curies":[{"name":"wp","href":"https:\/\/api.w.org\/{rel}","templated":true}]}}